{"id":184853,"date":"2023-03-24T18:26:18","date_gmt":"2023-03-24T18:26:18","guid":{"rendered":"https:\/\/gpdstore.net\/nekategorizirano\/prenosni-kovcek-gpd-micro-pc\/"},"modified":"2025-12-23T10:33:07","modified_gmt":"2025-12-23T10:33:07","slug":"gpd-micro-pc-carry-case","status":"publish","type":"product","link":"https:\/\/gpdstore.net\/sl\/product\/gpd-micro-pc-carry-case\/","title":{"rendered":"Prenosni kov\u010dek GPD Micro PC"},"content":{"rendered":"\n<p>I\u0161\u010dete prakti\u010den in eleganten na\u010din prena\u0161anja naprav GPD? Ni\u010d ve\u010d ne i\u0161\u010dite drugega kot kov\u010dek GPD Micro PC Carry Case! Ta prostoren kov\u010dek je zasnovan posebej za va\u0161 ra\u010dunalnik GPD XD Plus, GPD WIN 2 ali GPD Micro PC, v njem pa je \u0161e veliko prostora za vso dodatno opremo. Zaradi prilo\u017eenega traku lahko naprave GPD preprosto vzamete s seboj na pot, medtem ko vam vsakdanja, a elegantna oblika zagotavlja, da ga boste lahko uporabljali vsak dan. Ta etui je izdelan iz visokokakovostnih materialov in zagotavlja vrhunsko za\u0161\u010dito pred praskami, udarci in drugimi zunanjimi po\u0161kodbami. S torbico GPD Micro PC Carry Case poskrbite, da bodo va\u0161e naprave GPD varne in za\u0161\u010ditene.     <\/p>\n","protected":false},"excerpt":{"rendered":"<ul>\n<li>Uradni izdelek GPD<\/li>\n<li>Odli\u010dno za GPD XD Plus, GPD WIN 2 in GPD Micro PC<\/li>\n<li>Zasnovan s poudarkom na prenosljivosti<\/li>\n<li>Eleganten videz<\/li>\n<\/ul>\n[cg_accordion title=\"INFORMACIJE O PLA\u010cILU\"]<\/p>\n<p>Uporabljamo najnovej\u0161o tehnologijo za obdelavo pla\u010dil, ki vam omogo\u010da, da se na blagajni naro\u010dite prek Apple Pay, Google Pay, debetne\/kreditne kartice, PayPal ali metod BNPL, kot so Klarna, Affirm ali AfterPay, kar zagotavlja hitro in varno izku\u0161njo.[\/cg_accordion]\n[cg_accordion title=\"GARANCIJA\"]<\/p>\n<p>2 leti garancije <a href=\"https:\/\/droix.net\/\" target=\"_blank\" rel=\"nofollow noopener\">DROIX Global za<\/a> va\u0161 mir[\/cg_accordion]\n[cg_accordion title=\"CENE, DAVKI IN PO\u0160ILJANJE\"]<\/p>\n<p><strong><u>Opomba:<\/u><\/strong><\/p>\n<ul>\n<li>Zdru\u017eene dr\u017eave Amerike Kupci: Prikazana cena NE vklju\u010duje davka in dajatev. Odgovornost za carinjenje in pla\u010dilo vseh povezanih davkov\/carin nosi kupec. <\/li>\n<li>Stranke iz EU: Prikazana cena vklju\u010duje veljavni davek, ki lahko zna\u0161a do 25 %, odvisno od va\u0161e dr\u017eave.<\/li>\n<li>Kanada Kupci: Prikazana cena vklju\u010duje veljavne davke, ki lahko vklju\u010dujejo 5 % davek na dodano vrednost (GST) in dodatne pokrajinske davke na prodajo (PST), harmonizirani davek na prodajo (HST) ali davek na prodajo v Quebecu (QST), odvisno od va\u0161e province.<\/li>\n<\/ul>\n<p><strong>Samo za stranke iz EU:<\/strong> Ekspresno DDP (dostavljeno s pla\u010dano dajatvijo). To pomeni: <\/p>\n<ul>\n<li>Vse carine in davki so vklju\u010deni v ceno, prikazano na strani izdelka.<\/li>\n<li>Ob dostavi vam ne bo treba pla\u010dati nobenih dodatnih stro\u0161kov.<\/li>\n<li>V redkih primerih te\u017eav, povezanih s carino, bo na\u0161a ekipa v va\u0161em imenu opravila postopek carinjenja in zagotovila nemoteno dostavo.<\/li>\n<p>Pomembne informacije o vra\u010dilih:<\/p>\n<li>\u010ce se odlo\u010dite vrniti naro\u010dilo ali zahtevate vra\u010dilo, se morate zavedati, da davkov in dajatev, pla\u010danih v va\u0161em imenu pod pogoji DDP, ni mogo\u010de vrniti.<\/li>\n<p>Podrobne informacije <a href=\"https:\/\/gpdstore.net\/sl\/terms-of-service\/\" target=\"_blank\" rel=\"nofollow noopener\">so na voljo v na\u0161ih Pogojih in dolo\u010dilih<\/a>.\n<\/ul>\n<p>[\/cg_accordion]\n[cg_accordion title=\"PODPORA STRANKAM\"]<\/p>\n<p>Imate vpra\u0161anje? Samo kratko besedilo nas lo\u010di od re\u0161itve va\u0161ega vpra\u0161anja!<br \/>\n[\/cg_accordion]\n[cg_accordion title=\"KAJ JE VKLJU\u010cENO\"]<\/p>\n<ul>\n<li>1x ohi\u0161je GPD Micro PC<\/li>\n<\/ul>\n<p>[\/cg_accordion]\n","protected":false},"featured_media":184855,"template":"","meta":{"_acf_changed":false},"product_brand":[],"product_cat":[5386],"product_tag":[18536],"woo-feed-brand":[5638],"class_list":{"0":"post-184853","1":"product","2":"type-product","3":"status-publish","4":"has-post-thumbnail","6":"product_cat-dodatki","7":"product_tag-gpd-micro-pc-accessory-sl","8":"product_shipping_class-low-end","9":"pa_accessory-type-zascitno-ohisje","10":"pa_brand-gpd","11":"woo-feed-brand-gpd-sl","13":"first","14":"outofstock","15":"sale","16":"taxable","17":"shipping-taxable","18":"purchasable","19":"product-type-simple"},"acf":[],"aioseo_notices":[],"_links":{"self":[{"href":"https:\/\/gpdstore.net\/sl\/wp-json\/wp\/v2\/product\/184853","targetHints":{"allow":["GET"]}}],"collection":[{"href":"https:\/\/gpdstore.net\/sl\/wp-json\/wp\/v2\/product"}],"about":[{"href":"https:\/\/gpdstore.net\/sl\/wp-json\/wp\/v2\/types\/product"}],"wp:featuredmedia":[{"embeddable":true,"href":"https:\/\/gpdstore.net\/sl\/wp-json\/wp\/v2\/media\/184855"}],"wp:attachment":[{"href":"https:\/\/gpdstore.net\/sl\/wp-json\/wp\/v2\/media?parent=184853"}],"wp:term":[{"taxonomy":"product_brand","embeddable":true,"href":"https:\/\/gpdstore.net\/sl\/wp-json\/wp\/v2\/product_brand?post=184853"},{"taxonomy":"product_cat","embeddable":true,"href":"https:\/\/gpdstore.net\/sl\/wp-json\/wp\/v2\/product_cat?post=184853"},{"taxonomy":"product_tag","embeddable":true,"href":"https:\/\/gpdstore.net\/sl\/wp-json\/wp\/v2\/product_tag?post=184853"},{"taxonomy":"woo-feed-brand","embeddable":true,"href":"https:\/\/gpdstore.net\/sl\/wp-json\/wp\/v2\/woo-feed-brand?post=184853"}],"curies":[{"name":"wp","href":"https:\/\/api.w.org\/{rel}","templated":true}]}}