{"id":184338,"date":"2023-03-24T18:30:13","date_gmt":"2023-03-24T18:30:13","guid":{"rendered":"https:\/\/gpdstore.net\/nekategorizirano\/zascitno-ohisje-gpd-pocket-2\/"},"modified":"2025-12-23T10:32:56","modified_gmt":"2025-12-23T10:32:56","slug":"gpd-pocket-2-protective-case","status":"publish","type":"product","link":"https:\/\/gpdstore.net\/sl\/product\/gpd-pocket-2-protective-case\/","title":{"rendered":"GPD Pocket 2 Za\u0161\u010ditno ohi\u0161je"},"content":{"rendered":"\n<p>Za\u0161\u010ditno ohi\u0161je GPD Pocket 2 je zasnovano tako, da \u0161\u010diti ultrabook pred praskami, udarci in drugimi zunanjimi po\u0161kodbami. Ta \u010drni etui iz umetnega usnja se popolnoma prilega va\u0161emu GPD Pocket 2 in zagotavlja, da bo va\u0161a naprava na poti ostala varna. Za\u0161\u010ditite svojo nalo\u017ebo s tem visokokakovostnim za\u0161\u010ditnim ovitkom za GPD Pocket 2.  <\/p>\n","protected":false},"excerpt":{"rendered":"<ul>\n<li><strong>Uradni<\/strong> za\u0161\u010ditni etui GPD za GPD Pocket 2<\/li>\n<li><strong>Trpe\u017ena<\/strong> zunanjost iz umetnega usnja<\/li>\n<li>Mehka notranja podloga iz tkanine za <strong>dodatno za\u0161\u010dito<\/strong>.<\/li>\n<\/ul>\n[cg_accordion title=\"INFORMACIJE O PLA\u010cILU\"]<\/p>\n<p>Uporabljamo najnovej\u0161o tehnologijo za obdelavo pla\u010dil, ki vam omogo\u010da, da se na blagajni naro\u010dite prek Apple Pay, Google Pay, debetne\/kreditne kartice, PayPal ali metod BNPL, kot so Klarna, Affirm ali AfterPay, kar zagotavlja hitro in varno izku\u0161njo.[\/cg_accordion]\n[cg_accordion title=\"GARANCIJA\"]<\/p>\n<p>2 leti garancije <a href=\"https:\/\/droix.net\/\" target=\"_blank\" rel=\"nofollow noopener\">DROIX Global<\/a> za va\u0161 mir[\/cg_accordion]\n[cg_accordion title=\"CENE, DAVKI IN PO\u0160ILJANJE\"]<\/p>\n<p><strong><u>Opomba:<\/u><\/strong><\/p>\n<ul>\n<li>Zdru\u017eene dr\u017eave Amerike Kupci: Prikazana cena NE vklju\u010duje davka in dajatev. Odgovornost za carinjenje in pla\u010dilo vseh povezanih davkov\/carin nosi kupec. <\/li>\n<li>Stranke iz EU: Prikazana cena vklju\u010duje veljavni davek, ki lahko zna\u0161a do 25 %, odvisno od va\u0161e dr\u017eave.<\/li>\n<li>Kanada Kupci: Prikazana cena vklju\u010duje veljavne davke, ki lahko vklju\u010dujejo 5 % davek na dodano vrednost (GST) in dodatne pokrajinske davke na prodajo (PST), harmonizirani davek na prodajo (HST) ali davek na prodajo v Quebecu (QST), odvisno od va\u0161e province.<\/li>\n<\/ul>\n<p><strong>Samo za stranke iz EU:<\/strong> Ekspresno DDP (dostavljeno s pla\u010dano dajatvijo). To pomeni: <\/p>\n<ul>\n<li>Vse carine in davki so vklju\u010deni v ceno, prikazano na strani izdelka.<\/li>\n<li>Ob dostavi vam ne bo treba pla\u010dati nobenih dodatnih stro\u0161kov.<\/li>\n<li>V redkih primerih te\u017eav, povezanih s carino, bo na\u0161a ekipa v va\u0161em imenu opravila postopek carinjenja in zagotovila nemoteno dostavo.<\/li>\n<p>Pomembne informacije o vra\u010dilih:<\/p>\n<li>\u010ce se odlo\u010dite vrniti naro\u010dilo ali zahtevate vra\u010dilo, se morate zavedati, da davkov in dajatev, pla\u010danih v va\u0161em imenu pod pogoji DDP, ni mogo\u010de vrniti.<\/li>\n<p>Podrobne informacije so na voljo v na\u0161ih Pogojih <a href=\"https:\/\/gpdstore.net\/sl\/pogoji-uporabe-storitev\/\" target=\"_blank\" rel=\"nofollow noopener\">in dolo\u010dilih<\/a>.\n<\/ul>\n<p>[\/cg_accordion]\n[cg_accordion title=\"PODPORA STRANKAM\"]<\/p>\n<p>Imate vpra\u0161anje? Od re\u0161itve va\u0161ega vpra\u0161anja nas lo\u010di le kratko besedilo!<br \/>\n[\/cg_accordion]\n[cg_accordion title=\"KAJ JE VKLJU\u010cENO\"]<\/p>\n<ul>\n<li>1x GPD Pocket 2 Ohi\u0161je<\/li>\n<\/ul>\n<p>[\/cg_accordion]\n","protected":false},"featured_media":184341,"template":"","meta":{"_acf_changed":false},"product_brand":[],"product_cat":[5386],"product_tag":[8297],"woo-feed-brand":[5638],"class_list":{"0":"post-184338","1":"product","2":"type-product","3":"status-publish","4":"has-post-thumbnail","6":"product_cat-dodatki","7":"product_tag-gpd-pocket-2-accessory-sl-2","8":"product_shipping_class-standard","9":"pa_accessory-type-zascitno-ohisje","10":"woo-feed-brand-gpd-sl","12":"first","13":"outofstock","14":"taxable","15":"shipping-taxable","16":"purchasable","17":"product-type-simple"},"acf":[],"aioseo_notices":[],"_links":{"self":[{"href":"https:\/\/gpdstore.net\/sl\/wp-json\/wp\/v2\/product\/184338","targetHints":{"allow":["GET"]}}],"collection":[{"href":"https:\/\/gpdstore.net\/sl\/wp-json\/wp\/v2\/product"}],"about":[{"href":"https:\/\/gpdstore.net\/sl\/wp-json\/wp\/v2\/types\/product"}],"wp:featuredmedia":[{"embeddable":true,"href":"https:\/\/gpdstore.net\/sl\/wp-json\/wp\/v2\/media\/184341"}],"wp:attachment":[{"href":"https:\/\/gpdstore.net\/sl\/wp-json\/wp\/v2\/media?parent=184338"}],"wp:term":[{"taxonomy":"product_brand","embeddable":true,"href":"https:\/\/gpdstore.net\/sl\/wp-json\/wp\/v2\/product_brand?post=184338"},{"taxonomy":"product_cat","embeddable":true,"href":"https:\/\/gpdstore.net\/sl\/wp-json\/wp\/v2\/product_cat?post=184338"},{"taxonomy":"product_tag","embeddable":true,"href":"https:\/\/gpdstore.net\/sl\/wp-json\/wp\/v2\/product_tag?post=184338"},{"taxonomy":"woo-feed-brand","embeddable":true,"href":"https:\/\/gpdstore.net\/sl\/wp-json\/wp\/v2\/woo-feed-brand?post=184338"}],"curies":[{"name":"wp","href":"https:\/\/api.w.org\/{rel}","templated":true}]}}