{"id":181843,"date":"2023-11-17T17:45:40","date_gmt":"2023-11-17T17:45:40","guid":{"rendered":"https:\/\/gpdstore.net\/nekategorizirano\/mini-igralni-rocni-racunalnik-gpd-win\/"},"modified":"2025-12-19T16:28:58","modified_gmt":"2025-12-19T16:28:58","slug":"gpd-win-mini","status":"publish","type":"product","link":"https:\/\/gpdstore.net\/sl\/product\/gpd-win-mini\/","title":{"rendered":"Mini igralni ro\u010dni ra\u010dunalnik GPD WIN"},"content":{"rendered":"\n<figure class=\"wp-block-video\"><video controls=\"\" src=\"https:\/\/gpdstore.net\/wp-content\/uploads\/\"><\/video><\/figure>\n\n<div class=\"wp-block-columns is-layout-flex wp-container-core-columns-is-layout-28f84493 wp-block-columns-is-layout-flex\">\n<div class=\"wp-block-column is-layout-flow wp-block-column-is-layout-flow\" style=\"flex-basis:33.33%\">\n<figure class=\"wp-block-image size-full\"><img fetchpriority=\"high\" decoding=\"async\" width=\"640\" height=\"640\" src=\"https:\/\/gpdstore.net\/wp-content\/uploads\/2024\/03\/4ebac7a0-58e9-47ef-a036-783efd2a5e00._CR00640640_.jpg\" alt=\"gpd win mini 2024\" class=\"wp-image-1650\" srcset=\"https:\/\/gpdstore.net\/wp-content\/uploads\/2024\/03\/4ebac7a0-58e9-47ef-a036-783efd2a5e00._CR00640640_.jpg 640w, https:\/\/gpdstore.net\/wp-content\/uploads\/2024\/03\/4ebac7a0-58e9-47ef-a036-783efd2a5e00._CR00640640_-600x600.jpg 600w, https:\/\/gpdstore.net\/wp-content\/uploads\/2024\/03\/4ebac7a0-58e9-47ef-a036-783efd2a5e00._CR00640640_-150x150.jpg 150w, https:\/\/gpdstore.net\/wp-content\/uploads\/2024\/03\/4ebac7a0-58e9-47ef-a036-783efd2a5e00._CR00640640_-441x441.jpg 441w, https:\/\/gpdstore.net\/wp-content\/uploads\/2024\/03\/4ebac7a0-58e9-47ef-a036-783efd2a5e00._CR00640640_-100x100.jpg 100w\" sizes=\"(max-width: 640px) 100vw, 640px\" \/><\/figure>\n<\/div>\n\n\n\n<div class=\"wp-block-column is-layout-flow wp-block-column-is-layout-flow\" style=\"flex-basis:66.66%\">\n<h2 class=\"wp-block-heading\"><strong>GPD WIN Mini (2023 Edition) &#8211; AMD Ryzen 7 7840U Handheld Gaming PC | 7&#8243; 120Hz LTPS Screen | 32GB\/64GB LPDDR5 | OcuLink SGLM Support &#8211; Best Value UMPC<\/strong><\/h2>\n\n\n\n<p>Why pay 2025 flagship prices? The GPD WIN Mini (2023 Edition) remains the ultimate &#8220;Silicon Sweet Spot.&#8221; Powered by the legendary AMD Ryzen 7 7840U, it delivers the perfect balance of Zen 4 power and portability for gamers who demand elite performance without the &#8220;Strix Point&#8221; premium. This Mobile Gaming PC redefines on-the-go gaming by seamlessly integrating the raw power of top-tier hardware into a form factor that comfortably nestles in the palm of your hand. Brace yourself for unparalleled gaming adventures with the GPD WIN Mini, your portal to gaming excellence in a compact, lightweight, and formidable package.<\/p>\n<\/div>\n<\/div>\n\n<h2 class=\"wp-block-heading has-text-align-center\">Natan\u010dnost in prenosljivost: Napredni upravljalni elementi in oblika \u0161koljke v modelu GPD WIN Mini<\/h2>\n\n<div class=\"wp-block-columns is-layout-flex wp-container-core-columns-is-layout-28f84493 wp-block-columns-is-layout-flex\">\n<div class=\"wp-block-column is-layout-flow wp-block-column-is-layout-flow\">\n<figure class=\"wp-block-image size-full\"><img decoding=\"async\" width=\"300\" height=\"300\" src=\"https:\/\/gpdstore.net\/wp-content\/uploads\/2024\/03\/cc2489ee-271a-4803-836e-eb3326d46fd8.__CR1310638638_PT0_SX300_V1___-1.png\" alt=\"GPD Win Mini joysticki\" class=\"wp-image-1652\" srcset=\"https:\/\/gpdstore.net\/wp-content\/uploads\/2024\/03\/cc2489ee-271a-4803-836e-eb3326d46fd8.__CR1310638638_PT0_SX300_V1___-1.png 300w, https:\/\/gpdstore.net\/wp-content\/uploads\/2024\/03\/cc2489ee-271a-4803-836e-eb3326d46fd8.__CR1310638638_PT0_SX300_V1___-1-150x150.png 150w, https:\/\/gpdstore.net\/wp-content\/uploads\/2024\/03\/cc2489ee-271a-4803-836e-eb3326d46fd8.__CR1310638638_PT0_SX300_V1___-1-100x100.png 100w\" sizes=\"(max-width: 300px) 100vw, 300px\" \/><\/figure>\n\n\n\n<h3 class=\"wp-block-heading\"><strong><strong>Ni\u010d mrtvih obmo\u010dij:<\/strong> Doseganje 37,5-odstotne natan\u010dnosti z mini joystickom s Hallovim u\u010dinkom.<\/strong><\/h3>\n\n\n\n<p>Vgrajeni mini joysticki s Hallovim u\u010dinkom imajo poglobljeno obliko s podporo za pritisk navzdol za L3 in R3 ter so brezstopenjsko nastavljivi in super-linearni. Po kalibraciji so joysticki s Hallovim u\u010dinkom izbolj\u0161ali natan\u010dnost vra\u010danja in natan\u010dnost delitve napetosti za 37,5 % oziroma 25 % v primerjavi s standardnimi joysticki in skoraj popolnoma odpravili mo\u017enost nastanka mrtvih con v sredi\u0161\u010dni to\u010dki. <\/p>\n<\/div>\n\n\n\n<div class=\"wp-block-column is-layout-flow wp-block-column-is-layout-flow\">\n<figure class=\"wp-block-image size-full\"><img decoding=\"async\" src=\"https:\/\/gpdstore.net\/wp-content\/uploads\/\" alt=\"GPD Win Mini L2 R2\" class=\"wp-image-1654\"\/><\/figure>\n\n\n\n<h3 class=\"wp-block-heading\"><strong><strong>Vsadni realizem:<\/strong> Simulacija streljanja in pospe\u0161evanja z linearnimi analognimi spro\u017eilci L2\/R2.<\/strong><\/h3>\n\n\n\n<p>V primerjavi z modelom WIN 2 sta spro\u017eilca L2 in R2 v modelu WIN Mini spremenjena v linearna analogna spro\u017eilca, ki natan\u010dno simulirata odziv gumbov pri razli\u010dnih intenzivnostih in omogo\u010data natan\u010dno fotografiranje, pospe\u0161evanje in druge operacije. To zagotavlja bolj realisti\u010dno izku\u0161njo dinami\u010dnih sprememb v igrah, udobno uporabo krmilnika ter ve\u010djo potopljenost in igranje iger. <\/p>\n<\/div>\n\n\n\n<div class=\"wp-block-column is-layout-flow wp-block-column-is-layout-flow\">\n<figure class=\"wp-block-image size-full\"><img decoding=\"async\" width=\"300\" height=\"300\" src=\"https:\/\/gpdstore.net\/wp-content\/uploads\/2024\/05\/81bbfc87-3418-4c8a-90fa-bd4c521a3eba.__CR1710559559_PT0_SX300_V1___-1.png\" alt=\"GPD WIN Mini SSD\" class=\"wp-image-1655\" srcset=\"https:\/\/gpdstore.net\/wp-content\/uploads\/2024\/05\/81bbfc87-3418-4c8a-90fa-bd4c521a3eba.__CR1710559559_PT0_SX300_V1___-1.png 300w, https:\/\/gpdstore.net\/wp-content\/uploads\/2024\/05\/81bbfc87-3418-4c8a-90fa-bd4c521a3eba.__CR1710559559_PT0_SX300_V1___-1-150x150.png 150w, https:\/\/gpdstore.net\/wp-content\/uploads\/2024\/05\/81bbfc87-3418-4c8a-90fa-bd4c521a3eba.__CR1710559559_PT0_SX300_V1___-1-65x65.png 65w, https:\/\/gpdstore.net\/wp-content\/uploads\/2024\/05\/81bbfc87-3418-4c8a-90fa-bd4c521a3eba.__CR1710559559_PT0_SX300_V1___-1-100x100.png 100w\" sizes=\"(max-width: 300px) 100vw, 300px\" \/><\/figure>\n\n\n\n<h3 class=\"wp-block-heading\"><strong><strong>Ni\u010delna zakasnitev: Odpravite \u010das nalaganja z do 4 TB PCIe 4.0 SSD shrambe.<\/strong><\/strong><\/h3>\n\n\n\n<p>AMD Ryzen 7 7840U podpira specifikacijo PCIe Gen4 s teoreti\u010dno najve\u010djo prepustnostjo do 7,877 GB\/s. Uradna konfiguracija vklju\u010duje disk WD SN740 M.2 2230 SSD (PCIe Gen4) s 512 GB do 2 TB, z izmerjeno hitrostjo zaporednega branja in pisanja do 5150 MB\/s, ki ga je mogo\u010de raz\u0161iriti brez omejitev.  <br\/><\/p>\n<\/div>\n<\/div>\n\n<h2 class=\"wp-block-heading has-text-align-center\">Sprostitev polnega potenciala: Povezljivost, prilagajanje in ekosistem<\/h2>\n\n<div class=\"wp-block-columns is-layout-flex wp-container-core-columns-is-layout-28f84493 wp-block-columns-is-layout-flex\">\n<div class=\"wp-block-column is-layout-flow wp-block-column-is-layout-flow\" style=\"flex-basis:33.33%\">\n<figure class=\"wp-block-image size-full\"><img loading=\"lazy\" decoding=\"async\" width=\"300\" height=\"300\" src=\"https:\/\/gpdstore.net\/wp-content\/uploads\/2024\/03\/49ca9adf-2d79-4de3-8125-bfa7036712ac.__CR00742742_PT0_SX300_V1___.png\" alt=\"65W\" class=\"wp-image-1656\" srcset=\"https:\/\/gpdstore.net\/wp-content\/uploads\/2024\/03\/49ca9adf-2d79-4de3-8125-bfa7036712ac.__CR00742742_PT0_SX300_V1___.png 300w, https:\/\/gpdstore.net\/wp-content\/uploads\/2024\/03\/49ca9adf-2d79-4de3-8125-bfa7036712ac.__CR00742742_PT0_SX300_V1___-150x150.png 150w, https:\/\/gpdstore.net\/wp-content\/uploads\/2024\/03\/49ca9adf-2d79-4de3-8125-bfa7036712ac.__CR00742742_PT0_SX300_V1___-65x65.png 65w, https:\/\/gpdstore.net\/wp-content\/uploads\/2024\/03\/49ca9adf-2d79-4de3-8125-bfa7036712ac.__CR00742742_PT0_SX300_V1___-100x100.png 100w\" sizes=\"(max-width: 300px) 100vw, 300px\" \/><\/figure>\n<\/div>\n\n\n\n<div class=\"wp-block-column is-layout-flow wp-block-column-is-layout-flow\" style=\"flex-basis:66.66%\">\n<h3 class=\"wp-block-heading\"><br\/><br\/>Popolnoma opremljeno pristani\u0161\u010de tipa C<\/h3>\n\n\n\n<p>Ko uporabljate vrata USB4, lahko WIN Mini \u0161e vedno polnite in prena\u0161ate zvok, videoposnetke in podatke prek tega polnovrednega vhoda tipa C s pasovno \u0161irino 10 Gb\/s (USB 3.2 Gen 2) in podporo za zunanji zaslon 8K@60 Hz.<\/p>\n<\/div>\n<\/div>\n\n<h2 class=\"wp-block-heading\"><strong>Sprostitev neprimerljive sposobnosti obdelave: AMD Ryzen Dominanca<\/strong><\/h2>\n\n<p>Zen 4 Performance: The Legendary 7840U &#8220;Phoenix&#8221;<\/p>\n\n<p>The Emulation King: Native AVX-512 support makes the 7840U faster than many newer chips for PS3 (RPCS3) and Xbox 360 (Xenia) emulation.<\/p>\n\n<p>Radeon 780M + AFMF 2: Boost your frame rates in AAA titles like <em>Cyberpunk 2077<\/em> using the latest AMD Fluid Motion Frames software.<\/p>\n\n<p>64GB LPDDR5 Power: One of the few ultra-portables offering massive RAM configurations for heavy multitasking and virtualization.<\/p>\n\n<p>This Portable Gaming PC fearlessly tackles the most demanding gaming titles and resource-intensive applications, showcasing unparalleled prowess. Immerse yourself in seamless multitasking, accelerated load times, and ultra-smooth gameplay as you traverse the expansive gaming universe on the go.<\/p>\n\n<p>The AMD Ryzen 7 7840U remains a fan favorite in 2025 for its incredible efficiency-to-power ratio.<\/p>\n\n<h2 class=\"wp-block-heading\"><strong>Izbolj\u0161anje vizualnih podob nad realnost: AMD Radeon Graphics<\/strong><\/h2>\n\n<p>Privo\u0161\u010dite si vizualne podobe iger, ki presegajo realnost, zahvaljujo\u010d grafiki AMD Radeon, ki je name\u0161\u010dena v ra\u010dunalniku GPD WIN Mini. <g id=\"gid_0\">AMD Radeon 780M<\/g> (model 7840U) z 12 ra\u010dunskimi enotami in takti do 2700 MHz ali AMD Radeon 760M (model 7640U) z 8 ra\u010dunskimi enotami in takti do 2600 MHz zagotavljata osupljivo realisti\u010dno grafiko in izjemno odzivno hitrost sli\u010dic. Potopite se v bujne pokrajine, realisti\u010dna okolja in eksplozivno akcijo, vse to pa je predstavljeno na platnu velikosti dlani tega prenosnega igralnega \u010dude\u017ea.  <\/p>\n\n<h2 class=\"wp-block-heading\"><strong>Neomajni pomnilnik in shramba: Zmogljiva zmogljivost<\/strong><\/h2>\n\n<p>Pri pomnilniku in shranjevanju se odpovejte kompromisom. GPD WIN Mini ponuja dve mo\u017enosti pomnilnika: osupljivih 64 GB <a href=\"https:\/\/en.wikipedia.org\/wiki\/LPDDR\">LPDDR5<\/a> 6400 MT\/s pri modelu 7840U ali robustnih 16 GB LPDDR5 6400 MT\/s pri modelu 7640U. Zagotavlja, da ste opremljeni za nemoteno opravljanje najzahtevnej\u0161ih ve\u010dopravilnosti. Z mo\u017enostmi shranjevanja do ogromnih 2 TB PCIe 4.0 x 4 NVMe 1.3\/1.4 si lahko privo\u0161\u010dite dovolj prostora za obse\u017eno knji\u017enico iger, ve\u010dpredstavnostne datoteke in \u0161e ve\u010d. Nobenih kompromisov ve\u010d, le izjemna mo\u010d na dosegu roke.    <\/p>\n\n<h2 class=\"wp-block-heading\"><strong>Pove\u010dano vizualno mojstrstvo: 120 Hz zaslon za igre z visoko stopnjo osve\u017eevanja: razkritje 7-pal\u010dnega 120 Hz zaslona za igre z visoko stopnjo osve\u017eevanja<\/strong><\/h2>\n\n<p>Z revolucionarnim 7-pal\u010dnim igralnim zaslonom, simfonijo tehnologije LTPS in osupljivo hitrostjo osve\u017eevanja 120 Hz, se potopite v kraljestvo vizualne popolnosti. Ta zaslon, obdan s Corning Gorilla Glass \u0161este generacije, o\u010dara z ni\u017ejim odzivnim \u010dasom, medtem ko premaz proti ble\u0161\u010danju AF+AR poskrbi za zaslon brez odsevov in zagotavlja sijo\u010do svetilnost 500 nitov. Lo\u010dljivost 1080P natan\u010dno obarva vsako piko, mo\u017enost preklapljanja med frekvencami osve\u017eevanja 60 Hz in 120 Hz pa oblikuje va\u0161o vizualno izku\u0161njo. Pri 314PPI se ostrina in potopitev zdru\u017eita, inovacije pa se ne kon\u010dajo &#8211; zatemnitev z enosmernim tokom zagotavlja, da se brez utripanja prepustite \u010dudesom sveta iger.   <\/p>\n\n<h2 class=\"wp-block-heading\"><strong>Turbo polnjenje va\u0161ega GPD WIN Mini s priklopno postajo GPD G1 eGPU<\/strong><\/h2>\n\n<p>Priklju\u010dna postaja GPD G1 eGPU z grafi\u010dno kartico z grafi\u010dnim procesorjem AMD Radeon RX 7600M XT z arhitekturo RDNA 3.0, ki zagotavlja osupljive slike in gladko igranje, na novo opredeljuje igralno zmogljivost. Z 8 GB pomnilnika GDDR6 RAM postane ve\u010dopravilnost nemotena, bliskovito hitri \u010dasi nalaganja pa izbolj\u0161ajo va\u0161o igralno izku\u0161njo. Zdru\u017eljivost z <g id=\"gid_0\">OCuLink<\/g> in USB 4 zagotavlja vsestransko povezljivost med napravami, vklju\u010dno z GPD WIN Mini, medtem ko \u0161tevilni grafi\u010dni in video priklju\u010dki omogo\u010dajo povezavo s tremi zunanjimi zasloni za poglobljeno nastavitev. Aktivni hladilni sistem GPD G1 ohranja optimalno zmogljivost med intenzivnimi sejami.   <\/p>\n\n<h2 class=\"wp-block-heading\"><strong>Nadzor nad igrami: Revolucija v natan\u010dnosti<\/strong><\/h2>\n\n<p>Spletna stran GPD WIN Mini dviguje nadzor nad igrami na naslednjo raven. Dva joysticka s Hallovim u\u010dinkom zagotavljata natan\u010den in odziven vnos, neskon\u010dna, ultra-linearna zasnova pa odpravlja mrtve cone in zagotavlja, da je vsak gib pomemben. Funkcija L3\/R3 ob pritisku navzdol zagotavlja dodatno raven nadzora. Linearna analogna spro\u017eilca L2 in R2 ponujata neprekosljivo ob\u010dutljivost, s katero lahko natan\u010dno prilagodite svoja dejanja. Z dodanimi programirljivimi makro gumbi, klasi\u010dnim D-padom in menijskimi gumbi lahko svojo igralno izku\u0161njo prilagodite do zadnje podrobnosti.    <\/p>\n\n<h2 class=\"wp-block-heading\"><strong>Izku\u0161nje s povi\u0161anim vnosom: Odli\u010dnost tipkovnice in plo\u0161\u010dice na dotik<\/strong><\/h2>\n\n<p>Ro\u010dni igralni ra\u010dunalnik GPD WIN Mini s polno tipkovnico QWERTY s \u0161karjastimi preklopnimi tipkami in osvetljeno zasnovo presega zgolj igranje iger. Na poti se preobrazi v zmogljivo orodje za produktivnost, s katerim lahko nemoteno preklapljate med delom in igranjem. Natan\u010dna plo\u0161\u010dica na dotik s podporo za geste s \u0161tirimi prsti prina\u0161a novo raven nadzora, ne glede na to, ali krmarite po menijih ali urejate dokumente. Ta prenosni igralni ra\u010dunalnik ni namenjen le igranju iger, temve\u010d izbolj\u0161anju celotne izku\u0161nje s prenosnim ra\u010dunalni\u0161tvom.   <\/p>\n\n<h2 class=\"wp-block-heading\"><strong>Vsiljivi avdiovizualni izdelki: DTS:X Ultra zvo\u010dni u\u010dinki<\/strong><\/h2>\n\n<p>Pripravite se na poglobljeno avdiovizualno izku\u0161njo, ki bo presegla vsa pri\u010dakovanja. GPD WIN Mini se pona\u0161a z dvema vgrajenima hiper-linearnima zvo\u010dnikoma, ki ju dopolnjujejo <a href=\"DTS:X%20Ultra%20Zvo&#x10D;ni%20u&#x10D;inki\">zvo\u010dni u\u010dinki DTS:X Ultra Sound Effects<\/a>. Ti u\u010dinki simulirajo zvo\u010dno izku\u0161njo fizi\u010dne 7.1-kanalne konfiguracije in vas obkro\u017eajo z vsakim zvokom, pa naj gre za \u0161elestenje listja ali eksplozivno rjovenje streljanja. S podporo za slu\u0161alke in zvo\u010dnike vam je zagotovljena zvo\u010dna pustolov\u0161\u010dina, ki se ujema z vizualnim spektaklom.   <\/p>\n\n<h2 class=\"wp-block-heading\"><strong>Povezljivost prek meja: Wi-Fi 6 in Bluetooth 5.2<\/strong><\/h2>\n\n<p>Ostanite povezani, ne glede na to, kam vas vodi va\u0161e igralno potovanje. GPD WIN Mini podpira Wi-Fi 6 IEEE 802.11 a\/b\/g\/n\/ac\/ax s podporo dveh frekven\u010dnih pasov 2,4G\/5G in dvokanalno najve\u010djo hitrostjo prenosa 2402 Mb\/s. To zagotavlja nemoteno spletno igranje, hitre prenose in nemoteno pretakanje. S tehnologijo Bluetooth 5.2 enostavno pove\u017eite periferne naprave, slu\u0161alke in drugo, tako da bo ta kompaktni igralni ra\u010dunalnik va\u0161e najbolj\u0161e mobilno sredi\u0161\u010de za igranje iger.   <\/p>\n\n<h2 class=\"wp-block-heading\"><strong>Vsestranski vhodno-izhodni vmesniki: USB4 in USB 3.2 Gen 2 Type-C<\/strong><\/h2>\n\n<p>GPD WIN Mini je opremljen z razli\u010dnimi vhodno-izhodnimi vmesniki, vklju\u010dno z izjemno hitrim vmesnikom USB4 s hitrostjo do 40 Gb\/s. Poleg tega vrata USB 3.2 Gen 2 Type-C zagotavljajo hitrosti do 10 Gb\/s, kar zagotavlja bliskovit prenos podatkov in nemoteno povezljivost perifernih naprav. Vklju\u010ditev vrat OCuLink (SFF-8612) temu prenosnemu igralnemu ra\u010dunalniku doda \u0161e ve\u010d vsestranskosti, tako da postane vozli\u0161\u010de za vse va\u0161e potrebe po povezljivosti.  <\/p>\n\n<h2 class=\"wp-block-heading\"><strong>Raz\u0161irljiv pomnilnik: re\u017ea microSD za dodatno priro\u010dnost<\/strong><\/h2>\n\n<p>Spletna stran GPD WIN Mini se ne ustavi pri velikem obsegu notranjega pomnilnika. Ima re\u017eo microSD s protokolom SD 3.0, ki podpira vmesnik vodila UHS-I, razred hitrosti videa V30 in impresivno vhodno-izhodno zmogljivost. S teoreti\u010dno hitrostjo branja 160 MB\/s in hitrostjo pisanja 120 MB\/s brez te\u017eav raz\u0161irite svoj pomnilnik na poti. Zdru\u017eljiv je s karticami microSDHC, microSDXC in microSDUC, zato u\u017eivajte v fleksibilnosti, s katero lahko brez te\u017eav prena\u0161ate svoje medije, dokumente in datoteke.   <\/p>\n\n<h2 class=\"wp-block-heading\"><strong>Podalj\u0161ane igralne seje: Baterija z dolgo \u017eivljenjsko dobo<\/strong><\/h2>\n\n<p>Igrajte dlje \u010dasa brez skrbi, da vam bo zmanjkalo baterije. Naprava GPD WIN Mini je opremljena z 44,24Wh litijevo polimerno baterijo, ki se prilagaja va\u0161i uporabi. Ne glede na to, ali ste zatopljeni v intenzivno igranje iger ali pa morate opraviti delovne naloge, vas baterija ne bo razo\u010darala. Izkusite do 3 ure intenzivne uporabe, 6-8 ur zmerne uporabe ali impresivnih 14 ur lahke uporabe, odvisno od va\u0161ega posebnega scenarija uporabe.   <\/p>\n\n<h2 class=\"wp-block-heading\"><strong>Izdelano za eleganco: Rust Tint Clamshell Design<\/strong><\/h2>\n\n<p>GPD WIN Mini ni le zmogljiv, temve\u010d tudi mojstrovina v oblikovanju. Rjasto obarvana oblika \u0161koljke, izdelana iz vrhunske aluminijeve zlitine, ne iz\u017eareva le elegance, temve\u010d zagotavlja tudi vzdr\u017eljivost. Zaradi kompaktne oblike 6,6 \u00d7 4,2 \u00d7 1,02 palca (16,8 \u00d7 10,9 \u00d7 2,6 cm) in te\u017ee 520 g ga zlahka pospravite v torbo ali \u017eep in zagotovite, da je igralna odli\u010dnost vedno na dosegu roke.  <\/p>\n\n<h2 class=\"wp-block-heading\"><strong>Zakaj bi morali izbrati GPD WIN Mini<\/strong><\/h2>\n\n<p>Zaklju\u010dimo lahko, da mini prenosni igralni ra\u010dunalnik GPD WIN ni le igralna naprava, temve\u010d prenosna mo\u010d, ki zagotavlja brezkompromisno zmogljivost, izjemno vsestranskost in poglobljeno igralno izku\u0161njo, ki presega pri\u010dakovanja. Z vrhunsko strojno opremo, premi\u0161ljeno zasnovo in obliko, ki na novo opredeljuje prenosljivost, je ta kompaktni igralni ra\u010dunalnik va\u0161a vrata do igralne odli\u010dnosti na poti. Izbolj\u0161ajte svoj \u017eivljenjski slog igranja z ra\u010dunalnikom GPD WIN Mini in se podajte na potovanje, ki bri\u0161e meje med resni\u010dnostjo in virtualnimi svetovi.  <\/p>\n\n<h3 class=\"wp-block-heading\"><strong>Order Your GPD WIN Mini \u2013 In Stock &amp; Ready to Ship<\/strong><\/h3>\n\n<p>Secure the best-value ultra-portable on the market. Get flagship power without the flagship price tag.<\/p>\n\n<ul class=\"wp-block-list\">\n<li>Authentic GPD Product: Guaranteed genuine Zen 4 hardware.<\/li>\n\n\n\n<li>12-Month Official Warranty: Full support for your high-performance investment.<\/li>\n\n\n\n<li>Global Express Shipping: Tracked and insured delivery to your door.<\/li>\n<\/ul>\n\n<p><a href=\"https:\/\/droix.net\/blogs\/gpd-win-mini-review\/\">Tukaj si oglejte na\u0161 celoten pregled GPD WIN Mini .<\/a> Vas zanima priklopna postaja GPD G1 eGPU, s katero boste izbolj\u0161ali svojo igralno zmogljivost? Poglobljen pregled na\u0161e priklopne postaje GPD G1 eGPU si lahko ogledate <a href=\"https:\/\/droix.net\/blogs\/gpd-g1-egpu-docking-station-review\/\">tukaj.<\/a><\/p>\n","protected":false},"excerpt":{"rendered":"<ul>\n<li>PROCESOR: AMD Ryzen 5 \/ 7<strong> 7640U \/ 7840U <\/strong> <\/li>\n<li>GRAFI\u010cNI PROCESOR: AMD Radeon<strong> 760M \/ 780M<\/strong><\/li>\n<li>RAM: do<strong> 64 GB LPDDR5 @ 6400 MT\/s<\/strong><\/li>\n<li>HRAMBA: do 2 TB SSD <strong>PCI-E<\/strong> NVMe<strong> Gen 4<\/strong> <\/li>\n<li>SODELOVANJE: Podpora Wi-Fi<strong> 6<\/strong> in Bluetooth <strong>5.2<\/strong> <\/li>\n<\/ul>\n[cg_accordion title=\"INFORMACIJE O PLA\u010cILU\"]<\/p>\n<p>Uporabljamo najnovej\u0161o tehnologijo za obdelavo pla\u010dil, ki vam omogo\u010da, da se na blagajno prijavite s svojo debetno\/kreditno kartico ali storitvijo PayPal, kar zagotavlja hitro in varno izku\u0161njo.[\/cg_accordion]\n[cg_accordion title=\"GARANCIJA\"]<\/p>\n<p>2 leti garancije <a href=\"https:\/\/droix.net\/\" target=\"_blank\" rel=\"nofollow noopener\">DROIX Global za<\/a> va\u0161 mir[\/cg_accordion]\n[cg_accordion title=\"ZAGOTAVLJANJE KAKOVOSTI IN TESTIRANJE PRED ODPREMO\"]<\/p>\n<p>Zagotavljanje zadovoljstva strank na najvi\u0161ji ravni: Vsaka naprava je pred odpremo strogo preizku\u0161ena in preverjena v ve\u010d to\u010dkah za zagotavljanje kakovosti. Na\u0161a predana ekipa preveri delovanje, funkcionalnost in celovitost komponent, s \u010dimer zagotovimo, da bo va\u0161a naprava GPD ob prihodu v popolnem delovnem stanju, kar vam zagotavlja zaupanje in mir v du\u0161i. [\/cg_accordion]\n[cg_accordion title=\"CENE, DAVKI IN PO\u0160ILJANJE\"]<\/p>\n<p><strong><u>Opomba:<\/u><\/strong><\/p>\n<ul>\n<li>Zdru\u017eene dr\u017eave Amerike Kupci: Prikazana cena NE vklju\u010duje davka in dajatev. Odgovornost za carinjenje in pla\u010dilo vseh povezanih davkov\/carin nosi kupec. <\/li>\n<li>Stranke iz EU: Prikazana cena vklju\u010duje veljavni davek, ki lahko zna\u0161a do 25 %, odvisno od va\u0161e dr\u017eave.<\/li>\n<li>Kanada Kupci: Prikazana cena vklju\u010duje veljavne davke, ki lahko vklju\u010dujejo 5 % davek na dodano vrednost (GST) in dodatne pokrajinske davke na prodajo (PST), harmonizirani davek na prodajo (HST) ali davek na prodajo v Quebecu (QST), odvisno od va\u0161e province.<\/li>\n<\/ul>\n<p><strong>Samo za stranke iz EU:<\/strong> Ekspresno DDP (dostavljeno s pla\u010dano dajatvijo). To pomeni: <\/p>\n<ul>\n<li>Vse carine in davki so vklju\u010deni v ceno, prikazano na strani izdelka.<\/li>\n<li>Ob dostavi vam ne bo treba pla\u010dati nobenih dodatnih stro\u0161kov.<\/li>\n<li>V redkih primerih te\u017eav, povezanih s carino, bo na\u0161a ekipa v va\u0161em imenu opravila postopek carinjenja in zagotovila nemoteno dostavo.<\/li>\n<p>Pomembne informacije o vra\u010dilih:<\/p>\n<li>\u010ce se odlo\u010dite vrniti naro\u010dilo ali zahtevate vra\u010dilo, se morate zavedati, da davkov in dajatev, pla\u010danih v va\u0161em imenu pod pogoji DDP, ni mogo\u010de vrniti.<\/li>\n<p>Podrobne informacije <a href=\"https:\/\/droix.net\/terms-and-conditions\/\" target=\"_blank\" rel=\"nofollow noopener\">so na voljo v na\u0161ih Pogojih in dolo\u010dilih<\/a>.\n<\/ul>\n<p>[\/cg_accordion]\n[cg_accordion title=\"PODPORA STRANKAM\"]<\/p>\n<p>Imate vpra\u0161anje? Samo kratko besedilo nas lo\u010di od re\u0161itve va\u0161ega vpra\u0161anja! <\/p>\n<p>Podrobne informacije <a href=\"https:\/\/gpdstore.net\/sl\/terms-of-service\/\" target=\"_blank\" rel=\"nofollow noopener\">so na voljo v na\u0161ih Pogojih in dolo\u010dilih<\/a>.\n<\/ul>\n<p>[\/cg_accordion]\n[cg_accordion title=\"KAJ JE VKLJU\u010cENO\"]<\/p>\n<ul>\n<li>1x GPD WIN Mini<\/li>\n<li>1x kabel USB-C<\/li>\n<li>1x vti\u010d za napajanje<\/li>\n<li>1x trak za prena\u0161anje<\/li>\n<li>1x pretvornik USB C &gt; A<\/li>\n<li>1x uporabni\u0161ki priro\u010dnik<\/li>\n<\/ul>\n<p>[\/cg_accordion]\n","protected":false},"featured_media":182513,"template":"","meta":{"_acf_changed":false},"product_brand":[],"product_cat":[5635],"product_tag":[16882,8268],"woo-feed-brand":[5638],"class_list":{"0":"post-181843","1":"product","2":"type-product","3":"status-publish","4":"has-post-thumbnail","6":"product_cat-rocni-racunalnik-gpd-za-igranje-iger","7":"product_tag-13xmsale-sl","8":"product_tag-gpd-win-mini-sl","9":"product_shipping_class-premium","10":"pa_bluetooth-5-2-sl","11":"pa_brand-gpd","12":"pa_graphics-gpu-model-graficna-kartica-intel-iris-xe","13":"pa_graphics-gpu-model-radeon-760m-sl","14":"pa_i-o-video-1x-oculink-sl","15":"pa_i-o-video-prek-1x-usb-3-2-gen-2-type-c","16":"pa_i-o-video-prek-1x-usb-4-0-type-c-40gb-s","17":"pa_memory-ram-capacity-16-gb-sl","18":"pa_memory-ram-capacity-32-gb-sl","19":"pa_memory-ram-capacity-64-gb-sl","20":"pa_memory-ram-technology-lpddr5-sl","21":"pa_processor-cpu-model-amd-ryzen-5-7640u","22":"pa_processor-cpu-model-amd-ryzen-7-7840u","23":"pa_storage-capacity-1-tb-sl","24":"pa_storage-capacity-4-tb-sl","25":"pa_storage-capacity-512-gb-sl","26":"pa_storage-technology-pcie-gen-4-sl","27":"pa_wi-fi-wi-fi-6-sl","28":"woo-feed-brand-gpd-sl","30":"first","31":"outofstock","32":"sale","33":"taxable","34":"shipping-taxable","35":"purchasable","36":"product-type-variable","37":"has-default-attributes"},"acf":[],"aioseo_notices":[],"_links":{"self":[{"href":"https:\/\/gpdstore.net\/sl\/wp-json\/wp\/v2\/product\/181843","targetHints":{"allow":["GET"]}}],"collection":[{"href":"https:\/\/gpdstore.net\/sl\/wp-json\/wp\/v2\/product"}],"about":[{"href":"https:\/\/gpdstore.net\/sl\/wp-json\/wp\/v2\/types\/product"}],"wp:featuredmedia":[{"embeddable":true,"href":"https:\/\/gpdstore.net\/sl\/wp-json\/wp\/v2\/media\/182513"}],"wp:attachment":[{"href":"https:\/\/gpdstore.net\/sl\/wp-json\/wp\/v2\/media?parent=181843"}],"wp:term":[{"taxonomy":"product_brand","embeddable":true,"href":"https:\/\/gpdstore.net\/sl\/wp-json\/wp\/v2\/product_brand?post=181843"},{"taxonomy":"product_cat","embeddable":true,"href":"https:\/\/gpdstore.net\/sl\/wp-json\/wp\/v2\/product_cat?post=181843"},{"taxonomy":"product_tag","embeddable":true,"href":"https:\/\/gpdstore.net\/sl\/wp-json\/wp\/v2\/product_tag?post=181843"},{"taxonomy":"woo-feed-brand","embeddable":true,"href":"https:\/\/gpdstore.net\/sl\/wp-json\/wp\/v2\/woo-feed-brand?post=181843"}],"curies":[{"name":"wp","href":"https:\/\/api.w.org\/{rel}","templated":true}]}}