{"id":168681,"date":"2023-11-17T16:30:05","date_gmt":"2023-11-17T16:30:05","guid":{"rendered":"https:\/\/gpdstore.net\/nekategorizirano\/gpd-win-max-2-2023-igralni-rocni-racunalnik\/"},"modified":"2025-12-19T16:33:38","modified_gmt":"2025-12-19T16:33:38","slug":"gpd-win-max-2-2023","status":"publish","type":"product","link":"https:\/\/gpdstore.net\/sl\/product\/gpd-win-max-2-2023\/","title":{"rendered":"GPD WIN MAX 2 2023 Igralni ro\u010dni ra\u010dunalnik"},"content":{"rendered":"\n<figure class=\"wp-block-video\"><video controls=\"\" muted=\"\" poster=\"https:\/\/gpdstore.net\/wp-content\/uploads\/2024\/03\/q2hzxpbiybborpwbpolh-ezgif.com-webp-to-png-converter.png\" src=\"https:\/\/gpdstore.net\/wp-content\/uploads\/2024\/05\/gpd-win-max-2.mp4\"><\/video><\/figure>\n\n<div class=\"wp-block-columns is-layout-flex wp-container-core-columns-is-layout-28f84493 wp-block-columns-is-layout-flex\">\n<div class=\"wp-block-column is-layout-flow wp-block-column-is-layout-flow\" style=\"flex-basis:33.33%\">\n<figure class=\"wp-block-image size-full\"><img fetchpriority=\"high\" decoding=\"async\" width=\"669\" height=\"582\" src=\"https:\/\/gpdstore.net\/wp-content\/uploads\/2024\/05\/7044098-1.png\" alt=\"gpd win max 2\" class=\"wp-image-1642\" srcset=\"https:\/\/gpdstore.net\/wp-content\/uploads\/2024\/05\/7044098-1.png 669w, https:\/\/gpdstore.net\/wp-content\/uploads\/2024\/05\/7044098-1-150x130.png 150w, https:\/\/gpdstore.net\/wp-content\/uploads\/2024\/05\/7044098-1-600x522.png 600w, https:\/\/gpdstore.net\/wp-content\/uploads\/2024\/05\/7044098-1-441x384.png 441w\" sizes=\"(max-width: 669px) 100vw, 669px\" \/><\/figure>\n<\/div>\n\n\n\n<div class=\"wp-block-column is-layout-flow wp-block-column-is-layout-flow\" style=\"flex-basis:66.66%\">\n<h2 class=\"wp-block-heading\"><strong>GPD WIN MAX 2 2023 Handheld Gaming PC &#8211; AMD Ryzen 7 7840U (Zen 4), 10.1&#8243; 2.5K Display, 64GB RAM, OcuLink Support<\/strong><\/h2>\n\n\n\n<p>Why pay 2025 flagship prices when the GPD WIN MAX 2 2023 remains a top-tier contender? Powered by the legendary AMD Ryzen 7 7840U, this device is the ultimate &#8220;Silicon Sweet Spot&#8221; for gamers and professionals who demand 2.5K resolution and desktop-grade multitasking without the 2025 premium.<\/p>\n<\/div>\n<\/div>\n\n<h2 class=\"wp-block-heading has-text-align-center\">Zasnovan za odli\u010dnost: Precizno krmiljenje, profesionalna vsestranskost in inteligentno hlajenje<\/h2>\n\n<div class=\"wp-block-columns is-layout-flex wp-container-core-columns-is-layout-28f84493 wp-block-columns-is-layout-flex\">\n<div class=\"wp-block-column is-layout-flow wp-block-column-is-layout-flow\">\n<figure class=\"wp-block-image size-full\"><img decoding=\"async\" width=\"300\" height=\"300\" src=\"https:\/\/gpdstore.net\/wp-content\/uploads\/2024\/05\/074b1b41-54da-4de3-8a68-9035e22feb91.__CR880899899_PT0_SX300_V1___-1.jpg\" alt=\"odstranitev gumba za gpd win max 2\" class=\"wp-image-1643\" srcset=\"https:\/\/gpdstore.net\/wp-content\/uploads\/2024\/05\/074b1b41-54da-4de3-8a68-9035e22feb91.__CR880899899_PT0_SX300_V1___-1.jpg 300w, https:\/\/gpdstore.net\/wp-content\/uploads\/2024\/05\/074b1b41-54da-4de3-8a68-9035e22feb91.__CR880899899_PT0_SX300_V1___-1-150x150.jpg 150w, https:\/\/gpdstore.net\/wp-content\/uploads\/2024\/05\/074b1b41-54da-4de3-8a68-9035e22feb91.__CR880899899_PT0_SX300_V1___-1-100x100.jpg 100w\" sizes=\"(max-width: 300px) 100vw, 300px\" \/><\/figure>\n\n\n\n<h3 class=\"wp-block-heading\"><strong><strong><strong>Prednost Hallovega senzorja:<\/strong> kako magnetna indukcija odpravlja &#8220;Stick Drift&#8221; in fizi\u010dno obrabo.<\/strong><\/strong><\/h3>\n\n\n\n<p>Tradicionalni potenciometer, ki se pri ustvarjanju napetostnega signala zana\u0161a na uporovno krta\u010do, je nagnjen k te\u017eavam z \u201edriftom\u201c, ki so posledica obrabe pri dolgotrajni uporabi. Z napravo WIN Max 2 2023 smo prvi\u010d predstavili palice s Hallovim senzorjem z vgrajenimi induktivnimi tuljavami. Na\u010delo delovanja magnetne indukcije (pri vrtenju palice v razli\u010dne polo\u017eaje se ustvarjajo razli\u010dni magnetni tokovi, ki generirajo razli\u010dne napetostne signale) dolo\u010da, da se palice s Hallovim senzorjem ne obrabljajo, zato se pri njih ne pojavljajo te\u017eave z odmikanjem palice.<\/p>\n<\/div>\n\n\n\n<div class=\"wp-block-column is-layout-flow wp-block-column-is-layout-flow\">\n<figure class=\"wp-block-image size-full\"><img decoding=\"async\" src=\"https:\/\/gpdstore.net\/wp-content\/uploads\/\" alt=\"magnetni pokrovi za gpd\" class=\"wp-image-1645\"\/><\/figure>\n\n\n\n<h3 class=\"wp-block-heading\"><strong><strong><strong><strong>Magnetic Stealth Covers:<\/strong> Hide the joysticks for a clean, professional look in meetings.<\/strong><\/strong><\/strong><\/h3>\n\n\n\n<p>Zaradi igralnega krmilnika, vgrajenega v ro\u010dni igralni ra\u010dunalnik, je ta lahko neprimeren za delovno mesto! Da bi re\u0161ili to te\u017eavo, smo za WIN Max 2 2023 dodali dva pokrova za palice. Magnetna zasnova zagotavlja, da pokrova med uporabo naprave ne padeta. Med igranjem iger lahko prevleke pospravite v zadnji predal, s \u010dimer prepre\u010dite nenamerno izgubo!<\/p>\n<\/div>\n\n\n\n<div class=\"wp-block-column is-layout-flow wp-block-column-is-layout-flow\">\n<figure class=\"wp-block-image size-full\"><img decoding=\"async\" width=\"300\" height=\"300\" src=\"https:\/\/gpdstore.net\/wp-content\/uploads\/2024\/05\/5f397565-522a-44f6-910c-e7d2cec4ed88.__CR107012291229_PT0_SX300_V1___-1.jpg\" alt=\"hlajenje win max 2\" class=\"wp-image-1646\" srcset=\"https:\/\/gpdstore.net\/wp-content\/uploads\/2024\/05\/5f397565-522a-44f6-910c-e7d2cec4ed88.__CR107012291229_PT0_SX300_V1___-1.jpg 300w, https:\/\/gpdstore.net\/wp-content\/uploads\/2024\/05\/5f397565-522a-44f6-910c-e7d2cec4ed88.__CR107012291229_PT0_SX300_V1___-1-150x150.jpg 150w, https:\/\/gpdstore.net\/wp-content\/uploads\/2024\/05\/5f397565-522a-44f6-910c-e7d2cec4ed88.__CR107012291229_PT0_SX300_V1___-1-100x100.jpg 100w\" sizes=\"(max-width: 300px) 100vw, 300px\" \/><\/figure>\n\n\n\n<h3 class=\"wp-block-heading\"><strong><strong>Napredna strojna oprema:<\/strong> Izkori\u0161\u010danje visokozmogljivega turboventilatorja in dvojnih toplotnih cevi za zanesljiv pretok zraka.<\/strong><\/h3>\n\n\n\n<p>GPD WIN MAX 2 2023 je opremljen z izbolj\u0161anim hladilnim sistemom za osebne ra\u010dunalnike z velikim turbinskim ventilatorjem in dvojnimi toplotnimi cevmi, ki se pona\u0161a z veliko koli\u010dino stranskega zraka in zelo inteligentnim nadzorom hitrosti. Ko je notranja temperatura ni\u017eja od 40 \u00b0C, hitrost ventilatorja ne presega 20 % najve\u010dje zmogljivosti. Ko notranja temperatura dose\u017ee ve\u010d kot 40 \u00b0C, se hitrost ventilatorja pove\u010duje v 2-odstotnih korakih PWM, dokler ne dose\u017ee najvi\u0161jega praga (100 %).<\/p>\n<\/div>\n<\/div>\n\n<h3 class=\"wp-block-heading\"><strong>VIZUALNI U\u017dITEK: 10,1-PAL\u010cNI ZASLON ZA UPRAVLJANJE NA DOTIK<\/strong><\/h3>\n\n<figure class=\"wp-block-image size-large\"><img loading=\"lazy\" decoding=\"async\" width=\"1200\" height=\"782\" src=\"https:\/\/gpdstore.net\/wp-content\/uploads\/2024\/05\/7044066-1-1200x782.png\" alt=\"GPD win max z ra&#x10D;unalnikom\" class=\"wp-image-1648\" srcset=\"https:\/\/gpdstore.net\/wp-content\/uploads\/2024\/05\/7044066-1-1200x782.png 1200w, https:\/\/gpdstore.net\/wp-content\/uploads\/2024\/05\/7044066-1-150x98.png 150w, https:\/\/gpdstore.net\/wp-content\/uploads\/2024\/05\/7044066-1-600x391.png 600w, https:\/\/gpdstore.net\/wp-content\/uploads\/2024\/05\/7044066-1-768x501.png 768w, https:\/\/gpdstore.net\/wp-content\/uploads\/2024\/05\/7044066-1-990x645.png 990w, https:\/\/gpdstore.net\/wp-content\/uploads\/2024\/05\/7044066-1-441x287.png 441w, https:\/\/gpdstore.net\/wp-content\/uploads\/2024\/05\/7044066-1.png 1442w\" sizes=\"(max-width: 1200px) 100vw, 1200px\" \/><\/figure>\n\n<p>Pripravite se na navdu\u0161enje nad 10,1-pal\u010dnim 10-to\u010dkovnim zaslonom na dotik GPD WIN MAX 2 2023. Ta \u017eivahen zaslon z razmerjem stranic 16:10 in lo\u010dljivostjo 1920&#215;1200 zagotavlja osupljive slike. S podporo lo\u010dljivosti do 2560&#215;1600 in gostoto slikovnih pik 299 <a href=\"https:\/\/www.displayninja.com\/what-is-pixel-density\/\">PPI je vsaka podrobnost ostra in jasna ,<\/a> kar zagotavlja poglobljeno igralno izku\u0161njo.  <\/p>\n\n<h2 class=\"wp-block-heading\"><strong><strong>Zen 4 Performance: The Emulation King<\/strong><\/strong><\/h2>\n\n<p>The 7840U Phoenix architecture remains a fan favorite in 2025 for its incredible efficiency.<\/p>\n\n<p>Native OcuLink: Skip the USB4 bottlenecks. Connect directly to the GPD G1 eGPU for a 4K desktop experience.<\/p>\n\n<p>Pro-Grade Emulation: Native AVX-512 support allows for superior PS3 (RPCS3) and Xbox 360 (Xenia) performance compared to many newer, more expensive handhelds.<\/p>\n\n<p>Software Boosted: Fully compatible with AMD AFMF 2 and FSR 3.1, allowing you to play AAA titles at smooth frame rates on the 10.1&#8243; screen.<\/p>\n\n<h2 class=\"wp-block-heading\"><strong>GRAFIKA, KI NAVDU\u0160UJE: GRAFI\u010cNI PROCESOR AMD RADEON 780M<\/strong><\/h2>\n\n<p>Z <a href=\"https:\/\/www.notebookcheck.net\/AMD-Radeon-780M-GPU-Benchmarks-and-Specs.680539.0.html\" target=\"_blank\" rel=\"noreferrer noopener nofollow\">grafi\u010dnim procesorjem AMD Radeon 780M boste navdu\u0161eni nad osupljivimi vizualnimi u\u010dinki igre GPD WIN MAX 2 2023 .<\/a> Ta zmogljiva grafi\u010dna kartica zagotavlja gladko hitrost sli\u010dic in osupljivo grafiko za vizualno osupljivo igralno izku\u0161njo.<\/p>\n\n<h2 class=\"wp-block-heading\"><strong>NEPREKOSLJIV POMNILNIK: DO 64 GB LPDDR5 RAM<\/strong><\/h2>\n\n<p>GPD WIN MAX 2 2023 je opremljen z bliskovito hitrim 6400 MT\/s <a href=\"https:\/\/en.wikipedia.org\/wiki\/LPDDR\">LPDDR5 RAM-om<\/a>, ki zagotavlja hiter \u010das nalaganja, nemoteno ve\u010dopravilnost in gladko igranje v zahtevnih scenarijih.<\/p>\n\n<h2 class=\"wp-block-heading\"><strong>VELIKO PROSTORA ZA SHRANJEVANJE: M.2 NVME 2280 SSD 4TB <\/strong><\/h2>\n\n<p>Pozabite, da vam bo zmanjkalo prostora za shranjevanje s prostornim <a href=\"https:\/\/en.wikipedia.org\/wiki\/NVM_Express#:~:text=NVM%20Express%20(NVMe)%20or%20Non,via%20the%20PCI%20Express%20bus.\">SSD<\/a> diskom M.2 NVME 2280, ki se pona\u0161a z izjemno zmogljivostjo 4 TB. Poslovite se od brisanja iger zaradi prostora; z GPD WIN MAX 2 2023 so mo\u017enosti neskon\u010dne.<\/p>\n\n<h2 class=\"wp-block-heading\"><strong>OSTANITE POVEZANI: WI-FI 6 IN BLUETOOTH 5.2<\/strong><\/h2>\n\n<p>Povezljivost je klju\u010dnega pomena, saj <a href=\"https:\/\/www.theverge.com\/2019\/2\/21\/18232026\/wi-fi-6-speed-explained-router-wifi-how-does-work\">WiFi 6<\/a> zagotavlja bliskovito hitre in stabilne internetne povezave, kar zagotavlja nemoteno igranje spletnih iger. <a href=\"https:\/\/www.bluetooth.com\/bluetooth-resources\/whats-new-in-core-spec-version-5-2\/\">Bluetooth 5.2<\/a> omogo\u010da povezovanje brez\u017ei\u010dnih perifernih naprav za resni\u010dno poglobljeno igralno izku\u0161njo.<\/p>\n\n<h2 class=\"wp-block-heading\"><strong>BREZHIBNA POVEZLJIVOST: VSESTRANSKA VRATA<\/strong><\/h2>\n\n<p>GPD WIN MAX 2 2023 ima vrsto priklju\u010dkov za vse potrebe iger in perifernih naprav. Z 1x USB 4, 1x USB 3.2 Gen 2 Type-C, 2x USB 3.2 Gen 2 Type-A in vhodom OCuLink(SFF-8612) enostavno <a href=\"https:\/\/blog.fosketts.net\/2017\/06\/22\/what-is-oculink\/\" target=\"_blank\" rel=\"noreferrer noopener nofollow\">pove\u017eite zunanje<\/a> naprave. <\/p>\n\n<h2 class=\"wp-block-heading\"><strong>IZBOLJ\u0160ANE FUNKCIJE ZA NEPRIMERLJIVO UDOBJE<\/strong><\/h2>\n\n<p>GPD WIN MAX 2 2023 zagotavlja brezhibno igralno izku\u0161njo s senzorjem prstnih odtisov za hitro in varno odklepanje naprave. Microsoft Precision Touchpad (PTP) zagotavlja gladko in natan\u010dno upravljanje kazalca, osvetljena tipkovnica pa omogo\u010da igranje iger v okoljih s \u0161ibko svetlobo. <\/p>\n\n<h2 class=\"wp-block-heading\"><strong>MO\u010c, KI TRAJA: DOLGOTRAJNA \u017dIVLJENJSKA DOBA BATERIJE<\/strong><\/h2>\n\n<p>67Wh litij-polimerna baterija GPD WIN MAX 2 2023 zagotavlja do 3 ure intenzivne uporabe, 6-8 ur zmerne uporabe in impresivnih 14 ur lahke uporabe, kar zagotavlja zanesljiv in dolgotrajen vir energije za igralce iger.<\/p>\n\n<h2 class=\"wp-block-heading\"><strong>KOMPAKTNA IN LAHKA ZASNOVA<\/strong><\/h2>\n\n<p>GPD WIN MAX 2 2023 zagotavlja zmogljivo delovanje v kompaktni in lahki zasnovi, saj meri le 8,9 x 6,2 x 0,9 palca in tehta le 1005 g. Izdelan je iz visokokakovostnih materialov, zato zagotavlja vzdr\u017eljivost in kakovost izdelave za igranje iger na poti. <\/p>\n\n<h2 class=\"wp-block-heading\"><strong>PREDNAME\u0160\u010cEN OPERACIJSKI SISTEM WINDOWS 11 HOME<\/strong><\/h2>\n\n<p>Na ra\u010dunalniku GPD WIN MAX 2 2023 je predname\u0161\u010den operacijski sistem <a href=\"https:\/\/www.microsoft.com\/en-gb\/windows\/windows-11\" target=\"_blank\" rel=\"noreferrer noopener nofollow\">Windows 11 Home,<\/a> ki z intuitivnim vmesnikom in izbolj\u0161animi igralnimi funkcijami ponuja optimizirano igralno izku\u0161njo.<\/p>\n\n<h2 class=\"wp-block-heading\"><strong>ZAKLJU\u010cEK<\/strong><\/h2>\n\n<p>GPD WIN MAX 2 2023 je vrhunski prenosni igralni ra\u010dunalnik, ki zagotavlja vrhunsko igralno zmogljivost v kompaktni obliki. S procesorjem AMD Ryzen 7 7840U ali Ryzen 5 7640U, grafi\u010dnim procesorjem AMD Radeon 780M in do 64 GB RAM zagotavlja izjemno zmogljivost za zahtevne igre. Zaradi 10,1-pal\u010dnega zaslona za upravljanje na dotik, vsestranskih mo\u017enosti povezljivosti in priro\u010dnih funkcij je igranje iger na poti enostavno. Z dolgotrajnim delovanjem baterije in kompaktno zasnovo u\u017eivajte v igrah brez omejitev.   <\/p>\n\n<h3 class=\"wp-block-heading\"><strong>Prednosti modela GPD WIN MAX 2 2023:<\/strong><\/h3>\n\n<ol class=\"wp-block-list\">\n<li>Powerful Performance: AMD Ryzen 7 7840U CPU and Ryzen 5 7640U with AMD Radeon 780M GPU deliver impressive performance for demanding games.<\/li>\n\n\n\n<li>Compact and Portable: The GPD WIN MAX 2 2023 offers unparalleled portability, making it easy to game on the go.<\/li>\n\n\n\n<li>Stunning Display: The 10.1&#8243; touch control display provides vibrant visuals and a high-resolution experience.<\/li>\n\n\n\n<li>Versatile Connectivity: The GPD WIN MAX 2 2023 offers a range of ports and wireless connectivity options, ensuring seamless integration with peripherals and online gaming experiences.<\/li>\n\n\n\n<li>Ample Storage: The spacious 4TB SSD eliminates the need to constantly delete and reinstall games.<\/li>\n<\/ol>\n\n<h3 class=\"wp-block-heading\">Order Your GPD WIN MAX 2 \u2013 In Stock &amp; Ready to Ship<\/h3>\n\n<p>Get the industry\u2019s most versatile work-and-play hybrid with a full 12-month official warranty.<\/p>\n\n<ul class=\"wp-block-list\">\n<li>Status: In Stock (Ships within 24 hours).<\/li>\n\n\n\n<li>Shipping: Insured worldwide express delivery.<\/li>\n\n\n\n<li>Support: Authorized GPD technical assistance included.<\/li>\n<\/ul>\n\n<p>Preberite na\u0161 celoten pregled GPD WIN MAX 2 2023, <a href=\"https:\/\/droix.net\/blogs\/gpd-win-max-2-2023-review\/\">kjer boste na\u0161li<\/a> podrobne funkcije, merila uspe\u0161nosti, igranje in delovanje emulacije.<\/p>\n","protected":false},"excerpt":{"rendered":"<ul>\n<li>PROCESOR: AMD Ryzen 5 \/ 7<strong> 7640U \/ 7840U <\/strong> <\/li>\n<li>GRAFI\u010cNI PROCESOR: AMD Radeon<strong> 760M \/ 780M<\/strong><\/li>\n<li>RAM: do<strong> 64 GB LPDDR5X @ 6400 MT\/s<\/strong><\/li>\n<li>HRAMBA: do 4 TB SSD <strong>PCI-E<\/strong> NVMe<strong> Gen 3<\/strong> <\/li>\n<li>SODELOVANJE: Podpora Wi-Fi<strong> 6<\/strong> in Bluetooth <strong>5.2<\/strong> <\/li>\n<\/ul>\n[cg_accordion title=\"INFORMACIJE O PLA\u010cILU\"]<\/p>\n<p>Uporabljamo najnovej\u0161o tehnologijo za obdelavo pla\u010dil, ki vam omogo\u010da, da se na blagajno prijavite s svojo debetno\/kreditno kartico ali storitvijo PayPal, kar zagotavlja hitro in varno izku\u0161njo.[\/cg_accordion]\n[cg_accordion title=\"GARANCIJA\"]<\/p>\n<p>2 leti garancije <a href=\"https:\/\/droix.net\/\" target=\"_blank\" rel=\"nofollow noopener\">DROIX Global za<\/a> va\u0161 mir[\/cg_accordion]\n[cg_accordion title=\"ZAGOTAVLJANJE KAKOVOSTI IN TESTIRANJE PRED ODPREMO\"]<\/p>\n<p>Zagotavljanje zadovoljstva strank na najvi\u0161ji ravni: Vsaka naprava je pred odpremo strogo preizku\u0161ena in preverjena v ve\u010d to\u010dkah za zagotavljanje kakovosti. Na\u0161a predana ekipa preveri delovanje, funkcionalnost in celovitost komponent, s \u010dimer zagotovimo, da bo va\u0161a naprava GPD ob prihodu v popolnem delovnem stanju, kar vam zagotavlja zaupanje in mir v du\u0161i. [\/cg_accordion]\n[cg_accordion title=\"CENE, DAVKI IN PO\u0160ILJANJE\"]<\/p>\n<p><strong><u>Opomba:<\/u><\/strong><\/p>\n<ul>\n<li>Zdru\u017eene dr\u017eave Amerike Kupci: Prikazana cena NE vklju\u010duje davka in dajatev. Odgovornost za carinjenje in pla\u010dilo vseh povezanih davkov\/carin nosi kupec. <\/li>\n<li>Stranke iz EU: Prikazana cena vklju\u010duje veljavni davek, ki lahko zna\u0161a do 25 %, odvisno od va\u0161e dr\u017eave.<\/li>\n<li>Kanada Kupci: Prikazana cena vklju\u010duje veljavne davke, ki lahko vklju\u010dujejo 5 % davek na dodano vrednost (GST) in dodatne pokrajinske davke na prodajo (PST), harmonizirani davek na prodajo (HST) ali davek na prodajo v Quebecu (QST), odvisno od va\u0161e province.<\/li>\n<\/ul>\n<p><strong>Samo za stranke iz EU:<\/strong> Ekspresno DDP (dostavljeno s pla\u010dano dajatvijo). To pomeni: <\/p>\n<ul>\n<li>Vse carine in davki so vklju\u010deni v ceno, prikazano na strani izdelka.<\/li>\n<li>Ob dostavi vam ne bo treba pla\u010dati nobenih dodatnih stro\u0161kov.<\/li>\n<li>V redkih primerih te\u017eav, povezanih s carino, bo na\u0161a ekipa v va\u0161em imenu opravila postopek carinjenja in zagotovila nemoteno dostavo.<\/li>\n<p>Pomembne informacije o vra\u010dilih:<\/p>\n<li>\u010ce se odlo\u010dite vrniti naro\u010dilo ali zahtevate vra\u010dilo, se morate zavedati, da davkov in dajatev, pla\u010danih v va\u0161em imenu pod pogoji DDP, ni mogo\u010de vrniti.<\/li>\n<p>Podrobne informacije <a href=\"https:\/\/droix.net\/terms-and-conditions\/\" target=\"_blank\" rel=\"nofollow noopener\">so na voljo v na\u0161ih Pogojih in dolo\u010dilih<\/a>.\n<\/ul>\n<p>[\/cg_accordion]\n[cg_accordion title=\"PODPORA STRANKAM\"]<\/p>\n<p>Imate vpra\u0161anje? Samo kratko besedilo nas lo\u010di od re\u0161itve va\u0161ega vpra\u0161anja! <\/p>\n<p>Podrobne informacije <a href=\"https:\/\/gpdstore.net\/sl\/terms-of-service\/\" target=\"_blank\" rel=\"nofollow noopener\">so na voljo v na\u0161ih Pogojih in dolo\u010dilih<\/a>.\n<\/ul>\n<p>[\/cg_accordion]\n[cg_accordion title=\"KAJ JE VKLJU\u010cENO\"]<\/p>\n<ul>\n<li>1x GPD WIN MAX 2 2023<\/li>\n<li>1x napajalnik<\/li>\n<li>1x kabel USB tipa C<\/li>\n<li>1x uporabni\u0161ki priro\u010dnik<\/li>\n<\/ul>\n<p>[\/cg_accordion]\n","protected":false},"featured_media":168978,"template":"","meta":{"_acf_changed":false},"product_brand":[],"product_cat":[5635],"product_tag":[15930,6609],"woo-feed-brand":[5638],"class_list":{"0":"post-168681","1":"product","2":"type-product","3":"status-publish","4":"has-post-thumbnail","6":"product_cat-rocni-racunalnik-gpd-za-igranje-iger","7":"product_tag-15xmsale-sl","8":"product_tag-gpd-win-max-2-sl","9":"product_shipping_class-premium","10":"pa_bluetooth-5-2-sl","11":"pa_brand-gpd","12":"pa_graphics-gpu-model-graficna-kartica-intel-iris-xe","13":"pa_graphics-gpu-model-radeon-760m-sl","14":"pa_i-o-video-1x-hdmi-2-1-sl","15":"pa_i-o-video-1x-oculink-sl","16":"pa_i-o-video-prek-1x-usb-4-0-type-c-40gb-s","17":"pa_memory-ram-capacity-16-gb-sl","18":"pa_memory-ram-capacity-32-gb-sl","19":"pa_memory-ram-capacity-64-gb-sl","20":"pa_memory-ram-technology-lpddr5x-sl","21":"pa_processor-cpu-model-amd-ryzen-5-7640u","22":"pa_processor-cpu-model-amd-ryzen-7-7840u","23":"pa_storage-capacity-1-tb-sl","24":"pa_storage-capacity-2tb-sl-2","25":"pa_storage-capacity-4-tb-sl","26":"pa_storage-technology-pcie-gen-3-sl","27":"pa_wi-fi-wi-fi-6-sl","28":"woo-feed-brand-gpd-sl","30":"first","31":"outofstock","32":"sale","33":"taxable","34":"shipping-taxable","35":"purchasable","36":"product-type-variable","37":"has-default-attributes"},"acf":[],"aioseo_notices":[],"_links":{"self":[{"href":"https:\/\/gpdstore.net\/sl\/wp-json\/wp\/v2\/product\/168681","targetHints":{"allow":["GET"]}}],"collection":[{"href":"https:\/\/gpdstore.net\/sl\/wp-json\/wp\/v2\/product"}],"about":[{"href":"https:\/\/gpdstore.net\/sl\/wp-json\/wp\/v2\/types\/product"}],"wp:featuredmedia":[{"embeddable":true,"href":"https:\/\/gpdstore.net\/sl\/wp-json\/wp\/v2\/media\/168978"}],"wp:attachment":[{"href":"https:\/\/gpdstore.net\/sl\/wp-json\/wp\/v2\/media?parent=168681"}],"wp:term":[{"taxonomy":"product_brand","embeddable":true,"href":"https:\/\/gpdstore.net\/sl\/wp-json\/wp\/v2\/product_brand?post=168681"},{"taxonomy":"product_cat","embeddable":true,"href":"https:\/\/gpdstore.net\/sl\/wp-json\/wp\/v2\/product_cat?post=168681"},{"taxonomy":"product_tag","embeddable":true,"href":"https:\/\/gpdstore.net\/sl\/wp-json\/wp\/v2\/product_tag?post=168681"},{"taxonomy":"woo-feed-brand","embeddable":true,"href":"https:\/\/gpdstore.net\/sl\/wp-json\/wp\/v2\/woo-feed-brand?post=168681"}],"curies":[{"name":"wp","href":"https:\/\/api.w.org\/{rel}","templated":true}]}}