{"id":160816,"date":"2023-11-17T14:17:25","date_gmt":"2023-11-17T14:17:25","guid":{"rendered":"https:\/\/gpdstore.net\/nekategorizirano\/gpd-win-4-2023-igralni-rocni-racunalnik\/"},"modified":"2026-01-09T00:13:12","modified_gmt":"2026-01-09T00:13:12","slug":"gpd-win-4-2023","status":"publish","type":"product","link":"https:\/\/gpdstore.net\/sl\/product\/gpd-win-4-2023\/","title":{"rendered":"GPD WIN 4 2023 Igralni ro\u010dni ra\u010dunalnik"},"content":{"rendered":"\n<figure class=\"wp-block-video\"><video controls=\"\" muted=\"\" poster=\"https:\/\/gpdstore.net\/wp-content\/uploads\/2024\/03\/gpd-win4-indiegogo-time-is-here-v0-te3iiclycf5a1.webp\" src=\"https:\/\/gpdstore.net\/wp-content\/uploads\/\"><\/video><\/figure>\n\n<div class=\"wp-block-columns is-layout-flex wp-container-core-columns-is-layout-28f84493 wp-block-columns-is-layout-flex\">\n<div class=\"wp-block-column is-layout-flow wp-block-column-is-layout-flow\" style=\"flex-basis:33.33%\">\n<figure class=\"wp-block-image size-full\"><img fetchpriority=\"high\" decoding=\"async\" width=\"1000\" height=\"1000\" src=\"https:\/\/gpdstore.net\/wp-content\/uploads\/2024\/05\/GPD-WIN-4-2024-WHITE-DONE-LISTING-IMAGE-5.jpg\" alt=\"gpd win 4 v beli barvi\" class=\"wp-image-1555\" srcset=\"https:\/\/gpdstore.net\/wp-content\/uploads\/2024\/05\/GPD-WIN-4-2024-WHITE-DONE-LISTING-IMAGE-5.jpg 1000w, https:\/\/gpdstore.net\/wp-content\/uploads\/2024\/05\/GPD-WIN-4-2024-WHITE-DONE-LISTING-IMAGE-5-600x600.jpg 600w, https:\/\/gpdstore.net\/wp-content\/uploads\/2024\/05\/GPD-WIN-4-2024-WHITE-DONE-LISTING-IMAGE-5-150x150.jpg 150w, https:\/\/gpdstore.net\/wp-content\/uploads\/2024\/05\/GPD-WIN-4-2024-WHITE-DONE-LISTING-IMAGE-5-768x768.jpg 768w, https:\/\/gpdstore.net\/wp-content\/uploads\/2024\/05\/GPD-WIN-4-2024-WHITE-DONE-LISTING-IMAGE-5-990x990.jpg 990w, https:\/\/gpdstore.net\/wp-content\/uploads\/2024\/05\/GPD-WIN-4-2024-WHITE-DONE-LISTING-IMAGE-5-441x441.jpg 441w, https:\/\/gpdstore.net\/wp-content\/uploads\/2024\/05\/GPD-WIN-4-2024-WHITE-DONE-LISTING-IMAGE-5-100x100.jpg 100w\" sizes=\"(max-width: 1000px) 100vw, 1000px\" \/><\/figure>\n<\/div>\n\n\n\n<div class=\"wp-block-column is-layout-flow wp-block-column-is-layout-flow\" style=\"flex-basis:66.66%\">\n<h2 class=\"wp-block-heading\"><strong>Dobrodo\u0161li v programu GPD WIN 4 2023: Va\u0161a najbolj\u0161a igralna izku\u0161nja na poti<\/strong><\/h2>\n\n\n\n<p>Poslovite se od omejitev doma\u010de igralne opreme in pozdravite svobodo igranja kjerkoli in kadarkoli! Predstavljamo vam <g id=\"gid_0\">GPD WIN 4 2023<\/g>, vrhunski prenosni igri\u010darski ra\u010dunalnik, ki vam omogo\u010da, da na poti sprostite svoje igralne sposobnosti. Ta izjemna naprava brezhibno zdru\u017euje mo\u010d zmogljivega igralnega ra\u010dunalnika in priro\u010dnost prenosne naprave, tako da se lahko potopite v svoje najljub\u0161e igre, kamor koli vas \u017eivljenje zanese.  <br\/><\/p>\n<\/div>\n<\/div>\n\n<h2 class=\"wp-block-heading has-text-align-center\">Zgrajen za zmago: Natan\u010dno krmiljenje, obse\u017eno skladi\u0161\u010de in napredno hlajenje<\/h2>\n\n<div class=\"wp-block-columns is-layout-flex wp-container-core-columns-is-layout-28f84493 wp-block-columns-is-layout-flex\">\n<div class=\"wp-block-column is-layout-flow wp-block-column-is-layout-flow\">\n<figure class=\"wp-block-image size-full\"><img decoding=\"async\" src=\"https:\/\/gpdstore.net\/wp-content\/uploads\/\" alt=\"analogna palica za gpd win 4\" class=\"wp-image-1557\"\/><\/figure>\n\n\n\n<h3 class=\"wp-block-heading\"><strong><strong><strong>Najbolj\u0161i nadzor:<\/strong> 3D Joysticki ALPS in 6-osno gibanje.<\/strong><\/strong><\/h3>\n\n\n\n<p>GPD WIN 4 2023 ponuja vrhunsko igralno izku\u0161njo s svojimi krmilniki ALPS 3D in igralnimi gumbi. Ti visokokakovostni gumbi zagotavljajo natan\u010den vnos in optimalno povratno informacijo, kar zagotavlja natan\u010dno in poglobljeno igranje. S 6-osnim \u017eiroskopom boste u\u017eivali v izbolj\u0161anem nadzoru gibanja, ki omogo\u010da intuitivno gibanje v zdru\u017eljivih igrah. Dvojni vibracijski motorji \u0161e dodatno izbolj\u0161ajo va\u0161o igralno izku\u0161njo, saj zagotavljajo otipne povratne informacije, ki va\u0161im dogodiv\u0161\u010dinam dodajo novo raven poglobitve.   <\/p>\n<\/div>\n\n\n\n<div class=\"wp-block-column is-layout-flow wp-block-column-is-layout-flow\">\n<figure class=\"wp-block-image size-full\"><img decoding=\"async\" width=\"300\" height=\"300\" src=\"https:\/\/gpdstore.net\/wp-content\/uploads\/2024\/05\/078c9d42-e74f-4fb3-893b-5f22ffd9d6ed.__CR1300600600_PT0_SX300_V1___.jpg\" alt=\"ssd v sistemu gpd win 4\" class=\"wp-image-1558\" srcset=\"https:\/\/gpdstore.net\/wp-content\/uploads\/2024\/05\/078c9d42-e74f-4fb3-893b-5f22ffd9d6ed.__CR1300600600_PT0_SX300_V1___.jpg 300w, https:\/\/gpdstore.net\/wp-content\/uploads\/2024\/05\/078c9d42-e74f-4fb3-893b-5f22ffd9d6ed.__CR1300600600_PT0_SX300_V1___-150x150.jpg 150w, https:\/\/gpdstore.net\/wp-content\/uploads\/2024\/05\/078c9d42-e74f-4fb3-893b-5f22ffd9d6ed.__CR1300600600_PT0_SX300_V1___-100x100.jpg 100w\" sizes=\"(max-width: 300px) 100vw, 300px\" \/><\/figure>\n\n\n\n<h3 class=\"wp-block-heading\"><strong><strong><strong>Ni\u010delna zakasnitev:<\/strong> Odpravite \u010das nalaganja z do 4 TB PCIe 4.0 SSD shrambe.<\/strong><\/strong><\/h3>\n\n\n\n<p>GPD WIN 4 2023 ponuja veliko mo\u017enosti shranjevanja, ki bodo zadovoljile va\u0161o knji\u017enico iger in ve\u010dpredstavnostne potrebe. S PCIe 4.0 M.2 2280 SSD lahko izbirate med 512 GB, 2 TB ali kar 4 TB prostora za shranjevanje. Ta hitri SSD zagotavlja hiter dostop do podatkov in kraj\u0161i \u010das nalaganja, tako da lahko nemudoma za\u010dnete igrati svoje najljub\u0161e igre. S tako veliko zmogljivostjo shranjevanja vam nikoli ne bo treba skrbeti, da bi zmanjkalo prostora za nara\u0161\u010dajo\u010do zbirko iger, filmov ali drugih medijskih datotek.    <\/p>\n<\/div>\n\n\n\n<div class=\"wp-block-column is-layout-flow wp-block-column-is-layout-flow\">\n<figure class=\"wp-block-image size-full\"><img decoding=\"async\" width=\"300\" height=\"300\" src=\"https:\/\/gpdstore.net\/wp-content\/uploads\/2024\/05\/a8eb6f30-f8ed-4e5f-8fa9-fd52740523bc.__CR1530747747_PT0_SX300_V1___.jpg\" alt=\"hladilni sistem za gpd win mini\" class=\"wp-image-1559\" srcset=\"https:\/\/gpdstore.net\/wp-content\/uploads\/2024\/05\/a8eb6f30-f8ed-4e5f-8fa9-fd52740523bc.__CR1530747747_PT0_SX300_V1___.jpg 300w, https:\/\/gpdstore.net\/wp-content\/uploads\/2024\/05\/a8eb6f30-f8ed-4e5f-8fa9-fd52740523bc.__CR1530747747_PT0_SX300_V1___-150x150.jpg 150w, https:\/\/gpdstore.net\/wp-content\/uploads\/2024\/05\/a8eb6f30-f8ed-4e5f-8fa9-fd52740523bc.__CR1530747747_PT0_SX300_V1___-100x100.jpg 100w\" sizes=\"(max-width: 300px) 100vw, 300px\" \/><\/figure>\n\n\n\n<h3 class=\"wp-block-heading\"><strong><strong><strong>Vrhunska zmogljivost:<\/strong> Prepre\u010devanje du\u0161enja s 50 % u\u010dinkovitej\u0161im hladilnim sistemom z dvojnimi toplotnimi cevmi.<\/strong><\/strong><\/h3>\n\n\n\n<p>GPD WIN 4 2023 ima izpopolnjen hladilni sistem, ki zagotavlja optimalno delovanje tudi med dalj\u0161imi igralnimi seansami. Z debelimi dvojnimi toplotnimi cevmi ta prenosni igralni ra\u010dunalnik v primerjavi s prej\u0161njimi modeli pove\u010da toplotno u\u010dinkovitost za 50 %. Izbolj\u0161ano odvajanje toplote zagotavlja, da naprava pri velikih obremenitvah ostane hladna, kar prepre\u010duje zmanj\u0161evanje zmogljivosti ter omogo\u010da nemoteno in neprekinjeno igranje.  <\/p>\n<\/div>\n<\/div>\n\n<h2 class=\"wp-block-heading\">GPD WIN 4 2024: Preboj na podro\u010dju prenosnih igralnih ra\u010dunalnikov<\/h2>\n\n<figure class=\"wp-block-image size-large\"><img decoding=\"async\" src=\"https:\/\/gpdstore.net\/wp-content\/uploads\/\" alt=\"gpd win 4 v beli barvi\" class=\"wp-image-1626\"\/><\/figure>\n\n<h2 class=\"wp-block-heading\"><strong>Neprimerljiva zmogljivost: Procesorji AMD Ryzen 7 in 5<\/strong><\/h2>\n\n<p>Jedro ra\u010dunalnika <strong>GPD WIN 4 2023 je<\/strong> <a href=\"https:\/\/www.amd.com\/en\/products\/apu\/amd-ryzen-7-7840u\" target=\"_blank\" rel=\"noreferrer noopener\">procesor AMD Ryzen 7 7840U<\/a> z 8 jedri in 16 nitmi s frekvenco do 5,1 GHz ter AMD Ryzen 5 7640U <a href=\"https:\/\/www.amd.com\/en\/products\/apu\/amd-ryzen-5-7640u\" target=\"_blank\" rel=\"noreferrer noopener\">s 6 jedri in<\/a> 12 nitmi s frekvenco do 4,9 GHz. V kombinaciji z grafi\u010dnimi procesorji AMD Radeon GPD <strong>WIN 4 2023 zagotavlja<\/strong> nemoteno igranje tudi najzahtevnej\u0161ih iger. Zmogljiva grafi\u010dna kartica zagotavlja osupljive vizualne u\u010dinke in gladko hitrost sli\u010dic na sekundo, s \u010dimer zagotavlja poglobljeno igralno izku\u0161njo, ne glede na to, ali raziskujete obse\u017ene odprte svetove ali sodelujete v intenzivnih bitkah za ve\u010d igralcev.<\/p>\n\n<h2 class=\"wp-block-heading\"><strong>Sprostite svojo ustvarjalnost: Do 64 GB LPDDR5X RAM-a<\/strong><\/h2>\n\n<p>Za dopolnitev neverjetne zmogljivosti <strong>je<\/strong> ra\u010dunalnik GPD <strong>WIN 4 2023 opremljen<\/strong> z 32 GB ali 64 GB RAM LPDDR5X pri modelu 7840U in 16 GB <a href=\"https:\/\/en.wikipedia.org\/wiki\/LPDDR\" target=\"_blank\" rel=\"noreferrer noopener\">RAM LPDDR5X pri<\/a> modelu 7640U. Z bliskovito hitrim pomnilnikom s hitrostjo 6400 MT\/s se lahko hitro nalagate in nemoteno izvajate ve\u010dopravilnost. Poslovite se od zaostankov in u\u017eivajte v neprekinjenem igranju, medtem ko osvajate naloge, raziskujete nova kraljestva ali izdelujete virtualne mojstrovine.<\/p>\n\n<h2 class=\"wp-block-heading\"><strong>O\u010darljive vizualne podobe: 6-pal\u010dni zaslon na dotik<\/strong><\/h2>\n\n<p>Do\u017eivite igranje iger kot \u0161e nikoli prej z osupljivim 6-pal\u010dnim zaslonom na dotik na <strong>GPD WIN 4 2023<\/strong>. Z lo\u010dljivostjo Full HD (1920&#215;1080) in gostoto slikovnih pik 368 <a href=\"https:\/\/en.wikipedia.org\/wiki\/Pixel_density\" target=\"_blank\" rel=\"noreferrer noopener\">PPI<\/a> je vsak kader prikazan natan\u010dno in jasno. Zaslon podpira frekvenco osve\u017eevanja 44 Hz in 60 Hz, kar zagotavlja nemoteno igranje in zmanj\u0161uje zamegljenost gibanja. Potopite se v o\u010darljive svetove svojih najljub\u0161ih iger z vizualnimi podobami, ki o\u017eivijo.   <\/p>\n\n<h2 class=\"wp-block-heading\"><strong>Enostavno tipkanje: Tipkovnica QWERTY z nastavljivo osvetlitvijo ozadja<\/strong><\/h2>\n\n<p><strong>Spletna stranGPD WIN 4 2023<\/strong> je zasnovana za udobje in ima tipkovnico QWERTY s \u0161karjastimi preklopnimi tipkami. Ta tipkovnica omogo\u010da otipljivo tipkanje in vam omogo\u010da klepet s prijatelji, brskanje po spletu ali pisanje zapiskov brez te\u017eav. Vedno vklopljena nastavljiva osvetlitev zagotavlja, da lahko igranje iger ali delo nadaljujete tudi v slabo osvetljenih okoljih. Z udobno in vsestransko tipkovnico <strong>GPD WIN 4 2023<\/strong> brez te\u017eav prehajajte z igranja iger na produktivnost.   <\/p>\n\n<h2 class=\"wp-block-heading\"><strong>Teko\u010da navigacija: Opti\u010dna navigacija s prsti<\/strong><\/h2>\n\n<p>Navigacija po najljub\u0161ih igrah in aplikacijah je z opti\u010dno navigacijo s prsti na <strong>GPD WIN 4 2023<\/strong> enostavna. Poslovite se od okornih plo\u0161\u010dic na dotik in u\u017eivajte v natan\u010dnem in odzivnem upravljanju s to intuitivno funkcijo. Ne glede na to, ali se pomikate po menijih ali raziskujete obse\u017ena okolja, opti\u010dna navigacija s prsti zagotavlja gladko in natan\u010dno navigacijo za brezhibno uporabni\u0161ko izku\u0161njo.  <\/p>\n\n<h2 class=\"wp-block-heading\"><strong>Vsestranska povezljivost: USB4, OCuLink, USB Type-C in re\u017ea za kartico microSD<\/strong><\/h2>\n\n<figure class=\"wp-block-image size-full\"><img decoding=\"async\" src=\"https:\/\/gpdstore.net\/wp-content\/uploads\/\" alt=\"gpd win 4 z gpd g1\" class=\"wp-image-1625\"\/><\/figure>\n\n<p><strong>Spletna stranGPD WIN 4 2023<\/strong> s \u0161tevilnimi mo\u017enostmi poskrbi za va\u0161e potrebe po povezljivosti. Vrata USB4 vam omogo\u010dajo priklju\u010ditev zunanjih naprav in perifernih elementov, s \u010dimer raz\u0161irite svoje igralne mo\u017enosti. Vrata <a href=\"https:\/\/droix.net\/blogs\/oculink-transforming-graphics-card-connectivity\/\" target=\"_blank\" rel=\"noreferrer noopener\">OCuLink<\/a> zagotavljajo neposredno povezavo <a href=\"https:\/\/en.wikipedia.org\/wiki\/PCI_Express\" target=\"_blank\" rel=\"noreferrer noopener\">PCIe<\/a> Gen4 x4 z impresivno efektivno pasovno \u0161irino 63 Gb\/s in podpirajo bliskovit prenos podatkov, GPD G1 Docking Station pa omogo\u010da dodatne mo\u017enosti povezovanja. Vrata USB Type-C zagotavljajo zdru\u017eljivost z razli\u010dnimi napravami, re\u017ea za kartice microSD pa omogo\u010da priro\u010dno raz\u0161iritev pomnilnika.   <\/p>\n\n<h2 class=\"wp-block-heading\"><strong>Povezljivost visoke hitrosti: Wi-Fi 6 in Bluetooth 5.2<\/strong><\/h2>\n\n<p>Ostanite brezhibno povezani z mo\u017enostjo Wi-Fi 6 v ra\u010dunalniku <strong>GPD WIN 4 2023<\/strong>. Ponuja hitrosti do 2042 Mb\/s, zato u\u017eivajte v spletnem igranju brez zamikov, nemotenem pretakanju in hitrem prena\u0161anju. Poslovite se od zaostankov in u\u017eivajte v stabilni in odzivni povezavi, kamor koli vas bodo popeljale va\u0161e dogodiv\u0161\u010dine. Ne glede na to, ali se spopadate z nasprotniki na spletu ali pretakate svoje najljub\u0161e vsebine, vam <strong>GPD WIN 4 2023<\/strong> zagotavlja povezavo z neprimerljivo hitrostjo.   <\/p>\n\n<h2 class=\"wp-block-heading\"><strong>Izbirni modul 4G LTE: Ostanite povezani kjerkoli.<\/strong><\/h2>\n\n<p>Za tiste, ki si \u017eelijo neprekinjene povezljivosti zunaj omre\u017eij Wi-Fi, je v telefonu <strong>GPD WIN 4 2023<\/strong> na voljo dodatni modul GPD 4G LTE. Ta modul podpira omre\u017eja 4G TD-LTE, FDD-LTE in 3G CDMA ter zagotavlja, da ostanete povezani, kjer koli ste. Preprosto vstavite kartico Nano-SIM in na poti boste imeli dostop do hitrih in zanesljivih mobilnih podatkov. Ostanite povezani s prijatelji, sodelujte v spletnem ve\u010digralstvu in u\u017eivajte v pretakanju zabave, ne da bi bili odvisni od omre\u017eij Wi-Fi.   <\/p>\n\n<h2 class=\"wp-block-heading\"><strong>Predstavljamo MotionAssistant: Izbolj\u0161ajte svojo igralno izku\u0161njo<\/strong><\/h2>\n\n<p>Za \u0161e bolj\u0161o igralno izku\u0161njo je <strong>GPD WIN 4 2023<\/strong> opremljen z zmogljivo programsko opremo MotionAssistant. To orodje, razvito posebej za serijo ro\u010dnih igralnih naprav GPD, ponuja \u0161tevilne funkcije za optimizacijo, s katerimi lahko natan\u010dno prilagodite svojo igralno izku\u0161njo. Od ugla\u0161evanja TDP v korakih po 1 W do frekvence zaklepanja grafi\u010dnega procesorja, imate popoln nadzor nad zmogljivostjo svoje naprave. Vnaprej dolo\u010dene nastavitve porabe energije vam omogo\u010dajo, da uravnote\u017eite zmogljivost in trajanje baterije v skladu s svojimi potrebami. Programska oprema omogo\u010da tudi bli\u017enji\u010dne tipke za preklapljanje v ospredje, prekrivanje igralnega zaslona za hiter dostop do bistvenih funkcij in prilagojeno preslikavo gumbov za nazaj na bli\u017enji\u010dne tipke. S programom MotionAssistant spreminjajte nastavitve, ne da bi prekinili igranje, zato je optimizacija igralne izku\u0161nje la\u017eja kot kdaj koli prej.     <\/p>\n\n<h2 class=\"wp-block-heading\"><strong>Zaklju\u010dek<\/strong><\/h2>\n\n<p><strong>GPD WIN 4 2023<\/strong> na novo opredeljuje igranje iger na poti, saj ponuja kompaktno obliko z zmogljivo strojno opremo, o\u010darljivim zaslonom, udobnim upravljanjem in vsestransko povezljivostjo. Ne glede na to, ali ste prilo\u017enostni igralec, ki u\u017eiva v svojih najljub\u0161ih naslovih, ali resen navdu\u0161enec, ki i\u0161\u010de visokozmogljivo igranje iger na poti, je <strong>GPD WIN 4 2023<\/strong> popoln spremljevalec. S to izjemno napravo sprostite svojo igralno mo\u010d kjerkoli in kadarkoli. Pripravite se na novo opredelitev prenosnega igranja z napravo <strong>GPD WIN 4 2023<\/strong>.   <\/p>\n\n<h3 class=\"wp-block-heading\"><strong>Prednosti programa GPD WIN 4 2023:<\/strong><\/h3>\n\n<ol class=\"wp-block-list\">\n<li><strong>Mo\u010dna zmogljivost:<\/strong> Ryzen serije 5 in 7 ter grafi\u010dni procesor, ki zagotavljata izjemno zmogljivost pri igranju iger in ve\u010dopravilnost.<\/li>\n\n\n\n<li><strong>Kompaktna in prenosna zasnova:<\/strong> Prenosna oblika omogo\u010da udobno igranje iger na poti. Je lahek in ga zlahka spravite v torbo, tako da lahko u\u017eivate v igranju iger, kjer koli ste. <\/li>\n\n\n\n<li><strong>Vsestranska povezljivost:<\/strong> USB4, Oculink, USB Type-C in re\u017ea za kartico microSD. Te mo\u017enosti zagotavljajo prilagodljivost za priklju\u010ditev zunanjih naprav in raz\u0161iritev shrambe. <\/li>\n\n\n\n<li><strong>Mo\u017enosti prilagajanja:<\/strong> S programsko opremo MotionAssistant lahko prilagodite in optimizirate svojo igralno izku\u0161njo. Od nastavitev TDP do kartiranja gumbov po meri, prilagodite napravo svojim \u017eeljam. <\/li>\n\n\n\n<li><strong>Re\u0161itev za igranje iger &#8220;vse v enem&#8221;:<\/strong> Tako se odpravi potreba po lo\u010denih igralnih konzolah in omogo\u010di u\u017eivanje v \u0161irokem naboru iger v eni napravi.<\/li>\n<\/ol>\n\n<h3 class=\"wp-block-heading\"><strong>Slabosti GPD WIN 4 2023:<\/strong><\/h3>\n\n<ol class=\"wp-block-list\">\n<li><strong>Omejena velikost zaslona:<\/strong> V primerjavi z ve\u010djimi igri\u010darskimi ro\u010dnimi ra\u010dunalniki ali namiznimi monitorji se lahko zdi majhen, kar lahko pri nekaterih igralcih vpliva na poglobljeno izku\u0161njo.<\/li>\n\n\n\n<li><strong>Zmanj\u0161ana velikost tipkovnice:<\/strong> Zaradi kompaktne oblike je tipkovnica manj\u0161a in uporabniki, ki so navajeni na tipkovnice polne velikosti, se bodo morda morali nanjo nekaj \u010dasa prilagajati.<\/li>\n\n\n\n<li><strong>Odvisnost od baterije<\/strong>: Ker je GPD WIN 4 2023 prenosna naprava, se napaja iz notranje baterije. Pri dalj\u0161ih igralnih seansah je morda potrebno pogosto polnjenje, kar omejuje neprekinjeno igranje. <\/li>\n<\/ol>\n","protected":false},"excerpt":{"rendered":"<ul>\n<li>PROCESOR: AMD Ryzen 5 \/ 7<strong> 7640U \/ 7840U <\/strong> <\/li>\n<li>GRAFI\u010cNI PROCESOR: AMD Radeon<strong> 760M \/ 780M<\/strong><\/li>\n<li>RAM: do<strong> 64 GB LPDDR5X @ 6400 MT\/s<\/strong><\/li>\n<li>HRAMBA: do 4 TB SSD <strong>PCI-E<\/strong> NVMe<strong> Gen 4<\/strong> <\/li>\n<li>SODELOVANJE: Podpora Wi-Fi<strong> 6<\/strong> in Bluetooth <strong>5.2<\/strong> <\/li>\n<\/ul>\n<p><img loading=\"lazy\" decoding=\"async\" src=\"https:\/\/gpdstore.net\/wp-content\/uploads\/2024\/03\/WIN-4-FREE-GIFTS.jpg\" alt=\"\" width=\"2000\" height=\"500\" class=\"alignnone size-full wp-image-4175\" srcset=\"https:\/\/gpdstore.net\/wp-content\/uploads\/2024\/03\/WIN-4-FREE-GIFTS.jpg 2000w, https:\/\/gpdstore.net\/wp-content\/uploads\/2024\/03\/WIN-4-FREE-GIFTS-600x150.jpg 600w, https:\/\/gpdstore.net\/wp-content\/uploads\/2024\/03\/WIN-4-FREE-GIFTS-1200x300.jpg 1200w, https:\/\/gpdstore.net\/wp-content\/uploads\/2024\/03\/WIN-4-FREE-GIFTS-768x192.jpg 768w, https:\/\/gpdstore.net\/wp-content\/uploads\/2024\/03\/WIN-4-FREE-GIFTS-1536x384.jpg 1536w, https:\/\/gpdstore.net\/wp-content\/uploads\/2024\/03\/WIN-4-FREE-GIFTS-360x90.jpg 360w, https:\/\/gpdstore.net\/wp-content\/uploads\/2024\/03\/WIN-4-FREE-GIFTS-990x248.jpg 990w, https:\/\/gpdstore.net\/wp-content\/uploads\/2024\/03\/WIN-4-FREE-GIFTS-441x110.jpg 441w, https:\/\/gpdstore.net\/wp-content\/uploads\/2024\/03\/WIN-4-FREE-GIFTS-150x38.jpg 150w\" sizes=\"(max-width: 2000px) 100vw, 2000px\" \/><\/p>\n[cg_accordion title=\"INFORMACIJE O PLA\u010cILU\"]<\/p>\n<p>Uporabljamo najnovej\u0161o tehnologijo za obdelavo pla\u010dil, ki vam omogo\u010da, da se na blagajno prijavite s svojo debetno\/kreditno kartico ali storitvijo PayPal, kar zagotavlja hitro in varno izku\u0161njo.[\/cg_accordion]\n[cg_accordion title=\"GARANCIJA\"]<\/p>\n<p>2 leti garancije <a href=\"https:\/\/droix.net\/\" target=\"_blank\" rel=\"nofollow noopener\">DROIX Global za<\/a> va\u0161 mir[\/cg_accordion]\n[cg_accordion title=\"ZAGOTAVLJANJE KAKOVOSTI IN TESTIRANJE PRED ODPREMO\"]<\/p>\n<p>Zagotavljanje zadovoljstva strank na najvi\u0161ji ravni: Vsaka naprava je pred odpremo strogo preizku\u0161ena in preverjena v ve\u010d to\u010dkah za zagotavljanje kakovosti. Na\u0161a predana ekipa preveri delovanje, funkcionalnost in celovitost komponent, s \u010dimer zagotovimo, da bo va\u0161a naprava GPD ob prihodu v popolnem delovnem stanju, kar vam zagotavlja zaupanje in mir v du\u0161i. [\/cg_accordion]\n[cg_accordion title=\"CENE, DAVKI IN PO\u0160ILJANJE\"]<\/p>\n<p><strong><u>Opomba:<\/u><\/strong><\/p>\n<ul>\n<li>Zdru\u017eene dr\u017eave Amerike Kupci: Prikazana cena NE vklju\u010duje davka in dajatev. Odgovornost za carinjenje in pla\u010dilo vseh povezanih davkov\/carin nosi kupec. <\/li>\n<li>Stranke iz EU: Prikazana cena vklju\u010duje veljavni davek, ki lahko zna\u0161a do 25 %, odvisno od va\u0161e dr\u017eave.<\/li>\n<li>Kanada Kupci: Prikazana cena vklju\u010duje veljavne davke, ki lahko vklju\u010dujejo 5 % davek na dodano vrednost (GST) in dodatne pokrajinske davke na prodajo (PST), harmonizirani davek na prodajo (HST) ali davek na prodajo v Quebecu (QST), odvisno od va\u0161e province.<\/li>\n<\/ul>\n<p><strong>Samo za stranke iz EU:<\/strong> Ekspresno DDP (dostavljeno s pla\u010dano dajatvijo). To pomeni: <\/p>\n<ul>\n<li>Vse carine in davki so vklju\u010deni v ceno, prikazano na strani izdelka.<\/li>\n<li>Ob dostavi vam ne bo treba pla\u010dati nobenih dodatnih stro\u0161kov.<\/li>\n<li>V redkih primerih te\u017eav, povezanih s carino, bo na\u0161a ekipa v va\u0161em imenu opravila postopek carinjenja in zagotovila nemoteno dostavo.<\/li>\n<p>Pomembne informacije o vra\u010dilih:<\/p>\n<li>\u010ce se odlo\u010dite vrniti naro\u010dilo ali zahtevate vra\u010dilo, se morate zavedati, da davkov in dajatev, pla\u010danih v va\u0161em imenu pod pogoji DDP, ni mogo\u010de vrniti.<\/li>\n<p>Podrobne informacije <a href=\"https:\/\/droix.net\/terms-and-conditions\/\" target=\"_blank\" rel=\"nofollow noopener\">so na voljo v na\u0161ih Pogojih in dolo\u010dilih<\/a>.\n<\/ul>\n<p>[\/cg_accordion]\n[cg_accordion title=\"PODPORA STRANKAM\"]<\/p>\n<p>Imate vpra\u0161anje? Samo kratko besedilo nas lo\u010di od re\u0161itve va\u0161ega vpra\u0161anja! <\/p>\n<p>Podrobne informacije <a href=\"https:\/\/gpdstore.net\/sl\/terms-of-service\/\" target=\"_blank\" rel=\"nofollow noopener\">so na voljo v na\u0161ih Pogojih in dolo\u010dilih<\/a>.\n<\/ul>\n<p>[\/cg_accordion]\n[cg_accordion title=\"KAJ JE VKLJU\u010cENO\"]<\/p>\n<ul>\n<li>1x GPD WIN 4 2023<\/li>\n<li>1x napajalnik<\/li>\n<li>1x kabel USB tipa C<\/li>\n<li>1x uporabni\u0161ki priro\u010dnik<\/li>\n<\/ul>\n<p>[\/cg_accordion]\n","protected":false},"featured_media":161116,"template":"","meta":{"_acf_changed":false},"product_brand":[],"product_cat":[5635],"product_tag":[6702],"woo-feed-brand":[5638],"class_list":{"0":"post-160816","1":"product","2":"type-product","3":"status-publish","4":"has-post-thumbnail","6":"product_cat-rocni-racunalnik-gpd-za-igranje-iger","7":"product_tag-gpd-win-4-sl","8":"product_shipping_class-premium","9":"pa_bluetooth-5-2-sl","10":"pa_brand-gpd","11":"pa_graphics-gpu-model-radeon-760m-sl","12":"pa_graphics-gpu-model-radeon-780m-sl","13":"pa_i-o-video-1x-oculink-sl","14":"pa_i-o-video-prek-1x-usb-4-0-type-c-40gb-s","15":"pa_memory-ram-capacity-16-gb-sl","16":"pa_memory-ram-capacity-32-gb-sl","17":"pa_memory-ram-capacity-64-gb-sl","18":"pa_memory-ram-technology-lpddr5x-sl","19":"pa_processor-cpu-model-amd-ryzen-5-7640u","20":"pa_processor-cpu-model-amd-ryzen-7-7840u","21":"pa_storage-capacity-1-tb-sl","22":"pa_storage-capacity-2tb-sl-2","23":"pa_storage-capacity-4-tb-sl","24":"pa_storage-capacity-512-gb-sl","25":"pa_storage-technology-pcie-gen-4-sl","26":"pa_wi-fi-wi-fi-6-sl","27":"woo-feed-brand-gpd-sl","29":"first","30":"outofstock","31":"sale","32":"taxable","33":"shipping-taxable","34":"purchasable","35":"product-type-variable","36":"has-default-attributes"},"acf":[],"aioseo_notices":[],"_links":{"self":[{"href":"https:\/\/gpdstore.net\/sl\/wp-json\/wp\/v2\/product\/160816","targetHints":{"allow":["GET"]}}],"collection":[{"href":"https:\/\/gpdstore.net\/sl\/wp-json\/wp\/v2\/product"}],"about":[{"href":"https:\/\/gpdstore.net\/sl\/wp-json\/wp\/v2\/types\/product"}],"wp:featuredmedia":[{"embeddable":true,"href":"https:\/\/gpdstore.net\/sl\/wp-json\/wp\/v2\/media\/161116"}],"wp:attachment":[{"href":"https:\/\/gpdstore.net\/sl\/wp-json\/wp\/v2\/media?parent=160816"}],"wp:term":[{"taxonomy":"product_brand","embeddable":true,"href":"https:\/\/gpdstore.net\/sl\/wp-json\/wp\/v2\/product_brand?post=160816"},{"taxonomy":"product_cat","embeddable":true,"href":"https:\/\/gpdstore.net\/sl\/wp-json\/wp\/v2\/product_cat?post=160816"},{"taxonomy":"product_tag","embeddable":true,"href":"https:\/\/gpdstore.net\/sl\/wp-json\/wp\/v2\/product_tag?post=160816"},{"taxonomy":"woo-feed-brand","embeddable":true,"href":"https:\/\/gpdstore.net\/sl\/wp-json\/wp\/v2\/woo-feed-brand?post=160816"}],"curies":[{"name":"wp","href":"https:\/\/api.w.org\/{rel}","templated":true}]}}