{"id":148362,"date":"2024-01-23T14:39:17","date_gmt":"2024-01-23T14:39:17","guid":{"rendered":"https:\/\/gpdstore.net\/nekategorizirano\/mini-kovcek-gpd-win\/"},"modified":"2025-12-23T10:22:26","modified_gmt":"2025-12-23T10:22:26","slug":"gpd-win-mini-case","status":"publish","type":"product","link":"https:\/\/gpdstore.net\/sl\/product\/gpd-win-mini-case\/","title":{"rendered":"GPD WIN Mini ohi\u0161je"},"content":{"rendered":"\n<p><strong>GPD WIN Mini ohi\u0161je &#8211; izbolj\u0161ajte svoje igralne izku\u0161nje<\/strong> <\/p>\n\n<p>Za\u0161\u010ditite svoj<a href=\"https:\/\/gpdstore.net\/ultrabooks\/gpd-win-mini\/\">GPD WIN Mini<\/a> z uradnim etuijem GPD. Na\u010drtujete potovanje? \u017delite, da bi bil va\u0161 GPD WIN Mini na varnem? Uradno ohi\u0161je GPD WIN Mini vas bo za\u0161\u010ditilo.     <\/p>\n","protected":false},"excerpt":{"rendered":"<ul>\n<li>Uradno ohi\u0161je GPD WIN Mini<\/li>\n<li>Vklju\u010den trak za roko<\/li>\n<li>Varno in tesno prileganje<\/li>\n<li>Notranjost z mehko oblogo<\/li>\n<li>Trpe\u017ena zunanja trdna lupina<\/li>\n<\/ul>\n[cg_accordion title=\"INFORMACIJE O PLA\u010cILU\"]<\/p>\n<p>Uporabljamo najnovej\u0161o tehnologijo za obdelavo pla\u010dil, ki vam omogo\u010da, da se na blagajni naro\u010dite prek Apple Pay, Google Pay, debetne\/kreditne kartice, PayPal ali metod BNPL, kot so Klarna, Affirm ali AfterPay, kar zagotavlja hitro in varno izku\u0161njo.[\/cg_accordion]\n[cg_accordion title=\"GARANCIJA\"]<\/p>\n<p>2 leti garancije <a href=\"https:\/\/droix.net\/\" target=\"_blank\" rel=\"nofollow noopener\">DROIX Global<\/a> za va\u0161 mir[\/cg_accordion]\n[cg_accordion title=\"CENE, DAVKI IN PO\u0160ILJANJE\"]<\/p>\n<p><strong><u>Opomba:<\/u><\/strong><\/p>\n<ul>\n<li>Zdru\u017eene dr\u017eave Amerike Kupci: Prikazana cena NE vklju\u010duje davka in dajatev. Odgovornost za carinjenje in pla\u010dilo vseh povezanih davkov\/carin nosi kupec. <\/li>\n<li>Stranke iz EU: Prikazana cena vklju\u010duje veljavni davek, ki lahko zna\u0161a do 25 %, odvisno od va\u0161e dr\u017eave.<\/li>\n<li>Kanada Kupci: Prikazana cena vklju\u010duje veljavne davke, ki lahko vklju\u010dujejo 5 % davek na dodano vrednost (GST) in dodatne pokrajinske davke na prodajo (PST), harmonizirani davek na prodajo (HST) ali davek na prodajo v Quebecu (QST), odvisno od va\u0161e province.<\/li>\n<\/ul>\n<p><strong>Samo za stranke iz EU:<\/strong> Ekspresno DDP (dostavljeno s pla\u010dano dajatvijo). To pomeni: <\/p>\n<ul>\n<li>Vse carine in davki so vklju\u010deni v ceno, prikazano na strani izdelka.<\/li>\n<li>Ob dostavi vam ne bo treba pla\u010dati nobenih dodatnih stro\u0161kov.<\/li>\n<li>V redkih primerih te\u017eav, povezanih s carino, bo na\u0161a ekipa v va\u0161em imenu opravila postopek carinjenja in zagotovila nemoteno dostavo.<\/li>\n<p>Pomembne informacije o vra\u010dilih:<\/p>\n<li>\u010ce se odlo\u010dite vrniti naro\u010dilo ali zahtevate vra\u010dilo, se morate zavedati, da davkov in dajatev, pla\u010danih v va\u0161em imenu pod pogoji DDP, ni mogo\u010de vrniti.<\/li>\n<p>Podrobne informacije so na voljo v na\u0161ih Pogojih <a href=\"https:\/\/gpdstore.net\/sl\/pogoji-uporabe-storitev\/\" target=\"_blank\" rel=\"nofollow noopener\">in dolo\u010dilih<\/a>.\n<\/ul>\n<p>[\/cg_accordion]\n[cg_accordion title=\"PODPORA STRANKAM\"]<\/p>\n<p>Imate vpra\u0161anje? Od re\u0161itve va\u0161ega vpra\u0161anja nas lo\u010di le kratko besedilo!<br \/>\n[\/cg_accordion]\n[cg_accordion title=\"KAJ JE VKLJU\u010cENO\"]<\/p>\n<ul>\n<li>1x GPD WIN Mini ohi\u0161je<\/li>\n<\/ul>\n<p>[\/cg_accordion]\n","protected":false},"featured_media":148439,"template":"","meta":{"_acf_changed":false},"product_brand":[],"product_cat":[5386],"product_tag":[18162,7202],"woo-feed-brand":[5638],"class_list":{"0":"post-148362","1":"product","2":"type-product","3":"status-publish","4":"has-post-thumbnail","6":"product_cat-dodatki","7":"product_tag-25bfsale-sl","8":"product_tag-gpd-win-mini-accessory-sl","9":"product_shipping_class-low-end","10":"pa_accessory-type-zascitno-ohisje","11":"woo-feed-brand-gpd-sl","13":"first","14":"instock","15":"sale","16":"taxable","17":"shipping-taxable","18":"purchasable","19":"product-type-simple"},"acf":[],"aioseo_notices":[],"_links":{"self":[{"href":"https:\/\/gpdstore.net\/sl\/wp-json\/wp\/v2\/product\/148362","targetHints":{"allow":["GET"]}}],"collection":[{"href":"https:\/\/gpdstore.net\/sl\/wp-json\/wp\/v2\/product"}],"about":[{"href":"https:\/\/gpdstore.net\/sl\/wp-json\/wp\/v2\/types\/product"}],"wp:featuredmedia":[{"embeddable":true,"href":"https:\/\/gpdstore.net\/sl\/wp-json\/wp\/v2\/media\/148439"}],"wp:attachment":[{"href":"https:\/\/gpdstore.net\/sl\/wp-json\/wp\/v2\/media?parent=148362"}],"wp:term":[{"taxonomy":"product_brand","embeddable":true,"href":"https:\/\/gpdstore.net\/sl\/wp-json\/wp\/v2\/product_brand?post=148362"},{"taxonomy":"product_cat","embeddable":true,"href":"https:\/\/gpdstore.net\/sl\/wp-json\/wp\/v2\/product_cat?post=148362"},{"taxonomy":"product_tag","embeddable":true,"href":"https:\/\/gpdstore.net\/sl\/wp-json\/wp\/v2\/product_tag?post=148362"},{"taxonomy":"woo-feed-brand","embeddable":true,"href":"https:\/\/gpdstore.net\/sl\/wp-json\/wp\/v2\/woo-feed-brand?post=148362"}],"curies":[{"name":"wp","href":"https:\/\/api.w.org\/{rel}","templated":true}]}}