{"id":134381,"date":"2024-01-23T13:57:51","date_gmt":"2024-01-23T13:57:51","guid":{"rendered":"https:\/\/gpdstore.net\/nekategorizirano\/kabel-usb-4-0-tipa-c\/"},"modified":"2025-12-23T10:23:21","modified_gmt":"2025-12-23T10:23:21","slug":"usb-4-0-type-c-cable","status":"publish","type":"product","link":"https:\/\/gpdstore.net\/sl\/product\/usb-4-0-type-c-cable\/","title":{"rendered":"Kabel USB 4.0 tipa C"},"content":{"rendered":"\n<h3 class=\"wp-block-heading\"><strong>Izbolj\u0161ajte povezljivost z na\u0161im vrhunskim kablom USB 4.0 tipa C<\/strong><br\/><strong>Spoznajte mo\u010d brezhibne povezljivosti<\/strong><\/h3>\n\n<h4 class=\"wp-block-heading\"><strong>Sprostitev potenciala podatkov<\/strong><\/h4>\n\n<p>Z na\u0161im revolucionarnim kablom USB 4.0 Type-C sprostite potencial podatkov. Z impresivno hitrostjo prenosa podatkov 40 Gb\/s zagotavlja hiter prenos datotek in odpravlja te\u017eave zaradi zakasnelih prenosov. <\/p>\n\n<h4 class=\"wp-block-heading\"><strong>Zdru\u017eljivost, pripravljena na prihodnost<\/strong><\/h4>\n\n<p>Z zdru\u017eljivostjo na\u0161ega kabla z vmesnikoma Thunderbolt 3 in 4 ostanite v vrhu tehnologije. To zagotavlja nemoteno povezovanje z najnovej\u0161imi napravami in zagotavlja, da bo va\u0161a re\u0161itev za povezovanje posodobljena tudi v prihodnosti. <\/p>\n\n<h4 class=\"wp-block-heading\"><strong>Neprimerljiva dobava energije<\/strong><\/h4>\n\n<p>Z na\u0161im kablom USB 4.0 Type-C, ki zagotavlja izjemno mo\u010d 240 W, lahko izkusite vrhunske zmogljivosti napajanja. To pomeni hitrej\u0161e polnjenje in dalj\u0161i \u010das delovanja naprave, kar omogo\u010da neprekinjeno povezljivost. <\/p>\n\n<h4 class=\"wp-block-heading\"><strong>Potopite se v izjemno vizualno natan\u010dnost<\/strong><\/h4>\n\n<p>Potopite se v svet osupljive jasnosti s podporo za do 8K pri 60 Hz. Vsaka podrobnost o\u017eivi z izjemno natan\u010dnostjo, kar je namenjeno ustvarjalcem vsebin v visoki lo\u010dljivosti, igralcem in navdu\u0161encem nad zabavo. <\/p>\n\n<h4 class=\"wp-block-heading\"><strong>Inovativen zaslon za porabo energije<\/strong><\/h4>\n\n<p>Bodite obve\u0161\u010deni o porabi energije z vgrajenim zaslonom na priklju\u010dku USB, ki v realnem \u010dasu zagotavlja informacije o porabi energije. Spremljajte porabo energije svojih naprav za u\u010dinkovitej\u0161e in bolj nadzorovano polnjenje. <\/p>\n\n<h4 class=\"wp-block-heading\"><strong>Re\u0161itve po meri za va\u0161e zahteve<\/strong><\/h4>\n\n<p>Izberite dol\u017eino, ki najbolj ustreza va\u0161i nastavitvi, saj so na voljo standardni kabli v dol\u017eini 0,8 m in 1,5 m ali kabli v obliki \u010drke L, prav tako v dol\u017eini 0,8 m in 1,5 m. Ne glede na to, ali dajete prednost prilagodljivosti ali potrebujete re\u0161itev za var\u010devanje s prostorom, na\u0161 kabel USB 4.0 Type-C ustreza va\u0161im potrebam po povezljivosti. <\/p>\n\n<h4 class=\"wp-block-heading\"><strong>Izkusite povezljivost brez kompromisov<\/strong><\/h4>\n\n<p>Na\u0161 kabel USB 4.0 Type-C, izdelan z natan\u010dnostjo in strokovnim znanjem, je najbolj\u0161i spremljevalec za tehnolo\u0161ke navdu\u0161ence, ustvarjalne strokovnjake in vsakodnevne uporabnike, ki zahtevajo odli\u010dne re\u0161itve za povezljivost. S kablom USB 4.0 Type-C se podajte v svet brezmejnih mo\u017enosti. <\/p>\n","protected":false},"excerpt":{"rendered":"<ul>\n<li>Hitrost prenosa podatkov <strong>40Gbps<\/strong> <\/li>\n<li>Thunderbolt <strong>3<\/strong> in <strong>4<\/strong><\/li>\n<li>Do <strong>240 W<\/strong> napajanja<\/li>\n<li>Podpira do <strong>8K @ 60Hz<\/strong> Video izhod<\/li>\n<li>Vgrajen <strong>prikazovalnik mo\u010di<\/strong><\/li>\n<\/ul>\n[cg_accordion title=\"INFORMACIJE O PLA\u010cILU\"]<\/p>\n<p>Uporabljamo najnovej\u0161o tehnologijo za obdelavo pla\u010dil, ki vam omogo\u010da, da se na blagajno prijavite s svojo debetno\/kreditno kartico ali storitvijo PayPal, kar zagotavlja hitro in varno izku\u0161njo.[\/cg_accordion]\n[cg_accordion title=\"GARANCIJA\"]<\/p>\n<p>2 leti garancije <a href=\"https:\/\/droix.net\/\" target=\"_blank\" rel=\"nofollow noopener\">DROIX Global za<\/a> va\u0161 mir[\/cg_accordion]\n[cg_accordion title=\"CENE, DAVKI IN PO\u0160ILJANJE\"]<\/p>\n<p><strong><u>Opomba:<\/u><\/strong><\/p>\n<ul>\n<li>Zdru\u017eene dr\u017eave Amerike Kupci: Prikazana cena NE vklju\u010duje davka in dajatev. Odgovornost za carinjenje in pla\u010dilo vseh povezanih davkov\/carin nosi kupec. <\/li>\n<li>Stranke iz EU: Prikazana cena vklju\u010duje veljavni davek, ki lahko zna\u0161a do 25 %, odvisno od va\u0161e dr\u017eave.<\/li>\n<li>Kanada Kupci: Prikazana cena vklju\u010duje veljavne davke, ki lahko vklju\u010dujejo 5 % davek na dodano vrednost (GST) in dodatne pokrajinske davke na prodajo (PST), harmonizirani davek na prodajo (HST) ali davek na prodajo v Quebecu (QST), odvisno od va\u0161e province.<\/li>\n<\/ul>\n<p><strong>Samo za stranke iz EU:<\/strong> Ekspresno DDP (dostavljeno s pla\u010dano dajatvijo). To pomeni: <\/p>\n<ul>\n<li>Vse carine in davki so vklju\u010deni v ceno, prikazano na strani izdelka.<\/li>\n<li>Ob dostavi vam ne bo treba pla\u010dati nobenih dodatnih stro\u0161kov.<\/li>\n<li>V redkih primerih te\u017eav, povezanih s carino, bo na\u0161a ekipa v va\u0161em imenu opravila postopek carinjenja in zagotovila nemoteno dostavo.<\/li>\n<p>Pomembne informacije o vra\u010dilih:<\/p>\n<li>\u010ce se odlo\u010dite vrniti naro\u010dilo ali zahtevate vra\u010dilo, se morate zavedati, da davkov in dajatev, pla\u010danih v va\u0161em imenu pod pogoji DDP, ni mogo\u010de vrniti.<\/li>\n<p>Podrobne informacije <a href=\"https:\/\/droix.net\/terms-and-conditions\/\" target=\"_blank\" rel=\"nofollow noopener\">so na voljo v na\u0161ih Pogojih in dolo\u010dilih<\/a>.\n<\/ul>\n<p>[\/cg_accordion]\n[cg_accordion title=\"PODPORA STRANKAM\"]<\/p>\n<p>Imate vpra\u0161anje? Samo kratko besedilo nas lo\u010di od re\u0161itve va\u0161ega vpra\u0161anja! <\/p>\n<p>Podrobne informacije <a href=\"https:\/\/gpdstore.net\/sl\/terms-of-service\/\" target=\"_blank\" rel=\"nofollow noopener\">so na voljo v na\u0161ih Pogojih in dolo\u010dilih<\/a>.\n<\/ul>\n<p>[\/cg_accordion]\n[cg_accordion title=\"KAJ JE VKLJU\u010cENO\"]<\/p>\n<ul>\n<li>1x kabel USB 4.0 tipa C<\/li>\n<\/ul>\n<p>[\/cg_accordion]\n","protected":false},"featured_media":134393,"template":"","meta":{"_acf_changed":false},"product_brand":[],"product_cat":[5386],"product_tag":[12598,7238],"woo-feed-brand":[5498],"class_list":{"0":"post-134381","1":"product","2":"type-product","3":"status-publish","4":"has-post-thumbnail","6":"product_cat-dodatki","7":"product_tag-40bfsale-sl","8":"product_tag-splosna-oprema","9":"product_shipping_class-low-end","10":"pa_accessory-type-kabel-sl","11":"pa_i-o-video-1x-prek-usb-4-0-type-c-dp-8k60hz","12":"woo-feed-brand-droix-sl","14":"first","15":"outofstock","16":"sale","17":"taxable","18":"shipping-taxable","19":"purchasable","20":"product-type-variable","21":"has-default-attributes"},"acf":[],"aioseo_notices":[],"_links":{"self":[{"href":"https:\/\/gpdstore.net\/sl\/wp-json\/wp\/v2\/product\/134381","targetHints":{"allow":["GET"]}}],"collection":[{"href":"https:\/\/gpdstore.net\/sl\/wp-json\/wp\/v2\/product"}],"about":[{"href":"https:\/\/gpdstore.net\/sl\/wp-json\/wp\/v2\/types\/product"}],"wp:featuredmedia":[{"embeddable":true,"href":"https:\/\/gpdstore.net\/sl\/wp-json\/wp\/v2\/media\/134393"}],"wp:attachment":[{"href":"https:\/\/gpdstore.net\/sl\/wp-json\/wp\/v2\/media?parent=134381"}],"wp:term":[{"taxonomy":"product_brand","embeddable":true,"href":"https:\/\/gpdstore.net\/sl\/wp-json\/wp\/v2\/product_brand?post=134381"},{"taxonomy":"product_cat","embeddable":true,"href":"https:\/\/gpdstore.net\/sl\/wp-json\/wp\/v2\/product_cat?post=134381"},{"taxonomy":"product_tag","embeddable":true,"href":"https:\/\/gpdstore.net\/sl\/wp-json\/wp\/v2\/product_tag?post=134381"},{"taxonomy":"woo-feed-brand","embeddable":true,"href":"https:\/\/gpdstore.net\/sl\/wp-json\/wp\/v2\/woo-feed-brand?post=134381"}],"curies":[{"name":"wp","href":"https:\/\/api.w.org\/{rel}","templated":true}]}}