{"id":1279215,"date":"2026-02-16T12:09:41","date_gmt":"2026-02-16T12:09:41","guid":{"rendered":"https:\/\/gpdstore.net\/product\/kabel-usb-4-0-tipa-c\/"},"modified":"2026-04-24T10:39:27","modified_gmt":"2026-04-24T10:39:27","slug":"usb-4-0-type-c-cable-2","status":"publish","type":"product","link":"https:\/\/gpdstore.net\/sl\/product\/usb-4-0-type-c-cable-2\/","title":{"rendered":"Kabel USB 4.0 tipa C"},"content":{"rendered":"\n<h2 class=\"wp-block-heading\"><strong>Kabel USB4 USB C: ultimativna re\u0161itev za napajanje in prenos podatkov Thunderbolt 4<\/strong><\/h2>\n\n<p>Kabel USB4 USB C je visoko zmogljiva povezljivostna re\u0161itev, zasnovana za izpolnjevanje strogih zahtev sodobnih profesionalnih in igralnih naprav. Ne glede na to, ali povezujete vrhunski MacBook, eGPU ali hitri SSD, ta kabel zagotavlja, da va\u0161a strojna oprema deluje na najvi\u0161ji mo\u017eni ravni. Ker vklju\u010duje najnovej\u0161e standarde Thunderbolt 4, predstavlja univerzalni most za vse va\u0161e naprave Type-C in zagotavlja neprimerljivo vsestranskost v enem samem, elegantnem paketu.  <\/p>\n\n<p>Ta kabel USB4 USB C je odli\u010den spremljevalec za najnovej\u0161o generacijo izjemno zmogljivih prenosnih igralnih ra\u010dunalnikov. \u010ce uporabljate <a href=\"https:\/\/gpdstore.net\/sl\/product\/gpd-win-5\/\" target=\"_blank\" rel=\"noopener\" title=\"\">GPD WIN 5 ali<\/a> ONEXPLAYER APEX, lahko s tem kablom v celoti izkoristite njuna vrata USB4 40 Gb\/s za zunanje priklopnike grafi\u010dnih procesorjev ali hiter prenos podatkov. <\/p>\n\n<hr class=\"wp-block-separator has-alpha-channel-opacity\"\/>\n\n<h2 class=\"wp-block-heading\"><strong>Izkusite izjemne hitrosti s kablom USB4 USB C 40 Gb\/s<\/strong><\/h2>\n\n<p>Prenos podatkov s tem kablom dose\u017ee nove razse\u017enosti, saj ponuja hitrosti do 40 Gb\/s. To je bistveno hitreje kot pri standardnih alternativah USB-C, zato lahko velike datoteke prenesete v nekaj sekundah in ne minutah. Ker je popolnoma zdru\u017eljiv s <a href=\"https:\/\/www.thunderbolttechnology.net\/blog\/thunderbolt-3-usb-c-does-it-all\" target=\"_blank\" rel=\"noopener nofollow\" title=\"\">Thunderbolt 3 in<\/a> USB 3.2, ga lahko uporabljate na najrazli\u010dnej\u0161i starej\u0161i in sodobni strojni opremi, ne da bi pri tem \u017ertvovali zmogljivost. Zato je to nepogre\u0161ljivo orodje za uporabnike, ki morajo premostiti vrzel med prenosnimi napravami in perifernimi napravami namiznega razreda.   <\/p>\n\n<h2 class=\"wp-block-heading\"><strong>Hitro 240W napajanje za zmogljive prenosne ra\u010dunalnike<\/strong><\/h2>\n\n<p>Napajanje naprav je enako u\u010dinkovito kot prenos podatkov. Kabel USB4 USB C podpira PD 3.1 EPR, ki omogo\u010da hitro polnjenje z mo\u010djo 240 W (48 V\/5 A). To pomeni, da zlahka zadosti zahtevam po napajanju 16-pal\u010dnega ra\u010dunalnika MacBook Pro ali najnovej\u0161ih igralnih prenosnikov.  <\/p>\n\n<p>Za zagotavljanje varnosti med visokonapetostnimi prenosi ima kabel vgrajen \u010dip E-Marker, ki inteligentno upravlja pretok energije in prepre\u010duje pregrevanje. Ta raven mo\u010di je \u0161e posebej koristna za <a href=\"https:\/\/gpdstore.net\/sl\/product\/gpd-win-5\/\" target=\"_blank\" rel=\"noopener\" title=\"\">GPD WIN 5,<\/a> saj zagotavlja stabilno napajanje med intenzivnimi 120W TDP igralnimi sejami ali hitrim polnjenjem visokozmogljivih baterij. <\/p>\n\n<hr class=\"wp-block-separator has-alpha-channel-opacity\"\/>\n\n<h2 class=\"wp-block-heading\"><strong>Vizualna odli\u010dnost s podporo 8K60Hz in dvojno podporo 4K<\/strong><\/h2>\n\n<p>\u010ce ste ustvarjalni strokovnjak ali navdu\u0161enec nad igrami, vas bodo video zmogljivosti tega kabla USB4 USB C navdu\u0161ile. Podpira en sam zaslon 8K Ultra HD z gladko frekvenco osve\u017eevanja 60 Hz, kar zagotavlja, da je vsaka podrobnost prikazana z ostro jasnostjo. Kabel lahko poganja tudi dva monitorja 4K, zato je nepogre\u0161ljivo orodje za ve\u010dopravilnost in poglobljene delovne postaje. Poleg tega lahko uporabniki kabla GPD WIN 5 u\u017eivajo v nemotenem izhodu 8K na zunanje zaslone za pravo namizno izku\u0161njo.   <\/p>\n\n<h2 class=\"wp-block-heading\"><strong>Zanesljiva kakovost izdelave in univerzalna zdru\u017eljivost<\/strong><\/h2>\n\n<p>Trajnost je v sredi\u0161\u010du zasnove. Kabel je izdelan iz PVC in 48-nitne najlonske pletenice, ki je posebej zasnovana tako, da zdr\u017ei ve\u010d kot 10.000 upogibov. Poleg tega lupina iz aluminijeve zlitine zagotavlja vrhunski ob\u010dutek, hkrati pa \u0161\u010diti notranje jedro iz bakra brez kisika. Ta robustna konstrukcija zagotavlja, da kabel USB4 USB C ostane zanesljiv del va\u0161ega kompleta \u0161e vrsto let, ne glede na to, ali ga vr\u017eete v potovalno torbo skupaj z ro\u010dnim ra\u010dunalnikom ali pa je stalno priklopljen na va\u0161i mizi.   <\/p>\n\n<hr class=\"wp-block-separator has-alpha-channel-opacity\"\/>\n\n<h2 class=\"wp-block-heading\"><strong>Zagotovite si kabel USB4 USB C \u0161e danes<\/strong><\/h2>\n\n<p>Ne dovolite, da bi po\u010dasna hitrost prenosa podatkov ali \u0161ibko polnjenje \u0161e naprej zavirala va\u0161o nastavitev. Ta vrhunski kabel je popolna nadgradnja za vse, ki uporabljajo iPhone serije 15, iPad Pro, GPD WIN 5 ali zmogljiv osebni ra\u010dunalnik. Povpra\u0161evanje po tej posebni 240W specifikaciji Thunderbolt 4 je veliko, zato ukrepajte zdaj in si zagotovite, da boste svoj kabel prejeli pravo\u010dasno. \u0160e danes obi\u0161\u010dite na\u0161o trgovino in spoznajte prihodnost povezljivosti ter poskrbite, da bodo va\u0161e naprave vedno delovale s polno paro!   <\/p>\n","protected":false},"excerpt":{"rendered":"<ul>\n<li><strong>Podatki 40 Gb\/s &#8211;<\/strong> izjemno hiter prenos za velike datoteke.<\/li>\n<li><strong>240W polnjenje &#8211;<\/strong> PD 3.1 za zmogljive prenosnike.<\/li>\n<li><strong>Video 8K60Hz &#8211;<\/strong> Podpora za zaslon Sharp 8K ali dvojni zaslon 4K.<\/li>\n<li><strong>\u010cip E-Marker &#8211;<\/strong> Pametna varnost za stabilno napajanje.<\/li>\n<li><strong>Opletena konstrukcija &#8211;<\/strong> oja\u010dana najlonska in aluminijasta lupina.<\/li>\n<\/ul>\n[cg_accordion title=\"INFORMACIJE O PLA\u010cILU\"]<\/p>\n<p>Uporabljamo najnovej\u0161o tehnologijo za obdelavo pla\u010dil, ki vam omogo\u010da, da se na blagajno prijavite s svojo debetno\/kreditno kartico ali storitvijo PayPal, kar zagotavlja hitro in varno izku\u0161njo.[\/cg_accordion]\n[cg_accordion title=\"GARANCIJA\"]<\/p>\n<p>1 leto garancije <a href=\"https:\/\/droix.net\/\" target=\"_blank\" rel=\"nofollow noopener\">DROIX Global za<\/a> va\u0161 mir[\/cg_accordion]\n[cg_accordion title=\"ZAGOTAVLJANJE KAKOVOSTI IN TESTIRANJE PRED ODPREMO\"]<\/p>\n<p>Zagotavljanje zadovoljstva strank na najvi\u0161ji ravni: Vsaka naprava je pred odpremo strogo preizku\u0161ena in preverjena v ve\u010d to\u010dkah za zagotavljanje kakovosti. Na\u0161a predana ekipa preveri delovanje, funkcionalnost in celovitost komponent, s \u010dimer zagotovimo, da bo va\u0161a naprava GPD ob prihodu v popolnem delovnem stanju, kar vam zagotavlja zaupanje in mir v du\u0161i. [\/cg_accordion]\n[cg_accordion title=\"CENE, DAVKI IN PO\u0160ILJANJE\"]<\/p>\n<p><strong><u>Opomba:<\/u><\/strong><\/p>\n<ul>\n<li>Zdru\u017eene dr\u017eave Amerike Kupci: Prikazana cena NE vklju\u010duje davka in dajatev. Odgovornost za carinjenje in pla\u010dilo vseh povezanih davkov\/carin nosi kupec. <\/li>\n<li>Stranke iz EU: Prikazana cena vklju\u010duje veljavni davek, ki lahko zna\u0161a do 25 %, odvisno od va\u0161e dr\u017eave.<\/li>\n<li>Kanada Kupci: Prikazana cena vklju\u010duje veljavne davke, ki lahko vklju\u010dujejo 5 % davek na dodano vrednost (GST) in dodatne pokrajinske davke na prodajo (PST), harmonizirani davek na prodajo (HST) ali davek na prodajo v Quebecu (QST), odvisno od va\u0161e province.<\/li>\n<\/ul>\n<p>Za na\u0161e stranke v ZDA: Naro\u010dila se po\u0161iljajo DAP (Delivered At Place). \u010ceprav so stranke odgovorne za pla\u010dilo vseh veljavnih tarif, se opiramo na svoje bogate izku\u0161nje pri po\u0161iljanju iz Zdru\u017eenega kraljestva, da bi zagotovili, da boste pla\u010dali najni\u017ejo mo\u017eno ceno. Na podlagi na\u0161ih evidenc ti stro\u0161ki obi\u010dajno ne presegajo 10 % vrednosti izdelka.  <\/p>\n<p><strong>Samo za stranke iz EU:<\/strong> Ekspresno DDP (dostavljeno s pla\u010dano dajatvijo). To pomeni: <\/p>\n<ul>\n<li>Vse carine in davki so vklju\u010deni v ceno, prikazano na strani izdelka.<\/li>\n<li>Ob dostavi vam ne bo treba pla\u010dati nobenih dodatnih stro\u0161kov.<\/li>\n<li>V redkih primerih te\u017eav, povezanih s carino, bo na\u0161a ekipa v va\u0161em imenu opravila postopek carinjenja in zagotovila nemoteno dostavo.<\/li>\n<p>Pomembne informacije o vra\u010dilih:<\/p>\n<li>\u010ce se odlo\u010dite vrniti naro\u010dilo ali zahtevate vra\u010dilo, se morate zavedati, da davkov in dajatev, pla\u010danih v va\u0161em imenu pod pogoji DDP, ni mogo\u010de vrniti.<\/li>\n<p>Podrobne informacije <a href=\"https:\/\/droix.net\/terms-and-conditions\/\" target=\"_blank\" rel=\"nofollow noopener\">so na voljo v na\u0161ih Pogojih in dolo\u010dilih<\/a>.\n<\/ul>\n<p>[\/cg_accordion]\n[cg_accordion title=\"PODPORA STRANKAM\"]<\/p>\n<p>Imate vpra\u0161anje? Samo kratko besedilo nas lo\u010di od re\u0161itve va\u0161ega vpra\u0161anja! <\/p>\n<p>Podrobne informacije <a href=\"https:\/\/gpdstore.net\/sl\/terms-of-service\/\" target=\"_blank\" rel=\"nofollow noopener\">so na voljo v na\u0161ih Pogojih in dolo\u010dilih<\/a>.\n<\/ul>\n<p>[\/cg_accordion]\n[cg_accordion title=\"KAJ JE VKLJU\u010cENO\"]<\/p>\n<ul>\n<li>1x kabel USB 4.0 tipa C<\/li>\n<\/ul>\n<p>[\/cg_accordion]\n","protected":false},"featured_media":1279263,"template":"","meta":{"_acf_changed":false},"product_brand":[],"product_cat":[5386],"product_tag":[],"woo-feed-brand":[5498],"class_list":{"0":"post-1279215","1":"product","2":"type-product","3":"status-publish","4":"has-post-thumbnail","6":"product_cat-dodatki","7":"product_shipping_class-low-end","8":"pa_i-o-video-1x-prek-usb-4-0-type-c-dp-8k60hz","9":"woo-feed-brand-droix-sl","11":"first","12":"instock","13":"sale","14":"taxable","15":"shipping-taxable","16":"purchasable","17":"product-type-variable","18":"has-default-attributes"},"acf":[],"aioseo_notices":[],"_links":{"self":[{"href":"https:\/\/gpdstore.net\/sl\/wp-json\/wp\/v2\/product\/1279215","targetHints":{"allow":["GET"]}}],"collection":[{"href":"https:\/\/gpdstore.net\/sl\/wp-json\/wp\/v2\/product"}],"about":[{"href":"https:\/\/gpdstore.net\/sl\/wp-json\/wp\/v2\/types\/product"}],"wp:featuredmedia":[{"embeddable":true,"href":"https:\/\/gpdstore.net\/sl\/wp-json\/wp\/v2\/media\/1279263"}],"wp:attachment":[{"href":"https:\/\/gpdstore.net\/sl\/wp-json\/wp\/v2\/media?parent=1279215"}],"wp:term":[{"taxonomy":"product_brand","embeddable":true,"href":"https:\/\/gpdstore.net\/sl\/wp-json\/wp\/v2\/product_brand?post=1279215"},{"taxonomy":"product_cat","embeddable":true,"href":"https:\/\/gpdstore.net\/sl\/wp-json\/wp\/v2\/product_cat?post=1279215"},{"taxonomy":"product_tag","embeddable":true,"href":"https:\/\/gpdstore.net\/sl\/wp-json\/wp\/v2\/product_tag?post=1279215"},{"taxonomy":"woo-feed-brand","embeddable":true,"href":"https:\/\/gpdstore.net\/sl\/wp-json\/wp\/v2\/woo-feed-brand?post=1279215"}],"curies":[{"name":"wp","href":"https:\/\/api.w.org\/{rel}","templated":true}]}}