{"id":1274657,"date":"2025-01-27T10:09:41","date_gmt":"2025-01-27T10:09:41","guid":{"rendered":"https:\/\/gpdstore.net\/product\/mini-rocaji-gpd-win-2025\/"},"modified":"2026-03-29T00:52:21","modified_gmt":"2026-03-29T00:52:21","slug":"gpd-win-mini-grips-2025","status":"publish","type":"product","link":"https:\/\/gpdstore.net\/sl\/product\/gpd-win-mini-grips-2025\/","title":{"rendered":"Mini ro\u010daji GPD WIN 2025"},"content":{"rendered":"\n<h2 class=\"wp-block-heading\">Pregled izdelka:<\/h2>\n\n<p><strong>GPD Win Mini Grips 2025<\/strong> so zasnovani tako, da zagotavljajo ve\u010dje udobje in nadzor pri igranju iger. Ta ergonomska dr\u017eala se brez te\u017eav pritrdijo na va\u0161 GPD Win Mini, zagotavljajo varen in udoben oprijem, zmanj\u0161ujejo utrujenost in zagotavljajo natan\u010den nadzor med dalj\u0161im igranjem. <\/p>\n\n<ol class=\"wp-block-list\">\n<li><strong>Ergonomska zasnova<\/strong> za maksimalno udobje med igranjem.<\/li>\n\n\n\n<li><strong>Popolnoma ustreza<\/strong> konzoli GPD Win Mini.<\/li>\n\n\n\n<li>Trpe\u017een material za <strong>dolgotrajno uporabo<\/strong>.<\/li>\n\n\n\n<li>Enostavno pritrditev in odstranitev za <strong>hitro namestitev<\/strong>.<\/li>\n\n\n\n<li>Izbolj\u0161an oprijem za bolj\u0161i <strong>nadzor in natan\u010dnost<\/strong>.<\/li>\n<\/ol>\n\n<hr class=\"wp-block-separator has-alpha-channel-opacity\"\/>\n\n<h2 class=\"wp-block-heading\">Zakaj izbrati GPD Win Mini Grips 2025?<\/h2>\n\n<p>Ne glede na to, ali se borite v intenzivnih ve\u010digralskih tekmah ali u\u017eivate v dolgih kampanjah za enega igralca, vam ro\u010daji GPD Win Mini Grips 2025 zagotavljajo bolj poglobljeno in udobno igralno izku\u0161njo. Ergonomska zasnova in varno prileganje zagotavljata, da lahko igrate ve\u010d ur, ne da bi vam bilo neprijetno ali da bi vam zdrsnilo.<\/p>\n\n<hr class=\"wp-block-separator has-alpha-channel-opacity\"\/>\n\n<h2 class=\"wp-block-heading\">Specifikacije:<\/h2>\n\n<ul class=\"wp-block-list\">\n<li><strong>Material:<\/strong> Trpe\u017ena plastika z ergonomsko teksturirano povr\u0161ino<\/li>\n\n\n\n<li><strong>Zdru\u017eljivost:<\/strong> GPD Win Mini 2025 Console<\/li>\n\n\n\n<li><strong>Lastnosti:<\/strong> Lahka, trpe\u017ena in enostavna za pritrditev<\/li>\n<\/ul>\n\n<p>Nadgradite svoj GPD Win Mini s temi ro\u010daji za udobno in natan\u010dno igralno izku\u0161njo, saj vsaka poteza \u0161teje!<\/p>\n\n<p><\/p>\n","protected":false},"excerpt":{"rendered":"<ul>\n<li><strong>Ergonomska zasnova<\/strong> za maksimalno udobje med igranjem.<\/li>\n<li><strong>Popolnoma ustreza<\/strong> konzoli GPD Win Mini.<\/li>\n<li>Trpe\u017een material za <strong>dolgotrajno uporabo<\/strong>.<\/li>\n<li>Enostavno pritrditev in odstranitev za <strong>hitro namestitev<\/strong>.<\/li>\n<li>Izbolj\u0161an oprijem za bolj\u0161i <strong>nadzor in natan\u010dnost<\/strong>.<\/li>\n<\/ul>\n[cg_accordion title=\"INFORMACIJE O PLA\u010cILU\"]<\/p>\n<p>Uporabljamo najnovej\u0161o tehnologijo za obdelavo pla\u010dil, ki vam omogo\u010da, da se na blagajno prijavite s svojo debetno\/kreditno kartico ali storitvijo PayPal, kar zagotavlja hitro in varno izku\u0161njo.[\/cg_accordion]\n[cg_accordion title=\"GARANCIJA\"]<\/p>\n<p>2 leti garancije <a href=\"https:\/\/droix.net\/\" target=\"_blank\" rel=\"nofollow noopener\">DROIX Global za<\/a> va\u0161 mir[\/cg_accordion]\n[cg_accordion title=\"ZAGOTAVLJANJE KAKOVOSTI IN TESTIRANJE PRED ODPREMO\"]<\/p>\n<p>Zagotavljanje zadovoljstva strank na najvi\u0161ji ravni: Vsaka naprava je pred odpremo strogo preizku\u0161ena in preverjena v ve\u010d to\u010dkah za zagotavljanje kakovosti. Na\u0161a predana ekipa preveri delovanje, funkcionalnost in celovitost komponent, s \u010dimer zagotovimo, da bo va\u0161a naprava GPD ob prihodu v popolnem delovnem stanju, kar vam zagotavlja zaupanje in mir v du\u0161i. [\/cg_accordion]\n[cg_accordion title=\"CENE, DAVKI IN PO\u0160ILJANJE\"]<\/p>\n<p><strong><u>Opomba:<\/u><\/strong><\/p>\n<ul>\n<li>Zdru\u017eene dr\u017eave Amerike Kupci: Prikazana cena NE vklju\u010duje davka in dajatev. Odgovornost za carinjenje in pla\u010dilo vseh povezanih davkov\/carin nosi kupec. <\/li>\n<li>Stranke iz EU: Prikazana cena vklju\u010duje veljavni davek, ki lahko zna\u0161a do 25 %, odvisno od va\u0161e dr\u017eave.<\/li>\n<li>Kanada Kupci: Prikazana cena vklju\u010duje veljavne davke, ki lahko vklju\u010dujejo 5 % davek na dodano vrednost (GST) in dodatne pokrajinske davke na prodajo (PST), harmonizirani davek na prodajo (HST) ali davek na prodajo v Quebecu (QST), odvisno od va\u0161e province.<\/li>\n<\/ul>\n<p>Za na\u0161e stranke v ZDA: Naro\u010dila se po\u0161iljajo DAP (Delivered At Place). \u010ceprav so stranke odgovorne za pla\u010dilo vseh veljavnih tarif, se opiramo na svoje bogate izku\u0161nje pri po\u0161iljanju iz Zdru\u017eenega kraljestva, da bi zagotovili, da boste pla\u010dali najni\u017ejo mo\u017eno ceno. Na podlagi na\u0161ih evidenc ti stro\u0161ki obi\u010dajno ne presegajo 10 % vrednosti izdelka.  <\/p>\n<p><strong>Samo za stranke iz EU:<\/strong> Ekspresno DDP (dostavljeno s pla\u010dano dajatvijo). To pomeni: <\/p>\n<ul>\n<li>Vse carine in davki so vklju\u010deni v ceno, prikazano na strani izdelka.<\/li>\n<li>Ob dostavi vam ne bo treba pla\u010dati nobenih dodatnih stro\u0161kov.<\/li>\n<li>V redkih primerih te\u017eav, povezanih s carino, bo na\u0161a ekipa v va\u0161em imenu opravila postopek carinjenja in zagotovila nemoteno dostavo.<\/li>\n<p>Pomembne informacije o vra\u010dilih:<\/p>\n<li>\u010ce se odlo\u010dite vrniti naro\u010dilo ali zahtevate vra\u010dilo, se morate zavedati, da davkov in dajatev, pla\u010danih v va\u0161em imenu pod pogoji DDP, ni mogo\u010de vrniti.<\/li>\n<p>Podrobne informacije <a href=\"https:\/\/droix.net\/terms-and-conditions\/\" target=\"_blank\" rel=\"nofollow noopener\">so na voljo v na\u0161ih Pogojih in dolo\u010dilih<\/a>.\n<\/ul>\n<p>[\/cg_accordion]\n[cg_accordion title=\"PODPORA STRANKAM\"]<\/p>\n<p>Imate vpra\u0161anje? Samo kratko besedilo nas lo\u010di od re\u0161itve va\u0161ega vpra\u0161anja! <\/p>\n<p>Podrobne informacije <a href=\"https:\/\/gpdstore.net\/sl\/terms-of-service\/\" target=\"_blank\" rel=\"nofollow noopener\">so na voljo v na\u0161ih Pogojih in dolo\u010dilih<\/a>.\n<\/ul>\n<p>[\/cg_accordion]\n[cg_accordion title=\"KAJ JE VKLJU\u010cENO\"]<\/p>\n<ul>\n<li>1x GPD WIN Mini Grips 2025<\/li>\n<\/ul>\n<p>[\/cg_accordion]\n","protected":false},"featured_media":1069324,"template":"","meta":{"_acf_changed":false},"product_brand":[],"product_cat":[5386],"product_tag":[],"woo-feed-brand":[5638],"class_list":{"0":"post-1274657","1":"product","2":"type-product","3":"status-publish","4":"has-post-thumbnail","6":"product_cat-dodatki","7":"product_shipping_class-low-end","8":"pa_accessory-type-oprijem","9":"pa_brand-gpd","10":"woo-feed-brand-gpd-sl","12":"first","13":"instock","14":"sale","15":"taxable","16":"shipping-taxable","17":"purchasable","18":"product-type-simple"},"acf":[],"aioseo_notices":[],"_links":{"self":[{"href":"https:\/\/gpdstore.net\/sl\/wp-json\/wp\/v2\/product\/1274657","targetHints":{"allow":["GET"]}}],"collection":[{"href":"https:\/\/gpdstore.net\/sl\/wp-json\/wp\/v2\/product"}],"about":[{"href":"https:\/\/gpdstore.net\/sl\/wp-json\/wp\/v2\/types\/product"}],"wp:featuredmedia":[{"embeddable":true,"href":"https:\/\/gpdstore.net\/sl\/wp-json\/wp\/v2\/media\/1069324"}],"wp:attachment":[{"href":"https:\/\/gpdstore.net\/sl\/wp-json\/wp\/v2\/media?parent=1274657"}],"wp:term":[{"taxonomy":"product_brand","embeddable":true,"href":"https:\/\/gpdstore.net\/sl\/wp-json\/wp\/v2\/product_brand?post=1274657"},{"taxonomy":"product_cat","embeddable":true,"href":"https:\/\/gpdstore.net\/sl\/wp-json\/wp\/v2\/product_cat?post=1274657"},{"taxonomy":"product_tag","embeddable":true,"href":"https:\/\/gpdstore.net\/sl\/wp-json\/wp\/v2\/product_tag?post=1274657"},{"taxonomy":"woo-feed-brand","embeddable":true,"href":"https:\/\/gpdstore.net\/sl\/wp-json\/wp\/v2\/woo-feed-brand?post=1274657"}],"curies":[{"name":"wp","href":"https:\/\/api.w.org\/{rel}","templated":true}]}}