{"id":1274636,"date":"2025-01-09T09:45:24","date_gmt":"2025-01-09T09:45:24","guid":{"rendered":"https:\/\/gpdstore.net\/product\/gpd-win-max-2025-4g-lte-dodatek\/"},"modified":"2026-03-29T00:40:39","modified_gmt":"2026-03-29T00:40:39","slug":"gpd-win-max-2-2025-4g-lte-add-on","status":"publish","type":"product","link":"https:\/\/gpdstore.net\/sl\/product\/gpd-win-max-2-2025-4g-lte-add-on\/","title":{"rendered":"GPD WIN MAX 2025 4G LTE dodatek"},"content":{"rendered":"\n<h2 class=\"wp-block-heading\">Izkusite pravo prenosljivost z dodatkom modula 4G LTE za GPD WIN MAX 2 (2025)<\/h2>\n\n<p>Z izbirnim modulom 4G LTE spremenite svoj ra\u010dunalnik <a href=\"https:\/\/gpdstore.net\/gpd-win-max-2-2025-review\/gpd-win-max-2-2025\/\" target=\"_blank\" rel=\"noreferrer noopener\">GPD WIN MAX 2 (2025) v<\/a> vrhunsko prenosno napravo za igranje iger in produktivnost. Modul, zasnovan izklju\u010dno za to napravo, zagotavlja brezhibno povezljivost in vam omogo\u010da, da ste na spletu vedno in povsod. <\/p>\n\n<p>Ta modul je zasnovan z mislijo na natan\u010dnost in enostavnost uporabe ter podpira \u0161iroko paleto omre\u017eij, vklju\u010dno s <strong>4G TD-LTE, FDD-LTE in 3G CDMA<\/strong>, kar zagotavlja neprimerljivo vsestranskost za globalno zdru\u017eljivost. Demonta\u017ea ali zapletena namestitev ni potrebna &#8211; na zadnji strani obrnjena re\u017ea za modul 4G omogo\u010da hitro in preprosto namestitev. <\/p>\n\n<p>Ne glede na to, ali igrate igre, delate ali pretakate, modul 4G LTE zagotavlja stabilno in hitro delovanje, ki je primerljivo z obi\u010dajnimi prenosnimi ra\u010dunalniki. S tem nepogre\u0161ljivim dodatkom lahko u\u017eivate v neprekinjenem igranju in produktivnosti tudi v zapletenih scenarijih ali na poti.<\/p>\n\n<h4 class=\"wp-block-heading\">Lastnosti:<\/h4>\n\n<ul class=\"wp-block-list\">\n<li><strong>Namensko zasnovana zasnova:<\/strong> Izdelan izklju\u010dno za GPD WIN MAX 2 (2025), da bi zagotovil popolno prileganje in brezhibno delovanje.<\/li>\n\n\n\n<li><strong>Zanesljiva povezljivost<\/strong>: Omogo\u010da hiter dostop 4G LTE, zato je idealna za igranje iger, pretakanje in delo.<\/li>\n\n\n\n<li><strong>Podpora globalnega omre\u017eja<\/strong>: Zdru\u017eljiva s 4G TD-LTE, FDD-LTE in 3G CDMA za uporabo po vsem svetu.<\/li>\n\n\n\n<li><strong>Enostavna namestitev<\/strong>: Hitra in varna namestitev prek re\u017ee za modul 4G na zadnji strani.<\/li>\n<\/ul>\n\n<h4 class=\"wp-block-heading\">Obvestila:<\/h4>\n\n<ol class=\"wp-block-list\">\n<li>Ta dodatna oprema <strong>ni zdru\u017eljiva<\/strong> s prej\u0161njimi modeli serije GPD WIN Max, vklju\u010dno z <strong>razli\u010dicami 2024, 2023 in 2021<\/strong>. Zasnovan je izklju\u010dno za model <strong>GPD WIN Max 2 (2025<\/strong>). <\/li>\n\n\n\n<li>Pred nakupom preverite leto modela svoje naprave, da zagotovite zdru\u017eljivost.<\/li>\n<\/ol>\n","protected":false},"excerpt":{"rendered":"<ul>\n<li>Zasnovan posebej za GPD WIN MAX 2 (2025)<\/li>\n<li>Podpora &#8211; 4G TD-LTE, FDD-LTE, 3G CDMA.<\/li>\n<li>Podpora 4G TD-LTE, FDD-LTE in 3G CDMA<\/li>\n<li>Re\u017ea Nano-SIM za enostavno uporabo<\/li>\n<li>Quectel EG25-G Model<\/li>\n<\/ul>\n<pre><b>POMEMBNO<\/b>\nNAMESTITEV ZAHTEVA ODPRTJE NAPRAVE\nSESTAVNI DELI SO MAJHNI IN OB\u010cUTLJIVI.\nNE ODGOVARJAMO ZA MOREBITNO \u0160KODO, KI BI JO UTRPELA STRANKA.<\/pre>\n[cg_accordion title=\"INFORMACIJE O PLA\u010cILU\"]<\/p>\n<p>Uporabljamo najnovej\u0161o tehnologijo za obdelavo pla\u010dil, ki vam omogo\u010da, da se na blagajno prijavite s svojo debetno\/kreditno kartico ali storitvijo PayPal, kar zagotavlja hitro in varno izku\u0161njo.[\/cg_accordion]\n[cg_accordion title=\"GARANCIJA\"]<\/p>\n<p>2 leti garancije <a href=\"https:\/\/droix.net\/\" target=\"_blank\" rel=\"nofollow noopener\">DROIX Global za<\/a> va\u0161 mir[\/cg_accordion]\n[cg_accordion title=\"ZAGOTAVLJANJE KAKOVOSTI IN TESTIRANJE PRED ODPREMO\"]<\/p>\n<p>Zagotavljanje zadovoljstva strank na najvi\u0161ji ravni: Vsaka naprava je pred odpremo strogo preizku\u0161ena in preverjena v ve\u010d to\u010dkah za zagotavljanje kakovosti. Na\u0161a predana ekipa preveri delovanje, funkcionalnost in celovitost komponent, s \u010dimer zagotovimo, da bo va\u0161a naprava GPD ob prihodu v popolnem delovnem stanju, kar vam zagotavlja zaupanje in mir v du\u0161i. [\/cg_accordion]\n[cg_accordion title=\"CENE, DAVKI IN PO\u0160ILJANJE\"]<\/p>\n<p><strong><u>Opomba:<\/u><\/strong><\/p>\n<ul>\n<li>Zdru\u017eene dr\u017eave Amerike Kupci: Prikazana cena NE vklju\u010duje davka in dajatev. Odgovornost za carinjenje in pla\u010dilo vseh povezanih davkov\/carin nosi kupec. <\/li>\n<li>Stranke iz EU: Prikazana cena vklju\u010duje veljavni davek, ki lahko zna\u0161a do 25 %, odvisno od va\u0161e dr\u017eave.<\/li>\n<li>Kanada Kupci: Prikazana cena vklju\u010duje veljavne davke, ki lahko vklju\u010dujejo 5 % davek na dodano vrednost (GST) in dodatne pokrajinske davke na prodajo (PST), harmonizirani davek na prodajo (HST) ali davek na prodajo v Quebecu (QST), odvisno od va\u0161e province.<\/li>\n<\/ul>\n<p>Za na\u0161e stranke v ZDA: Naro\u010dila se po\u0161iljajo DAP (Delivered At Place). \u010ceprav so stranke odgovorne za pla\u010dilo vseh veljavnih tarif, se opiramo na svoje bogate izku\u0161nje pri po\u0161iljanju iz Zdru\u017eenega kraljestva, da bi zagotovili, da boste pla\u010dali najni\u017ejo mo\u017eno ceno. Na podlagi na\u0161ih evidenc ti stro\u0161ki obi\u010dajno ne presegajo 10 % vrednosti izdelka.  <\/p>\n<p><strong>Samo za stranke iz EU:<\/strong> Ekspresno DDP (dostavljeno s pla\u010dano dajatvijo). To pomeni: <\/p>\n<ul>\n<li>Vse carine in davki so vklju\u010deni v ceno, prikazano na strani izdelka.<\/li>\n<li>Ob dostavi vam ne bo treba pla\u010dati nobenih dodatnih stro\u0161kov.<\/li>\n<li>V redkih primerih te\u017eav, povezanih s carino, bo na\u0161a ekipa v va\u0161em imenu opravila postopek carinjenja in zagotovila nemoteno dostavo.<\/li>\n<p>Pomembne informacije o vra\u010dilih:<\/p>\n<li>\u010ce se odlo\u010dite vrniti naro\u010dilo ali zahtevate vra\u010dilo, se morate zavedati, da davkov in dajatev, pla\u010danih v va\u0161em imenu pod pogoji DDP, ni mogo\u010de vrniti.<\/li>\n<p>Podrobne informacije <a href=\"https:\/\/droix.net\/terms-and-conditions\/\" target=\"_blank\" rel=\"nofollow noopener\">so na voljo v na\u0161ih Pogojih in dolo\u010dilih<\/a>.\n<\/ul>\n<p>[\/cg_accordion]\n[cg_accordion title=\"PODPORA STRANKAM\"]<\/p>\n<p>Imate vpra\u0161anje? Samo kratko besedilo nas lo\u010di od re\u0161itve va\u0161ega vpra\u0161anja! <\/p>\n<p>Podrobne informacije <a href=\"https:\/\/gpdstore.net\/terms-of-service\/\" target=\"_blank\" rel=\"nofollow noopener\">so na voljo v na\u0161ih Pogojih in dolo\u010dilih<\/a>.\n<\/ul>\n<p>[\/cg_accordion]\n[cg_accordion title=\"KAJ JE VKLJU\u010cENO\"]<\/p>\n<ul>\n<li>1x modul GPD WIN MAX 2 2025 LTE<\/li>\n<\/ul>\n<p>[\/cg_accordion]\n","protected":false},"featured_media":1015,"template":"","meta":{"_acf_changed":false},"product_brand":[],"product_cat":[5386],"product_tag":[15760,18036],"woo-feed-brand":[],"class_list":{"0":"post-1274636","1":"product","2":"type-product","3":"status-publish","4":"has-post-thumbnail","6":"product_cat-dodatki","7":"product_tag-20xmsale-sl-2","8":"product_tag-gpd-wm2-akcesorij","9":"product_shipping_class-low-end","10":"pa_accessory-type-dodatki-sl","11":"pa_brand-gpd","13":"first","14":"instock","15":"sale","16":"taxable","17":"shipping-taxable","18":"purchasable","19":"product-type-simple"},"acf":[],"aioseo_notices":[],"_links":{"self":[{"href":"https:\/\/gpdstore.net\/sl\/wp-json\/wp\/v2\/product\/1274636","targetHints":{"allow":["GET"]}}],"collection":[{"href":"https:\/\/gpdstore.net\/sl\/wp-json\/wp\/v2\/product"}],"about":[{"href":"https:\/\/gpdstore.net\/sl\/wp-json\/wp\/v2\/types\/product"}],"wp:featuredmedia":[{"embeddable":true,"href":"https:\/\/gpdstore.net\/sl\/wp-json\/wp\/v2\/media\/1015"}],"wp:attachment":[{"href":"https:\/\/gpdstore.net\/sl\/wp-json\/wp\/v2\/media?parent=1274636"}],"wp:term":[{"taxonomy":"product_brand","embeddable":true,"href":"https:\/\/gpdstore.net\/sl\/wp-json\/wp\/v2\/product_brand?post=1274636"},{"taxonomy":"product_cat","embeddable":true,"href":"https:\/\/gpdstore.net\/sl\/wp-json\/wp\/v2\/product_cat?post=1274636"},{"taxonomy":"product_tag","embeddable":true,"href":"https:\/\/gpdstore.net\/sl\/wp-json\/wp\/v2\/product_tag?post=1274636"},{"taxonomy":"woo-feed-brand","embeddable":true,"href":"https:\/\/gpdstore.net\/sl\/wp-json\/wp\/v2\/woo-feed-brand?post=1274636"}],"curies":[{"name":"wp","href":"https:\/\/api.w.org\/{rel}","templated":true}]}}