{"id":1261229,"date":"2025-10-23T08:14:29","date_gmt":"2025-10-23T08:14:29","guid":{"rendered":"https:\/\/gpdstore.net\/?post_type=product&#038;p=1261229"},"modified":"2026-01-19T14:33:18","modified_gmt":"2026-01-19T14:33:18","slug":"gpd-win-5-battery","status":"publish","type":"product","link":"https:\/\/gpdstore.net\/sl\/product\/gpd-win-5-battery\/","title":{"rendered":"Baterija GPD WIN 5"},"content":{"rendered":"\n<p><strong>Akumulatorska baterija GPD WIN 5 za polnjenje z litij-ionsko baterijo je<\/strong> osnovni pripomo\u010dek, ki je zasnovan za pove\u010danje \u010dasa igranja prenosnega igralnega ra\u010dunalnika GPD WIN 5. Ta originalna zunanja baterija s kapaciteto 80 Wh, zasnovana za visoko zmogljivost in brezhibno integracijo, vam omogo\u010da, da se odklopite od stene in na poti igrate vrhunske ra\u010dunalni\u0161ke igre.<\/p>\n\n<hr class=\"wp-block-separator has-alpha-channel-opacity\"\/>\n\n<h3 class=\"wp-block-heading\">Klju\u010dne lastnosti:<\/h3>\n\n<p>\ud83d\udd0b Raz\u0161irjena zmogljivost 80,04Wh<\/p>\n\n<p>Baterija z veliko nazivno energijo 80,04 Wh in nazivno zmogljivostjo 5170 mAh zagotavlja pomemben \u010das delovanja, zato lahko u\u017eivate v dalj\u0161ih igralnih seansah dale\u010d od elektri\u010dne vti\u010dnice.<\/p>\n\n<p>\u26a1 Visoka zmogljivost<\/p>\n\n<p>Z nazivno napetostjo 15,48 V in omejeno napetostjo polnjenja 17,80 V je ta 4-celi\u010dni litij-ionski paket zasnovan tako, da je kos zahtevni porabi energije zmogljivega APU AMD Strix Halo v GPD WIN 5.<\/p>\n\n<p>\ud83d\udd04 Modularna zasnova s hitrim pritrjevanjem<\/p>\n\n<p>Baterija ima lastni\u0161ki mehanizem za hitro priklju\u010ditev, ki se enostavno in varno pritrdi na zadnjo stran ro\u010dnega ra\u010dunalnika GPD WIN 5 (kot je prikazano na sliki), zato je modularna in jo je mogo\u010de zamenjati z rezervno.<\/p>\n\n<p>\ud83d\udcaa Ergonomski in integrirani<\/p>\n\n<p>Baterijski paket, ki je zasnovan tako, da se popolnoma pove\u017ee z ohi\u0161jem GPD WIN 5, ohranja obliko ro\u010dne naprave, hkrati pa dodaja potreben ergonomski oprijem in vir energije.<\/p>\n\n<p>\ud83d\udd0c Originalna dodatna oprema GPD<\/p>\n\n<p>To je uradna litij-ionska baterija GPD (model: 5.054BAG, model: 4ICP 77\/48\/100), ki zagotavlja popolno zdru\u017eljivost, varnost in optimalno delovanje z va\u0161im GPD WIN 5.<\/p>\n\n<hr class=\"wp-block-separator has-alpha-channel-opacity\"\/>\n\n<h3 class=\"wp-block-heading\">Specifikacije:<\/h3>\n\n<figure class=\"wp-block-table\"><table class=\"has-fixed-layout\"><thead><tr><td><strong>Podrobnosti<\/strong><\/td><td><strong>Specifikacija<\/strong><\/td><\/tr><\/thead><tbody><tr><td><strong>Model<\/strong><\/td><td>5.054BAG (4ICP 77\/48\/100)<\/td><\/tr><tr><td><strong>Vrsta baterije<\/strong><\/td><td>Akumulatorska baterija Li-ion<\/td><\/tr><tr><td><strong>Nazivna energija<\/strong><\/td><td>80,04 Wh<\/td><\/tr><tr><td><strong>Nazivna zmogljivost<\/strong><\/td><td>5170 mAh<\/td><\/tr><tr><td><strong>Nazivna napetost<\/strong><\/td><td>15.48 V<\/td><\/tr><tr><td><strong>Omejena napetost polnjenja<\/strong><\/td><td>17.80 V<\/td><\/tr><tr><td><strong>Zdru\u017eljivost<\/strong><\/td><td>Prenosni igralni ra\u010dunalnik GPD WIN 5<\/td><\/tr><\/tbody><\/table><\/figure>\n","protected":false},"excerpt":{"rendered":"<ul>\n<li><strong>80,04Wh Zmogljivost:<\/strong> Zagotavlja dalj\u0161i \u010das igranja prenosnih iger z visoko zmogljivostjo.<\/li>\n<li><strong>5170 mAh Nazivna zmogljivost:<\/strong> Zagotavlja dolgotrajno in zanesljivo uporabo na poti.<\/li>\n<li><strong>Modularna zasnova:<\/strong> Hitro pritrdite mehanizem za enostavno zamenjavo in odstranitev.<\/li>\n<li><strong>Visokonapetostno napajanje: izdelano<\/strong> za podporo zmogljivemu procesorju APU naprave GPD WIN 5.<\/li>\n<li><strong>Uradna dodatna oprema GPD:<\/strong> Zagotavlja popolno prileganje, zdru\u017eljivost in varnost.<\/li>\n<\/ul>\n<pre><b>Element na prednaro\u010dilu<\/b>\nPredviden datum izida:\n<ul>\n<li>2. februarja 2026<\/li><\/pre>\n<\/ul>\n[cg_accordion title=\"INFORMACIJE O PLA\u010cILU\"]<\/p>\n<p>Uporabljamo najnovej\u0161o tehnologijo za obdelavo pla\u010dil, ki vam omogo\u010da, da se na blagajno prijavite s svojo debetno\/kreditno kartico ali storitvijo PayPal, kar zagotavlja hitro in varno izku\u0161njo.[\/cg_accordion]\n[cg_accordion title=\"GARANCIJA\"]<\/p>\n<p>2 leti garancije <a href=\"https:\/\/droix.net\/\" target=\"_blank\" rel=\"nofollow noopener\">DROIX Global za<\/a> va\u0161 mir[\/cg_accordion]\n[cg_accordion title=\"ZAGOTAVLJANJE KAKOVOSTI IN TESTIRANJE PRED ODPREMO\"]<\/p>\n<p>Zagotavljanje zadovoljstva strank na najvi\u0161ji ravni: Vsaka naprava je pred odpremo strogo preizku\u0161ena in preverjena v ve\u010d to\u010dkah za zagotavljanje kakovosti. Na\u0161a predana ekipa preveri delovanje, funkcionalnost in celovitost komponent, s \u010dimer zagotovimo, da bo va\u0161a naprava GPD ob prihodu v popolnem delovnem stanju, kar vam zagotavlja zaupanje in mir v du\u0161i. [\/cg_accordion]\n[cg_accordion title=\"CENE, DAVKI IN PO\u0160ILJANJE\"]<\/p>\n<p><strong><u>Opomba:<\/u><\/strong><\/p>\n<ul>\n<li>Zdru\u017eene dr\u017eave Amerike Kupci: Prikazana cena NE vklju\u010duje davka in dajatev. Odgovornost za carinjenje in pla\u010dilo vseh povezanih davkov\/carin nosi kupec. <\/li>\n<li>Stranke iz EU: Prikazana cena vklju\u010duje veljavni davek, ki lahko zna\u0161a do 25 %, odvisno od va\u0161e dr\u017eave.<\/li>\n<li>Kanada Kupci: Prikazana cena vklju\u010duje veljavne davke, ki lahko vklju\u010dujejo 5 % davek na dodano vrednost (GST) in dodatne pokrajinske davke na prodajo (PST), harmonizirani davek na prodajo (HST) ali davek na prodajo v Quebecu (QST), odvisno od va\u0161e province.<\/li>\n<\/ul>\n<p>Za na\u0161e stranke v ZDA: Naro\u010dila se po\u0161iljajo DAP (Delivered At Place). \u010ceprav so stranke odgovorne za pla\u010dilo vseh veljavnih tarif, se opiramo na svoje bogate izku\u0161nje pri po\u0161iljanju iz Zdru\u017eenega kraljestva, da bi zagotovili, da boste pla\u010dali najni\u017ejo mo\u017eno ceno. Na podlagi na\u0161ih evidenc ti stro\u0161ki obi\u010dajno ne presegajo 10 % vrednosti izdelka.  <\/p>\n<p><strong>Samo za stranke iz EU:<\/strong> Ekspresno DDP (dostavljeno s pla\u010dano dajatvijo). To pomeni: <\/p>\n<ul>\n<li>Vse carine in davki so vklju\u010deni v ceno, prikazano na strani izdelka.<\/li>\n<li>Ob dostavi vam ne bo treba pla\u010dati nobenih dodatnih stro\u0161kov.<\/li>\n<li>V redkih primerih te\u017eav, povezanih s carino, bo na\u0161a ekipa v va\u0161em imenu opravila postopek carinjenja in zagotovila nemoteno dostavo.<\/li>\n<p>Pomembne informacije o vra\u010dilih:<\/p>\n<li>\u010ce se odlo\u010dite vrniti naro\u010dilo ali zahtevate vra\u010dilo, se morate zavedati, da davkov in dajatev, pla\u010danih v va\u0161em imenu pod pogoji DDP, ni mogo\u010de vrniti.<\/li>\n<p>Podrobne informacije <a href=\"https:\/\/droix.net\/terms-and-conditions\/\" target=\"_blank\" rel=\"nofollow noopener\">so na voljo v na\u0161ih Pogojih in dolo\u010dilih<\/a>.\n<\/ul>\n<p>[\/cg_accordion]\n[cg_accordion title=\"PODPORA STRANKAM\"]<\/p>\n<p>Imate vpra\u0161anje? Samo kratko besedilo nas lo\u010di od re\u0161itve va\u0161ega vpra\u0161anja! <\/p>\n<p>Podrobne informacije <a href=\"https:\/\/gpdstore.net\/sl\/terms-of-service\/\" target=\"_blank\" rel=\"nofollow noopener\">so na voljo v na\u0161ih Pogojih in dolo\u010dilih<\/a>.\n<\/ul>\n<p>[\/cg_accordion]\n[cg_accordion title=\"KAJ JE VKLJU\u010cENO\"]<\/p>\n<ul>\n<li>1x baterija GPD WIN 5<\/li>\n<\/ul>\n<p>[\/cg_accordion]\n","protected":false},"featured_media":1261231,"template":"","meta":{"_acf_changed":false},"product_brand":[],"product_cat":[5386],"product_tag":[],"woo-feed-brand":[5638],"class_list":{"0":"post-1261229","1":"product","2":"type-product","3":"status-publish","4":"has-post-thumbnail","6":"product_cat-dodatki","7":"product_shipping_class-low-end","8":"pa_accessory-type-dodatki-sl","9":"pa_brand-gpd","10":"woo-feed-brand-gpd-sl","12":"first","13":"instock","14":"taxable","15":"shipping-taxable","16":"purchasable","17":"product-type-variable","18":"has-default-attributes"},"acf":[],"aioseo_notices":[],"_links":{"self":[{"href":"https:\/\/gpdstore.net\/sl\/wp-json\/wp\/v2\/product\/1261229","targetHints":{"allow":["GET"]}}],"collection":[{"href":"https:\/\/gpdstore.net\/sl\/wp-json\/wp\/v2\/product"}],"about":[{"href":"https:\/\/gpdstore.net\/sl\/wp-json\/wp\/v2\/types\/product"}],"wp:featuredmedia":[{"embeddable":true,"href":"https:\/\/gpdstore.net\/sl\/wp-json\/wp\/v2\/media\/1261231"}],"wp:attachment":[{"href":"https:\/\/gpdstore.net\/sl\/wp-json\/wp\/v2\/media?parent=1261229"}],"wp:term":[{"taxonomy":"product_brand","embeddable":true,"href":"https:\/\/gpdstore.net\/sl\/wp-json\/wp\/v2\/product_brand?post=1261229"},{"taxonomy":"product_cat","embeddable":true,"href":"https:\/\/gpdstore.net\/sl\/wp-json\/wp\/v2\/product_cat?post=1261229"},{"taxonomy":"product_tag","embeddable":true,"href":"https:\/\/gpdstore.net\/sl\/wp-json\/wp\/v2\/product_tag?post=1261229"},{"taxonomy":"woo-feed-brand","embeddable":true,"href":"https:\/\/gpdstore.net\/sl\/wp-json\/wp\/v2\/woo-feed-brand?post=1261229"}],"curies":[{"name":"wp","href":"https:\/\/api.w.org\/{rel}","templated":true}]}}