{"id":1258311,"date":"2025-10-21T14:46:01","date_gmt":"2025-10-21T14:46:01","guid":{"rendered":"https:\/\/gpdstore.net\/product\/prikljucna-postaja-gpd-win-5\/"},"modified":"2026-01-19T14:33:18","modified_gmt":"2026-01-19T14:33:18","slug":"gpd-win-5-docking-station","status":"publish","type":"product","link":"https:\/\/gpdstore.net\/sl\/product\/gpd-win-5-docking-station\/","title":{"rendered":"Priklju\u010dna postaja GPD WIN 5"},"content":{"rendered":"\n<p><strong>Priklju\u010dna postaja GPD WIN 5 (<\/strong> pogosto imenovana Smart Dock) je osnovno namizno vozli\u0161\u010de, zasnovano za izkori\u0161\u010danje celotnega potenciala va\u0161ega <a href=\"https:\/\/gpdstore.net\/sl\/product\/gpd-win-5\/\" target=\"_blank\" rel=\"noopener\" title=\"\">ro\u010dnega igralnega ra\u010dunalnika GPD WIN 5 .<\/a> Z eno samo povezavo spremenite prenosno mo\u010d v popolno namizno igralno in storitveno konfiguracijo, ki zagotavlja najve\u010djo mo\u010d in brezhibno integracijo perifernih naprav.<\/p>\n\n<hr class=\"wp-block-separator has-alpha-channel-opacity\"\/>\n\n<h2 class=\"wp-block-heading\">Klju\u010dne lastnosti:<\/h2>\n\n<p>\u26a1 Najve\u010dja <strong>mo\u010d za vrhunsko zmogljivost Priklju\u010dek je<\/strong> zasnovan tako, da se pove\u017ee z namenskim napajalnim priklju\u010dkom naprave GPD WIN 5, kar omogo\u010da, da naprava deluje s polnim 100-vatnim napajanjem iz polnilnika. To visokozmogljivemu procesorju Strix Halo APU omogo\u010da, da vzdr\u017euje svoj maksimalni TDP za hitrost slikanja v namiznem razredu brez toplotnega du\u0161enja. <\/p>\n\n<p>\ud83d\udcbb Takoj\u0161nja <strong>preobrazba namizja<\/strong> GPD WIN 5 <strong>enostavno priklopite<\/strong> in takoj pove\u017eite z vsemi perifernimi napravami na namizju.<sup><\/sup> Preoblikujte svojo ro\u010dno konzolo v polnopravni ra\u010dunalnik z operacijskim sistemom Windows 11, ki je pripravljen za tekmovalno igranje iger, delo ali u\u017eivanje medijev.<sup><\/sup><\/p>\n\n<p>\ud83d\udda5\ufe0f <strong>Visokohitrostni izhodni zaslon 4K<\/strong> <strong>Smart Dock<\/strong> <strong>je opremljen<\/strong> z namenskim <strong>priklju\u010dkom HDMI 2.1, zato<\/strong> lahko na zunanji igralni monitor ali televizor prena\u0161a lo\u010dljivost do 4K <strong>pri <sup><\/sup>144<\/strong> Hz, kar zagotavlja masleno gladko izku\u0161njo z visoko natan\u010dnostjo, ki se lahko kosa z obi\u010dajnimi namiznimi ra\u010dunalniki.<sup><\/sup><\/p>\n\n<p><strong>\ud83d\udd0c Celovita raz\u0161iritev vhodov\/izhodov Znatno<\/strong> raz\u0161irite mo\u017enosti povezljivosti, da boste lahko namestili vso svojo igralno in delovno opremo:<\/p>\n\n<ul class=\"wp-block-list\">\n<li><strong>1x HDMI 2.1 Port:<\/strong> Za izpis zaslona visoke lo\u010dljivosti in visoke hitrosti osve\u017eevanja.<\/li>\n\n\n\n<li><strong>3x vrata USB tipa A:<\/strong> Priklju\u010dite zunanje tipkovnice, mi\u0161ke, bliskovne diske in druge periferne naprave.<\/li>\n\n\n\n<li><strong>1x ethernetna vrata (RJ45):<\/strong> Zagotavlja stabilno \u017ei\u010dno povezavo z nizko zakasnitvijo za konkuren\u010dno spletno igranje.<\/li>\n\n\n\n<li><strong>1x vrata USB tipa C:<\/strong> Za podatkovne ali dodatne periferne povezave.<\/li>\n<\/ul>\n\n<p>\ud83d\udd0b <strong>Pametno stojalo<\/strong> &#8220;vse v enem&#8221; <strong>Edinstvena zasnova<\/strong> slu\u017ei kot varno stojalo in napajalno vozli\u0161\u010de. Zagotavlja stabilno, pokon\u010dno po\u010divali\u0161\u010de za va\u0161 GPD WIN 5, hkrati pa aktivno polni sistem in zagotavlja potrebno energijo za trajno visoko zmogljivo igranje iger. <\/p>\n\n<h2 class=\"wp-block-heading\">Zakaj izbrati priklopno postajo GPD WIN 5?<\/h2>\n\n<p>GPD WIN 5 je zasnovan kot nadomestek za namizni ra\u010dunalnik, ta pametna dokovalna postaja pa je most. Odpravlja kabelsko gne\u010do, hkrati pa zagotavlja, da va\u0161 zmogljivi \u010dip Strix Halo prejme vseh 100 W mo\u010di, ki jo potrebuje za zmogljivost razreda RTX 4060 na va\u0161em velikem zaslonu. Je nepogre\u0161ljiv pripomo\u010dek za vrhunsko izku\u0161njo igranja namiznih iger po na\u010delu &#8220;priklju\u010di in igraj&#8221;. <\/p>\n\n<hr class=\"wp-block-separator has-alpha-channel-opacity\"\/>\n\n<h3 class=\"wp-block-heading\">Specifikacije:<\/h3>\n\n<figure class=\"wp-block-table\"><table class=\"has-fixed-layout\"><thead><tr><td>Podrobnosti<\/td><td>Specifikacija<\/td><\/tr><\/thead><tbody><tr><td><strong>Zdru\u017eljivost<\/strong><\/td><td>Prenosni igralni ra\u010dunalnik GPD WIN 5<\/td><\/tr><tr><td><strong>Video izhod<\/strong><\/td><td>1 \u00d7 HDMI 2.1 (do 4K @144 Hz)<\/td><\/tr><tr><td><strong>Priklju\u010dki USB<\/strong><\/td><td>3 \u00d7 USB tipa A, 1 \u00d7 USB tipa C<\/td><\/tr><tr><td><strong>Omre\u017eje<\/strong><\/td><td>1\u00d7 Ethernetna vrata (RJ45)<\/td><\/tr><tr><td><strong>Vhodno napajanje<\/strong><\/td><td>Sodni vti\u010d (zasnovan za 100 W GPD WIN 5 polnilnik)<\/td><\/tr><tr><td><strong>Funkcija<\/strong><\/td><td>Priklju\u010ditev, polnjenje, izklop zaslona, stojalo<\/td><\/tr><\/tbody><\/table><\/figure>\n\n<p><\/p>\n","protected":false},"excerpt":{"rendered":"<ul>\n<li><strong>180 W Prepustnost napajanja:<\/strong> Prehodna zmogljivost: zagotavlja najve\u010djo mo\u010d za najve\u010djo zmogljivost.<\/li>\n<li><strong>Namizni na\u010din:<\/strong> V trenutku spremeni ro\u010dni ra\u010dunalnik v namizni ra\u010dunalnik.<\/li>\n<li><strong>Izhodni zaslon 4K:<\/strong> HDMI 2.1 za zunanje monitorje visoke lo\u010dljivosti.<\/li>\n<li><strong>\u017di\u010dne igre:<\/strong> Vklju\u010duje ethernetni priklju\u010dek za stabilno spletno igranje brez zakasnitev.<\/li>\n<li><strong>Uradno prileganje:<\/strong> Po meri izdelan dodatek GPD za GPD WIN 5.<\/li>\n<\/ul>\n[cg_accordion title=\"INFORMACIJE O PLA\u010cILU\"]<\/p>\n<p>Uporabljamo najnovej\u0161o tehnologijo za obdelavo pla\u010dil, ki vam omogo\u010da, da se na blagajno prijavite s svojo debetno\/kreditno kartico ali storitvijo PayPal, kar zagotavlja hitro in varno izku\u0161njo.[\/cg_accordion]\n[cg_accordion title=\"GARANCIJA\"]<\/p>\n<p>2 leti garancije <a href=\"https:\/\/droix.net\/\" target=\"_blank\" rel=\"nofollow noopener\">DROIX Global za<\/a> va\u0161 mir[\/cg_accordion]\n[cg_accordion title=\"ZAGOTAVLJANJE KAKOVOSTI IN TESTIRANJE PRED ODPREMO\"]<\/p>\n<p>Zagotavljanje zadovoljstva strank na najvi\u0161ji ravni: Vsaka naprava je pred odpremo strogo preizku\u0161ena in preverjena v ve\u010d to\u010dkah za zagotavljanje kakovosti. Na\u0161a predana ekipa preveri delovanje, funkcionalnost in celovitost komponent, s \u010dimer zagotovimo, da bo va\u0161a naprava GPD ob prihodu v popolnem delovnem stanju, kar vam zagotavlja zaupanje in mir v du\u0161i. [\/cg_accordion]\n[cg_accordion title=\"CENE, DAVKI IN PO\u0160ILJANJE\"]<\/p>\n<p><strong><u>Opomba:<\/u><\/strong><\/p>\n<ul>\n<li>Zdru\u017eene dr\u017eave Amerike Kupci: Prikazana cena NE vklju\u010duje davka in dajatev. Odgovornost za carinjenje in pla\u010dilo vseh povezanih davkov\/carin nosi kupec. <\/li>\n<li>Stranke iz EU: Prikazana cena vklju\u010duje veljavni davek, ki lahko zna\u0161a do 25 %, odvisno od va\u0161e dr\u017eave.<\/li>\n<li>Kanada Kupci: Prikazana cena vklju\u010duje veljavne davke, ki lahko vklju\u010dujejo 5 % davek na dodano vrednost (GST) in dodatne pokrajinske davke na prodajo (PST), harmonizirani davek na prodajo (HST) ali davek na prodajo v Quebecu (QST), odvisno od va\u0161e province.<\/li>\n<\/ul>\n<p>Za na\u0161e stranke v ZDA: Naro\u010dila se po\u0161iljajo DAP (Delivered At Place). \u010ceprav so stranke odgovorne za pla\u010dilo vseh veljavnih tarif, se opiramo na svoje bogate izku\u0161nje pri po\u0161iljanju iz Zdru\u017eenega kraljestva, da bi zagotovili, da boste pla\u010dali najni\u017ejo mo\u017eno ceno. Na podlagi na\u0161ih evidenc ti stro\u0161ki obi\u010dajno ne presegajo 10 % vrednosti izdelka.  <\/p>\n<p><strong>Samo za stranke iz EU:<\/strong> Ekspresno DDP (dostavljeno s pla\u010dano dajatvijo). To pomeni: <\/p>\n<ul>\n<li>Vse carine in davki so vklju\u010deni v ceno, prikazano na strani izdelka.<\/li>\n<li>Ob dostavi vam ne bo treba pla\u010dati nobenih dodatnih stro\u0161kov.<\/li>\n<li>V redkih primerih te\u017eav, povezanih s carino, bo na\u0161a ekipa v va\u0161em imenu opravila postopek carinjenja in zagotovila nemoteno dostavo.<\/li>\n<p>Pomembne informacije o vra\u010dilih:<\/p>\n<li>\u010ce se odlo\u010dite vrniti naro\u010dilo ali zahtevate vra\u010dilo, se morate zavedati, da davkov in dajatev, pla\u010danih v va\u0161em imenu pod pogoji DDP, ni mogo\u010de vrniti.<\/li>\n<p>Podrobne informacije <a href=\"https:\/\/droix.net\/terms-and-conditions\/\" target=\"_blank\" rel=\"nofollow noopener\">so na voljo v na\u0161ih Pogojih in dolo\u010dilih<\/a>.\n<\/ul>\n<p>[\/cg_accordion]\n[cg_accordion title=\"PODPORA STRANKAM\"]<\/p>\n<p>Imate vpra\u0161anje? Samo kratko besedilo nas lo\u010di od re\u0161itve va\u0161ega vpra\u0161anja! <\/p>\n<p>Podrobne informacije <a href=\"https:\/\/gpdstore.net\/sl\/terms-of-service\/\" target=\"_blank\" rel=\"nofollow noopener\">so na voljo v na\u0161ih Pogojih in dolo\u010dilih<\/a>.\n<\/ul>\n<p>[\/cg_accordion]\n[cg_accordion title=\"KAJ JE VKLJU\u010cENO\"]<\/p>\n<ul>\n<li>1x uradna priklopna postaja GPD WIN 5<\/li>\n<\/ul>\n<p>[\/cg_accordion]\n","protected":false},"featured_media":1261034,"template":"","meta":{"_acf_changed":false},"product_brand":[],"product_cat":[5386],"product_tag":[],"woo-feed-brand":[],"class_list":{"0":"post-1258311","1":"product","2":"type-product","3":"status-publish","4":"has-post-thumbnail","6":"product_cat-dodatki","7":"product_shipping_class-low-end","8":"product_shipping_class-premium","9":"pa_accessory-type-prikljucna-postaja","10":"pa_brand-gpd","12":"first","13":"instock","14":"taxable","15":"shipping-taxable","16":"purchasable","17":"product-type-variable","18":"has-default-attributes"},"acf":[],"aioseo_notices":[],"_links":{"self":[{"href":"https:\/\/gpdstore.net\/sl\/wp-json\/wp\/v2\/product\/1258311","targetHints":{"allow":["GET"]}}],"collection":[{"href":"https:\/\/gpdstore.net\/sl\/wp-json\/wp\/v2\/product"}],"about":[{"href":"https:\/\/gpdstore.net\/sl\/wp-json\/wp\/v2\/types\/product"}],"wp:featuredmedia":[{"embeddable":true,"href":"https:\/\/gpdstore.net\/sl\/wp-json\/wp\/v2\/media\/1261034"}],"wp:attachment":[{"href":"https:\/\/gpdstore.net\/sl\/wp-json\/wp\/v2\/media?parent=1258311"}],"wp:term":[{"taxonomy":"product_brand","embeddable":true,"href":"https:\/\/gpdstore.net\/sl\/wp-json\/wp\/v2\/product_brand?post=1258311"},{"taxonomy":"product_cat","embeddable":true,"href":"https:\/\/gpdstore.net\/sl\/wp-json\/wp\/v2\/product_cat?post=1258311"},{"taxonomy":"product_tag","embeddable":true,"href":"https:\/\/gpdstore.net\/sl\/wp-json\/wp\/v2\/product_tag?post=1258311"},{"taxonomy":"woo-feed-brand","embeddable":true,"href":"https:\/\/gpdstore.net\/sl\/wp-json\/wp\/v2\/woo-feed-brand?post=1258311"}],"curies":[{"name":"wp","href":"https:\/\/api.w.org\/{rel}","templated":true}]}}