{"id":1251795,"date":"2025-10-15T11:30:11","date_gmt":"2025-10-15T11:30:11","guid":{"rendered":"https:\/\/gpdstore.net\/product\/ohisje-gpd-win-5\/"},"modified":"2026-01-19T14:31:48","modified_gmt":"2026-01-19T14:31:48","slug":"gpd-win-5-case","status":"publish","type":"product","link":"https:\/\/gpdstore.net\/sl\/product\/gpd-win-5-case\/","title":{"rendered":"Ohi\u0161je GPD WIN 5"},"content":{"rendered":"\n<p><strong>Ohi\u0161je GPD WIN 5 je<\/strong> robustna, po meri prilagojena in na potovanja pripravljena \u0161koljka, izdelana izklju\u010dno za revolucionarni ra\u010dunalnik GPD WIN <strong>5Ohi\u0161je<\/strong> GPD WIN 5 <strong>je robustna<\/strong>, po meri prilagojena in na potovanja pripravljena <strong>\u0161koljka<\/strong>, izdelana izklju\u010dno za revolucionarni ro\u010dni igralni ra\u010dunalnik GPD WIN 5. To ohi\u0161je je izdelano tako, da z vrhunskimi materiali in pametno zasnovo vzdr\u017ei naporna potovanja in \u0161\u010diti va\u0161o visokozmogljivo napravo, zagotavlja najve\u010djo varnost in elegantno prenosljivost &#8211; kot nala\u0161\u010d za elitne igralce iger na poti. <\/p>\n\n<hr class=\"wp-block-separator has-alpha-channel-opacity\"\/>\n\n<h3 class=\"wp-block-heading\">Klju\u010dne lastnosti:<\/h3>\n\n<p>\ud83c\udfae Prilagojena <strong>za\u0161\u010dita za GPD WIN 5<\/strong> To ohi\u0161je, <strong>zasnovano<\/strong> izklju\u010dno za GPD WIN 5, se tesno prilega ro\u010dni napravi ter jo varuje pred premikanjem in po\u0161kodbami zaradi notranjih udarcev med prevozom.<\/p>\n\n<p>\ud83d\udcbc Trdna <strong>lupina Trpe\u017ena<\/strong> <strong>zunanja lupina<\/strong> EVA <strong>zagotavlja izbolj\u0161ano<\/strong> za\u0161\u010dito pred udarci, padci in praskami ter \u0161\u010diti konzolo in njeno zmogljivo notranjost na vseh zahtevnih potovanjih.<sup><\/sup><\/p>\n\n<p><strong>\ud83d\udc5c Mehka notranja obloga V notranjosti<\/strong> mehka <strong>podloga iz<\/strong> tkanine <strong>in<\/strong> pena <strong>,<\/strong> <strong>ki absorbira udarce<\/strong> <strong>,<\/strong> skrbita za ne\u017eno nego konzole in njenega velikega 7-pal\u010dnega zaslona ter prepre\u010dujeta praske in odrgnine na povr\u0161ini.<\/p>\n\n<p>\ud83d\udd0b Modularni <strong>predal za shranjevanje dodatkov Vklju\u010duje<\/strong> prostoren notranji <strong>predal, ki je idealen za shranjevanje<\/strong> pomembnih komponent, kot so snemljiva baterija 80Wh, 180W napajalnik ali druge manj\u0161e potreb\u0161\u010dine &#8211; vsa va\u0161a oprema bo tako urejena in na enem mestu.<\/p>\n\n<p><strong>\ud83e\uddf2 Varno zapiranje z zadrgo<\/strong> Visokokakovostna <strong>zadrga, ki je zelo trpe\u017ena<\/strong>, poskrbi, da je <strong>etui<\/strong> varno zaprt in za\u0161\u010diten, tako da je va\u0161 dragoceni ro\u010dni ra\u010dunalnik varen, ne glede na to, ali se vozite na delo, potujete ali ga shranjujete.<sup><\/sup><\/p>\n\n<p><strong>\ud83c\udf1f Tanka in lahka zasnova Kljub<\/strong> robustni za\u0161\u010diti je kompaktna oblika zasnovana za popolno prenosljivost. Z lahkoto ga spravite v nahrbtnik ali ga nosite samega, saj veste, da je va\u0161a igralna mo\u010d na varnem. <\/p>\n\n<hr class=\"wp-block-separator has-alpha-channel-opacity\"\/>\n\n<h3 class=\"wp-block-heading\">Zakaj izbrati ohi\u0161je GPD WIN 5?<\/h3>\n\n<p>To ohi\u0161je, zasnovano za najzahtevnej\u0161e igralce, zdru\u017euje robustno vzdr\u017eljivost s premi\u0161ljenim in nujnim prostorom za shranjevanje edinstvenih modularnih komponent in zmogljivega polnilnika naprave GPD WIN 5. Ne glede na to, ali ste priklju\u010deni na omre\u017eje za sejo z visoko stopnjo TDP ali igrate brez napajanja, je ohi\u0161je GPD WIN 5 idealen spremljevalec, da bo va\u0161 ro\u010dni ra\u010dunalnik Strix Halo varen in pripravljen na akcijo. \ud83d\ude80<\/p>\n\n<hr class=\"wp-block-separator has-alpha-channel-opacity\"\/>\n\n<h3 class=\"wp-block-heading\">Specifikacije:<\/h3>\n\n<figure class=\"wp-block-table\"><table class=\"has-fixed-layout\"><thead><tr><td>Podrobnosti<\/td><td>Specifikacija<\/td><\/tr><\/thead><tbody><tr><td><strong>Material<\/strong><\/td><td>Trdna lupina EVA + notranjost iz mehke tkanine<\/td><\/tr><tr><td><strong>Zdru\u017eljivost<\/strong><\/td><td><a href=\"https:\/\/gpdstore.net\/sl\/product\/gpd-win-5\/\" target=\"_blank\" rel=\"noopener\" title=\"\">Prenosni igralni ra\u010dunalnik GPD WIN 5<\/a><\/td><\/tr><tr><td><strong>Vrsta zapiranja<\/strong><\/td><td>Zadrga<\/td><\/tr><tr><td><strong>Shranjevanje<\/strong><\/td><td>Notranji mre\u017east \u017eep\/oddelek za dodatno opremo (vklju\u010dno s snemljivo baterijo in polnilnikom)<\/td><\/tr><tr><td><strong>Dimenzije<\/strong><\/td><td><strong>288 \u00d7 136 \u00d7 80 (25\/55) mm<\/strong><\/td><\/tr><\/tbody><\/table><\/figure>\n\n<p><\/p>\n","protected":false},"excerpt":{"rendered":"<ul>\n<li><strong>Uradno prileganje:<\/strong> WIN 5.<\/li>\n<li><strong>Varni trakovi:<\/strong> Napravo in zunanji baterijski vlo\u017eek trdno dr\u017eijo na mestu.<\/li>\n<li><strong>Mehka podloga:<\/strong> Prepre\u010duje nastanek prask in \u0161\u010diti 7-pal\u010dni 120 Hz zaslon.<\/li>\n<li><strong>Ro\u010dni trak:<\/strong> Omogo\u010da enostavno in varno prena\u0161anje na poti.<\/li>\n<li><strong>Trdna lupina:<\/strong> Zagotavlja trpe\u017eno in togo za\u0161\u010dito za visokozmogljiv igralni ra\u010dunalnik.<\/li>\n<\/ul>\n[cg_accordion title=\"INFORMACIJE O PLA\u010cILU\"]<\/p>\n<p>Uporabljamo najnovej\u0161o tehnologijo za obdelavo pla\u010dil, ki vam omogo\u010da, da se na blagajno prijavite s svojo debetno\/kreditno kartico ali storitvijo PayPal, kar zagotavlja hitro in varno izku\u0161njo.[\/cg_accordion]\n[cg_accordion title=\"GARANCIJA\"]<\/p>\n<p>2 leti garancije <a href=\"https:\/\/droix.net\/\" target=\"_blank\" rel=\"nofollow noopener\">DROIX Global za<\/a> va\u0161 mir[\/cg_accordion]\n[cg_accordion title=\"ZAGOTAVLJANJE KAKOVOSTI IN TESTIRANJE PRED ODPREMO\"]<\/p>\n<p>Zagotavljanje zadovoljstva strank na najvi\u0161ji ravni: Vsaka naprava je pred odpremo strogo preizku\u0161ena in preverjena v ve\u010d to\u010dkah za zagotavljanje kakovosti. Na\u0161a predana ekipa preveri delovanje, funkcionalnost in celovitost komponent, s \u010dimer zagotovimo, da bo va\u0161a naprava GPD ob prihodu v popolnem delovnem stanju, kar vam zagotavlja zaupanje in mir v du\u0161i. [\/cg_accordion]\n[cg_accordion title=\"CENE, DAVKI IN PO\u0160ILJANJE\"]<\/p>\n<p><strong><u>Opomba:<\/u><\/strong><\/p>\n<ul>\n<li>Zdru\u017eene dr\u017eave Amerike Kupci: Prikazana cena NE vklju\u010duje davka in dajatev. Odgovornost za carinjenje in pla\u010dilo vseh povezanih davkov\/carin nosi kupec. <\/li>\n<li>Stranke iz EU: Prikazana cena vklju\u010duje veljavni davek, ki lahko zna\u0161a do 25 %, odvisno od va\u0161e dr\u017eave.<\/li>\n<li>Kanada Kupci: Prikazana cena vklju\u010duje veljavne davke, ki lahko vklju\u010dujejo 5 % davek na dodano vrednost (GST) in dodatne pokrajinske davke na prodajo (PST), harmonizirani davek na prodajo (HST) ali davek na prodajo v Quebecu (QST), odvisno od va\u0161e province.<\/li>\n<\/ul>\n<p>Za na\u0161e stranke v ZDA: Naro\u010dila se po\u0161iljajo DAP (Delivered At Place). \u010ceprav so stranke odgovorne za pla\u010dilo vseh veljavnih tarif, se opiramo na svoje bogate izku\u0161nje pri po\u0161iljanju iz Zdru\u017eenega kraljestva, da bi zagotovili, da boste pla\u010dali najni\u017ejo mo\u017eno ceno. Na podlagi na\u0161ih evidenc ti stro\u0161ki obi\u010dajno ne presegajo 10 % vrednosti izdelka.  <\/p>\n<p><strong>Samo za stranke iz EU:<\/strong> Ekspresno DDP (dostavljeno s pla\u010dano dajatvijo). To pomeni: <\/p>\n<ul>\n<li>Vse carine in davki so vklju\u010deni v ceno, prikazano na strani izdelka.<\/li>\n<li>Ob dostavi vam ne bo treba pla\u010dati nobenih dodatnih stro\u0161kov.<\/li>\n<li>V redkih primerih te\u017eav, povezanih s carino, bo na\u0161a ekipa v va\u0161em imenu opravila postopek carinjenja in zagotovila nemoteno dostavo.<\/li>\n<p>Pomembne informacije o vra\u010dilih:<\/p>\n<li>\u010ce se odlo\u010dite vrniti naro\u010dilo ali zahtevate vra\u010dilo, se morate zavedati, da davkov in dajatev, pla\u010danih v va\u0161em imenu pod pogoji DDP, ni mogo\u010de vrniti.<\/li>\n<p>Podrobne informacije <a href=\"https:\/\/droix.net\/terms-and-conditions\/\" target=\"_blank\" rel=\"nofollow noopener\">so na voljo v na\u0161ih Pogojih in dolo\u010dilih<\/a>.\n<\/ul>\n<p>[\/cg_accordion]\n[cg_accordion title=\"PODPORA STRANKAM\"]<\/p>\n<p>Imate vpra\u0161anje? Samo kratko besedilo nas lo\u010di od re\u0161itve va\u0161ega vpra\u0161anja! <\/p>\n<p>Podrobne informacije <a href=\"https:\/\/gpdstore.net\/sl\/terms-of-service\/\" target=\"_blank\" rel=\"nofollow noopener\">so na voljo v na\u0161ih Pogojih in dolo\u010dilih<\/a>.\n<\/ul>\n<p>[\/cg_accordion]\n[cg_accordion title=\"KAJ JE VKLJU\u010cENO\"]<\/p>\n<ul>\n<li>1x ohi\u0161je GPD WIN 5<\/li>\n<\/ul>\n<p>[\/cg_accordion]\n","protected":false},"featured_media":1250964,"template":"","meta":{"_acf_changed":false},"product_brand":[],"product_cat":[5386],"product_tag":[],"woo-feed-brand":[],"class_list":{"0":"post-1251795","1":"product","2":"type-product","3":"status-publish","4":"has-post-thumbnail","6":"product_cat-dodatki","7":"product_shipping_class-low-end","8":"pa_accessory-type-zascitno-ohisje","9":"pa_brand-gpd","11":"first","12":"instock","13":"taxable","14":"shipping-taxable","15":"purchasable","16":"product-type-variable","17":"has-default-attributes"},"acf":[],"aioseo_notices":[],"_links":{"self":[{"href":"https:\/\/gpdstore.net\/sl\/wp-json\/wp\/v2\/product\/1251795","targetHints":{"allow":["GET"]}}],"collection":[{"href":"https:\/\/gpdstore.net\/sl\/wp-json\/wp\/v2\/product"}],"about":[{"href":"https:\/\/gpdstore.net\/sl\/wp-json\/wp\/v2\/types\/product"}],"wp:featuredmedia":[{"embeddable":true,"href":"https:\/\/gpdstore.net\/sl\/wp-json\/wp\/v2\/media\/1250964"}],"wp:attachment":[{"href":"https:\/\/gpdstore.net\/sl\/wp-json\/wp\/v2\/media?parent=1251795"}],"wp:term":[{"taxonomy":"product_brand","embeddable":true,"href":"https:\/\/gpdstore.net\/sl\/wp-json\/wp\/v2\/product_brand?post=1251795"},{"taxonomy":"product_cat","embeddable":true,"href":"https:\/\/gpdstore.net\/sl\/wp-json\/wp\/v2\/product_cat?post=1251795"},{"taxonomy":"product_tag","embeddable":true,"href":"https:\/\/gpdstore.net\/sl\/wp-json\/wp\/v2\/product_tag?post=1251795"},{"taxonomy":"woo-feed-brand","embeddable":true,"href":"https:\/\/gpdstore.net\/sl\/wp-json\/wp\/v2\/woo-feed-brand?post=1251795"}],"curies":[{"name":"wp","href":"https:\/\/api.w.org\/{rel}","templated":true}]}}