{"id":120198,"date":"2024-07-12T09:49:06","date_gmt":"2024-07-12T09:49:06","guid":{"rendered":"https:\/\/gpdstore.net\/nekategorizirano\/156%e2%80%b3-prenosni-monitor-4k-z-adobe-rgb\/"},"modified":"2025-12-23T10:15:53","modified_gmt":"2025-12-23T10:15:53","slug":"15-6-4k-portable-monitor-with-adobe-rgb","status":"publish","type":"product","link":"https:\/\/gpdstore.net\/sl\/product\/15-6-4k-portable-monitor-with-adobe-rgb\/","title":{"rendered":"15,6\u2033 prenosni monitor 4K z Adobe RGB"},"content":{"rendered":"\n<p>Predstavljamo 15,6-pal\u010dni prenosni monitor 4K S23B-5: najsodobnej\u0161i mobilni zasloni ultra visoke lo\u010dljivosti<\/p>\n\n<p>I\u0161\u010dete prenosni monitor, ki zagotavlja izjemno sliko in zmogljivost na poti? Spoznajte prenosni monitor 4K S23B-5. Ta napredna naprava prina\u0161a mobilne zaslone ultra visoke lo\u010dljivosti na dosegu roke ter zagotavlja osupljivo jasnost in natan\u010dnost 4K UHD. Ne glede na to, ali ste igri\u010dar, profesionalni video monta\u017eer, grafi\u010dni oblikovalec ali navdu\u0161enec nad mobilno produktivnostjo, je ta prenosni monitor visoke lo\u010dljivosti va\u0161 popoln spremljevalec.   <\/p>\n\n<p>Potovalni monitorji 4K UHD Potovalni monitorji 4K UHD Pripravite se na o\u010darljivo vizualno izku\u0161njo monitorja S23B-5. Ta naprava s 15,6-pal\u010dnim zaslonom na dotik se pona\u0161a z zaslonom 4K UHD, ki vsebino o\u017eivi z izjemnimi podrobnostmi in \u017eivahnimi barvami. Z lo\u010dljivostjo 3840 x 2160 in 10-bitno barvno globino je vsaka slika in videoposnetek na tem prenosnem zaslonu 4K presenetljivo jasen, zato nobena podrobnost ne ostane neopa\u017eena. Ne glede na to, ali gledate filme, igrate igre ali urejate fotografije in videoposnetke, S23B-5 je prava vizualna pa\u0161a.   <\/p>\n\n<p>Eleganten in odziven kapacitivni zaslon na dotik z 10 to\u010dkami Interakcija s S23B-5 je zaradi kapacitivnega zaslona na dotik z 10 to\u010dkami pravi u\u017eitek. Ta prenosni monitor s popolnoma laminiranim zaslonom na dotik G+G ponuja gladek in natan\u010den odziv na dotik ter omogo\u010da nemoteno navigacijo po menijih, upravljanje aplikacij in izvajanje ukazov. Ne glede na to, ali pove\u010dujete fotografije, se pomikate po spletnih straneh ali ustvarjate zapletene dizajne, zaslon na dotik S23B-5 zagotavlja odzivnost in natan\u010dnost ter tako pove\u010duje produktivnost in ustvarjalnost.  <\/p>\n\n<p>Sprostite svojo ustvarjalnost na poti S23B-5 je zasnovan za ustvarjalne profesionalce in je va\u0161 najbolj\u0161i spremljevalec pri urejanju videoposnetkov, grafi\u010dnem oblikovanju in urejanju fotografij. Ta prenosni monitor s 100-odstotno pokritostjo barvnega prostora Adobe RGB zagotavlja pristne barve za natan\u010dne barvne prilagoditve in osupljive rezultate. Zaslon visoke lo\u010dljivosti v kombinaciji z 10-bitno barvno globino omogo\u010da delo z zapletenimi podrobnostmi in doseganje vizualne natan\u010dnosti, ki je klju\u010dnega pomena za profesionalno ustvarjalno delo.  <\/p>\n\n<p>Brezhibna povezljivost za ve\u010djo vsestranskost Povezljivost je z napravo S23B-5 enostavna. Ta potovalni monitor 4K UHD ima vrata HD Mini, vrata tipa C za prenos video podatkov in napajanje, vrata za slu\u0161alke (3,5 mm) in vrata Micro-USB za priklju\u010ditev perifernih naprav, kot so tipkovnice in mi\u0161ke. S23B-5 zagotavlja zdru\u017eljivost, ne glede na to, ali priklju\u010dite pametni telefon, prenosni ra\u010dunalnik, konzolo PlayStation, Xbox ali druge zdru\u017eljive naprave, in tako raz\u0161iri prostor na zaslonu, da pove\u010da produktivnost ali igralno izku\u0161njo, ne glede na to, kje ste.  <\/p>\n\n<p>Vgrajena baterija za neprekinjeno uporabo S23B-5 je poleg zmogljive in vsestranske uporabe izjemno priro\u010den tudi z vgrajeno polimerno baterijo 10000 mAh. U\u017eivajte v neprekinjeni uporabi na potovanjih, sestankih ali pri delu na daljavo. Baterija z dolgo \u017eivljenjsko dobo zagotavlja svobodo pri delu, igranju ali ustvarjanju brez skrbi glede napajanja. Ostanite produktivni in zabavni na poti.   <\/p>\n\n<p>Vrhunska kakovost izdelave in prenosna zasnova S23B-5 je izdelan iz visokokakovostne aluminijeve zlitine, zato je vzdr\u017eljiv ter odlikuje ga vrhunski videz in ob\u010dutek. Zaradi elegantne in tanke oblike, ki meri le 357 x 223 x 9 mm in tehta 1300 g, je zelo prenosen in ga je enostavno prena\u0161ati v torbi ali nahrbtniku. S23B-5 je zasnovan tako, da je va\u0161 zanesljiv spremljevalec, ki ne glede na to, kje se nahajate, zagotavlja brezkompromisno produktivnost ali zabavo.  <\/p>\n\n<p>Vsadna zvo\u010dna izku\u0161nja S23B-5 zagotavlja ve\u010d kot le osupljive slike, saj z dvema 1,0W zvo\u010dnikoma ponuja tudi vsadno zvo\u010dno izku\u0161njo. U\u017eivajte v jasnem in \u010distem zvoku pri filmih, igrah ali ve\u010dpredstavnostnih dejavnostih. Ne glede na to, ali gre za videokonferenco, poslu\u0161anje glasbe ali gledanje oddaj, S23B-5 izbolj\u0161a va\u0161o \u010dutno izku\u0161njo, ki postane privla\u010dna in o\u010darljiva.  <\/p>\n\n<p>Ve\u010dje udobje pri gledanju Va\u0161e udobje je pomembno, \u0161e posebej med dalj\u0161im \u010dasom predvajanja na zaslonu. S23B-5 zagotavlja optimalno udobje gledanja s \u0161irokimi vidnimi koti in prilagodljivimi nastavitvami. S 85-stopinjskim vidnim kotom v vseh smereh (U\/D\/L\/R) u\u017eivajte v jasnih slikah in \u017eivih barvah z razli\u010dnih vidikov. S23B-5 omogo\u010da udobno in dolgotrajno uporabo brez obremenjevanja o\u010di ali ogro\u017eanja dr\u017ee, ne glede na to, ali sodelujete, delite vsebino ali monitor prilagodite \u017eelenemu polo\u017eaju gledanja.   <\/p>\n\n<p>Idealen za navdu\u0161ence nad igranjem iger S23B-5 je za navdu\u0161ence nad igranjem iger najbolj\u0161i prenosni igralni monitor 4K. Z lo\u010dljivostjo 4K UHD, natan\u010dno natan\u010dnostjo barv in hitrim odzivnim \u010dasom 25 ms zagotavlja neprimerljivo igralno izku\u0161njo. Potopite se v realisti\u010dno grafiko, bogate barve in ostre podrobnosti, ki popestrijo va\u0161e igralne dogodiv\u0161\u010dine. Monitor S23B-5 poskrbi, da je vsak kader jasen, kar omogo\u010da hitre odzive in konkuren\u010dno prednost v hitrih akcijskih igrah, potopljivih RPG-jih ali vizualno osupljivih svetovih.   <\/p>\n\n<p>Pove\u010dajte produktivnost na poti S23B-5 je bolj kot za zabavo in igranje iger pomemben za produktivnost. Ne glede na to, ali ste digitalni nomad, \u0161tudent ali strokovnjak, ki potrebuje prenosni delovni prostor, ta monitor izpolnjuje va\u0161e potrebe. Raz\u0161irite zaslon prenosnega ra\u010dunalnika ali pametnega telefona, brez te\u017eav opravite ve\u010d opravil ter pove\u010dajte u\u010dinkovitost in delovni proces. Urejanje dokumentov, ustvarjanje predstavitev ali analiziranje podatkov z dodatno zaslonsko povr\u0161ino, ki jo ponuja monitor S23B-5. Zaslon visoke lo\u010dljivosti in natan\u010dna reprodukcija barv zagotavljata delo z zapletenimi podrobnostmi in ohranjanje doslednosti v razli\u010dnih napravah. S23B-5 je va\u0161e prenosno sredi\u0161\u010de produktivnosti, ki vam omogo\u010da, da tudi na poti dose\u017eete ve\u010d.     <\/p>\n\n<p>Zaklju\u010dek Prenosni monitor S23B-5 4K je izjemna naprava, ki vam prina\u0161a mobilne zaslone z izjemno visoko lo\u010dljivostjo na dosegu roke. Ta prenosni monitor z lo\u010dljivostjo 4K UHD, kapacitivnim 10-to\u010dkovnim zaslonom na dotik in \u0161iroko barvno paleto ponuja osupljive slike in izjemno zmogljivost. Monitor S23B-5 je prilagojen va\u0161im potrebam, ne glede na to, ali ste igri\u010dar, ustvarjalni strokovnjak ali pa vam je pomembna produktivnost na poti. Zaradi vsestranskih mo\u017enosti povezljivosti, vgrajene baterije in vrhunske kakovosti izdelave je izstopajo\u010da izbira.   <\/p>\n\n<p>Prednosti: Osupljive vizualne podobe: S23B-5 ponuja zaslon 4K UHD z izjemno natan\u010dnostjo barv, ki je kot nala\u0161\u010d za igranje iger, urejanje videa, grafi\u010dno oblikovanje in urejanje fotografij. Funkcionalnost zaslona na dotik: Kapacitivni zaslon na dotik z 10 to\u010dkami zagotavlja odzivno in intuitivno uporabni\u0161ko izku\u0161njo ter omogo\u010da navigacijo brez napora in natan\u010dno upravljanje. Prenosljivost: S23B-5 je tanek in lahek, zato je zelo prenosen za potovanja, slu\u017ebena potovanja in delo na daljavo. Vsestranska povezljivost: Ve\u010d priklju\u010dkov, vklju\u010dno s HD Mini, tipom C, slu\u0161alkami in mikro-USB, zagotavlja zdru\u017eljivost s pametnimi telefoni, prenosnimi ra\u010dunalniki in igralnimi konzolami. Vgrajena baterija: S23B-5 s polimerno baterijo 10000 mAh omogo\u010da neprekinjeno uporabo na poti, saj ni potreben noben vir napajanja.    <\/p>\n\n<p>Proti: Omejene mo\u017enosti velikosti: Morda ne bo ustrezal uporabnikom, ki imajo raje ve\u010dje ali manj\u0161e prenosne monitorje. Zvo\u010dni izhod: Vgrajeni zvo\u010dniki morda ne bodo ustrezali zunanjim zvo\u010dnikom ali slu\u0161alkam za tiste, ki i\u0161\u010dejo bolj poglobljeno zvo\u010dno izku\u0161njo. <\/p>\n","protected":false},"excerpt":{"rendered":"<ul>\n<li><strong>100-odstotni Adobejev barvni<\/strong> razpon <strong>15,6-pal\u010dni<\/strong> prenosni monitor <strong>UHD 4K<\/strong> <\/li>\n<li>10-to\u010dkovni kapacitivni zaslon na dotik<\/li>\n<li>Zaslon na dotik, zdru\u017eljiv s <strong>sistemom MacOS<\/strong><\/li>\n<li>Vgrajena baterija 10000 mAh<\/li>\n<li><strong>Napajanje prek USB<\/strong>, podpira mini-HDMI, USB Type-C<\/li>\n<\/ul>\n[cg_accordion title=\"INFORMACIJE O PLA\u010cILU\"]<\/p>\n<p>Uporabljamo najnovej\u0161o tehnologijo za obdelavo pla\u010dil, ki vam omogo\u010da, da se na blagajni naro\u010dite prek Apple Pay, Google Pay, debetne\/kreditne kartice, PayPal ali metod BNPL, kot so Klarna, Affirm ali AfterPay, kar zagotavlja hitro in varno izku\u0161njo.[\/cg_accordion]\n[cg_accordion title=\"GARANCIJA\"]<\/p>\n<p>2 leti garancije <a href=\"https:\/\/droix.net\/\" target=\"_blank\" rel=\"nofollow noopener\">DROIX Global za<\/a> va\u0161 mir[\/cg_accordion]\n[cg_accordion title=\"CENE, DAVKI IN PO\u0160ILJANJE\"]<\/p>\n<p><strong><u>Opomba:<\/u><\/strong><\/p>\n<ul>\n<li>Zdru\u017eene dr\u017eave Amerike Kupci: Prikazana cena NE vklju\u010duje davka in dajatev. Odgovornost za carinjenje in pla\u010dilo vseh povezanih davkov\/carin nosi kupec. <\/li>\n<li>Stranke iz EU: Prikazana cena vklju\u010duje veljavni davek, ki lahko zna\u0161a do 25 %, odvisno od va\u0161e dr\u017eave.<\/li>\n<li>Kanada Kupci: Prikazana cena vklju\u010duje veljavne davke, ki lahko vklju\u010dujejo 5 % davek na dodano vrednost (GST) in dodatne pokrajinske davke na prodajo (PST), harmonizirani davek na prodajo (HST) ali davek na prodajo v Quebecu (QST), odvisno od va\u0161e province.<\/li>\n<\/ul>\n<p><strong>Samo za stranke iz EU:<\/strong> Ekspresno DDP (dostavljeno s pla\u010dano dajatvijo). To pomeni: <\/p>\n<ul>\n<li>Vse carine in davki so vklju\u010deni v ceno, prikazano na strani izdelka.<\/li>\n<li>Ob dostavi vam ne bo treba pla\u010dati nobenih dodatnih stro\u0161kov.<\/li>\n<li>V redkih primerih te\u017eav, povezanih s carino, bo na\u0161a ekipa v va\u0161em imenu opravila postopek carinjenja in zagotovila nemoteno dostavo.<\/li>\n<p>Pomembne informacije o vra\u010dilih:<\/p>\n<li>\u010ce se odlo\u010dite vrniti naro\u010dilo ali zahtevate vra\u010dilo, se morate zavedati, da davkov in dajatev, pla\u010danih v va\u0161em imenu pod pogoji DDP, ni mogo\u010de vrniti.<\/li>\n<p>Podrobne informacije <a href=\"https:\/\/gpdstore.net\/sl\/terms-of-service\/\" target=\"_blank\" rel=\"nofollow noopener\">so na voljo v na\u0161ih Pogojih in dolo\u010dilih<\/a>.\n<\/ul>\n<p>[\/cg_accordion]\n[cg_accordion title=\"PODPORA STRANKAM\"]<\/p>\n<p>Imate vpra\u0161anje? Samo kratko besedilo nas lo\u010di od re\u0161itve va\u0161ega vpra\u0161anja!<br \/>\n[\/cg_accordion]\n[cg_accordion title=\"KAJ JE VKLJU\u010cENO\"]<\/p>\n<ul>\n<li>1x vti\u010d za napajanje (EU\/USA)<\/li>\n<li>1x uporabni\u0161ki priro\u010dnik<\/li>\n<\/ul>\n<p>[\/cg_accordion]\n","protected":false},"featured_media":120323,"template":"","meta":{"_acf_changed":false},"product_brand":[],"product_cat":[5495],"product_tag":[5510,5497],"woo-feed-brand":[5498],"class_list":{"0":"post-120198","1":"product","2":"type-product","3":"status-publish","4":"has-post-thumbnail","6":"product_cat-prenosni-monitorji","7":"product_tag-30gpdsale-sl","8":"product_tag-droix-portable-monitor-sl","9":"product_shipping_class-standard","10":"pa_brand-droix","11":"woo-feed-brand-droix-sl","13":"first","14":"outofstock","15":"sale","16":"taxable","17":"shipping-taxable","18":"purchasable","19":"product-type-variable","20":"has-default-attributes"},"acf":[],"aioseo_notices":[],"_links":{"self":[{"href":"https:\/\/gpdstore.net\/sl\/wp-json\/wp\/v2\/product\/120198","targetHints":{"allow":["GET"]}}],"collection":[{"href":"https:\/\/gpdstore.net\/sl\/wp-json\/wp\/v2\/product"}],"about":[{"href":"https:\/\/gpdstore.net\/sl\/wp-json\/wp\/v2\/types\/product"}],"wp:featuredmedia":[{"embeddable":true,"href":"https:\/\/gpdstore.net\/sl\/wp-json\/wp\/v2\/media\/120323"}],"wp:attachment":[{"href":"https:\/\/gpdstore.net\/sl\/wp-json\/wp\/v2\/media?parent=120198"}],"wp:term":[{"taxonomy":"product_brand","embeddable":true,"href":"https:\/\/gpdstore.net\/sl\/wp-json\/wp\/v2\/product_brand?post=120198"},{"taxonomy":"product_cat","embeddable":true,"href":"https:\/\/gpdstore.net\/sl\/wp-json\/wp\/v2\/product_cat?post=120198"},{"taxonomy":"product_tag","embeddable":true,"href":"https:\/\/gpdstore.net\/sl\/wp-json\/wp\/v2\/product_tag?post=120198"},{"taxonomy":"woo-feed-brand","embeddable":true,"href":"https:\/\/gpdstore.net\/sl\/wp-json\/wp\/v2\/woo-feed-brand?post=120198"}],"curies":[{"name":"wp","href":"https:\/\/api.w.org\/{rel}","templated":true}]}}