{"id":113148,"date":"2024-07-12T12:39:31","date_gmt":"2024-07-12T12:39:31","guid":{"rendered":"https:\/\/gpdstore.net\/nekategorizirano\/156-palcni-prenosni-monitor-4k-s-podporo-za-pisalo\/"},"modified":"2025-12-23T10:14:29","modified_gmt":"2025-12-23T10:14:29","slug":"15-6-4k-portable-monitor-with-stylus-support","status":"publish","type":"product","link":"https:\/\/gpdstore.net\/sl\/product\/15-6-4k-portable-monitor-with-stylus-support\/","title":{"rendered":"15,6-pal\u010dni prenosni monitor 4K s podporo za pisalo"},"content":{"rendered":"\n<p>Predstavljamo 15,6-pal\u010dni prenosni monitor 4K: Izbolj\u0161ajte svojo izku\u0161njo gledanja na mobilnih napravah.<\/p>\n\n<p>S 15,6-pal\u010dnim prenosnim monitorjem 4K odkrijte nov standard na podro\u010dju prenosnih zaslonov. Ta najsodobnej\u0161i zaslon je zasnovan za tiste, ki zahtevajo najbolj\u0161o vizualno zmogljivost in prilagodljivost, ter na novo opredeljuje ra\u010dunalni\u0161tvo na poti. Ne glede na to, ali ste digitalni nomad, fotograf ali oblikovalec, je to va\u0161a vstopna to\u010dka za brezhibno produktivnost in poglobljeno zabavo, ne glede na to, kje se gibljete.  <\/p>\n\n<p>Poglobljen zaslon 4K UHD: Va\u0161e mobilno okno do sijaja<\/p>\n\n<p>Do\u017eivite osupljivo jasnost na 15,6-pal\u010dnem zaslonu 4K UHD. Zaslon na dotik s polnim laminiranjem G+G in \u0161irokozaslonskim razmerjem 16:9 ter tehnologijo LED-osvetlitve zagotavlja \u017eive barve in ostre kontraste za vsebino, ki kar poka po zaslonu. Njegova lo\u010dljivost 3840 x 2160 in 10-bitna barvna globina zagotavljata neprimerljive podrobnosti, kar je idealno za gledanje medijev 4K, urejanje fotografij ali potopitev v projekte grafi\u010dnega oblikovanja.  <\/p>\n\n<p>Elegantna zasnova, intuitiven zaslon na dotik: Zasnovan za brezskrbno interakcijo.<\/p>\n\n<p>Monitor je izdelan iz vrhunske aluminijeve zlitine in zdru\u017euje vzdr\u017eljivost z elegantnim profilom. Zasnova z ozkimi robovi pove\u010duje prostor na zaslonu in ustvarja poglobljeno vizualno izku\u0161njo. Z odzivnim kapacitivnim 10-to\u010dkovnim zaslonom na dotik je navigacija po menijih, urejanje fotografij ali skiciranje idej naravno in intuitivno.  <\/p>\n\n<p>Ve\u010dji u\u017eitek pri gledanju: sijajen z vsakega zornega kota<\/p>\n\n<p>Z obse\u017eno 15,6-pal\u010dno plo\u0161\u010do s \u0161irokimi 85-stopinjskimi vidnimi koti lahko brez te\u017eav delite zaslon, ne da bi pri tem \u017ertvovali kakovost slike. Visoko kontrastno razmerje 1500 : 1 in svetlost 600 cd\/m2 zagotavljata globoko \u010drnino in \u017eivahne barve tudi v dobro osvetljenih okoljih. <\/p>\n\n<p>Brezhibna povezljivost, ve\u010dja vsestranskost<\/p>\n\n<p>Povezljivost je preprosta, saj sta priklju\u010dka HDMI Mini in Type C za prenos videa in energije zdru\u017eljiva s pametnimi telefoni, prenosniki in igralnimi konzolami, kot sta PlayStation 5 in Xbox. S priklju\u010dkom micro-USB ga zlahka spremenite v delovno postajo. <\/p>\n\n<p>Sprostite ustvarjalnost z natan\u010dnostjo<\/p>\n\n<p>Za ustvarjalne profesionalce monitor podpira pisalo s 4096 pritiski (naprodaj posebej), ki omogo\u010da natan\u010den nadzor za skiciranje, bele\u017eenje ali urejanje fotografij z naravno lahkoto.<\/p>\n\n<p>Prenosna elektrarna: Delajte in se igrajte brez omejitev<\/p>\n\n<p>Z vgrajeno baterijo 10000 mAh lahko u\u017eivate 4-5 ur neprekinjene uporabe &#8211; kot nala\u0161\u010d za delo na poti ali gledanje najljub\u0161ih oddaj. Kompakten in lahek prenosnik se brez te\u017eav spravi v torbo, tako da sta produktivnost v visoki lo\u010dljivosti in zabava vedno pri roki. <\/p>\n\n<p>Pove\u010dajte svojo produktivnost in zabavo<\/p>\n\n<p>Pove\u010dajte prostor na zaslonu za ve\u010dopravilnost, pove\u017eite igralne konzole za poglobljeno igranje ali u\u017eivajte v filmih v osupljivih podrobnostih 4K UHD &#8211; ta monitor vsako opravilo spremeni v izjemno izku\u0161njo.<\/p>\n\n<p>Bogat zvok, zanesljiva zdru\u017eljivost<\/p>\n\n<p>Dva vgrajena zvo\u010dnika zagotavljata bogato zvo\u010dno kuliso in izbolj\u0161ujeta u\u017eitek ob gledanju filmov, igranju iger ali poslu\u0161anju glasbe. Zdru\u017eljiv je s \u0161tevilnimi napravami HDMI in Type-C, zato se zlahka prilagodi va\u0161im potrebam. <\/p>\n\n<p>Zasnovan za strokovnjake: Kjer se natan\u010dnost sre\u010da z zmogljivostjo<\/p>\n\n<p>Njegova lo\u010dljivost 4K UHD in natan\u010dna reprodukcija barv sta kot nala\u0161\u010d za fotografe in grafi\u010dne oblikovalce, saj zagotavljata pristne slike. S 100-odstotno pokritostjo sRGB in 10-bitno barvno globino izpolnjuje zahteve tudi najzahtevnej\u0161ih strokovnjakov. <\/p>\n\n<p>Enostavna nastavitev, zanesljiva izdelava<\/p>\n\n<p>S preprostim na\u010dinom priklju\u010ditve in igranja je nastavitev mogo\u010da v nekaj sekundah &#8211; ni potrebna zapletena namestitev. Intuitivno upravljanje vam omogo\u010da, da brez te\u017eav prilagodite nastavitve, kot sta svetlost in kontrast, kar zagotavlja optimalno udobje pri dalj\u0161i uporabi. <\/p>\n\n<p>Vzdr\u017eljiv, eleganten in pripravljen na prihodnost<\/p>\n\n<p>Izdelan je v elegantnem ohi\u0161ju iz aluminijeve zlitine, ki zagotavlja zanesljivo za\u0161\u010dito za vsakodnevno uporabo in potovanja. Njegova zasnova z ozkimi robovi zdru\u017euje estetiko in funkcionalnost ter vam omogo\u010da maksimalen u\u017eitek pri gledanju brez mote\u010dih dejavnikov. <\/p>\n\n<p>Zaklju\u010dek: Z 15,6-pal\u010dnim prenosnim monitorjem 4K na novo opredelite mobilno gledanje<\/p>\n\n<p>S 15,6-pal\u010dnim prenosnim monitorjem 4K &#8211; mojstrovino jasnosti, vsestranskosti in prenosljivosti &#8211; spoznajte prihodnost mobilnih zaslonov. Ne glede na to, ali ustvarjate, igrate igre ali u\u017eivate v zabavi, prina\u0161a neprimerljivo zmogljivost, kamorkoli vas \u017eivljenje zanese. <\/p>\n\n<p>Prednosti:<\/p>\n\n<ul class=\"wp-block-list\">\n<li>Osupljiv zaslon 4K UHD<\/li>\n\n\n\n<li>Mo\u017enost intuitivnega zaslona na dotik<\/li>\n\n\n\n<li>Vsestranske mo\u017enosti povezljivosti<\/li>\n\n\n\n<li>Lahka in prenosna zasnova<\/li>\n\n\n\n<li>Trpe\u017ena in elegantna izdelava<\/li>\n<\/ul>\n\n<p>Proti:<\/p>\n\n<ul class=\"wp-block-list\">\n<li>Pisalo Stylus Pen je naprodaj lo\u010deno<\/li>\n\n\n\n<li>Omejena \u017eivljenjska doba baterije pri dalj\u0161i uporabi<\/li>\n\n\n\n<li>Vgrajeni zvo\u010dniki morda ne ustrezajo avdiofilskim standardom<\/li>\n<\/ul>\n\n\r\n<div class=\"wp-block-jetpack-tiled-gallery aligncenter is-style-rectangular\">\r\n<div class=\"tiled-gallery__gallery\">\r\n<div class=\"tiled-gallery__row\">\r\n<div class=\"tiled-gallery__col\" style=\"flex-basis: 55.49556%;\">\r\n<figure class=\"tiled-gallery__item\"><img decoding=\"async\" src=\"https:\/\/i2.wp.com\/droix.net\/wp-content\/uploads\/2023\/04\/S23B_5-MONITOR-MARKETING-IMAGE-DONE-2.jpg?ssl=1\" alt=\"\" data-height=\"1000\" data-id=\"157015\" data-link=\"https:\/\/droix.net\/?attachment_id=157015\" data-url=\"https:\/\/droix.net\/wp-content\/uploads\/2023\/04\/S23B_5-MONITOR-MARKETING-IMAGE-DONE-2.jpg\" data-width=\"1000\" data-amp-layout=\"responsive\"><\/figure>\r\n<\/div>\r\n<div class=\"tiled-gallery__col\" style=\"flex-basis: 44.50444%;\">\r\n<figure class=\"tiled-gallery__item\"><img decoding=\"async\" src=\"https:\/\/i0.wp.com\/droix.net\/wp-content\/uploads\/2023\/04\/S23B_5-MONITOR-MARKETING-IMAGE-DONE-1.jpg?ssl=1\" alt=\"\" data-height=\"619\" data-id=\"157010\" data-link=\"https:\/\/droix.net\/?attachment_id=157010\" data-url=\"https:\/\/droix.net\/wp-content\/uploads\/2023\/04\/S23B_5-MONITOR-MARKETING-IMAGE-DONE-1.jpg\" data-width=\"1000\" data-amp-layout=\"responsive\"><\/figure>\r\n<figure class=\"tiled-gallery__item\"><img decoding=\"async\" src=\"https:\/\/i2.wp.com\/droix.net\/wp-content\/uploads\/2023\/04\/S23B_5-MONITOR-MARKETING-IMAGE-DONE-3.jpg?ssl=1\" alt=\"\" data-height=\"619\" data-id=\"157020\" data-link=\"https:\/\/droix.net\/?attachment_id=157020\" data-url=\"https:\/\/droix.net\/wp-content\/uploads\/2023\/04\/S23B_5-MONITOR-MARKETING-IMAGE-DONE-3.jpg\" data-width=\"1000\" data-amp-layout=\"responsive\"><\/figure>\r\n<\/div>\r\n<\/div>\r\n<div class=\"tiled-gallery__row\">\r\n<div class=\"tiled-gallery__col\" style=\"flex-basis: 37.61498%;\">\r\n<figure class=\"tiled-gallery__item\"><img decoding=\"async\" src=\"https:\/\/i2.wp.com\/droix.net\/wp-content\/uploads\/2023\/04\/S23B_5-MONITOR-MARKETING-IMAGE-DONE-4.jpg?ssl=1\" alt=\"\" data-height=\"1000\" data-id=\"157025\" data-link=\"https:\/\/droix.net\/?attachment_id=157025\" data-url=\"https:\/\/droix.net\/wp-content\/uploads\/2023\/04\/S23B_5-MONITOR-MARKETING-IMAGE-DONE-4.jpg\" data-width=\"1000\" data-amp-layout=\"responsive\"><\/figure>\r\n<figure class=\"tiled-gallery__item\"><img decoding=\"async\" src=\"https:\/\/i0.wp.com\/droix.net\/wp-content\/uploads\/2023\/04\/S23B_5-MONITOR-MARKETING-IMAGE-DONE-5.jpg?ssl=1\" alt=\"\" data-height=\"619\" data-id=\"157030\" data-link=\"https:\/\/droix.net\/?attachment_id=157030\" data-url=\"https:\/\/droix.net\/wp-content\/uploads\/2023\/04\/S23B_5-MONITOR-MARKETING-IMAGE-DONE-5.jpg\" data-width=\"1000\" data-amp-layout=\"responsive\"><\/figure>\r\n<\/div>\r\n<div class=\"tiled-gallery__col\" style=\"flex-basis: 62.38502%;\">\r\n<figure class=\"tiled-gallery__item\"><img decoding=\"async\" src=\"https:\/\/i0.wp.com\/droix.net\/wp-content\/uploads\/2023\/04\/S23B_5-MONITOR-MARKETING-IMAGE-DONE-6.jpg?ssl=1\" alt=\"\" data-height=\"981\" data-id=\"157035\" data-link=\"https:\/\/droix.net\/?attachment_id=157035\" data-url=\"https:\/\/droix.net\/wp-content\/uploads\/2023\/04\/S23B_5-MONITOR-MARKETING-IMAGE-DONE-6.jpg\" data-width=\"1000\" data-amp-layout=\"responsive\"><\/figure>\r\n<\/div>\r\n<\/div>\r\n<div class=\"tiled-gallery__row\">\r\n<div class=\"tiled-gallery__col\" style=\"flex-basis: 33.33333%;\">\r\n<figure class=\"tiled-gallery__item\"><img decoding=\"async\" src=\"https:\/\/i1.wp.com\/droix.net\/wp-content\/uploads\/2023\/04\/S23B_5-MONITOR-MARKETING-IMAGE-DONE-7.jpg?ssl=1\" alt=\"\" data-height=\"1000\" data-id=\"157040\" data-link=\"https:\/\/droix.net\/?attachment_id=157040\" data-url=\"https:\/\/droix.net\/wp-content\/uploads\/2023\/04\/S23B_5-MONITOR-MARKETING-IMAGE-DONE-7.jpg\" data-width=\"1000\" data-amp-layout=\"responsive\"><\/figure>\r\n<\/div>\r\n<div class=\"tiled-gallery__col\" style=\"flex-basis: 33.33333%;\">\r\n<figure class=\"tiled-gallery__item\"><img decoding=\"async\" src=\"https:\/\/i1.wp.com\/droix.net\/wp-content\/uploads\/2023\/04\/S23B_5-MONITOR-MARKETING-IMAGE-DONE-8.jpg?ssl=1\" alt=\"\" data-height=\"1000\" data-id=\"157045\" data-link=\"https:\/\/droix.net\/?attachment_id=157045\" data-url=\"https:\/\/droix.net\/wp-content\/uploads\/2023\/04\/S23B_5-MONITOR-MARKETING-IMAGE-DONE-8.jpg\" data-width=\"1000\" data-amp-layout=\"responsive\"><\/figure>\r\n<\/div>\r\n<div class=\"tiled-gallery__col\" style=\"flex-basis: 33.33333%;\">\r\n<figure class=\"tiled-gallery__item\"><img decoding=\"async\" src=\"https:\/\/i1.wp.com\/droix.net\/wp-content\/uploads\/2023\/04\/S23B_5-MONITOR-MARKETING-IMAGE-DONE-9.jpg?ssl=1\" alt=\"\" data-height=\"1000\" data-id=\"157050\" data-link=\"https:\/\/droix.net\/?attachment_id=157050\" data-url=\"https:\/\/droix.net\/wp-content\/uploads\/2023\/04\/S23B_5-MONITOR-MARKETING-IMAGE-DONE-9.jpg\" data-width=\"1000\" data-amp-layout=\"responsive\"><\/figure>\r\n<\/div>\r\n<\/div>\r\n<div class=\"tiled-gallery__row\">\r\n<div class=\"tiled-gallery__col\" style=\"flex-basis: 50.00000%;\">\r\n<figure class=\"tiled-gallery__item\"><img decoding=\"async\" src=\"https:\/\/i0.wp.com\/droix.net\/wp-content\/uploads\/2023\/04\/S23B_5-MONITOR-MARKETING-IMAGE-DONE-10.jpg?ssl=1\" alt=\"\" data-height=\"1000\" data-id=\"157055\" data-link=\"https:\/\/droix.net\/?attachment_id=157055\" data-url=\"https:\/\/droix.net\/wp-content\/uploads\/2023\/04\/S23B_5-MONITOR-MARKETING-IMAGE-DONE-10.jpg\" data-width=\"1000\" data-amp-layout=\"responsive\"><\/figure>\r\n<\/div>\r\n<div class=\"tiled-gallery__col\" style=\"flex-basis: 50.00000%;\">\r\n<figure class=\"tiled-gallery__item\"><img decoding=\"async\" src=\"https:\/\/i0.wp.com\/droix.net\/wp-content\/uploads\/2023\/04\/S23B_5-MONITOR-MARKETING-IMAGE-DONE-11.jpg?ssl=1\" alt=\"\" data-height=\"1000\" data-id=\"157060\" data-link=\"https:\/\/droix.net\/?attachment_id=157060\" data-url=\"https:\/\/droix.net\/wp-content\/uploads\/2023\/04\/S23B_5-MONITOR-MARKETING-IMAGE-DONE-11.jpg\" data-width=\"1000\" data-amp-layout=\"responsive\"><\/figure>\r\n<\/div>\r\n<\/div>\r\n<div class=\"tiled-gallery__row\">\r\n<div class=\"tiled-gallery__col\" style=\"flex-basis: 29.89199%;\">\r\n<figure class=\"tiled-gallery__item\"><img decoding=\"async\" src=\"https:\/\/i2.wp.com\/droix.net\/wp-content\/uploads\/2023\/04\/S23B_5-MONITOR-MARKETING-IMAGE-DONE-12.jpg?ssl=1\" alt=\"\" data-height=\"619\" data-id=\"157065\" data-link=\"https:\/\/droix.net\/?attachment_id=157065\" data-url=\"https:\/\/droix.net\/wp-content\/uploads\/2023\/04\/S23B_5-MONITOR-MARKETING-IMAGE-DONE-12.jpg\" data-width=\"1000\" data-amp-layout=\"responsive\"><\/figure>\r\n<figure class=\"tiled-gallery__item\"><img decoding=\"async\" src=\"https:\/\/i1.wp.com\/droix.net\/wp-content\/uploads\/2023\/04\/S23B_5-MONITOR-MARKETING-IMAGE-DONE-13.jpg?ssl=1\" alt=\"\" data-height=\"1000\" data-id=\"157070\" data-link=\"https:\/\/droix.net\/?attachment_id=157070\" data-url=\"https:\/\/droix.net\/wp-content\/uploads\/2023\/04\/S23B_5-MONITOR-MARKETING-IMAGE-DONE-13.jpg\" data-width=\"1000\" data-amp-layout=\"responsive\"><\/figure>\r\n<figure class=\"tiled-gallery__item\"><img decoding=\"async\" src=\"https:\/\/i2.wp.com\/droix.net\/wp-content\/uploads\/2023\/04\/S23B_5-MONITOR-MARKETING-IMAGE-DONE-14.jpg?ssl=1\" alt=\"\" data-height=\"822\" data-id=\"157075\" data-link=\"https:\/\/droix.net\/?attachment_id=157075\" data-url=\"https:\/\/droix.net\/wp-content\/uploads\/2023\/04\/S23B_5-MONITOR-MARKETING-IMAGE-DONE-14.jpg\" data-width=\"1000\" data-amp-layout=\"responsive\"><\/figure>\r\n<\/div>\r\n<div class=\"tiled-gallery__col\" style=\"flex-basis: 70.10801%;\">\r\n<figure class=\"tiled-gallery__item\"><img decoding=\"async\" src=\"https:\/\/i1.wp.com\/droix.net\/wp-content\/uploads\/2023\/04\/S23B_5-MONITOR-MARKETING-IMAGE-DONE-15-977x1024.jpg?ssl=1\" alt=\"\" data-height=\"1048\" data-id=\"157080\" data-link=\"https:\/\/droix.net\/?attachment_id=157080\" data-url=\"https:\/\/droix.net\/wp-content\/uploads\/2023\/04\/S23B_5-MONITOR-MARKETING-IMAGE-DONE-15-977x1024.jpg\" data-width=\"1000\" data-amp-layout=\"responsive\"><\/figure>\r\n<\/div>\r\n<\/div>\r\n<div class=\"tiled-gallery__row\">\r\n<div class=\"tiled-gallery__col\" style=\"flex-basis: 54.96322%;\">\r\n<figure class=\"tiled-gallery__item\"><img decoding=\"async\" src=\"https:\/\/i0.wp.com\/droix.net\/wp-content\/uploads\/2023\/04\/S23B_5-MONITOR-MARKETING-IMAGE-DONE-16.jpg?ssl=1\" alt=\"\" data-height=\"787\" data-id=\"157085\" data-link=\"https:\/\/droix.net\/?attachment_id=157085\" data-url=\"https:\/\/droix.net\/wp-content\/uploads\/2023\/04\/S23B_5-MONITOR-MARKETING-IMAGE-DONE-16.jpg\" data-width=\"1000\" data-amp-layout=\"responsive\"><\/figure>\r\n<\/div>\r\n<div class=\"tiled-gallery__col\" style=\"flex-basis: 45.03678%;\">\r\n<figure class=\"tiled-gallery__item\"><img decoding=\"async\" src=\"https:\/\/i1.wp.com\/droix.net\/wp-content\/uploads\/2023\/04\/S23B_5-MONITOR-MARKETING-IMAGE-DONE-17.jpg?ssl=1\" alt=\"\" data-height=\"961\" data-id=\"157090\" data-link=\"https:\/\/droix.net\/?attachment_id=157090\" data-url=\"https:\/\/droix.net\/wp-content\/uploads\/2023\/04\/S23B_5-MONITOR-MARKETING-IMAGE-DONE-17.jpg\" data-width=\"1000\" data-amp-layout=\"responsive\"><\/figure>\r\n<\/div>\r\n<\/div>\r\n<\/div>\r\n<\/div>\r\n","protected":false},"excerpt":{"rendered":"<ul>\n<li>Zaslon na dotik, zdru\u017eljiv s <strong>sistemom MacOS<\/strong><\/li>\n<li>Mo\u017enost zaslona na dotik <strong>Vklju\u010deno pisalo<\/strong><\/li>\n<li>Zlo\u017eljivo ohi\u0161je kot stojalo za monitor<\/li>\n<li>Prenosen in lahek<\/li>\n<li><strong>Napajanje prek USB<\/strong>, podpira mini-HDMI, USB Type-C<\/li>\n<\/ul>\n[cg_accordion title=\"INFORMACIJE O PLA\u010cILU\"]<\/p>\n<p>Uporabljamo najnovej\u0161o tehnologijo za obdelavo pla\u010dil, ki vam omogo\u010da, da se na blagajni naro\u010dite prek Apple Pay, Google Pay, debetne\/kreditne kartice, PayPal ali metod BNPL, kot so Klarna, Affirm ali AfterPay, kar zagotavlja hitro in varno izku\u0161njo.[\/cg_accordion]\n[cg_accordion title=\"GARANCIJA\"]<\/p>\n<p>2 leti garancije <a href=\"https:\/\/droix.net\/\" target=\"_blank\" rel=\"nofollow noopener\">DROIX Global za<\/a> va\u0161 mir[\/cg_accordion]\n[cg_accordion title=\"CENE, DAVKI IN PO\u0160ILJANJE\"]<\/p>\n<p><strong><u>Opomba:<\/u><\/strong><\/p>\n<ul>\n<li>Zdru\u017eene dr\u017eave Amerike Kupci: Prikazana cena NE vklju\u010duje davka in dajatev. Odgovornost za carinjenje in pla\u010dilo vseh povezanih davkov\/carin nosi kupec. <\/li>\n<li>Stranke iz EU: Prikazana cena vklju\u010duje veljavni davek, ki lahko zna\u0161a do 25 %, odvisno od va\u0161e dr\u017eave.<\/li>\n<li>Kanada Kupci: Prikazana cena vklju\u010duje veljavne davke, ki lahko vklju\u010dujejo 5 % davek na dodano vrednost (GST) in dodatne pokrajinske davke na prodajo (PST), harmonizirani davek na prodajo (HST) ali davek na prodajo v Quebecu (QST), odvisno od va\u0161e province.<\/li>\n<\/ul>\n<p><strong>Samo za stranke iz EU:<\/strong> Ekspresno DDP (dostavljeno s pla\u010dano dajatvijo). To pomeni: <\/p>\n<ul>\n<li>Vse carine in davki so vklju\u010deni v ceno, prikazano na strani izdelka.<\/li>\n<li>Ob dostavi vam ne bo treba pla\u010dati nobenih dodatnih stro\u0161kov.<\/li>\n<li>V redkih primerih te\u017eav, povezanih s carino, bo na\u0161a ekipa v va\u0161em imenu opravila postopek carinjenja in zagotovila nemoteno dostavo.<\/li>\n<p>Pomembne informacije o vra\u010dilih:<\/p>\n<li>\u010ce se odlo\u010dite vrniti naro\u010dilo ali zahtevate vra\u010dilo, se morate zavedati, da davkov in dajatev, pla\u010danih v va\u0161em imenu pod pogoji DDP, ni mogo\u010de vrniti.<\/li>\n<p>Podrobne informacije <a href=\"https:\/\/gpdstore.net\/sl\/terms-of-service\/\" target=\"_blank\" rel=\"nofollow noopener\">so na voljo v na\u0161ih Pogojih in dolo\u010dilih<\/a>.\n<\/ul>\n<p>[\/cg_accordion]\n[cg_accordion title=\"PODPORA STRANKAM\"]<\/p>\n<p>Imate vpra\u0161anje? Samo kratko besedilo nas lo\u010di od re\u0161itve va\u0161ega vpra\u0161anja!<br \/>\n[\/cg_accordion]\n[cg_accordion title=\"KAJ JE VKLJU\u010cENO\"]<\/p>\n<ul>\n<li>1x vti\u010d za napajanje (EU\/USA)<\/li>\n<li>1x pisalo<\/li>\n<li>1x uporabni\u0161ki priro\u010dnik<\/li>\n<\/ul>\n<p>[\/cg_accordion]\n","protected":false},"featured_media":113389,"template":"","meta":{"_acf_changed":false},"product_brand":[],"product_cat":[5495],"product_tag":[5510,5497],"woo-feed-brand":[5498],"class_list":{"0":"post-113148","1":"product","2":"type-product","3":"status-publish","4":"has-post-thumbnail","6":"product_cat-prenosni-monitorji","7":"product_tag-30gpdsale-sl","8":"product_tag-droix-portable-monitor-sl","9":"product_shipping_class-standard","10":"pa_brand-droix","11":"woo-feed-brand-droix-sl","13":"first","14":"outofstock","15":"sale","16":"taxable","17":"shipping-taxable","18":"purchasable","19":"product-type-variable","20":"has-default-attributes"},"acf":[],"aioseo_notices":[],"_links":{"self":[{"href":"https:\/\/gpdstore.net\/sl\/wp-json\/wp\/v2\/product\/113148","targetHints":{"allow":["GET"]}}],"collection":[{"href":"https:\/\/gpdstore.net\/sl\/wp-json\/wp\/v2\/product"}],"about":[{"href":"https:\/\/gpdstore.net\/sl\/wp-json\/wp\/v2\/types\/product"}],"wp:featuredmedia":[{"embeddable":true,"href":"https:\/\/gpdstore.net\/sl\/wp-json\/wp\/v2\/media\/113389"}],"wp:attachment":[{"href":"https:\/\/gpdstore.net\/sl\/wp-json\/wp\/v2\/media?parent=113148"}],"wp:term":[{"taxonomy":"product_brand","embeddable":true,"href":"https:\/\/gpdstore.net\/sl\/wp-json\/wp\/v2\/product_brand?post=113148"},{"taxonomy":"product_cat","embeddable":true,"href":"https:\/\/gpdstore.net\/sl\/wp-json\/wp\/v2\/product_cat?post=113148"},{"taxonomy":"product_tag","embeddable":true,"href":"https:\/\/gpdstore.net\/sl\/wp-json\/wp\/v2\/product_tag?post=113148"},{"taxonomy":"woo-feed-brand","embeddable":true,"href":"https:\/\/gpdstore.net\/sl\/wp-json\/wp\/v2\/woo-feed-brand?post=113148"}],"curies":[{"name":"wp","href":"https:\/\/api.w.org\/{rel}","templated":true}]}}