{"id":102486,"date":"2024-03-19T10:11:47","date_gmt":"2024-03-19T10:11:47","guid":{"rendered":"https:\/\/gpdstore.net\/nekategorizirano\/gpd-win-4-2024-igralni-rocni-racunalnik\/"},"modified":"2025-12-19T16:21:29","modified_gmt":"2025-12-19T16:21:29","slug":"gpd-win-4-2024","status":"publish","type":"product","link":"https:\/\/gpdstore.net\/sl\/product\/gpd-win-4-2024\/","title":{"rendered":"GPD WIN 4 2024 Igralni ro\u010dni ra\u010dunalnik"},"content":{"rendered":"\n<figure class=\"wp-block-video\"><video controls=\"\" poster=\"https:\/\/gpdstore.net\/wp-content\/uploads\/2024\/03\/gpd-win4-indiegogo-time-is-here-v0-te3iiclycf5a1.webp\" src=\"https:\/\/gpdstore.net\/wp-content\/uploads\/\"><\/video><\/figure>\n\n<div class=\"wp-block-columns is-layout-flex wp-container-core-columns-is-layout-28f84493 wp-block-columns-is-layout-flex\">\n<div class=\"wp-block-column is-layout-flow wp-block-column-is-layout-flow\" style=\"flex-basis:33.33%\">\n<figure class=\"wp-block-image size-full\"><img fetchpriority=\"high\" decoding=\"async\" width=\"1000\" height=\"1000\" src=\"https:\/\/gpdstore.net\/wp-content\/uploads\/2024\/05\/GPD-WIN-4-2024-WHITE-DONE-LISTING-IMAGE-5.jpg\" alt=\"Prenosni igralni ra&#x10D;unalnik GPD WIN 4 (2024) s kompaktno zasnovo, procesorjem AMD Ryzen 7 8840U, grafiko AMD Radeon 780M in pomnilnikom SSD s kapaciteto do 4 TB. Idealen je za visoko zmogljive igre in obse&#x17E;ne potrebe po shranjevanju.\" class=\"wp-image-1555\" srcset=\"https:\/\/gpdstore.net\/wp-content\/uploads\/2024\/05\/GPD-WIN-4-2024-WHITE-DONE-LISTING-IMAGE-5.jpg 1000w, https:\/\/gpdstore.net\/wp-content\/uploads\/2024\/05\/GPD-WIN-4-2024-WHITE-DONE-LISTING-IMAGE-5-600x600.jpg 600w, https:\/\/gpdstore.net\/wp-content\/uploads\/2024\/05\/GPD-WIN-4-2024-WHITE-DONE-LISTING-IMAGE-5-150x150.jpg 150w, https:\/\/gpdstore.net\/wp-content\/uploads\/2024\/05\/GPD-WIN-4-2024-WHITE-DONE-LISTING-IMAGE-5-768x768.jpg 768w, https:\/\/gpdstore.net\/wp-content\/uploads\/2024\/05\/GPD-WIN-4-2024-WHITE-DONE-LISTING-IMAGE-5-990x990.jpg 990w, https:\/\/gpdstore.net\/wp-content\/uploads\/2024\/05\/GPD-WIN-4-2024-WHITE-DONE-LISTING-IMAGE-5-441x441.jpg 441w, https:\/\/gpdstore.net\/wp-content\/uploads\/2024\/05\/GPD-WIN-4-2024-WHITE-DONE-LISTING-IMAGE-5-100x100.jpg 100w\" sizes=\"(max-width: 1000px) 100vw, 1000px\" \/><\/figure>\n<\/div>\n\n\n\n<div class=\"wp-block-column is-layout-flow wp-block-column-is-layout-flow\" style=\"flex-basis:66.66%\">\n<h2 class=\"wp-block-heading\">Sprostite svobodo: Meet the GPD WIN 4 2024 Ultimate Portable Gaming PC<\/h2>\n\n\n\n<p>Experience the most powerful Vita-style handheld ever built. The GPD WIN 4 2024 combines AMD Ryzen 7 8840U (Hawk Point) performance with a physical slider keyboard, allowing you to dominate AAA games and stay productive without carrying a laptop. This remarkable device combines the best of a high-performance gaming PC and the convenience of a handheld device, giving you the freedom to immerse yourself in your favourite games wherever you are.<\/p>\n<\/div>\n<\/div>\n\n<h2 class=\"wp-block-heading has-text-align-center\">Zgrajen za zmago: Natan\u010dno krmiljenje, obse\u017eno skladi\u0161\u010de in napredno hlajenje<\/h2>\n\n<div class=\"wp-block-columns is-layout-flex wp-container-core-columns-is-layout-28f84493 wp-block-columns-is-layout-flex\">\n<div class=\"wp-block-column is-layout-flow wp-block-column-is-layout-flow\">\n<figure class=\"wp-block-image size-full\"><img decoding=\"async\" src=\"https:\/\/gpdstore.net\/wp-content\/uploads\/\" alt=\"GPD Win 4 (2024) v biserno beli barvi, ki se pona&#x161;a z elegantno in uglajeno zasnovo za prenosno igranje iger.\" class=\"wp-image-1557\" style=\"object-fit:cover\"\/><\/figure>\n\n\n\n<h3 class=\"wp-block-heading\"><strong><strong>Najbolj\u0161i nadzor:<\/strong> 3D Joysticki ALPS in 6-osno gibanje.<\/strong><\/h3>\n\n\n\n<p>GPD WIN 4 2024 ponuja vrhunsko igralno izku\u0161njo s krmilniki ALPS 3D in igralnimi gumbi. Ti visokokakovostni gumbi zagotavljajo natan\u010den vnos in optimalno povratno informacijo, kar zagotavlja natan\u010dno in poglobljeno igranje. S 6-osnim \u017eiroskopom boste u\u017eivali v izbolj\u0161anem nadzoru gibanja, ki omogo\u010da intuitivno gibanje v zdru\u017eljivih igrah. Dvojni vibracijski motorji \u0161e dodatno izbolj\u0161ajo va\u0161o igralno izku\u0161njo, saj zagotavljajo otipne povratne informacije, ki va\u0161im dogodiv\u0161\u010dinam dodajo novo raven poglobitve.<strong><br\/><\/strong><br\/><\/p>\n<\/div>\n\n\n\n<div class=\"wp-block-column is-layout-flow wp-block-column-is-layout-flow\">\n<figure class=\"wp-block-image size-full\"><img decoding=\"async\" width=\"300\" height=\"300\" src=\"https:\/\/gpdstore.net\/wp-content\/uploads\/2024\/05\/078c9d42-e74f-4fb3-893b-5f22ffd9d6ed.__CR1300600600_PT0_SX300_V1___.jpg\" alt=\"Ro&#x10D;na igralna konzola GPD WIN 4 (2024), opremljena z M.2 SSD za hitro shranjevanje in hitro nalaganje.\" class=\"wp-image-1558\" style=\"object-fit:cover\" srcset=\"https:\/\/gpdstore.net\/wp-content\/uploads\/2024\/05\/078c9d42-e74f-4fb3-893b-5f22ffd9d6ed.__CR1300600600_PT0_SX300_V1___.jpg 300w, https:\/\/gpdstore.net\/wp-content\/uploads\/2024\/05\/078c9d42-e74f-4fb3-893b-5f22ffd9d6ed.__CR1300600600_PT0_SX300_V1___-150x150.jpg 150w, https:\/\/gpdstore.net\/wp-content\/uploads\/2024\/05\/078c9d42-e74f-4fb3-893b-5f22ffd9d6ed.__CR1300600600_PT0_SX300_V1___-100x100.jpg 100w\" sizes=\"(max-width: 300px) 100vw, 300px\" \/><\/figure>\n\n\n\n<h3 class=\"wp-block-heading\"><strong><strong>Ni\u010delna zakasnitev:<\/strong> Odpravite \u010das nalaganja z do 4 TB PCIe 4.0 SSD shrambe.<\/strong><\/h3>\n\n\n\n<p>GPD WIN 4 2024 ponuja veliko mo\u017enosti shranjevanja, ki bodo zadovoljile va\u0161o knji\u017enico iger in ve\u010dpredstavnostne potrebe. S <a href=\"https:\/\/gpdstore.net\/sl\/product-attribute\/storage-technology\/pcie-gen-4-sl\/\" target=\"_blank\" rel=\"noreferrer noopener\">PCIe 4.0 M.2 2280<\/a>  SSD lahko izbirate med 512 GB <a href=\"https:\/\/gpdstore.net\/sl\/product-attribute\/storage-capacity\/512-gb-sl\/\" target=\"_blank\" rel=\"noreferrer noopener\">, 2 TB<\/a> ali<a href=\"https:\/\/gpdstore.net\/sl\/product-attribute\/storage-capacity\/2tb-sl-2\/\" target=\"_blank\" rel=\"noreferrer noopener\">kar<\/a> 4 TB <a href=\"https:\/\/gpdstore.net\/sl\/product-attribute\/storage-capacity\/4-tb-sl\/\" target=\"_blank\" rel=\"noreferrer noopener\">prostora za shranjevanje<\/a>. Ta hitri SSD zagotavlja hiter dostop do podatkov in kraj\u0161i \u010das nalaganja, tako da lahko nemudoma za\u010dnete igrati svoje najljub\u0161e igre. S tako veliko zmogljivostjo shranjevanja vam nikoli ne bo treba skrbeti, da bi zmanjkalo prostora za nara\u0161\u010dajo\u010do zbirko iger, filmov ali drugih medijskih datotek.<br\/><strong><br\/><\/strong><br\/><\/p>\n<\/div>\n\n\n\n<div class=\"wp-block-column is-layout-flow wp-block-column-is-layout-flow\">\n<figure class=\"wp-block-image size-full\"><img decoding=\"async\" width=\"300\" height=\"300\" src=\"https:\/\/gpdstore.net\/wp-content\/uploads\/2024\/05\/a8eb6f30-f8ed-4e5f-8fa9-fd52740523bc.__CR1530747747_PT0_SX300_V1___.jpg\" alt=\"GPD Win 4 (2024) ro&#x10D;na igralna konzola z naprednim hladilnim sistemom za u&#x10D;inkovito odvajanje toplote in optimalno zmogljivost med dalj&#x161;imi igralnimi seansami\" class=\"wp-image-1559\" style=\"object-fit:cover\" srcset=\"https:\/\/gpdstore.net\/wp-content\/uploads\/2024\/05\/a8eb6f30-f8ed-4e5f-8fa9-fd52740523bc.__CR1530747747_PT0_SX300_V1___.jpg 300w, https:\/\/gpdstore.net\/wp-content\/uploads\/2024\/05\/a8eb6f30-f8ed-4e5f-8fa9-fd52740523bc.__CR1530747747_PT0_SX300_V1___-150x150.jpg 150w, https:\/\/gpdstore.net\/wp-content\/uploads\/2024\/05\/a8eb6f30-f8ed-4e5f-8fa9-fd52740523bc.__CR1530747747_PT0_SX300_V1___-100x100.jpg 100w\" sizes=\"(max-width: 300px) 100vw, 300px\" \/><\/figure>\n\n\n\n<h3 class=\"wp-block-heading\"><strong><strong>Vrhunska zmogljivost:<\/strong> Prepre\u010devanje du\u0161enja s 50 % u\u010dinkovitej\u0161im hladilnim sistemom z dvojnimi toplotnimi cevmi.<\/strong><\/h3>\n\n\n\n<p>GPD WIN 4 2024 ima izpopolnjen hladilni sistem, ki zagotavlja optimalno delovanje tudi med dalj\u0161imi igralnimi seansami. Z debelimi dvojnimi toplotnimi cevmi ta prenosni igralni ra\u010dunalnik v primerjavi s prej\u0161njimi modeli pove\u010da toplotno u\u010dinkovitost za 50 %. Izbolj\u0161ano odvajanje toplote zagotavlja, da naprava pri velikih obremenitvah ostane hladna, kar prepre\u010duje zmanj\u0161evanje zmogljivosti ter omogo\u010da nemoteno in neprekinjeno igranje.<strong><br\/><\/strong><br\/><\/p>\n<\/div>\n<\/div>\n\n<h2 class=\"wp-block-heading\">GPD WIN 4 2024: Preboj na podro\u010dju prenosnih igralnih ra\u010dunalnikov<\/h2>\n\n<figure class=\"wp-block-image size-large\"><img decoding=\"async\" src=\"https:\/\/gpdstore.net\/wp-content\/uploads\/\" alt=\"GPD Win 4 (2024) v biserno beli barvi, ki se pona&#x161;a z elegantno in uglajeno zasnovo za prenosno igranje iger.\" class=\"wp-image-1626\"\/><\/figure>\n\n<p>Experience the pinnacle of gaming with the GPD WIN 4 2024 Handheld PC. These devices herald a new era in portable gaming PCs, offering unmatched performance, innovative design, and ultimate gaming mobility. Crafted for gamers who demand excellence, the GPD WIN 4 2024 merges desktop gaming prowess with handheld convenience. Whether you&#8217;re at home, commuting, or on the go, your favorite games are just a slide-up keyboard away. Explore the fusion of convenience and powerhouse performance, and unlock the next level of gaming with GPD WIN 4 2024.<\/p>\n\n<h2 class=\"wp-block-heading\">Pregled izdelka: Prenosljivost na novo opredeljena<\/h2>\n\n<p>The GPD WIN 4 2024 Handheld Gaming PC sets a fresh benchmark in portable gaming technology. Weighing just 598g and measuring 8.6 x 3.6 x 1.1 inches, these handheld gaming PCs seamlessly fit into your hands or bag. The sleek, slide-up keyboard unveils a gaming universe, perfect for gaming on-the-go or cozy setups at home.<\/p>\n\n<h2 class=\"wp-block-heading\"><strong>Unrivaled 2024 Performance in 2025<\/strong><\/h2>\n\n<p>AVX-512 Support: The gold standard for PS3 and Xbox 360 emulation.<\/p>\n\n<p>AMD Ryzen 7 8840U: 8 Cores of Zen 4 power with integrated Ryzen AI (16 TOPS).<\/p>\n\n<p>Radeon 780M Graphics: Play the latest titles at 1080p using AFMF 2 for smooth, high-frame-rate gameplay.<\/p>\n\n<p>7500MT\/s LPDDR5x RAM: Maximum bandwidth for lag-free multitasking and superior graphics performance.<\/p>\n\n<h2 class=\"wp-block-heading\">Uporabni\u0161ka izku\u0161nja: Prilagojeno za igralce iger<\/h2>\n\n<figure class=\"wp-block-image size-full\"><img decoding=\"async\" src=\"https:\/\/gpdstore.net\/wp-content\/uploads\/\" alt=\"Ro&#x10D;na igralna konzola GPD Win 4 (2024) z GPD G1, ki ponuja izbolj&#x161;ano igralno zmogljivost in zmogljivosti.\" class=\"wp-image-1625\"\/><\/figure>\n\n<h2 class=\"wp-block-heading\"><strong>Desktop-Class Expansion<\/strong>: <strong>Native OcuLink Port<\/strong><\/h2>\n\n<p>Don&#8217;t settle for slow USB4 bottlenecks. The GPD WIN 4 2024 features a native OcuLink port, allowing a direct PCIe connection to the GPD G1 eGPU.<\/p>\n\n<p>Status: In Stock \/ Ships Worldwide within 24 Hours.<\/p>\n\n<p>Work: Slide up the screen for the backlit QWERTY keyboard.<\/p>\n\n<p>Play: Connect to a 4K monitor for a full desktop gaming experience.<\/p>\n\n<h2 class=\"wp-block-heading\">Zaklju\u010dek: Igralna svoboda<\/h2>\n\n<p>The GPD WIN 4 2024 compact gaming PCs redefine portable gaming. Fusing high-performance hardware with a portable, innovative design, they offer the ultimate gaming experience for gamers on the move. It&#8217;s not just a step forward; it&#8217;s a leap into the gaming future.<\/p>\n","protected":false},"excerpt":{"rendered":"<ul>\n<li>AMD <strong>Ryzen 7 8840U TDP<\/strong> <strong>28W<\/strong><\/li>\n<li>AMD Radeon <strong>780M<\/strong> 12 enot \/ 2700 MHz<\/li>\n<li><strong>32 GB LPDDR5X @ 6400 MT\/s<\/strong><\/li>\n<li>Do <strong>4 TB<\/strong> <strong>hitrega PCI-E<\/strong> 4.0 NVMe SSD<\/li>\n<li><strong>Podpora<\/strong> WiFi <strong>6E in<\/strong> Bluetooth 5 <strong>.3<\/strong> <\/li>\n<\/ul>\n<p><img loading=\"lazy\" decoding=\"async\" src=\"https:\/\/gpdstore.net\/wp-content\/uploads\/2024\/03\/WIN-4-FREE-GIFTS.jpg\" alt=\"\" width=\"2000\" height=\"500\" class=\"alignnone size-full wp-image-4175\" srcset=\"https:\/\/gpdstore.net\/wp-content\/uploads\/2024\/03\/WIN-4-FREE-GIFTS.jpg 2000w, https:\/\/gpdstore.net\/wp-content\/uploads\/2024\/03\/WIN-4-FREE-GIFTS-600x150.jpg 600w, https:\/\/gpdstore.net\/wp-content\/uploads\/2024\/03\/WIN-4-FREE-GIFTS-1200x300.jpg 1200w, https:\/\/gpdstore.net\/wp-content\/uploads\/2024\/03\/WIN-4-FREE-GIFTS-768x192.jpg 768w, https:\/\/gpdstore.net\/wp-content\/uploads\/2024\/03\/WIN-4-FREE-GIFTS-1536x384.jpg 1536w, https:\/\/gpdstore.net\/wp-content\/uploads\/2024\/03\/WIN-4-FREE-GIFTS-360x90.jpg 360w, https:\/\/gpdstore.net\/wp-content\/uploads\/2024\/03\/WIN-4-FREE-GIFTS-990x248.jpg 990w, https:\/\/gpdstore.net\/wp-content\/uploads\/2024\/03\/WIN-4-FREE-GIFTS-441x110.jpg 441w, https:\/\/gpdstore.net\/wp-content\/uploads\/2024\/03\/WIN-4-FREE-GIFTS-150x38.jpg 150w\" sizes=\"(max-width: 2000px) 100vw, 2000px\" \/><\/p>\n[cg_accordion title=\"INFORMACIJE O PLA\u010cILU\"]<\/p>\n<p>Uporabljamo najnovej\u0161o tehnologijo za obdelavo pla\u010dil, ki vam omogo\u010da, da se na blagajno prijavite s svojo debetno\/kreditno kartico ali storitvijo PayPal, kar zagotavlja hitro in varno izku\u0161njo.[\/cg_accordion]\n[cg_accordion title=\"GARANCIJA\"]<\/p>\n<p>2 leti garancije <a href=\"https:\/\/droix.net\/\" target=\"_blank\" rel=\"nofollow noopener\">DROIX Global za<\/a> va\u0161 mir[\/cg_accordion]\n[cg_accordion title=\"ZAGOTAVLJANJE KAKOVOSTI IN TESTIRANJE PRED ODPREMO\"]<\/p>\n<p>Zagotavljanje zadovoljstva strank na najvi\u0161ji ravni: Vsaka naprava je pred odpremo strogo preizku\u0161ena in preverjena v ve\u010d to\u010dkah za zagotavljanje kakovosti. Na\u0161a predana ekipa preveri delovanje, funkcionalnost in celovitost komponent, s \u010dimer zagotovimo, da bo va\u0161a naprava GPD ob prihodu v popolnem delovnem stanju, kar vam zagotavlja zaupanje in mir v du\u0161i. [\/cg_accordion]\n[cg_accordion title=\"CENE, DAVKI IN PO\u0160ILJANJE\"]<\/p>\n<p><strong><u>Opomba:<\/u><\/strong><\/p>\n<ul>\n<li>Zdru\u017eene dr\u017eave Amerike Kupci: Prikazana cena NE vklju\u010duje davka in dajatev. Odgovornost za carinjenje in pla\u010dilo vseh povezanih davkov\/carin nosi kupec. <\/li>\n<li>Stranke iz EU: Prikazana cena vklju\u010duje veljavni davek, ki lahko zna\u0161a do 25 %, odvisno od va\u0161e dr\u017eave.<\/li>\n<li>Kanada Kupci: Prikazana cena vklju\u010duje veljavne davke, ki lahko vklju\u010dujejo 5 % davek na dodano vrednost (GST) in dodatne pokrajinske davke na prodajo (PST), harmonizirani davek na prodajo (HST) ali davek na prodajo v Quebecu (QST), odvisno od va\u0161e province.<\/li>\n<\/ul>\n<p><strong>Samo za stranke iz EU:<\/strong> Ekspresno DDP (dostavljeno s pla\u010dano dajatvijo). To pomeni: <\/p>\n<ul>\n<li>Vse carine in davki so vklju\u010deni v ceno, prikazano na strani izdelka.<\/li>\n<li>Ob dostavi vam ne bo treba pla\u010dati nobenih dodatnih stro\u0161kov.<\/li>\n<li>V redkih primerih te\u017eav, povezanih s carino, bo na\u0161a ekipa v va\u0161em imenu opravila postopek carinjenja in zagotovila nemoteno dostavo.<\/li>\n<p>Pomembne informacije o vra\u010dilih:<\/p>\n<li>\u010ce se odlo\u010dite vrniti naro\u010dilo ali zahtevate vra\u010dilo, se morate zavedati, da davkov in dajatev, pla\u010danih v va\u0161em imenu pod pogoji DDP, ni mogo\u010de vrniti.<\/li>\n<p>Podrobne informacije <a href=\"https:\/\/droix.net\/terms-and-conditions\/\" target=\"_blank\" rel=\"nofollow noopener\">so na voljo v na\u0161ih Pogojih in dolo\u010dilih<\/a>.\n<\/ul>\n<p>[\/cg_accordion]\n[cg_accordion title=\"PODPORA STRANKAM\"]<\/p>\n<p>Imate vpra\u0161anje? Samo kratko besedilo nas lo\u010di od re\u0161itve va\u0161ega vpra\u0161anja! <\/p>\n<p>Podrobne informacije <a href=\"https:\/\/gpdstore.net\/sl\/terms-of-service\/\" target=\"_blank\" rel=\"nofollow noopener\">so na voljo v na\u0161ih Pogojih in dolo\u010dilih<\/a>.\n<\/ul>\n<p>[\/cg_accordion]\n[cg_accordion title=\"KAJ JE VKLJU\u010cENO\"]<\/p>\n<ul>\n<li>1x GPD WIN 4 2024<\/li>\n<li>1x napajalnik<\/li>\n<li>1x kabel USB tipa C<\/li>\n<li>1x uporabni\u0161ki priro\u010dnik<\/li>\n<\/ul>\n<p>[\/cg_accordion]\n","protected":false},"featured_media":104453,"template":"","meta":{"_acf_changed":false},"product_brand":[],"product_cat":[5635],"product_tag":[15941,6702],"woo-feed-brand":[5638],"class_list":{"0":"post-102486","1":"product","2":"type-product","3":"status-publish","4":"has-post-thumbnail","6":"product_cat-rocni-racunalnik-gpd-za-igranje-iger","7":"product_tag-12xmsale-sl","8":"product_tag-gpd-win-4-sl","9":"product_shipping_class-premium","11":"pa_bluetooth-5-3-sl","12":"pa_brand-gpd","13":"pa_display-type-h-ips-sl","14":"pa_display-type-steklo-corning-gorilla-glass-5","15":"pa_graphics-gpu-model-radeon-780m-sl","16":"pa_i-o-video-1x-oculink-sl","17":"pa_i-o-video-prek-1x-usb-4-0-type-c-40gb-s","18":"pa_memory-ram-capacity-32-gb-sl","19":"pa_memory-ram-technology-lpddr5x-sl","20":"pa_processor-cpu-model-ryzen-7-8840u","21":"pa_storage-capacity-1-tb-sl","22":"pa_storage-capacity-2tb-sl-2","23":"pa_storage-capacity-4-tb-sl","24":"pa_storage-capacity-512-gb-sl","25":"pa_storage-technology-pcie-gen-4-sl","26":"pa_wi-fi-wi-fi-6e-sl","27":"woo-feed-brand-gpd-sl","29":"first","30":"outofstock","31":"sale","32":"taxable","33":"shipping-taxable","34":"purchasable","35":"product-type-variable","36":"has-default-attributes"},"acf":[],"aioseo_notices":[],"_links":{"self":[{"href":"https:\/\/gpdstore.net\/sl\/wp-json\/wp\/v2\/product\/102486","targetHints":{"allow":["GET"]}}],"collection":[{"href":"https:\/\/gpdstore.net\/sl\/wp-json\/wp\/v2\/product"}],"about":[{"href":"https:\/\/gpdstore.net\/sl\/wp-json\/wp\/v2\/types\/product"}],"wp:featuredmedia":[{"embeddable":true,"href":"https:\/\/gpdstore.net\/sl\/wp-json\/wp\/v2\/media\/104453"}],"wp:attachment":[{"href":"https:\/\/gpdstore.net\/sl\/wp-json\/wp\/v2\/media?parent=102486"}],"wp:term":[{"taxonomy":"product_brand","embeddable":true,"href":"https:\/\/gpdstore.net\/sl\/wp-json\/wp\/v2\/product_brand?post=102486"},{"taxonomy":"product_cat","embeddable":true,"href":"https:\/\/gpdstore.net\/sl\/wp-json\/wp\/v2\/product_cat?post=102486"},{"taxonomy":"product_tag","embeddable":true,"href":"https:\/\/gpdstore.net\/sl\/wp-json\/wp\/v2\/product_tag?post=102486"},{"taxonomy":"woo-feed-brand","embeddable":true,"href":"https:\/\/gpdstore.net\/sl\/wp-json\/wp\/v2\/woo-feed-brand?post=102486"}],"curies":[{"name":"wp","href":"https:\/\/api.w.org\/{rel}","templated":true}]}}