{"id":221251,"date":"2023-03-23T16:49:44","date_gmt":"2023-03-23T16:49:44","guid":{"rendered":"https:\/\/gpdstore.net\/pravilnik-o-piskotkih\/"},"modified":"2024-12-11T13:42:43","modified_gmt":"2024-12-11T13:42:43","slug":"pravilnik-o-piskotkih","status":"publish","type":"page","link":"https:\/\/gpdstore.net\/sl\/pravilnik-o-piskotkih\/","title":{"rendered":"Pravilnik o pi\u0161kotkih"},"content":{"rendered":"\n<p>Naslednji pravilnik o pi\u0161kotkih je treba razumeti v skladu (v paru z), &#8220;kot eno&#8221; s <a href=\"https:\/\/gpdstore.net\/sl\/pogoji-uporabe-storitev\/\" target=\"_blank\" data-type=\"URL\" data-id=\"\/terms-of-service\/\" rel=\"noreferrer noopener\">pogoji<\/a>, <a href=\"https:\/\/gpdstore.net\/sl\/pravilnik-o-vracilu-in-vracilih\/\" target=\"_blank\" data-type=\"URL\" data-id=\"\/refund-and-returns-policy\/\" rel=\"noreferrer noopener\">pravilnikom o vra\u010dilih in povra\u010dilih<\/a> ter <a href=\"https:\/\/gpdstore.net\/sl\/pravilnik-o-zasebnosti\/\" target=\"_blank\" data-type=\"URL\" data-id=\"\/privacy-policy\/\" rel=\"noreferrer noopener\">pravilnikom o zasebnosti<\/a>.<\/p>\n\n<ol class=\"wp-block-list\">\n<li>Ti prodajni pogoji veljajo za vse blago, ki ga dobavlja dru\u017eba DroiX US Corp (dobavitelj).\n<ol class=\"wp-block-list\">\n<li>V navedeni pogodbi so sklicevanja na: Mi (DroiX US Corp) smo dobavitelj, vi (kupec) pa<\/li>\n<\/ol>\n<\/li>\n<\/ol>\n\n<ol class=\"wp-block-list\">\n<li>Dobaviteljevo spletno mesto uporablja pi\u0161kotke za razlikovanje stranke, tj. vas, od drugih uporabnikov spletnega mesta. To dobavitelju pomaga, da vam zagotovi dobro izku\u0161njo, ko brskate po dobaviteljevem spletnem mestu, dobavitelju pa omogo\u010da tudi izbolj\u0161anje na\u0161ega spletnega mesta. Z nadaljnjim brskanjem po spletnem mestu se strinjate, da dobavitelj uporablja pi\u0161kotke.  <\/li>\n\n\n\n<li>Pi\u0161kotek je majhna datoteka s \u010drkami in \u0161tevilkami, ki jo dobavitelj shrani v va\u0161 brskalnik ali na trdi disk va\u0161ega ra\u010dunalnika ali mobilnega telefona, \u010de se s tem strinjate. Pi\u0161kotki vsebujejo informacije, ki se prenesejo na trdi disk va\u0161ega ra\u010dunalnika. <\/li>\n\n\n\n<li>Dobavitelj uporablja naslednje pi\u0161kotke:\n<ol class=\"wp-block-list\">\n<li>Strogo potrebni pi\u0161kotki. To so pi\u0161kotki, ki so potrebni za delovanje dobaviteljeve spletne strani. Vklju\u010dujejo na primer pi\u0161kotke, ki vam omogo\u010dajo prijavo v varna obmo\u010dja dobaviteljevega spletnega mesta in izvajanje transakcij.  <\/li>\n\n\n\n<li>Analiti\u010dni\/izvedbeni pi\u0161kotki. Dobavitelju omogo\u010dajo, da prepozna in pre\u0161teje \u0161tevilo obiskovalcev ter vidi, kako se obiskovalci gibljejo po dobaviteljevem spletnem mestu, ko ga uporabljajo. To dobavitelju pomaga izbolj\u0161ati na\u010din delovanja spletnega mesta, na primer tako, da zagotovi, da uporabniki zlahka in brez te\u017eav najdejo, kar i\u0161\u010dejo.  <\/li>\n\n\n\n<li>Dobavitelj uporablja pi\u0161kotke Google Analytics. Google Analytics zbira informacije anonimno. Poro\u010da o trendih na spletnem mestu, ne da bi identificiral posamezne obiskovalce. Storitev Google Analytics lahko odjavite, ne da bi to vplivalo na na\u010din obiskovanja tega spletnega mesta. Za ve\u010d informacij o storitvi Google Analytics kliknite tukaj.    <\/li>\n\n\n\n<li>Ciljni pi\u0161kotki. Ti pi\u0161kotki bele\u017eijo va\u0161 obisk dobaviteljevega spletnega mesta, strani, ki ste jih obiskali, in povezave, ki ste jim sledili. Dobavitelj te informacije uporabi, da bi spletno mesto in na njem prikazano ogla\u0161evanje bolj ustrezalo va\u0161im interesom. Dobavitelj lahko te informacije v ta namen deli tudi s tretjimi osebami.   <\/li>\n<\/ol>\n<\/li>\n\n\n\n<li>Upo\u0161tevajte, da lahko pi\u0161kotke uporabljajo tudi tretje osebe (na primer ogla\u0161evalska omre\u017eja in ponudniki zunanjih storitev, kot so storitve analize spletnega prometa), nad katerimi dobavitelj nima nadzora. Ti pi\u0161kotki so verjetno analiti\u010dni\/izvedbeni pi\u0161kotki ali ciljni pi\u0161kotki. <\/li>\n\n\n\n<li>Pi\u0161kotke lahko blokirate tako, da v brskalniku aktivirate nastavitev, ki vam omogo\u010da, da zavrnete nastavitev vseh ali nekaterih pi\u0161kotkov. \u010ce z nastavitvami brskalnika blokirate vse pi\u0161kotke (vklju\u010dno z bistvenimi pi\u0161kotki), morda ne boste mogli dostopati do vseh ali nekaterih delov dobaviteljevega spletnega mesta. <\/li>\n<\/ol>\n\n<p>Pravilnik o pi\u0161kotkih je bil nazadnje posodobljen: 23. marec 2023 &#8211; 16:48:00.<\/p>\n","protected":false},"excerpt":{"rendered":"<p>Naslednji pravilnik o pi\u0161kotkih je treba razumeti v skladu (v paru z), &#8220;kot eno&#8221; s pogoji, pravilnikom o vra\u010dilih in povra\u010dilih ter pravilnikom o zasebnosti. Pravilnik o pi\u0161kotkih je bil nazadnje posodobljen: 23. marec 2023 &#8211; 16:48:00.<\/p>\n","protected":false},"author":1,"featured_media":0,"parent":0,"menu_order":0,"comment_status":"closed","ping_status":"closed","template":"template-fullwidth.php","meta":{"_acf_changed":false,"footnotes":""},"class_list":["post-221251","page","type-page","status-publish","hentry"],"acf":[],"aioseo_notices":[],"_links":{"self":[{"href":"https:\/\/gpdstore.net\/sl\/wp-json\/wp\/v2\/pages\/221251","targetHints":{"allow":["GET"]}}],"collection":[{"href":"https:\/\/gpdstore.net\/sl\/wp-json\/wp\/v2\/pages"}],"about":[{"href":"https:\/\/gpdstore.net\/sl\/wp-json\/wp\/v2\/types\/page"}],"author":[{"embeddable":true,"href":"https:\/\/gpdstore.net\/sl\/wp-json\/wp\/v2\/users\/1"}],"replies":[{"embeddable":true,"href":"https:\/\/gpdstore.net\/sl\/wp-json\/wp\/v2\/comments?post=221251"}],"version-history":[{"count":0,"href":"https:\/\/gpdstore.net\/sl\/wp-json\/wp\/v2\/pages\/221251\/revisions"}],"wp:attachment":[{"href":"https:\/\/gpdstore.net\/sl\/wp-json\/wp\/v2\/media?parent=221251"}],"curies":[{"name":"wp","href":"https:\/\/api.w.org\/{rel}","templated":true}]}}