{"id":210280,"date":"2023-03-23T16:52:33","date_gmt":"2023-03-23T16:52:33","guid":{"rendered":"https:\/\/gpdstore.net\/pravilnik-o-vracilu-in-vracilih\/"},"modified":"2025-05-11T14:53:39","modified_gmt":"2025-05-11T14:53:39","slug":"refund-and-returns-policy","status":"publish","type":"page","link":"https:\/\/gpdstore.net\/sl\/refund-and-returns-policy\/","title":{"rendered":"Pravilnik o vra\u010dilu in vra\u010dilih"},"content":{"rendered":"\n<p>Naslednje pogoje in dolo\u010dila je treba razumeti skupaj s <a href=\"https:\/\/gpdstore.net\/sl\/pogoji-uporabe-storitev\/\" data-type=\"URL\" data-id=\"\/terms-of-service\/\" target=\"_blank\" rel=\"noreferrer noopener\">pogoji uporabe storitev<\/a>, <a href=\"https:\/\/gpdstore.net\/sl\/pravilnik-o-zasebnosti\/\" target=\"_blank\" rel=\"noreferrer noopener\">politiko zasebnosti<\/a> in <a href=\"https:\/\/gpdstore.net\/sl\/pravilnik-o-piskotkih\/\" data-type=\"URL\" data-id=\"\/cookies-policy\/\" target=\"_blank\" rel=\"noreferrer noopener\">politiko uporabe pi\u0161kotkov<\/a> (v paru z njimi).<\/p>\n\n<h3 class=\"wp-block-heading\" id=\"h-cancellations\">ODPOVEDI  <\/h3>\n\n<ol class=\"wp-block-list\">\n<li>\u010ce niste poslovna stranka, imate pravico do odstopa od pogodbe kadar koli do konca 30 koledarskih dni po prejemu blaga (glej spodaj).<\/li>\n\n\n\n<li>\u010ce \u017eelite uveljavljati pravico do odpovedi, morate dobavitelja pisno obvestiti osebno, po po\u0161ti, elektronski po\u0161ti, dru\u017eabnih medijih ali prek spletne strani in navesti podrobnosti o naro\u010denem blagu in (po potrebi) njegovi dostavi. Telefonsko obvestilo ne zadostuje.<\/li>\n\n\n\n<li>\u010ce uveljavljate pravico do odpovedi po tem, ko vam je bilo blago dostavljeno, ste odgovorni za vrnitev blaga dobavitelju na lastne stro\u0161ke, razen v primeru okvarjenega ali napa\u010dno opisanega blaga. Blago je treba vrniti na naslov, ki ga je sporo\u010dil dobavitelj. Zagotoviti morate, da se blago med tem ali med prevozom ne po\u0161koduje.\n<ol class=\"wp-block-list\">\n<li>V primeru okvarjenega ali napa\u010dno opisanega blaga dobavitelj po prejemu obvestila v skladu s Pogoji in dolo\u010dili prevzame blago od vas ali vas pozove, da blago vrnete sami, pri \u010demer vam zagotovi sprejemljiv na\u010din vra\u010dila.  <\/li>\n<\/ol>\n<\/li>\n\n\n\n<li>Za naro\u010dilo, preklicano med prevozom, se zara\u010duna standardna pristojbina za preklic in dodatni prevozni stro\u0161ki na stro\u0161ke stranke.<\/li>\n<\/ol>\n\n<h3 class=\"wp-block-heading\" id=\"h-returns\">VRA\u010cILA<\/h3>\n\n<ol class=\"wp-block-list\">\n<li>Personaliziranih izdelkov ni mogo\u010de vrniti. Upo\u0161tevajte, da to ne vpliva na va\u0161e zakonske pravice.<\/li>\n\n\n\n<li>Za ra\u010dunalni\u0161ke sisteme, izdelane po individualnih specifikacijah stranke, ne velja pravica do preklica v skladu s predpisi o prodaji na daljavo.<\/li>\n\n\n\n<li>Izdelki morajo biti v originalni embala\u017ei, \u010de je ta del blaga (na primer blago v \u0161katli). Zakonsko ste dol\u017eni ustrezno skrbeti za blago, dokler je v va\u0161i lasti. \u010ce te obveznosti ne izpolnjujete, ima lahko dobavitelj proti vam pravico do od\u0161kodnine do 50 % vrednosti (pristojbina za ponovno vzpostavitev zaloge). To velja za vse vrnjeno blago.   <\/li>\n\n\n\n<li>Po prejemu \u0161tevilke RMA in navodil za vra\u010dilo mora kupec zagotoviti, da je izdelek dostavljen na dobaviteljev naslov, naveden v navodilih za vra\u010dilo. Dobavitelj ne prevzema nobene odgovornosti za manjkajo\u010de ali napa\u010dno dostavljene predmete. Priporo\u010damo, da se vsa vra\u010dila po\u0161ljejo dobavitelju s sledenjem, podpisom in zavarovanjem.<\/li>\n\n\n\n<li>V skladu z <a href=\"https:\/\/www.legislation.gov.uk\/ukpga\/2015\/15\/contents\/enacted\" target=\"_blank\" rel=\"noreferrer noopener\">Zakonom o pravicah potro\u0161nikov iz leta 2015<\/a> dobavitelj ne povrne nobenih stro\u0161kov dostave s posebno dostavo.<\/li>\n\n\n\n<li>\u010ce je napaka navedena ob zahtevi za uveljavljanje pravice do vra\u010dila in ta napaka ni prisotna na napravi, si dobavitelj pridr\u017euje pravico, da zadr\u017ei znesek, ki ni vi\u0161ji od 10 GBP ali 5 % izdelka za predpla\u010dano nalepko, ki jo prejme stranka.<\/li>\n\n\n\n<li>\u010ce se vam izpla\u010da povra\u010dilo ali nadomestilo, bo dobavitelj denar nakazal na enak na\u010din, kot ste ga prvotno uporabili za pla\u010dilo nakupa. \u010ce dobavitelj ne more vrniti denarja prek prvotnega na\u010dina pla\u010dila, vas bo kontaktiral in se dogovoril za drugo mo\u017enost.<\/li>\n\n\n\n<li>\u010ce za blago niste ustrezno skrbeli, si dobavitelj pridr\u017euje pravico, da zavrne povra\u010dilo in vam blago vrne na va\u0161e stro\u0161ke.<\/li>\n\n\n\n<li>Povra\u010dila ne vklju\u010dujejo uvoznega DDV\/merodajnih dajatev, ki so bile \u017ee pla\u010dane pristojnim organom.<\/li>\n<\/ol>\n\n<p><\/p>\n","protected":false},"excerpt":{"rendered":"<p>Naslednje pogoje in dolo\u010dila je treba razumeti skupaj s pogoji uporabe storitev, politiko zasebnosti in politiko uporabe pi\u0161kotkov (v paru z njimi). ODPOVEDI VRA\u010cILA<\/p>\n","protected":false},"author":1,"featured_media":0,"parent":0,"menu_order":0,"comment_status":"closed","ping_status":"closed","template":"template-fullwidth.php","meta":{"_acf_changed":false,"footnotes":""},"class_list":["post-210280","page","type-page","status-publish","hentry"],"acf":[],"aioseo_notices":[],"_links":{"self":[{"href":"https:\/\/gpdstore.net\/sl\/wp-json\/wp\/v2\/pages\/210280","targetHints":{"allow":["GET"]}}],"collection":[{"href":"https:\/\/gpdstore.net\/sl\/wp-json\/wp\/v2\/pages"}],"about":[{"href":"https:\/\/gpdstore.net\/sl\/wp-json\/wp\/v2\/types\/page"}],"author":[{"embeddable":true,"href":"https:\/\/gpdstore.net\/sl\/wp-json\/wp\/v2\/users\/1"}],"replies":[{"embeddable":true,"href":"https:\/\/gpdstore.net\/sl\/wp-json\/wp\/v2\/comments?post=210280"}],"version-history":[{"count":0,"href":"https:\/\/gpdstore.net\/sl\/wp-json\/wp\/v2\/pages\/210280\/revisions"}],"wp:attachment":[{"href":"https:\/\/gpdstore.net\/sl\/wp-json\/wp\/v2\/media?parent=210280"}],"curies":[{"name":"wp","href":"https:\/\/api.w.org\/{rel}","templated":true}]}}