{"id":81095,"date":"2024-04-23T16:13:31","date_gmt":"2024-04-23T16:13:31","guid":{"rendered":"https:\/\/gpdstore.net\/nezaraden\u00e9\/stylus-gpd-pre-gpd-pocket-3-a-win-max-2\/"},"modified":"2025-11-24T11:26:25","modified_gmt":"2025-11-24T11:26:25","slug":"gpd-stylus","status":"publish","type":"product","link":"https:\/\/gpdstore.net\/sk\/product\/gpd-stylus\/","title":{"rendered":"Stylus GPD pre GPD Pocket 3 a WIN MAX 2"},"content":{"rendered":"\n<p><br\/>Predstavujeme v\u00e1m stylus GPD: v\u00e1\u0161 dokonal\u00fd n\u00e1stroj pre presnos\u0165 a pohodlie, ktor\u00fd je navrhnut\u00fd na roz\u0161\u00edrenie funk\u010dnosti webov\u00fdch str\u00e1nok GPD Pocket 3 a GPD Win Max 2 a je kompatibiln\u00fd s mnoh\u00fdmi \u010fal\u0161\u00edmi modelmi notebookov a tabletov. Tento stylus, vyroben\u00fd z robustnej hlin\u00edkovej zliatiny, je tvarovan\u00fd tak, aby v\u00e1m pohodlne padol do ruky, tak\u017ee je ide\u00e1lny na dlhodob\u00e9 pou\u017e\u00edvanie bez nepr\u00edjemn\u00fdch pocitov. M\u00f4\u017ee sa pochv\u00e1li\u0165 vysoko citliv\u00fdm hrotom citliv\u00fdm na tlak 4096, ktor\u00fd je vyroben\u00fd z m\u00e4kkej a pru\u017enej gumy, v\u010faka \u010domu je ka\u017ed\u00fd \u0165ah presn\u00fd a citliv\u00fd ako pero na papieri. T\u00e1to \u00farove\u0148 presnosti je ide\u00e1lna na \u0161irok\u00fa \u0161k\u00e1lu \u010dinnost\u00ed, od skicovania a \u00fapravy fotografi\u00ed a\u017e po detailn\u00fa pr\u00e1cu so \u0161tetcom a p\u00edsanie r\u00fdchlych pozn\u00e1mok.   <\/p>\n\n<p>Okrem presn\u00fdch funkci\u00ed je stylus GPD navrhnut\u00fd tak, aby udr\u017eiaval obrazovku v bezchybnom stave v\u010faka gumen\u00e9mu hrotu, ktor\u00fd chr\u00e1ni pred po\u0161kriaban\u00edm a ne\u010distotami. Je nielen funk\u010dn\u00fd, ale aj \u013eahk\u00fd a pohodlne prenosn\u00fd, doplnen\u00fd praktickou prackou na jednoduch\u00e9 pripevnenie k vrecku alebo kufr\u00edku &#8211; ide\u00e1lny pre zanepr\u00e1zdnen\u00fdch profesion\u00e1lov alebo tvorcov na cest\u00e1ch. Zlep\u0161ite svoje digit\u00e1lne interakcie, \u010di u\u017e sa pohybujete v aplik\u00e1ci\u00e1ch, zachyt\u00e1vate n\u00e1pady alebo sk\u00famate svoju umeleck\u00fa str\u00e1nku, pomocou stylusu GPD &#8211; dokonalej kombin\u00e1cie praktick\u00e9ho a inovat\u00edvneho dizajnu.<\/p>\n","protected":false},"excerpt":{"rendered":"<ul>\n<li>Funguje s<strong> GPD Pocket 3 a<\/strong> <strong> GPD WIN MAX 2<\/strong><\/li>\n<li><strong>4096-\u00farov\u0148ov\u00e1<\/strong> citlivos\u0165 na tlak<\/li>\n<li>Elegantn\u00fd a ergonomick\u00fd<\/li>\n<li>Kovov\u00e1<strong> pracka<\/strong><\/li>\n<li>P\u00edsanie pozn\u00e1mok a zad\u00e1vanie znakov<\/li>\n<\/ul>\n<p> [cg_accordion title=\"INFORM\u00c1CIE O PLATBE\"] Pou\u017e\u00edvame najnov\u0161iu technol\u00f3giu spracovania platieb, ktor\u00e1 v\u00e1m umo\u017e\u0148uje vykona\u0165 platbu prostredn\u00edctvom Apple Pay, Google Pay, va\u0161ej debetnej\/kreditnej karty, PayPal alebo met\u00f3d BNPL, ako s\u00fa Klarna, Affirm alebo AfterPay, \u010do je r\u00fdchle a bezpe\u010dn\u00e9.[\/cg_accordion] [cg_accordion title=\"Z\u00c1RUKA\"] 2 roky z\u00e1ruky od spolo\u010dnosti <a href=\"https:\/\/droix.net\/\" target=\"_blank\" rel=\"nofollow noopener\">DROIX Global<\/a> pre v\u00e1\u0161 pokoj[\/cg_accordion] [cg_accordion title=\"PRICING, TAXES AND SHIPPING\"] <strong><u>Pozn:<\/u><\/strong><\/p>\n<ul>\n<li>Z\u00e1kazn\u00edci zo Spojen\u00fdch \u0161t\u00e1tov: Z\u00e1kazn\u00edci: Zobrazen\u00e1 cena nezah\u0155\u0148a da\u0148 ani clo. Zodpovednos\u0165 za coln\u00e9 konanie a zaplatenie akejko\u013evek s\u00favisiacej dane\/coln\u00e9ho poplatku nesie z\u00e1kazn\u00edk. <\/li>\n<li>Z\u00e1kazn\u00edci z E\u00da: V zobrazenej cene je zahrnut\u00e1 platn\u00e1 DA\u0147, ktor\u00e1 m\u00f4\u017ee by\u0165 a\u017e 25% v z\u00e1vislosti od va\u0161ej krajiny.<\/li>\n<li>Z\u00e1kazn\u00edci z Kanady: V z\u00e1vislosti od va\u0161ej provincie m\u00f4\u017ee zobrazen\u00e1 cena zah\u0155\u0148a\u0165 pr\u00edslu\u0161n\u00e9 dane, ktor\u00e9 m\u00f4\u017eu zah\u0155\u0148a\u0165 5% GST a \u010fal\u0161ie provin\u010dn\u00e9 dane z predaja (PST), harmonizovan\u00fa da\u0148 z predaja (HST) alebo quebeck\u00fa da\u0148 z predaja (QST).<\/li>\n<\/ul>\n<p><strong>Len pre z\u00e1kazn\u00edkov z E\u00da:<\/strong> Expresn\u00e9 DDP (Delivered Duty Paid). To znamen\u00e1: <\/p>\n<ul>\n<li style=\"list-style-type: none;\">\n<ul>\n<li>V\u0161etky cl\u00e1 a dane s\u00fa zahrnut\u00e9 v cene zobrazenej na str\u00e1nke produktu.<\/li>\n<li>Pri doru\u010den\u00ed nemus\u00edte plati\u0165 \u017eiadne \u010fal\u0161ie poplatky.<\/li>\n<li>V zriedkav\u00fdch pr\u00edpadoch probl\u00e9mov s\u00favisiacich s coln\u00fdmi z\u00e1le\u017eitos\u0165ami sa n\u00e1\u0161 t\u00edm postar\u00e1 o coln\u00e9 konanie vo va\u0161om mene, aby sme zabezpe\u010dili bezprobl\u00e9mov\u00e9 doru\u010denie.<\/li>\n<p>D\u00f4le\u017eit\u00e9 inform\u00e1cie o vr\u00e1ten\u00ed tovaru:<\/p>\n<li>Ak sa rozhodnete vr\u00e1ti\u0165 objedn\u00e1vku alebo po\u017eiada\u0165 o vr\u00e1tenie pe\u0148az\u00ed, majte na pam\u00e4ti, \u017ee dane a cl\u00e1 zaplaten\u00e9 vo va\u0161om mene pod\u013ea podmienok DDP nie je mo\u017en\u00e9 vr\u00e1ti\u0165.<\/li>\n<p>Pozrite si, pros\u00edm, n\u00e1\u0161<\/ul>\n<\/li>\n<\/ul>\n<p><a href=\"https:\/\/gpdstore.net\/sk\/terms-of-service\/\" target=\"_blank\" rel=\"nofollow noopener\">Podmienky a pravidl\u00e1<\/a><\/p>\n<ul>podrobnej\u0161ie inform\u00e1cie.<\/ul>\n<p>[\/cg_accordion] [cg_accordion title=\"Z\u00c1KAZN\u00cdCKA PODPORA\"]  M\u00e1te ot\u00e1zku? Od vyrie\u0161enia v\u00e1\u0161ho probl\u00e9mu n\u00e1s del\u00ed kr\u00e1tka textov\u00e1 spr\u00e1va!   [\/cg_accordion] [cg_accordion title=\"WHAT'S INCLUDED\"]<\/p>\n<ul>\n<li>1x stylus GPD<\/li>\n<\/ul>\n<p>[\/cg_accordion]<\/p>\n","protected":false},"featured_media":81188,"template":"","meta":{"_acf_changed":false},"product_brand":[],"product_cat":[5388],"product_tag":[15931,6097],"woo-feed-brand":[5731],"class_list":{"0":"post-81095","1":"product","2":"type-product","3":"status-publish","4":"has-post-thumbnail","6":"product_cat-prislusenstvo","7":"product_tag-15xmsale-sk","8":"product_tag-gpd-wm2-prislusenstvo","9":"product_shipping_class-low-end","10":"pa_accessory-type-stylus-sk","11":"pa_brand-gpd","12":"woo-feed-brand-gpd-sk","14":"first","15":"instock","16":"sale","17":"taxable","18":"shipping-taxable","19":"purchasable","20":"product-type-variable","21":"has-default-attributes"},"acf":[],"aioseo_notices":[],"_links":{"self":[{"href":"https:\/\/gpdstore.net\/sk\/wp-json\/wp\/v2\/product\/81095","targetHints":{"allow":["GET"]}}],"collection":[{"href":"https:\/\/gpdstore.net\/sk\/wp-json\/wp\/v2\/product"}],"about":[{"href":"https:\/\/gpdstore.net\/sk\/wp-json\/wp\/v2\/types\/product"}],"wp:featuredmedia":[{"embeddable":true,"href":"https:\/\/gpdstore.net\/sk\/wp-json\/wp\/v2\/media\/81188"}],"wp:attachment":[{"href":"https:\/\/gpdstore.net\/sk\/wp-json\/wp\/v2\/media?parent=81095"}],"wp:term":[{"taxonomy":"product_brand","embeddable":true,"href":"https:\/\/gpdstore.net\/sk\/wp-json\/wp\/v2\/product_brand?post=81095"},{"taxonomy":"product_cat","embeddable":true,"href":"https:\/\/gpdstore.net\/sk\/wp-json\/wp\/v2\/product_cat?post=81095"},{"taxonomy":"product_tag","embeddable":true,"href":"https:\/\/gpdstore.net\/sk\/wp-json\/wp\/v2\/product_tag?post=81095"},{"taxonomy":"woo-feed-brand","embeddable":true,"href":"https:\/\/gpdstore.net\/sk\/wp-json\/wp\/v2\/woo-feed-brand?post=81095"}],"curies":[{"name":"wp","href":"https:\/\/api.w.org\/{rel}","templated":true}]}}