{"id":808718,"date":"2024-11-21T09:56:41","date_gmt":"2024-11-21T09:56:41","guid":{"rendered":"https:\/\/gpdstore.net\/?post_type=product&#038;p=808718"},"modified":"2025-12-23T10:03:53","modified_gmt":"2025-12-23T10:03:53","slug":"gpd-duo-protective-case","status":"publish","type":"product","link":"https:\/\/gpdstore.net\/sk\/product\/gpd-duo-protective-case\/","title":{"rendered":"Ochrann\u00e9 puzdro GPD DUO"},"content":{"rendered":"\n<p>Chr\u00e1\u0148te svoje zariadenie GPD DUO \u0161t\u00fdlovo s <strong>ofici\u00e1lnym ochrann\u00fdm puzdrom GPD DUO<\/strong>. Toto elegantn\u00e9 a odoln\u00e9 puzdro navrhnut\u00e9 exkluz\u00edvne pre GPD DUO pon\u00faka dokonal\u00fa kombin\u00e1ciu funk\u010dnosti a ochrany. \u010ci u\u017e doch\u00e1dzate do pr\u00e1ce, cestujete, alebo jednoducho skladujete svoje zariadenie, toto puzdro zaist\u00ed, \u017ee va\u0161e zariadenie GPD DUO zostane v bezpe\u010d\u00ed.  <\/p>\n\n<p>Puzdro m\u00e1 <strong>pevn\u00fd textiln\u00fd exteri\u00e9r<\/strong>, ktor\u00fd chr\u00e1ni zariadenie pred vonkaj\u0161\u00edm po\u0161koden\u00edm, a <strong>m\u00e4kk\u00fd polstrovan\u00fd interi\u00e9r<\/strong>, ktor\u00fd chr\u00e1ni pred po\u0161kriaban\u00edm a n\u00e1razmi. V\u010faka kompaktn\u00e9mu dizajnu sa do neho \u013eahko zmest\u00ed va\u0161e zariadenie GPD DUO a z\u00e1rove\u0148 zostane miesto na nevyhnutn\u00e9 pr\u00edslu\u0161enstvo. <\/p>\n\n<p>Kufr\u00edk je vybaven\u00fd <strong>dvojit\u00fdmi rukov\u00e4\u0165ami na<\/strong> jednoduch\u00e9 pren\u00e1\u0161anie a <strong>nastavite\u013en\u00fdm ramenn\u00fdm popruhom<\/strong>, v\u010faka \u010domu ho m\u00f4\u017eete flexibilne nosi\u0165 tak, ako v\u00e1m to najviac vyhovuje. V\u010faka \u013eahkej kon\u0161trukcii je ide\u00e1lny pre pou\u017e\u00edvate\u013eov na cest\u00e1ch, ktor\u00ed chc\u00fa spo\u013eahliv\u00fa ochranu bez zbyto\u010dn\u00e9ho objemu. <\/p>\n\n<h3 class=\"wp-block-heading\"><strong>K\u013e\u00fa\u010dov\u00e9 vlastnosti:<\/strong><\/h3>\n\n<ul class=\"wp-block-list\">\n<li>Ofici\u00e1lny produkt GPD navrhnut\u00fd \u0161peci\u00e1lne pre GPD DUO<\/li>\n\n\n\n<li>Odoln\u00fd textiln\u00fd exteri\u00e9r pre zv\u00fd\u0161en\u00fa ochranu<\/li>\n\n\n\n<li>M\u00e4kk\u00fd, polstrovan\u00fd interi\u00e9r chr\u00e1ni zariadenie pred po\u0161kriaban\u00edm a n\u00e1razmi<\/li>\n\n\n\n<li>Dvojit\u00e9 rukov\u00e4te a nastavite\u013en\u00fd ramenn\u00fd popruh pre v\u0161estrann\u00e9 mo\u017enosti pren\u00e1\u0161ania<\/li>\n\n\n\n<li>Kompaktn\u00fd a \u013eahk\u00fd dizajn pre maxim\u00e1lnu prenosnos\u0165<\/li>\n<\/ul>\n\n<p>Svoje zariadenie GPD DUO si m\u00f4\u017eete vzia\u0165 kamko\u013evek s istotou, preto\u017ee viete, \u017ee je chr\u00e1nen\u00e9 puzdrom, ktor\u00e9 sp\u00e1ja praktickos\u0165, odolnos\u0165 a \u0161t\u00fdl.<\/p>\n\n<p><\/p>\n","protected":false},"excerpt":{"rendered":"<ul>\n<li>Ofici\u00e1lny produkt <strong>GPD<\/strong> <\/li>\n<li>Navrhnut\u00e9 \u0161peci\u00e1lne pre <strong>GPD DUO<\/strong><\/li>\n<li>Odoln\u00fd textiln\u00fd exteri\u00e9r pre zv\u00fd\u0161en\u00fa ochranu<\/li>\n<li>M\u00e4kk\u00e1, polstrovan\u00e1 vn\u00fatorn\u00e1 \u010das\u0165 zabra\u0148uje po\u0161kriabaniu a n\u00e1razom<\/li>\n<li>Obsahuje dvojit\u00e9 rukov\u00e4te a nastavite\u013en\u00fd ramenn\u00fd popruh pre v\u0161estrann\u00e9 mo\u017enosti pren\u00e1\u0161ania<\/li>\n<\/ul>\n[cg_accordion title=\"INFORM\u00c1CIE O PLATBE\"]<\/p>\n<p>Pou\u017e\u00edvame najnov\u0161iu technol\u00f3giu spracovania platieb, ktor\u00e1 v\u00e1m umo\u017e\u0148uje vykona\u0165 platbu prostredn\u00edctvom Apple Pay, Google Pay, va\u0161ej debetnej\/kreditnej karty, PayPal alebo met\u00f3d BNPL, ako s\u00fa Klarna, Affirm alebo AfterPay, \u010do je r\u00fdchle a bezpe\u010dn\u00e9.[\/cg_accordion]\n[cg_accordion title=\"Z\u00c1RUKA\"]<\/p>\n<p>2 roky z\u00e1ruky od spolo\u010dnosti <a href=\"https:\/\/droix.net\/\" target=\"_blank\" rel=\"nofollow noopener\">DROIX Global<\/a> pre v\u00e1\u0161 pokoj[\/cg_accordion]\n[cg_accordion title=\"CENY, DANE A DOPRAVA\"]<\/p>\n<p><strong><u>Pozn\u00e1mka:<\/u><\/strong><\/p>\n<ul>\n<li>Z\u00e1kazn\u00edci zo Spojen\u00fdch \u0161t\u00e1tov: Z\u00e1kazn\u00edci: Zobrazen\u00e1 cena nezah\u0155\u0148a da\u0148 ani clo. Zodpovednos\u0165 za coln\u00e9 konanie a zaplatenie akejko\u013evek s\u00favisiacej dane\/coln\u00e9ho poplatku nesie z\u00e1kazn\u00edk. <\/li>\n<li>Z\u00e1kazn\u00edci z E\u00da: V zobrazenej cene je zahrnut\u00e1 platn\u00e1 DA\u0147, ktor\u00e1 m\u00f4\u017ee by\u0165 a\u017e 25% v z\u00e1vislosti od va\u0161ej krajiny.<\/li>\n<li>Z\u00e1kazn\u00edci z Kanady: V z\u00e1vislosti od va\u0161ej provincie m\u00f4\u017ee zobrazen\u00e1 cena zah\u0155\u0148a\u0165 pr\u00edslu\u0161n\u00e9 dane, ktor\u00e9 m\u00f4\u017eu zah\u0155\u0148a\u0165 5% GST a \u010fal\u0161ie provin\u010dn\u00e9 dane z predaja (PST), harmonizovan\u00fa da\u0148 z predaja (HST) alebo quebeck\u00fa da\u0148 z predaja (QST).<\/li>\n<\/ul>\n<p><strong>Len pre z\u00e1kazn\u00edkov z E\u00da:<\/strong> Expresn\u00e9 DDP (Delivered Duty Paid). To znamen\u00e1: <\/p>\n<ul>\n<li>V\u0161etky cl\u00e1 a dane s\u00fa zahrnut\u00e9 v cene zobrazenej na str\u00e1nke produktu.<\/li>\n<li>Pri doru\u010den\u00ed nemus\u00edte plati\u0165 \u017eiadne \u010fal\u0161ie poplatky.<\/li>\n<li>V zriedkav\u00fdch pr\u00edpadoch probl\u00e9mov s\u00favisiacich s coln\u00fdmi z\u00e1le\u017eitos\u0165ami sa n\u00e1\u0161 t\u00edm postar\u00e1 o coln\u00e9 konanie vo va\u0161om mene, aby sme zabezpe\u010dili bezprobl\u00e9mov\u00e9 doru\u010denie.<\/li>\n<p>D\u00f4le\u017eit\u00e9 inform\u00e1cie o vr\u00e1ten\u00ed tovaru:<\/p>\n<li>Ak sa rozhodnete vr\u00e1ti\u0165 objedn\u00e1vku alebo po\u017eiada\u0165 o vr\u00e1tenie pe\u0148az\u00ed, majte na pam\u00e4ti, \u017ee dane a cl\u00e1 zaplaten\u00e9 vo va\u0161om mene pod\u013ea podmienok DDP nie je mo\u017en\u00e9 vr\u00e1ti\u0165.<\/li>\n<p>Podrobn\u00e9 inform\u00e1cie n\u00e1jdete v na\u0161ich <a href=\"https:\/\/gpdstore.net\/sk\/terms-of-service\/\" target=\"_blank\" rel=\"nofollow noopener\">zmluvn\u00fdch podmienkach<\/a>.\n<\/ul>\n<p>[\/cg_accordion]\n[cg_accordion title=\"Z\u00c1KAZN\u00cdCKA PODPORA\"]<\/p>\n<p>M\u00e1te ot\u00e1zku? Od vyrie\u0161enia v\u00e1\u0161ho probl\u00e9mu n\u00e1s del\u00ed kr\u00e1tka textov\u00e1 spr\u00e1va!<br \/>\n[\/cg_accordion]\n[cg_accordion title=\"\u010cO JE S\u00da\u010cAS\u0164OU BALENIA\"]<\/p>\n<ul>\n<li>1x puzdro GPD DUO<\/li>\n<\/ul>\n<p>[\/cg_accordion]\n","protected":false},"featured_media":818187,"template":"","meta":{"_acf_changed":false},"product_brand":[],"product_cat":[5388],"product_tag":[15761],"woo-feed-brand":[],"class_list":{"0":"post-808718","1":"product","2":"type-product","3":"status-publish","4":"has-post-thumbnail","6":"product_cat-prislusenstvo","7":"product_tag-20xmsale-sk-2","8":"product_shipping_class-low-end","9":"pa_accessory-type-ochranne-puzdro","10":"pa_brand-gpd","12":"first","13":"instock","14":"sale","15":"taxable","16":"shipping-taxable","17":"purchasable","18":"product-type-simple"},"acf":[],"aioseo_notices":[],"_links":{"self":[{"href":"https:\/\/gpdstore.net\/sk\/wp-json\/wp\/v2\/product\/808718","targetHints":{"allow":["GET"]}}],"collection":[{"href":"https:\/\/gpdstore.net\/sk\/wp-json\/wp\/v2\/product"}],"about":[{"href":"https:\/\/gpdstore.net\/sk\/wp-json\/wp\/v2\/types\/product"}],"wp:featuredmedia":[{"embeddable":true,"href":"https:\/\/gpdstore.net\/sk\/wp-json\/wp\/v2\/media\/818187"}],"wp:attachment":[{"href":"https:\/\/gpdstore.net\/sk\/wp-json\/wp\/v2\/media?parent=808718"}],"wp:term":[{"taxonomy":"product_brand","embeddable":true,"href":"https:\/\/gpdstore.net\/sk\/wp-json\/wp\/v2\/product_brand?post=808718"},{"taxonomy":"product_cat","embeddable":true,"href":"https:\/\/gpdstore.net\/sk\/wp-json\/wp\/v2\/product_cat?post=808718"},{"taxonomy":"product_tag","embeddable":true,"href":"https:\/\/gpdstore.net\/sk\/wp-json\/wp\/v2\/product_tag?post=808718"},{"taxonomy":"woo-feed-brand","embeddable":true,"href":"https:\/\/gpdstore.net\/sk\/wp-json\/wp\/v2\/woo-feed-brand?post=808718"}],"curies":[{"name":"wp","href":"https:\/\/api.w.org\/{rel}","templated":true}]}}