{"id":80185,"date":"2024-05-08T15:41:24","date_gmt":"2024-05-08T15:41:24","guid":{"rendered":"https:\/\/gpdstore.net\/nezaraden\u00e9\/dokovacia-stanica-gpd-win-4\/"},"modified":"2025-12-23T10:17:58","modified_gmt":"2025-12-23T10:17:58","slug":"gpd-win-4-docking-station","status":"publish","type":"product","link":"https:\/\/gpdstore.net\/sk\/product\/gpd-win-4-docking-station\/","title":{"rendered":"Dokovacia stanica GPD WIN 4"},"content":{"rendered":"\n<h3 class=\"wp-block-heading\"><strong>Preme\u0148te svoj GPD WIN 4 na stoln\u00fd po\u010d\u00edta\u010d pomocou ofici\u00e1lnej dokovacej stanice<\/strong><\/h3>\n\n<p>S dokovacou stanicou GPD WIN 4 pov\u00fd\u0161ite z\u00e1\u017eitok z vreckov\u00e9ho hrania na \u00farove\u0148 stoln\u00e9ho po\u010d\u00edta\u010da. Toto nevyhnutn\u00e9 pr\u00edslu\u0161enstvo nielen\u017ee roz\u0161iruje mo\u017enosti pripojenia, ale aj zlep\u0161uje funk\u010dnos\u0165 v\u00e1\u0161ho zariadenia a men\u00ed ho na plne vybaven\u00fd stoln\u00fd po\u010d\u00edta\u010d.<\/p>\n\n<h3 class=\"wp-block-heading\"><strong>Roz\u0161\u00edren\u00e9 pripojenie USB<\/strong><\/h3>\n\n<p>Dokovacia stanica GPD WIN 4 je vybaven\u00e1 tromi portami USB 3.2 Gen 2 typu A, ktor\u00e9 poskytuj\u00fa r\u00fdchlos\u0165 a\u017e 10 Gb\/s na pripojenie r\u00f4znych perif\u00e9rnych zariaden\u00ed, ako s\u00fa kl\u00e1vesnice, my\u0161i a vysokor\u00fdchlostn\u00e9 extern\u00e9 \u00falo\u017en\u00e9 zariadenia.<\/p>\n\n<p>Je tie\u017e vybaven\u00fd portom USB 3.2 Gen 2 typu C ur\u010den\u00fdm na r\u00fdchle nab\u00edjanie, ktor\u00fd podporuje v\u00fdkonn\u00e9 nab\u00edja\u010dky na r\u00fdchle dobitie v\u00e1\u0161ho zariadenia.<\/p>\n\n<h3 class=\"wp-block-heading\"><strong>Vynikaj\u00face mo\u017enosti zobrazenia<\/strong><\/h3>\n\n<p>Vychutnajte si obraz vo vysokom rozl\u00ed\u0161en\u00ed pripojen\u00edm zariadenia GPD WIN 4 k extern\u00e9mu monitoru alebo telev\u00edzoru prostredn\u00edctvom portu HDMI 2.0. Toto nastavenie v\u00e1m umo\u017e\u0148uje pou\u017e\u00edva\u0165 displej GPD WIN 4 ako sekund\u00e1rnu obrazovku a zv\u00fd\u0161i\u0165 tak produktivitu a z\u00e1\u017eitok z hrania hier v\u010faka funkci\u00e1m dvoch displejov.<\/p>\n\n<h3 class=\"wp-block-heading\"><strong>R\u00fdchle a bezpe\u010dn\u00e9 pripojenie na internet<\/strong><\/h3>\n\n<p>Dokovacia stanica obsahuje 1Gb\/s ethernetov\u00fd port RJ45, ktor\u00fd poskytuje r\u00fdchle a bezpe\u010dn\u00e9 pripojenie na streamovanie, hranie hier a d\u00e1tov\u00e9 prenosy, \u010d\u00edm prekon\u00e1va r\u00fdchlos\u0165 a zabezpe\u010denie bezdr\u00f4tov\u00e9ho pripojenia.<\/p>\n\n<h3 class=\"wp-block-heading\"><strong>Kompaktn\u00fd dizajn pre maxim\u00e1lnu prenosnos\u0165<\/strong><\/h3>\n\n<p>Dokovacia stanica GPD WIN 4 sa m\u00f4\u017ee pochv\u00e1li\u0165 kompaktn\u00fdmi rozmermi &#8211; m\u00e1 rozmery len 3,4 x 5,6 x 3,2 palca a v\u00e1\u017ei len 224 g. V\u010faka tomu je neuverite\u013ene prenosn\u00e1 a \u013eahko sa integruje do ak\u00e9hoko\u013evek pracovn\u00e9ho priestoru bez zbyto\u010dn\u00e9ho neporiadku. Jeho kon\u0161trukcia zah\u0155\u0148a odn\u00edmate\u013en\u00fa zadn\u00fa \u010das\u0165, ktor\u00e1 podporuje jednoduch\u00e9 pripojenie a prepravu dokovacej stanice a zariadenia.  <\/p>\n\n<p>Okrem toho kon\u0161trukcia dokovacej stanice ponech\u00e1va druh\u00fd port USB typu C na GPD WIN 4 vo\u013en\u00fd, \u010do v\u00e1m umo\u017e\u0148uje pripoji\u0165 v\u00fdkonn\u00e9 perif\u00e9rne zariadenia, napr\u00edklad extern\u00fd grafick\u00fd procesor, a e\u0161te viac tak roz\u0161\u00edri\u0165 va\u0161u zostavu.<\/p>\n\n<h3 class=\"wp-block-heading\"><strong>V\u00fdhody a nev\u00fdhody dokovacej stanice GPD WIN 4<\/strong><\/h3>\n\n<h3 class=\"wp-block-heading\"><strong>Klady:<\/strong><\/h3>\n\n<ul class=\"wp-block-list\">\n<li>Viacero portov USB 3.2 Gen 2 typu A pre r\u00f4zne perif\u00e9rne zariadenia<\/li>\n\n\n\n<li>V\u00fdstup HDMI 2.0 pre extern\u00e9 monitory alebo telev\u00edzory<\/li>\n\n\n\n<li>Vysokor\u00fdchlostn\u00fd 1Gbps Ethernet pre spo\u013eahliv\u00e9 pripojenie na internet<\/li>\n\n\n\n<li>Port USB typu C na r\u00fdchle nab\u00edjanie zariadenia<\/li>\n<\/ul>\n\n<h3 class=\"wp-block-heading\"><strong>Z\u00e1pory:<\/strong><\/h3>\n\n<ul class=\"wp-block-list\">\n<li>Ch\u00fdba \u010fal\u0161\u00ed port USB typu C na pripojenie perif\u00e9rnych zariaden\u00ed<\/li>\n<\/ul>\n\n<h3 class=\"wp-block-heading\"><strong>V\u00fdhody pou\u017e\u00edvania dokovacej stanice<\/strong><\/h3>\n\n<p>Dokovacia stanica zjednodu\u0161uje pr\u00e1cu t\u00fdm, \u017ee prostredn\u00edctvom jedn\u00e9ho k\u00e1bla prip\u00e1ja notebook k viacer\u00fdm perif\u00e9rnym zariadeniam. Pom\u00e1ha to nielen pri zmen\u0161ovan\u00ed pracovn\u00e9ho priestoru, ale aj pri zvy\u0161ovan\u00ed produktivity t\u00fdm, \u017ee umo\u017e\u0148uje nastavenie dvoch displejov. Okrem toho minimalizuje opotrebovanie portov zariadenia GPD WIN 4, preto\u017ee zni\u017euje potrebu \u010dast\u00e9ho prip\u00e1jania a odp\u00e1jania viacer\u00fdch k\u00e1blov.<\/p>\n\n<p>Investujte do dokovacej stanice GPD WIN 4 e\u0161te dnes, aby ste zmenili svoju hern\u00fa zostavu a zefekt\u00edvnili svoj pracovn\u00fd priestor, \u010d\u00edm sa z v\u00e1\u0161ho GPD WIN 4 stane nielen hern\u00fd gadget, ale aj komplexn\u00e1 pracovn\u00e1 stanica.<\/p>\n","protected":false},"excerpt":{"rendered":"<ul>\n<li>Ukladanie a nab\u00edjanie zariadenia <strong>GPD WIN 4<\/strong><\/li>\n<li>Preme\u0148te svoj vreckov\u00fd po\u010d\u00edta\u010d na <strong>stoln\u00fd po\u010d\u00edta\u010d<\/strong><\/li>\n<li>Pripojte v\u0161etky perif\u00e9rne zariadenia.<\/li>\n<li>Ofici\u00e1lna dokovacia stanica GPD ur\u010den\u00e1 pre <strong>GPD WIN 4<\/strong><\/li>\n<li>Mal\u00fd, \u013eahk\u00fd a vhodn\u00fd na cestovanie<\/li>\n<\/ul>\n[cg_accordion title=\"INFORM\u00c1CIE O PLATBE\"]<\/p>\n<p>Pou\u017e\u00edvame najnov\u0161iu technol\u00f3giu spracovania platieb, ktor\u00e1 v\u00e1m umo\u017e\u0148uje vykona\u0165 platbu prostredn\u00edctvom debetnej\/kreditnej karty alebo slu\u017eby PayPal, aby ste sa c\u00edtili r\u00fdchlo a bezpe\u010dne.[\/cg_accordion]\n[cg_accordion title=\"Z\u00c1RUKA\"]<\/p>\n<p>2 roky z\u00e1ruky od <a href=\"https:\/\/droix.net\/\" target=\"_blank\" rel=\"nofollow noopener\">spolo\u010dnosti DROIX Global pre<\/a> v\u00e1\u0161 pokoj[\/cg_accordion]\n[cg_accordion title=\"CENY, DANE A DOPRAVA\"]<\/p>\n<p><strong><u>Pozn\u00e1mka:<\/u><\/strong><br \/>\n &#8211; Z\u00e1kazn\u00edci zo Spojen\u00fdch \u0161t\u00e1tov: Zobrazen\u00e1 cena zah\u0155\u0148a v\u0161etky pr\u00edslu\u0161n\u00e9 dane.<br \/>\n &#8211; Z\u00e1kazn\u00edci z E\u00da: V zobrazenej cene je zahrnut\u00e1 platn\u00e1 DA\u0147, ktor\u00e1 m\u00f4\u017ee by\u0165 a\u017e 25 % v z\u00e1vislosti od va\u0161ej krajiny.<br \/>\n &#8211; Z\u00e1kazn\u00edci z Kanady: Zobrazen\u00e1 cena zah\u0155\u0148a pr\u00edslu\u0161n\u00e9 dane, ktor\u00e9 m\u00f4\u017eu zah\u0155\u0148a\u0165 5 % GST a \u010fal\u0161ie provin\u010dn\u00e9 dane z predaja (PST), harmonizovan\u00fa da\u0148 z predaja (HST) alebo quebeck\u00fa da\u0148 z predaja (QST) v z\u00e1vislosti od va\u0161ej provincie.[\/cg_accordion]\n[cg_accordion title=\"DOPRAVA A VR\u00c1TENIE TOVARU\"]<\/p>\n<p>Z\u00e1sielky organizuje spolo\u010dnos\u0165 <a href=\"https:\/\/droix.net\/\" target=\"_blank\" rel=\"nofollow noopener\">DroiX,<\/a> ofici\u00e1lny distrib\u00fator GPD, a zasielame ich pomocou slu\u017eby DHL Express DDP (Delivered Duty Paid). To znamen\u00e1: <\/p>\n<p>Expresn\u00e9 DDP (Delivered Duty Paid). To znamen\u00e1:<br \/>\n &#8211; V\u0161etky cl\u00e1 a dane s\u00fa zahrnut\u00e9 v cene zobrazenej na str\u00e1nke produktu.<br \/>\n &#8211; Pri doru\u010den\u00ed nemus\u00edte plati\u0165 \u017eiadne \u010fal\u0161ie poplatky.<br \/>\n &#8211; V zriedkav\u00fdch pr\u00edpadoch probl\u00e9mov s\u00favisiacich s coln\u00fdmi poplatkami sa n\u00e1\u0161 t\u00edm postar\u00e1 o coln\u00e9 konanie vo va\u0161om mene, aby sme zabezpe\u010dili bezprobl\u00e9mov\u00e9 doru\u010denie. <\/p>\n<p>D\u00f4le\u017eit\u00e9 inform\u00e1cie o vr\u00e1ten\u00ed tovaru:<br \/>\n &#8211; Ak sa rozhodnete vr\u00e1ti\u0165 objedn\u00e1vku alebo po\u017eiada\u0165 o vr\u00e1tenie pe\u0148az\u00ed, upozor\u0148ujeme, \u017ee dane a cl\u00e1 zaplaten\u00e9 vo va\u0161om mene pod\u013ea podmienok DDP nie je mo\u017en\u00e9 vr\u00e1ti\u0165.<\/p>\n<p>Podrobn\u00e9 inform\u00e1cie n\u00e1jdete v na\u0161ich <a href=\"https:\/\/gpdstore.net\/sk\/terms-of-service\/\" target=\"_blank\" rel=\"nofollow noopener\">zmluvn\u00fdch podmienkach<\/a>.[\/cg_accordion]\n[cg_accordion title=\"\u010cO JE S\u00da\u010cAS\u0164OU BALENIA\"]<\/p>\n<ul>\n<li>1x GPD WIN 4 Dock<\/li>\n<\/ul>\n<p>[\/cg_accordion]\n","protected":false},"featured_media":80260,"template":"","meta":{"_acf_changed":false},"product_brand":[],"product_cat":[5388],"product_tag":[6081],"woo-feed-brand":[5731],"class_list":{"0":"post-80185","1":"product","2":"type-product","3":"status-publish","4":"has-post-thumbnail","6":"product_cat-prislusenstvo","7":"product_tag-gpd-win-4-accessory-sk-2","8":"product_shipping_class-standard","10":"pa_accessory-type-dokovacia-stanica","11":"pa_brand-gpd","12":"woo-feed-brand-gpd-sk","14":"first","15":"outofstock","16":"taxable","17":"shipping-taxable","18":"purchasable","19":"product-type-variable","20":"has-default-attributes"},"acf":[],"aioseo_notices":[],"_links":{"self":[{"href":"https:\/\/gpdstore.net\/sk\/wp-json\/wp\/v2\/product\/80185","targetHints":{"allow":["GET"]}}],"collection":[{"href":"https:\/\/gpdstore.net\/sk\/wp-json\/wp\/v2\/product"}],"about":[{"href":"https:\/\/gpdstore.net\/sk\/wp-json\/wp\/v2\/types\/product"}],"wp:featuredmedia":[{"embeddable":true,"href":"https:\/\/gpdstore.net\/sk\/wp-json\/wp\/v2\/media\/80260"}],"wp:attachment":[{"href":"https:\/\/gpdstore.net\/sk\/wp-json\/wp\/v2\/media?parent=80185"}],"wp:term":[{"taxonomy":"product_brand","embeddable":true,"href":"https:\/\/gpdstore.net\/sk\/wp-json\/wp\/v2\/product_brand?post=80185"},{"taxonomy":"product_cat","embeddable":true,"href":"https:\/\/gpdstore.net\/sk\/wp-json\/wp\/v2\/product_cat?post=80185"},{"taxonomy":"product_tag","embeddable":true,"href":"https:\/\/gpdstore.net\/sk\/wp-json\/wp\/v2\/product_tag?post=80185"},{"taxonomy":"woo-feed-brand","embeddable":true,"href":"https:\/\/gpdstore.net\/sk\/wp-json\/wp\/v2\/woo-feed-brand?post=80185"}],"curies":[{"name":"wp","href":"https:\/\/api.w.org\/{rel}","templated":true}]}}