{"id":77521,"date":"2024-08-12T15:14:19","date_gmt":"2024-08-12T15:14:19","guid":{"rendered":"https:\/\/gpdstore.net\/nezaraden\u00e9\/droix-nh8-usb-hub-s-nvme\/"},"modified":"2025-12-23T10:14:36","modified_gmt":"2025-12-23T10:14:36","slug":"droix-nh8-nvme-usb-hub","status":"publish","type":"product","link":"https:\/\/gpdstore.net\/sk\/product\/droix-nh8-nvme-usb-hub\/","title":{"rendered":"DroiX NH8 USB Hub s NVMe"},"content":{"rendered":"\n<h3 class=\"wp-block-heading\">Predstavujeme rozbo\u010dova\u010d DroiX NH8 so slotom NVMe: va\u0161e dokonal\u00e9 rie\u0161enie pripojenia!<\/h3>\n\n<h3 class=\"wp-block-heading\">Bleskovo r\u00fdchly gigabitov\u00fd Ethernet<\/h3>\n\n<p>Vst\u00fapte do bud\u00facnosti internetov\u00e9ho pripojenia s rozbo\u010dova\u010dom DroiX NH8! Tento rozbo\u010dova\u010d s robustn\u00fdm gigabitov\u00fdm ethernetov\u00fdm portom RJ45 10\/100\/1000M poskytuje bleskur\u00fdchle, stabiln\u00e9 a mimoriadne spo\u013eahliv\u00e9 pripojenie k internetu. \u010ci u\u017e hr\u00e1te hry, streamujete alebo vediete d\u00f4le\u017eit\u00fd videohovor, za\u017eite plynul\u00fd v\u00fdkon bez oneskorenia, ktor\u00fd dok\u00e1\u017ee poskytn\u00fa\u0165 iba k\u00e1blov\u00e9 pripojenie. Rozl\u00fa\u010dte sa s probl\u00e9mami s Wi-Fi a priv\u00edtajte konzistentn\u00fd vysokor\u00fdchlostn\u00fd pr\u00edstup!   <\/p>\n\n<h3 class=\"wp-block-heading\">\u00dachvatn\u00fd v\u00fdstup videa<\/h3>\n\n<p>Zme\u0148te svoj vizu\u00e1lny z\u00e1\u017eitok v\u010faka podpore HDMI 2.0 v rozbo\u010dova\u010di DroiX NH8. \u010ci u\u017e sa ponor\u00edte do filmu v rozl\u00ed\u0161en\u00ed 4K, prezentujete klientovi alebo hr\u00e1te hry vo vysokom rozl\u00ed\u0161en\u00ed, rozbo\u010dova\u010d poskytuje ohromuj\u00faci obraz v rozl\u00ed\u0161en\u00ed 4096 \u00d7 2160 s plynulou obnovovacou frekvenciou 60 Hz. Pripravte sa, \u017ee v\u00e1s uchv\u00e1tia \u017eiv\u00e9 farby a ostr\u00e9 detaily, ktor\u00e9 v\u00e1s pohltia v ka\u017edom z\u00e1bere.  <\/p>\n\n<h3 class=\"wp-block-heading\">Roz\u0161\u00edrenie \u00falo\u017eiska bez n\u00e1mahy<\/h3>\n\n<p>Doch\u00e1dza v\u00e1m \u00falo\u017en\u00fd priestor? Rozbo\u010dova\u010d DroiX NH8 v\u00e1m pom\u00f4\u017ee. V\u010faka zabudovan\u00e9mu slotu PCIe NVMe nebolo roz\u0161\u00edrenie \u00falo\u017eiska nikdy jednoduch\u0161ie. Tento slot je ide\u00e1lny pre vysoko v\u00fdkonn\u00e9 aplik\u00e1cie alebo ve\u013ek\u00e9 \u00falo\u017eisk\u00e1 s\u00faborov a podporuje bleskovo r\u00fdchle prenosy d\u00e1t, \u010d\u00edm zabezpe\u010duje plynul\u00fd a efekt\u00edvny chod v\u00e1\u0161ho syst\u00e9mu. Prisp\u00f4sobte si \u00falo\u017eisko pod\u013ea svojich potrieb a udr\u017eujte zariadenie v \u010do najlep\u0161om v\u00fdkone.    <\/p>\n\n<h3 class=\"wp-block-heading\">Vysokor\u00fdchlostn\u00fd prenos \u00fadajov<\/h3>\n\n<p>Potrebujete bleskovo prenies\u0165 ve\u013ek\u00e9 s\u00fabory? Rozbo\u010dova\u010d DroiX NH8 je vybaven\u00fd portom USB typu A 3.0, ktor\u00fd poskytuje vysok\u00fa r\u00fdchlos\u0165 prenosu d\u00e1t, v\u010faka ktorej je spr\u00e1va s\u00faborov hra\u010dkou. \u010ci u\u017e prip\u00e1jate perif\u00e9rne zariadenia, nab\u00edjate zariadenia alebo pren\u00e1\u0161ate d\u00e1ta, tento rozbo\u010dova\u010d zabezpe\u010d\u00ed, \u017ee v\u0161etko prebehne r\u00fdchlo a efekt\u00edvne, \u010d\u00edm v\u00e1m u\u0161etr\u00ed drahocenn\u00fd \u010das.  <\/p>\n\n<h3 class=\"wp-block-heading\">Univerz\u00e1lna kompatibilita USB typu C<\/h3>\n\n<p>Rozbo\u010dova\u010d DroiX NH8 je vybaven\u00fd univerz\u00e1lnym k\u00e1blom USB typu C, ktor\u00fd pon\u00faka univerz\u00e1lnu kompatibilitu so \u0161irokou \u0161k\u00e1lou zariaden\u00ed. Tento univerz\u00e1lny k\u00e1bel podporuje nielen r\u00fdchly prenos d\u00e1t, ale aj efekt\u00edvne nab\u00edjanie, tak\u017ee je nevyhnutn\u00fdm spolo\u010dn\u00edkom pre va\u0161e potreby pripojenia. U\u017e \u017eiadne t\u00e1panie s viacer\u00fdmi k\u00e1blami &#8211; zosta\u0148te \u013eahko pripojen\u00ed.  <\/p>\n\n<h3 class=\"wp-block-heading\">Bezprobl\u00e9mov\u00fd pr\u00edstup k m\u00e9di\u00e1m<\/h3>\n\n<p>Pomocou integrovanej \u010d\u00edta\u010dky kariet SD v rozbo\u010dova\u010di DroiX NH8 m\u00f4\u017eete bez probl\u00e9mov pristupova\u0165 k m\u00e9di\u00e1m a pren\u00e1\u0161a\u0165 ich. T\u00e1to funkcia podporuje karty Micro SD aj SD a umo\u017e\u0148uje r\u00fdchle z\u00e1lohovanie alebo pr\u00edstup k va\u0161im s\u00faborom, \u010di u\u017e ide o fotografie, vide\u00e1 alebo d\u00f4le\u017eit\u00e9 dokumenty. Pohodlie e\u0161te nikdy nebolo tak\u00e9 dostupn\u00e9.  <\/p>\n\n<h3 class=\"wp-block-heading\">Bezkonkuren\u010dn\u00e1 v\u0161estrannos\u0165<\/h3>\n\n<p>To, \u010do skuto\u010dne odli\u0161uje rozbo\u010dova\u010d DroiX NH8, je jeho bezkonkuren\u010dn\u00e1 v\u0161estrannos\u0165. Tento rozbo\u010dova\u010d je navrhnut\u00fd na bezprobl\u00e9mov\u00fa spolupr\u00e1cu so \u0161irokou \u0161k\u00e1lou zariaden\u00ed USB typu C &#8211; \u010di u\u017e ide o po\u010d\u00edta\u010de, minipo\u010d\u00edta\u010de, notebooky, prenosn\u00e9 hern\u00e9 zariadenia alebo in\u00e9 &#8211; a prisp\u00f4sob\u00ed sa va\u0161im potreb\u00e1m, pri\u010dom poskytuje \u0161pi\u010dkov\u00fd v\u00fdkon vo v\u0161etk\u00fdch oblastiach. Nie je to len rozbo\u010dova\u010d, je to v\u00fdkonn\u00fd zdroj pripojenia.  <\/p>\n\n<h3 class=\"wp-block-heading\">Z\u00e1ver: Zlep\u0161ite svoje sk\u00fasenosti s pripojen\u00edm<\/h3>\n\n<p>Rozbo\u010dova\u010d DroiX NH8 je viac ne\u017e len n\u00e1stroj na pripojenie; je to komplexn\u00e9 rie\u0161enie navrhnut\u00e9 tak, aby sp\u013a\u0148alo r\u00f4zne potreby dne\u0161n\u00fdch technicky zdatn\u00fdch pou\u017e\u00edvate\u013eov. Ka\u017ed\u00e1 funkcia je odrazom \u0161pi\u010dkov\u00e9ho dizajnu, v\u00fdnimo\u010dn\u00e9ho v\u00fdkonu a pokrokov\u00e9ho pr\u00edstupu k pripojeniu. Pozdvihnite svoje sk\u00fasenosti a preme\u0148te sp\u00f4sob, ak\u00fdm sa prip\u00e1jate, s rozbo\u010dova\u010dom DroiX NH8!  <\/p>\n\n<p>Viac inform\u00e1ci\u00ed n\u00e1jdete v na\u0161ej pr\u00edru\u010dke <strong>Za\u010d\u00edname s rozbo\u010dova\u010dom USB Droix NH8<\/strong>.<\/p>\n\n<p><\/p>\n","protected":false},"excerpt":{"rendered":"<ul>\n<li>DroiX<strong> NH8 <\/strong>USB Hub s NVMe<\/li>\n<li><strong>10\/100\/1000M<\/strong> Gigabit Ethernet<\/li>\n<li><strong>Zabudovan\u00fd slot PCIe NVMe na<\/strong> roz\u0161\u00edrenie \u00falo\u017eiska<\/li>\n<li><strong>V\u00fdstup na displej 4K<\/strong> cez HDMI<\/li>\n<li><strong>Slot na kartu MicroSD \/ SD<\/strong> &#8211; a\u017e 5 Gb\/s<\/li>\n<\/ul>\n[cg_accordion title=\"INFORM\u00c1CIE O PLATBE\"]<\/p>\n<p>Pou\u017e\u00edvame najnov\u0161iu technol\u00f3giu spracovania platieb, ktor\u00e1 v\u00e1m umo\u017e\u0148uje vykona\u0165 platbu prostredn\u00edctvom debetnej\/kreditnej karty alebo slu\u017eby PayPal, aby ste sa c\u00edtili r\u00fdchlo a bezpe\u010dne.[\/cg_accordion]\n[cg_accordion title=\"Z\u00c1RUKA\"]<\/p>\n<p>2 roky z\u00e1ruky od <a href=\"https:\/\/droix.net\/\" target=\"_blank\" rel=\"nofollow noopener\">spolo\u010dnosti DROIX Global pre<\/a> v\u00e1\u0161 pokoj[\/cg_accordion]\n[cg_accordion title=\"ZABEZPE\u010cENIE KVALITY A TESTOVANIE PRED ODOSLAN\u00cdM\"]<\/p>\n<p>Zabezpe\u010denie spokojnosti z\u00e1kazn\u00edkov na najvy\u0161\u0161ej \u00farovni: Pred odoslan\u00edm prech\u00e1dza ka\u017ed\u00e9 zariadenie pr\u00edsnym testovan\u00edm a viacbodovou kontrolou kvality. N\u00e1\u0161 \u0161pecializovan\u00fd t\u00edm overuje v\u00fdkon, funk\u010dnos\u0165 a integritu komponentov, aby sme v\u00e1m zaru\u010dili, \u017ee va\u0161e zariadenie GPD bude pri pr\u00edchode v perfektnom stave, \u010do v\u00e1m poskytne istotu a pokoj. [\/cg_accordion]\n[cg_accordion title=\"CENY, DANE A DOPRAVA\"]<\/p>\n<p><strong><u>Pozn\u00e1mka:<\/u><\/strong><\/p>\n<ul>\n<li>Z\u00e1kazn\u00edci zo Spojen\u00fdch \u0161t\u00e1tov: Z\u00e1kazn\u00edci: Zobrazen\u00e1 cena nezah\u0155\u0148a da\u0148 ani clo. Zodpovednos\u0165 za coln\u00e9 konanie a zaplatenie akejko\u013evek s\u00favisiacej dane\/coln\u00e9ho poplatku nesie z\u00e1kazn\u00edk. <\/li>\n<li>Z\u00e1kazn\u00edci z E\u00da: V zobrazenej cene je zahrnut\u00e1 platn\u00e1 DA\u0147, ktor\u00e1 m\u00f4\u017ee by\u0165 a\u017e 25% v z\u00e1vislosti od va\u0161ej krajiny.<\/li>\n<li>Z\u00e1kazn\u00edci z Kanady: V z\u00e1vislosti od va\u0161ej provincie m\u00f4\u017ee zobrazen\u00e1 cena zah\u0155\u0148a\u0165 pr\u00edslu\u0161n\u00e9 dane, ktor\u00e9 m\u00f4\u017eu zah\u0155\u0148a\u0165 5% GST a \u010fal\u0161ie provin\u010dn\u00e9 dane z predaja (PST), harmonizovan\u00fa da\u0148 z predaja (HST) alebo quebeck\u00fa da\u0148 z predaja (QST).<\/li>\n<\/ul>\n<p><strong>Len pre z\u00e1kazn\u00edkov z E\u00da:<\/strong> Expresn\u00e9 DDP (Delivered Duty Paid). To znamen\u00e1: <\/p>\n<ul>\n<li>V\u0161etky cl\u00e1 a dane s\u00fa zahrnut\u00e9 v cene zobrazenej na str\u00e1nke produktu.<\/li>\n<li>Pri doru\u010den\u00ed nemus\u00edte plati\u0165 \u017eiadne \u010fal\u0161ie poplatky.<\/li>\n<li>V zriedkav\u00fdch pr\u00edpadoch probl\u00e9mov s\u00favisiacich s coln\u00fdmi z\u00e1le\u017eitos\u0165ami sa n\u00e1\u0161 t\u00edm postar\u00e1 o coln\u00e9 konanie vo va\u0161om mene, aby sme zabezpe\u010dili bezprobl\u00e9mov\u00e9 doru\u010denie.<\/li>\n<p>D\u00f4le\u017eit\u00e9 inform\u00e1cie o vr\u00e1ten\u00ed tovaru:<\/p>\n<li>Ak sa rozhodnete vr\u00e1ti\u0165 objedn\u00e1vku alebo po\u017eiada\u0165 o vr\u00e1tenie pe\u0148az\u00ed, majte na pam\u00e4ti, \u017ee dane a cl\u00e1 zaplaten\u00e9 vo va\u0161om mene pod\u013ea podmienok DDP nie je mo\u017en\u00e9 vr\u00e1ti\u0165.<\/li>\n<p>Podrobn\u00e9 inform\u00e1cie n\u00e1jdete v na\u0161ich <a href=\"https:\/\/droix.net\/terms-and-conditions\/\" target=\"_blank\" rel=\"nofollow noopener\">zmluvn\u00fdch podmienkach<\/a>.\n<\/ul>\n<p>[\/cg_accordion]\n[cg_accordion title=\"Z\u00c1KAZN\u00cdCKA PODPORA\"]<\/p>\n<p>M\u00e1te ot\u00e1zku? Od vyrie\u0161enia v\u00e1\u0161ho probl\u00e9mu n\u00e1s del\u00ed kr\u00e1tka textov\u00e1 spr\u00e1va! <\/p>\n<p>Podrobn\u00e9 inform\u00e1cie n\u00e1jdete v na\u0161ich <a href=\"https:\/\/gpdstore.net\/sk\/terms-of-service\/\" target=\"_blank\" rel=\"nofollow noopener\">zmluvn\u00fdch podmienkach<\/a>.\n<\/ul>\n<p>[\/cg_accordion]\n[cg_accordion title=\"\u010cO JE S\u00da\u010cAS\u0164OU BALENIA\"]<\/p>\n<ul>\n<li>1x DroiX NH8 USB Hub s NVMe<\/li>\n<\/ul>\n<p>[\/cg_accordion]\n","protected":false},"featured_media":77571,"template":"","meta":{"_acf_changed":false},"product_brand":[],"product_cat":[5388],"product_tag":[14795,6014],"woo-feed-brand":[5443],"class_list":{"0":"post-77521","1":"product","2":"type-product","3":"status-publish","4":"has-post-thumbnail","6":"product_cat-prislusenstvo","7":"product_tag-40xmsale-sk","8":"product_tag-droix-hub-sk","9":"product_shipping_class-low-end","10":"pa_brand-droix","11":"pa_i-o-video-1x-hdmi-sk","12":"woo-feed-brand-droix-sk","14":"first","15":"outofstock","16":"sale","17":"taxable","18":"shipping-taxable","19":"purchasable","20":"product-type-variable","21":"has-default-attributes"},"acf":[],"aioseo_notices":[],"_links":{"self":[{"href":"https:\/\/gpdstore.net\/sk\/wp-json\/wp\/v2\/product\/77521","targetHints":{"allow":["GET"]}}],"collection":[{"href":"https:\/\/gpdstore.net\/sk\/wp-json\/wp\/v2\/product"}],"about":[{"href":"https:\/\/gpdstore.net\/sk\/wp-json\/wp\/v2\/types\/product"}],"wp:featuredmedia":[{"embeddable":true,"href":"https:\/\/gpdstore.net\/sk\/wp-json\/wp\/v2\/media\/77571"}],"wp:attachment":[{"href":"https:\/\/gpdstore.net\/sk\/wp-json\/wp\/v2\/media?parent=77521"}],"wp:term":[{"taxonomy":"product_brand","embeddable":true,"href":"https:\/\/gpdstore.net\/sk\/wp-json\/wp\/v2\/product_brand?post=77521"},{"taxonomy":"product_cat","embeddable":true,"href":"https:\/\/gpdstore.net\/sk\/wp-json\/wp\/v2\/product_cat?post=77521"},{"taxonomy":"product_tag","embeddable":true,"href":"https:\/\/gpdstore.net\/sk\/wp-json\/wp\/v2\/product_tag?post=77521"},{"taxonomy":"woo-feed-brand","embeddable":true,"href":"https:\/\/gpdstore.net\/sk\/wp-json\/wp\/v2\/woo-feed-brand?post=77521"}],"curies":[{"name":"wp","href":"https:\/\/api.w.org\/{rel}","templated":true}]}}