{"id":74487,"date":"2024-05-17T08:24:33","date_gmt":"2024-05-17T08:24:33","guid":{"rendered":"https:\/\/gpdstore.net\/nezaraden\u00e9\/dokovacia-stanica-gpd-g1-2023-egpu\/"},"modified":"2025-12-23T10:18:46","modified_gmt":"2025-12-23T10:18:46","slug":"gpd-g1-2023-egpu-docking-station","status":"publish","type":"product","link":"https:\/\/gpdstore.net\/sk\/product\/gpd-g1-2023-egpu-docking-station\/","title":{"rendered":"GPD G1 (2023) Dokovacia stanica eGPU"},"content":{"rendered":"\n<h3 class=\"wp-block-heading\">Predstavujeme GPD G1: Dokovacia stanica s extern\u00fdm GPU<\/h3>\n\n<p>Odomknite si dokonal\u00fd hern\u00fd z\u00e1\u017eitok s prelomovou dokovacou stanicou GPD G1. Toto inovat\u00edvne zariadenie je navrhnut\u00e9 tak, aby zv\u00fd\u0161ilo v\u00e1\u0161 hern\u00fd v\u00fdkon, a je kompatibiln\u00e9 s pripravovan\u00fdmi zariadeniami GPD WIN MAX 2 2023, GPD Mini a aktualizovan\u00fdm GPD WIN 4 2023 s podporou Oculink. V\u010faka kompatibilite s Oculink a USB 4.0 prin\u00e1\u0161a GPD G1 v\u0161estrannos\u0165 a pohodlie do va\u0161ej hernej zostavy.<\/p>\n\n<h3 class=\"wp-block-heading\">V\u00fdkonn\u00e1 grafick\u00e1 jednotka<\/h3>\n\n<p>Z\u00e1kladom dokovacej stanice GPD G1 je grafick\u00fd procesor AMD Radeon RX 7600M XT vyu\u017e\u00edvaj\u00faci najnov\u0161iu architekt\u00faru RDNA 3.0. Tento extern\u00fd grafick\u00fd procesor s pripojen\u00edm Oculink poskytuje ohromuj\u00face vizu\u00e1lne efekty a v\u00fdnimo\u010dn\u00fd v\u00fdkon. \u010ci u\u017e sk\u00famate roz\u013eahl\u00e9 svety, alebo ste v z\u00e1pale boja, GPD G1 sa postar\u00e1 o prec\u00edzne vykreslenie ka\u017ed\u00e9ho detailu. So z\u00e1kladn\u00fdm taktom 1500 MHz, hern\u00fdm taktom 2300 MHz a taktom boost 2615 MHz poskytuje GPD G1 v\u00fdkon potrebn\u00fd na ovl\u00e1dnutie akejko\u013evek hry.<\/p>\n\n<h3 class=\"wp-block-heading\">Plynul\u00e9 a citliv\u00e9 hranie<\/h3>\n\n<p>GPD G1 je vybaven\u00fd 8 GB pam\u00e4te GDDR6 RAM a podporuje bezprobl\u00e9mov\u00fd multitasking a plynul\u00e9 hranie hier. Takt pam\u00e4te 2250 MHz zaru\u010duje r\u00fdchle na\u010d\u00edtanie a minim\u00e1lne oneskorenie. Rozl\u00fa\u010dte sa so zasek\u00e1van\u00edm sn\u00edmkovej frekvencie a vychutnajte si nepreru\u0161ovan\u00e9 hern\u00e9 rel\u00e1cie. V\u010faka podpore USB 4.0 sp\u013a\u0148a GPD G1 va\u0161e hern\u00e9 po\u017eiadavky a poskytuje \u0161pi\u010dkov\u00fd v\u00fdkon pre va\u0161e ob\u013e\u00faben\u00e9 hry.<\/p>\n\n<h3 class=\"wp-block-heading\">Uvo\u013enite svoju konektivitu<\/h3>\n\n<p>Dokovacia stanica GPD G1 Dock pon\u00faka rozsiahle mo\u017enosti pripojenia s portami Oculink (SFF-8612) a USB 4, ktor\u00e9 zabezpe\u010duj\u00fa kompatibilitu so \u0161irokou \u0161k\u00e1lou zariaden\u00ed vr\u00e1tane Thunderbolt 3 a Thunderbolt 4. Jednoducho pripojte svoj GPD WIN MAX 2 2023, GPD Mini alebo aktualizovan\u00fd GPD WIN 4 cez Oculink a za\u017eite vylep\u0161en\u00e9 hranie. GPD G1 podporuje aj rozhranie USB 4, ktor\u00e9 umo\u017e\u0148uje vylep\u0161en\u00fa grafiku v r\u00f4znych syst\u00e9moch.<\/p>\n\n<h3 class=\"wp-block-heading\">Roz\u0161\u00edrte svoje vizu\u00e1lne obzory<\/h3>\n\n<p>Roz\u0161\u00edrte svoju vizu\u00e1lnu zostavu pomocou komplexnej ponuky video portov zariadenia GPD G1. V\u010faka portu HDMI 2.1 a dvom portom DisplayPort 1.4a m\u00f4\u017eete pripoji\u0165 a\u017e tri extern\u00e9 obrazovky a vychutna\u0165 si panoramatick\u00e9 hranie. Ponorte sa do akcie s GPD G1 eGPU a o\u017eivte svoje hry s jedine\u010dn\u00fdm realizmom.<\/p>\n\n<h3 class=\"wp-block-heading\">Bezprobl\u00e9mov\u00e9 prenosy \u00fadajov<\/h3>\n\n<p>Dokovacia stanica GPD G1 obsahuje tri porty USB 3.2 na jednoduch\u00e9 pripojenie perif\u00e9rnych zariaden\u00ed, v\u010faka ktor\u00fdm bude va\u0161a hern\u00e1 zostava preh\u013eadn\u00e1. Port SD 4.0 umo\u017e\u0148uje r\u00fdchly prenos s\u00faborov a pr\u00edstup k m\u00e9di\u00e1m. Pripojte sa k hostite\u013esk\u00e9mu zariadeniu USB4 a maximalizujte r\u00fdchlos\u0165 prenosu \u00fadajov.<\/p>\n\n<h3 class=\"wp-block-heading\">Efekt\u00edvne chladenie pre maxim\u00e1lny v\u00fdkon<\/h3>\n\n<p>Akt\u00edvny syst\u00e9m chladenia GPD G1 \u00fa\u010dinne odv\u00e1dza teplo a zabezpe\u010duje stabiln\u00e9 teploty GPU po\u010das intenz\u00edvnych hern\u00fdch rel\u00e1ci\u00ed. Rozl\u00fa\u010dte sa s prehrievan\u00edm a vychutnajte si nepreru\u0161ovan\u00e9 hranie v\u010faka mechanizmu vzduchov\u00e9ho chladenia, ktor\u00fd udr\u017eiava optim\u00e1lny v\u00fdkon syst\u00e9mu.<\/p>\n\n<h3 class=\"wp-block-heading\">Nekompromisn\u00e9 nap\u00e1janie<\/h3>\n\n<p>Dokovacia stanica GPD G1 obsahuje zabudovan\u00fd 240W zdroj GaN, ktor\u00fd poskytuje spo\u013eahliv\u00e9 nap\u00e1janie v\u00e1\u0161ho GPU. S celkov\u00fdm grafick\u00fdm v\u00fdkonom 120 W je GPD G1 optimalizovan\u00e1 na v\u00fdkonn\u00e9 hry, ktor\u00e9 vykres\u013euj\u00fa grafiku r\u00fdchlo a presne.<\/p>\n\n<h3 class=\"wp-block-heading\">Kompaktn\u00fd dizajn, ve\u013ek\u00fd v\u00fdkon<\/h3>\n\n<p>Napriek kompaktn\u00fdm rozmerom (225 \u00d7 111 \u00d7 30 mm) a n\u00edzkej hmotnosti (0,92 kg) m\u00e1 GPD G1 vysok\u00fd v\u00fdkon. \u010ci u\u017e doma, na cest\u00e1ch alebo na hern\u00fdch podujatiach, GPD G1 je prenosn\u00fd v\u00fdkonn\u00fd po\u010d\u00edta\u010d pre ka\u017ed\u00e9ho hern\u00e9ho nad\u0161enca.<\/p>\n\n<h3 class=\"wp-block-heading\">Z\u00e1ver<\/h3>\n\n<p>Dokovacia stanica GPD G1 eGPU je dokonal\u00fdm pr\u00edslu\u0161enstvom pre hr\u00e1\u010dov, ktor\u00ed h\u013eadaj\u00fa v\u00fdkon, v\u0161estrannos\u0165 a pohodlie. T\u00e1to dokovacia stanica je kompatibiln\u00e1 s pripravovan\u00fdmi GPD WIN MAX 2 2023, GPD Mini a aktualizovan\u00fdm GPD WIN 4 spolu s podporou Oculink a USB 4.0. Pon\u00faka bezkonkuren\u010dn\u00fa konektivitu. Grafick\u00fd procesor AMD Radeon RX 7600M XT zabezpe\u010duje dychber\u00face vizu\u00e1lne efekty a v\u00fdkon, zatia\u013e \u010do 8 GB pam\u00e4te GDDR6 RAM podporuje plynul\u00e9 a citliv\u00e9 hranie. Roz\u0161\u00edrte svoju vizu\u00e1lnu zostavu, vychutnajte si bezprobl\u00e9mov\u00e9 d\u00e1tov\u00e9 prenosy a vyu\u017eite v\u00fdhody \u00fa\u010dinn\u00e9ho chladenia a spo\u013eahliv\u00e9ho nap\u00e1jania. Pozdvihnite svoje hern\u00e9 z\u00e1\u017eitky s dokovacou stanicou GPD G1.    <\/p>\n\n<h3 class=\"wp-block-heading\">V\u00fdhody a nev\u00fdhody<\/h3>\n\n<p><strong>Klady:<\/strong><\/p>\n\n<ul class=\"wp-block-list\">\n<li><strong>V\u0161estrann\u00e1 kompatibilita:<\/strong> Podporuje GPD WIN MAX 2 2024, GPD Mini 2024, aktualizovan\u00e9 GPD WIN 4 2023 a Win 4 2024 a zariadenia USB 4, ktor\u00e9 pon\u00fakaj\u00fa vylep\u0161en\u00fa grafiku na viacer\u00fdch syst\u00e9moch.<\/li>\n\n\n\n<li><strong>V\u00fdkonn\u00e1 grafika:<\/strong> Obsahuje grafick\u00fd procesor AMD Radeon RX 7600M XT s architekt\u00farou RDNA 3.0, ktor\u00fd poskytuje v\u00fdnimo\u010dn\u00fa grafiku a plynul\u00e9 hranie.<\/li>\n\n\n\n<li><strong>Roz\u0161\u00edrite\u013en\u00e9 vizu\u00e1lne nastavenie:<\/strong> Viacer\u00e9 grafick\u00e9 a video porty vr\u00e1tane HDMI 2.1 a DP 1.4a podporuj\u00fa a\u017e tri extern\u00e9 obrazovky pre pohlcuj\u00faci hern\u00fd z\u00e1\u017eitok.<\/li>\n\n\n\n<li><strong>\u00da\u010dinn\u00fd chladiaci syst\u00e9m:<\/strong> Akt\u00edvny chladiaci mechanizmus zabra\u0148uje prehrievaniu a zabezpe\u010duje optim\u00e1lny v\u00fdkon po\u010das dlh\u00fdch hern\u00fdch rel\u00e1ci\u00ed.<\/li>\n\n\n\n<li><strong>Prenosn\u00fd a kompaktn\u00fd dizajn:<\/strong> V\u010faka kompaktn\u00fdm rozmerom a \u013eahkej kon\u0161trukcii je vysoko prenosn\u00fd, ide\u00e1lny pre hr\u00e1\u010dov na cest\u00e1ch.<\/li>\n<\/ul>\n\n<p><strong>Z\u00e1pory :<\/strong><\/p>\n\n<ul class=\"wp-block-list\">\n<li><strong>Obmedzen\u00e1 kompatibilita zna\u010dky:<\/strong> Kompatibilita so zariadeniami in\u00fdmi ako GPD a zariadeniami bez portov USB 4 m\u00f4\u017ee by\u0165 obmedzen\u00e1.<\/li>\n\n\n\n<li><strong>Obmedzen\u00e9 mo\u017enosti GPU:<\/strong> Jedinou mo\u017enos\u0165ou GPU je AMD Radeon RX 7600M XT, \u010do nemus\u00ed uspokoji\u0165 pou\u017e\u00edvate\u013eov, ktor\u00ed h\u013eadaj\u00fa in\u00e9 alebo prisp\u00f4sobite\u013en\u00e9 mo\u017enosti GPU.<\/li>\n<\/ul>\n","protected":false},"excerpt":{"rendered":"<ul>\n<li>GPU: AMD Radeon\u2122<strong> RX 7600M XT<\/strong> eGPU<\/li>\n<li>KOMPATIBILITA:<strong> OCuLink, USB 4, Thunderbolt 3 a 4<\/strong><\/li>\n<li>OCULINK:<strong> Pripojenie PCI Express<\/strong><\/li>\n<li>USB 4:<strong> a\u017e 40 Gb\/s<\/strong><\/li>\n<li>ZARIADENIA GPD OCULINK: <strong>WIN 4 2023<\/strong>,<strong> WIN MAX 2 2023<\/strong> a<strong> WIN Mini<\/strong><\/li>\n<\/ul>\n[cg_accordion title=\"INFORM\u00c1CIE O PLATBE\"]<\/p>\n<p>Pou\u017e\u00edvame najnov\u0161iu technol\u00f3giu spracovania platieb, ktor\u00e1 v\u00e1m umo\u017e\u0148uje vykona\u0165 platbu prostredn\u00edctvom debetnej\/kreditnej karty alebo slu\u017eby PayPal, aby ste sa c\u00edtili r\u00fdchlo a bezpe\u010dne.[\/cg_accordion]\n[cg_accordion title=\"Z\u00c1RUKA\"]<\/p>\n<p>2 roky z\u00e1ruky od <a href=\"https:\/\/droix.net\/\" target=\"_blank\" rel=\"nofollow noopener\">spolo\u010dnosti DROIX Global pre<\/a> v\u00e1\u0161 pokoj[\/cg_accordion]\n[cg_accordion title=\"CENY, DANE A DOPRAVA\"]<\/p>\n<p><strong><u>Pozn\u00e1mka:<\/u><\/strong><\/p>\n<ul>\n<li>Z\u00e1kazn\u00edci zo Spojen\u00fdch \u0161t\u00e1tov: Z\u00e1kazn\u00edci: Zobrazen\u00e1 cena nezah\u0155\u0148a da\u0148 ani clo. Zodpovednos\u0165 za coln\u00e9 konanie a zaplatenie akejko\u013evek s\u00favisiacej dane\/coln\u00e9ho poplatku nesie z\u00e1kazn\u00edk. <\/li>\n<li>Z\u00e1kazn\u00edci z E\u00da: V zobrazenej cene je zahrnut\u00e1 platn\u00e1 DA\u0147, ktor\u00e1 m\u00f4\u017ee by\u0165 a\u017e 25% v z\u00e1vislosti od va\u0161ej krajiny.<\/li>\n<li>Z\u00e1kazn\u00edci z Kanady: V z\u00e1vislosti od va\u0161ej provincie m\u00f4\u017ee zobrazen\u00e1 cena zah\u0155\u0148a\u0165 pr\u00edslu\u0161n\u00e9 dane, ktor\u00e9 m\u00f4\u017eu zah\u0155\u0148a\u0165 5% GST a \u010fal\u0161ie provin\u010dn\u00e9 dane z predaja (PST), harmonizovan\u00fa da\u0148 z predaja (HST) alebo quebeck\u00fa da\u0148 z predaja (QST).<\/li>\n<\/ul>\n<p><strong>Len pre z\u00e1kazn\u00edkov z E\u00da:<\/strong> Expresn\u00e9 DDP (Delivered Duty Paid). To znamen\u00e1: <\/p>\n<ul>\n<li>V\u0161etky cl\u00e1 a dane s\u00fa zahrnut\u00e9 v cene zobrazenej na str\u00e1nke produktu.<\/li>\n<li>Pri doru\u010den\u00ed nemus\u00edte plati\u0165 \u017eiadne \u010fal\u0161ie poplatky.<\/li>\n<li>V zriedkav\u00fdch pr\u00edpadoch probl\u00e9mov s\u00favisiacich s coln\u00fdmi z\u00e1le\u017eitos\u0165ami sa n\u00e1\u0161 t\u00edm postar\u00e1 o coln\u00e9 konanie vo va\u0161om mene, aby sme zabezpe\u010dili bezprobl\u00e9mov\u00e9 doru\u010denie.<\/li>\n<p>D\u00f4le\u017eit\u00e9 inform\u00e1cie o vr\u00e1ten\u00ed tovaru:<\/p>\n<li>Ak sa rozhodnete vr\u00e1ti\u0165 objedn\u00e1vku alebo po\u017eiada\u0165 o vr\u00e1tenie pe\u0148az\u00ed, majte na pam\u00e4ti, \u017ee dane a cl\u00e1 zaplaten\u00e9 vo va\u0161om mene pod\u013ea podmienok DDP nie je mo\u017en\u00e9 vr\u00e1ti\u0165.<\/li>\n<p>Podrobn\u00e9 inform\u00e1cie n\u00e1jdete v na\u0161ich <a href=\"https:\/\/droix.net\/terms-and-conditions\/\" target=\"_blank\" rel=\"nofollow noopener\">zmluvn\u00fdch podmienkach<\/a>.\n<\/ul>\n<p>[\/cg_accordion]\n[cg_accordion title=\"Z\u00c1KAZN\u00cdCKA PODPORA\"]<\/p>\n<p>M\u00e1te ot\u00e1zku? Od vyrie\u0161enia v\u00e1\u0161ho probl\u00e9mu n\u00e1s del\u00ed kr\u00e1tka textov\u00e1 spr\u00e1va! [\/cg_accordion]\n<p>Podrobn\u00e9 inform\u00e1cie n\u00e1jdete v na\u0161ich <a href=\"https:\/\/gpdstore.net\/sk\/terms-of-service\/\" target=\"_blank\" rel=\"nofollow noopener\">zmluvn\u00fdch podmienkach<\/a>.\n<\/ul>\n<p>[\/]<\/p>\n[cg_accordion title=\"\u010cO JE S\u00da\u010cAS\u0164OU BALENIA\"]<\/p>\n<ul>\n<li>1x GPD G1 2023<\/li>\n<li>1x nap\u00e1jac\u00ed adapt\u00e9r<\/li>\n<li>1x k\u00e1bel USB typu C<\/li>\n<li>1x u\u017e\u00edvate\u013esk\u00e1 pr\u00edru\u010dka<\/li>\n<\/ul>\n<p>[\/cg_accordion]\n","protected":false},"featured_media":74622,"template":"","meta":{"_acf_changed":false},"product_brand":[],"product_cat":[5388],"product_tag":[17957,5940],"woo-feed-brand":[5731],"class_list":{"0":"post-74487","1":"product","2":"type-product","3":"status-publish","4":"has-post-thumbnail","6":"product_cat-prislusenstvo","7":"product_tag-10bfsale-sk","8":"product_tag-gpd-g1-sk","9":"product_shipping_class-premium","10":"pa_brand-biwin","11":"pa_brand-droix","12":"pa_brand-gpd","13":"pa_brand-gulikit","14":"pa_graphics-gpu-model-radeon-rx-7600m-xt-sk","15":"pa_i-o-video-1x-oculink-sk","16":"pa_i-o-video-cez-1x-usb-4-0-type-c-40gb-s","17":"woo-feed-brand-gpd-sk","19":"first","20":"outofstock","21":"sale","22":"taxable","23":"shipping-taxable","24":"purchasable","25":"product-type-variable","26":"has-default-attributes"},"acf":[],"aioseo_notices":[],"_links":{"self":[{"href":"https:\/\/gpdstore.net\/sk\/wp-json\/wp\/v2\/product\/74487","targetHints":{"allow":["GET"]}}],"collection":[{"href":"https:\/\/gpdstore.net\/sk\/wp-json\/wp\/v2\/product"}],"about":[{"href":"https:\/\/gpdstore.net\/sk\/wp-json\/wp\/v2\/types\/product"}],"wp:featuredmedia":[{"embeddable":true,"href":"https:\/\/gpdstore.net\/sk\/wp-json\/wp\/v2\/media\/74622"}],"wp:attachment":[{"href":"https:\/\/gpdstore.net\/sk\/wp-json\/wp\/v2\/media?parent=74487"}],"wp:term":[{"taxonomy":"product_brand","embeddable":true,"href":"https:\/\/gpdstore.net\/sk\/wp-json\/wp\/v2\/product_brand?post=74487"},{"taxonomy":"product_cat","embeddable":true,"href":"https:\/\/gpdstore.net\/sk\/wp-json\/wp\/v2\/product_cat?post=74487"},{"taxonomy":"product_tag","embeddable":true,"href":"https:\/\/gpdstore.net\/sk\/wp-json\/wp\/v2\/product_tag?post=74487"},{"taxonomy":"woo-feed-brand","embeddable":true,"href":"https:\/\/gpdstore.net\/sk\/wp-json\/wp\/v2\/woo-feed-brand?post=74487"}],"curies":[{"name":"wp","href":"https:\/\/api.w.org\/{rel}","templated":true}]}}