{"id":66234,"date":"2024-05-17T08:45:56","date_gmt":"2024-05-17T08:45:56","guid":{"rendered":"https:\/\/gpdstore.net\/nezaraden\u00e9\/herny-prenosny-pocitac-gpd-win-3\/"},"modified":"2025-12-23T10:20:14","modified_gmt":"2025-12-23T10:20:14","slug":"gpd-win-3","status":"publish","type":"product","link":"https:\/\/gpdstore.net\/sk\/product\/gpd-win-3\/","title":{"rendered":"GPD WIN 3 Hern\u00fd prenosn\u00fd po\u010d\u00edta\u010d"},"content":{"rendered":"\n<h3 class=\"wp-block-heading\"><br\/>Predstavujeme GPD WIN 3: Nov\u00e1 defin\u00edcia vreckov\u00fdch hern\u00fdch po\u010d\u00edta\u010dov<\/h3>\n\n<p>V\u00edtajte na \u010dele vreckov\u00fdch hier s GPD WIN 3. Toto zariadenie predstavuje ve\u013ek\u00fd skok vpred vprenosn\u00fdch hern\u00fdch technol\u00f3gi\u00e1ch, prin\u00e1\u0161a bezkonkuren\u010dn\u00fd v\u00fdkon, inovat\u00edvny dizajn a\u00fapln\u00fa mobilitu. GPD WIN 3 je navrhnut\u00fd pre hr\u00e1\u010dov, ktor\u00ed vy\u017eaduj\u00fa dokonalos\u0165, a sp\u00e1ja v\u00fdkon stoln\u00e9ho hern\u00e9ho po\u010d\u00edta\u010da s pohodl\u00edm vreckov\u00e9ho zariadenia. \u010ci u\u017e ste doma, na cest\u00e1ch, alebo na cest\u00e1ch, s po\u010d\u00edta\u010dom GPD WIN 3 m\u00e1te svoje ob\u013e\u00faben\u00e9 hry na dosah ruky, len s vys\u00favacou kl\u00e1vesnicou. Za\u017eite spojenie pohodlia a vysok\u00e9ho v\u00fdkonu a objavte nov\u00fa \u00e9ru hrania s GPD WIN 3.<\/p>\n\n<h3 class=\"wp-block-heading\">Preh\u013ead produktov: Vrchol prenosn\u00e9ho hrania<\/h3>\n\n<p>GPD WIN 3 predstavuje najnov\u0161\u00ed pokrok v oblasti vreckov\u00fdch hern\u00fdch technol\u00f3gi\u00ed. Tento hern\u00fd po\u010d\u00edta\u010d s hmotnos\u0165ou len 560 g a rozmermi 198 mm x 92 mm x 27 mm je navrhnut\u00fd tak, aby sa v\u00e1m pohodlne zmestil do r\u00fak alebo do ta\u0161ky. Jeho elegantn\u00e1 v\u00fdsuvn\u00e1 kl\u00e1vesnica odha\u013euje nekone\u010dn\u00e9 hern\u00e9 mo\u017enosti, tak\u017ee je ide\u00e1lny na hranie na cest\u00e1ch alebo doma.<\/p>\n\n<p>GPD WIN 3 je poh\u00e1\u0148an\u00fd procesorom Intel Core i7-1195G7 a je navrhnut\u00fd tak, aby poskytoval v\u00fdnimo\u010dn\u00fd hern\u00fd z\u00e1\u017eitok. Jeho kompaktn\u00fd dizajn z neho rob\u00ed nielen hern\u00fd v\u00fdkon, ale aj v\u0161estrann\u00fd n\u00e1stroj do r\u00f4znych prostred\u00ed, \u010di u\u017e cestujete, alebo relaxujete doma.<\/p>\n\n<h3 class=\"wp-block-heading\">Podrobn\u00e9 vlastnosti: V\u00fdkon bez z\u00e1bran<\/h3>\n\n<p><strong>V\u00fdkon:<\/strong> GPD WIN 3 je vybaven\u00fd procesorom Intel Core i7-1195G7 a grafickou kartou Intel Iris Xe, \u010d\u00edm stanovuje nov\u00e9 meradlo pre v\u00fdkon vreckov\u00fdch hier. Tento procesor so 4 jadrami a 8 vl\u00e1knami dosahuj\u00facimi frekvenciu a\u017e 5,00 GHz s funkciou Turbo Boost zaru\u010duje vynikaj\u00faci v\u00fdkon. Integrovan\u00fd grafick\u00fd procesor s 96 exeku\u010dn\u00fdmi jednotkami poskytuje siln\u00e9 grafick\u00e9 mo\u017enosti a podporuje rozl\u00ed\u0161enie 4K pri 60 Hz.  <\/p>\n\n<p><strong>Pam\u00e4\u0165 a \u00falo\u017eisko:<\/strong> GPD WIN 3 je vybaven\u00fd 16 GB pam\u00e4te LPDDR4x-4266 RAM, \u010do zaru\u010duje r\u00fdchle na\u010d\u00edtanie hier a plynul\u00fd multitasking. Jeho 1 TB NVMe SSD pon\u00faka dostatok priestoru pre rozsiahlu kni\u017enicu hier a r\u00fdchle na\u010d\u00edtanie, aby boli va\u0161e ob\u013e\u00faben\u00e9 hry a aplik\u00e1cie pripraven\u00e9 na pr\u00e1cu. <\/p>\n\n<h3 class=\"wp-block-heading\">Sk\u00fasenosti pou\u017e\u00edvate\u013eov: Prisp\u00f4soben\u00e9 hr\u00e1\u010dom<\/h3>\n\n<p>Zariadenie GPD WIN 3 so syst\u00e9mom Windows podporuje \u0161irok\u00fa \u0161k\u00e1lu aplik\u00e1ci\u00ed, od najnov\u0161\u00edch hier AAA a\u017e po klasick\u00e9 tituly a ka\u017edodenn\u00e9 aplik\u00e1cie. Na 5,5-palcovom dotykovom displeji H-IPS s ostr\u00fdm rozl\u00ed\u0161en\u00edm 1280 \u00d7 720 pixelov a 268 PPI o\u017eije ka\u017ed\u00fd detail. Pripojenie je komplexn\u00e9 &#8211; Wi-Fi 6, Bluetooth 5.0 a viacero portov USB v\u00e1m zaru\u010dia, \u017ee budete pripojen\u00ed k hr\u00e1m a perif\u00e9rnym zariadeniam, nech ste kdeko\u013evek.<\/p>\n\n<h3 class=\"wp-block-heading\">Z\u00e1ver: Bud\u00facnos\u0165 hier je vo va\u0161ich ruk\u00e1ch<\/h3>\n\n<p>GPD WIN 3 je viac ne\u017e len prenosn\u00e9 hern\u00e9 zariadenie; je to vizion\u00e1rsky skok do bud\u00facnosti hrania. V\u010faka spojeniu v\u00fdkonn\u00e9ho hardv\u00e9ru s prenosn\u00fdm inovat\u00edvnym dizajnom pon\u00faka dokonal\u00fd hern\u00fd z\u00e1\u017eitok pre t\u00fdch, ktor\u00ed s\u00fa na cest\u00e1ch. Toto zariadenie nie je len krokom vpred, je to transforma\u010dn\u00fd skok do bud\u00facnosti hier.<\/p>\n","protected":false},"excerpt":{"rendered":"<ul>\n<li>Intel\u00ae<b> Core\u2122 i5-1135G7\/ i7-1165G7\/ i7-1195G7<\/b> s\/ <b>Intel Iris Xe Graphics<\/b><\/li>\n<li><strong>16 GB dvojkan\u00e1lovej<\/strong> pam\u00e4te LPDDR4x s frekvenciou 4266 MHz<\/li>\n<li><strong>1 TB<\/strong> vysokor\u00fdchlostn\u00fd PCI-E <strong>NVMe<\/strong> <strong> SSD<\/strong><\/li>\n<li><strong>Port Thunderbolt 4<\/strong><\/li>\n<li>Podpora <strong>WiFi 6<\/strong> a <strong>Bluetooth 5.1<\/strong> <\/li>\n<li><strong>Hern\u00fd vreckov\u00fd po\u010d\u00edta\u010d<\/strong> AAA<\/li>\n<\/ul>\n[cg_accordion title=\"INFORM\u00c1CIE O PLATBE\"]<\/p>\n<p>Pou\u017e\u00edvame najnov\u0161iu technol\u00f3giu spracovania platieb, ktor\u00e1 v\u00e1m umo\u017e\u0148uje vykona\u0165 platbu prostredn\u00edctvom Apple Pay, Google Pay, va\u0161ej debetnej\/kreditnej karty, PayPal alebo met\u00f3d BNPL, ako s\u00fa Klarna, Affirm alebo AfterPay, \u010do je r\u00fdchle a bezpe\u010dn\u00e9.[\/cg_accordion]\n[cg_accordion title=\"Z\u00c1RUKA\"]<\/p>\n<p>2 roky z\u00e1ruky od <a href=\"https:\/\/droix.net\/\" target=\"_blank\" rel=\"nofollow noopener\">spolo\u010dnosti DROIX Global pre<\/a> v\u00e1\u0161 pokoj[\/cg_accordion]\n[cg_accordion title=\"CENY, DANE A DOPRAVA\"]<\/p>\n<p><strong><u>Pozn\u00e1mka:<\/u><\/strong><\/p>\n<ul>\n<li>Z\u00e1kazn\u00edci zo Spojen\u00fdch \u0161t\u00e1tov: Z\u00e1kazn\u00edci: Zobrazen\u00e1 cena nezah\u0155\u0148a da\u0148 ani clo. Zodpovednos\u0165 za coln\u00e9 konanie a zaplatenie akejko\u013evek s\u00favisiacej dane\/coln\u00e9ho poplatku nesie z\u00e1kazn\u00edk. <\/li>\n<li>Z\u00e1kazn\u00edci z E\u00da: V zobrazenej cene je zahrnut\u00e1 platn\u00e1 DA\u0147, ktor\u00e1 m\u00f4\u017ee by\u0165 a\u017e 25% v z\u00e1vislosti od va\u0161ej krajiny.<\/li>\n<li>Z\u00e1kazn\u00edci z Kanady: V z\u00e1vislosti od va\u0161ej provincie m\u00f4\u017ee zobrazen\u00e1 cena zah\u0155\u0148a\u0165 pr\u00edslu\u0161n\u00e9 dane, ktor\u00e9 m\u00f4\u017eu zah\u0155\u0148a\u0165 5% GST a \u010fal\u0161ie provin\u010dn\u00e9 dane z predaja (PST), harmonizovan\u00fa da\u0148 z predaja (HST) alebo quebeck\u00fa da\u0148 z predaja (QST).<\/li>\n<\/ul>\n<p><strong>Len pre z\u00e1kazn\u00edkov z E\u00da:<\/strong> Expresn\u00e9 DDP (Delivered Duty Paid). To znamen\u00e1: <\/p>\n<ul>\n<li>V\u0161etky cl\u00e1 a dane s\u00fa zahrnut\u00e9 v cene zobrazenej na str\u00e1nke produktu.<\/li>\n<li>Pri doru\u010den\u00ed nemus\u00edte plati\u0165 \u017eiadne \u010fal\u0161ie poplatky.<\/li>\n<li>V zriedkav\u00fdch pr\u00edpadoch probl\u00e9mov s\u00favisiacich s coln\u00fdmi z\u00e1le\u017eitos\u0165ami sa n\u00e1\u0161 t\u00edm postar\u00e1 o coln\u00e9 konanie vo va\u0161om mene, aby sme zabezpe\u010dili bezprobl\u00e9mov\u00e9 doru\u010denie.<\/li>\n<p>D\u00f4le\u017eit\u00e9 inform\u00e1cie o vr\u00e1ten\u00ed tovaru:<\/p>\n<li>Ak sa rozhodnete vr\u00e1ti\u0165 objedn\u00e1vku alebo po\u017eiada\u0165 o vr\u00e1tenie pe\u0148az\u00ed, majte na pam\u00e4ti, \u017ee dane a cl\u00e1 zaplaten\u00e9 vo va\u0161om mene pod\u013ea podmienok DDP nie je mo\u017en\u00e9 vr\u00e1ti\u0165.<\/li>\n<p>Podrobn\u00e9 inform\u00e1cie n\u00e1jdete v na\u0161ich <a href=\"https:\/\/gpdstore.net\/sk\/terms-of-service\/\" target=\"_blank\" rel=\"nofollow noopener\">zmluvn\u00fdch podmienkach<\/a>.\n<\/ul>\n<p>[\/cg_accordion]\n[cg_accordion title=\"Z\u00c1KAZN\u00cdCKA PODPORA\"]<\/p>\n<p>M\u00e1te ot\u00e1zku? Od vyrie\u0161enia v\u00e1\u0161ho probl\u00e9mu n\u00e1s del\u00ed kr\u00e1tka textov\u00e1 spr\u00e1va!<br \/>\n[\/cg_accordion]\n[cg_accordion title=\"\u010cO JE S\u00da\u010cAS\u0164OU BALENIA\"]<\/p>\n<ul>\n<li>1x k\u00e1bel USB typu C<\/li>\n<li>1x nap\u00e1jac\u00ed adapt\u00e9r<\/li>\n<li>1x u\u017e\u00edvate\u013esk\u00e1 pr\u00edru\u010dka<\/li>\n<\/ul>\n<p>[\/cg_accordion]\n","protected":false},"featured_media":66329,"template":"","meta":{"_acf_changed":false},"product_brand":[],"product_cat":[5727],"product_tag":[5730],"woo-feed-brand":[5731],"class_list":{"0":"post-66234","1":"product","2":"type-product","3":"status-publish","4":"has-post-thumbnail","6":"product_cat-gpd-handheld-pc-na-hranie-hier","7":"product_tag-gpd-win-3-sk-2","8":"product_shipping_class-premium","9":"pa_bluetooth-5-1-sk","10":"pa_brand-gpd","11":"pa_graphics-gpu-model-grafika-intel-iris-xe","12":"pa_i-o-video-core-i7-1195g7-1x-cez-thunderbolt-4-usb-typu-c","13":"pa_memory-ram-capacity-16-gb-sk","14":"pa_memory-ram-technology-lpddr4x-sk","15":"pa_storage-capacity-1-tb-sk","16":"pa_storage-technology-pcie-gen-4-sk","17":"pa_wi-fi-wi-fi-6-sk","18":"woo-feed-brand-gpd-sk","20":"first","21":"outofstock","22":"taxable","23":"shipping-taxable","24":"purchasable","25":"product-type-variable","26":"has-default-attributes"},"acf":[],"aioseo_notices":[],"_links":{"self":[{"href":"https:\/\/gpdstore.net\/sk\/wp-json\/wp\/v2\/product\/66234","targetHints":{"allow":["GET"]}}],"collection":[{"href":"https:\/\/gpdstore.net\/sk\/wp-json\/wp\/v2\/product"}],"about":[{"href":"https:\/\/gpdstore.net\/sk\/wp-json\/wp\/v2\/types\/product"}],"wp:featuredmedia":[{"embeddable":true,"href":"https:\/\/gpdstore.net\/sk\/wp-json\/wp\/v2\/media\/66329"}],"wp:attachment":[{"href":"https:\/\/gpdstore.net\/sk\/wp-json\/wp\/v2\/media?parent=66234"}],"wp:term":[{"taxonomy":"product_brand","embeddable":true,"href":"https:\/\/gpdstore.net\/sk\/wp-json\/wp\/v2\/product_brand?post=66234"},{"taxonomy":"product_cat","embeddable":true,"href":"https:\/\/gpdstore.net\/sk\/wp-json\/wp\/v2\/product_cat?post=66234"},{"taxonomy":"product_tag","embeddable":true,"href":"https:\/\/gpdstore.net\/sk\/wp-json\/wp\/v2\/product_tag?post=66234"},{"taxonomy":"woo-feed-brand","embeddable":true,"href":"https:\/\/gpdstore.net\/sk\/wp-json\/wp\/v2\/woo-feed-brand?post=66234"}],"curies":[{"name":"wp","href":"https:\/\/api.w.org\/{rel}","templated":true}]}}