{"id":47450,"date":"2024-07-12T08:46:50","date_gmt":"2024-07-12T08:46:50","guid":{"rendered":"https:\/\/gpdstore.net\/nezaraden\u00e9\/prenosny-monitor-droix-pm13-2k\/"},"modified":"2025-09-15T21:33:17","modified_gmt":"2025-09-15T21:33:17","slug":"prenosny-monitor-droix-pm13-2k","status":"publish","type":"product","link":"https:\/\/gpdstore.net\/sk\/product\/prenosny-monitor-droix-pm13-2k\/","title":{"rendered":"Prenosn\u00fd monitor DroiX PM13 2K"},"content":{"rendered":"\n<figure class=\"wp-block-video\"><video controls=\"\" muted=\"\" poster=\"https:\/\/droix.net\/wp-content\/uploads\/2024\/03\/1.jpg\" src=\"https:\/\/droix.net\/wp-content\/uploads\/2024\/06\/pm131.mp4\"><\/video><\/figure>\n\n<div class=\"wp-block-columns is-layout-flex wp-container-core-columns-is-layout-28f84493 wp-block-columns-is-layout-flex\">\n<div class=\"wp-block-column is-layout-flow wp-block-column-is-layout-flow\" style=\"flex-basis:33.33%\">\n<figure class=\"wp-block-image size-large\"><a href=\"https:\/\/droix.net\/wp-content\/uploads\/2024\/03\/DROIX-S13-GENERIC-DONE-LISTING-IMAGE-1-1.png\"><img decoding=\"async\" src=\"https:\/\/droix.net\/wp-content\/uploads\/2024\/03\/DROIX-S13-GENERIC-DONE-LISTING-IMAGE-1-1-1024x1024.png\" alt=\"Obr&#xE1;zok prenosn&#xE9;ho monitora DroiX, 13-palcov&#xFD;, 2K, ve&#x13E;mi tenk&#xFD;, &#x13E;ahk&#xFD; a prenosn&#xFD;\" class=\"wp-image-175965\"\/><\/a><\/figure>\n<\/div>\n\n\n\n<div class=\"wp-block-column is-layout-flow wp-block-column-is-layout-flow\" style=\"flex-basis:66.66%\">\n<h2 class=\"wp-block-heading\"><strong>DroiX PM13 &#8211; 13,0-palcov\u00fd 4K ultratenk\u00fd prenosn\u00fd monitor<\/strong><\/h2>\n\n\n\n<p>DroiX PM13 je elegantn\u00fd a \u013eahk\u00fd 13&#8243; prenosn\u00fd monitor s rozl\u00ed\u0161en\u00edm 2K, ktor\u00fd v\u00e1\u017ei len 494 gramov. Je zasaden\u00fd do tenk\u00e9ho hlin\u00edkov\u00e9ho r\u00e1mu a m\u00e1 ultratenk\u00e9 0,11&#8243; r\u00e1m\u010deky, \u010d\u00edm majstrovsky sp\u00e1ja \u0161t\u00fdl s pohodl\u00edm. \u017diariv\u00fd displej IPS pon\u00faka bohat\u00e9 farby a \u0161irok\u00fd 170-stup\u0148ov\u00fd pozorovac\u00ed uhol, \u010d\u00edm prin\u00e1\u0161a podmaniv\u00fd vizu\u00e1lny z\u00e1\u017eitok. V\u010faka kompatibilite s mnoh\u00fdmi zariadeniami prostredn\u00edctvom rozhrania HDMI a USB-C je PM13 dokonalou univerz\u00e1lnou obrazovkou na vylep\u0161enie va\u0161ej zostavy, nech ste kdeko\u013evek.  <\/p>\n<\/div>\n<\/div>\n\n<div class=\"wp-block-columns is-layout-flex wp-container-core-columns-is-layout-28f84493 wp-block-columns-is-layout-flex\">\n<div class=\"wp-block-column is-layout-flow wp-block-column-is-layout-flow\">\n<h3 class=\"wp-block-heading\">Ide\u00e1lny prenosn\u00fd monitor pre prenosn\u00e9 po\u010d\u00edta\u010de<br\/><em>\u017eiadne kompromisy<\/em><\/h3>\n\n\n\n<p>Prenosn\u00fd monitor DroiX PM13 pon\u00faka v\u00fdnimo\u010dn\u00fd z\u00e1\u017eitok zo zobrazovania v\u010faka svojim vynikaj\u00facim funkci\u00e1m. V\u010faka vysok\u00e9mu jasu a podpore HDR zaru\u010duje jasn\u00fa vidite\u013enos\u0165 za ak\u00fdchko\u013evek sveteln\u00fdch podmienok. Stopercentn\u00e9 pokrytie priestoru sRGB a 16,7 mili\u00f3na farieb poskytuj\u00fa presn\u00fa presnos\u0165 farieb, ktor\u00e1 je k\u013e\u00fa\u010dov\u00e1 pri \u00faprave fotografi\u00ed a grafickom dizajne. Jeho rozl\u00ed\u0161enie 2K na 13-palcovej obrazovke zaru\u010duje vysok\u00fa hustotu pixelov a vytv\u00e1ra ostr\u00fd a \u017eiv\u00fd obraz pre text aj multim\u00e9di\u00e1. V\u010faka tomu je PM13 najlep\u0161ou vo\u013ebou pre profesion\u00e1lov aj nad\u0161encov.    <\/p>\n<\/div>\n\n\n\n<div class=\"wp-block-column is-layout-flow wp-block-column-is-layout-flow\">\n<figure class=\"wp-block-image size-full\"><a href=\"https:\/\/droix.net\/wp-content\/uploads\/2024\/03\/2.jpg\"><img decoding=\"async\" src=\"https:\/\/droix.net\/wp-content\/uploads\/2024\/03\/2.jpg\" alt=\"Vysokokvalitn&#xFD; prenosn&#xFD; displej DroiX PM13 s podporou HDR400, rozl&#xED;&#x161;en&#xED;m QHD 2160x1350 a 100 % pokryt&#xED;m sRGB\" class=\"wp-image-182193\"\/><\/a><\/figure>\n<\/div>\n<\/div>\n\n<div class=\"wp-block-columns is-layout-flex wp-container-core-columns-is-layout-28f84493 wp-block-columns-is-layout-flex\">\n<div class=\"wp-block-column is-layout-flow wp-block-column-is-layout-flow\">\n<figure class=\"wp-block-image size-full\"><a href=\"https:\/\/droix.net\/wp-content\/uploads\/2024\/07\/3-1.jpg\"><img decoding=\"async\" src=\"https:\/\/droix.net\/wp-content\/uploads\/2024\/07\/3-1.jpg\" alt=\"Prenosn&#xFD; monitor DroiX PM13, ktor&#xFD; bol vytvoren&#xFD; tak, aby nanovo definoval kompatibilitu a konektivitu so &#x161;irokou &#x161;k&#xE1;lou zariaden&#xED;. V&#x10F;aka robustnej podpore technol&#xF3;gi&#xED; USB a ActiveDP sa tento monitor bezprobl&#xE9;movo integruje s r&#xF4;znymi modern&#xFD;mi zariadeniami, od notebookov po smartf&#xF3;ny a &#x10F;al&#x161;ie. Monitor PM13 je navrhnut&#xFD; na bezprobl&#xE9;mov&#xFA; interakciu a spolupracuje so zariadeniami, ktor&#xE9; podporuj&#xFA; DisplayPort cez USB, maj&#xFA; porty USB Thunderbolt alebo sa riadia protokolom USB 4 na v&#xFD;stup videa. &#x10C;i u&#x17E; hr&#xE1;te hry na cest&#xE1;ch, zvy&#x161;ujete produktivitu alebo si u&#x17E;&#xED;vate multimedi&#xE1;lny obsah, monitor PM13 je va&#x161;&#xED;m dokonal&#xFD;m spolo&#x10D;n&#xED;kom, ktor&#xFD; pon&#xFA;ka bezkonkuren&#x10D;n&#xFA; flexibilitu a v&#xFD;kon v&#x161;ade, kde ho potrebujete   \" class=\"wp-image-182203\"\/><\/a><\/figure>\n<\/div>\n\n\n\n<div class=\"wp-block-column is-layout-flow wp-block-column-is-layout-flow\">\n<h3 class=\"wp-block-heading\">Prenosnos\u0165 a nap\u00e1janie<br\/><em>Kompatibilita<\/em><\/h3>\n\n\n\n<p>Spoznajte \u0161pi\u010dkov\u00fa v\u0161estrannos\u0165 prenosn\u00e9ho monitora DroiX PM13, ktor\u00fd bol navrhnut\u00fd tak, aby nanovo definoval kompatibilitu a mo\u017enosti pripojenia k \u0161irok\u00e9mu spektru zariaden\u00ed. V\u010faka robustnej podpore technol\u00f3gi\u00ed USB a ActiveDP sa tento monitor bezprobl\u00e9movo integruje s r\u00f4znymi modern\u00fdmi pr\u00edstrojmi, od notebookov po smartf\u00f3ny a \u010fal\u0161ie. <\/p>\n\n\n\n<p>Zariadenie PM13 je navrhnut\u00e9 na bezprobl\u00e9mov\u00fa interakciu a spolupracuje so zariadeniami, ktor\u00e9 podporuj\u00fa DisplayPort cez USB, maj\u00fa porty USB Thunderbolt alebo pou\u017e\u00edvaj\u00fa protokol USB 4 na v\u00fdstup videa. \u010ci u\u017e hr\u00e1te hry na cest\u00e1ch, zvy\u0161ujete produktivitu, alebo si u\u017e\u00edvate multimedi\u00e1lny obsah, PM13 je v\u00e1\u0161 dokonal\u00fd spolo\u010dn\u00edk, ktor\u00fd pon\u00faka bezkonkuren\u010dn\u00fa flexibilitu a v\u00fdkon, kdeko\u013evek ho potrebujete. <\/p>\n<\/div>\n<\/div>\n\n<div class=\"wp-block-columns is-layout-flex wp-container-core-columns-is-layout-28f84493 wp-block-columns-is-layout-flex\">\n<div class=\"wp-block-column is-layout-flow wp-block-column-is-layout-flow\">\n<h3 class=\"wp-block-heading\">Viac ako prenosn\u00fd monitor<br\/><em>Bohat\u00e9 funkcie<\/em><\/h3>\n\n\n\n<p>Prenosn\u00fd monitor DroiX PM13 sa m\u00f4\u017ee pochv\u00e1li\u0165 v\u0161estrann\u00fdm dizajnom so stojanom nastavite\u013en\u00fdm v uhle 180\u00b0, ktor\u00fd pou\u017e\u00edvate\u013eom umo\u017e\u0148uje nastavi\u0165 obrazovku do r\u00f4znych uhlov pre optim\u00e1lne pohodlie pri sledovan\u00ed. Okrem toho obsahuje integrovan\u00fa podporu dr\u017eiaka VESA 75&#215;75 mm, ktor\u00e1 umo\u017e\u0148uje flexibiln\u00fa mont\u00e1\u017e na kompatibiln\u00e9 ramen\u00e1 alebo stojany. Pre zvuk je PM13 vybaven\u00fd zabudovan\u00fdmi stereo reproduktormi, z ktor\u00fdch ka\u017ed\u00fd m\u00e1 v\u00fdkon 1,0 W. Hoci tieto reproduktory nie s\u00fa v\u00fdnimo\u010dne v\u00fdkonn\u00e9, pon\u00fakaj\u00fa pohodln\u00e9 zvukov\u00e9 rie\u0161enie bez potreby extern\u00fdch zariaden\u00ed.   <\/p>\n\n\n\n<h3 class=\"wp-block-heading\"><br\/><\/h3>\n<\/div>\n\n\n\n<div class=\"wp-block-column is-layout-flow wp-block-column-is-layout-flow\">\n<figure class=\"wp-block-image size-full\"><a href=\"https:\/\/droix.net\/wp-content\/uploads\/2024\/07\/4.jpg\"><img decoding=\"async\" src=\"https:\/\/droix.net\/wp-content\/uploads\/2024\/07\/4.jpg\" alt=\"Prenosn&#xFD; monitor DroiX PM13 je vybaven&#xFD; stojanom nastavite&#x13E;n&#xFD;m o 180&#xB0;, ktor&#xFD; umo&#x17E;&#x148;uje pou&#x17E;&#xED;vate&#x13E;om nastavi&#x165; obrazovku do r&#xF4;znych uhlov pre optim&#xE1;lne pohodlie pri sledovan&#xED;. Obsahuje integrovan&#xFA; podporu dr&#x17E;iaka VESA 75x75 mm na flexibiln&#xFA; mont&#xE1;&#x17E; na kompatibiln&#xE9; ramen&#xE1; alebo stojany. Monitor PM13 sa dod&#xE1;va aj so zabudovan&#xFD;mi stereof&#xF3;nnymi reproduktormi, ka&#x17E;d&#xFD; s v&#xFD;konom 1,0 W, ktor&#xE9; poskytuj&#xFA; pohodln&#xE9; zvukov&#xE9; rie&#x161;enie bez potreby extern&#xFD;ch zariaden&#xED;.  \" class=\"wp-image-182205\"\/><\/a><\/figure>\n<\/div>\n<\/div>\n\n<div class=\"wp-block-columns is-layout-flex wp-container-core-columns-is-layout-28f84493 wp-block-columns-is-layout-flex\">\n<div class=\"wp-block-column is-layout-flow wp-block-column-is-layout-flow\">\n<figure class=\"wp-block-image size-full\"><a href=\"https:\/\/droix.net\/wp-content\/uploads\/2024\/07\/5.jpg\"><img decoding=\"async\" src=\"https:\/\/droix.net\/wp-content\/uploads\/2024\/07\/5.jpg\" alt=\"Prenosn&#xFD; monitor DroiX PM13 je pr&#xED;kladom v&#x161;estrannosti s rozsiahlymi mo&#x17E;nos&#x165;ami kompatibility a pripojenia. Je vybaven&#xFD; &#x161;tyrmi re&#x17E;imami: Duplikovan&#xFD; re&#x17E;im na zrkadlenie obsahu, re&#x17E;im roz&#x161;&#xED;renia na roz&#x161;&#xED;renie pracovnej plochy, re&#x17E;im druhej obrazovky pre hern&#xE9; konzoly a re&#x17E;im na v&#xFD;&#x161;ku pre vertik&#xE1;lnu orient&#xE1;ciu. Ide&#xE1;lny pre profesion&#xE1;lov, hr&#xE1;&#x10D;ov a digit&#xE1;lnych nom&#xE1;dov, zvy&#x161;uje produktivitu a z&#xE1;bavu v r&#xF4;znych prostrediach  \" class=\"wp-image-182206\"\/><\/a><\/figure>\n<\/div>\n\n\n\n<div class=\"wp-block-column is-layout-flow wp-block-column-is-layout-flow\">\n<h3 class=\"wp-block-heading\">Roz\u0161\u00edrenie, duplik\u00e1cia, portr\u00e9t a \u010fal\u0161ie<br\/><em>Skuto\u010dn\u00e1 v\u0161estrannos\u0165<br\/><\/em><\/h3>\n\n\n\n<p>Prenosn\u00fd monitor DroiX PM13 je pr\u00edkladom v\u0161estrannosti v\u010faka \u0161irok\u00fdm mo\u017enostiam kompatibility a pripojenia. Pon\u00faka \u0161tyri v\u0161estrann\u00e9 re\u017eimy: Re\u017eim Duplicated na zrkadlenie obsahu, re\u017eim Extend na roz\u0161\u00edrenie pracovnej plochy, re\u017eim Second Screen na hern\u00e9 konzoly a re\u017eim Portrait na vertik\u00e1lnu orient\u00e1ciu. T\u00e1to prisp\u00f4sobivos\u0165 z neho rob\u00ed ide\u00e1lneho spolo\u010dn\u00edka pre profesion\u00e1lov, hr\u00e1\u010dov a digit\u00e1lnych nom\u00e1dov, ktor\u00fd zvy\u0161uje produktivitu a z\u00e1bavu v r\u00f4znych prostrediach.  <\/p>\n\n\n\n<p>4o<\/p>\n<\/div>\n<\/div>\n\n<figure class=\"wp-block-image aligncenter size-large\"><a href=\"https:\/\/droix.net\/wp-content\/uploads\/2024\/07\/7.jpg\"><img decoding=\"async\" src=\"https:\/\/droix.net\/wp-content\/uploads\/2024\/07\/7-1024x420.jpg\" alt=\"Bez probl&#xE9;mov pripojte svoj MacBook s rozhran&#xED;m Thunderbolt 3 alebo 4 k prenosn&#xE9;mu monitoru DroiX PM13 prostredn&#xED;ctvom portu Type-C s podporou re&#x17E;imu DP ALT-MODE. Toto pokro&#x10D;il&#xE9; pripojenie zabezpe&#x10D;uje prenos obrazu aj nap&#xE1;janie prostredn&#xED;ctvom jedin&#xE9;ho k&#xE1;bla Type-C, &#x10D;&#xED;m sa maximalizuje pohodlie a efektivita. \" class=\"wp-image-182195\"\/><\/a><\/figure>\n\n<p>Bez probl\u00e9mov pripojte svoj MacBook s rozhran\u00edm Thunderbolt 3 alebo 4 k prenosn\u00e9mu monitoru DroiX PM13 prostredn\u00edctvom portu Type-C s podporou re\u017eimu DP ALT-MODE. Toto pokro\u010dil\u00e9 pripojenie zabezpe\u010duje prenos obrazu aj nap\u00e1janie prostredn\u00edctvom jedin\u00e9ho k\u00e1bla Type-C, \u010d\u00edm sa maximalizuje pohodlie a efektivita. <\/p>\n\n<figure class=\"wp-block-image aligncenter size-large is-resized\"><a href=\"https:\/\/droix.net\/wp-content\/uploads\/2024\/03\/8.jpg\"><img decoding=\"async\" src=\"https:\/\/droix.net\/wp-content\/uploads\/2024\/03\/8-1024x420.jpg\" alt=\"Vyu&#x17E;ite pokro&#x10D;il&#xE9; mo&#x17E;nosti Thunderbolt 3, 4 alebo USB 3.1 DP ALT-MODE na svojom smartf&#xF3;ne a bezprobl&#xE9;movo sa pripojte k prenosn&#xE9;mu monitoru DroiX PM13 na v&#xFD;stup videa aj nap&#xE1;janie. Vyu&#x17E;ite port Type-C s podporou re&#x17E;imu DP ALT-MODE vo svojom smartf&#xF3;ne na zjednodu&#x161;enie pr&#xE1;ce s jedin&#xFD;m k&#xE1;blom, ktor&#xFD; zabezpe&#x10D;uje prenos videa a nap&#xE1;janie \" class=\"wp-image-182197\" style=\"width:900px;height:auto\"\/><\/a><\/figure>\n\n<p>Bez n\u00e1mahy pripojte svoj notebook so syst\u00e9mom Windows k prenosn\u00e9mu monitoru DroiX PM13 pomocou portov HDMI a Type-C na bezprobl\u00e9mov\u00fd prenos obrazu a nap\u00e1janie. Port Type-C podporuje nap\u00e1janie (PD), zatia\u013e \u010do port HDMI zabezpe\u010duje obrazov\u00fd v\u00fdstup s vysok\u00fdm rozl\u00ed\u0161en\u00edm, v\u010faka \u010domu si m\u00f4\u017eete bez probl\u00e9mov u\u017e\u00edva\u0165 vy\u0161\u0161iu produktivitu a z\u00e1bavu. <\/p>\n\n<figure class=\"wp-block-image aligncenter size-large\"><a href=\"https:\/\/droix.net\/wp-content\/uploads\/2024\/03\/9.jpg\"><img decoding=\"async\" src=\"https:\/\/droix.net\/wp-content\/uploads\/2024\/03\/9-1024x420.jpg\" alt=\"Vyu&#x17E;ite pokro&#x10D;il&#xE9; mo&#x17E;nosti Thunderbolt 3, 4 alebo USB 3.1 DP ALT-MODE na svojom smartf&#xF3;ne a bezprobl&#xE9;movo sa pripojte k prenosn&#xE9;mu monitoru DroiX PM13 na v&#xFD;stup videa aj nap&#xE1;janie. Vyu&#x17E;ite port Type-C s podporou re&#x17E;imu DP ALT-MODE vo svojom smartf&#xF3;ne na zjednodu&#x161;enie pr&#xE1;ce s jedin&#xFD;m k&#xE1;blom, ktor&#xFD; zabezpe&#x10D;uje prenos videa a nap&#xE1;janie \" class=\"wp-image-182198\"\/><\/a><\/figure>\n\n<p>Vyu\u017eite pokro\u010dil\u00e9 mo\u017enosti Thunderbolt 3, 4 alebo USB 3.1 DP ALT-MODE na svojom smartf\u00f3ne a bezprobl\u00e9movo sa pripojte k prenosn\u00e9mu monitoru DroiX PM13 na v\u00fdstup videa aj nap\u00e1janie. Vyu\u017eit\u00edm portu Type-C s podporou re\u017eimu DP ALT-MODE v smartf\u00f3ne si m\u00f4\u017eete vychutna\u0165 zjednodu\u0161en\u00fd z\u00e1\u017eitok s jedin\u00fdm k\u00e1blom, ktor\u00fd zvl\u00e1dne prenos videa aj nap\u00e1janie. <\/p>\n\n<figure class=\"wp-block-image aligncenter size-large\"><a href=\"https:\/\/droix.net\/wp-content\/uploads\/2024\/03\/11.jpg\"><img decoding=\"async\" src=\"https:\/\/droix.net\/wp-content\/uploads\/2024\/03\/11-1024x420.jpg\" alt=\"Prenosn&#xFD; monitor DroiX PM13 sa d&#xE1; pripoji&#x165; r&#xF4;znymi sp&#xF4;sobmi, napr&#xED;klad cez USB, ActiveDP, DisplayPort cez USB, porty USB Thunderbolt a protokol USB 4 na v&#xFD;stup videa, &#x10D;o zaru&#x10D;uje v&#x161;estrann&#xE9; mo&#x17E;nosti pripojenia.\" class=\"wp-image-182199\"\/><\/a><\/figure>\n\n<figure class=\"wp-block-image aligncenter size-large\"><a href=\"https:\/\/droix.net\/wp-content\/uploads\/2024\/03\/12.jpg\"><img decoding=\"async\" src=\"https:\/\/droix.net\/wp-content\/uploads\/2024\/03\/12-1024x420.jpg\" alt=\"&#x10C;asto kladen&#xE9; ot&#xE1;zky pre prenosn&#xFD; monitor DroiX PM13\" class=\"wp-image-182200\"\/><\/a><\/figure>\n\n<h3 class=\"wp-block-heading\"><strong>Z\u00e1ver<\/strong><\/h3>\n\n<p>Monitor DroiX PM13 nanovo definuje podstatu prenosn\u00fdch monitorov, preto\u017ee kombinuje vysok\u00e9 rozl\u00ed\u0161enie, vynikaj\u00facu prenosnos\u0165 a \u0161irok\u00fa kompatibilitu v elegantnom, pou\u017e\u00edvate\u013esky pr\u00edvetivom dizajne. Je vytvoren\u00fd pre t\u00fdch, ktor\u00ed odmietaj\u00fa robi\u0165 kompromisy v kvalite a funk\u010dnosti, a to aj na cest\u00e1ch. Prijmite bud\u00facnos\u0165 prenosn\u00fdch monitorov s monitorom DroiX PM13 a na vlastnej ko\u017ei za\u017eite dokonal\u00fa kombin\u00e1ciu inov\u00e1ci\u00ed a pohodlia.  <\/p>\n\n<p>Nenechajte si ujs\u0165 pr\u00edle\u017eitos\u0165 pov\u00fd\u0161i\u0165 svoj z\u00e1\u017eitok z pou\u017e\u00edvania prenosn\u00e9ho monitora DroiX PM13. Predobjednajte si ho teraz a zabezpe\u010dte si miesto medzi prv\u00fdmi, ktor\u00ed si bud\u00fa m\u00f4c\u0165 vychutna\u0165 toto prelomov\u00e9 zariadenie. Ke\u010f\u017ee dostupnos\u0165 je obmedzen\u00e1, m\u00e1te \u0161ancu predbehn\u00fa\u0165 sa a vysk\u00fa\u0161a\u0165 si \u0161pi\u010dkov\u00fa technol\u00f3giu prenosn\u00e9ho monitora. Objednajte si prenosn\u00fd monitor DroiX PM13 e\u0161te dnes!   <\/p>\n","protected":false},"excerpt":{"rendered":"<ul>\n<li>13&#8243; displej<strong> IPS<\/strong> s rozl\u00ed\u0161en\u00edm 2K<\/li>\n<li>100 % pokrytie<strong> sRGB<\/strong> <\/li>\n<li>Jas 450 <strong>nitov<\/strong> <\/li>\n<li>Dr\u017eiak<strong> VESA<\/strong> 75&#215;75 mm<\/li>\n<li> <strong> Zabudovan\u00e9<\/strong> reproduktory<\/li>\n<\/ul>\n<p> [cg_accordion title=\"INFORM\u00c1CIE O PLATBE\"] Pou\u017e\u00edvame najnov\u0161iu technol\u00f3giu spracovania platieb, ktor\u00e1 v\u00e1m umo\u017e\u0148uje vykona\u0165 platbu prostredn\u00edctvom debetnej\/kreditnej karty alebo slu\u017eby PayPal, aby ste sa c\u00edtili r\u00fdchlo a bezpe\u010dne.[\/cg_accordion] [cg_accordion title=\"Z\u00c1RUKA\"] 1 alebo 2 roky* z\u00e1ruky od spolo\u010dnosti <a href=\"https:\/\/droix.net\/\" target=\"_blank\" rel=\"nofollow noopener\">DroiX Global<\/a> pre v\u00e1\u0161 pokoj[\/cg_accordion] [cg_accordion title=\"DOPRAVA A DANE\"] <strong><u>Pozn\u00e1mka:<\/u><\/strong> Z\u00e1kazn\u00edci zo Spojen\u00fdch \u0161t\u00e1tov: Zobrazen\u00e1 cena zah\u0155\u0148a v\u0161etky pr\u00edslu\u0161n\u00e9 dane. Z\u00e1kazn\u00edci z E\u00da: V zobrazenej cene je zahrnut\u00e1 platn\u00e1 DA\u0147, ktor\u00e1 m\u00f4\u017ee by\u0165 a\u017e 25 % v z\u00e1vislosti od va\u0161ej krajiny. Z\u00e1kazn\u00edci z Kanady: Zobrazen\u00e1 cena zah\u0155\u0148a 5 % GST. Prepravu a vr\u00e1tenie tovaru zabezpe\u010duje spolo\u010dnos\u0165 <a href=\"https:\/\/droix.net\/\" target=\"_blank\" rel=\"nofollow noopener\">DroiX<\/a>, ofici\u00e1lny distrib\u00fator GPD. Pon\u00fakame r\u00fdchlu prepravu DHL Express DDP (Delivered Duty Paid). V\u0161etky cl\u00e1 a dane s\u00fa zahrnut\u00e9 v zobrazenej cene &#8211; pri doru\u010den\u00ed nebud\u00fa vy\u017eadovan\u00e9 \u017eiadne \u010fal\u0161ie platby. Ak sa vyskytn\u00fa ak\u00e9ko\u013evek coln\u00e9 probl\u00e9my, n\u00e1\u0161 t\u00edm sa postar\u00e1 o coln\u00e9 konanie vo va\u0161om mene. D\u00f4le\u017eit\u00e9: V pr\u00edpade vr\u00e1tenia tovaru a zmeny rozhodnutia nie je mo\u017en\u00e9 vr\u00e1ti\u0165 dane a cl\u00e1 zaplaten\u00e9 vo va\u0161om mene z d\u00f4vodu podmienok prepravy DDP. Podrobn\u00e9 inform\u00e1cie n\u00e1jdete v na\u0161ich <a href=\"https:\/\/gpdstore.net\/sk\/terms-of-service\/\" target=\"_blank\" rel=\"nofollow noopener\">obchodn\u00fdch podmienkach<\/a>.        [\/cg_accordion] [cg_accordion title=\"WHAT'S INCLUDED\"]<\/p>\n<ul>\n<li>1x prenosn\u00fd monitor DroiX PM13<\/li>\n<li>1x nap\u00e1jacia z\u00e1str\u010dka (E\u00da\/USA)<\/li>\n<li>1x k\u00e1bel HDMI<\/li>\n<li>1x k\u00e1bel USB typu C<\/li>\n<li>1x k\u00e1bel USB typu A na typ C<\/li>\n<li>1x ochrann\u00e9 puzdro<\/li>\n<li>1x u\u017e\u00edvate\u013esk\u00e1 pr\u00edru\u010dka<\/li>\n<\/ul>\n<p>[\/cg_accordion]<\/p>\n","protected":false},"featured_media":818501,"template":"","meta":{"_acf_changed":false},"product_brand":[],"product_cat":[5440],"product_tag":[12464,5442],"woo-feed-brand":[5443],"class_list":{"0":"post-47450","1":"product","2":"type-product","3":"status-publish","4":"has-post-thumbnail","6":"product_cat-prenosne-monitory","7":"product_tag-25bfsale-sk","8":"product_tag-droix-portable-monitor-sk","9":"product_shipping_class-low-end","10":"pa_brand-droix","11":"woo-feed-brand-droix-sk","13":"first","14":"instock","15":"sale","16":"taxable","17":"shipping-taxable","18":"purchasable","19":"product-type-variable","20":"has-default-attributes"},"acf":[],"aioseo_notices":[],"_links":{"self":[{"href":"https:\/\/gpdstore.net\/sk\/wp-json\/wp\/v2\/product\/47450","targetHints":{"allow":["GET"]}}],"collection":[{"href":"https:\/\/gpdstore.net\/sk\/wp-json\/wp\/v2\/product"}],"about":[{"href":"https:\/\/gpdstore.net\/sk\/wp-json\/wp\/v2\/types\/product"}],"wp:featuredmedia":[{"embeddable":true,"href":"https:\/\/gpdstore.net\/sk\/wp-json\/wp\/v2\/media\/818501"}],"wp:attachment":[{"href":"https:\/\/gpdstore.net\/sk\/wp-json\/wp\/v2\/media?parent=47450"}],"wp:term":[{"taxonomy":"product_brand","embeddable":true,"href":"https:\/\/gpdstore.net\/sk\/wp-json\/wp\/v2\/product_brand?post=47450"},{"taxonomy":"product_cat","embeddable":true,"href":"https:\/\/gpdstore.net\/sk\/wp-json\/wp\/v2\/product_cat?post=47450"},{"taxonomy":"product_tag","embeddable":true,"href":"https:\/\/gpdstore.net\/sk\/wp-json\/wp\/v2\/product_tag?post=47450"},{"taxonomy":"woo-feed-brand","embeddable":true,"href":"https:\/\/gpdstore.net\/sk\/wp-json\/wp\/v2\/woo-feed-brand?post=47450"}],"curies":[{"name":"wp","href":"https:\/\/api.w.org\/{rel}","templated":true}]}}