{"id":350550,"date":"2024-08-22T08:22:33","date_gmt":"2024-08-22T08:22:33","guid":{"rendered":"https:\/\/gpdstore.net\/nezaraden\u00e9\/mini-notebook-gpd-p2-max-2022\/"},"modified":"2025-12-23T10:07:51","modified_gmt":"2025-12-23T10:07:51","slug":"gpd-p2-max-2022-mini-laptop","status":"publish","type":"product","link":"https:\/\/gpdstore.net\/sk\/product\/gpd-p2-max-2022-mini-laptop\/","title":{"rendered":"GPD P2 Max 2022 Mini notebook"},"content":{"rendered":"\n<figure class=\"wp-block-image aligncenter\"><a href=\"https:\/\/droix.net\/wp-content\/uploads\/2022\/01\/GPD-P2-MAX-2022-MARKETING-IMAGE-1.png\"><img decoding=\"async\" src=\"https:\/\/droix.net\/wp-content\/uploads\/2022\/01\/GPD-P2-MAX-2022-MARKETING-IMAGE-1.png\" alt=\"GPD P2 Max 2022 Ultrabook so stylusom\" class=\"wp-image-10581\"\/><\/a><\/figure>\n\n<figure class=\"wp-block-image aligncenter\"><a href=\"https:\/\/droix.net\/wp-content\/uploads\/2022\/01\/GPD-P2-MAX-2022-MARKETING-IMAGE-2.png\"><img decoding=\"async\" src=\"https:\/\/droix.net\/wp-content\/uploads\/2022\/01\/GPD-P2-MAX-2022-MARKETING-IMAGE-2.png\" alt=\"GPD P2 Max 2022 Ultrabook zobrazuj&#xFA;ci kl&#xE1;vesnicu\" class=\"wp-image-10582\"\/><\/a><\/figure>\n\n<figure class=\"wp-block-image aligncenter\"><a href=\"https:\/\/droix.net\/wp-content\/uploads\/2022\/01\/GPD-P2-MAX-2022-MARKETING-IMAGE-3.png\"><img decoding=\"async\" src=\"https:\/\/droix.net\/wp-content\/uploads\/2022\/01\/GPD-P2-MAX-2022-MARKETING-IMAGE-3.png\" alt=\"GPD P2 Max 2022 Ultrabook so sn&#xED;ma&#x10D;om odtla&#x10D;kov prstov\" class=\"wp-image-10583\"\/><\/a><\/figure>\n\n<figure class=\"wp-block-image aligncenter\"><a href=\"https:\/\/droix.net\/wp-content\/uploads\/2022\/01\/GPD-P2-MAX-2022-MARKETING-IMAGE-4.png\"><img decoding=\"async\" src=\"https:\/\/droix.net\/wp-content\/uploads\/2022\/01\/GPD-P2-MAX-2022-MARKETING-IMAGE-4.png\" alt=\"GPD P2 Max 2022 Ultrabook s procesorom\" class=\"wp-image-10584\"\/><\/a><\/figure>\n\n<figure class=\"wp-block-image aligncenter\"><a href=\"https:\/\/droix.net\/wp-content\/uploads\/2022\/01\/GPD-P2-MAX-2022-MARKETING-IMAGE-5.png\"><img decoding=\"async\" src=\"https:\/\/droix.net\/wp-content\/uploads\/2022\/01\/GPD-P2-MAX-2022-MARKETING-IMAGE-5.png\" alt=\"GPD P2 Max 2022 Ultrabook zobrazuj&#xFA;ci USB c\" class=\"wp-image-10585\"\/><\/a><\/figure>\n\n<p><span data-contrast=\"none\">Osvie\u017eenie ob\u013e\u00faben\u00e9ho ultrabooku je tu! Na sc\u00e9nu prich\u00e1dza <strong>GPD P2 Max 2022<\/strong> s viacer\u00fdmi vylep\u0161eniami, ktor\u00e9 ho udr\u017eiavaj\u00fa aktu\u00e1lny a relevantn\u00fd v s\u00fa\u010dasnej dobe! Je to ide\u00e1lny spolo\u010dn\u00edk na dlh\u00e9 doch\u00e1dzanie do pr\u00e1ce, pre spisovate\u013eov na cest\u00e1ch a vo v\u0161etk\u00fdch \u010fal\u0161\u00edch situ\u00e1ci\u00e1ch.  <\/span><\/p>\n\n<p><span data-contrast=\"none\">Srdcom po\u010d\u00edta\u010da <strong>P2 Max 2022<\/strong> je procesor Intel Pentium N6000. Tento \u0161tvorjadrov\u00fd procesor kombinuje energetick\u00fa \u00fa\u010dinnos\u0165 s \u00factyhodn\u00fdm v\u00fdkonom. Pohodlne zvl\u00e1dne v\u0161etky ka\u017edodenn\u00e9 \u00falohy, ktor\u00e9 na\u0148ho bud\u00fa kladen\u00e9.  <\/span><\/p>\n\n<p><span data-contrast=\"none\"><strong>16 GB pam\u00e4te LPDDR4x RAM<\/strong> je z\u00e1kladom stabiln\u00e9ho a spo\u013eahliv\u00e9ho v\u00fdkonu pri multitaskingu a tvorbe\/edit\u00e1cii obsahu. V kombin\u00e1cii s <strong>1 TB r\u00fdchlym<\/strong> \u00falo\u017eiskom <strong>NVMe<\/strong> z\u00edskate \u00fa\u017easne flexibiln\u00fa a z\u00e1rove\u0148 vysoko prenosn\u00fa pracovn\u00fa stanicu. <\/span><\/p>\n\n<p><span data-contrast=\"none\">Ve\u013ek\u00fd <strong>8,9-palcov\u00fd displej<\/strong> sa m\u00f4\u017ee pochv\u00e1li\u0165 obrovsk\u00fdm rozl\u00ed\u0161en\u00edm 2560 \u00d7 1600p, ktor\u00e9 v\u00e1m poskytne ostr\u00fd a jasn\u00fd obraz pre v\u0161etky va\u0161e programy, fotografie, vide\u00e1 a \u010fal\u0161ie. Tento displej je tie\u017e <strong>citliv\u00fd na dotyk<\/strong> a mo\u017eno ho dokonca pou\u017e\u00edva\u0165 so stylusmi! <\/span><\/p>\n\n<p><span data-contrast=\"none\">Pokia\u013e ide o konektivitu, tento <strong>mini notebook<\/strong> m\u00e1 k dispoz\u00edcii tak akur\u00e1t bez toho, aby bol pr\u00edli\u0161 objemn\u00fd. S dvoma portami USB typu A, portom USB typu C, 3,5 mm audio konektorom   <\/span><strong><span data-contrast=\"none\">a<\/span><\/strong><span data-contrast=\"none\">  s portom Micro HDMI je P2 Max 2022 rovnako pohodln\u00fd na kolen\u00e1ch ako na dokovacej stanici! Pre t\u00fdch, ktor\u00ed uprednost\u0148uj\u00fa bezdr\u00f4tov\u00e9 pripojenie, je <strong>GPD P2 Max 2022<\/strong> vybaven\u00fd rozhran\u00edm Wi-Fi 6 pre maxim\u00e1lnu r\u00fdchlos\u0165 a stabilitu siete. <\/span>.<\/p>\n\n<p><\/p>\n","protected":false},"excerpt":{"rendered":"<ul>\n<li>Procesor Intel\u00ae Pentium\u00ae Silver N6000<\/li>\n<li><strong>16 GB LPDDR4x RAM<\/strong> @2933Mhz<\/li>\n<li><strong>8,9&#8243; dotykov\u00fd displej \/ skener odtla\u010dkov prstov<\/strong><\/li>\n<li><strong>1 TB<\/strong> PCI-E NVMe SSD<\/li>\n<li>Kompatibiln\u00e9 s <strong>Windows 11<\/strong><\/li>\n<\/ul>\n<p> [cg_accordion title=\"INFORM\u00c1CIE O PLATBE\"] Pou\u017e\u00edvame najnov\u0161iu technol\u00f3giu spracovania platieb, ktor\u00e1 v\u00e1m umo\u017e\u0148uje vykona\u0165 platbu prostredn\u00edctvom Apple Pay, Google Pay, va\u0161ej debetnej\/kreditnej karty, PayPal alebo met\u00f3d BNPL, ako s\u00fa Klarna, Affirm alebo AfterPay, \u010do je r\u00fdchle a bezpe\u010dn\u00e9.[\/cg_accordion] [cg_accordion title=\"Z\u00c1RUKA\"] 2 roky z\u00e1ruky od spolo\u010dnosti <a href=\"https:\/\/droix.net\/\" target=\"_blank\" rel=\"nofollow noopener\">DROIX Global<\/a> pre v\u00e1\u0161 pokoj[\/cg_accordion] [cg_accordion title=\"PRICING, TAXES AND SHIPPING\"] <strong><u>Pozn:<\/u><\/strong><\/p>\n<ul>\n<li>Z\u00e1kazn\u00edci zo Spojen\u00fdch \u0161t\u00e1tov: Z\u00e1kazn\u00edci: Zobrazen\u00e1 cena nezah\u0155\u0148a da\u0148 ani clo. Zodpovednos\u0165 za coln\u00e9 konanie a zaplatenie akejko\u013evek s\u00favisiacej dane\/coln\u00e9ho poplatku nesie z\u00e1kazn\u00edk. <\/li>\n<li>Z\u00e1kazn\u00edci z E\u00da: V zobrazenej cene je zahrnut\u00e1 platn\u00e1 DA\u0147, ktor\u00e1 m\u00f4\u017ee by\u0165 a\u017e 25% v z\u00e1vislosti od va\u0161ej krajiny.<\/li>\n<li>Z\u00e1kazn\u00edci z Kanady: V z\u00e1vislosti od va\u0161ej provincie m\u00f4\u017ee zobrazen\u00e1 cena zah\u0155\u0148a\u0165 pr\u00edslu\u0161n\u00e9 dane, ktor\u00e9 m\u00f4\u017eu zah\u0155\u0148a\u0165 5% GST a \u010fal\u0161ie provin\u010dn\u00e9 dane z predaja (PST), harmonizovan\u00fa da\u0148 z predaja (HST) alebo quebeck\u00fa da\u0148 z predaja (QST).<\/li>\n<\/ul>\n<p><strong>Len pre z\u00e1kazn\u00edkov z E\u00da:<\/strong> Expresn\u00e9 DDP (Delivered Duty Paid). To znamen\u00e1: <\/p>\n<ul>\n<li style=\"list-style-type: none;\">\n<ul>\n<li>V\u0161etky cl\u00e1 a dane s\u00fa zahrnut\u00e9 v cene zobrazenej na str\u00e1nke produktu.<\/li>\n<li>Pri doru\u010den\u00ed nemus\u00edte plati\u0165 \u017eiadne \u010fal\u0161ie poplatky.<\/li>\n<li>V zriedkav\u00fdch pr\u00edpadoch probl\u00e9mov s\u00favisiacich s coln\u00fdmi z\u00e1le\u017eitos\u0165ami sa n\u00e1\u0161 t\u00edm postar\u00e1 o coln\u00e9 konanie vo va\u0161om mene, aby sme zabezpe\u010dili bezprobl\u00e9mov\u00e9 doru\u010denie.<\/li>\n<p>D\u00f4le\u017eit\u00e9 inform\u00e1cie o vr\u00e1ten\u00ed tovaru:<\/p>\n<li>Ak sa rozhodnete vr\u00e1ti\u0165 objedn\u00e1vku alebo po\u017eiada\u0165 o vr\u00e1tenie pe\u0148az\u00ed, majte na pam\u00e4ti, \u017ee dane a cl\u00e1 zaplaten\u00e9 vo va\u0161om mene pod\u013ea podmienok DDP nie je mo\u017en\u00e9 vr\u00e1ti\u0165.<\/li>\n<p>Pozrite si, pros\u00edm, n\u00e1\u0161<\/ul>\n<\/li>\n<\/ul>\n<p><a href=\"https:\/\/gpdstore.net\/sk\/terms-of-service\/\" target=\"_blank\" rel=\"nofollow noopener\">Podmienky a pravidl\u00e1<\/a><\/p>\n<ul>podrobnej\u0161ie inform\u00e1cie.<\/ul>\n<p>[\/cg_accordion] [cg_accordion title=\"Z\u00c1KAZN\u00cdCKA PODPORA\"]  M\u00e1te ot\u00e1zku? Od vyrie\u0161enia v\u00e1\u0161ho probl\u00e9mu n\u00e1s del\u00ed kr\u00e1tka textov\u00e1 spr\u00e1va!   [\/cg_accordion] [cg_accordion title=\"WHAT'S INCLUDED\"]<\/p>\n<ul>\n<li>1x k\u00e1bel USB typu C<\/li>\n<li>1x nap\u00e1jac\u00ed adapt\u00e9r<\/li>\n<li>1x u\u017e\u00edvate\u013esk\u00e1 pr\u00edru\u010dka<\/li>\n<\/ul>\n<p>[\/cg_accordion]<\/p>\n","protected":false},"featured_media":350552,"template":"","meta":{"_acf_changed":false},"product_brand":[],"product_cat":[6669,8712],"product_tag":[10138],"woo-feed-brand":[5731],"class_list":{"0":"post-350550","1":"product","2":"type-product","3":"status-publish","4":"has-post-thumbnail","6":"product_cat-mini-notebooky-gpd","7":"product_cat-prenosne-pocitace","8":"product_tag-gpd-p2-max-sk-2","9":"product_shipping_class-premium","10":"pa_bluetooth-5-sk","11":"pa_brand-gpd","12":"pa_display-type-h-ips-sk","13":"pa_graphics-gpu-model-grafika-intel-uhd-sk","14":"pa_i-o-video-cez-1x-usb-3-2-gen-2-type-c","15":"pa_memory-ram-capacity-16-gb-sk","16":"pa_memory-ram-technology-lpddr4x-sk","17":"pa_storage-capacity-1-tb-sk","18":"pa_wi-fi-wi-fi-6-sk","19":"woo-feed-brand-gpd-sk","21":"first","22":"outofstock","23":"sale","24":"taxable","25":"shipping-taxable","26":"purchasable","27":"product-type-variable","28":"has-default-attributes"},"acf":[],"aioseo_notices":[],"_links":{"self":[{"href":"https:\/\/gpdstore.net\/sk\/wp-json\/wp\/v2\/product\/350550","targetHints":{"allow":["GET"]}}],"collection":[{"href":"https:\/\/gpdstore.net\/sk\/wp-json\/wp\/v2\/product"}],"about":[{"href":"https:\/\/gpdstore.net\/sk\/wp-json\/wp\/v2\/types\/product"}],"wp:featuredmedia":[{"embeddable":true,"href":"https:\/\/gpdstore.net\/sk\/wp-json\/wp\/v2\/media\/350552"}],"wp:attachment":[{"href":"https:\/\/gpdstore.net\/sk\/wp-json\/wp\/v2\/media?parent=350550"}],"wp:term":[{"taxonomy":"product_brand","embeddable":true,"href":"https:\/\/gpdstore.net\/sk\/wp-json\/wp\/v2\/product_brand?post=350550"},{"taxonomy":"product_cat","embeddable":true,"href":"https:\/\/gpdstore.net\/sk\/wp-json\/wp\/v2\/product_cat?post=350550"},{"taxonomy":"product_tag","embeddable":true,"href":"https:\/\/gpdstore.net\/sk\/wp-json\/wp\/v2\/product_tag?post=350550"},{"taxonomy":"woo-feed-brand","embeddable":true,"href":"https:\/\/gpdstore.net\/sk\/wp-json\/wp\/v2\/woo-feed-brand?post=350550"}],"curies":[{"name":"wp","href":"https:\/\/api.w.org\/{rel}","templated":true}]}}