{"id":345271,"date":"2024-07-12T13:07:42","date_gmt":"2024-07-12T13:07:42","guid":{"rendered":"https:\/\/gpdstore.net\/nezaraden\u00e9\/156-prenosny-monitor-4k-s-dotykovou-obrazovkou\/"},"modified":"2025-12-23T10:14:16","modified_gmt":"2025-12-23T10:14:16","slug":"15-6-4k-portable-monitor-with-touchscreen","status":"publish","type":"product","link":"https:\/\/gpdstore.net\/sk\/product\/15-6-4k-portable-monitor-with-touchscreen\/","title":{"rendered":"15,6&#8243; prenosn\u00fd monitor 4K s dotykovou obrazovkou"},"content":{"rendered":"\n<p>Predstavujeme prenosn\u00fd monitor S23b-1 4K: Zlep\u0161ite svoj vizu\u00e1lny z\u00e1\u017eitok kdeko\u013evek<\/p>\n\n<p>S prenosn\u00fdm monitorom S23b-1 4K za\u017eijete bezkonkuren\u010dn\u00fa vizu\u00e1lnu \u010distotu a brilantnos\u0165. Tento monitor je navrhnut\u00fd pre t\u00fdch, ktor\u00ed po\u017eaduj\u00fa to najlep\u0161ie z prenosn\u00fdch displejov, a prin\u00e1\u0161a ohromuj\u00face rozl\u00ed\u0161enie 4K UHD na kompaktnej 15,6-palcovej obrazovke. \u010ci u\u017e upravujete fotografie vo vysokom rozl\u00ed\u0161en\u00ed, navrhujete zlo\u017eit\u00fa grafiku alebo sa pon\u00e1rate do pohlcuj\u00facich hern\u00fdch svetov, S23b-1 sa postar\u00e1 o to, aby ka\u017ed\u00fd detail o\u017eil s v\u00fdnimo\u010dnou presnos\u0165ou a \u017eiv\u00fdmi farbami.<\/p>\n\n<p>V\u010faka panelu TFT IPS LCD si m\u00f4\u017eete vychutna\u0165 vynikaj\u00facu presnos\u0165 farieb a \u0161irok\u00e9 pozorovacie uhly, ktor\u00e9 s\u00fa ide\u00e1lne na zdie\u013eanie obsahu s priate\u013emi alebo spolupr\u00e1cu s kolegami. Kapacitn\u00e1 dotykov\u00e1 obrazovka G+G zlep\u0161uje va\u0161u interakciu a pon\u00faka presn\u00e9 ovl\u00e1danie s plynulou navig\u00e1ciou v ponuk\u00e1ch a dokumentoch.<\/p>\n\n<p>Pripojenie je bezprobl\u00e9mov\u00e9 v\u010faka mini portu HDMI a dvom portom typu C, ktor\u00e9 podporuj\u00fa nap\u00e1janie a vysokor\u00fdchlostn\u00fd prenos d\u00e1t medzi viacer\u00fdmi zariadeniami. Pre v\u00e4\u010d\u0161ie pohodlie je k dispoz\u00edcii port pre sl\u00fachadl\u00e1 na s\u00fakromn\u00e9 po\u010d\u00favanie a port Micro-USB pre perif\u00e9rne zariadenia, ako s\u00fa kl\u00e1vesnice a my\u0161i.<\/p>\n\n<p>Po\u010d\u00edta\u010d S23b-1 je vyroben\u00fd z odolnej hlin\u00edkovej zliatiny a kombinuje elegantn\u00fd, neuverite\u013ene \u0161t\u00edhly profil s \u013eahkou prenosnos\u0165ou, tak\u017ee je ide\u00e1lnym spolo\u010dn\u00edkom na cesty alebo presuny medzi pracovn\u00fdmi priestormi. Skladacie puzdro sl\u00fa\u017ei ako stojan na stabiln\u00e9 umiestnenie na akomko\u013evek rovnom povrchu, \u010do zaru\u010duje v\u0161estrannos\u0165, nech ste kdeko\u013evek.<\/p>\n\n<p>Klady:<\/p>\n\n<ul class=\"wp-block-list\">\n<li>Ohromuj\u00faci displej 4K UHD pre pohlcuj\u00faci obraz<\/li>\n\n\n\n<li>V\u0161estrann\u00e9 mo\u017enosti pripojenia vr\u00e1tane portov HDMI Mini a Type-C<\/li>\n\n\n\n<li>Elegantn\u00fd, \u013eahk\u00fd dizajn vyroben\u00fd z vysokokvalitnej hlin\u00edkovej zliatiny<\/li>\n\n\n\n<li>Citliv\u00fd kapacitn\u00fd dotykov\u00fd displej G+G na intuit\u00edvnu interakciu<\/li>\n<\/ul>\n\n<p>Z\u00e1pory:<\/p>\n\n<ul class=\"wp-block-list\">\n<li>Obmedzenie na 15,6-palcov\u00fa ve\u013ekos\u0165 obrazovky<\/li>\n\n\n\n<li>Vstavan\u00e9 reproduktory nemusia zodpoveda\u0165 kvalite extern\u00e9ho zvuku<\/li>\n<\/ul>\n\n<p>\u010ci u\u017e ste kreat\u00edvny profesion\u00e1l, v\u00e1\u0161niv\u00fd hr\u00e1\u010d alebo nad\u0161enec na cest\u00e1ch, prenosn\u00fd monitor S23b-1 4K nanovo definuje dokonalos\u0165 prenosn\u00fdch displejov a poskytuje v\u00fdnimo\u010dn\u00fd v\u00fdkon v kompaktnom balen\u00ed.<\/p>\n","protected":false},"excerpt":{"rendered":"<ul>\n<li><strong>15,6&#8243;<\/strong> prenosn\u00fd monitor <strong>4K<\/strong> s dotykovou obrazovkou pre vysok\u00e9 rozl\u00ed\u0161enie<\/li>\n<li>Kompaktn\u00e9 rozmery 14,17 x 8,4 x 0,43 palca a hmotnos\u0165 <strong>920 g<\/strong><\/li>\n<li>Dotykov\u00fd displej Kompatibiln\u00fd so <strong>syst\u00e9mom MacOS<\/strong><\/li>\n<li>Dotykov\u00fd displej <strong>podporuje dotykov\u00fd vstup na<\/strong> kompatibiln\u00fdch zariadeniach<\/li>\n<li><strong>Nap\u00e1janie cez USB<\/strong>, podpora mini-HDMI, USB Type-C<\/li>\n<\/ul>\n[cg_accordion title=\"INFORM\u00c1CIE O PLATBE\"]<\/p>\n<p>Pou\u017e\u00edvame najnov\u0161iu technol\u00f3giu spracovania platieb, ktor\u00e1 v\u00e1m umo\u017e\u0148uje vykona\u0165 platbu prostredn\u00edctvom debetnej\/kreditnej karty alebo slu\u017eby PayPal, aby ste sa c\u00edtili r\u00fdchlo a bezpe\u010dne.[\/cg_accordion]\n[cg_accordion title=\"Z\u00c1RUKA\"]<\/p>\n<p>2 roky z\u00e1ruky od <a href=\"https:\/\/droix.net\/\" target=\"_blank\" rel=\"nofollow noopener\">spolo\u010dnosti DROIX Global pre<\/a> v\u00e1\u0161 pokoj[\/cg_accordion]\n[cg_accordion title=\"CENY, DANE A DOPRAVA\"]<\/p>\n<p><strong><u>Pozn\u00e1mka:<\/u><\/strong><\/p>\n<ul>\n<li>Z\u00e1kazn\u00edci zo Spojen\u00fdch \u0161t\u00e1tov: Z\u00e1kazn\u00edci: Zobrazen\u00e1 cena nezah\u0155\u0148a da\u0148 ani clo. Zodpovednos\u0165 za coln\u00e9 konanie a zaplatenie akejko\u013evek s\u00favisiacej dane\/coln\u00e9ho poplatku nesie z\u00e1kazn\u00edk. <\/li>\n<li>Z\u00e1kazn\u00edci z E\u00da: V zobrazenej cene je zahrnut\u00e1 platn\u00e1 DA\u0147, ktor\u00e1 m\u00f4\u017ee by\u0165 a\u017e 25% v z\u00e1vislosti od va\u0161ej krajiny.<\/li>\n<li>Z\u00e1kazn\u00edci z Kanady: V z\u00e1vislosti od va\u0161ej provincie m\u00f4\u017ee zobrazen\u00e1 cena zah\u0155\u0148a\u0165 pr\u00edslu\u0161n\u00e9 dane, ktor\u00e9 m\u00f4\u017eu zah\u0155\u0148a\u0165 5% GST a \u010fal\u0161ie provin\u010dn\u00e9 dane z predaja (PST), harmonizovan\u00fa da\u0148 z predaja (HST) alebo quebeck\u00fa da\u0148 z predaja (QST).<\/li>\n<\/ul>\n<p><strong>Len pre z\u00e1kazn\u00edkov z E\u00da:<\/strong> Expresn\u00e9 DDP (Delivered Duty Paid). To znamen\u00e1: <\/p>\n<ul>\n<li>V\u0161etky cl\u00e1 a dane s\u00fa zahrnut\u00e9 v cene zobrazenej na str\u00e1nke produktu.<\/li>\n<li>Pri doru\u010den\u00ed nemus\u00edte plati\u0165 \u017eiadne \u010fal\u0161ie poplatky.<\/li>\n<li>V zriedkav\u00fdch pr\u00edpadoch probl\u00e9mov s\u00favisiacich s coln\u00fdmi z\u00e1le\u017eitos\u0165ami sa n\u00e1\u0161 t\u00edm postar\u00e1 o coln\u00e9 konanie vo va\u0161om mene, aby sme zabezpe\u010dili bezprobl\u00e9mov\u00e9 doru\u010denie.<\/li>\n<p>D\u00f4le\u017eit\u00e9 inform\u00e1cie o vr\u00e1ten\u00ed tovaru:<\/p>\n<li>Ak sa rozhodnete vr\u00e1ti\u0165 objedn\u00e1vku alebo po\u017eiada\u0165 o vr\u00e1tenie pe\u0148az\u00ed, majte na pam\u00e4ti, \u017ee dane a cl\u00e1 zaplaten\u00e9 vo va\u0161om mene pod\u013ea podmienok DDP nie je mo\u017en\u00e9 vr\u00e1ti\u0165.<\/li>\n<p>Podrobn\u00e9 inform\u00e1cie n\u00e1jdete v na\u0161ich <a href=\"https:\/\/droix.net\/terms-and-conditions\/\" target=\"_blank\" rel=\"nofollow noopener\">zmluvn\u00fdch podmienkach<\/a>.\n<\/ul>\n<p>[\/cg_accordion]\n[cg_accordion title=\"Z\u00c1KAZN\u00cdCKA PODPORA\"]<\/p>\n<p>M\u00e1te ot\u00e1zku? Od vyrie\u0161enia v\u00e1\u0161ho probl\u00e9mu n\u00e1s del\u00ed kr\u00e1tka textov\u00e1 spr\u00e1va! <\/p>\n<p>Podrobn\u00e9 inform\u00e1cie n\u00e1jdete v na\u0161ich <a href=\"https:\/\/gpdstore.net\/sk\/terms-of-service\/\" target=\"_blank\" rel=\"nofollow noopener\">zmluvn\u00fdch podmienkach<\/a>.\n<\/ul>\n<p>[\/cg_accordion]\n[cg_accordion title=\"\u010cO JE S\u00da\u010cAS\u0164OU BALENIA\"]<\/p>\n<ul>\n<li>1x nap\u00e1jacia z\u00e1str\u010dka (E\u00da\/USA)<\/li>\n<li>1x pou\u017e\u00edvate\u013esk\u00e1 pr\u00edru\u010dka<\/li>\n<\/ul>\n<p>[\/cg_accordion]\n","protected":false},"featured_media":345518,"template":"","meta":{"_acf_changed":false},"product_brand":[],"product_cat":[5440],"product_tag":[5512,5442],"woo-feed-brand":[5443],"class_list":{"0":"post-345271","1":"product","2":"type-product","3":"status-publish","4":"has-post-thumbnail","6":"product_cat-prenosne-monitory","7":"product_tag-30gpdsale-sk","8":"product_tag-droix-portable-monitor-sk","9":"product_shipping_class-standard","10":"pa_brand-droix","11":"woo-feed-brand-droix-sk","13":"first","14":"outofstock","15":"sale","16":"taxable","17":"shipping-taxable","18":"purchasable","19":"product-type-variable","20":"has-default-attributes"},"acf":[],"aioseo_notices":[],"_links":{"self":[{"href":"https:\/\/gpdstore.net\/sk\/wp-json\/wp\/v2\/product\/345271","targetHints":{"allow":["GET"]}}],"collection":[{"href":"https:\/\/gpdstore.net\/sk\/wp-json\/wp\/v2\/product"}],"about":[{"href":"https:\/\/gpdstore.net\/sk\/wp-json\/wp\/v2\/types\/product"}],"wp:featuredmedia":[{"embeddable":true,"href":"https:\/\/gpdstore.net\/sk\/wp-json\/wp\/v2\/media\/345518"}],"wp:attachment":[{"href":"https:\/\/gpdstore.net\/sk\/wp-json\/wp\/v2\/media?parent=345271"}],"wp:term":[{"taxonomy":"product_brand","embeddable":true,"href":"https:\/\/gpdstore.net\/sk\/wp-json\/wp\/v2\/product_brand?post=345271"},{"taxonomy":"product_cat","embeddable":true,"href":"https:\/\/gpdstore.net\/sk\/wp-json\/wp\/v2\/product_cat?post=345271"},{"taxonomy":"product_tag","embeddable":true,"href":"https:\/\/gpdstore.net\/sk\/wp-json\/wp\/v2\/product_tag?post=345271"},{"taxonomy":"woo-feed-brand","embeddable":true,"href":"https:\/\/gpdstore.net\/sk\/wp-json\/wp\/v2\/woo-feed-brand?post=345271"}],"curies":[{"name":"wp","href":"https:\/\/api.w.org\/{rel}","templated":true}]}}