{"id":341890,"date":"2024-08-12T15:37:31","date_gmt":"2024-08-12T15:37:31","guid":{"rendered":"https:\/\/gpdstore.net\/nezaraden\u00e9\/droix-nt8-clear-usb-hub\/"},"modified":"2025-12-23T10:14:23","modified_gmt":"2025-12-23T10:14:23","slug":"droix-nt8-clear-usb-hub","status":"publish","type":"product","link":"https:\/\/gpdstore.net\/sk\/product\/droix-nt8-clear-usb-hub\/","title":{"rendered":"DroiX NT8 Clear USB Hub"},"content":{"rendered":"\n<h3 class=\"wp-block-heading\">DroiX NT8 Clear USB Hub: Bud\u00facnos\u0165 kri\u0161t\u00e1\u013eovo \u010dist\u00e9ho pripojenia!  <\/h3>\n\n<h3 class=\"wp-block-heading\">Sk\u00faste gigabitov\u00e9 r\u00fdchlosti siete Ethernet  <\/h3>\n\n<p>U\u017e v\u00e1s nebav\u00ed pomal\u00fd internet? Vykro\u010dte do bud\u00facnosti s rozbo\u010dova\u010dom DroiX NT8 Clear USB! Toto nie je oby\u010dajn\u00fd rozbo\u010dova\u010d &#8211; je to va\u0161a vstupn\u00e1 br\u00e1na do bleskur\u00fdchleho sveta 10\/100\/1000M RJ45 Gigabit Ethernet. \u010ci u\u017e streamujete v HD, zdol\u00e1vate online hry alebo surfujete s viacer\u00fdmi otvoren\u00fdmi kartami, budete ma\u0165 bleskov\u00e9 a stabiln\u00e9 pripojenie. Rozl\u00fa\u010dte sa s vyrovn\u00e1vacou pam\u00e4\u0165ou a oneskoren\u00edm &#8211; v\u0161etko sa na\u010d\u00edta r\u00fdchlos\u0165ou s\u00fa\u010dasnosti!<\/p>\n\n<h3 class=\"wp-block-heading\">R\u00fdchle a efekt\u00edvne nap\u00e1janie  <\/h3>\n\n<p>Vo svete, ktor\u00fd sa nikdy nezastav\u00ed, musia va\u0161e zariadenia dr\u017ea\u0165 krok. Zariadenie DroiX NT8 je navrhnut\u00e9 s oh\u013eadom na v\u00fdkon a podporuje a\u017e 100W nab\u00edjanie PD. Tento rozbo\u010dova\u010d sa postar\u00e1 o r\u00fdchle, spo\u013eahliv\u00e9 a efekt\u00edvne nab\u00edjanie, \u010di u\u017e ide o notebook, prenosn\u00fa hern\u00fa konzolu alebo ak\u00e9ko\u013evek zariadenie USB typu C. U\u017e nemus\u00edte \u010daka\u0165 &#8211; va\u0161e zariadenia bud\u00fa zapnut\u00e9 a pripraven\u00e9, kedyko\u013evek budete potrebova\u0165.<\/p>\n\n<h3 class=\"wp-block-heading\">Ohromuj\u00faci obraz v rozl\u00ed\u0161en\u00ed 4K  <\/h3>\n\n<p>T\u00fa\u017eite po kri\u0161t\u00e1\u013eovo \u010distom zobrazen\u00ed? Rozbo\u010dova\u010d DroiX NT8 Clear USB prin\u00e1\u0161a filmov\u00fd z\u00e1\u017eitok priamo na dosah ruky. V\u010faka video v\u00fdstupu HDMI 2.0 si vychutnajte mimoriadne ostr\u00e9 rozl\u00ed\u0161enie 4096 \u00d7 2160 4K pri 60 Hz. \u010ci u\u017e ide o pr\u00e1cu, z\u00e1bavu alebo hranie hier, vizu\u00e1lne efekty s\u00fa tak\u00e9 jasn\u00e9 a pohlcuj\u00face, \u017ee m\u00e1te pocit, akoby ste boli priamo v akcii.<\/p>\n\n<h3 class=\"wp-block-heading\">Bezkonkuren\u010dn\u00e9 pripojenie USB  <\/h3>\n\n<p>Pre\u010do sa obmedzova\u0165 len na nieko\u013eko spojen\u00ed? Rozbo\u010dova\u010d DroiX NT8 Clear USB pon\u00faka tri porty USB typu A 3.0, v\u010faka ktor\u00fdm m\u00f4\u017eete bez probl\u00e9mov pripoji\u0165 v\u0161etky svoje zariadenia. Pren\u00e1\u0161ajte d\u00e1ta bleskovou r\u00fdchlos\u0165ou, prip\u00e1jajte perif\u00e9rne zariadenia alebo nab\u00edjajte svoje zariadenia &#8211; to v\u0161etko s v\u0161estrannos\u0165ou a v\u00fdkonom, ktor\u00fd vy\u017eadujete. So zariaden\u00edm DroiX NT8 ste v\u017edy pripraven\u00ed na pripojenie a pr\u00e1cu.<\/p>\n\n<h3 class=\"wp-block-heading\">Najmodernej\u0161\u00ed k\u00e1bel USB typu C  <\/h3>\n\n<p>Bud\u00facnos\u0165 pripojenia je tu s k\u00e1blom USB typu C zariadenia DroiX NT8. Toto modern\u00e9 rie\u0161enie je navrhnut\u00e9 na r\u00fdchlej\u0161\u00ed prenos d\u00e1t a efekt\u00edvne nab\u00edjanie a zabezpe\u010duje zjednodu\u0161en\u00e9 a univerz\u00e1lne pripojenie. Tento rozbo\u010dova\u010d, ktor\u00fd je kompatibiln\u00fd so \u0161irokou \u0161k\u00e1lou zariaden\u00ed, je skuto\u010dne invest\u00edciou do bud\u00facnosti, ktor\u00e1 v\u00e1m umo\u017en\u00ed jednoduch\u00e9 pripojenie.<\/p>\n\n<h3 class=\"wp-block-heading\">Bezprobl\u00e9mov\u00fd pr\u00edstup k m\u00e9di\u00e1m  <\/h3>\n\n<p>Pr\u00edstup k multimedi\u00e1lnym s\u00faborom z\u00edskate v priebehu nieko\u013ek\u00fdch sek\u00fand v\u010faka dvom \u010d\u00edta\u010dk\u00e1m kariet SD v zariaden\u00ed DroiX NT8. \u010ci u\u017e ide o fotografie, vide\u00e1 alebo d\u00f4le\u017eit\u00e9 dokumenty, tieto \u010d\u00edta\u010dky podporuj\u00fa karty Micro SD aj SD a pon\u00fakaj\u00fa prenosov\u00fa r\u00fdchlos\u0165 a\u017e 480 Mb\/s. V\u0161etky d\u00f4le\u017eit\u00e9 \u00fadaje budete ma\u0165 na dosah ruky, r\u00fdchlo a bez probl\u00e9mov.<\/p>\n\n<h3 class=\"wp-block-heading\">Kompaktn\u00fd dizajn, mas\u00edvny vplyv  <\/h3>\n\n<p>Vo svete objemn\u00fdch pr\u00edstrojov vynik\u00e1 DroiX NT8 svoj\u00edm elegantn\u00fdm a kompaktn\u00fdm dizajnom. S rozmermi len 104 x 43 x 13 mm je ide\u00e1lnym spolo\u010dn\u00edkom na cest\u00e1ch. \u010ci u\u017e ste v kaviarni, na sch\u00f4dzi alebo na cest\u00e1ch, tento rozbo\u010dova\u010d je dostato\u010dne mal\u00fd na to, aby ste ho mohli nosi\u0165 kdeko\u013evek so sebou, a z\u00e1rove\u0148 dostato\u010dne v\u00fdkonn\u00fd na to, aby mal ve\u013ek\u00fd vplyv na va\u0161e potreby pripojenia.<\/p>\n\n<h3 class=\"wp-block-heading\">Univerz\u00e1lna kompatibilita  <\/h3>\n\n<p>Rozbo\u010dova\u010d DroiX NT8 Clear USB nie je len univerz\u00e1lny &#8211; je univerz\u00e1lne kompatibiln\u00fd. Je navrhnut\u00fd na bezprobl\u00e9mov\u00fa spolupr\u00e1cu so zariadeniami USB typu C, ako s\u00fa po\u010d\u00edta\u010de, minipo\u010d\u00edta\u010de, notebooky, prenosn\u00e9 hern\u00e9 zariadenia a \u010fal\u0161ie, a predstavuje komplexn\u00e9 rie\u0161enie, ktor\u00e9 ste h\u013eadali. U\u017e nemus\u00edte \u017eonglova\u0165 s viacer\u00fdmi rozbo\u010dova\u010dmi &#8211; tento je jedin\u00fd, ktor\u00fd budete potrebova\u0165.<\/p>\n\n<h3 class=\"wp-block-heading\">Z\u00e1ver: Revol\u00facia v oblasti pripojenia  <\/h3>\n\n<p>Medzi mno\u017estvom rozbo\u010dova\u010dov USB vynik\u00e1 rozbo\u010dova\u010d DroiX NT8 Clear USB. V\u010faka p\u00f4sobivej \u0161k\u00e1le funkci\u00ed, kompaktn\u00e9mu dizajnu a univerz\u00e1lnej kompatibilite je to viac ne\u017e len rozbo\u010dova\u010d &#8211; je to revol\u00facia v oblasti pripojenia. \u010ci u\u017e ste technick\u00fd nad\u0161enec, hr\u00e1\u010d alebo profesion\u00e1l na cest\u00e1ch, DroiX NT8 je dokonal\u00fd n\u00e1stroj na zlep\u0161enie va\u0161ich technick\u00fdch z\u00e1\u017eitkov. Vykro\u010dte do bud\u00facnosti s DroiX NT8 &#8211; va\u0161e zariadenia v\u00e1m bud\u00fa v\u010fa\u010dn\u00e9!<\/p>\n\n<p>Viac inform\u00e1ci\u00ed n\u00e1jdete v na\u0161ej pr\u00edru\u010dke <strong>Za\u010d\u00edname s rozbo\u010dova\u010dom Droix NT8 Clear USB<\/strong>.<\/p>\n","protected":false},"excerpt":{"rendered":"<ul>\n<li>DroiX<strong> NT8<\/strong> Clear USB Hub<\/li>\n<li><strong>10\/100\/1000M<\/strong> Gigabit Ethernet<\/li>\n<li>100W PD nab\u00edjanie<\/li>\n<li><strong>Slot na kartu MicroSD \/ SD<\/strong> 480 Mb\/s<\/li>\n<li>V\u00fdstup <strong>HDMI 4K<\/strong> <\/li>\n<\/ul>\n[cg_accordion title=\"INFORM\u00c1CIE O PLATBE\"]<\/p>\n<p>Pou\u017e\u00edvame najnov\u0161iu technol\u00f3giu spracovania platieb, ktor\u00e1 v\u00e1m umo\u017e\u0148uje vykona\u0165 platbu prostredn\u00edctvom Apple Pay, Google Pay, va\u0161ej debetnej\/kreditnej karty, PayPal alebo met\u00f3d BNPL, ako s\u00fa Klarna, Affirm alebo AfterPay, \u010do je r\u00fdchle a bezpe\u010dn\u00e9.[\/cg_accordion]\n[cg_accordion title=\"Z\u00c1RUKA\"]<\/p>\n<p>2 roky z\u00e1ruky od <a href=\"https:\/\/droix.net\/\" target=\"_blank\" rel=\"nofollow noopener\">spolo\u010dnosti DROIX Global pre<\/a> v\u00e1\u0161 pokoj[\/cg_accordion]\n[cg_accordion title=\"CENY, DANE A DOPRAVA\"]<\/p>\n<p><strong><u>Pozn\u00e1mka:<\/u><\/strong><\/p>\n<ul>\n<li>Z\u00e1kazn\u00edci zo Spojen\u00fdch \u0161t\u00e1tov: Z\u00e1kazn\u00edci: Zobrazen\u00e1 cena nezah\u0155\u0148a da\u0148 ani clo. Zodpovednos\u0165 za coln\u00e9 konanie a zaplatenie akejko\u013evek s\u00favisiacej dane\/coln\u00e9ho poplatku nesie z\u00e1kazn\u00edk. <\/li>\n<li>Z\u00e1kazn\u00edci z E\u00da: V zobrazenej cene je zahrnut\u00e1 platn\u00e1 DA\u0147, ktor\u00e1 m\u00f4\u017ee by\u0165 a\u017e 25% v z\u00e1vislosti od va\u0161ej krajiny.<\/li>\n<li>Z\u00e1kazn\u00edci z Kanady: V z\u00e1vislosti od va\u0161ej provincie m\u00f4\u017ee zobrazen\u00e1 cena zah\u0155\u0148a\u0165 pr\u00edslu\u0161n\u00e9 dane, ktor\u00e9 m\u00f4\u017eu zah\u0155\u0148a\u0165 5% GST a \u010fal\u0161ie provin\u010dn\u00e9 dane z predaja (PST), harmonizovan\u00fa da\u0148 z predaja (HST) alebo quebeck\u00fa da\u0148 z predaja (QST).<\/li>\n<\/ul>\n<p><strong>Len pre z\u00e1kazn\u00edkov z E\u00da:<\/strong> Expresn\u00e9 DDP (Delivered Duty Paid). To znamen\u00e1: <\/p>\n<ul>\n<li>V\u0161etky cl\u00e1 a dane s\u00fa zahrnut\u00e9 v cene zobrazenej na str\u00e1nke produktu.<\/li>\n<li>Pri doru\u010den\u00ed nemus\u00edte plati\u0165 \u017eiadne \u010fal\u0161ie poplatky.<\/li>\n<li>V zriedkav\u00fdch pr\u00edpadoch probl\u00e9mov s\u00favisiacich s coln\u00fdmi z\u00e1le\u017eitos\u0165ami sa n\u00e1\u0161 t\u00edm postar\u00e1 o coln\u00e9 konanie vo va\u0161om mene, aby sme zabezpe\u010dili bezprobl\u00e9mov\u00e9 doru\u010denie.<\/li>\n<p>D\u00f4le\u017eit\u00e9 inform\u00e1cie o vr\u00e1ten\u00ed tovaru:<\/p>\n<li>Ak sa rozhodnete vr\u00e1ti\u0165 objedn\u00e1vku alebo po\u017eiada\u0165 o vr\u00e1tenie pe\u0148az\u00ed, majte na pam\u00e4ti, \u017ee dane a cl\u00e1 zaplaten\u00e9 vo va\u0161om mene pod\u013ea podmienok DDP nie je mo\u017en\u00e9 vr\u00e1ti\u0165.<\/li>\n<p>Podrobn\u00e9 inform\u00e1cie n\u00e1jdete v na\u0161ich <a href=\"https:\/\/gpdstore.net\/sk\/terms-of-service\/\" target=\"_blank\" rel=\"nofollow noopener\">zmluvn\u00fdch podmienkach<\/a>.\n<\/ul>\n<p>[\/cg_accordion]\n[cg_accordion title=\"Z\u00c1KAZN\u00cdCKA PODPORA\"]<\/p>\n<p>M\u00e1te ot\u00e1zku? Od vyrie\u0161enia v\u00e1\u0161ho probl\u00e9mu n\u00e1s del\u00ed kr\u00e1tka textov\u00e1 spr\u00e1va!<br \/>\n[\/cg_accordion]\n[cg_accordion title=\"\u010cO JE S\u00da\u010cAS\u0164OU BALENIA\"]<\/p>\n<ul>\n<li>1x DroiX NT8 Clear USB Hub<\/li>\n<\/ul>\n<p>[\/cg_accordion]\n","protected":false},"featured_media":341928,"template":"","meta":{"_acf_changed":false},"product_brand":[],"product_cat":[5388],"product_tag":[6014],"woo-feed-brand":[5443],"class_list":{"0":"post-341890","1":"product","2":"type-product","3":"status-publish","4":"has-post-thumbnail","6":"product_cat-prislusenstvo","7":"product_tag-droix-hub-sk","8":"product_shipping_class-low-end","9":"pa_i-o-video-1x-hdmi-sk","10":"woo-feed-brand-droix-sk","12":"first","13":"outofstock","14":"sale","15":"taxable","16":"shipping-taxable","17":"purchasable","18":"product-type-simple"},"acf":[],"aioseo_notices":[],"_links":{"self":[{"href":"https:\/\/gpdstore.net\/sk\/wp-json\/wp\/v2\/product\/341890","targetHints":{"allow":["GET"]}}],"collection":[{"href":"https:\/\/gpdstore.net\/sk\/wp-json\/wp\/v2\/product"}],"about":[{"href":"https:\/\/gpdstore.net\/sk\/wp-json\/wp\/v2\/types\/product"}],"wp:featuredmedia":[{"embeddable":true,"href":"https:\/\/gpdstore.net\/sk\/wp-json\/wp\/v2\/media\/341928"}],"wp:attachment":[{"href":"https:\/\/gpdstore.net\/sk\/wp-json\/wp\/v2\/media?parent=341890"}],"wp:term":[{"taxonomy":"product_brand","embeddable":true,"href":"https:\/\/gpdstore.net\/sk\/wp-json\/wp\/v2\/product_brand?post=341890"},{"taxonomy":"product_cat","embeddable":true,"href":"https:\/\/gpdstore.net\/sk\/wp-json\/wp\/v2\/product_cat?post=341890"},{"taxonomy":"product_tag","embeddable":true,"href":"https:\/\/gpdstore.net\/sk\/wp-json\/wp\/v2\/product_tag?post=341890"},{"taxonomy":"woo-feed-brand","embeddable":true,"href":"https:\/\/gpdstore.net\/sk\/wp-json\/wp\/v2\/woo-feed-brand?post=341890"}],"curies":[{"name":"wp","href":"https:\/\/api.w.org\/{rel}","templated":true}]}}