{"id":284119,"date":"2024-03-18T17:00:25","date_gmt":"2024-03-18T17:00:25","guid":{"rendered":"https:\/\/gpdstore.net\/nezaraden\u00e9\/pridavne-zariadenie-gpd-win-max-2-2024-4g-lte\/"},"modified":"2025-12-23T10:20:17","modified_gmt":"2025-12-23T10:20:17","slug":"gpd-win-max-2-4g-lte-add-on","status":"publish","type":"product","link":"https:\/\/gpdstore.net\/sk\/product\/gpd-win-max-2-4g-lte-add-on\/","title":{"rendered":"Pr\u00eddavn\u00e9 zariadenie GPD WIN MAX 2 \/ 2024 4G LTE"},"content":{"rendered":"\n<p><br\/>Predstavujeme najnov\u0161ie roz\u0161\u00edrenie modulu 4G LTE pre GPD WIN MAX 2 \/ GPD WIN MAX 2 2024. Toto prelomov\u00e9 roz\u0161\u00edrenie umo\u017e\u0148uje hern\u00fdm nad\u0161encom odd\u00e1va\u0165 sa nepreru\u0161ovan\u00fdm hern\u00fdm marat\u00f3nom, nech s\u00fa kdeko\u013evek, v\u010faka bezprobl\u00e9mov\u00e9mu pripojeniu 4G a komplexnej podpore oper\u00e1tora. <\/p>\n\n<p>Tento modul 4G LTE, ktor\u00fd bol vytvoren\u00fd na z\u00e1klade sp\u00e4tnej v\u00e4zby pou\u017e\u00edvate\u013eov a starostlivo navrhnut\u00fd tak, aby prekonal technick\u00e9 prek\u00e1\u017eky, podporuje siete 4G TD-LTE, FDD-LTE a 3G CDMA a poskytuje v\u00fdkon podobn\u00fd be\u017en\u00fdm prenosn\u00fdm po\u010d\u00edta\u010dom. Jeho bezprobl\u00e9mov\u00e1 integr\u00e1cia do radu WIN Max 2 2024 odomyk\u00e1 kr\u00e1\u013eovstvo zlo\u017eit\u00fdch hern\u00fdch z\u00e1\u017eitkov, ktor\u00e9 boli predt\u00fdm mimo dosahu prenosn\u00fdch zariaden\u00ed. <\/p>\n","protected":false},"excerpt":{"rendered":"<ul>\n<li>Ofici\u00e1lny modul GPD WIN MAX 2 2024 LTE<\/li>\n<li>Podpora &#8211; 4G TD-LTE, FDD-LTE, 3G CDMA.<\/li>\n<li>Podpora siet\u00ed 4G TD-LTE, FDD-LTE a 3G CDMA<\/li>\n<li>Slot na kartu Nano-SIM na jednoduch\u00e9 pou\u017e\u00edvanie<\/li>\n<li>Model Quectel EG25-G<\/li>\n<\/ul>\n<pre><b>D\u00d4LE\u017dIT\u00c9<\/b>\nIN\u0160TAL\u00c1CIA VY\u017dADUJE OTVORENIE ZARIADENIA\nKOMPONENTY S\u00da MAL\u00c9 A JEMN\u00c9\nNEZODPOVED\u00c1ME ZA \u017dIADNE \u0160KODY SP\u00d4SOBEN\u00c9 Z\u00c1KAZN\u00cdKOM<\/pre>\n[cg_accordion title=\"INFORM\u00c1CIE O PLATBE\"]<\/p>\n<p>Pou\u017e\u00edvame najnov\u0161iu technol\u00f3giu spracovania platieb, ktor\u00e1 v\u00e1m umo\u017e\u0148uje vykona\u0165 platbu prostredn\u00edctvom Apple Pay, Google Pay, va\u0161ej debetnej\/kreditnej karty, PayPal alebo met\u00f3d BNPL, ako s\u00fa Klarna, Affirm alebo AfterPay, \u010do je r\u00fdchle a bezpe\u010dn\u00e9.[\/cg_accordion]\n[cg_accordion title=\"Z\u00c1RUKA\"]<\/p>\n<p>2 roky z\u00e1ruky od <a href=\"https:\/\/droix.net\/\" target=\"_blank\" rel=\"nofollow noopener\">spolo\u010dnosti DROIX Global pre<\/a> v\u00e1\u0161 pokoj[\/cg_accordion]\n[cg_accordion title=\"CENY, DANE A DOPRAVA\"]<\/p>\n<p><strong><u>Pozn\u00e1mka:<\/u><\/strong><\/p>\n<ul>\n<li>Z\u00e1kazn\u00edci zo Spojen\u00fdch \u0161t\u00e1tov: Z\u00e1kazn\u00edci: Zobrazen\u00e1 cena nezah\u0155\u0148a da\u0148 ani clo. Zodpovednos\u0165 za coln\u00e9 konanie a zaplatenie akejko\u013evek s\u00favisiacej dane\/coln\u00e9ho poplatku nesie z\u00e1kazn\u00edk. <\/li>\n<li>Z\u00e1kazn\u00edci z E\u00da: V zobrazenej cene je zahrnut\u00e1 platn\u00e1 DA\u0147, ktor\u00e1 m\u00f4\u017ee by\u0165 a\u017e 25% v z\u00e1vislosti od va\u0161ej krajiny.<\/li>\n<li>Z\u00e1kazn\u00edci z Kanady: V z\u00e1vislosti od va\u0161ej provincie m\u00f4\u017ee zobrazen\u00e1 cena zah\u0155\u0148a\u0165 pr\u00edslu\u0161n\u00e9 dane, ktor\u00e9 m\u00f4\u017eu zah\u0155\u0148a\u0165 5% GST a \u010fal\u0161ie provin\u010dn\u00e9 dane z predaja (PST), harmonizovan\u00fa da\u0148 z predaja (HST) alebo quebeck\u00fa da\u0148 z predaja (QST).<\/li>\n<\/ul>\n<p><strong>Len pre z\u00e1kazn\u00edkov z E\u00da:<\/strong> Expresn\u00e9 DDP (Delivered Duty Paid). To znamen\u00e1: <\/p>\n<ul>\n<li>V\u0161etky cl\u00e1 a dane s\u00fa zahrnut\u00e9 v cene zobrazenej na str\u00e1nke produktu.<\/li>\n<li>Pri doru\u010den\u00ed nemus\u00edte plati\u0165 \u017eiadne \u010fal\u0161ie poplatky.<\/li>\n<li>V zriedkav\u00fdch pr\u00edpadoch probl\u00e9mov s\u00favisiacich s coln\u00fdmi z\u00e1le\u017eitos\u0165ami sa n\u00e1\u0161 t\u00edm postar\u00e1 o coln\u00e9 konanie vo va\u0161om mene, aby sme zabezpe\u010dili bezprobl\u00e9mov\u00e9 doru\u010denie.<\/li>\n<p>D\u00f4le\u017eit\u00e9 inform\u00e1cie o vr\u00e1ten\u00ed tovaru:<\/p>\n<li>Ak sa rozhodnete vr\u00e1ti\u0165 objedn\u00e1vku alebo po\u017eiada\u0165 o vr\u00e1tenie pe\u0148az\u00ed, majte na pam\u00e4ti, \u017ee dane a cl\u00e1 zaplaten\u00e9 vo va\u0161om mene pod\u013ea podmienok DDP nie je mo\u017en\u00e9 vr\u00e1ti\u0165.<\/li>\n<p>Podrobn\u00e9 inform\u00e1cie n\u00e1jdete v na\u0161ich <a href=\"https:\/\/gpdstore.net\/sk\/terms-of-service\/\" target=\"_blank\" rel=\"nofollow noopener\">zmluvn\u00fdch podmienkach<\/a>.\n<\/ul>\n<p>[\/cg_accordion]\n[cg_accordion title=\"Z\u00c1KAZN\u00cdCKA PODPORA\"]<\/p>\n<p>M\u00e1te ot\u00e1zku? Od vyrie\u0161enia v\u00e1\u0161ho probl\u00e9mu n\u00e1s del\u00ed kr\u00e1tka textov\u00e1 spr\u00e1va!<br \/>\n[\/cg_accordion]\n[cg_accordion title=\"\u010cO JE S\u00da\u010cAS\u0164OU BALENIA\"]<\/p>\n<ul>\n<li>1x modul GPD WIN MAX 2 LTE<\/li>\n<\/ul>\n<p>[\/cg_accordion]\n","protected":false},"featured_media":284430,"template":"","meta":{"_acf_changed":false},"product_brand":[],"product_cat":[5388],"product_tag":[15761,6097],"woo-feed-brand":[5731],"class_list":{"0":"post-284119","1":"product","2":"type-product","3":"status-publish","4":"has-post-thumbnail","6":"product_cat-prislusenstvo","7":"product_tag-20xmsale-sk-2","8":"product_tag-gpd-wm2-prislusenstvo","9":"product_shipping_class-low-end","10":"pa_accessory-type-doplnky-sk","11":"pa_brand-gpd","12":"woo-feed-brand-gpd-sk","14":"first","15":"outofstock","16":"sale","17":"taxable","18":"shipping-taxable","19":"purchasable","20":"product-type-simple"},"acf":[],"aioseo_notices":[],"_links":{"self":[{"href":"https:\/\/gpdstore.net\/sk\/wp-json\/wp\/v2\/product\/284119","targetHints":{"allow":["GET"]}}],"collection":[{"href":"https:\/\/gpdstore.net\/sk\/wp-json\/wp\/v2\/product"}],"about":[{"href":"https:\/\/gpdstore.net\/sk\/wp-json\/wp\/v2\/types\/product"}],"wp:featuredmedia":[{"embeddable":true,"href":"https:\/\/gpdstore.net\/sk\/wp-json\/wp\/v2\/media\/284430"}],"wp:attachment":[{"href":"https:\/\/gpdstore.net\/sk\/wp-json\/wp\/v2\/media?parent=284119"}],"wp:term":[{"taxonomy":"product_brand","embeddable":true,"href":"https:\/\/gpdstore.net\/sk\/wp-json\/wp\/v2\/product_brand?post=284119"},{"taxonomy":"product_cat","embeddable":true,"href":"https:\/\/gpdstore.net\/sk\/wp-json\/wp\/v2\/product_cat?post=284119"},{"taxonomy":"product_tag","embeddable":true,"href":"https:\/\/gpdstore.net\/sk\/wp-json\/wp\/v2\/product_tag?post=284119"},{"taxonomy":"woo-feed-brand","embeddable":true,"href":"https:\/\/gpdstore.net\/sk\/wp-json\/wp\/v2\/woo-feed-brand?post=284119"}],"curies":[{"name":"wp","href":"https:\/\/api.w.org\/{rel}","templated":true}]}}