{"id":278871,"date":"2024-01-24T17:32:18","date_gmt":"2024-01-24T17:32:18","guid":{"rendered":"https:\/\/gpdstore.net\/nezaraden\u00e9\/dokovacia-stanica-sd1\/"},"modified":"2025-12-23T10:21:32","modified_gmt":"2025-12-23T10:21:32","slug":"sd1-docking-station","status":"publish","type":"product","link":"https:\/\/gpdstore.net\/sk\/product\/sd1-docking-station\/","title":{"rendered":"Dokovacia stanica SD1"},"content":{"rendered":"\n<h1 class=\"wp-block-heading\"><strong>Vyu\u017eite pln\u00fd potenci\u00e1l vreckov\u00e9ho hrania s dokovacou stanicou SD1!<\/strong><\/h1>\n\n<h3 class=\"wp-block-heading\">Bezprobl\u00e9mov\u00e1 integr\u00e1cia hier na dosah ruky!<\/h3>\n\n<p>Vitajte v dokonalej zmene hern\u00e9ho pr\u00edslu\u0161enstva pre vreckov\u00e9 hern\u00e9 po\u010d\u00edta\u010de! Predstavujeme dokovaciu stanicu SD1, \u0161peci\u00e1lne vytvoren\u00fa pre v\u00e1\u0161niv\u00fdch hr\u00e1\u010dov, ktor\u00ed t\u00fa\u017eia po plynulom a nepreru\u0161ovanom hran\u00ed. V\u010faka tejto najmodernej\u0161ej dokovacej stanici m\u00f4\u017eu hr\u00e1\u010di zv\u00fd\u0161i\u0165 mo\u017enosti svojich vreckov\u00fdch hern\u00fdch po\u010d\u00edta\u010dov ako nikdy predt\u00fdm. Od popul\u00e1rneho Steam Deck a\u017e po znamenit\u00fd AYA NEO Geek 1S, SD1 zah\u0155\u0148a v\u0161estrannos\u0165 a zabezpe\u010duje, \u017ee va\u0161e ob\u013e\u00faben\u00e9 vreckov\u00e9 zariadenie dostane potrebn\u00fa podporu. Jednoducho ho dokujte, pripojte pomocou k\u00e1bla USB typu C a sledujte, ako sa rozv\u00edjaj\u00fa k\u00fazla.    <\/p>\n\n<h3 class=\"wp-block-heading\"><strong>Ve\u013emi r\u00fdchle a stabiln\u00e9 pripojenie k internetu<\/strong><\/h3>\n\n<p>U\u017e \u017eiadne oneskorenie. U\u017e \u017eiadne preru\u0161enia. Ponorte sa do hern\u00e9ho vesm\u00edru v\u010faka gigabitov\u00e9mu ethernetu RJ45 v SD1. T\u00e1to dokovacia stanica s r\u00fdchlos\u0165ou st\u00fapaj\u00facou a\u017e na 1000 M v\u00e1m zaist\u00ed v\u00fdhodu v hr\u00e1ch pre viacer\u00fdch hr\u00e1\u010dov a poskytne mimoriadne citliv\u00e9 hern\u00e9 rel\u00e1cie. Rozl\u00fa\u010dte sa s frustruj\u00facim oneskoren\u00edm a priv\u00edtajte plynul\u00e9 hern\u00e9 interakcie v re\u00e1lnom \u010dase. Ke\u010f z\u00e1le\u017e\u00ed na ka\u017edej milisekunde, SD1 v\u00e1m zaru\u010d\u00ed, \u017ee budete v\u017edy o krok vpred.     <\/p>\n\n<h3 class=\"wp-block-heading\"><strong>\u017div\u00e9 a ostr\u00e9 zobrazenie<\/strong><\/h3>\n\n<p>Zlep\u0161ite svoj vizu\u00e1lny z\u00e1\u017eitok z hrania! Dokovacia stanica SD1 je vybaven\u00e1 v\u00fdstupom HDMI 2.0, v\u010faka ktor\u00e9mu sa hr\u00e1\u010di m\u00f4\u017eu ponori\u0165 do bohat\u00e9ho obrazu v rozl\u00ed\u0161en\u00ed 4K pri hodv\u00e1bne hladkej frekvencii 60 Hz. V\u010faka rozl\u00ed\u0161eniu a\u017e 4096 \u00d7 2160 o\u017eije ka\u017ed\u00fd pixel a vy sa ocitnete v centre diania. Za\u017eite hry v celej ich kr\u00e1se, s dokonal\u00fdmi detailmi, \u017eiv\u00fdmi farbami a bezkonkuren\u010dnou \u010distotou.   <\/p>\n\n<h3 class=\"wp-block-heading\"><strong>R\u00fdchle a efekt\u00edvne nap\u00e1janie<\/strong><\/h3>\n\n<p>Mo\u017enos\u0165 hra\u0165 donekone\u010dna! Dokovacia stanica SD1 nie je len o pripojen\u00ed a vizu\u00e1lnych efektoch, ale aj o tom, aby va\u0161e hern\u00e9 zariadenie bolo st\u00e1le nabit\u00e9 energiou. V\u010faka neuverite\u013enej 100W PD nab\u00edjacej schopnosti r\u00fdchlo dopln\u00ed energiu v\u00e1\u0161mu zariadeniu a zaist\u00ed, \u017ee v\u00e1m v z\u00e1pale boja nikdy ned\u00f4jde bat\u00e9ria. Hrajte \u010falej s istotou, \u017ee va\u0161e zariadenie je neust\u00e1le nap\u00e1jan\u00e9 spo\u013eahliv\u00fdm a r\u00fdchlym nab\u00edjac\u00edm syst\u00e9mom.   <\/p>\n\n<h3 class=\"wp-block-heading\"><strong>Pr\u00edstupnos\u0165 viacer\u00fdch portov pre lep\u0161iu pou\u017eite\u013enos\u0165<\/strong><\/h3>\n\n<p>V\u0161estrannos\u0165 v najlep\u0161om svetle! SD1 je vybaven\u00fd tromi portami USB typu A 3.0, ktor\u00e9 hr\u00e1\u010dom pon\u00fakaj\u00fa luxus pripojenia viacer\u00fdch perif\u00e9rnych zariaden\u00ed. \u010ci u\u017e ide o \u010fal\u0161\u00ed ovl\u00e1da\u010d, n\u00e1hlavn\u00fa s\u00fapravu alebo ak\u00e9ko\u013evek in\u00e9 pr\u00edslu\u0161enstvo zalo\u017een\u00e9 na USB, dokovacia stanica SD1 v\u00e1m zaru\u010d\u00ed, \u017ee budete pripraven\u00ed na ak\u00fdko\u013evek hern\u00fd scen\u00e1r. Za\u017eite r\u00fdchlej\u0161ie prenosy d\u00e1t a vychutnajte si hern\u00e9 prostredie bez neporiadku.   <\/p>\n\n<h3 class=\"wp-block-heading\"><strong>Robustn\u00e9 a efekt\u00edvne pripojenie<\/strong><\/h3>\n\n<p>Svet hern\u00fdch mo\u017enost\u00ed odomknut\u00fd jedin\u00fdm k\u00e1blom. SD1 vyu\u017e\u00edva v\u00fdkon USB typu C, \u010d\u00edm zabezpe\u010duje stabiln\u00e9 a efekt\u00edvne pripojenie medzi dokovacou stanicou a va\u0161\u00edm prenosn\u00fdm hern\u00fdm zariaden\u00edm. Toto inovat\u00edvne rie\u0161enie pripojenia s\u013eubuje nielen vy\u0161\u0161iu r\u00fdchlos\u0165 prenosu d\u00e1t, ale zabezpe\u010duje aj univerz\u00e1lnu kompatibilitu s najnov\u0161\u00edmi hern\u00fdmi zariadeniami.  <\/p>\n\n<h3 class=\"wp-block-heading\"><strong>Robustn\u00e1 kon\u0161trukcia s elegantnou estetikou<\/strong><\/h3>\n\n<p>Okrem technickej dokonalosti je SD1 d\u00f4kazom elegantn\u00e9ho dizajnu a robustnej kon\u0161trukcie. Vyroben\u00fd zo siv\u00e9ho hlin\u00edka p\u00f4sob\u00ed pr\u00e9miov\u00fdm dojmom a z\u00e1rove\u0148 s\u013eubuje dlh\u00fa \u017eivotnos\u0165. Aby boli va\u0161e cenn\u00e9 hern\u00e9 zariadenia v\u017edy chr\u00e1nen\u00e9, je vybaven\u00fd \u010diernymi silik\u00f3nov\u00fdmi podlo\u017ekami, ktor\u00e9 pon\u00fakaj\u00fa \u010fal\u0161iu vrstvu bezpe\u010dnosti proti po\u0161kriabaniu a ne\u00famyseln\u00e9mu sk\u013aznutiu.  <\/p>\n\n<h3 class=\"wp-block-heading\"><strong>Univerz\u00e1lna kompatibilita: Hr\u00e1\u010dske pote\u0161enie!<\/strong><\/h3>\n\n<p>Charakteristick\u00fdm znakom skvel\u00e9ho pr\u00edslu\u0161enstva je jeho prisp\u00f4sobivos\u0165 a SD1 v tomto oh\u013eade jasne \u017eiari. Je navrhnut\u00fd tak, aby sa prisp\u00f4sobil \u0161irokej \u0161k\u00e1le prenosn\u00fdch hern\u00fdch po\u010d\u00edta\u010dov, a zaru\u010duje, \u017ee \u017eiadny hr\u00e1\u010d nezostane pozadu. \u010ci u\u017e vlastn\u00edte najnov\u0161\u00ed GPD WIN 4 2023, alebo ONEXPLAYER 2, t\u00e1to dokovacia stanica je va\u0161im komplexn\u00fdm rie\u0161en\u00edm pre roz\u0161\u00edren\u00e9 hern\u00e9 mo\u017enosti. Testovan\u00e9 s Steam Deck, ROG Ally, GPD WIN 4, GPD WIN 4 2023, ONEXPLAYER 2, AYA NEO 2S, AYA NEO Geek a AYA NEO Geek 1S.   <\/p>\n\n<h3 class=\"wp-block-heading\"><strong>Na z\u00e1ver<\/strong><\/h3>\n\n<p>S dokovacou stanicou SD1 vst\u00fapi\u0161 do bud\u00facnosti vreckov\u00e9ho hrania. Nie je to len dokovacia stanica, je to z\u00e1\u017eitok, cesta, nov\u00fd sp\u00f4sob hrania. Pozdvihnite svoje hern\u00e9 rel\u00e1cie a prijmite nov\u00fa \u00e9ru vreckov\u00e9ho hrania s dokovacou stanicou SD1.  <\/p>\n\n<p><\/p>\n","protected":false},"excerpt":{"rendered":"<ul>\n<li>Dokovacia stanica <strong>SD1 <\/strong><\/li>\n<li>Gigabitov\u00fd Ethernet<\/li>\n<li>100W PD USB-C<\/li>\n<li>V\u00fdstup HDMI<\/li>\n<li><strong>Kompatibiln\u00e9 s<\/strong> GPD WIN 4 2024 a mnoh\u00fdmi \u010fal\u0161\u00edmi<\/li>\n<\/ul>\n[cg_accordion title=\"INFORM\u00c1CIE O PLATBE\"]<\/p>\n<p>Pou\u017e\u00edvame najnov\u0161iu technol\u00f3giu spracovania platieb, ktor\u00e1 v\u00e1m umo\u017e\u0148uje vykona\u0165 platbu prostredn\u00edctvom Apple Pay, Google Pay, va\u0161ej debetnej\/kreditnej karty, PayPal alebo met\u00f3d BNPL, ako s\u00fa Klarna, Affirm alebo AfterPay, \u010do je r\u00fdchle a bezpe\u010dn\u00e9.[\/cg_accordion]\n[cg_accordion title=\"Z\u00c1RUKA\"]<\/p>\n<p>2 roky z\u00e1ruky od spolo\u010dnosti <a href=\"https:\/\/droix.net\/\" target=\"_blank\" rel=\"nofollow noopener\">DROIX Global<\/a> pre v\u00e1\u0161 pokoj[\/cg_accordion]\n[cg_accordion title=\"CENY, DANE A DOPRAVA\"]<\/p>\n<p><strong><u>Pozn\u00e1mka:<\/u><\/strong><\/p>\n<ul>\n<li>Z\u00e1kazn\u00edci zo Spojen\u00fdch \u0161t\u00e1tov: Z\u00e1kazn\u00edci: Zobrazen\u00e1 cena nezah\u0155\u0148a da\u0148 ani clo. Zodpovednos\u0165 za coln\u00e9 konanie a zaplatenie akejko\u013evek s\u00favisiacej dane\/coln\u00e9ho poplatku nesie z\u00e1kazn\u00edk. <\/li>\n<li>Z\u00e1kazn\u00edci z E\u00da: V zobrazenej cene je zahrnut\u00e1 platn\u00e1 DA\u0147, ktor\u00e1 m\u00f4\u017ee by\u0165 a\u017e 25% v z\u00e1vislosti od va\u0161ej krajiny.<\/li>\n<li>Z\u00e1kazn\u00edci z Kanady: V z\u00e1vislosti od va\u0161ej provincie m\u00f4\u017ee zobrazen\u00e1 cena zah\u0155\u0148a\u0165 pr\u00edslu\u0161n\u00e9 dane, ktor\u00e9 m\u00f4\u017eu zah\u0155\u0148a\u0165 5% GST a \u010fal\u0161ie provin\u010dn\u00e9 dane z predaja (PST), harmonizovan\u00fa da\u0148 z predaja (HST) alebo quebeck\u00fa da\u0148 z predaja (QST).<\/li>\n<\/ul>\n<p><strong>Len pre z\u00e1kazn\u00edkov z E\u00da:<\/strong> Expresn\u00e9 DDP (Delivered Duty Paid). To znamen\u00e1: <\/p>\n<ul>\n<li>V\u0161etky cl\u00e1 a dane s\u00fa zahrnut\u00e9 v cene zobrazenej na str\u00e1nke produktu.<\/li>\n<li>Pri doru\u010den\u00ed nemus\u00edte plati\u0165 \u017eiadne \u010fal\u0161ie poplatky.<\/li>\n<li>V zriedkav\u00fdch pr\u00edpadoch probl\u00e9mov s\u00favisiacich s coln\u00fdmi z\u00e1le\u017eitos\u0165ami sa n\u00e1\u0161 t\u00edm postar\u00e1 o coln\u00e9 konanie vo va\u0161om mene, aby sme zabezpe\u010dili bezprobl\u00e9mov\u00e9 doru\u010denie.<\/li>\n<p>D\u00f4le\u017eit\u00e9 inform\u00e1cie o vr\u00e1ten\u00ed tovaru:<\/p>\n<li>Ak sa rozhodnete vr\u00e1ti\u0165 objedn\u00e1vku alebo po\u017eiada\u0165 o vr\u00e1tenie pe\u0148az\u00ed, majte na pam\u00e4ti, \u017ee dane a cl\u00e1 zaplaten\u00e9 vo va\u0161om mene pod\u013ea podmienok DDP nie je mo\u017en\u00e9 vr\u00e1ti\u0165.<\/li>\n<p>Podrobn\u00e9 inform\u00e1cie n\u00e1jdete v na\u0161ich <a href=\"https:\/\/gpdstore.net\/sk\/podmienky-sluzby\/\" target=\"_blank\" rel=\"nofollow noopener\">zmluvn\u00fdch podmienkach<\/a>.\n<\/ul>\n<p>[\/cg_accordion]\n[cg_accordion title=\"Z\u00c1KAZN\u00cdCKA PODPORA\"]<\/p>\n<p>M\u00e1te ot\u00e1zku? Od vyrie\u0161enia v\u00e1\u0161ho probl\u00e9mu n\u00e1s del\u00ed kr\u00e1tka textov\u00e1 spr\u00e1va!<br \/>\n[\/cg_accordion]\n[cg_accordion title=\"\u010cO JE S\u00da\u010cAS\u0164OU BALENIA\"]<\/p>\n<ul>\n<li>1x dokovacia stanica SD1<\/li>\n<\/ul>\n<p>[\/cg_accordion]\n","protected":false},"featured_media":278902,"template":"","meta":{"_acf_changed":false},"product_brand":[],"product_cat":[5388],"product_tag":[14795,6014],"woo-feed-brand":[5443],"class_list":{"0":"post-278871","1":"product","2":"type-product","3":"status-publish","4":"has-post-thumbnail","6":"product_cat-prislusenstvo","7":"product_tag-40xmsale-sk","8":"product_tag-droix-hub-sk","9":"product_shipping_class-standard","11":"pa_accessory-type-dokovacia-stanica","12":"pa_i-o-video-1x-hdmi-sk","13":"woo-feed-brand-droix-sk","15":"first","16":"outofstock","17":"sale","18":"taxable","19":"shipping-taxable","20":"purchasable","21":"product-type-simple"},"acf":[],"aioseo_notices":[],"_links":{"self":[{"href":"https:\/\/gpdstore.net\/sk\/wp-json\/wp\/v2\/product\/278871","targetHints":{"allow":["GET"]}}],"collection":[{"href":"https:\/\/gpdstore.net\/sk\/wp-json\/wp\/v2\/product"}],"about":[{"href":"https:\/\/gpdstore.net\/sk\/wp-json\/wp\/v2\/types\/product"}],"wp:featuredmedia":[{"embeddable":true,"href":"https:\/\/gpdstore.net\/sk\/wp-json\/wp\/v2\/media\/278902"}],"wp:attachment":[{"href":"https:\/\/gpdstore.net\/sk\/wp-json\/wp\/v2\/media?parent=278871"}],"wp:term":[{"taxonomy":"product_brand","embeddable":true,"href":"https:\/\/gpdstore.net\/sk\/wp-json\/wp\/v2\/product_brand?post=278871"},{"taxonomy":"product_cat","embeddable":true,"href":"https:\/\/gpdstore.net\/sk\/wp-json\/wp\/v2\/product_cat?post=278871"},{"taxonomy":"product_tag","embeddable":true,"href":"https:\/\/gpdstore.net\/sk\/wp-json\/wp\/v2\/product_tag?post=278871"},{"taxonomy":"woo-feed-brand","embeddable":true,"href":"https:\/\/gpdstore.net\/sk\/wp-json\/wp\/v2\/woo-feed-brand?post=278871"}],"curies":[{"name":"wp","href":"https:\/\/api.w.org\/{rel}","templated":true}]}}