{"id":266585,"date":"2024-01-23T12:16:16","date_gmt":"2024-01-23T12:16:16","guid":{"rendered":"https:\/\/gpdstore.net\/nezaraden\u00e9\/gpd-micro-pc\/"},"modified":"2025-12-23T10:25:29","modified_gmt":"2025-12-23T10:25:29","slug":"gpd-micro-pc","status":"publish","type":"product","link":"https:\/\/gpdstore.net\/sk\/product\/gpd-micro-pc\/","title":{"rendered":"GPD Micro PC UMPC"},"content":{"rendered":"\n<figure class=\"wp-block-video\"><video controls=\"\" muted=\"\" poster=\"https:\/\/gpdstore.net\/wp-content\/uploads\/2024\/01\/gpd-hero.jpg\" src=\"https:\/\/gpdstore.net\/wp-content\/uploads\/2024\/01\/Video-Project-22.mp4\"><\/video><\/figure>\n\n<div class=\"wp-block-columns is-layout-flex wp-container-core-columns-is-layout-28f84493 wp-block-columns-is-layout-flex\">\n<div class=\"wp-block-column is-layout-flow wp-block-column-is-layout-flow\" style=\"flex-basis:33.33%\">\n<figure class=\"wp-block-image size-full\"><img fetchpriority=\"high\" decoding=\"async\" width=\"1200\" height=\"929\" src=\"https:\/\/gpdstore.net\/wp-content\/uploads\/2024\/05\/1271643.jpg\" alt=\"GPD Micro PC, kompaktn&#xFD; a v&#x161;estrann&#xFD; minipo&#x10D;&#xED;ta&#x10D; ur&#x10D;en&#xFD; na pr&#xE1;cu na cest&#xE1;ch a produktivitu.\" class=\"wp-image-1670\" srcset=\"https:\/\/gpdstore.net\/wp-content\/uploads\/2024\/05\/1271643.jpg 1200w, https:\/\/gpdstore.net\/wp-content\/uploads\/2024\/05\/1271643-150x116.jpg 150w, https:\/\/gpdstore.net\/wp-content\/uploads\/2024\/05\/1271643-600x465.jpg 600w, https:\/\/gpdstore.net\/wp-content\/uploads\/2024\/05\/1271643-768x595.jpg 768w, https:\/\/gpdstore.net\/wp-content\/uploads\/2024\/05\/1271643-990x766.jpg 990w, https:\/\/gpdstore.net\/wp-content\/uploads\/2024\/05\/1271643-441x341.jpg 441w\" sizes=\"(max-width: 1200px) 100vw, 1200px\" \/><\/figure>\n<\/div>\n\n\n\n<div class=\"wp-block-column is-layout-flow wp-block-column-is-layout-flow\" style=\"flex-basis:66.66%\">\n<h2 class=\"wp-block-heading\">Mobiln\u00fd n\u00e1stroj na zv\u00fd\u0161enie produktivity s viacer\u00fdmi rozhraniami: 6&#8243; MicroPC!<\/h2>\n\n\n\n<p>Zatia\u013e \u010do Microsoft Surface Go bol oslavovan\u00fd ako kompaktn\u00fd, \u013eahk\u00fd a cenovo dostupn\u00fd v\u00fdkonn\u00fd po\u010d\u00edta\u010d, 6&#8243; MicroPC ho pos\u00fava na vy\u0161\u0161iu \u00farove\u0148. Nielen\u017ee je men\u0161\u00ed ako Surface Go, ale m\u00e1 aj viac rozhran\u00ed, \u010do z neho rob\u00ed neuverite\u013ene v\u0161estrann\u00e9 zariadenie. Tento z\u00e1zrak vo ve\u013ekosti dlane, ktor\u00fd v najten\u0161om bode meria len 15 mm a v\u00e1\u017ei iba 440 g, je navrhnut\u00fd pre ultraprenosnos\u0165 bez kompromisov vo v\u00fdkone. V\u010faka tepelnej kon\u0161trukcii so spotrebou energie len 10 W poskytuje MicroPC v\u00fdkon na \u00farovni Surface Go, a to v\u0161etko za v\u00fdhodnej\u0161iu cenu. MicroPC je ide\u00e1lny pre profesion\u00e1lov vo v\u0161etk\u00fdch odvetviach a predstavuje z\u00e1kladn\u00fd n\u00e1stroj mobilnej produktivity!<\/p>\n<\/div>\n<\/div>\n\n<h2 class=\"wp-block-heading has-text-align-center\">Extr\u00e9mna prenosnos\u0165 sa stret\u00e1va s praktick\u00fdm dizajnom: \u0160pecifik\u00e1cie a tvar GPD Micro PC<\/h2>\n\n<div class=\"wp-block-columns is-layout-flex wp-container-core-columns-is-layout-28f84493 wp-block-columns-is-layout-flex\">\n<div class=\"wp-block-column is-layout-flow wp-block-column-is-layout-flow\">\n<figure class=\"wp-block-image size-full is-resized\"><img decoding=\"async\" width=\"1000\" height=\"899\" src=\"https:\/\/gpdstore.net\/wp-content\/uploads\/2024\/05\/714PPtewL._AC_UF10001000_QL80_.jpg\" alt=\"GPD Micro PC so 6-palcov&#xFD;m displejom IPS, ide&#xE1;lny na prenosn&#xE9; po&#x10D;&#xED;ta&#x10D;e a multimedi&#xE1;lne &#xFA;lohy.\" class=\"wp-image-1675\" style=\"width:299px;height:auto\" srcset=\"https:\/\/gpdstore.net\/wp-content\/uploads\/2024\/05\/714PPtewL._AC_UF10001000_QL80_.jpg 1000w, https:\/\/gpdstore.net\/wp-content\/uploads\/2024\/05\/714PPtewL._AC_UF10001000_QL80_-150x135.jpg 150w, https:\/\/gpdstore.net\/wp-content\/uploads\/2024\/05\/714PPtewL._AC_UF10001000_QL80_-600x539.jpg 600w, https:\/\/gpdstore.net\/wp-content\/uploads\/2024\/05\/714PPtewL._AC_UF10001000_QL80_-768x690.jpg 768w, https:\/\/gpdstore.net\/wp-content\/uploads\/2024\/05\/714PPtewL._AC_UF10001000_QL80_-990x890.jpg 990w, https:\/\/gpdstore.net\/wp-content\/uploads\/2024\/05\/714PPtewL._AC_UF10001000_QL80_-441x396.jpg 441w\" sizes=\"(max-width: 1000px) 100vw, 1000px\" \/><\/figure>\n\n\n\n<h3 class=\"wp-block-heading\">Dokonal\u00fd vreckov\u00fd po\u010d\u00edta\u010d: Pre\u010do je 6-palcov\u00fd form\u00e1t ide\u00e1lny pre digit\u00e1lnych nom\u00e1dov<\/h3>\n\n\n\n<p>Tento minipo\u010d\u00edta\u010d s rozmermi len 6 \u00d7 4 palce a hmotnos\u0165ou len 440 gramov je ide\u00e1lny pre profesion\u00e1lov, \u0161tudentov a digit\u00e1lnych nom\u00e1dov, ktor\u00ed s\u00fa neust\u00e1le na cest\u00e1ch. V\u010faka \u0161tvorjadrov\u00e9mu procesoru Intel, 8 <a href=\"https:\/\/gpdstore.net\/sk\/product-attribute\/memory-ram-capacity\/8-gb-sk\/\" target=\"_blank\" rel=\"noreferrer noopener\">GB RAM<\/a> a 256 GB, <a href=\"https:\/\/gpdstore.net\/sk\/product-attribute\/storage-capacity\/256-gb-sk\/\" target=\"_blank\" data-type=\"link\" data-id=\"https:\/\/gpdstore.net\/product-attribute\/storage-capacity\/256gb\/\" rel=\"noreferrer noopener\">512 GB alebo<\/a> 1 TB <a href=\"https:\/\/gpdstore.net\/sk\/product-attribute\/storage-capacity\/512-gb-sk\/\" target=\"_blank\" rel=\"noreferrer noopener\">\u00falo\u017eisku<\/a> <a href=\"https:\/\/gpdstore.net\/sk\/product-attribute\/storage-capacity\/1-tb-sk\/\" target=\"_blank\" rel=\"noreferrer noopener\">poskytuje<\/a> svi\u017en\u00fd v\u00fdkon na multitasking a z\u00e1bavu na displeji s vysok\u00fdm rozl\u00ed\u0161en\u00edm.<\/p>\n<\/div>\n\n\n\n<div class=\"wp-block-column is-layout-flow wp-block-column-is-layout-flow\">\n<figure class=\"wp-block-image size-full\"><img decoding=\"async\" width=\"300\" height=\"300\" src=\"https:\/\/gpdstore.net\/wp-content\/uploads\/2024\/05\/078e6b89-8d78-4318-bf09-8caf8fecef63.__CR1800840840_PT0_SX300_V1___.jpg\" alt=\"GPD Micro PC, navrhnut&#xFD; tak, aby bol odoln&#xFD; vo&#x10D;i n&#xE1;razom a vydr&#x17E;al v r&#xF4;znych prostrediach\" class=\"wp-image-1672\" srcset=\"https:\/\/gpdstore.net\/wp-content\/uploads\/2024\/05\/078e6b89-8d78-4318-bf09-8caf8fecef63.__CR1800840840_PT0_SX300_V1___.jpg 300w, https:\/\/gpdstore.net\/wp-content\/uploads\/2024\/05\/078e6b89-8d78-4318-bf09-8caf8fecef63.__CR1800840840_PT0_SX300_V1___-150x150.jpg 150w, https:\/\/gpdstore.net\/wp-content\/uploads\/2024\/05\/078e6b89-8d78-4318-bf09-8caf8fecef63.__CR1800840840_PT0_SX300_V1___-100x100.jpg 100w\" sizes=\"(max-width: 300px) 100vw, 300px\" \/><\/figure>\n\n\n\n<h3 class=\"wp-block-heading\"><strong>\u0160krupina z ABS leteckej triedy: Presk\u00famanie odolnosti a ochrany GPD Micro PC<\/strong><\/h3>\n\n\n\n<p>Tento materi\u00e1l, vyroben\u00fd z leteckej syntetickej \u017eivice ABS najvy\u0161\u0161ej \u00farovne LG-DOW 121H dov\u00e1\u017eanej z Ju\u017enej K\u00f3rey, pon\u00faka v\u00fdnimo\u010dn\u00fa odolnos\u0165 a ochranu proti n\u00e1razom. V\u010faka zna\u010dnej hr\u00fabke 1 mm sa m\u00f4\u017ee pochv\u00e1li\u0165 spoma\u013eova\u010dom horenia, odolnos\u0165ou vo\u010di vysok\u00fdm teplot\u00e1m a certifik\u00e1tom oh\u0148ovzdornosti V-0. Jeho p\u00f4sobiv\u00e1 tvrdos\u0165 pod\u013ea Rockwella a\u017e 109 R a pevnos\u0165 v ohybe 26 000 kg\/cm\u00b2<\/p>\n<\/div>\n\n\n\n<div class=\"wp-block-column is-layout-flow wp-block-column-is-layout-flow\">\n<figure class=\"wp-block-image size-full\"><img loading=\"lazy\" decoding=\"async\" width=\"300\" height=\"300\" src=\"https:\/\/gpdstore.net\/wp-content\/uploads\/2024\/05\/84908091-c530-4179-9369-d0a566b13ce8.__CR1260949949_PT0_SX300_V1___.jpg\" alt=\"GPD Micro PC s podporou roz&#x161;&#xED;ren&#xFD;ch perif&#xE9;rnych zariaden&#xED;, ktor&#xE9; umo&#x17E;&#x148;uj&#xFA; v&#x161;estrann&#xE9; pripojenie a funk&#x10D;nos&#x165; v kompaktnom tvare\" class=\"wp-image-1674\" srcset=\"https:\/\/gpdstore.net\/wp-content\/uploads\/2024\/05\/84908091-c530-4179-9369-d0a566b13ce8.__CR1260949949_PT0_SX300_V1___.jpg 300w, https:\/\/gpdstore.net\/wp-content\/uploads\/2024\/05\/84908091-c530-4179-9369-d0a566b13ce8.__CR1260949949_PT0_SX300_V1___-150x150.jpg 150w, https:\/\/gpdstore.net\/wp-content\/uploads\/2024\/05\/84908091-c530-4179-9369-d0a566b13ce8.__CR1260949949_PT0_SX300_V1___-100x100.jpg 100w\" sizes=\"(max-width: 300px) 100vw, 300px\" \/><\/figure>\n\n\n\n<h3 class=\"wp-block-heading\"><strong>Roz\u0161\u00edrenie \u00falo\u017eiska a funk\u010dnosti: Pou\u017e\u00edvanie USB 3.0 a slotu Micro SD<\/strong><\/h3>\n\n\n\n<p>Toto zariadenie je vybaven\u00e9 tromi rozhraniami USB 3.0 a slotom Micro SD, v\u010faka \u010domu m\u00f4\u017ee poja\u0165 a\u017e \u0161tyri extern\u00e9 \u00falo\u017en\u00e9 zariadenia a pon\u00faka prakticky neobmedzen\u00fa \u00falo\u017en\u00fa kapacitu. Ale t\u00fdm sa v\u0161estrannos\u0165 nekon\u010d\u00ed. V\u010faka mo\u017enosti pripojenia \u010fal\u0161\u00edch perif\u00e9rnych zariaden\u00ed prostredn\u00edctvom rozbo\u010dova\u010da m\u00f4\u017eete prisp\u00f4sobi\u0165 nastavenie svojim potreb\u00e1m, \u010di u\u017e ide o zv\u00fd\u0161enie produktivity alebo roz\u0161\u00edrenie funkci\u00ed.<\/p>\n<\/div>\n<\/div>\n\n<figure class=\"wp-block-image size-large\"><img loading=\"lazy\" decoding=\"async\" width=\"1200\" height=\"563\" src=\"https:\/\/gpdstore.net\/wp-content\/uploads\/2024\/05\/1068053-1200x563.jpg\" alt=\"GPD Micro PC, kompaktn&#xFD; a v&#xFD;konn&#xFD; minipo&#x10D;&#xED;ta&#x10D; ide&#xE1;lny na mobiln&#xE9; po&#x10D;&#xED;ta&#x10D;e a produktivitu na cest&#xE1;ch\" class=\"wp-image-1678\" srcset=\"https:\/\/gpdstore.net\/wp-content\/uploads\/2024\/05\/1068053-1200x563.jpg 1200w, https:\/\/gpdstore.net\/wp-content\/uploads\/2024\/05\/1068053-150x70.jpg 150w, https:\/\/gpdstore.net\/wp-content\/uploads\/2024\/05\/1068053-600x281.jpg 600w, https:\/\/gpdstore.net\/wp-content\/uploads\/2024\/05\/1068053-768x360.jpg 768w, https:\/\/gpdstore.net\/wp-content\/uploads\/2024\/05\/1068053-1536x720.jpg 1536w, https:\/\/gpdstore.net\/wp-content\/uploads\/2024\/05\/1068053-990x464.jpg 990w, https:\/\/gpdstore.net\/wp-content\/uploads\/2024\/05\/1068053-441x207.jpg 441w, https:\/\/gpdstore.net\/wp-content\/uploads\/2024\/05\/1068053.jpg 1920w\" sizes=\"(max-width: 1200px) 100vw, 1200px\" \/><\/figure>\n\n<p><br\/>Za\u017eite \u0161pi\u010dkov\u00fd v\u00fdkon v kompaktnom balen\u00ed s po\u010d\u00edta\u010dom GPD Micro PC. Tento mini notebook so syst\u00e9mom Windows 10 PRO je prisp\u00f4soben\u00fd pre t\u00fdch, ktor\u00ed h\u013eadaj\u00fa r\u00fdchly a v\u00fdkonn\u00fd priemyseln\u00fd po\u010d\u00edta\u010d s robustn\u00fdmi komunika\u010dn\u00fdmi portami.<\/p>\n\n<figure class=\"wp-block-image size-large\"><img loading=\"lazy\" decoding=\"async\" width=\"1200\" height=\"600\" src=\"https:\/\/gpdstore.net\/wp-content\/uploads\/2024\/05\/MicroPC-1200x600.jpg\" alt=\"GPD Micro PC, mal&#xFD;, ale v&#xFD;konn&#xFD; prenosn&#xFD; po&#x10D;&#xED;ta&#x10D; ur&#x10D;en&#xFD; na v&#x161;estrann&#xE9; po&#x10D;&#xED;ta&#x10D;ov&#xE9; &#xFA;lohy\" class=\"wp-image-1677\" srcset=\"https:\/\/gpdstore.net\/wp-content\/uploads\/2024\/05\/MicroPC-1200x600.jpg 1200w, https:\/\/gpdstore.net\/wp-content\/uploads\/2024\/05\/MicroPC-150x75.jpg 150w, https:\/\/gpdstore.net\/wp-content\/uploads\/2024\/05\/MicroPC-600x300.jpg 600w, https:\/\/gpdstore.net\/wp-content\/uploads\/2024\/05\/MicroPC-768x384.jpg 768w, https:\/\/gpdstore.net\/wp-content\/uploads\/2024\/05\/MicroPC-1536x768.jpg 1536w, https:\/\/gpdstore.net\/wp-content\/uploads\/2024\/05\/MicroPC-990x495.jpg 990w, https:\/\/gpdstore.net\/wp-content\/uploads\/2024\/05\/MicroPC-441x221.jpg 441w, https:\/\/gpdstore.net\/wp-content\/uploads\/2024\/05\/MicroPC.jpg 1920w\" sizes=\"(max-width: 1200px) 100vw, 1200px\" \/><\/figure>\n\n<p>Po\u010d\u00edta\u010d Micro PC je vybaven\u00fd vysokor\u00fdchlostn\u00fdm \u0161tvorjadrov\u00fdm procesorom Intel\u00ae Celeron\u00ae N4120, ktor\u00fd dosahuje turbo frekvenciu a\u017e 2,6 GHz, a <a href=\"https:\/\/gpdstore.net\/sk\/product-attribute\/memory-ram-capacity\/8-gb-sk\/\" target=\"_blank\" rel=\"noreferrer noopener\">8 GB<\/a> r\u00fdchlej opera\u010dnej pam\u00e4te <a href=\"https:\/\/gpdstore.net\/sk\/product-attribute\/memory-ram-technology\/lpddr4-sk\/\" target=\"_blank\" rel=\"noreferrer noopener\">LPDDR4<\/a>. Vyberte si z troch mo\u017enost\u00ed ukladania: <a href=\"https:\/\/gpdstore.net\/sk\/product-attribute\/storage-capacity\/256-gb-sk\/\" target=\"_blank\" rel=\"noreferrer noopener\">256 GB<\/a>, <a href=\"https:\/\/gpdstore.net\/sk\/product-attribute\/storage-capacity\/512-gb-sk\/\" target=\"_blank\" rel=\"noreferrer noopener\">512 GB<\/a> alebo <a href=\"https:\/\/gpdstore.net\/sk\/product-attribute\/storage-capacity\/1-tb-sk\/\" target=\"_blank\" rel=\"noreferrer noopener\">1 TB<\/a> NGFF M.2 SATA SSD s mo\u017enos\u0165ou neskor\u0161ieho upgradu.<\/p>\n\n<p>Pripojite\u013enos\u0165 je \u0161pi\u010dkov\u00e1 a m\u00f4\u017ee konkurova\u0165 aj plnohodnotn\u00fdm priemyseln\u00fdm po\u010d\u00edta\u010dom, preto\u017ee obsahuje tri porty USB 3.0 typu A, jeden port USB typu C, s\u00e9riov\u00fd port RS232, port RJ45 1GB\/s Ethernet, port HDMI a \u010d\u00edta\u010dku kariet MicroSD. Medzi mo\u017enosti bezdr\u00f4tov\u00e9ho pripojenia patr\u00ed 802.11b\/g\/n\/ac, 2,4G\/5G Dual-band Wi-Fi a Bluetooth 4.2.<\/p>\n\n<p>6-palcov\u00fd displej po\u010d\u00edta\u010da Micro PC m\u00e1 rozl\u00ed\u0161enie 1280 \u00d7 720 a je chr\u00e1nen\u00fd sklom Corning Gorilla Glass 4 odoln\u00fdm proti po\u0161kriabaniu. Napriek v\u00fdkonn\u00e9mu hardv\u00e9ru je toto zariadenie kompaktn\u00e9, v zatvorenom stave m\u00e1 rozmery len 6&#8243; x 4,4&#8243; x 0,9&#8243; &#8211; je dostato\u010dne mal\u00e9 na to, aby sa zmestilo do vrecka alebo malej ta\u0161ky.<\/p>\n\n<p>GPD Micro pon\u00faka v\u00fdnimo\u010dn\u00fa prenosnos\u0165, rozsiahle mo\u017enosti pripojenia a vysok\u00fd v\u00fdkon, tak\u017ee je ide\u00e1lnou vo\u013ebou pre nad\u0161encov mikropo\u010d\u00edta\u010dov so syst\u00e9mom Windows 10.<\/p>\n\n<figure class=\"wp-block-image size-large\"><img loading=\"lazy\" decoding=\"async\" width=\"1200\" height=\"500\" src=\"https:\/\/gpdstore.net\/wp-content\/uploads\/2024\/05\/1068559-1200x500.jpg\" alt=\"GPD Micro PC, kompaktn&#xFD; a odoln&#xFD; minipo&#x10D;&#xED;ta&#x10D; ide&#xE1;lny na mobiln&#xFA; pr&#xE1;cu a produktivitu.\" class=\"wp-image-1676\" srcset=\"https:\/\/gpdstore.net\/wp-content\/uploads\/2024\/05\/1068559-1200x500.jpg 1200w, https:\/\/gpdstore.net\/wp-content\/uploads\/2024\/05\/1068559-150x63.jpg 150w, https:\/\/gpdstore.net\/wp-content\/uploads\/2024\/05\/1068559-600x250.jpg 600w, https:\/\/gpdstore.net\/wp-content\/uploads\/2024\/05\/1068559-768x320.jpg 768w, https:\/\/gpdstore.net\/wp-content\/uploads\/2024\/05\/1068559-1536x640.jpg 1536w, https:\/\/gpdstore.net\/wp-content\/uploads\/2024\/05\/1068559-990x413.jpg 990w, https:\/\/gpdstore.net\/wp-content\/uploads\/2024\/05\/1068559-441x184.jpg 441w, https:\/\/gpdstore.net\/wp-content\/uploads\/2024\/05\/1068559.jpg 1920w\" sizes=\"(max-width: 1200px) 100vw, 1200px\" \/><\/figure>\n","protected":false},"excerpt":{"rendered":"<ul>\n<li>Prisp\u00f4soben\u00e9 pre IT profesion\u00e1lov<\/li>\n<li>\u010cipov\u00e1 s\u00faprava Intel N4120<\/li>\n<li>Windows 10 <strong>Pro<\/strong><\/li>\n<li>S\u00e9riov\u00fd port RS-232<\/li>\n<li>Dvojp\u00e1smov\u00e9 pripojenie Wi-Fi a 1 gigabitov\u00fd port RJ45<\/li>\n<\/ul>\n<p>[cg_accordion title=\"INFORM\u00c1CIE O PLATBE\"]  Pou\u017e\u00edvame najnov\u0161iu technol\u00f3giu spracovania platieb, ktor\u00e1 v\u00e1m umo\u017e\u0148uje vykona\u0165 platbu prostredn\u00edctvom debetnej\/kreditnej karty alebo slu\u017eby PayPal, aby ste sa c\u00edtili r\u00fdchlo a bezpe\u010dne.[\/cg_accordion] [cg_accordion title=\"Z\u00c1RUKA\"]  2 roky z\u00e1ruky od <a href=\"https:\/\/droix.net\/\" target=\"_blank\" rel=\"nofollow noopener\">spolo\u010dnosti DROIX Global pre<\/a> v\u00e1\u0161 pokoj[\/cg_accordion] [cg_accordion title=\"ZABEZPE\u010cENIE KVALITY A TESTOVANIE PRED ODOSLAN\u00cdM\"]  Zabezpe\u010denie spokojnosti z\u00e1kazn\u00edkov na najvy\u0161\u0161ej \u00farovni: Pred odoslan\u00edm prech\u00e1dza ka\u017ed\u00e9 zariadenie pr\u00edsnym testovan\u00edm a viacbodovou kontrolou kvality. N\u00e1\u0161 \u0161pecializovan\u00fd t\u00edm overuje v\u00fdkon, funk\u010dnos\u0165 a integritu komponentov, aby sme v\u00e1m zaru\u010dili, \u017ee va\u0161e zariadenie GPD bude pri pr\u00edchode v perfektnom stave, \u010do v\u00e1m poskytne istotu a pokoj. [\/cg_accordion] [cg_accordion title=\"PRICING, TAXES AND SHIPPING\"] <strong><u>Pozn\u00e1mka:<\/u><\/strong><\/p>\n<ul>\n<li>Z\u00e1kazn\u00edci zo Spojen\u00fdch \u0161t\u00e1tov: Z\u00e1kazn\u00edci: Zobrazen\u00e1 cena nezah\u0155\u0148a da\u0148 ani clo. Zodpovednos\u0165 za coln\u00e9 konanie a zaplatenie akejko\u013evek s\u00favisiacej dane\/coln\u00e9ho poplatku nesie z\u00e1kazn\u00edk. <\/li>\n<li>Z\u00e1kazn\u00edci z E\u00da: V zobrazenej cene je zahrnut\u00e1 platn\u00e1 DA\u0147, ktor\u00e1 m\u00f4\u017ee by\u0165 a\u017e 25% v z\u00e1vislosti od va\u0161ej krajiny.<\/li>\n<li>Z\u00e1kazn\u00edci z Kanady: V z\u00e1vislosti od va\u0161ej provincie m\u00f4\u017ee zobrazen\u00e1 cena zah\u0155\u0148a\u0165 pr\u00edslu\u0161n\u00e9 dane, ktor\u00e9 m\u00f4\u017eu zah\u0155\u0148a\u0165 5% GST a \u010fal\u0161ie provin\u010dn\u00e9 dane z predaja (PST), harmonizovan\u00fa da\u0148 z predaja (HST) alebo quebeck\u00fa da\u0148 z predaja (QST).<\/li>\n<\/ul>\n<p><strong>Len pre z\u00e1kazn\u00edkov z E\u00da:<\/strong> Expresn\u00e9 DDP (Delivered Duty Paid). To znamen\u00e1: <\/p>\n<ul>\n<li style=\"list-style-type: none;\">\n<ul>\n<li>V\u0161etky cl\u00e1 a dane s\u00fa zahrnut\u00e9 v cene zobrazenej na str\u00e1nke produktu.<\/li>\n<li>Pri doru\u010den\u00ed nemus\u00edte plati\u0165 \u017eiadne \u010fal\u0161ie poplatky.<\/li>\n<li>V zriedkav\u00fdch pr\u00edpadoch probl\u00e9mov s\u00favisiacich s coln\u00fdmi z\u00e1le\u017eitos\u0165ami sa n\u00e1\u0161 t\u00edm postar\u00e1 o coln\u00e9 konanie vo va\u0161om mene, aby sme zabezpe\u010dili bezprobl\u00e9mov\u00e9 doru\u010denie.<\/li>\n<p>D\u00f4le\u017eit\u00e9 inform\u00e1cie o vr\u00e1ten\u00ed tovaru:<\/p>\n<li>Ak sa rozhodnete vr\u00e1ti\u0165 objedn\u00e1vku alebo po\u017eiada\u0165 o vr\u00e1tenie pe\u0148az\u00ed, majte na pam\u00e4ti, \u017ee dane a cl\u00e1 zaplaten\u00e9 vo va\u0161om mene pod\u013ea podmienok DDP nie je mo\u017en\u00e9 vr\u00e1ti\u0165.<\/li>\n<p>Pozrite si, pros\u00edm, n\u00e1\u0161<\/ul>\n<\/li>\n<\/ul>\n<p><a href=\"https:\/\/droix.net\/terms-and-conditions\/\" target=\"_blank\" rel=\"nofollow noopener\">Podmienky a pravidl\u00e1<\/a><\/p>\n<ul>podrobnej\u0161ie inform\u00e1cie.<\/ul>\n<p>[\/cg_accordion] [cg_accordion title=\"Z\u00c1KAZN\u00cdCKA PODPORA\"]  M\u00e1te ot\u00e1zku? Od vyrie\u0161enia v\u00e1\u0161ho probl\u00e9mu n\u00e1s del\u00ed kr\u00e1tka textov\u00e1 spr\u00e1va!  Podrobn\u00e9 inform\u00e1cie n\u00e1jdete v na\u0161ich <a href=\"https:\/\/gpdstore.net\/sk\/terms-of-service\/\" target=\"_blank\" rel=\"nofollow noopener\">zmluvn\u00fdch podmienkach<\/a>.  [\/cg_accordion] [cg_accordion title=\"WHAT'S INCLUDED\"]<\/p>\n<ul>\n<li>1x GPD Micro PC<\/li>\n<li>1x nap\u00e1jac\u00ed adapt\u00e9r<\/li>\n<li>1x k\u00e1bel USB typu C<\/li>\n<li>1x u\u017e\u00edvate\u013esk\u00e1 pr\u00edru\u010dka<\/li>\n<\/ul>\n<p>[\/cg_accordion]<\/p>\n","protected":false},"featured_media":267565,"template":"","meta":{"_acf_changed":false},"product_brand":[],"product_cat":[6669],"product_tag":[16883,9501],"woo-feed-brand":[5731],"class_list":{"0":"post-266585","1":"product","2":"type-product","3":"status-publish","4":"has-post-thumbnail","6":"product_cat-mini-notebooky-gpd","7":"product_tag-10xmsale-sk","8":"product_tag-gpd-micro-pc-sk","9":"product_shipping_class-standard","10":"pa_bluetooth-4-2-sk","11":"pa_brand-gpd","12":"pa_graphics-gpu-model-grafika-uhd-600-sk","13":"pa_i-o-video-1x-hdmi-2-0-typ-a-sk","14":"pa_memory-ram-capacity-8-gb-sk","15":"pa_memory-ram-technology-lpddr4-sk","16":"pa_processor-cpu-model-celeron-n4120-processor","17":"pa_storage-capacity-1-tb-sk","18":"pa_storage-capacity-1tb","19":"pa_storage-capacity-256-gb-sk","20":"pa_storage-capacity-256gb","21":"pa_storage-capacity-512-gb-sk","22":"pa_storage-capacity-512gb","23":"pa_storage-technology-ssd-disk-m-2-2242","24":"pa_wi-fi-dvojpasmove-pripojenie-2-4g-5g","25":"woo-feed-brand-gpd-sk","27":"first","28":"outofstock","29":"sale","30":"taxable","31":"shipping-taxable","32":"purchasable","33":"product-type-variable","34":"has-default-attributes"},"acf":[],"aioseo_notices":[],"_links":{"self":[{"href":"https:\/\/gpdstore.net\/sk\/wp-json\/wp\/v2\/product\/266585","targetHints":{"allow":["GET"]}}],"collection":[{"href":"https:\/\/gpdstore.net\/sk\/wp-json\/wp\/v2\/product"}],"about":[{"href":"https:\/\/gpdstore.net\/sk\/wp-json\/wp\/v2\/types\/product"}],"wp:featuredmedia":[{"embeddable":true,"href":"https:\/\/gpdstore.net\/sk\/wp-json\/wp\/v2\/media\/267565"}],"wp:attachment":[{"href":"https:\/\/gpdstore.net\/sk\/wp-json\/wp\/v2\/media?parent=266585"}],"wp:term":[{"taxonomy":"product_brand","embeddable":true,"href":"https:\/\/gpdstore.net\/sk\/wp-json\/wp\/v2\/product_brand?post=266585"},{"taxonomy":"product_cat","embeddable":true,"href":"https:\/\/gpdstore.net\/sk\/wp-json\/wp\/v2\/product_cat?post=266585"},{"taxonomy":"product_tag","embeddable":true,"href":"https:\/\/gpdstore.net\/sk\/wp-json\/wp\/v2\/product_tag?post=266585"},{"taxonomy":"woo-feed-brand","embeddable":true,"href":"https:\/\/gpdstore.net\/sk\/wp-json\/wp\/v2\/woo-feed-brand?post=266585"}],"curies":[{"name":"wp","href":"https:\/\/api.w.org\/{rel}","templated":true}]}}