{"id":230057,"date":"2023-11-29T11:23:37","date_gmt":"2023-11-29T11:23:37","guid":{"rendered":"https:\/\/gpdstore.net\/nezaraden\u00e9\/dokovacia-stanica-gpd-g1-2024-egpu\/"},"modified":"2026-03-27T11:14:22","modified_gmt":"2026-03-27T11:14:22","slug":"gpd-g1","status":"publish","type":"product","link":"https:\/\/gpdstore.net\/sk\/product\/gpd-g1\/","title":{"rendered":"Dokovacia stanica GPD G1 (2024) eGPU"},"content":{"rendered":"\n<figure class=\"wp-block-image aligncenter size-full\"><img decoding=\"async\" src=\"https:\/\/gpdstore.net\/wp-content\/uploads\/\" alt=\"Obr&#xE1;zok dokovacej stanice GPD G1 2024 eGPU s grafick&#xFD;m procesorom AMD Radeon RX 7600M XT, prep&#xED;na&#x10D;om TGP a v&#x161;estrann&#xFD;m pripojen&#xED;m. Ide&#xE1;lne pre hr&#xE1;&#x10D;ov a profesion&#xE1;lov. Predobjednajte si teraz revolu&#x10D;n&#xE9; mo&#x17E;nosti\" class=\"wp-image-1471\"\/><\/figure>\n\n<h2 class=\"wp-block-heading\"><strong>Dokovacia stanica GPD G1 2024 eGPU: Revolu\u010dn\u00fd skok<\/strong><\/h2>\n\n<p>Dokovacia stanica GPD G1 2024 eGPU predstavuje v\u00fdznamn\u00fd krok vpred vo svete extern\u00fdch grafick\u00fdch procesorov. T\u00e1to dokovacia stanica, navrhnut\u00e1 pre pou\u017e\u00edvate\u013eov, ktor\u00ed vy\u017eaduj\u00fa mobilitu aj vysok\u00fd v\u00fdpo\u010dtov\u00fd v\u00fdkon, nanovo definuje \u0161tandardy v odvetv\u00ed eGPU. V\u010faka \u0161pi\u010dkovej technol\u00f3gii vr\u00e1tane grafickej karty AMD Radeon RX 7600M XT a inovat\u00edvnym funkci\u00e1m, ako je prep\u00edna\u010d TGP, je dokovacia stanica GPD G1 eGPU ur\u010den\u00e1 pre hr\u00e1\u010dov aj profesion\u00e1lov. Jeho elegantn\u00fd a prenosn\u00fd dizajn nielen\u017ee roz\u0161\u00edri v\u00e1\u0161 pracovn\u00fd priestor, ale z\u00e1rove\u0148 poskytuje vysok\u00fd v\u00fdkon, nech ste kdeko\u013evek. So zariaden\u00edm GPD G1 m\u00f4\u017eete prija\u0165 bud\u00facnos\u0165 z\u00e1bavy a produktivity bez kompromisov.<\/p>\n\n<figure class=\"wp-block-gallery has-nested-images columns-default is-cropped wp-block-gallery-1 is-layout-flex wp-block-gallery-is-layout-flex\">\n<figure class=\"wp-block-image size-large\"><img decoding=\"async\" data-id=\"1494\" src=\"https:\/\/gpdstore.net\/wp-content\/uploads\/\" alt=\"Obr&#xE1;zok zobrazuje vreckov&#xE9; zariadenie GPD G1 pripojen&#xE9; k notebooku WIN Max 2, pri&#x10D;om obe zariadenia s&#xFA; pripojen&#xE9; k extern&#xFD;m monitorom na roz&#x161;&#xED;ren&#xE9; nastavenie zobrazenia\" class=\"wp-image-1494\"\/><\/figure>\n\n\n\n<figure class=\"wp-block-image size-large\"><img decoding=\"async\" data-id=\"1493\" src=\"https:\/\/gpdstore.net\/wp-content\/uploads\/\" alt=\"Obr&#xE1;zok zobrazuj&#xFA;ci vreckov&#xE9; zariadenie GPD G1 pripojen&#xE9; k notebooku WIN 4 spolu s extern&#xFD;mi monitormi, &#x10D;o umo&#x17E;&#x148;uje nastavenie s viacer&#xFD;mi displejmi\" class=\"wp-image-1493\"\/><\/figure>\n\n\n\n<figure class=\"wp-block-image size-large\"><img decoding=\"async\" data-id=\"1467\" src=\"https:\/\/gpdstore.net\/wp-content\/uploads\/\" alt=\"Obr&#xE1;zok zobrazuj&#xFA;ci vreckov&#xE9; zariadenie GPD G1 pripojen&#xE9; k zariadeniu GPD Pocket 3, pri&#x10D;om obe zariadenia s&#xFA; prepojen&#xE9; s extern&#xFD;mi monitormi pre konfigur&#xE1;ciu s viacer&#xFD;mi displejmi\" class=\"wp-image-1467\"\/><\/figure>\n\n\n\n<figure class=\"wp-block-image size-large\"><img decoding=\"async\" data-id=\"1464\" src=\"https:\/\/gpdstore.net\/wp-content\/uploads\/\" alt=\"GPD G1 2024, elegantn&#xE9; vreckov&#xE9; hern&#xE9; zariadenie so &#x17E;iariv&#xFD;m displejom, ergonomick&#xFD;m ovl&#xE1;dan&#xED;m a modern&#xFD;m dizajnom.\" class=\"wp-image-1464\"\/><\/figure>\n\n\n\n<figure class=\"wp-block-image size-large\"><img fetchpriority=\"high\" decoding=\"async\" width=\"1000\" height=\"1000\" data-id=\"1465\" src=\"https:\/\/gpdstore.net\/wp-content\/uploads\/2024\/05\/GPD-G1_2024-USAGE-IMAGE-5.jpg\" alt=\"Obr&#xE1;zok vreckov&#xE9;ho zariadenia GPD G1 pripojen&#xE9;ho k prenosn&#xE9;mu po&#x10D;&#xED;ta&#x10D;u.\" class=\"wp-image-1465\" srcset=\"https:\/\/gpdstore.net\/wp-content\/uploads\/2024\/05\/GPD-G1_2024-USAGE-IMAGE-5.jpg 1000w, https:\/\/gpdstore.net\/wp-content\/uploads\/2024\/05\/GPD-G1_2024-USAGE-IMAGE-5-600x600.jpg 600w, https:\/\/gpdstore.net\/wp-content\/uploads\/2024\/05\/GPD-G1_2024-USAGE-IMAGE-5-150x150.jpg 150w, https:\/\/gpdstore.net\/wp-content\/uploads\/2024\/05\/GPD-G1_2024-USAGE-IMAGE-5-768x768.jpg 768w, https:\/\/gpdstore.net\/wp-content\/uploads\/2024\/05\/GPD-G1_2024-USAGE-IMAGE-5-990x990.jpg 990w, https:\/\/gpdstore.net\/wp-content\/uploads\/2024\/05\/GPD-G1_2024-USAGE-IMAGE-5-441x441.jpg 441w, https:\/\/gpdstore.net\/wp-content\/uploads\/2024\/05\/GPD-G1_2024-USAGE-IMAGE-5-100x100.jpg 100w\" sizes=\"(max-width: 1000px) 100vw, 1000px\" \/><\/figure>\n\n\n\n<figure class=\"wp-block-image size-large\"><img decoding=\"async\" data-id=\"1466\" src=\"https:\/\/gpdstore.net\/wp-content\/uploads\/\" alt=\"Dokovacia stanica GPD G1 2024 eGPU: GPU AMD Radeon RX 7600M XT, prep&#xED;na&#x10D; TGP a v&#x161;estrann&#xE9; mo&#x17E;nosti pripojenia. Ide&#xE1;lne pre hr&#xE1;&#x10D;ov a profesion&#xE1;lov.\" class=\"wp-image-1466\"\/><\/figure>\n<\/figure>\n\n<div class=\"wp-block-columns is-layout-flex wp-container-core-columns-is-layout-28f84493 wp-block-columns-is-layout-flex\">\n<div class=\"wp-block-column is-layout-flow wp-block-column-is-layout-flow\" style=\"flex-basis:66.66%\">\n<figure class=\"wp-block-image size-full\"><img decoding=\"async\" src=\"https:\/\/gpdstore.net\/wp-content\/uploads\/\" alt=\"Obr&#xE1;zok predstavuj&#xFA;ci dokovaciu stanicu GPD G1 2024 eGPU, na ktorom je zv&#xFD;raznen&#xFD; grafick&#xFD; procesor AMD Radeon RX 7600M XT, prep&#xED;na&#x10D; TGP a v&#x161;estrann&#xE9; mo&#x17E;nosti pripojenia. Ide&#xE1;lny pre hr&#xE1;&#x10D;ov a profesion&#xE1;lov, ktor&#xED; h&#x13E;adaj&#xFA; bezkonkuren&#x10D;n&#xFD; v&#xFD;kon a elegantn&#xFD; dizajn.\" class=\"wp-image-995\"\/><\/figure>\n<\/div>\n\n\n\n<div class=\"wp-block-column is-layout-flow wp-block-column-is-layout-flow\" style=\"flex-basis:33.33%\">\n<h2 class=\"wp-block-heading has-text-align-left\"><strong>GPD G1 2024 &#8211;<\/strong> <strong><strong>Najmen\u0161\u00ed roz\u0161iruj\u00faci dok pre grafick\u00e9 karty <\/strong><\/strong> <\/h2>\n\n\n\n<p>Dokovacia stanica eGPU stanovuje nov\u00e9 technologick\u00e9 \u0161tandardy a pon\u00faka bezkonkuren\u010dn\u00fd v\u00fdkon, dizajn a funk\u010dnos\u0165. V\u010faka v\u00fdkonn\u00e9mu grafick\u00e9mu procesoru AMD Radeon RX 7600M XT, inovat\u00edvnemu prep\u00edna\u010du TGP a v\u0161estrann\u00fdm mo\u017enostiam pripojenia je to dokonal\u00e9 rie\u0161enie pre hr\u00e1\u010dov a profesion\u00e1lov. Predobjednajte si dokovaciu stanicu GPD G1 2024 eGPU e\u0161te dnes a bu\u010fte medzi prv\u00fdmi, ktor\u00ed si vysk\u00fa\u0161aj\u00fa jej prelomov\u00e9 funkcie. Vykro\u010dte do bud\u00facnosti s GPD G1 &#8211; kde sa v\u00fdkon sn\u00fabi s prenosnos\u0165ou. <\/p>\n<\/div>\n<\/div>\n\n<h2 class=\"wp-block-heading has-text-align-center\">Kontrola v\u00fdkonu novej gener\u00e1cie: TGP a konektivita pre v\u00fdkonn\u00fdch pou\u017e\u00edvate\u013eov<\/h2>\n\n<div class=\"wp-block-columns is-layout-flex wp-container-core-columns-is-layout-28f84493 wp-block-columns-is-layout-flex\">\n<div class=\"wp-block-column is-layout-flow wp-block-column-is-layout-flow\">\n<figure class=\"wp-block-image size-full is-resized\"><img decoding=\"async\" src=\"https:\/\/gpdstore.net\/wp-content\/uploads\/\" alt=\"Obr&#xE1;zok dokovacej stanice GPD G1 2024 eGPU s grafick&#xFD;m procesorom AMD Radeon RX 7600M XT, prep&#xED;na&#x10D;om TGP na lep&#x161;ie ovl&#xE1;danie v&#xFD;konu a v&#x161;estrann&#xFD;m pripojen&#xED;m. Ide&#xE1;lne pre hr&#xE1;&#x10D;ov a profesion&#xE1;lov. Predobjednajte si teraz revolu&#x10D;n&#xE9; mo&#x17E;nosti.\" class=\"wp-image-1510\" style=\"width:281px;height:auto\"\/><\/figure>\n\n\n\n<h3 class=\"wp-block-heading\"><strong>Tich\u00fd re\u017eim vs. zv\u00fd\u0161en\u00fd v\u00fdkon: Ako prep\u00edna\u010d TGP (60W\/100W) optimalizuje va\u0161e z\u00e1\u017eitky<\/strong><\/h3>\n\n\n\n<p>Exkluz\u00edvne tla\u010didlo \u201eTGP Toggle Key\u201c, po\u010das hrania m\u00f4\u017eete vo\u013ene prep\u00edna\u0165 medzi tich\u00fdm a v\u00fdkonn\u00fdm re\u017eimom.<br\/>Prep\u00edna\u010d TGP Toggle Switch umo\u017e\u0148uje pou\u017e\u00edvate\u013eom vybra\u0165 si medzi tich\u00fdm re\u017eimom (60 W TGP) pre ni\u017e\u0161iu hlu\u010dnos\u0165 a norm\u00e1lnym re\u017eimom (100 W TGP) pre vy\u0161\u0161\u00ed v\u00fdkon, \u010do pon\u00faka flexibilitu na z\u00e1klade potrieb pou\u017e\u00edvate\u013eov.<\/p>\n<\/div>\n\n\n\n<div class=\"wp-block-column is-layout-flow wp-block-column-is-layout-flow\">\n<figure class=\"wp-block-image size-full is-resized\"><img decoding=\"async\" src=\"https:\/\/gpdstore.net\/wp-content\/uploads\/\" alt=\"Obr&#xE1;zok GPD G1 2024 M.2 Karta adapt&#xE9;ra rozhrania protokolu NVMe k Oculink SFF-8612, ktor&#xE1; pon&#xFA;ka kompaktn&#xE9; roz&#x161;&#xED;renie pre grafick&#xE9; karty\" class=\"wp-image-1507\" style=\"width:284px;height:auto\"\/><\/figure>\n\n\n\n<h3 class=\"wp-block-heading\"><strong>V\u00fdhoda Oculink: Pre\u010do rozhranie SFF-8612 poskytuje vynikaj\u00facu \u0161\u00edrku p\u00e1sma pre eGPU<\/strong><\/h3>\n\n\n\n<p>Z\u00e1kladn\u00e9 dosky ITX, ako je Z690I, zvy\u010dajne poskytuj\u00fa tri rozhrania M.2, z ktor\u00fdch jedno mo\u017eno pou\u017ei\u0165 na pripojenie karty adapt\u00e9ra. Na pripojenie rozhrania Oculink SFF-8612 karty adapt\u00e9ra k rozhraniu Oculink SFF-8612 zariadenia GPD G1 sa potom m\u00f4\u017ee pou\u017ei\u0165 dvojportov\u00fd k\u00e1bel Oculink SF-8611<\/p>\n<\/div>\n\n\n\n<div class=\"wp-block-column is-layout-flow wp-block-column-is-layout-flow\">\n<figure class=\"wp-block-image size-full is-resized\"><img decoding=\"async\" src=\"https:\/\/gpdstore.net\/wp-content\/uploads\/\" alt=\"Obr&#xE1;zok rozhrania GPD G1 2024 SFF-8612 Interface Adapter Card, najmen&#x161;ieho roz&#x161;iruj&#xFA;ceho doku pre grafick&#xE9; karty.\" class=\"wp-image-1508\" style=\"width:227px;height:auto\"\/><\/figure>\n\n\n\n<h3 class=\"wp-block-heading\"><strong>Rie\u0161enie probl\u00e9mu s polovi\u010dnou v\u00fd\u0161kou: pou\u017eitie dlh\u00e9ho a kr\u00e1tkeho dr\u017eiaka na mont\u00e1\u017e grafickej karty<\/strong><\/h3>\n\n\n\n<p>Grafick\u00e9 karty s polovi\u010dnou v\u00fd\u0161kou vhodn\u00e9 pre skrinky ITX s\u00fa zriedkav\u00e9 a v\u00fdkonn\u00e9 grafick\u00e9 karty s polovi\u010dnou v\u00fd\u0161kou takmer neexistuj\u00fa. Preto m\u00f4\u017eete na pripojenie GPD G1 nain\u0161talova\u0165 kartu adapt\u00e9ra rozhrania PCIe 3.0 x4 na Oculink SFF-8612. Dlh\u00fd dr\u017eiak a kr\u00e1tky dr\u017eiak sa daj\u00fa \u013eahko vymeni\u0165.<\/p>\n\n\n\n<h3 class=\"wp-block-heading\"><strong><br\/><\/strong><\/h3>\n<\/div>\n<\/div>\n\n<h2 class=\"wp-block-heading\"><strong>Preh\u013ead produktov<\/strong><\/h2>\n\n<p>Dokovacia stanica GPD G1 2024 eGPU je stelesnen\u00edm technologick\u00e9ho pokroku a ergonomick\u00e9ho dizajnu. V\u010faka grafick\u00e9mu procesoru AMD Radeon RX 7600M XT a architekt\u00fare RDNA 3.0 pon\u00faka bezkonkuren\u010dn\u00fd grafick\u00fd v\u00fdkon vhodn\u00fd na hranie hier AAA v rozl\u00ed\u0161en\u00ed a\u017e 4K. Toto zariadenie je ur\u010den\u00e9 pre r\u00f4zne skupiny pou\u017e\u00edvate\u013eov, od hern\u00fdch nad\u0161encov, ktor\u00ed h\u013eadaj\u00fa \u0161pi\u010dkov\u00fd v\u00fdkon, a\u017e po profesion\u00e1lov, ktor\u00ed potrebuj\u00fa v\u00fdpo\u010dtov\u00fd v\u00fdkon na cest\u00e1ch.<\/p>\n\n<figure class=\"wp-block-image size-full\"><img decoding=\"async\" src=\"https:\/\/gpdstore.net\/wp-content\/uploads\/\" alt=\"Obr&#xE1;zok dokovacej stanice GPD G1 2024 eGPU s GPU AMD Radeon RX 7600M XT, prep&#xED;na&#x10D;om TGP a  \" class=\"wp-image-1511\"\/><\/figure>\n\n<p>Dokovacia stanica GPD G1 2024 eGPU pon\u00faka v\u00fdnimo\u010dn\u00fa v\u0161estrannos\u0165 v\u010faka mo\u017enostiam pripojenia OcuLink a USB 4 a podporuje \u0161irok\u00fa \u0161k\u00e1lu prenosn\u00fdch hern\u00fdch po\u010d\u00edta\u010dov a zariaden\u00ed. Jeho kompaktn\u00fd a \u013eahk\u00fd dizajn s rozmermi len 22,5 \u00d7 11,1 \u00d7 3,0 cm a hmotnos\u0165ou 920 g zaru\u010duje prenosnos\u0165 bez straty v\u00fdkonu. \u010ci u\u017e ste doma alebo na cest\u00e1ch, dokovacia stanica GPD G1 eGPU v\u00e1m u\u013eah\u010d\u00ed hranie hier aj \u00falohy s\u00favisiace s produktivitou. Okrem toho kompatibilita s ROG ALLY X roz\u0161iruje jeho pou\u017eite\u013enos\u0165 vo viacer\u00fdch hern\u00fdch syst\u00e9moch.<\/p>\n\n<figure class=\"wp-block-image aligncenter size-full\"><img decoding=\"async\" width=\"900\" height=\"559\" src=\"https:\/\/gpdstore.net\/wp-content\/uploads\/2024\/05\/3-1.png\" alt=\"Rozmery GPD G1 eGPU: Kompaktn&#xE9; a priestorovo &#xFA;sporn&#xE9; pre bezprobl&#xE9;mov&#xFA; integr&#xE1;ciu.\" class=\"wp-image-1512\" srcset=\"https:\/\/gpdstore.net\/wp-content\/uploads\/2024\/05\/3-1.png 900w, https:\/\/gpdstore.net\/wp-content\/uploads\/2024\/05\/3-1-600x373.png 600w, https:\/\/gpdstore.net\/wp-content\/uploads\/2024\/05\/3-1-768x477.png 768w, https:\/\/gpdstore.net\/wp-content\/uploads\/2024\/05\/3-1-320x200.png 320w, https:\/\/gpdstore.net\/wp-content\/uploads\/2024\/05\/3-1-360x224.png 360w, https:\/\/gpdstore.net\/wp-content\/uploads\/2024\/05\/3-1-441x274.png 441w, https:\/\/gpdstore.net\/wp-content\/uploads\/2024\/05\/3-1-150x93.png 150w\" sizes=\"(max-width: 900px) 100vw, 900px\" \/><\/figure>\n\n<h2 class=\"wp-block-heading\"><strong>Podrobn\u00e9 funkcie<\/strong><\/h2>\n\n<p><strong>V\u00fdkon:<\/strong> GPD G1 2024 je vybaven\u00e1 grafick\u00fdm procesorom AMD Radeon RX 7600M XT s 32 v\u00fdpo\u010dtov\u00fdmi jednotkami s taktom a\u017e 2300 MHz a 8 GB pam\u00e4te GDDR6. Vstavan\u00e1 240W nab\u00edja\u010dka GaN zariadenia poskytuje dostatok energie na trval\u00fd v\u00fdkon. <\/p>\n\n<p><strong>Grafick\u00fd v\u00fdkon:<\/strong> Srdcom v\u00fdnimo\u010dn\u00e9ho v\u00fdkonu GPD G1 je jeho grafick\u00fd procesor. Dok\u00e1\u017ee poh\u00e1\u0148a\u0165 hry a aplik\u00e1cie v rozl\u00ed\u0161en\u00ed a\u017e 4K, poskytuje \u017eiv\u00e9 vizu\u00e1ly a plynul\u00e9 hranie, ide\u00e1lne pre tituly AAA. <\/p>\n\n<figure class=\"wp-block-image aligncenter size-full\"><img decoding=\"async\" src=\"https:\/\/gpdstore.net\/wp-content\/uploads\/\" alt=\"Obr&#xE1;zok dokovacej stanice GPD G1 2024 eGPU s grafick&#xFD;m procesorom AMD Radeon RX 7600M XT, prep&#xED;na&#x10D;om TGP a v&#x161;estrann&#xFD;mi mo&#x17E;nos&#x165;ami pripojenia. Ide&#xE1;lne pre hr&#xE1;&#x10D;ov a profesion&#xE1;lov. Predobjednajte si teraz revolu&#x10D;n&#xE9; mo&#x17E;nosti.\" class=\"wp-image-1505\"\/><\/figure>\n\n<h2 class=\"wp-block-heading\"><strong>Aktualizovan\u00e9 porty HDMI a USB<\/strong><\/h2>\n\n<p>Model GPD G1 2024 eGPU je vybaven\u00fd aktualizovan\u00fdm portom HDMI 2.1 s podporou v\u00fdstupu 4K 120 Hz a portom USB 4 s v\u00fdstupn\u00fdm v\u00fdkonom 65 W, \u010do zvy\u0161uje kvalitu obrazu a kompatibilitu zariaden\u00ed.<\/p>\n\n<h2 class=\"wp-block-heading\"><strong>Sk\u00fasenosti pou\u017e\u00edvate\u013eov<\/strong><\/h2>\n\n<p>GPD G1 nanovo definuje pou\u017e\u00edvate\u013esk\u00fd z\u00e1\u017eitok t\u00fdm, \u017ee pon\u00faka hern\u00fd v\u00fdkon na \u00farovni stoln\u00e9ho po\u010d\u00edta\u010da v prenosnom form\u00e1te. V\u010faka viacer\u00fdm portom USB a v\u00fdstupom HDMI a du\u00e1lnemu DisplayPortu m\u00f4\u017eu pou\u017e\u00edvatelia vytv\u00e1ra\u0165 pohlcuj\u00face hern\u00e9 zostavy alebo produkt\u00edvne prostredia pre multitasking. Ergonomick\u00fd dizajn zariadenia a jednoduch\u00fd proces nastavenia zaru\u010duj\u00fa, \u017ee pou\u017e\u00edvatelia m\u00f4\u017eu za\u010da\u0165 hra\u0165 alebo pracova\u0165 v priebehu nieko\u013ek\u00fdch min\u00fat.<\/p>\n\n<div class=\"wp-block-columns is-layout-flex wp-container-core-columns-is-layout-28f84493 wp-block-columns-is-layout-flex\">\n<div class=\"wp-block-column is-layout-flow wp-block-column-is-layout-flow\" style=\"flex-basis:100%\">\n<h2 class=\"wp-block-heading\"><strong>Z\u00e1ver<\/strong><\/h2>\n<\/div>\n<\/div>\n\n<p>Dokovacia stanica GPD G1 2024 eGPU je l\u00eddrom v oblasti technologick\u00fdch inov\u00e1ci\u00ed a sp\u00e1ja v sebe \u0161pi\u010dkov\u00fd v\u00fdkon, elegantn\u00fd dizajn a v\u00fdnimo\u010dn\u00fa funk\u010dnos\u0165. Je vybaven\u00e1 impozantn\u00fdm grafick\u00fdm procesorom AMD Radeon RX 7600M XT a priekopn\u00edckym prep\u00edna\u010dom TGP, poskytuje v\u0161estrann\u00e9 mo\u017enosti pripojenia a je kompatibiln\u00e1 s ROG Ally. Dokovacia stanica GPD G1 eGPU je definit\u00edvnou vo\u013ebou pre t\u00fdch, ktor\u00ed sa usiluj\u00fa o najvy\u0161\u0161iu \u00farove\u0148 hrania a produktivity.  Vst\u00fapte do bud\u00facnosti z\u00e1bavy so zariaden\u00edm, ktor\u00e9 sa vyman\u00ed z obmedzen\u00ed be\u017enej v\u00fdpo\u010dtovej techniky.<\/p>\n\n<h2 class=\"wp-block-heading has-text-align-center\">Najlep\u0161ie hern\u00e9 vreckov\u00e9 po\u010d\u00edta\u010de pre GPD G1<\/h2>\n\n<p>GPD G1 2024 je najmodernej\u0161\u00ed eGPU, ktor\u00fd v\u00fdrazne zvy\u0161uje hern\u00fd v\u00fdkon r\u00f4znych vreckov\u00fdch po\u010d\u00edta\u010dov a je ide\u00e1lnym pr\u00edslu\u0161enstvom pre GPD Win Max 2 2024, Win 4 2024 a Win Mini 2024. GPD Win Max 2 2024 sa m\u00f4\u017ee pochv\u00e1li\u0165 ve\u013ekou 10,1-palcovou obrazovkou, v\u00fdkonn\u00fdm procesorom Intel 12. gener\u00e1cie a kl\u00e1vesnicou plnej ve\u013ekosti, \u010d\u00edm pon\u00faka v\u0161estrann\u00e9 rie\u0161enie na hranie hier aj produktivitu. GPD Win 4 2024 m\u00e1 kompaktn\u00fd dizajn s v\u00fdsuvnou kl\u00e1vesnicou a je poh\u00e1\u0148an\u00fd procesorom AMD Ryzen 7 7840U, \u010d\u00edm dosahuje dokonal\u00fa rovnov\u00e1hu medzi prenosnos\u0165ou a v\u00fdkonom. GPD Win Mini 2024, najnov\u0161\u00ed a najmen\u0161\u00ed v rade, poskytuje p\u00f4sobiv\u00fd v\u00fdkon v\u010faka efekt\u00edvnemu dizajnu a \u0161pi\u010dkov\u00fdm vn\u00fatorn\u00fdm s\u00fa\u010diastkam, \u010do z neho rob\u00ed ide\u00e1lnu vo\u013ebu pre hr\u00e1\u010dov na cest\u00e1ch. Po spojen\u00ed s GPD G1 2024 sa tieto zariadenia premenia na prenosn\u00e9 hern\u00e9 elektr\u00e1rne, ktor\u00e9 si hravo poradia s najnov\u0161\u00edmi AAA titulmi a poskytn\u00fa v\u00e1m plynul\u00fd, pohlcuj\u00faci hern\u00fd z\u00e1\u017eitok.    <\/p>\n","protected":false},"excerpt":{"rendered":"<ul>\n<li>GPU: AMD Radeon\u2122<strong> RX 7600M XT<\/strong> eGPU  <\/li>\n<li>KOMPATIBILITA:<strong> OCuLink, USB 4, Thunderbolt 3 a 4<\/strong><\/li>\n<li>OCULINK:<strong> Pripojenie PCI Express<\/strong><\/li>\n<li>USB 4:<strong> a\u017e 40 Gb\/s<\/strong><\/li>\n<li>Ur\u010den\u00e9 pre: <strong>GPD WIN<\/strong> MAX 2, WIN 4, WIN Mini, ROG Ally X  <\/li>\n<\/ul>\n[cg_accordion title=\"INFORM\u00c1CIE O PLATBE\"]<\/p>\n<p>Pou\u017e\u00edvame najnov\u0161iu technol\u00f3giu spracovania platieb, ktor\u00e1 v\u00e1m umo\u017e\u0148uje vykona\u0165 platbu prostredn\u00edctvom debetnej\/kreditnej karty alebo slu\u017eby PayPal, aby ste sa c\u00edtili r\u00fdchlo a bezpe\u010dne.[\/cg_accordion]\n[cg_accordion title=\"Z\u00c1RUKA\"]<\/p>\n<p>2 roky z\u00e1ruky od <a href=\"https:\/\/droix.net\/\" target=\"_blank\" rel=\"nofollow noopener\">spolo\u010dnosti DROIX Global pre<\/a> v\u00e1\u0161 pokoj[\/cg_accordion]\n[cg_accordion title=\"ZABEZPE\u010cENIE KVALITY A TESTOVANIE PRED ODOSLAN\u00cdM\"]<\/p>\n<p>Zabezpe\u010denie spokojnosti z\u00e1kazn\u00edkov na najvy\u0161\u0161ej \u00farovni: Pred odoslan\u00edm prech\u00e1dza ka\u017ed\u00e9 zariadenie pr\u00edsnym testovan\u00edm a viacbodovou kontrolou kvality. N\u00e1\u0161 \u0161pecializovan\u00fd t\u00edm overuje v\u00fdkon, funk\u010dnos\u0165 a integritu komponentov, aby sme v\u00e1m zaru\u010dili, \u017ee va\u0161e zariadenie GPD bude pri pr\u00edchode v perfektnom stave, \u010do v\u00e1m poskytne istotu a pokoj. [\/cg_accordion]\n[cg_accordion title=\"CENY, DANE A DOPRAVA\"]<\/p>\n<p><strong><u>Pozn\u00e1mka:<\/u><\/strong><\/p>\n<ul>\n<li>Z\u00e1kazn\u00edci zo Spojen\u00fdch \u0161t\u00e1tov: Z\u00e1kazn\u00edci: Zobrazen\u00e1 cena nezah\u0155\u0148a da\u0148 ani clo. Zodpovednos\u0165 za coln\u00e9 konanie a zaplatenie akejko\u013evek s\u00favisiacej dane\/coln\u00e9ho poplatku nesie z\u00e1kazn\u00edk. <\/li>\n<li>Z\u00e1kazn\u00edci z E\u00da: V zobrazenej cene je zahrnut\u00e1 platn\u00e1 DA\u0147, ktor\u00e1 m\u00f4\u017ee by\u0165 a\u017e 25% v z\u00e1vislosti od va\u0161ej krajiny.<\/li>\n<li>Z\u00e1kazn\u00edci z Kanady: V z\u00e1vislosti od va\u0161ej provincie m\u00f4\u017ee zobrazen\u00e1 cena zah\u0155\u0148a\u0165 pr\u00edslu\u0161n\u00e9 dane, ktor\u00e9 m\u00f4\u017eu zah\u0155\u0148a\u0165 5% GST a \u010fal\u0161ie provin\u010dn\u00e9 dane z predaja (PST), harmonizovan\u00fa da\u0148 z predaja (HST) alebo quebeck\u00fa da\u0148 z predaja (QST).<\/li>\n<\/ul>\n<p><strong>Len pre z\u00e1kazn\u00edkov z E\u00da:<\/strong> Expresn\u00e9 DDP (Delivered Duty Paid). To znamen\u00e1: <\/p>\n<ul>\n<li>V\u0161etky cl\u00e1 a dane s\u00fa zahrnut\u00e9 v cene zobrazenej na str\u00e1nke produktu.<\/li>\n<li>Pri doru\u010den\u00ed nemus\u00edte plati\u0165 \u017eiadne \u010fal\u0161ie poplatky.<\/li>\n<li>V zriedkav\u00fdch pr\u00edpadoch probl\u00e9mov s\u00favisiacich s coln\u00fdmi z\u00e1le\u017eitos\u0165ami sa n\u00e1\u0161 t\u00edm postar\u00e1 o coln\u00e9 konanie vo va\u0161om mene, aby sme zabezpe\u010dili bezprobl\u00e9mov\u00e9 doru\u010denie.<\/li>\n<p>D\u00f4le\u017eit\u00e9 inform\u00e1cie o vr\u00e1ten\u00ed tovaru:<\/p>\n<li>Ak sa rozhodnete vr\u00e1ti\u0165 objedn\u00e1vku alebo po\u017eiada\u0165 o vr\u00e1tenie pe\u0148az\u00ed, majte na pam\u00e4ti, \u017ee dane a cl\u00e1 zaplaten\u00e9 vo va\u0161om mene pod\u013ea podmienok DDP nie je mo\u017en\u00e9 vr\u00e1ti\u0165.<\/li>\n<p>Podrobn\u00e9 inform\u00e1cie n\u00e1jdete v na\u0161ich <a href=\"https:\/\/droix.net\/terms-and-conditions\/\" target=\"_blank\" rel=\"nofollow noopener\">zmluvn\u00fdch podmienkach<\/a>.\n<\/ul>\n<p>[\/cg_accordion]\n[cg_accordion title=\"Z\u00c1KAZN\u00cdCKA PODPORA\"]<\/p>\n<p>M\u00e1te ot\u00e1zku? Od vyrie\u0161enia v\u00e1\u0161ho probl\u00e9mu n\u00e1s del\u00ed kr\u00e1tka textov\u00e1 spr\u00e1va! <\/p>\n<p>Podrobn\u00e9 inform\u00e1cie n\u00e1jdete v na\u0161ich <a href=\"https:\/\/gpdstore.net\/sk\/terms-of-service\/\" target=\"_blank\" rel=\"nofollow noopener\">zmluvn\u00fdch podmienkach<\/a>.\n<\/ul>\n<p>[\/cg_accordion]\n[cg_accordion title=\"\u010cO JE S\u00da\u010cAS\u0164OU BALENIA\"]<\/p>\n<ul>\n<li>1x GPD G1 2024<\/li>\n<li>1x nap\u00e1jac\u00ed adapt\u00e9r<\/li>\n<li>1x k\u00e1bel USB typu C<\/li>\n<li>1x u\u017e\u00edvate\u013esk\u00e1 pr\u00edru\u010dka<\/li>\n<\/ul>\n<p>[\/cg_accordion]\n","protected":false},"featured_media":230825,"template":"","meta":{"_acf_changed":false},"product_brand":[],"product_cat":[5388],"product_tag":[16883,5940],"woo-feed-brand":[5731],"class_list":{"0":"post-230057","1":"product","2":"type-product","3":"status-publish","4":"has-post-thumbnail","6":"product_cat-prislusenstvo","7":"product_tag-10xmsale-sk","8":"product_tag-gpd-g1-sk","9":"product_shipping_class-premium","10":"pa_brand-gpd","11":"pa_graphics-gpu-model-radeon-rx-7600m-xt-sk","12":"pa_i-o-video-1x-oculink-sk","13":"pa_i-o-video-cez-1x-usb-4-0-type-c-40gb-s","14":"woo-feed-brand-gpd-sk","16":"first","17":"outofstock","18":"taxable","19":"shipping-taxable","20":"purchasable","21":"product-type-variable","22":"has-default-attributes"},"acf":[],"aioseo_notices":[],"_links":{"self":[{"href":"https:\/\/gpdstore.net\/sk\/wp-json\/wp\/v2\/product\/230057","targetHints":{"allow":["GET"]}}],"collection":[{"href":"https:\/\/gpdstore.net\/sk\/wp-json\/wp\/v2\/product"}],"about":[{"href":"https:\/\/gpdstore.net\/sk\/wp-json\/wp\/v2\/types\/product"}],"wp:featuredmedia":[{"embeddable":true,"href":"https:\/\/gpdstore.net\/sk\/wp-json\/wp\/v2\/media\/230825"}],"wp:attachment":[{"href":"https:\/\/gpdstore.net\/sk\/wp-json\/wp\/v2\/media?parent=230057"}],"wp:term":[{"taxonomy":"product_brand","embeddable":true,"href":"https:\/\/gpdstore.net\/sk\/wp-json\/wp\/v2\/product_brand?post=230057"},{"taxonomy":"product_cat","embeddable":true,"href":"https:\/\/gpdstore.net\/sk\/wp-json\/wp\/v2\/product_cat?post=230057"},{"taxonomy":"product_tag","embeddable":true,"href":"https:\/\/gpdstore.net\/sk\/wp-json\/wp\/v2\/product_tag?post=230057"},{"taxonomy":"woo-feed-brand","embeddable":true,"href":"https:\/\/gpdstore.net\/sk\/wp-json\/wp\/v2\/woo-feed-brand?post=230057"}],"curies":[{"name":"wp","href":"https:\/\/api.w.org\/{rel}","templated":true}]}}