{"id":218033,"date":"2023-03-24T15:25:19","date_gmt":"2023-03-24T15:25:19","guid":{"rendered":"https:\/\/gpdstore.net\/nezaraden\u00e9\/ochranna-folia-obrazovky-gpd-win-4\/"},"modified":"2025-12-23T10:34:16","modified_gmt":"2025-12-23T10:34:16","slug":"gpd-win-4-screen-protector","status":"publish","type":"product","link":"https:\/\/gpdstore.net\/sk\/product\/gpd-win-4-screen-protector\/","title":{"rendered":"Ochrann\u00e1 f\u00f3lia obrazovky GPD WIN 4"},"content":{"rendered":"\n<p>Predstavujeme v\u00e1m ochrann\u00fd kryt obrazovky GPD Win 4 &#8211; dokonal\u00fd doplnok k v\u00e1\u0161mu prenosn\u00e9mu hern\u00e9mu po\u010d\u00edta\u010du. N\u00e1\u0161 chr\u00e1ni\u010d obrazovky, vyroben\u00fd z vysokokvalitn\u00fdch materi\u00e1lov, pon\u00faka vynikaj\u00facu ochranu pred po\u0161kriaban\u00edm, prachom a \u010fal\u0161\u00edmi be\u017en\u00fdmi nebezpe\u010denstvami, ktor\u00e9 m\u00f4\u017eu po\u0161kodi\u0165 v\u00e1\u0161 GPD Win 4. V\u010faka presn\u00fdm v\u00fdrezom a dokonal\u00e9mu prisp\u00f4sobeniu nebude n\u00e1\u0161 chr\u00e1ni\u010d obrazovky nar\u00fa\u0161a\u0165 citlivos\u0165 dotyku ani \u010distotu v\u00e1\u0161ho zariadenia. Jeho ultratenk\u00fd dizajn zachov\u00e1va p\u00f4vodn\u00fd vzh\u013ead a dojem z v\u00e1\u0161ho vreckov\u00e9ho hern\u00e9ho po\u010d\u00edta\u010da. N\u00e1\u0161 chr\u00e1ni\u010d obrazovky sa \u013eahko in\u0161taluje a odstra\u0148uje a zaru\u010duje, \u017ee v\u00e1\u0161 GPD Win 4 zostane v bezchybnom stave. Objednajte si svoj teraz!     <\/p>\n","protected":false},"excerpt":{"rendered":"<ul>\n<li>Navrhnut\u00e9 spolo\u010dnos\u0165ou <strong>GPD<\/strong><\/li>\n<li><strong>Kompatibiln\u00fd s<\/strong> <strong>GPD WIN 4<\/strong><\/li>\n<li>Chr\u00e1ni pred po\u0161kriaban\u00edm a prachom<\/li>\n<li>Jednoduch\u00e1 in\u0161tal\u00e1cia a demont\u00e1\u017e<\/li>\n<li><strong>Vysokokvalitn\u00fd<\/strong> materi\u00e1l<\/li>\n<\/ul>\n[cg_accordion title=\"INFORM\u00c1CIE O PLATBE\"]<\/p>\n<p>Pou\u017e\u00edvame najnov\u0161iu technol\u00f3giu spracovania platieb, ktor\u00e1 v\u00e1m umo\u017e\u0148uje vykona\u0165 platbu prostredn\u00edctvom Apple Pay, Google Pay, va\u0161ej debetnej\/kreditnej karty, PayPal alebo met\u00f3d BNPL, ako s\u00fa Klarna, Affirm alebo AfterPay, \u010do je r\u00fdchle a bezpe\u010dn\u00e9.[\/cg_accordion]\n[cg_accordion title=\"Z\u00c1RUKA\"]<\/p>\n<p>2 roky z\u00e1ruky od <a href=\"https:\/\/droix.net\/\" target=\"_blank\" rel=\"nofollow noopener\">spolo\u010dnosti DROIX Global pre<\/a> v\u00e1\u0161 pokoj[\/cg_accordion]\n[cg_accordion title=\"CENY, DANE A DOPRAVA\"]<\/p>\n<p><strong><u>Pozn\u00e1mka:<\/u><\/strong><\/p>\n<ul>\n<li>Z\u00e1kazn\u00edci zo Spojen\u00fdch \u0161t\u00e1tov: Z\u00e1kazn\u00edci: Zobrazen\u00e1 cena nezah\u0155\u0148a da\u0148 ani clo. Zodpovednos\u0165 za coln\u00e9 konanie a zaplatenie akejko\u013evek s\u00favisiacej dane\/coln\u00e9ho poplatku nesie z\u00e1kazn\u00edk. <\/li>\n<li>Z\u00e1kazn\u00edci z E\u00da: V zobrazenej cene je zahrnut\u00e1 platn\u00e1 DA\u0147, ktor\u00e1 m\u00f4\u017ee by\u0165 a\u017e 25% v z\u00e1vislosti od va\u0161ej krajiny.<\/li>\n<li>Z\u00e1kazn\u00edci z Kanady: V z\u00e1vislosti od va\u0161ej provincie m\u00f4\u017ee zobrazen\u00e1 cena zah\u0155\u0148a\u0165 pr\u00edslu\u0161n\u00e9 dane, ktor\u00e9 m\u00f4\u017eu zah\u0155\u0148a\u0165 5% GST a \u010fal\u0161ie provin\u010dn\u00e9 dane z predaja (PST), harmonizovan\u00fa da\u0148 z predaja (HST) alebo quebeck\u00fa da\u0148 z predaja (QST).<\/li>\n<\/ul>\n<p><strong>Len pre z\u00e1kazn\u00edkov z E\u00da:<\/strong> Expresn\u00e9 DDP (Delivered Duty Paid). To znamen\u00e1: <\/p>\n<ul>\n<li>V\u0161etky cl\u00e1 a dane s\u00fa zahrnut\u00e9 v cene zobrazenej na str\u00e1nke produktu.<\/li>\n<li>Pri doru\u010den\u00ed nemus\u00edte plati\u0165 \u017eiadne \u010fal\u0161ie poplatky.<\/li>\n<li>V zriedkav\u00fdch pr\u00edpadoch probl\u00e9mov s\u00favisiacich s coln\u00fdmi z\u00e1le\u017eitos\u0165ami sa n\u00e1\u0161 t\u00edm postar\u00e1 o coln\u00e9 konanie vo va\u0161om mene, aby sme zabezpe\u010dili bezprobl\u00e9mov\u00e9 doru\u010denie.<\/li>\n<p>D\u00f4le\u017eit\u00e9 inform\u00e1cie o vr\u00e1ten\u00ed tovaru:<\/p>\n<li>Ak sa rozhodnete vr\u00e1ti\u0165 objedn\u00e1vku alebo po\u017eiada\u0165 o vr\u00e1tenie pe\u0148az\u00ed, majte na pam\u00e4ti, \u017ee dane a cl\u00e1 zaplaten\u00e9 vo va\u0161om mene pod\u013ea podmienok DDP nie je mo\u017en\u00e9 vr\u00e1ti\u0165.<\/li>\n<p>Podrobn\u00e9 inform\u00e1cie n\u00e1jdete v na\u0161ich <a href=\"https:\/\/gpdstore.net\/sk\/terms-of-service\/\" target=\"_blank\" rel=\"nofollow noopener\">zmluvn\u00fdch podmienkach<\/a>.\n<\/ul>\n<p>[\/cg_accordion]\n[cg_accordion title=\"Z\u00c1KAZN\u00cdCKA PODPORA\"]<\/p>\n<p>M\u00e1te ot\u00e1zku? Od vyrie\u0161enia v\u00e1\u0161ho probl\u00e9mu n\u00e1s del\u00ed kr\u00e1tka textov\u00e1 spr\u00e1va!<br \/>\n[\/cg_accordion]\n[cg_accordion title=\"\u010cO JE S\u00da\u010cAS\u0164OU BALENIA\"]<\/p>\n<ul>\n<li>1x ochrann\u00e1 f\u00f3lia obrazovky GPD WIN 4<\/li>\n<\/ul>\n<p>[\/cg_accordion]\n","protected":false},"featured_media":218085,"template":"","meta":{"_acf_changed":false},"product_brand":[],"product_cat":[5388],"product_tag":[6081],"woo-feed-brand":[5731],"class_list":{"0":"post-218033","1":"product","2":"type-product","3":"status-publish","4":"has-post-thumbnail","6":"product_cat-prislusenstvo","7":"product_tag-gpd-win-4-accessory-sk-2","8":"product_shipping_class-low-end","9":"pa_accessory-type-ochranny-kryt-obrazovky","10":"woo-feed-brand-gpd-sk","12":"first","13":"outofstock","14":"taxable","15":"shipping-taxable","16":"purchasable","17":"product-type-simple"},"acf":[],"aioseo_notices":[],"_links":{"self":[{"href":"https:\/\/gpdstore.net\/sk\/wp-json\/wp\/v2\/product\/218033","targetHints":{"allow":["GET"]}}],"collection":[{"href":"https:\/\/gpdstore.net\/sk\/wp-json\/wp\/v2\/product"}],"about":[{"href":"https:\/\/gpdstore.net\/sk\/wp-json\/wp\/v2\/types\/product"}],"wp:featuredmedia":[{"embeddable":true,"href":"https:\/\/gpdstore.net\/sk\/wp-json\/wp\/v2\/media\/218085"}],"wp:attachment":[{"href":"https:\/\/gpdstore.net\/sk\/wp-json\/wp\/v2\/media?parent=218033"}],"wp:term":[{"taxonomy":"product_brand","embeddable":true,"href":"https:\/\/gpdstore.net\/sk\/wp-json\/wp\/v2\/product_brand?post=218033"},{"taxonomy":"product_cat","embeddable":true,"href":"https:\/\/gpdstore.net\/sk\/wp-json\/wp\/v2\/product_cat?post=218033"},{"taxonomy":"product_tag","embeddable":true,"href":"https:\/\/gpdstore.net\/sk\/wp-json\/wp\/v2\/product_tag?post=218033"},{"taxonomy":"woo-feed-brand","embeddable":true,"href":"https:\/\/gpdstore.net\/sk\/wp-json\/wp\/v2\/woo-feed-brand?post=218033"}],"curies":[{"name":"wp","href":"https:\/\/api.w.org\/{rel}","templated":true}]}}