{"id":206332,"date":"2023-03-26T17:56:24","date_gmt":"2023-03-26T17:56:24","guid":{"rendered":"https:\/\/gpdstore.net\/nezaraden\u00e9\/herny-prenosny-pocitac-gpd-win-max-2021\/"},"modified":"2025-12-23T10:34:16","modified_gmt":"2025-12-23T10:34:16","slug":"gpd-win-max-2021","status":"publish","type":"product","link":"https:\/\/gpdstore.net\/sk\/product\/gpd-win-max-2021\/","title":{"rendered":"Hern\u00fd prenosn\u00fd po\u010d\u00edta\u010d GPD WIN MAX 2021"},"content":{"rendered":"\n<p>GPD WIN MAX 2021 je hern\u00fd ultrabook, ktor\u00fd bol navrhnut\u00fd na hranie po\u010d\u00edta\u010dov\u00fdch hier na cest\u00e1ch. Toto v\u00fdkonn\u00e9 zariadenie sa dod\u00e1va v dvoch verzi\u00e1ch, jedna s procesorom Intel\u00ae Core\u2122 i7-1195G7 a druh\u00e1 s procesorom AMD Ryzen\u2122 7 4800U. Okrem r\u00f4znych mo\u017enost\u00ed procesora s\u00fa obe verzie zariadenia \u00faplne rovnak\u00e9.  <\/p>\n\n<p>V obchode GPD sme hrd\u00ed na to, \u017ee m\u00f4\u017eeme pon\u00faknu\u0165 GPD WIN MAX 2021 hr\u00e1\u010dom, ktor\u00ed chc\u00fa v\u00fdkonn\u00fd vreckov\u00fd po\u010d\u00edta\u010d na hranie hier, ktor\u00fd si m\u00f4\u017eu vzia\u0165 kamko\u013evek so sebou. Tento ultrabook je ide\u00e1lny pre hr\u00e1\u010dov, ktor\u00ed si chc\u00fa vychutna\u0165 svoje ob\u013e\u00faben\u00e9 hry na cest\u00e1ch bez toho, aby museli obetova\u0165 v\u00fdkon alebo kvalitu. <\/p>\n\n<p>GPD WIN MAX 2021 je v\u00fdkonn\u00fd hern\u00fd ultrabook s 8,0-palcov\u00fdm dotykov\u00fdm IPS displejom s rozl\u00ed\u0161en\u00edm 1280 x 800 pixelov. Zariadenie je vybaven\u00e9 integrovanou grafikou Intel\u00ae Iris\u00ae Xe alebo AMD Radeon\u2122 Graphics, tak\u017ee je ide\u00e1lne na sp\u00fa\u0161\u0165anie n\u00e1ro\u010dn\u00fdch hier a aplik\u00e1ci\u00ed. <\/p>\n\n<p>Z h\u013eadiska v\u00fdpo\u010dtov\u00e9ho v\u00fdkonu je GPD WIN MAX 2021 k dispoz\u00edcii s procesorom Intel\u00ae Core\u2122 i7-1195G7 alebo AMD Ryzen\u2122 7 4800U. Tieto v\u00fdkonn\u00e9 procesory zaru\u010duj\u00fa, \u017ee zariadenie bez probl\u00e9mov zvl\u00e1dne aj tie najn\u00e1ro\u010dnej\u0161ie hry a aplik\u00e1cie. <\/p>\n\n<p>GPD WIN MAX 2021 je tie\u017e vybaven\u00fd 16 GB LPDDR4X 4266 MT\/s RAM a 1 TB M.2 NVMe SSD \u00falo\u017eiskom, ktor\u00e9 v\u00e1m zabezpe\u010d\u00ed dostatok priestoru na ukladanie hier a \u010fal\u0161\u00edch d\u00e1t.  Zariadenie je tie\u017e vybaven\u00e9 mno\u017estvom portov vr\u00e1tane portu USB typu C, portu USB 3.0, portu HDMI a 3,5 mm konektora na sl\u00fachadl\u00e1.<\/p>\n\n<p>Jednou z najv\u00fdraznej\u0161\u00edch vlastnost\u00ed zariadenia GPD WIN MAX 2021 s\u00fa jeho kompaktn\u00e9 rozmery. Napriek tomu, \u017ee ide o v\u00fdkonn\u00fd ultrabook, zariadenie m\u00e1 rozmery len 8,5 x 5,7 x 1,1 palca a v\u00e1\u017ei len 1,5 kg. V\u010faka tomu si ho m\u00f4\u017eete vzia\u0165 so sebou kamko\u013evek, \u010di u\u017e cestujete, alebo si len chcete vychutna\u0165 svoje ob\u013e\u00faben\u00e9 hry na gau\u010di.  <\/p>\n\n<p>Zariadenie GPD WIN MAX 2021 m\u00e1 tie\u017e zabudovan\u00fd hern\u00fd ovl\u00e1da\u010d s D-padom, anal\u00f3gov\u00fdmi p\u00e1\u010dkami a tla\u010didlami sp\u00fa\u0161te. V\u010faka tomu m\u00f4\u017eete \u013eahko hra\u0165 svoje ob\u013e\u00faben\u00e9 hry bez nutnosti pripojenia extern\u00e9ho ovl\u00e1da\u010da. Zariadenie je tie\u017e vybaven\u00e9 plnohodnotnou kl\u00e1vesnicou QWERTY, ktor\u00e1 u\u013eah\u010duje p\u00edsanie a navig\u00e1ciu v ponuk\u00e1ch.  <\/p>\n\n<p>V obchode GPD Store ver\u00edme, \u017ee GPD WIN MAX 2021 je dokonal\u00fd ultrabook pre hr\u00e1\u010dov, ktor\u00ed chc\u00fa v\u00fdkonn\u00fd prenosn\u00fd po\u010d\u00edta\u010d na hranie hier, ktor\u00fd si m\u00f4\u017eu vzia\u0165 kamko\u013evek so sebou. Toto v\u00fdkonn\u00e9 zariadenie je ide\u00e1lne pre hr\u00e1\u010dov, ktor\u00ed si chc\u00fa vychutna\u0165 svoje ob\u013e\u00faben\u00e9 hry na cest\u00e1ch bez toho, aby museli obetova\u0165 v\u00fdkon alebo kvalitu. <\/p>\n\n<p>\u010ci u\u017e ste pr\u00edle\u017eitostn\u00fd hr\u00e1\u010d alebo hardcore hr\u00e1\u010d, GPD WIN MAX 2021 je pre v\u00e1s ide\u00e1lnym zariaden\u00edm. V\u010faka v\u00fdkonn\u00e9mu procesoru, kvalitnej grafike a kompaktn\u00fdm rozmerom je to dokonal\u00fd ultrabook na hranie po\u010d\u00edta\u010dov\u00fdch hier na cest\u00e1ch. Tak pre\u010do \u010daka\u0165? Nav\u0161t\u00edvte obchod GPD Store e\u0161te dnes a zaobstarajte si zariadenie GPD WIN MAX 2021.   <\/p>\n","protected":false},"excerpt":{"rendered":"<ul>\n<li>AMD <strong>Ryzen 7 6800U @2<\/strong>,7GHz TDP 15-28W<\/li>\n<li>AMD Radeon 680M <strong>12 CU @2200 MHz<\/strong><\/li>\n<li><strong>a\u017e 32 GB LPDDR5-6400 MT\/s<\/strong><\/li>\n<li><strong>a\u017e 2 TB vysokor\u00fdchlostn\u00fd<\/strong> PCI-E <strong>NVMe SSD disk<\/strong> <\/li>\n<li>Podpora WiFi 6 a Bluetooth <strong>5.2<\/strong>  <\/li>\n<\/ul>\n<p> [cg_accordion title=\"INFORM\u00c1CIE O PLATBE\"] Pou\u017e\u00edvame najnov\u0161iu technol\u00f3giu spracovania platieb, ktor\u00e1 v\u00e1m umo\u017e\u0148uje vykona\u0165 platbu prostredn\u00edctvom Apple Pay, Google Pay, va\u0161ej debetnej\/kreditnej karty, PayPal alebo met\u00f3d BNPL, ako s\u00fa Klarna, Affirm alebo AfterPay, \u010do je r\u00fdchle a bezpe\u010dn\u00e9.[\/cg_accordion] [cg_accordion title=\"Z\u00c1RUKA\"] 2 roky z\u00e1ruky od spolo\u010dnosti <a href=\"https:\/\/droix.net\/\" target=\"_blank\" rel=\"nofollow noopener\">DROIX Global<\/a> pre v\u00e1\u0161 pokoj[\/cg_accordion] [cg_accordion title=\"PRICING, TAXES AND SHIPPING\"] <strong><u>Pozn:<\/u><\/strong><\/p>\n<ul>\n<li>Z\u00e1kazn\u00edci zo Spojen\u00fdch \u0161t\u00e1tov: Z\u00e1kazn\u00edci: Zobrazen\u00e1 cena nezah\u0155\u0148a da\u0148 ani clo. Zodpovednos\u0165 za coln\u00e9 konanie a zaplatenie akejko\u013evek s\u00favisiacej dane\/coln\u00e9ho poplatku nesie z\u00e1kazn\u00edk. <\/li>\n<li>Z\u00e1kazn\u00edci z E\u00da: V zobrazenej cene je zahrnut\u00e1 platn\u00e1 DA\u0147, ktor\u00e1 m\u00f4\u017ee by\u0165 a\u017e 25% v z\u00e1vislosti od va\u0161ej krajiny.<\/li>\n<li>Z\u00e1kazn\u00edci z Kanady: V z\u00e1vislosti od va\u0161ej provincie m\u00f4\u017ee zobrazen\u00e1 cena zah\u0155\u0148a\u0165 pr\u00edslu\u0161n\u00e9 dane, ktor\u00e9 m\u00f4\u017eu zah\u0155\u0148a\u0165 5% GST a \u010fal\u0161ie provin\u010dn\u00e9 dane z predaja (PST), harmonizovan\u00fa da\u0148 z predaja (HST) alebo quebeck\u00fa da\u0148 z predaja (QST).<\/li>\n<\/ul>\n<p><strong>Len pre z\u00e1kazn\u00edkov z E\u00da:<\/strong> Expresn\u00e9 DDP (Delivered Duty Paid). To znamen\u00e1: <\/p>\n<ul>\n<li style=\"list-style-type: none;\">\n<ul>\n<li>V\u0161etky cl\u00e1 a dane s\u00fa zahrnut\u00e9 v cene zobrazenej na str\u00e1nke produktu.<\/li>\n<li>Pri doru\u010den\u00ed nemus\u00edte plati\u0165 \u017eiadne \u010fal\u0161ie poplatky.<\/li>\n<li>V zriedkav\u00fdch pr\u00edpadoch probl\u00e9mov s\u00favisiacich s coln\u00fdmi z\u00e1le\u017eitos\u0165ami sa n\u00e1\u0161 t\u00edm postar\u00e1 o coln\u00e9 konanie vo va\u0161om mene, aby sme zabezpe\u010dili bezprobl\u00e9mov\u00e9 doru\u010denie.<\/li>\n<p>D\u00f4le\u017eit\u00e9 inform\u00e1cie o vr\u00e1ten\u00ed tovaru:<\/p>\n<li>Ak sa rozhodnete vr\u00e1ti\u0165 objedn\u00e1vku alebo po\u017eiada\u0165 o vr\u00e1tenie pe\u0148az\u00ed, majte na pam\u00e4ti, \u017ee dane a cl\u00e1 zaplaten\u00e9 vo va\u0161om mene pod\u013ea podmienok DDP nie je mo\u017en\u00e9 vr\u00e1ti\u0165.<\/li>\n<p>Pozrite si, pros\u00edm, n\u00e1\u0161<\/ul>\n<\/li>\n<\/ul>\n<p><a href=\"https:\/\/gpdstore.net\/terms-of-service\/\" target=\"_blank\" rel=\"nofollow noopener\">Podmienky a pravidl\u00e1<\/a><\/p>\n<ul>podrobnej\u0161ie inform\u00e1cie.<\/ul>\n<p>[\/cg_accordion] [cg_accordion title=\"Z\u00c1KAZN\u00cdCKA PODPORA\"]  M\u00e1te ot\u00e1zku? Od vyrie\u0161enia v\u00e1\u0161ho probl\u00e9mu n\u00e1s del\u00ed kr\u00e1tka textov\u00e1 spr\u00e1va!   [\/cg_accordion] [cg_accordion title=\"WHAT'S INCLUDED\"]<\/p>\n<ul>\n<li>1x GPD WIN MAX 2021<\/li>\n<li>1x nap\u00e1jac\u00ed adapt\u00e9r<\/li>\n<li>1x k\u00e1bel USB typu C<\/li>\n<li>1x u\u017e\u00edvate\u013esk\u00e1 pr\u00edru\u010dka<\/li>\n<\/ul>\n<p>[\/cg_accordion]<\/p>\n","protected":false},"featured_media":206334,"template":"","meta":{"_acf_changed":false},"product_brand":[],"product_cat":[5727],"product_tag":[9084],"woo-feed-brand":[5731],"class_list":{"0":"post-206332","1":"product","2":"type-product","3":"status-publish","4":"has-post-thumbnail","6":"product_cat-gpd-handheld-pc-na-hranie-hier","7":"product_tag-gpd-win-max-sk","8":"product_shipping_class-premium","9":"pa_bluetooth-5-sk","10":"pa_bluetooth-5-2-sk","11":"pa_display-type-h-ips-sk","12":"pa_graphics-gpu-model-grafika-intel-iris-xe","13":"pa_graphics-gpu-model-grafika-radeon","14":"pa_i-o-video-1x-hdmi-2-0b-sk","15":"pa_memory-ram-capacity-16-gb-sk","16":"pa_memory-ram-technology-lpddr4x-sk","17":"pa_processor-cpu-model-amd-ryzen-7-4800u","18":"pa_processor-cpu-model-intel-core-i7-1195g7","19":"pa_storage-capacity-1-tb-sk","20":"pa_wi-fi-wi-fi-6-sk","21":"woo-feed-brand-gpd-sk","23":"first","24":"outofstock","25":"sale","26":"taxable","27":"shipping-taxable","28":"purchasable","29":"product-type-variable","30":"has-default-attributes"},"acf":[],"aioseo_notices":[],"_links":{"self":[{"href":"https:\/\/gpdstore.net\/sk\/wp-json\/wp\/v2\/product\/206332","targetHints":{"allow":["GET"]}}],"collection":[{"href":"https:\/\/gpdstore.net\/sk\/wp-json\/wp\/v2\/product"}],"about":[{"href":"https:\/\/gpdstore.net\/sk\/wp-json\/wp\/v2\/types\/product"}],"wp:featuredmedia":[{"embeddable":true,"href":"https:\/\/gpdstore.net\/sk\/wp-json\/wp\/v2\/media\/206334"}],"wp:attachment":[{"href":"https:\/\/gpdstore.net\/sk\/wp-json\/wp\/v2\/media?parent=206332"}],"wp:term":[{"taxonomy":"product_brand","embeddable":true,"href":"https:\/\/gpdstore.net\/sk\/wp-json\/wp\/v2\/product_brand?post=206332"},{"taxonomy":"product_cat","embeddable":true,"href":"https:\/\/gpdstore.net\/sk\/wp-json\/wp\/v2\/product_cat?post=206332"},{"taxonomy":"product_tag","embeddable":true,"href":"https:\/\/gpdstore.net\/sk\/wp-json\/wp\/v2\/product_tag?post=206332"},{"taxonomy":"woo-feed-brand","embeddable":true,"href":"https:\/\/gpdstore.net\/sk\/wp-json\/wp\/v2\/woo-feed-brand?post=206332"}],"curies":[{"name":"wp","href":"https:\/\/api.w.org\/{rel}","templated":true}]}}