{"id":205260,"date":"2023-03-26T17:49:20","date_gmt":"2023-03-26T17:49:20","guid":{"rendered":"https:\/\/gpdstore.net\/nezaraden\u00e9\/ulozisko-biwin-2230-nvme\/"},"modified":"2025-12-23T10:31:16","modified_gmt":"2025-12-23T10:31:16","slug":"biwin-2230-nvme-storage","status":"publish","type":"product","link":"https:\/\/gpdstore.net\/sk\/product\/biwin-2230-nvme-storage\/","title":{"rendered":"\u00dalo\u017eisko BiWin 2230 NVMe"},"content":{"rendered":"\n<p>H\u013ead\u00e1te vysokov\u00fdkonn\u00e9 roz\u0161\u00edrenie \u00falo\u017eiska pre svoju GPD WIN MAX 2 alebo Valve Steam Deck? Neh\u013eadajte ni\u010d in\u00e9 ako SSD BiWin 22*30 PCI-e NVMe! Tento kompaktn\u00fd, ale v\u00fdkonn\u00fd SSD je navrhnut\u00fd tak, aby poskytoval bleskov\u00e9 r\u00fdchlosti \u010d\u00edtania a z\u00e1pisu, \u010d\u00edm zabezpe\u010d\u00ed r\u00fdchle na\u010d\u00edtanie a plynul\u00fd chod va\u0161ich ob\u013e\u00faben\u00fdch hier a aplik\u00e1ci\u00ed.  <\/p>\n\n<p>S rozmermi len 22 x 30 mm je BiWin 22*30 jedn\u00fdm z najmen\u0161\u00edch diskov SSD NVMe na s\u00fa\u010dasnom trhu. Nenechajte sa v\u0161ak oklama\u0165 jeho kompaktn\u00fdmi rozmermi &#8211; tento SSD m\u00e1 poriadnu silu! S r\u00fdchlos\u0165ou \u010d\u00edtania a\u017e 3500 MB\/s a r\u00fdchlos\u0165ou z\u00e1pisu a\u017e 3000 MB\/s je viac ne\u017e schopn\u00fd dr\u017ea\u0165 krok aj s t\u00fdmi najn\u00e1ro\u010dnej\u0161\u00edmi hrami a aplik\u00e1ciami.  <\/p>\n\n<p>Jednou z najv\u00e4\u010d\u0161\u00edch v\u00fdhod zariadenia BiWin<em>2230 je jeho kompatibilita so zariaden\u00edm GPD WIN MAX 2 aj so Steam Deck od spolo\u010dnosti Valve. Ak chcete roz\u0161\u00edri\u0165 \u00falo\u017eisko v niektorom z t\u00fdchto zariaden\u00ed, BiWin 2230 je ide\u00e1lnou vo\u013ebou<\/em>. Sta\u010d\u00ed nain\u0161talova\u0165 SSD disk do slotu NVMe zariadenia a m\u00f4\u017eete za\u010da\u0165! <\/p>\n\n<p>\u010eal\u0161ou v\u00fdhodou zariadenia BiWin 22*30 je jeho kompatibilita so \u0161irokou \u0161k\u00e1lou opera\u010dn\u00fdch syst\u00e9mov vr\u00e1tane syst\u00e9mov Windows, Linux a macOS. To z neho rob\u00ed univerz\u00e1lnu vo\u013ebu pre ka\u017ed\u00e9ho, kto chce upgradova\u0165 svoje \u00falo\u017eisko, bez oh\u013eadu na syst\u00e9m, ktor\u00fd pou\u017e\u00edva. <\/p>\n\n<p>Samozrejme, jedn\u00fdm z najlep\u0161\u00edch miest na zak\u00fapenie zariadenia BiWin 22*30 je obchod GPD. Ako popredn\u00fd predajca v\u00fdrobkov GPD je obchod GPD Store ide\u00e1lnym miestom, kde n\u00e1jdete v\u0161etko pr\u00edslu\u0161enstvo a vylep\u0161enia, ktor\u00e9 potrebujete na to, aby ste mohli \u010do najlep\u0161ie vyu\u017ei\u0165 svoj GPD WIN MAX 2 alebo Steam Deck. A v\u010faka r\u00fdchlej doprave, skvel\u00fdm cen\u00e1m a \u0161pi\u010dkov\u00e9mu z\u00e1kazn\u00edckemu servisu m\u00f4\u017eete nakupova\u0165 s istotou, preto\u017ee viete, \u017ee z\u00edskavate najlep\u0161iu mo\u017en\u00fa ponuku.  <\/p>\n\n<p>Ak teda h\u013ead\u00e1te vysokov\u00fdkonn\u00fd SSD disk NVMe pre svoj po\u010d\u00edta\u010d GPD WIN MAX 2 alebo Steam Deck, h\u013eadajte iba disk BiWin 22*30. V\u010faka kompaktn\u00fdm rozmerom, bleskov\u00fdm r\u00fdchlostiam a \u0161irokej kompatibilite je ide\u00e1lnou vo\u013ebou pre ka\u017ed\u00e9ho, kto chce posun\u00fa\u0165 svoje hern\u00e9 a po\u010d\u00edta\u010dov\u00e9 z\u00e1\u017eitky na vy\u0161\u0161iu \u00farove\u0148. A v\u010faka obchodu GPD Store, ktor\u00fd je vzdialen\u00fd len jedno kliknutie, nebolo nikdy jednoduch\u0161ie z\u00edska\u0165 produkty, ktor\u00e9 potrebujete na dosiahnutie \u00faspechu!  <\/p>\n","protected":false},"excerpt":{"rendered":"<ul>\n<li>Kompatibiln\u00fd s Steam Deck Valve, GPD WIN MAX 2, GPD WIN 4<\/li>\n<li>A\u017e 3200 MB\/s pri \u010d\u00edtan\u00ed | 2600 MB\/s pri z\u00e1pise<\/li>\n<li>0,107 ms oneskorenie \u010d\u00edtania | 0,109 ms oneskorenie z\u00e1pisu<\/li>\n<li>Podporovan\u00e9 funkcie Garbage collection, TRIM a Modern Standby<\/li>\n<\/ul>\n[cg_accordion title=\"INFORM\u00c1CIE O PLATBE\"]<\/p>\n<p>Pou\u017e\u00edvame najnov\u0161iu technol\u00f3giu spracovania platieb, ktor\u00e1 v\u00e1m umo\u017e\u0148uje vykona\u0165 platbu prostredn\u00edctvom Apple Pay, Google Pay, va\u0161ej debetnej\/kreditnej karty, PayPal alebo met\u00f3d BNPL, ako s\u00fa Klarna, Affirm alebo AfterPay, \u010do je r\u00fdchle a bezpe\u010dn\u00e9.[\/cg_accordion]\n[cg_accordion title=\"Z\u00c1RUKA\"]<\/p>\n<p>2 roky z\u00e1ruky od <a href=\"https:\/\/droix.net\/\" target=\"_blank\" rel=\"nofollow noopener\">spolo\u010dnosti DROIX Global pre<\/a> v\u00e1\u0161 pokoj[\/cg_accordion]\n[cg_accordion title=\"CENY, DANE A DOPRAVA\"]<\/p>\n<p><strong><u>Pozn\u00e1mka:<\/u><\/strong><\/p>\n<ul>\n<li>Z\u00e1kazn\u00edci zo Spojen\u00fdch \u0161t\u00e1tov: Z\u00e1kazn\u00edci: Zobrazen\u00e1 cena nezah\u0155\u0148a da\u0148 ani clo. Zodpovednos\u0165 za coln\u00e9 konanie a zaplatenie akejko\u013evek s\u00favisiacej dane\/coln\u00e9ho poplatku nesie z\u00e1kazn\u00edk. <\/li>\n<li>Z\u00e1kazn\u00edci z E\u00da: V zobrazenej cene je zahrnut\u00e1 platn\u00e1 DA\u0147, ktor\u00e1 m\u00f4\u017ee by\u0165 a\u017e 25% v z\u00e1vislosti od va\u0161ej krajiny.<\/li>\n<li>Z\u00e1kazn\u00edci z Kanady: V z\u00e1vislosti od va\u0161ej provincie m\u00f4\u017ee zobrazen\u00e1 cena zah\u0155\u0148a\u0165 pr\u00edslu\u0161n\u00e9 dane, ktor\u00e9 m\u00f4\u017eu zah\u0155\u0148a\u0165 5% GST a \u010fal\u0161ie provin\u010dn\u00e9 dane z predaja (PST), harmonizovan\u00fa da\u0148 z predaja (HST) alebo quebeck\u00fa da\u0148 z predaja (QST).<\/li>\n<\/ul>\n<p><strong>Len pre z\u00e1kazn\u00edkov z E\u00da:<\/strong> Expresn\u00e9 DDP (Delivered Duty Paid). To znamen\u00e1: <\/p>\n<ul>\n<li>V\u0161etky cl\u00e1 a dane s\u00fa zahrnut\u00e9 v cene zobrazenej na str\u00e1nke produktu.<\/li>\n<li>Pri doru\u010den\u00ed nemus\u00edte plati\u0165 \u017eiadne \u010fal\u0161ie poplatky.<\/li>\n<li>V zriedkav\u00fdch pr\u00edpadoch probl\u00e9mov s\u00favisiacich s coln\u00fdmi z\u00e1le\u017eitos\u0165ami sa n\u00e1\u0161 t\u00edm postar\u00e1 o coln\u00e9 konanie vo va\u0161om mene, aby sme zabezpe\u010dili bezprobl\u00e9mov\u00e9 doru\u010denie.<\/li>\n<p>D\u00f4le\u017eit\u00e9 inform\u00e1cie o vr\u00e1ten\u00ed tovaru:<\/p>\n<li>Ak sa rozhodnete vr\u00e1ti\u0165 objedn\u00e1vku alebo po\u017eiada\u0165 o vr\u00e1tenie pe\u0148az\u00ed, majte na pam\u00e4ti, \u017ee dane a cl\u00e1 zaplaten\u00e9 vo va\u0161om mene pod\u013ea podmienok DDP nie je mo\u017en\u00e9 vr\u00e1ti\u0165.<\/li>\n<p>Podrobn\u00e9 inform\u00e1cie n\u00e1jdete v na\u0161ich <a href=\"https:\/\/gpdstore.net\/sk\/terms-of-service\/\" target=\"_blank\" rel=\"nofollow noopener\">zmluvn\u00fdch podmienkach<\/a>.\n<\/ul>\n<p>[\/cg_accordion]\n[cg_accordion title=\"Z\u00c1KAZN\u00cdCKA PODPORA\"]<\/p>\n<p>M\u00e1te ot\u00e1zku? Od vyrie\u0161enia v\u00e1\u0161ho probl\u00e9mu n\u00e1s del\u00ed kr\u00e1tka textov\u00e1 spr\u00e1va!<br \/>\n[\/cg_accordion]\n[cg_accordion title=\"\u010cO JE S\u00da\u010cAS\u0164OU BALENIA\"]<\/p>\n<ul>\n<li>1x BiWIN 2230 NVMe<\/li>\n<\/ul>\n<p>[\/cg_accordion]\n","protected":false},"featured_media":205320,"template":"","meta":{"_acf_changed":false},"product_brand":[],"product_cat":[5388],"product_tag":[9045],"woo-feed-brand":[],"class_list":{"0":"post-205260","1":"product","2":"type-product","3":"status-publish","4":"has-post-thumbnail","6":"product_cat-prislusenstvo","7":"product_tag-hardware-sk","8":"product_shipping_class-low-end","9":"pa_accessory-type-doplnky-sk","10":"pa_brand-biwin","12":"first","13":"outofstock","14":"sold-individually","15":"taxable","16":"shipping-taxable","17":"purchasable","18":"product-type-simple"},"acf":[],"aioseo_notices":[],"_links":{"self":[{"href":"https:\/\/gpdstore.net\/sk\/wp-json\/wp\/v2\/product\/205260","targetHints":{"allow":["GET"]}}],"collection":[{"href":"https:\/\/gpdstore.net\/sk\/wp-json\/wp\/v2\/product"}],"about":[{"href":"https:\/\/gpdstore.net\/sk\/wp-json\/wp\/v2\/types\/product"}],"wp:featuredmedia":[{"embeddable":true,"href":"https:\/\/gpdstore.net\/sk\/wp-json\/wp\/v2\/media\/205320"}],"wp:attachment":[{"href":"https:\/\/gpdstore.net\/sk\/wp-json\/wp\/v2\/media?parent=205260"}],"wp:term":[{"taxonomy":"product_brand","embeddable":true,"href":"https:\/\/gpdstore.net\/sk\/wp-json\/wp\/v2\/product_brand?post=205260"},{"taxonomy":"product_cat","embeddable":true,"href":"https:\/\/gpdstore.net\/sk\/wp-json\/wp\/v2\/product_cat?post=205260"},{"taxonomy":"product_tag","embeddable":true,"href":"https:\/\/gpdstore.net\/sk\/wp-json\/wp\/v2\/product_tag?post=205260"},{"taxonomy":"woo-feed-brand","embeddable":true,"href":"https:\/\/gpdstore.net\/sk\/wp-json\/wp\/v2\/woo-feed-brand?post=205260"}],"curies":[{"name":"wp","href":"https:\/\/api.w.org\/{rel}","templated":true}]}}