{"id":202606,"date":"2023-03-26T17:20:14","date_gmt":"2023-03-26T17:20:14","guid":{"rendered":"https:\/\/gpdstore.net\/nezaraden\u00e9\/herny-prenosny-pocitac-gpd-win-max-2\/"},"modified":"2026-04-02T03:47:00","modified_gmt":"2026-04-02T03:47:00","slug":"gpd-win-max-2","status":"publish","type":"product","link":"https:\/\/gpdstore.net\/sk\/product\/gpd-win-max-2\/","title":{"rendered":"Hern\u00fd prenosn\u00fd po\u010d\u00edta\u010d GPD WIN MAX 2"},"content":{"rendered":"\n<p>GPD WIN MAX 2, ktor\u00fd je k dispoz\u00edcii v obchode GPD, je p\u00f4sobiv\u00fd ultrabook, ktor\u00fd sp\u00e1ja pr\u00e1cu a z\u00e1bavu v jednom zariaden\u00ed. Tento prenosn\u00fd hern\u00fd po\u010d\u00edta\u010d sa m\u00f4\u017ee pochv\u00e1li\u0165 vysoko v\u00fdkonn\u00fdm procesorom AMD Ryzen 7 6800U s \u00f4smimi jadrami a \u0161estn\u00e1stimi vl\u00e1knami, ktor\u00fd dok\u00e1\u017ee dosiahnu\u0165 frekvenciu a\u017e 4,7 GHz medzi konfigurovate\u013en\u00fdm TDP 15 W &#8211; 28 W. Procesor AMD Radeon 680M poskytuje v\u00fdkon a\u017e 2,2 GHz, \u010d\u00edm zabezpe\u010duje plynul\u00fd obraz na 10,1&#8243; dotykovom displeji IPS.  <\/p>\n\n<p>V\u010faka kompaktn\u00fdm rozmerom 8,9 \u00d7 6,2 \u00d7 0,9 palca (22,7 \u00d7 16,0 \u00d7 2,3 cm) a hmotnosti len nie\u010do vy\u0161e jedn\u00e9ho kilogramu je GPD WIN MAX 2 ve\u013emi \u013eahko prenosn\u00fd a \u013eahko sa zmest\u00ed do ta\u0161ky alebo kufra na notebook. Tento prenosn\u00fd hern\u00fd po\u010d\u00edta\u010d podporuje a\u017e 32 GB pam\u00e4te LPDDR5-6400 MT\/s RAM a a\u017e 2 TB SSD, pri\u010dom na zadnej strane je \u010fal\u0161\u00ed slot pre a\u017e 2 TB SSD m.2 PCIe 3.0.  <\/p>\n\n<p>GPD WIN MAX 2 je tie\u017e vybaven\u00fd plnohodnotn\u00fdmi hern\u00fdmi ovl\u00e1dac\u00edmi prvkami vr\u00e1tane dvoch anal\u00f3gov\u00fdch p\u00e1k so sn\u00edma\u010dom Hallovho efektu, hern\u00e9ho D-Padu a sp\u00fa\u0161\u0165a\u010dov s Hallov\u00fdm efektom. Na zadnej strane s\u00fa dokonca dve \u010fal\u0161ie tla\u010didl\u00e1, ktor\u00e9 si m\u00f4\u017eete nakonfigurova\u0165 pod\u013ea svojich predst\u00e1v. Tento ultrabook sa m\u00f4\u017ee pochv\u00e1li\u0165 aj r\u00fdchlymi rozhraniami WiFi 6 a Bluetooth 5.2 s volite\u013enou podporou 4G LTE pre mobiln\u00e9 d\u00e1ta.  <\/p>\n\n<p>GPD WIN MAX 2 je nap\u00e1jan\u00fd 67Wh li-polym\u00e9rovou bat\u00e9riou, ktor\u00e1 poskytuje a\u017e 14 hod\u00edn \u013eahk\u00e9ho pou\u017e\u00edvania, 6-8 hod\u00edn stredne n\u00e1ro\u010dn\u00e9ho pou\u017e\u00edvania a 3 hodiny n\u00e1ro\u010dn\u00e9ho pou\u017e\u00edvania. Navy\u0161e v\u010faka portu Thunderbolt 4 m\u00f4\u017eete pripoji\u0165 extern\u00fa grafick\u00fa kartu (eGPU) a dosiahnu\u0165 e\u0161te vy\u0161\u0161\u00ed v\u00fdkon. K dispoz\u00edcii je dokonca aj zabudovan\u00e9 rozhranie HDMI 2.1 na zobrazenie na dvoch monitoroch.  <\/p>\n\n<p>Celkovo je GPD WIN MAX 2 v\u00fdnimo\u010dn\u00fd prenosn\u00fd hern\u00fd po\u010d\u00edta\u010d, ktor\u00fd plynule prech\u00e1dza medzi pr\u00e1cou a z\u00e1bavou a m\u00e1 skvel\u00fa v\u00fddr\u017e bat\u00e9rie. \u010ci u\u017e pracujete na n\u00e1ro\u010dn\u00fdch kancel\u00e1rskych dokumentoch, alebo sa odd\u00e1vate ob\u013e\u00faben\u00fdm AAA hr\u00e1m, tento ultrabook v\u00e1s pokryje. <\/p>\n\n<p><\/p>\n","protected":false},"excerpt":{"rendered":"<ul>\n<li>AMD <strong>Ryzen 7 6800U @2<\/strong>,7GHz TDP 15-28W<\/li>\n<li>AMD Radeon 680M <strong>12 CU @2200 MHz<\/strong><\/li>\n<li><strong>a\u017e 32 GB LPDDR5-6400 MT\/s<\/strong><\/li>\n<li><strong>a\u017e 2 TB vysokor\u00fdchlostn\u00fd<\/strong> PCI-E <strong>NVMe SSD disk<\/strong> <\/li>\n<li>Podpora WiFi 6 a Bluetooth <strong>5.2<\/strong>  <\/li>\n<\/ul>\n[cg_accordion title=\"INFORM\u00c1CIE O PLATBE\"]<\/p>\n<p>Pou\u017e\u00edvame najnov\u0161iu technol\u00f3giu spracovania platieb, ktor\u00e1 v\u00e1m umo\u017e\u0148uje vykona\u0165 platbu prostredn\u00edctvom debetnej\/kreditnej karty alebo slu\u017eby PayPal, aby ste sa c\u00edtili r\u00fdchlo a bezpe\u010dne.[\/cg_accordion]\n[cg_accordion title=\"Z\u00c1RUKA\"]<\/p>\n<p>2 roky z\u00e1ruky od <a href=\"https:\/\/droix.net\/\" target=\"_blank\" rel=\"nofollow noopener\">spolo\u010dnosti DROIX Global pre<\/a> v\u00e1\u0161 pokoj[\/cg_accordion]\n[cg_accordion title=\"CENY, DANE A DOPRAVA\"]<\/p>\n<p><strong><u>Pozn\u00e1mka:<\/u><\/strong><\/p>\n<ul>\n<li>Z\u00e1kazn\u00edci zo Spojen\u00fdch \u0161t\u00e1tov: Z\u00e1kazn\u00edci: Zobrazen\u00e1 cena nezah\u0155\u0148a da\u0148 ani clo. Zodpovednos\u0165 za coln\u00e9 konanie a zaplatenie akejko\u013evek s\u00favisiacej dane\/coln\u00e9ho poplatku nesie z\u00e1kazn\u00edk. <\/li>\n<li>Z\u00e1kazn\u00edci z E\u00da: V zobrazenej cene je zahrnut\u00e1 platn\u00e1 DA\u0147, ktor\u00e1 m\u00f4\u017ee by\u0165 a\u017e 25% v z\u00e1vislosti od va\u0161ej krajiny.<\/li>\n<li>Z\u00e1kazn\u00edci z Kanady: V z\u00e1vislosti od va\u0161ej provincie m\u00f4\u017ee zobrazen\u00e1 cena zah\u0155\u0148a\u0165 pr\u00edslu\u0161n\u00e9 dane, ktor\u00e9 m\u00f4\u017eu zah\u0155\u0148a\u0165 5% GST a \u010fal\u0161ie provin\u010dn\u00e9 dane z predaja (PST), harmonizovan\u00fa da\u0148 z predaja (HST) alebo quebeck\u00fa da\u0148 z predaja (QST).<\/li>\n<\/ul>\n<p><strong>Len pre z\u00e1kazn\u00edkov z E\u00da:<\/strong> Expresn\u00e9 DDP (Delivered Duty Paid). To znamen\u00e1: <\/p>\n<ul>\n<li>V\u0161etky cl\u00e1 a dane s\u00fa zahrnut\u00e9 v cene zobrazenej na str\u00e1nke produktu.<\/li>\n<li>Pri doru\u010den\u00ed nemus\u00edte plati\u0165 \u017eiadne \u010fal\u0161ie poplatky.<\/li>\n<li>V zriedkav\u00fdch pr\u00edpadoch probl\u00e9mov s\u00favisiacich s coln\u00fdmi z\u00e1le\u017eitos\u0165ami sa n\u00e1\u0161 t\u00edm postar\u00e1 o coln\u00e9 konanie vo va\u0161om mene, aby sme zabezpe\u010dili bezprobl\u00e9mov\u00e9 doru\u010denie.<\/li>\n<p>D\u00f4le\u017eit\u00e9 inform\u00e1cie o vr\u00e1ten\u00ed tovaru:<\/p>\n<li>Ak sa rozhodnete vr\u00e1ti\u0165 objedn\u00e1vku alebo po\u017eiada\u0165 o vr\u00e1tenie pe\u0148az\u00ed, majte na pam\u00e4ti, \u017ee dane a cl\u00e1 zaplaten\u00e9 vo va\u0161om mene pod\u013ea podmienok DDP nie je mo\u017en\u00e9 vr\u00e1ti\u0165.<\/li>\n<p>Podrobn\u00e9 inform\u00e1cie n\u00e1jdete v na\u0161ich <a href=\"https:\/\/droix.net\/terms-and-conditions\/\" target=\"_blank\" rel=\"nofollow noopener\">zmluvn\u00fdch podmienkach<\/a>.\n<\/ul>\n<p>[\/cg_accordion]\n[cg_accordion title=\"Z\u00c1KAZN\u00cdCKA PODPORA\"]<\/p>\n<p>M\u00e1te ot\u00e1zku? Od vyrie\u0161enia v\u00e1\u0161ho probl\u00e9mu n\u00e1s del\u00ed kr\u00e1tka textov\u00e1 spr\u00e1va! <\/p>\n<p>Podrobn\u00e9 inform\u00e1cie n\u00e1jdete v na\u0161ich <a href=\"https:\/\/gpdstore.net\/sk\/terms-of-service\/\" target=\"_blank\" rel=\"nofollow noopener\">zmluvn\u00fdch podmienkach<\/a>.\n<\/ul>\n<p>[\/cg_accordion]\n[cg_accordion title=\"\u010cO JE S\u00da\u010cAS\u0164OU BALENIA\"]<\/p>\n<ul>\n<li>1x GPD WIN MAX 2<\/li>\n<li>1x nap\u00e1jac\u00ed adapt\u00e9r<\/li>\n<li>1x k\u00e1bel USB typu C<\/li>\n<li>1x u\u017e\u00edvate\u013esk\u00e1 pr\u00edru\u010dka<\/li>\n<\/ul>\n<p>[\/cg_accordion]\n","protected":false},"featured_media":202608,"template":"","meta":{"_acf_changed":false},"product_brand":[],"product_cat":[5727],"product_tag":[6672],"woo-feed-brand":[5731],"class_list":{"0":"post-202606","1":"product","2":"type-product","3":"status-publish","4":"has-post-thumbnail","6":"product_cat-gpd-handheld-pc-na-hranie-hier","7":"product_tag-gpd-win-max-2-sk","8":"product_shipping_class-premium","9":"pa_bluetooth-5-2-sk","10":"pa_display-type-h-ips-sk","11":"pa_graphics-gpu-model-radeon-680m-sk","12":"pa_i-o-video-1x-hdmi-2-1-sk","13":"pa_i-o-video-cez-1x-usb-4-0-type-c-40gb-s","14":"pa_memory-ram-capacity-16-gb-sk","15":"pa_memory-ram-capacity-32-gb-sk","16":"pa_memory-ram-technology-lpddr5-sk","17":"pa_processor-cpu-model-ryzen-7-6800u","18":"pa_storage-capacity-1-tb-sk","19":"pa_storage-capacity-2-tb-sk","20":"pa_wi-fi-wi-fi-6-sk","21":"woo-feed-brand-gpd-sk","23":"first","24":"outofstock","25":"taxable","26":"shipping-taxable","27":"purchasable","28":"product-type-variable","29":"has-default-attributes"},"acf":[],"aioseo_notices":[],"_links":{"self":[{"href":"https:\/\/gpdstore.net\/sk\/wp-json\/wp\/v2\/product\/202606","targetHints":{"allow":["GET"]}}],"collection":[{"href":"https:\/\/gpdstore.net\/sk\/wp-json\/wp\/v2\/product"}],"about":[{"href":"https:\/\/gpdstore.net\/sk\/wp-json\/wp\/v2\/types\/product"}],"wp:featuredmedia":[{"embeddable":true,"href":"https:\/\/gpdstore.net\/sk\/wp-json\/wp\/v2\/media\/202608"}],"wp:attachment":[{"href":"https:\/\/gpdstore.net\/sk\/wp-json\/wp\/v2\/media?parent=202606"}],"wp:term":[{"taxonomy":"product_brand","embeddable":true,"href":"https:\/\/gpdstore.net\/sk\/wp-json\/wp\/v2\/product_brand?post=202606"},{"taxonomy":"product_cat","embeddable":true,"href":"https:\/\/gpdstore.net\/sk\/wp-json\/wp\/v2\/product_cat?post=202606"},{"taxonomy":"product_tag","embeddable":true,"href":"https:\/\/gpdstore.net\/sk\/wp-json\/wp\/v2\/product_tag?post=202606"},{"taxonomy":"woo-feed-brand","embeddable":true,"href":"https:\/\/gpdstore.net\/sk\/wp-json\/wp\/v2\/woo-feed-brand?post=202606"}],"curies":[{"name":"wp","href":"https:\/\/api.w.org\/{rel}","templated":true}]}}