{"id":194759,"date":"2023-03-26T13:55:57","date_gmt":"2023-03-26T13:55:57","guid":{"rendered":"https:\/\/gpdstore.net\/nezaraden\u00e9\/mini-notebook-gpd-pocket-3\/"},"modified":"2026-01-07T00:10:50","modified_gmt":"2026-01-07T00:10:50","slug":"gpd-pocket-3","status":"publish","type":"product","link":"https:\/\/gpdstore.net\/sk\/product\/gpd-pocket-3\/","title":{"rendered":"Mini notebook GPD Pocket 3"},"content":{"rendered":"\n<figure class=\"wp-block-video\"><video controls=\"\" poster=\"https:\/\/gpdstore.net\/wp-content\/uploads\/2023\/03\/s-l1600-2025-11-11T121147209.webp\" src=\"https:\/\/gpdstore.net\/wp-content\/uploads\/2023\/03\/kaezXFcAdRaf7bFG0dm_1100204901809_mp4_265_hd-1.mp4\"><\/video><\/figure>\n\n<div class=\"wp-block-columns is-layout-flex wp-container-core-columns-is-layout-28f84493 wp-block-columns-is-layout-flex\">\n<div class=\"wp-block-column is-layout-flow wp-block-column-is-layout-flow\" style=\"flex-basis:33.33%\">\n<figure class=\"wp-block-image size-full\"><a href=\"https:\/\/gpdstore.net\/wp-content\/uploads\/2023\/03\/Wholesale-Price-GPD-Pocket-3-Mini-Laptop-16GB-1TB-i7-GPD-Pocket-3jpg_.webp\"><img fetchpriority=\"high\" decoding=\"async\" width=\"800\" height=\"800\" src=\"https:\/\/gpdstore.net\/wp-content\/uploads\/2023\/03\/Wholesale-Price-GPD-Pocket-3-Mini-Laptop-16GB-1TB-i7-GPD-Pocket-3jpg_.webp\" alt=\"GPD Pocket 3, kompaktn&#xFD; a v&#xFD;konn&#xFD; mini notebook navrhnut&#xFD; na v&#x161;estrann&#xFA; pr&#xE1;cu s po&#x10D;&#xED;ta&#x10D;om a pren&#xE1;&#x161;anie.\" class=\"wp-image-1263941\" srcset=\"https:\/\/gpdstore.net\/wp-content\/uploads\/2023\/03\/Wholesale-Price-GPD-Pocket-3-Mini-Laptop-16GB-1TB-i7-GPD-Pocket-3jpg_.webp 800w, https:\/\/gpdstore.net\/wp-content\/uploads\/2023\/03\/Wholesale-Price-GPD-Pocket-3-Mini-Laptop-16GB-1TB-i7-GPD-Pocket-3jpg_-600x600.webp 600w, https:\/\/gpdstore.net\/wp-content\/uploads\/2023\/03\/Wholesale-Price-GPD-Pocket-3-Mini-Laptop-16GB-1TB-i7-GPD-Pocket-3jpg_-150x150.webp 150w, https:\/\/gpdstore.net\/wp-content\/uploads\/2023\/03\/Wholesale-Price-GPD-Pocket-3-Mini-Laptop-16GB-1TB-i7-GPD-Pocket-3jpg_-768x768.webp 768w, https:\/\/gpdstore.net\/wp-content\/uploads\/2023\/03\/Wholesale-Price-GPD-Pocket-3-Mini-Laptop-16GB-1TB-i7-GPD-Pocket-3jpg_-65x65.webp 65w, https:\/\/gpdstore.net\/wp-content\/uploads\/2023\/03\/Wholesale-Price-GPD-Pocket-3-Mini-Laptop-16GB-1TB-i7-GPD-Pocket-3jpg_-360x360.webp 360w, https:\/\/gpdstore.net\/wp-content\/uploads\/2023\/03\/Wholesale-Price-GPD-Pocket-3-Mini-Laptop-16GB-1TB-i7-GPD-Pocket-3jpg_-441x441.webp 441w, https:\/\/gpdstore.net\/wp-content\/uploads\/2023\/03\/Wholesale-Price-GPD-Pocket-3-Mini-Laptop-16GB-1TB-i7-GPD-Pocket-3jpg_-100x100.webp 100w\" sizes=\"(max-width: 800px) 100vw, 800px\" \/><\/a><\/figure>\n<\/div>\n\n\n\n<div class=\"wp-block-column is-layout-flow wp-block-column-is-layout-flow\" style=\"flex-basis:66.66%\">\n<h2 class=\"wp-block-heading\"><strong><br\/><\/strong><strong>GPD Pocket 3: kompaktn\u00fd v\u00fdkonn\u00fd po\u010d\u00edta\u010d s<br\/>Intel Pentium Gold 7505 Performance<\/strong><\/h2>\n\n\n\n<p><strong>GPD Pocket 3<\/strong> je teraz k dispoz\u00edcii v zjednodu\u0161enej konfigur\u00e1cii s <a href=\"https:\/\/www.intel.com\/content\/www\/us\/en\/products\/sku\/208667\/intel-pentium-gold-7505-processor-4m-cache-up-to-3-50-ghz-with-ipu\/specifications.html\" target=\"_blank\" rel=\"noopener nofollow\" title=\"\">procesorom Intel Pentium Gold 7505<\/a>. V\u010faka \u0161tyrom jadr\u00e1m a \u00f4smim vl\u00e1knam a r\u00fdchlosti boostu a\u017e do 3,5 GHz poskytuje tento procesor sol\u00eddny v\u00fdkon pre ka\u017edodenn\u00fa produktivitu a multitasking. <\/p>\n\n\n\n<p>V spojen\u00ed so 16 GB pam\u00e4te LPDDR4x RAM s frekvenciou 3733 MHz a r\u00fdchlym diskom M.2 <a href=\"https:\/\/droix.net\/product\/ayn-odin-2-super-dock\/\" target=\"_blank\" rel=\"noopener nofollow\" title=\"\">NVMe<\/a> SSD poskytuje Pocket 3 plynul\u00fd z\u00e1\u017eitok pri \u00faloh\u00e1ch, ako je \u00faprava dokumentov, prehliadanie webu, streamovanie videa a \u013eahk\u00e1 tvoriv\u00e1 pr\u00e1ca. V\u010faka kompaktn\u00e9mu dizajnu a modul\u00e1rnemu syst\u00e9mu portov je ide\u00e1lny pre profesion\u00e1lov a nad\u0161encov, ktor\u00ed potrebuj\u00fa v\u00fdkonn\u00e9 a z\u00e1rove\u0148 prenosn\u00e9 zariadenie so syst\u00e9mom Windows. <\/p>\n\n\n\n<p>\u010ci u\u017e pracujete na dia\u013eku, cestujete alebo potrebujete v\u0161estrann\u00fd ultraprenosn\u00fd po\u010d\u00edta\u010d, GPD Pocket 3 s procesorom Intel Pentium Gold predstavuje dokonal\u00fa rovnov\u00e1hu medzi v\u00fdkonom a prenosnos\u0165ou.<\/p>\n<\/div>\n<\/div>\n\n<h2 class=\"wp-block-heading has-text-align-center\">Navrhnut\u00e9 pre profesion\u00e1lov: V\u0161estrannos\u0165, kontrola a dokonal\u00fd dizajn<\/h2>\n\n<div class=\"wp-block-columns is-layout-flex wp-container-core-columns-is-layout-28f84493 wp-block-columns-is-layout-flex\">\n<div class=\"wp-block-column is-layout-flow wp-block-column-is-layout-flow\">\n<figure class=\"wp-block-image size-full\"><img decoding=\"async\" width=\"300\" height=\"300\" src=\"https:\/\/gpdstore.net\/wp-content\/uploads\/2023\/03\/87affa8a-19ce-4c6d-891b-43840ae1d1f6__CR00300300_PT0_SX300_V1___.jpg\" alt=\"Mini notebook GPD Pocket 3 s obrazovkou oto&#x10D;nou o 180 stup&#x148;ov a mo&#x17E;nos&#x165;ou oto&#x10D;enia o 180 stup&#x148;ov, ktor&#xFD; pon&#xFA;ka flexibiln&#xE9; mo&#x17E;nosti zobrazenia a pou&#x17E;&#xED;vania\" class=\"wp-image-1263942\" srcset=\"https:\/\/gpdstore.net\/wp-content\/uploads\/2023\/03\/87affa8a-19ce-4c6d-891b-43840ae1d1f6__CR00300300_PT0_SX300_V1___.jpg 300w, https:\/\/gpdstore.net\/wp-content\/uploads\/2023\/03\/87affa8a-19ce-4c6d-891b-43840ae1d1f6__CR00300300_PT0_SX300_V1___-150x150.jpg 150w, https:\/\/gpdstore.net\/wp-content\/uploads\/2023\/03\/87affa8a-19ce-4c6d-891b-43840ae1d1f6__CR00300300_PT0_SX300_V1___-65x65.jpg 65w, https:\/\/gpdstore.net\/wp-content\/uploads\/2023\/03\/87affa8a-19ce-4c6d-891b-43840ae1d1f6__CR00300300_PT0_SX300_V1___-100x100.jpg 100w\" sizes=\"(max-width: 300px) 100vw, 300px\" \/><\/figure>\n\n\n\n<h3 class=\"wp-block-heading\"><strong><strong>Displej, ktor\u00fd sa prisp\u00f4sobuje:<\/strong> 180\u00b0 oto\u010dn\u00e1 obrazovka s odolnos\u0165ou pr\u00e1\u0161kovej metalurgie.<\/strong><\/h3>\n\n\n\n<p>Na\u0161e inovat\u00edvne skon\u0161truovan\u00e9 oto\u010dn\u00e9 sito vyroben\u00e9 pomocou pokro\u010dilej technol\u00f3gie pr\u00e1\u0161kovej metalurgie umo\u017e\u0148uje plynul\u00e9 ot\u00e1\u010danie o 180 stup\u0148ov jednou rukou okolo osi Y. \u00daspe\u0161ne pre\u0161la pr\u00edsnymi testami odolnosti a vydr\u017eala 100 000 nepretr\u017eit\u00fdch robotick\u00fdch oper\u00e1ci\u00ed (vr\u00e1tane ot\u00e1\u010dania, otv\u00e1rania a zatv\u00e1rania) s p\u00f4sobivou 99,3-percentnou mierou prev\u00e1dzkyschopnosti. <\/p>\n<\/div>\n\n\n\n<div class=\"wp-block-column is-layout-flow wp-block-column-is-layout-flow\">\n<figure class=\"wp-block-image size-full\"><img decoding=\"async\" width=\"300\" height=\"300\" src=\"https:\/\/gpdstore.net\/wp-content\/uploads\/2023\/03\/9728f488-7c9a-4702-8194-6d4228a0fa83__CR00300300_PT0_SX300_V1___.jpg\" alt=\"Mini notebook GPD Pocket 3 s podporou stylusu, ktor&#xFD; umo&#x17E;&#x148;uje presn&#xE9; zad&#xE1;vanie a vy&#x161;&#x161;iu produktivitu.\" class=\"wp-image-1263943\" srcset=\"https:\/\/gpdstore.net\/wp-content\/uploads\/2023\/03\/9728f488-7c9a-4702-8194-6d4228a0fa83__CR00300300_PT0_SX300_V1___.jpg 300w, https:\/\/gpdstore.net\/wp-content\/uploads\/2023\/03\/9728f488-7c9a-4702-8194-6d4228a0fa83__CR00300300_PT0_SX300_V1___-150x150.jpg 150w, https:\/\/gpdstore.net\/wp-content\/uploads\/2023\/03\/9728f488-7c9a-4702-8194-6d4228a0fa83__CR00300300_PT0_SX300_V1___-65x65.jpg 65w, https:\/\/gpdstore.net\/wp-content\/uploads\/2023\/03\/9728f488-7c9a-4702-8194-6d4228a0fa83__CR00300300_PT0_SX300_V1___-100x100.jpg 100w\" sizes=\"(max-width: 300px) 100vw, 300px\" \/><\/figure>\n\n\n\n<h3 class=\"wp-block-heading\"><strong><strong><strong>Presn\u00fd vstup:<\/strong> Vyu\u017e\u00edva kl\u00e1vesnicu QWERTY ocenen\u00fa Red Dot a stylus s 4096 \u00farov\u0148ami.<\/strong><\/strong><\/h3>\n\n\n\n<p>Zariadenie Pocket 3 je vybaven\u00e9 podporou akt\u00edvneho stylusu so 4096 \u00farov\u0148ami citlivosti na tlak, \u010do zaru\u010duje origin\u00e1lnu presnos\u0165 rukopisu. Je kompatibiln\u00fd s perom Surface Pen prostredn\u00edctvom protokolu Microsoft MPP 2.0 a umo\u017e\u0148uje bezprobl\u00e9mov\u00e9 p\u00edsanie pozn\u00e1mok, anot\u00e1ci\u00ed a podpisov, \u010d\u00edm umo\u017e\u0148uje presn\u00e9 a kreat\u00edvne vytv\u00e1ranie obsahu kedyko\u013evek. <\/p>\n<\/div>\n\n\n\n<div class=\"wp-block-column is-layout-flow wp-block-column-is-layout-flow\">\n<figure class=\"wp-block-image size-full\"><img loading=\"lazy\" decoding=\"async\" width=\"300\" height=\"300\" src=\"https:\/\/gpdstore.net\/wp-content\/uploads\/2023\/03\/a2d68f01-c1f4-4886-afb1-90dae8b01b16__CR00300300_PT0_SX300_V1___.jpg\" alt=\"Mini notebook GPD Pocket 3 s ultratenkou kamerou s rozl&#xED;&#x161;en&#xED;m 1080P, ktor&#xE1; poskytuje vysok&#xFA; kvalitu videa pre jasn&#xE9; a ostr&#xE9; videohovory\" class=\"wp-image-1263944\" srcset=\"https:\/\/gpdstore.net\/wp-content\/uploads\/2023\/03\/a2d68f01-c1f4-4886-afb1-90dae8b01b16__CR00300300_PT0_SX300_V1___.jpg 300w, https:\/\/gpdstore.net\/wp-content\/uploads\/2023\/03\/a2d68f01-c1f4-4886-afb1-90dae8b01b16__CR00300300_PT0_SX300_V1___-150x150.jpg 150w, https:\/\/gpdstore.net\/wp-content\/uploads\/2023\/03\/a2d68f01-c1f4-4886-afb1-90dae8b01b16__CR00300300_PT0_SX300_V1___-65x65.jpg 65w, https:\/\/gpdstore.net\/wp-content\/uploads\/2023\/03\/a2d68f01-c1f4-4886-afb1-90dae8b01b16__CR00300300_PT0_SX300_V1___-100x100.jpg 100w\" sizes=\"(max-width: 300px) 100vw, 300px\" \/><\/figure>\n\n\n\n<h3 class=\"wp-block-heading\"><strong><strong><strong>Jasn\u00e1 komunik\u00e1cia:<\/strong> Pripojenie kdeko\u013evek pomocou 1080P ultratenkej kamery so \u0161irok\u00fdm uhlom z\u00e1beru.<\/strong><\/strong><\/h3>\n\n\n\n<p>Ultratenk\u00e1 minikamera s vysok\u00fdm rozl\u00ed\u0161en\u00edm 1080P, 2 mili\u00f3nmi pixelov a \u0161irok\u00fdm 77\u00b0 zorn\u00fdm po\u013eom. V\u010faka tomu m\u00f4\u017eete komunikova\u0165 s rodinou prostredn\u00edctvom \u017eiv\u00e9ho webov\u00e9ho vysielania alebo organizova\u0165 videokonferencie s kolegami kedyko\u013evek a kdeko\u013evek. <\/p>\n<\/div>\n<\/div>\n\n<div class=\"wp-block-columns is-layout-flex wp-container-core-columns-is-layout-28f84493 wp-block-columns-is-layout-flex\">\n<div class=\"wp-block-column is-layout-flow wp-block-column-is-layout-flow\">\n<figure class=\"wp-block-image size-full\"><img loading=\"lazy\" decoding=\"async\" width=\"300\" height=\"400\" src=\"https:\/\/gpdstore.net\/wp-content\/uploads\/2023\/03\/dfaad9ca-c981-4178-9f69-19a4a5cf5f38__CR00300400_PT0_SX300_V1___.jpg\" alt=\"Mini notebook GPD Pocket 3 s ovl&#xE1;dan&#xED;m KVM, ktor&#xFD; pon&#xFA;ka bezprobl&#xE9;mov&#xFA; integr&#xE1;ciu a spr&#xE1;vu viacer&#xFD;ch zariaden&#xED; z jedn&#xE9;ho rozhrania\" class=\"wp-image-1263945\" srcset=\"https:\/\/gpdstore.net\/wp-content\/uploads\/2023\/03\/dfaad9ca-c981-4178-9f69-19a4a5cf5f38__CR00300400_PT0_SX300_V1___.jpg 300w, https:\/\/gpdstore.net\/wp-content\/uploads\/2023\/03\/dfaad9ca-c981-4178-9f69-19a4a5cf5f38__CR00300400_PT0_SX300_V1___-150x200.jpg 150w\" sizes=\"(max-width: 300px) 100vw, 300px\" \/><\/figure>\n<\/div>\n\n\n\n<div class=\"wp-block-column is-layout-flow wp-block-column-is-layout-flow\">\n<h3 class=\"wp-block-heading\"><strong>V\u00fdkon spr\u00e1vy IT:<\/strong> Pr\u00edstup k serveru na hardv\u00e9rovej \u00farovni prostredn\u00edctvom modulu KVM vymenite\u013en\u00e9ho za prev\u00e1dzky.<\/h3>\n\n\n\n<p>Na rozdiel od &#8220;vzdialenej plochy&#8221; sa riadiaci modul KVM pou\u017e\u00edva na riadenie pr\u00edstupu na \u00farovni hardv\u00e9ru, ktor\u00e9 pokr\u00fdva cel\u00fd proces pou\u017e\u00edvania cie\u013eov\u00e9ho servera, od zav\u00e1dzania syst\u00e9mu, nastavenia syst\u00e9mu BIOS a\u017e po oper\u00e1cie v r\u00e1mci opera\u010dn\u00e9ho syst\u00e9mu.<\/p>\n\n\n\n<p>Je vymenite\u013en\u00fd za prev\u00e1dzky, ale nem\u00e1 IP KVM, tak\u017ee nepodporuje vzdialen\u00fa spr\u00e1vu a je vhodn\u00fd na spr\u00e1vu lok\u00e1lnych sie\u0165ov\u00fdch zariaden\u00ed, ktor\u00e9 nemaj\u00fa kl\u00e1vesnicu, my\u0161 a displej.<\/p>\n\n\n\n<p>*Modul KVM\/RS-232 Modul\/Stylus sa pred\u00e1va samostatne<\/p>\n<\/div>\n\n\n\n<div class=\"wp-block-column is-layout-flow wp-block-column-is-layout-flow\">\n<figure class=\"wp-block-image size-full\"><img loading=\"lazy\" decoding=\"async\" width=\"350\" height=\"175\" src=\"https:\/\/gpdstore.net\/wp-content\/uploads\/2023\/03\/c011901a-1c49-4ed6-b6e2-a74a6089bf57__CR00350175_PT0_SX350_V1___-1.jpg\" alt=\"Mini notebook GPD Pocket 3 s kl&#xE1;vesnicou QWERTY, navrhnut&#xFD; na pohodln&#xE9; a efekt&#xED;vne p&#xED;sanie v kompaktn&#xFD;ch rozmeroch\" class=\"wp-image-1263946\" srcset=\"https:\/\/gpdstore.net\/wp-content\/uploads\/2023\/03\/c011901a-1c49-4ed6-b6e2-a74a6089bf57__CR00350175_PT0_SX350_V1___-1.jpg 350w, https:\/\/gpdstore.net\/wp-content\/uploads\/2023\/03\/c011901a-1c49-4ed6-b6e2-a74a6089bf57__CR00350175_PT0_SX350_V1___-1-150x75.jpg 150w\" sizes=\"(max-width: 350px) 100vw, 350px\" \/><\/figure>\n\n\n\n<h3 class=\"wp-block-heading\"><strong>Kl\u00e1vesnica &#8220;QWERTY&#8221;<\/strong><\/h3>\n\n\n\n<p>Na\u0161a \u0161iroko uzn\u00e1van\u00e1 kl\u00e1vesnica &#8220;QWERTY&#8221; v \u010dokol\u00e1dovom \u0161t\u00fdle, ktor\u00e1 z\u00edskala nemeck\u00e9 ocenenie Red Dot Award, je optimalizovan\u00e1 na p\u00edsanie oboma rukami t\u00fdm, \u017ee s\u00fastred\u00ed najd\u00f4le\u017eitej\u0161ie kl\u00e1vesy do stredu, v\u010faka \u010domu je hranie hier ovl\u00e1dan\u00fdch kl\u00e1vesnicou a my\u0161ou na tomto zariaden\u00ed ve\u013emi pohodln\u00e9!<\/p>\n<\/div>\n<\/div>\n\n<h2 class=\"wp-block-heading has-text-align-center\">Vstupy profesion\u00e1lnej triedy: Hardv\u00e9rov\u00e9 ovl\u00e1danie a ergonomick\u00e9 p\u00edsanie<\/h2>\n\n<figure class=\"wp-block-image aligncenter size-full\"><img loading=\"lazy\" decoding=\"async\" width=\"1024\" height=\"678\" src=\"https:\/\/gpdstore.net\/wp-content\/uploads\/2023\/03\/GPD-POCKET-3-MARKETING-IMAGE-2-1024x678-1.jpg\" alt=\"Mini notebook GPD Pocket 3 s mo&#x17E;nos&#x165;ou pripojenia viacer&#xFD;ch displejov na zv&#xFD;&#x161;enie produktivity a multitaskingu\" class=\"wp-image-1263947\" srcset=\"https:\/\/gpdstore.net\/wp-content\/uploads\/2023\/03\/GPD-POCKET-3-MARKETING-IMAGE-2-1024x678-1.jpg 1024w, https:\/\/gpdstore.net\/wp-content\/uploads\/2023\/03\/GPD-POCKET-3-MARKETING-IMAGE-2-1024x678-1-600x397.jpg 600w, https:\/\/gpdstore.net\/wp-content\/uploads\/2023\/03\/GPD-POCKET-3-MARKETING-IMAGE-2-1024x678-1-768x509.jpg 768w, https:\/\/gpdstore.net\/wp-content\/uploads\/2023\/03\/GPD-POCKET-3-MARKETING-IMAGE-2-1024x678-1-360x238.jpg 360w, https:\/\/gpdstore.net\/wp-content\/uploads\/2023\/03\/GPD-POCKET-3-MARKETING-IMAGE-2-1024x678-1-990x655.jpg 990w, https:\/\/gpdstore.net\/wp-content\/uploads\/2023\/03\/GPD-POCKET-3-MARKETING-IMAGE-2-1024x678-1-441x292.jpg 441w, https:\/\/gpdstore.net\/wp-content\/uploads\/2023\/03\/GPD-POCKET-3-MARKETING-IMAGE-2-1024x678-1-150x99.jpg 150w\" sizes=\"(max-width: 1024px) 100vw, 1024px\" \/><\/figure>\n\n<p>Spolo\u010dnos\u0165 GPD sa vracia s tre\u0165ou iter\u00e1ciou svojho popul\u00e1rneho radu mini notebookov s pr\u00edzna\u010dn\u00fdm n\u00e1zvom <strong>GPD Pocket 3<\/strong>! Tento funkciami nabit\u00fd notebook mal\u00fdch rozmerov je plne vybaven\u00fd a dostato\u010dne flexibiln\u00fd na to, aby s \u013eahkos\u0165ou naplnil v\u0161etky va\u0161e ka\u017edodenn\u00e9 po\u010d\u00edta\u010dov\u00e9 potreby<\/p>\n\n<p>Okrem mno\u017estva rozhran\u00ed, ktor\u00e9 u\u017e zariadenie m\u00e1 (USB, Thunderbolt, RJ45 at\u010f.), je GPD Pocket 3 vybaven\u00fd aj &#8220;modul\u00e1rnym pripojovac\u00edm rozhran\u00edm&#8221;. V\u010faka tomu si m\u00f4\u017eete porty na <strong>GPD Pocket 3<\/strong> \u013eubovo\u013ene prisp\u00f4sobi\u0165 pod\u013ea svojich potrieb. Chcete \u010fal\u0161\u00ed port USB pre in\u00e9 zariadenie? \u017diadny probl\u00e9m. Potrebujete prepojenie so serverom? S vyhraden\u00fdm modulom KVM je to jednoduch\u00e9!*     <\/p>\n\n<p>Nakoniec je <strong>GPD Pocket 3<\/strong> nabit\u00fd u\u017eito\u010dn\u00fdmi funkciami a vlastnos\u0165ami. Vstavan\u00fd mikrof\u00f3n? M\u00e1te ho k dispoz\u00edcii. Displej oto\u010dn\u00fd o 360 stup\u0148ov? Jasn\u00e9! HDMI port? U\u017e je tam!      <\/p>\n\n<p>Bez oh\u013eadu na to, \u010di m\u00e1te z\u00e1ujem o \u0161pi\u010dkov\u00fd alebo z\u00e1kladn\u00fd model, z\u00edskate notebook, ktor\u00fd je vysoko prenosn\u00fd a prisp\u00f4sobite\u013en\u00fd tak, aby v\u00e1m dokonale vyhovoval.<\/p>\n\n<figure class=\"wp-block-image aligncenter size-full\"><img loading=\"lazy\" decoding=\"async\" width=\"970\" height=\"600\" src=\"https:\/\/gpdstore.net\/wp-content\/uploads\/2023\/03\/28ee65cf-aa50-4535-b107-c1d20069d506__CR00970600_PT0_SX970_V1___.jpg\" alt=\"Syst&#xE9;mov&#xE9; parametre mini notebooku GPD Pocket 3 vr&#xE1;tane &#x161;pecifik&#xE1;ci&#xED; procesora, pam&#xE4;te, &#xFA;lo&#x17E;iska a displeja pre optim&#xE1;lny v&#xFD;kon.\" class=\"wp-image-1263948\" srcset=\"https:\/\/gpdstore.net\/wp-content\/uploads\/2023\/03\/28ee65cf-aa50-4535-b107-c1d20069d506__CR00970600_PT0_SX970_V1___.jpg 970w, https:\/\/gpdstore.net\/wp-content\/uploads\/2023\/03\/28ee65cf-aa50-4535-b107-c1d20069d506__CR00970600_PT0_SX970_V1___-600x371.jpg 600w, https:\/\/gpdstore.net\/wp-content\/uploads\/2023\/03\/28ee65cf-aa50-4535-b107-c1d20069d506__CR00970600_PT0_SX970_V1___-768x475.jpg 768w, https:\/\/gpdstore.net\/wp-content\/uploads\/2023\/03\/28ee65cf-aa50-4535-b107-c1d20069d506__CR00970600_PT0_SX970_V1___-360x223.jpg 360w, https:\/\/gpdstore.net\/wp-content\/uploads\/2023\/03\/28ee65cf-aa50-4535-b107-c1d20069d506__CR00970600_PT0_SX970_V1___-441x273.jpg 441w, https:\/\/gpdstore.net\/wp-content\/uploads\/2023\/03\/28ee65cf-aa50-4535-b107-c1d20069d506__CR00970600_PT0_SX970_V1___-150x93.jpg 150w\" sizes=\"(max-width: 970px) 100vw, 970px\" \/><\/figure>\n","protected":false},"excerpt":{"rendered":"<ul>\n<li>Intel\u00ae Pentium\u00ae Gold 7505 do 3,50 GHz ; 4 jadr\u00e1\/8 vl\u00e1kien<\/li>\n<li><strong>16 GB LPDDR4x RAM<\/strong> @3733Mhz<\/li>\n<li><strong>Thunderbolt 4 \/ 8&#8243; dotykov\u00fd displej \/ skener odtla\u010dkov prstov<\/strong><\/li>\n<li><strong>A\u017e 4 TB<\/strong> PCI-E NVMe SSD<\/li>\n<li>Modul\u00e1rny s <strong>portami KVM\/RS-232 <\/strong>(pred\u00e1va sa samostatne)<\/li>\n<\/ul>\n<p><img loading=\"lazy\" decoding=\"async\" src=\"https:\/\/gpdstore.net\/wp-content\/uploads\/2024\/08\/POCKET-4-FREEBIE-LONG.jpg\" alt=\"Propaga\u010dn\u00fd banner pre GPD Pocket 4 s ponukou bezplatn\u00e9ho ochrann\u00e9ho puzdra. Text znie: \"DAR\u010cEK ZDARMA - OCHRANN\u00c9 P\u00daZDRO - AUTOMATICKY PRIDAN\u00c9 DO KO\u0160\u00cdKA\" spolu s obr\u00e1zkom elegantn\u00e9ho \u010dierneho ochrann\u00e9ho puzdra\" width=\"1000\" height=\"140\" class=\"alignnone size-full wp-image-973719\" srcset=\"https:\/\/gpdstore.net\/wp-content\/uploads\/2024\/08\/POCKET-4-FREEBIE-LONG.jpg 1000w, https:\/\/gpdstore.net\/wp-content\/uploads\/2024\/08\/POCKET-4-FREEBIE-LONG-600x84.jpg 600w, https:\/\/gpdstore.net\/wp-content\/uploads\/2024\/08\/POCKET-4-FREEBIE-LONG-768x108.jpg 768w, https:\/\/gpdstore.net\/wp-content\/uploads\/2024\/08\/POCKET-4-FREEBIE-LONG-360x50.jpg 360w, https:\/\/gpdstore.net\/wp-content\/uploads\/2024\/08\/POCKET-4-FREEBIE-LONG-990x139.jpg 990w, https:\/\/gpdstore.net\/wp-content\/uploads\/2024\/08\/POCKET-4-FREEBIE-LONG-441x62.jpg 441w, https:\/\/gpdstore.net\/wp-content\/uploads\/2024\/08\/POCKET-4-FREEBIE-LONG-150x21.jpg 150w\" sizes=\"(max-width: 1000px) 100vw, 1000px\" \/><\/p>\n<p> [cg_accordion title=\"INFORM\u00c1CIE O PLATBE\"] Pou\u017e\u00edvame najnov\u0161iu technol\u00f3giu spracovania platieb, ktor\u00e1 v\u00e1m umo\u017e\u0148uje vykona\u0165 platbu prostredn\u00edctvom debetnej\/kreditnej karty alebo slu\u017eby PayPal, aby ste sa c\u00edtili r\u00fdchlo a bezpe\u010dne.[\/cg_accordion] [cg_accordion title=\"Z\u00c1RUKA\"] 2 roky z\u00e1ruky od spolo\u010dnosti <a href=\"https:\/\/droix.net\/\" target=\"_blank\" rel=\"nofollow noopener\">DROIX Global<\/a> pre v\u00e1\u0161 pokoj[\/cg_accordion] [cg_accordion title=\"ZABEZPE\u010cENIE KVALITY A TESTOVANIE PRED ODOSLAN\u00cdM\"] Zabezpe\u010denie spokojnosti z\u00e1kazn\u00edkov na najvy\u0161\u0161ej \u00farovni: Ka\u017ed\u00e9 zariadenie pred odoslan\u00edm prech\u00e1dza pr\u00edsnym testovan\u00edm a viacbodovou kontrolou kvality. N\u00e1\u0161 \u0161pecializovan\u00fd t\u00edm overuje v\u00fdkon, funk\u010dnos\u0165 a integritu komponentov, aby sme v\u00e1m zaru\u010dili, \u017ee va\u0161e zariadenie GPD je pri pr\u00edchode v perfektnom stave, \u010do v\u00e1m poskytne d\u00f4veru a pokoj.[\/cg_accordion] [cg_accordion title=\"CENY, DANE A DOPRAVA\"] <strong><u>Pozn\u00e1mka:<\/u><\/strong><\/p>\n<ul>\n<li>Z\u00e1kazn\u00edci zo Spojen\u00fdch \u0161t\u00e1tov: Z\u00e1kazn\u00edci: Zobrazen\u00e1 cena nezah\u0155\u0148a da\u0148 ani clo. Zodpovednos\u0165 za coln\u00e9 konanie a zaplatenie akejko\u013evek s\u00favisiacej dane\/coln\u00e9ho poplatku nesie z\u00e1kazn\u00edk. <\/li>\n<li>Z\u00e1kazn\u00edci z E\u00da: V zobrazenej cene je zahrnut\u00e1 platn\u00e1 DA\u0147, ktor\u00e1 m\u00f4\u017ee by\u0165 a\u017e 25% v z\u00e1vislosti od va\u0161ej krajiny.<\/li>\n<li>Z\u00e1kazn\u00edci z Kanady: V z\u00e1vislosti od va\u0161ej provincie m\u00f4\u017ee zobrazen\u00e1 cena zah\u0155\u0148a\u0165 pr\u00edslu\u0161n\u00e9 dane, ktor\u00e9 m\u00f4\u017eu zah\u0155\u0148a\u0165 5% GST a \u010fal\u0161ie provin\u010dn\u00e9 dane z predaja (PST), harmonizovan\u00fa da\u0148 z predaja (HST) alebo quebeck\u00fa da\u0148 z predaja (QST).<\/li>\n<\/ul>\n<p><strong>Len pre z\u00e1kazn\u00edkov z E\u00da:<\/strong> Expresn\u00e9 DDP (Delivered Duty Paid). To znamen\u00e1: <\/p>\n<ul>\n<li style=\"list-style-type: none;\">\n<ul>\n<li>V\u0161etky cl\u00e1 a dane s\u00fa zahrnut\u00e9 v cene zobrazenej na str\u00e1nke produktu.<\/li>\n<li>Pri doru\u010den\u00ed nemus\u00edte plati\u0165 \u017eiadne \u010fal\u0161ie poplatky.<\/li>\n<li>V zriedkav\u00fdch pr\u00edpadoch probl\u00e9mov s\u00favisiacich s coln\u00fdmi z\u00e1le\u017eitos\u0165ami sa n\u00e1\u0161 t\u00edm postar\u00e1 o coln\u00e9 konanie vo va\u0161om mene, aby sme zabezpe\u010dili bezprobl\u00e9mov\u00e9 doru\u010denie.<\/li>\n<p>D\u00f4le\u017eit\u00e9 inform\u00e1cie o vr\u00e1ten\u00ed tovaru:<\/p>\n<li>Ak sa rozhodnete vr\u00e1ti\u0165 objedn\u00e1vku alebo po\u017eiada\u0165 o vr\u00e1tenie pe\u0148az\u00ed, majte na pam\u00e4ti, \u017ee dane a cl\u00e1 zaplaten\u00e9 vo va\u0161om mene pod\u013ea podmienok DDP nie je mo\u017en\u00e9 vr\u00e1ti\u0165.<\/li>\n<p>Pozrite si, pros\u00edm, n\u00e1\u0161<\/ul>\n<\/li>\n<\/ul>\n<p><a href=\"https:\/\/droix.net\/terms-and-conditions\/\" target=\"_blank\" rel=\"nofollow noopener\">Podmienky a pravidl\u00e1<\/a><\/p>\n<ul>podrobnej\u0161ie inform\u00e1cie.<\/ul>\n<p>[\/cg_accordion] [cg_accordion title=\"Z\u00c1KAZN\u00cdCKA PODPORA\"]  M\u00e1te ot\u00e1zku? Od vyrie\u0161enia v\u00e1\u0161ho probl\u00e9mu n\u00e1s del\u00ed kr\u00e1tka textov\u00e1 spr\u00e1va!  Podrobn\u00e9 inform\u00e1cie n\u00e1jdete v na\u0161ich <a href=\"https:\/\/gpdstore.net\/en-gb\/terms-of-service\/\" target=\"_blank\" rel=\"nofollow noopener\">zmluvn\u00fdch podmienkach<\/a>.  [\/cg_accordion] [cg_accordion title=\"\u010cO JE S\u00da\u010cAS\u0164OU BALENIA\"]<\/p>\n<ul>\n<li>1x GPD Pocket 3<\/li>\n<li>1x nap\u00e1jac\u00ed adapt\u00e9r<\/li>\n<li>1x k\u00e1bel USB typu C<\/li>\n<li>1x u\u017e\u00edvate\u013esk\u00e1 pr\u00edru\u010dka<\/li>\n<li>1x stylus GPD<\/li>\n<\/ul>\n<p>[\/cg_accordion]<\/p>\n","protected":false},"featured_media":30134,"template":"","meta":{"_acf_changed":false},"product_brand":[],"product_cat":[6669,8712,8713],"product_tag":[14533,8714],"woo-feed-brand":[5731],"class_list":{"0":"post-194759","1":"product","2":"type-product","3":"status-publish","4":"has-post-thumbnail","6":"product_cat-mini-notebooky-gpd","7":"product_cat-prenosne-pocitace","8":"product_cat-tablet-laptop-sk","9":"product_tag-8xmsale-sk-2","10":"product_tag-gpd-pocket-3-sk","11":"product_shipping_class-premium","12":"pa_bluetooth-5-sk","13":"pa_brand-gpd","14":"pa_display-type-h-ips-sk","15":"pa_graphics-gpu-model-core-i3-1125g4-grafika-uhd-sk","16":"pa_graphics-gpu-model-core-i7-1195g7-grafika-iris-xe-sk","17":"pa_graphics-gpu-model-pentium-gold-7505-grafika-uhd-sk","18":"pa_i-o-video-1x-hdmi-2-0b-sk","19":"pa_i-o-video-cez-1x-usb-4-0-type-c-40gb-s","20":"pa_memory-ram-capacity-16-gb-sk","21":"pa_memory-ram-capacity-8-gb-sk","22":"pa_memory-ram-technology-lpddr4x-sk","23":"pa_processor-cpu-model-intel-core-i3-1125g4","24":"pa_processor-cpu-model-intel-core-i7-1195g7","25":"pa_processor-cpu-model-intel-pentium-gold-7505","26":"pa_processor-cpu-model-pentium-silver-n6000","27":"pa_storage-capacity-1-tb-sk","28":"pa_storage-capacity-512-gb-sk","29":"pa_wi-fi-wi-fi-6-sk","30":"woo-feed-brand-gpd-sk","32":"first","33":"instock","34":"sale","35":"taxable","36":"shipping-taxable","37":"purchasable","38":"product-type-variable","39":"has-default-attributes"},"acf":[],"aioseo_notices":[],"_links":{"self":[{"href":"https:\/\/gpdstore.net\/sk\/wp-json\/wp\/v2\/product\/194759","targetHints":{"allow":["GET"]}}],"collection":[{"href":"https:\/\/gpdstore.net\/sk\/wp-json\/wp\/v2\/product"}],"about":[{"href":"https:\/\/gpdstore.net\/sk\/wp-json\/wp\/v2\/types\/product"}],"wp:featuredmedia":[{"embeddable":true,"href":"https:\/\/gpdstore.net\/sk\/wp-json\/wp\/v2\/media\/30134"}],"wp:attachment":[{"href":"https:\/\/gpdstore.net\/sk\/wp-json\/wp\/v2\/media?parent=194759"}],"wp:term":[{"taxonomy":"product_brand","embeddable":true,"href":"https:\/\/gpdstore.net\/sk\/wp-json\/wp\/v2\/product_brand?post=194759"},{"taxonomy":"product_cat","embeddable":true,"href":"https:\/\/gpdstore.net\/sk\/wp-json\/wp\/v2\/product_cat?post=194759"},{"taxonomy":"product_tag","embeddable":true,"href":"https:\/\/gpdstore.net\/sk\/wp-json\/wp\/v2\/product_tag?post=194759"},{"taxonomy":"woo-feed-brand","embeddable":true,"href":"https:\/\/gpdstore.net\/sk\/wp-json\/wp\/v2\/woo-feed-brand?post=194759"}],"curies":[{"name":"wp","href":"https:\/\/api.w.org\/{rel}","templated":true}]}}