{"id":190808,"date":"2023-03-24T18:47:23","date_gmt":"2023-03-24T18:47:23","guid":{"rendered":"https:\/\/gpdstore.net\/nezaraden\u00e9\/herny-prenosny-pocitac-gpd-win-4\/"},"modified":"2025-12-23T10:37:03","modified_gmt":"2025-12-23T10:37:03","slug":"gpd-win-4","status":"publish","type":"product","link":"https:\/\/gpdstore.net\/sk\/product\/gpd-win-4\/","title":{"rendered":"Hern\u00fd prenosn\u00fd po\u010d\u00edta\u010d GPD WIN 4"},"content":{"rendered":"\n<p>Ak ste v\u00e1\u0161niv\u00fd hr\u00e1\u010d, ktor\u00fd si r\u00e1d berie hry na cesty, ur\u010dite v\u00e1s pote\u0161\u00ed spr\u00e1va o najnov\u0161om prenosnom hernom po\u010d\u00edta\u010di od spolo\u010dnosti GPD, GPD WIN 4. V\u010faka kompaktn\u00fdm rozmerom a v\u00fdkonn\u00fdm \u0161pecifik\u00e1ci\u00e1m toto zariadenie ur\u010dite zaujme aj t\u00fdch najn\u00e1ro\u010dnej\u0161\u00edch hr\u00e1\u010dov. <\/p>\n\n<p>S rozmermi len 8,6 \u00d7 3,6 \u00d7 1,10 palca (22,0 \u00d7 9,2 \u00d7 2,8 cm) a hmotnos\u0165ou len pribli\u017ene 570 g je GPD WIN 4 neuverite\u013ene prenosn\u00fd. Je dokonca e\u0161te men\u0161\u00ed ako jeho predchodca GPD WIN 3, tak\u017ee ho m\u00f4\u017eete \u013eahko vlo\u017ei\u0165 do malej ta\u0161ky alebo vrecka bundy a vzia\u0165 so sebou kamko\u013evek. <\/p>\n\n<p>Jednou z v\u00fdrazn\u00fdch vlastnost\u00ed GPD WIN 4 je procesor AMD Ryzen 7 6800U s \u00f4smimi jadrami a \u0161estn\u00e1stimi vl\u00e1knami s frekvenciou a\u017e 4,7 GHz pri spotrebe 28 W TDP. To v spojen\u00ed s procesorom Radeon 680M s frekvenciou a\u017e 2,2 GHz umo\u017e\u0148uje plynul\u00e9 hranie najnov\u0161\u00edch hier AAA pre syst\u00e9m Windows na tomto prenosnom hernom po\u010d\u00edta\u010di pri hernom nastaven\u00ed. \u010ci u\u017e v\u00e1s zauj\u00edmaj\u00fa strie\u013ea\u010dky z poh\u013eadu prvej osoby, hry na hranie rol\u00ed alebo \u0161portov\u00e9 simul\u00e1cie, GPD WIN 4 v\u00e1m to umo\u017en\u00ed.  <\/p>\n\n<p>Pokia\u013e ide o pam\u00e4\u0165 a \u00falo\u017eisko, GPD WIN 4 pon\u00faka na v\u00fdber 16 GB alebo 32 GB opera\u010dnej pam\u00e4te LPDDR5-6400 MT a a\u017e 2 TB r\u00fdchlej pam\u00e4te SSD s podporou a\u017e M.2 PCIe 4.0 NVMe 2280 SSD. To znamen\u00e1, \u017ee budete ma\u0165 dostatok priestoru na ukladanie hier a in\u00fdch s\u00faborov a v\u010faka bleskov\u00fdm r\u00fdchlostiam \u010d\u00edtania a z\u00e1pisu SSD, nebudete musie\u0165 dlho \u010daka\u0165 na na\u010d\u00edtanie hier.  <\/p>\n\n<p>GPD WIN 4 sa m\u00f4\u017ee pochv\u00e1li\u0165 aj r\u00fdchlym bezdr\u00f4tov\u00fdm pripojen\u00edm pomocou \u0161tandardov 802.11 a\/b\/g\/n\/ac\/ax WiFi 6 a Bluetooth 5.2. A ak ste na cest\u00e1ch a potrebujete pr\u00edstup na internet, m\u00f4\u017eete si zak\u00fapi\u0165 samostatne pred\u00e1van\u00fd pripojite\u013en\u00fd modul, ktor\u00fd podporuje nano-sim karty 4G LTE pre mobiln\u00e9 d\u00e1ta. <\/p>\n\n<p>Zariadenie je vybaven\u00e9 6-palcov\u00fdm dotykov\u00fdm displejom H-IPS s nat\u00edvnym rozl\u00ed\u0161en\u00edm 1920&#215;1080, ktor\u00fd podporuje 40 Hz a 60 Hz pre konfigurovate\u013en\u00fa frekvenciu sn\u00edmok. To zaru\u010duje, \u017ee star\u0161ie hry bud\u00fa na GPD WIN 4 fungova\u0165 plynule bez probl\u00e9mov s ot\u00e1\u010dan\u00edm displeja, ktor\u00e9 sa m\u00f4\u017eu vyskytn\u00fa\u0165 pri in\u00fdch vreckov\u00fdch po\u010d\u00edta\u010doch. <\/p>\n\n<p>Str\u00e1nka GPD WIN 4 pon\u00faka aj p\u00f4sobiv\u00fa sch\u00e9mu ovl\u00e1dania a dizajnu pripom\u00ednaj\u00facu konzolu Sony PSP, ktor\u00e1 obsahuje dva joysticky s hallov\u00fdm senzorom, D-pad klasick\u00e9ho \u0161t\u00fdlu a line\u00e1rne anal\u00f3gov\u00e9 sp\u00fa\u0161\u0165acie tla\u010didl\u00e1 s osvetlen\u00edm LED. Okrem toho s\u00fa na zadnej strane zariadenia dve prisp\u00f4sobite\u013en\u00e9 tla\u010didl\u00e1, ktor\u00e9 v\u00e1m umo\u017enia nastavi\u0165 si ovl\u00e1danie pod\u013ea vlastn\u00fdch predst\u00e1v. <\/p>\n\n<p>Ak chcete v\u00fdkon GPD WIN 4 e\u0161te viac zv\u00fd\u0161i\u0165, m\u00f4\u017eete pripoji\u0165 extern\u00fa grafick\u00fa kartu (eGPU) cez vysokor\u00fdchlostn\u00fd port USB 4, ktor\u00fd podporuje r\u00fdchlos\u0165 a\u017e 40 Gb\/s. Zariadenie je vybaven\u00e9 aj portom USB 3.2 Gen 2 na prenos d\u00e1t a nab\u00edjanie, ako aj portom USB typu A na pripojenie \u010fal\u0161\u00edch perif\u00e9ri\u00ed. <\/p>\n\n<p>S 45,62Wh li-polym\u00e9rovou bat\u00e9riou vydr\u017e\u00ed GPD WIN 4 a\u017e 10 hod\u00edn pri \u013eahkom pou\u017e\u00edvan\u00ed, 3-6 hod\u00edn pri stredne n\u00e1ro\u010dnom pou\u017e\u00edvan\u00ed a pribli\u017ene 2 hodiny pri n\u00e1ro\u010dnom pou\u017e\u00edvan\u00ed. To znamen\u00e1, \u017ee m\u00f4\u017eete hra\u0165 svoje ob\u013e\u00faben\u00e9 hry na cest\u00e1ch bez ob\u00e1v z vybitia energie. <\/p>\n\n<p>Na z\u00e1ver mo\u017eno poveda\u0165, \u017ee GPD WIN 4 je vysoko prenosn\u00fd hern\u00fd v\u00fdkonn\u00fd po\u010d\u00edta\u010d, ktor\u00fd je ide\u00e1lny na hranie na cest\u00e1ch. \u010ci u\u017e doch\u00e1dzate do pr\u00e1ce, cestujete, alebo len relaxujete doma, tento prenosn\u00fd hern\u00fd po\u010d\u00edta\u010d v\u00e1m ur\u010dite poskytne hodiny z\u00e1bavy. Tak pre\u010do si ho nevyzdvihn\u00fa\u0165 e\u0161te dnes a neza\u017ei\u0165 \u0161pi\u010dkov\u00e9 AAA  <\/p>\n","protected":false},"excerpt":{"rendered":"<ul>\n<li><strong>AMD Ryzen 7 6800U<\/strong> \/ AMD Radeon 680M<\/li>\n<li><strong>a\u017e 32 GB<\/strong> LPDDR5 @ 6400 MT\/s<\/li>\n<li><strong>a\u017e 2 TB vysokor\u00fdchlostn\u00fd<\/strong> <strong>SSD disk<\/strong> PCI-E M <strong>.2 2280<\/strong> <\/li>\n<li><strong>6&#8243; dotykov\u00fd<\/strong> displej <strong>s technol\u00f3giou H-IPS<\/strong> <\/li>\n<li>Podpora <strong>WiFi 6<\/strong> a <strong>Bluetooth 5.2<\/strong>  <\/li>\n<\/ul>\n<p><img fetchpriority=\"high\" decoding=\"async\" src=\"https:\/\/gpdstore.net\/wp-content\/uploads\/2024\/03\/WIN-4-FREE-GIFTS.jpg\" alt=\"\" width=\"2000\" height=\"500\" class=\"alignnone size-full wp-image-4175\" srcset=\"https:\/\/gpdstore.net\/wp-content\/uploads\/2024\/03\/WIN-4-FREE-GIFTS.jpg 2000w, https:\/\/gpdstore.net\/wp-content\/uploads\/2024\/03\/WIN-4-FREE-GIFTS-600x150.jpg 600w, https:\/\/gpdstore.net\/wp-content\/uploads\/2024\/03\/WIN-4-FREE-GIFTS-1200x300.jpg 1200w, https:\/\/gpdstore.net\/wp-content\/uploads\/2024\/03\/WIN-4-FREE-GIFTS-768x192.jpg 768w, https:\/\/gpdstore.net\/wp-content\/uploads\/2024\/03\/WIN-4-FREE-GIFTS-1536x384.jpg 1536w, https:\/\/gpdstore.net\/wp-content\/uploads\/2024\/03\/WIN-4-FREE-GIFTS-360x90.jpg 360w, https:\/\/gpdstore.net\/wp-content\/uploads\/2024\/03\/WIN-4-FREE-GIFTS-990x248.jpg 990w, https:\/\/gpdstore.net\/wp-content\/uploads\/2024\/03\/WIN-4-FREE-GIFTS-441x110.jpg 441w, https:\/\/gpdstore.net\/wp-content\/uploads\/2024\/03\/WIN-4-FREE-GIFTS-150x38.jpg 150w\" sizes=\"(max-width: 2000px) 100vw, 2000px\" \/><\/p>\n[cg_accordion title=\"INFORM\u00c1CIE O PLATBE\"]<\/p>\n<p>Pou\u017e\u00edvame najnov\u0161iu technol\u00f3giu spracovania platieb, ktor\u00e1 v\u00e1m umo\u017e\u0148uje vykona\u0165 platbu prostredn\u00edctvom debetnej\/kreditnej karty alebo slu\u017eby PayPal, aby ste sa c\u00edtili r\u00fdchlo a bezpe\u010dne.[\/cg_accordion]\n[cg_accordion title=\"Z\u00c1RUKA\"]<\/p>\n<p>2 roky z\u00e1ruky od <a href=\"https:\/\/droix.net\/\" target=\"_blank\" rel=\"nofollow noopener\">spolo\u010dnosti DROIX Global pre<\/a> v\u00e1\u0161 pokoj[\/cg_accordion]\n[cg_accordion title=\"ZABEZPE\u010cENIE KVALITY A TESTOVANIE PRED ODOSLAN\u00cdM\"]<\/p>\n<p>Zabezpe\u010denie spokojnosti z\u00e1kazn\u00edkov na najvy\u0161\u0161ej \u00farovni: Pred odoslan\u00edm prech\u00e1dza ka\u017ed\u00e9 zariadenie pr\u00edsnym testovan\u00edm a viacbodovou kontrolou kvality. N\u00e1\u0161 \u0161pecializovan\u00fd t\u00edm overuje v\u00fdkon, funk\u010dnos\u0165 a integritu komponentov, aby sme v\u00e1m zaru\u010dili, \u017ee va\u0161e zariadenie GPD bude pri pr\u00edchode v perfektnom stave, \u010do v\u00e1m poskytne istotu a pokoj. [\/cg_accordion]\n[cg_accordion title=\"CENY, DANE A DOPRAVA\"]<\/p>\n<p><strong><u>Pozn\u00e1mka:<\/u><\/strong><\/p>\n<ul>\n<li>Z\u00e1kazn\u00edci zo Spojen\u00fdch \u0161t\u00e1tov: Z\u00e1kazn\u00edci: Zobrazen\u00e1 cena nezah\u0155\u0148a da\u0148 ani clo. Zodpovednos\u0165 za coln\u00e9 konanie a zaplatenie akejko\u013evek s\u00favisiacej dane\/coln\u00e9ho poplatku nesie z\u00e1kazn\u00edk. <\/li>\n<li>Z\u00e1kazn\u00edci z E\u00da: V zobrazenej cene je zahrnut\u00e1 platn\u00e1 DA\u0147, ktor\u00e1 m\u00f4\u017ee by\u0165 a\u017e 25% v z\u00e1vislosti od va\u0161ej krajiny.<\/li>\n<li>Z\u00e1kazn\u00edci z Kanady: V z\u00e1vislosti od va\u0161ej provincie m\u00f4\u017ee zobrazen\u00e1 cena zah\u0155\u0148a\u0165 pr\u00edslu\u0161n\u00e9 dane, ktor\u00e9 m\u00f4\u017eu zah\u0155\u0148a\u0165 5% GST a \u010fal\u0161ie provin\u010dn\u00e9 dane z predaja (PST), harmonizovan\u00fa da\u0148 z predaja (HST) alebo quebeck\u00fa da\u0148 z predaja (QST).<\/li>\n<\/ul>\n<p><strong>Len pre z\u00e1kazn\u00edkov z E\u00da:<\/strong> Expresn\u00e9 DDP (Delivered Duty Paid). To znamen\u00e1: <\/p>\n<ul>\n<li>V\u0161etky cl\u00e1 a dane s\u00fa zahrnut\u00e9 v cene zobrazenej na str\u00e1nke produktu.<\/li>\n<li>Pri doru\u010den\u00ed nemus\u00edte plati\u0165 \u017eiadne \u010fal\u0161ie poplatky.<\/li>\n<li>V zriedkav\u00fdch pr\u00edpadoch probl\u00e9mov s\u00favisiacich s coln\u00fdmi z\u00e1le\u017eitos\u0165ami sa n\u00e1\u0161 t\u00edm postar\u00e1 o coln\u00e9 konanie vo va\u0161om mene, aby sme zabezpe\u010dili bezprobl\u00e9mov\u00e9 doru\u010denie.<\/li>\n<p>D\u00f4le\u017eit\u00e9 inform\u00e1cie o vr\u00e1ten\u00ed tovaru:<\/p>\n<li>Ak sa rozhodnete vr\u00e1ti\u0165 objedn\u00e1vku alebo po\u017eiada\u0165 o vr\u00e1tenie pe\u0148az\u00ed, majte na pam\u00e4ti, \u017ee dane a cl\u00e1 zaplaten\u00e9 vo va\u0161om mene pod\u013ea podmienok DDP nie je mo\u017en\u00e9 vr\u00e1ti\u0165.<\/li>\n<p>Podrobn\u00e9 inform\u00e1cie n\u00e1jdete v na\u0161ich <a href=\"https:\/\/droix.net\/terms-and-conditions\/\" target=\"_blank\" rel=\"nofollow noopener\">zmluvn\u00fdch podmienkach<\/a>.\n<\/ul>\n<p>[\/cg_accordion]\n[cg_accordion title=\"Z\u00c1KAZN\u00cdCKA PODPORA\"]<\/p>\n<p>M\u00e1te ot\u00e1zku? Od vyrie\u0161enia v\u00e1\u0161ho probl\u00e9mu n\u00e1s del\u00ed kr\u00e1tka textov\u00e1 spr\u00e1va! <\/p>\n<p>Podrobn\u00e9 inform\u00e1cie n\u00e1jdete v na\u0161ich <a href=\"https:\/\/gpdstore.net\/sk\/terms-of-service\/\" target=\"_blank\" rel=\"nofollow noopener\">zmluvn\u00fdch podmienkach<\/a>.\n<\/ul>\n<p>[\/cg_accordion]\n[cg_accordion title=\"\u010cO JE S\u00da\u010cAS\u0164OU BALENIA\"]<\/p>\n<ul>\n<li>1x GPD WIN 4<\/li>\n<li>1x nap\u00e1jac\u00ed adapt\u00e9r<\/li>\n<li>1x k\u00e1bel USB typu C<\/li>\n<li>1x u\u017e\u00edvate\u013esk\u00e1 pr\u00edru\u010dka<\/li>\n<\/ul>\n<p>[\/cg_accordion]\n","protected":false},"featured_media":190889,"template":"","meta":{"_acf_changed":false},"product_brand":[],"product_cat":[5727],"product_tag":[7879,6750],"woo-feed-brand":[5731],"class_list":{"0":"post-190808","1":"product","2":"type-product","3":"status-publish","4":"has-post-thumbnail","6":"product_cat-gpd-handheld-pc-na-hranie-hier","7":"product_tag-10gpdsale-sk","8":"product_tag-gpd-win-4-sk","9":"product_shipping_class-premium","10":"pa_bluetooth-5-2-sk","11":"pa_display-type-h-ips-sk","12":"pa_graphics-gpu-model-radeon-680m-sk","13":"pa_i-o-video-cez-1x-usb-4-0-type-c-40gb-s","14":"pa_memory-ram-capacity-16-gb-sk","15":"pa_memory-ram-capacity-32-gb-sk","16":"pa_memory-ram-technology-lpddr5-sk","17":"pa_processor-cpu-model-ryzen-7-6800u","18":"pa_storage-capacity-512-gb-sk","19":"pa_storage-capacity-1-tb-sk","20":"pa_storage-capacity-2-tb-sk","21":"pa_wi-fi-wi-fi-6-sk","22":"woo-feed-brand-gpd-sk","24":"first","25":"outofstock","26":"sale","27":"taxable","28":"shipping-taxable","29":"purchasable","30":"product-type-variable","31":"has-default-attributes"},"acf":[],"aioseo_notices":[],"_links":{"self":[{"href":"https:\/\/gpdstore.net\/sk\/wp-json\/wp\/v2\/product\/190808","targetHints":{"allow":["GET"]}}],"collection":[{"href":"https:\/\/gpdstore.net\/sk\/wp-json\/wp\/v2\/product"}],"about":[{"href":"https:\/\/gpdstore.net\/sk\/wp-json\/wp\/v2\/types\/product"}],"wp:featuredmedia":[{"embeddable":true,"href":"https:\/\/gpdstore.net\/sk\/wp-json\/wp\/v2\/media\/190889"}],"wp:attachment":[{"href":"https:\/\/gpdstore.net\/sk\/wp-json\/wp\/v2\/media?parent=190808"}],"wp:term":[{"taxonomy":"product_brand","embeddable":true,"href":"https:\/\/gpdstore.net\/sk\/wp-json\/wp\/v2\/product_brand?post=190808"},{"taxonomy":"product_cat","embeddable":true,"href":"https:\/\/gpdstore.net\/sk\/wp-json\/wp\/v2\/product_cat?post=190808"},{"taxonomy":"product_tag","embeddable":true,"href":"https:\/\/gpdstore.net\/sk\/wp-json\/wp\/v2\/product_tag?post=190808"},{"taxonomy":"woo-feed-brand","embeddable":true,"href":"https:\/\/gpdstore.net\/sk\/wp-json\/wp\/v2\/woo-feed-brand?post=190808"}],"curies":[{"name":"wp","href":"https:\/\/api.w.org\/{rel}","templated":true}]}}