{"id":169922,"date":"2023-11-17T16:30:05","date_gmt":"2023-11-17T16:30:05","guid":{"rendered":"https:\/\/gpdstore.net\/nezaraden\u00e9\/gpd-win-max-2-2023-herny-prenosny-pocitac\/"},"modified":"2025-12-19T16:33:32","modified_gmt":"2025-12-19T16:33:32","slug":"gpd-win-max-2-2023","status":"publish","type":"product","link":"https:\/\/gpdstore.net\/sk\/product\/gpd-win-max-2-2023\/","title":{"rendered":"GPD WIN MAX 2 2023 Hern\u00fd prenosn\u00fd po\u010d\u00edta\u010d"},"content":{"rendered":"\n<figure class=\"wp-block-video\"><video controls=\"\" muted=\"\" poster=\"https:\/\/gpdstore.net\/wp-content\/uploads\/2024\/03\/q2hzxpbiybborpwbpolh-ezgif.com-webp-to-png-converter.png\" src=\"https:\/\/gpdstore.net\/wp-content\/uploads\/2024\/05\/gpd-win-max-2.mp4\"><\/video><\/figure>\n\n<div class=\"wp-block-columns is-layout-flex wp-container-core-columns-is-layout-28f84493 wp-block-columns-is-layout-flex\">\n<div class=\"wp-block-column is-layout-flow wp-block-column-is-layout-flow\" style=\"flex-basis:33.33%\">\n<figure class=\"wp-block-image size-full\"><img fetchpriority=\"high\" decoding=\"async\" width=\"669\" height=\"582\" src=\"https:\/\/gpdstore.net\/wp-content\/uploads\/2024\/05\/7044098-1.png\" alt=\"gpd win max 2\" class=\"wp-image-1642\" srcset=\"https:\/\/gpdstore.net\/wp-content\/uploads\/2024\/05\/7044098-1.png 669w, https:\/\/gpdstore.net\/wp-content\/uploads\/2024\/05\/7044098-1-150x130.png 150w, https:\/\/gpdstore.net\/wp-content\/uploads\/2024\/05\/7044098-1-600x522.png 600w, https:\/\/gpdstore.net\/wp-content\/uploads\/2024\/05\/7044098-1-441x384.png 441w\" sizes=\"(max-width: 669px) 100vw, 669px\" \/><\/figure>\n<\/div>\n\n\n\n<div class=\"wp-block-column is-layout-flow wp-block-column-is-layout-flow\" style=\"flex-basis:66.66%\">\n<h2 class=\"wp-block-heading\"><strong>GPD WIN MAX 2 2023 Handheld Gaming PC &#8211; AMD Ryzen 7 7840U (Zen 4), 10.1&#8243; 2.5K Display, 64GB RAM, OcuLink Support<\/strong><\/h2>\n\n\n\n<p>Why pay 2025 flagship prices when the GPD WIN MAX 2 2023 remains a top-tier contender? Powered by the legendary AMD Ryzen 7 7840U, this device is the ultimate &#8220;Silicon Sweet Spot&#8221; for gamers and professionals who demand 2.5K resolution and desktop-grade multitasking without the 2025 premium.<\/p>\n<\/div>\n<\/div>\n\n<h2 class=\"wp-block-heading has-text-align-center\">Navrhnut\u00e9 pre dokonalos\u0165: Presn\u00e9 ovl\u00e1danie, profesion\u00e1lna v\u0161estrannos\u0165 a inteligentn\u00e9 chladenie<\/h2>\n\n<div class=\"wp-block-columns is-layout-flex wp-container-core-columns-is-layout-28f84493 wp-block-columns-is-layout-flex\">\n<div class=\"wp-block-column is-layout-flow wp-block-column-is-layout-flow\">\n<figure class=\"wp-block-image size-full\"><img decoding=\"async\" width=\"300\" height=\"300\" src=\"https:\/\/gpdstore.net\/wp-content\/uploads\/2024\/05\/074b1b41-54da-4de3-8a68-9035e22feb91.__CR880899899_PT0_SX300_V1___-1.jpg\" alt=\"odstr&#xE1;nenie tla&#x10D;idla pre gpd win max 2\" class=\"wp-image-1643\" srcset=\"https:\/\/gpdstore.net\/wp-content\/uploads\/2024\/05\/074b1b41-54da-4de3-8a68-9035e22feb91.__CR880899899_PT0_SX300_V1___-1.jpg 300w, https:\/\/gpdstore.net\/wp-content\/uploads\/2024\/05\/074b1b41-54da-4de3-8a68-9035e22feb91.__CR880899899_PT0_SX300_V1___-1-150x150.jpg 150w, https:\/\/gpdstore.net\/wp-content\/uploads\/2024\/05\/074b1b41-54da-4de3-8a68-9035e22feb91.__CR880899899_PT0_SX300_V1___-1-100x100.jpg 100w\" sizes=\"(max-width: 300px) 100vw, 300px\" \/><\/figure>\n\n\n\n<h3 class=\"wp-block-heading\"><strong><strong><strong>V\u00fdhoda Hallovho sn\u00edma\u010da:<\/strong> Ako magnetick\u00e1 indukcia eliminuje &#8220;drift&#8221; a fyzick\u00e9 opotrebovanie.<\/strong><\/strong><\/h3>\n\n\n\n<p>Tradi\u010dn\u00fd potenciometer, ktor\u00fd sa pri generovan\u00ed nap\u00e4\u0165ov\u00e9ho sign\u00e1lu spolieha na odporov\u00fa kefku, je n\u00e1chyln\u00fd na probl\u00e9my s \u201edriftom\u201c sp\u00f4soben\u00fdm opotrebovan\u00edm pri dlhodobom pou\u017e\u00edvan\u00ed. V modeli WIN Max 2 2023 sme prv\u00fdkr\u00e1t predstavili ty\u010dinky s Hallov\u00fdm senzorom so zabudovan\u00fdmi induk\u010dn\u00fdmi cievkami. Princ\u00edp fungovania magnetickej indukcie (pri ot\u00e1\u010dan\u00ed ty\u010de do r\u00f4znych pol\u00f4h sa generuj\u00fa r\u00f4zne magnetick\u00e9 toky, ktor\u00e9 n\u00e1sledne generuj\u00fa r\u00f4zne nap\u00e4\u0165ov\u00e9 sign\u00e1ly) ur\u010duje, \u017ee ty\u010de s Hallov\u00fdm sn\u00edma\u010dom sa neopotreb\u00favaj\u00fa, a preto nemaj\u00fa probl\u00e9m s driftom ty\u010de.<\/p>\n<\/div>\n\n\n\n<div class=\"wp-block-column is-layout-flow wp-block-column-is-layout-flow\">\n<figure class=\"wp-block-image size-full\"><img decoding=\"async\" src=\"https:\/\/gpdstore.net\/wp-content\/uploads\/\" alt=\"magnetick&#xE9; kryty pre gpd\" class=\"wp-image-1645\"\/><\/figure>\n\n\n\n<h3 class=\"wp-block-heading\"><strong><strong><strong><strong>Magnetic Stealth Covers:<\/strong> Hide the joysticks for a clean, professional look in meetings.<\/strong><\/strong><\/strong><\/h3>\n\n\n\n<p>Hern\u00fd ovl\u00e1da\u010d zabudovan\u00fd v prenosnom hernom po\u010d\u00edta\u010di m\u00f4\u017ee by\u0165 nevhodn\u00fd na pracovisko! Tento probl\u00e9m sme vyrie\u0161ili pridan\u00edm dvoch krytov na palice pre WIN Max 2 2023. Magnetick\u00e1 kon\u0161trukcia zaru\u010duje, \u017ee oba kryty pri pou\u017e\u00edvan\u00ed zariadenia nespadn\u00fa. Pri hran\u00ed hier m\u00f4\u017eete kryty ulo\u017ei\u0165 aj do zadn\u00e9ho priestoru, \u010do pom\u00e1ha predch\u00e1dza\u0165 n\u00e1hodnej strate!<\/p>\n<\/div>\n\n\n\n<div class=\"wp-block-column is-layout-flow wp-block-column-is-layout-flow\">\n<figure class=\"wp-block-image size-full\"><img decoding=\"async\" width=\"300\" height=\"300\" src=\"https:\/\/gpdstore.net\/wp-content\/uploads\/2024\/05\/5f397565-522a-44f6-910c-e7d2cec4ed88.__CR107012291229_PT0_SX300_V1___-1.jpg\" alt=\"chladenie win max 2\" class=\"wp-image-1646\" srcset=\"https:\/\/gpdstore.net\/wp-content\/uploads\/2024\/05\/5f397565-522a-44f6-910c-e7d2cec4ed88.__CR107012291229_PT0_SX300_V1___-1.jpg 300w, https:\/\/gpdstore.net\/wp-content\/uploads\/2024\/05\/5f397565-522a-44f6-910c-e7d2cec4ed88.__CR107012291229_PT0_SX300_V1___-1-150x150.jpg 150w, https:\/\/gpdstore.net\/wp-content\/uploads\/2024\/05\/5f397565-522a-44f6-910c-e7d2cec4ed88.__CR107012291229_PT0_SX300_V1___-1-100x100.jpg 100w\" sizes=\"(max-width: 300px) 100vw, 300px\" \/><\/figure>\n\n\n\n<h3 class=\"wp-block-heading\"><strong><strong>Pokro\u010dil\u00fd hardv\u00e9r:<\/strong> Vyu\u017eitie vysokov\u00fdkonn\u00e9ho turbod\u00fachadla a dvojit\u00fdch tepeln\u00fdch trub\u00edc pre robustn\u00e9 pr\u00fadenie vzduchu.<\/strong><\/h3>\n\n\n\n<p>GPD WIN MAX 2 2023 je vybaven\u00fd vylep\u0161en\u00fdm chladiacim syst\u00e9mom na \u00farovni PC s ve\u013ek\u00fdm turbod\u00fachadlom + dvoma tepeln\u00fdmi trubicami, ktor\u00fd sa m\u00f4\u017ee pochv\u00e1li\u0165 ve\u013ek\u00fdm objemom bo\u010dn\u00e9ho vyfukovania vzduchu a vysoko inteligentn\u00fdm riaden\u00edm ot\u00e1\u010dok. Ke\u010f je vn\u00fatorn\u00e1 teplota ni\u017e\u0161ia ako 40 \u00b0C, ot\u00e1\u010dky ventil\u00e1tora neprekro\u010dia 20 % jeho maxim\u00e1lneho v\u00fdkonu. Ke\u010f vn\u00fatorn\u00e1 teplota dosiahne viac ako 40 \u00b0C, ot\u00e1\u010dky ventil\u00e1tora sa zvy\u0161uj\u00fa v 2 % pr\u00edrastkoch PWM, a\u017e k\u00fdm nedosiahnu maxim\u00e1lnu hranicu (100 %).<\/p>\n<\/div>\n<\/div>\n\n<h3 class=\"wp-block-heading\"><strong>VIZU\u00c1LNE POTE\u0160ENIE: 10,1&#8243; DOTYKOV\u00dd OVL\u00c1DAC\u00cd DISPLEJ<\/strong><\/h3>\n\n<figure class=\"wp-block-image size-large\"><img loading=\"lazy\" decoding=\"async\" width=\"1200\" height=\"782\" src=\"https:\/\/gpdstore.net\/wp-content\/uploads\/2024\/05\/7044066-1-1200x782.png\" alt=\"GPD win max s PC\" class=\"wp-image-1648\" srcset=\"https:\/\/gpdstore.net\/wp-content\/uploads\/2024\/05\/7044066-1-1200x782.png 1200w, https:\/\/gpdstore.net\/wp-content\/uploads\/2024\/05\/7044066-1-150x98.png 150w, https:\/\/gpdstore.net\/wp-content\/uploads\/2024\/05\/7044066-1-600x391.png 600w, https:\/\/gpdstore.net\/wp-content\/uploads\/2024\/05\/7044066-1-768x501.png 768w, https:\/\/gpdstore.net\/wp-content\/uploads\/2024\/05\/7044066-1-990x645.png 990w, https:\/\/gpdstore.net\/wp-content\/uploads\/2024\/05\/7044066-1-441x287.png 441w, https:\/\/gpdstore.net\/wp-content\/uploads\/2024\/05\/7044066-1.png 1442w\" sizes=\"(max-width: 1200px) 100vw, 1200px\" \/><\/figure>\n\n<p>Pripravte sa na to, \u017ee v\u00e1s ohrom\u00ed 10,1&#8243; dotykov\u00fd displej GPD WIN MAX 2 2023 s 10-bodov\u00fdm dotykov\u00fdm ovl\u00e1dan\u00edm. T\u00e1to \u017eiv\u00e1 obrazovka s pomerom str\u00e1n 16:10 a rozl\u00ed\u0161en\u00edm 1920 \u00d7 1200 prin\u00e1\u0161a ohromuj\u00faci obraz. V\u010faka podpore rozl\u00ed\u0161enia a\u017e do 2560&#215;1600 a hustote pixelov 299 <a href=\"https:\/\/www.displayninja.com\/what-is-pixel-density\/\">PPI je ka\u017ed\u00fd detail ostr\u00fd a jasn\u00fd ,<\/a> aby ste si mohli vychutna\u0165 pohlcuj\u00faci hern\u00fd z\u00e1\u017eitok.  <\/p>\n\n<h2 class=\"wp-block-heading\"><strong><strong>Zen 4 Performance: The Emulation King<\/strong><\/strong><\/h2>\n\n<p>The 7840U Phoenix architecture remains a fan favorite in 2025 for its incredible efficiency.<\/p>\n\n<p>Native OcuLink: Skip the USB4 bottlenecks. Connect directly to the GPD G1 eGPU for a 4K desktop experience.<\/p>\n\n<p>Pro-Grade Emulation: Native AVX-512 support allows for superior PS3 (RPCS3) and Xbox 360 (Xenia) performance compared to many newer, more expensive handhelds.<\/p>\n\n<p>Software Boosted: Fully compatible with AMD AFMF 2 and FSR 3.1, allowing you to play AAA titles at smooth frame rates on the 10.1&#8243; screen.<\/p>\n\n<h2 class=\"wp-block-heading\"><strong>GRAFIKA, KTOR\u00c1 OHROM\u00cd: GRAFICK\u00dd PROCESOR AMD RADEON 780M<\/strong><\/h2>\n\n<p>Nechajte sa ohromi\u0165 \u00fa\u017easn\u00fdm vizu\u00e1lnym spracovan\u00edm po\u010d\u00edta\u010da GPD WIN MAX 2 2023 v\u010faka <a href=\"https:\/\/www.notebookcheck.net\/AMD-Radeon-780M-GPU-Benchmarks-and-Specs.680539.0.html\" target=\"_blank\" rel=\"noreferrer noopener nofollow\">grafick\u00e9mu procesoru AMD Radeon 780M.<\/a> T\u00e1to v\u00fdkonn\u00e1 grafick\u00e1 karta poskytuje plynul\u00fa sn\u00edmkov\u00fa frekvenciu a \u00fachvatn\u00fa grafiku pre vizu\u00e1lne ohromuj\u00faci hern\u00fd z\u00e1\u017eitok.<\/p>\n\n<h2 class=\"wp-block-heading\"><strong>BEZKONKUREN\u010cN\u00c1 PAM\u00c4\u0164: A\u017d 64 GB LPDDR5 RAM<\/strong><\/h2>\n\n<p>GPD WIN MAX 2 2023 je vybaven\u00fd bleskovo r\u00fdchlou 6400 MT\/s <a href=\"https:\/\/en.wikipedia.org\/wiki\/LPDDR\">LPDDR5 RAM<\/a>, ktor\u00e1 zaru\u010duje r\u00fdchle na\u010d\u00edtanie, plynul\u00fd multitasking a plynul\u00e9 hranie v n\u00e1ro\u010dn\u00fdch scen\u00e1roch.<\/p>\n\n<h2 class=\"wp-block-heading\"><strong>DOSTATO\u010cN\u00dd \u00daLO\u017dN\u00dd PRIESTOR: M.2 NVME 2280 SSD 4TB <\/strong><\/h2>\n\n<p>Zabudnite na nedostatok \u00falo\u017en\u00e9ho priestoru s priestrann\u00fdm <a href=\"https:\/\/en.wikipedia.org\/wiki\/NVM_Express#:~:text=NVM%20Express%20(NVMe)%20or%20Non,via%20the%20PCI%20Express%20bus.\">SSD<\/a> diskom M.2 NVME 2280 s kapacitou 4 TB. Rozl\u00fa\u010dte sa s odstra\u0148ovan\u00edm hier kv\u00f4li miesti; s GPD WIN MAX 2 2023 s\u00fa mo\u017enosti nekone\u010dn\u00e9.<\/p>\n\n<h2 class=\"wp-block-heading\"><strong>ZOSTA\u0164 V SPOJEN\u00cd: WI-FI 6 A BLUETOOTH 5.2<\/strong><\/h2>\n\n<p>Pripojenie je k\u013e\u00fa\u010dov\u00e9 s <a href=\"https:\/\/www.theverge.com\/2019\/2\/21\/18232026\/wi-fi-6-speed-explained-router-wifi-how-does-work\">WiFi 6<\/a> pre bleskov\u00e9 a stabiln\u00e9 pripojenie k internetu, \u010do zaru\u010duje plynul\u00e9 hranie online hier. <a href=\"https:\/\/www.bluetooth.com\/bluetooth-resources\/whats-new-in-core-spec-version-5-2\/\">Bluetooth 5.2<\/a> v\u00e1m umo\u017en\u00ed pripoji\u0165 bezdr\u00f4tov\u00e9 perif\u00e9rne zariadenia pre skuto\u010dne pohlcuj\u00face hern\u00e9 z\u00e1\u017eitky.<\/p>\n\n<h2 class=\"wp-block-heading\"><strong>BEZPROBL\u00c9MOV\u00c9 PRIPOJENIE: V\u0160ESTRANN\u00c9 PORTY<\/strong><\/h2>\n\n<p>GPD WIN MAX 2 2023 je vybaven\u00fd radom portov pre v\u0161etky hern\u00e9 a perif\u00e9rne potreby. V\u010faka 1x USB 4, 1x USB 3.2 Gen 2 Type-C, 2x USB 3.2 Gen 2 Type-A a portu OCuLink(SFF-8612) \u013eahko <a href=\"https:\/\/blog.fosketts.net\/2017\/06\/22\/what-is-oculink\/\" target=\"_blank\" rel=\"noreferrer noopener nofollow\">pripoj\u00edte extern\u00e9<\/a> zariadenia. <\/p>\n\n<h2 class=\"wp-block-heading\"><strong>ROZ\u0160\u00cdREN\u00c9 FUNKCIE PRE BEZKONKUREN\u010cN\u00c9 POHODLIE<\/strong><\/h2>\n\n<p>GPD WIN MAX 2 2023 poskytuje bezprobl\u00e9mov\u00fd hern\u00fd z\u00e1\u017eitok v\u010faka sn\u00edma\u010du odtla\u010dkov prstov na r\u00fdchle a bezpe\u010dn\u00e9 odomykanie zariadenia. Dotykov\u00fd panel Microsoft Precision Touchpad (PTP) zabezpe\u010duje plynul\u00e9 a presn\u00e9 ovl\u00e1danie kurzora a podsvieten\u00e1 kl\u00e1vesnica umo\u017e\u0148uje hranie v prostred\u00ed so slab\u00fdm osvetlen\u00edm. <\/p>\n\n<h2 class=\"wp-block-heading\"><strong>SILA, KTOR\u00c1 PRETRV\u00c1VA: DLHOTRVAJ\u00daCA V\u00ddDR\u017d BAT\u00c9RIE<\/strong><\/h2>\n\n<p>67Wh li-polym\u00e9rov\u00e1 bat\u00e9ria GPD WIN MAX 2 2023 poskytuje a\u017e 3 hodiny intenz\u00edvneho pou\u017e\u00edvania, 6-8 hod\u00edn stredne intenz\u00edvneho pou\u017e\u00edvania a p\u00f4sobiv\u00fdch 14 hod\u00edn \u013eahk\u00e9ho pou\u017e\u00edvania, \u010d\u00edm hr\u00e1\u010dom zabezpe\u010duje spo\u013eahliv\u00fd a dlhotrvaj\u00faci zdroj energie.<\/p>\n\n<h2 class=\"wp-block-heading\"><strong>KOMPAKTN\u00dd A \u013dAHK\u00dd DIZAJN<\/strong><\/h2>\n\n<p>GPD WIN MAX 2 2023 poskytuje vysok\u00fd v\u00fdkon v kompaktnom a \u013eahkom dizajne s rozmermi len 8,9 x 6,2 x 0,9 palca a hmotnos\u0165ou len 1005 g. Vyroben\u00fd z vysokokvalitn\u00fdch materi\u00e1lov zaru\u010duje odolnos\u0165 a kvalitu kon\u0161trukcie pre hranie na cest\u00e1ch. <\/p>\n\n<h2 class=\"wp-block-heading\"><strong>PREDIN\u0160TALOVAN\u00dd SYST\u00c9M WINDOWS 11 HOME<\/strong><\/h2>\n\n<p>GPD WIN MAX 2 2023 sa dod\u00e1va s predin\u0161talovan\u00fdm <a href=\"https:\/\/www.microsoft.com\/en-gb\/windows\/windows-11\" target=\"_blank\" rel=\"noreferrer noopener nofollow\">syst\u00e9mom Windows 11 Home,<\/a> ktor\u00fd pon\u00faka optimalizovan\u00fd hern\u00fd z\u00e1\u017eitok v\u010faka intuit\u00edvnemu rozhraniu a vylep\u0161en\u00fdm hern\u00fdm funkci\u00e1m.<\/p>\n\n<h2 class=\"wp-block-heading\"><strong>Z\u00c1VER<\/strong><\/h2>\n\n<p>GPD WIN MAX 2 2023 je dokonal\u00fd prenosn\u00fd hern\u00fd po\u010d\u00edta\u010d, ktor\u00fd poskytuje \u0161pi\u010dkov\u00fd hern\u00fd v\u00fdkon v kompaktnom vyhotoven\u00ed. S procesorom AMD Ryzen 7 7840U alebo Ryzen 5 7640U, grafick\u00fdm procesorom AMD Radeon 780M a a\u017e 64 GB pam\u00e4te RAM zaru\u010duje vynikaj\u00faci v\u00fdkon pre n\u00e1ro\u010dn\u00e9 hry. V\u010faka 10,1&#8243; dotykov\u00e9mu ovl\u00e1daciemu displeju, v\u0161estrann\u00fdm mo\u017enostiam pripojenia a praktick\u00fdm funkci\u00e1m je hranie na cest\u00e1ch hra\u010dkou. V\u010faka dlhej v\u00fddr\u017ei bat\u00e9rie a kompaktn\u00e9mu dizajnu si m\u00f4\u017eete u\u017e\u00edva\u0165 hranie bez obmedzen\u00ed.   <\/p>\n\n<h3 class=\"wp-block-heading\"><strong>V\u00fdhody zariadenia GPD WIN MAX 2 2023:<\/strong><\/h3>\n\n<ol class=\"wp-block-list\">\n<li>Powerful Performance: AMD Ryzen 7 7840U CPU and Ryzen 5 7640U with AMD Radeon 780M GPU deliver impressive performance for demanding games.<\/li>\n\n\n\n<li>Compact and Portable: The GPD WIN MAX 2 2023 offers unparalleled portability, making it easy to game on the go.<\/li>\n\n\n\n<li>Stunning Display: The 10.1&#8243; touch control display provides vibrant visuals and a high-resolution experience.<\/li>\n\n\n\n<li>Versatile Connectivity: The GPD WIN MAX 2 2023 offers a range of ports and wireless connectivity options, ensuring seamless integration with peripherals and online gaming experiences.<\/li>\n\n\n\n<li>Ample Storage: The spacious 4TB SSD eliminates the need to constantly delete and reinstall games.<\/li>\n<\/ol>\n\n<h3 class=\"wp-block-heading\">Order Your GPD WIN MAX 2 \u2013 In Stock &amp; Ready to Ship<\/h3>\n\n<p>Get the industry\u2019s most versatile work-and-play hybrid with a full 12-month official warranty.<\/p>\n\n<ul class=\"wp-block-list\">\n<li>Status: In Stock (Ships within 24 hours).<\/li>\n\n\n\n<li>Shipping: Insured worldwide express delivery.<\/li>\n\n\n\n<li>Support: Authorized GPD technical assistance included.<\/li>\n<\/ul>\n\n<p>Pre\u010d\u00edtajte si na\u0161u \u00fapln\u00fa recenziu GPD WIN MAX 2 2023 <a href=\"https:\/\/droix.net\/blogs\/gpd-win-max-2-2023-review\/\">, kde n\u00e1jdete<\/a> podrobn\u00e9 funkcie, referen\u010dn\u00e9 hodnoty, hranie a v\u00fdkon emul\u00e1cie.<\/p>\n","protected":false},"excerpt":{"rendered":"<ul>\n<li>CPU: AMD Ryzen 5 \/ 7<strong> 7640U \/ 7840U <\/strong> <\/li>\n<li>GPU: AMD Radeon<strong> 760M \/ 780M<\/strong><\/li>\n<li>Pam\u00e4\u0165 RAM: a\u017e<strong> 64 GB LPDDR5X @ 6400 MT\/s<\/strong><\/li>\n<li>\u00daLO\u017dISKO: a\u017e 4 TB <strong>PCI-E<\/strong> NVMe SSD<strong> Gen 3<\/strong> <\/li>\n<li>PRIPOJENIE: Podpora Wi-Fi<strong> 6<\/strong> a Bluetooth <strong>5.2<\/strong> <\/li>\n<\/ul>\n[cg_accordion title=\"INFORM\u00c1CIE O PLATBE\"]<\/p>\n<p>Pou\u017e\u00edvame najnov\u0161iu technol\u00f3giu spracovania platieb, ktor\u00e1 v\u00e1m umo\u017e\u0148uje vykona\u0165 platbu prostredn\u00edctvom debetnej\/kreditnej karty alebo slu\u017eby PayPal, aby ste sa c\u00edtili r\u00fdchlo a bezpe\u010dne.[\/cg_accordion]\n[cg_accordion title=\"Z\u00c1RUKA\"]<\/p>\n<p>2 roky z\u00e1ruky od <a href=\"https:\/\/droix.net\/\" target=\"_blank\" rel=\"nofollow noopener\">spolo\u010dnosti DROIX Global pre<\/a> v\u00e1\u0161 pokoj[\/cg_accordion]\n[cg_accordion title=\"ZABEZPE\u010cENIE KVALITY A TESTOVANIE PRED ODOSLAN\u00cdM\"]<\/p>\n<p>Zabezpe\u010denie spokojnosti z\u00e1kazn\u00edkov na najvy\u0161\u0161ej \u00farovni: Pred odoslan\u00edm prech\u00e1dza ka\u017ed\u00e9 zariadenie pr\u00edsnym testovan\u00edm a viacbodovou kontrolou kvality. N\u00e1\u0161 \u0161pecializovan\u00fd t\u00edm overuje v\u00fdkon, funk\u010dnos\u0165 a integritu komponentov, aby sme v\u00e1m zaru\u010dili, \u017ee va\u0161e zariadenie GPD bude pri pr\u00edchode v perfektnom stave, \u010do v\u00e1m poskytne istotu a pokoj. [\/cg_accordion]\n[cg_accordion title=\"CENY, DANE A DOPRAVA\"]<\/p>\n<p><strong><u>Pozn\u00e1mka:<\/u><\/strong><\/p>\n<ul>\n<li>Z\u00e1kazn\u00edci zo Spojen\u00fdch \u0161t\u00e1tov: Z\u00e1kazn\u00edci: Zobrazen\u00e1 cena nezah\u0155\u0148a da\u0148 ani clo. Zodpovednos\u0165 za coln\u00e9 konanie a zaplatenie akejko\u013evek s\u00favisiacej dane\/coln\u00e9ho poplatku nesie z\u00e1kazn\u00edk. <\/li>\n<li>Z\u00e1kazn\u00edci z E\u00da: V zobrazenej cene je zahrnut\u00e1 platn\u00e1 DA\u0147, ktor\u00e1 m\u00f4\u017ee by\u0165 a\u017e 25% v z\u00e1vislosti od va\u0161ej krajiny.<\/li>\n<li>Z\u00e1kazn\u00edci z Kanady: V z\u00e1vislosti od va\u0161ej provincie m\u00f4\u017ee zobrazen\u00e1 cena zah\u0155\u0148a\u0165 pr\u00edslu\u0161n\u00e9 dane, ktor\u00e9 m\u00f4\u017eu zah\u0155\u0148a\u0165 5% GST a \u010fal\u0161ie provin\u010dn\u00e9 dane z predaja (PST), harmonizovan\u00fa da\u0148 z predaja (HST) alebo quebeck\u00fa da\u0148 z predaja (QST).<\/li>\n<\/ul>\n<p><strong>Len pre z\u00e1kazn\u00edkov z E\u00da:<\/strong> Expresn\u00e9 DDP (Delivered Duty Paid). To znamen\u00e1: <\/p>\n<ul>\n<li>V\u0161etky cl\u00e1 a dane s\u00fa zahrnut\u00e9 v cene zobrazenej na str\u00e1nke produktu.<\/li>\n<li>Pri doru\u010den\u00ed nemus\u00edte plati\u0165 \u017eiadne \u010fal\u0161ie poplatky.<\/li>\n<li>V zriedkav\u00fdch pr\u00edpadoch probl\u00e9mov s\u00favisiacich s coln\u00fdmi z\u00e1le\u017eitos\u0165ami sa n\u00e1\u0161 t\u00edm postar\u00e1 o coln\u00e9 konanie vo va\u0161om mene, aby sme zabezpe\u010dili bezprobl\u00e9mov\u00e9 doru\u010denie.<\/li>\n<p>D\u00f4le\u017eit\u00e9 inform\u00e1cie o vr\u00e1ten\u00ed tovaru:<\/p>\n<li>Ak sa rozhodnete vr\u00e1ti\u0165 objedn\u00e1vku alebo po\u017eiada\u0165 o vr\u00e1tenie pe\u0148az\u00ed, majte na pam\u00e4ti, \u017ee dane a cl\u00e1 zaplaten\u00e9 vo va\u0161om mene pod\u013ea podmienok DDP nie je mo\u017en\u00e9 vr\u00e1ti\u0165.<\/li>\n<p>Podrobn\u00e9 inform\u00e1cie n\u00e1jdete v na\u0161ich <a href=\"https:\/\/droix.net\/terms-and-conditions\/\" target=\"_blank\" rel=\"nofollow noopener\">zmluvn\u00fdch podmienkach<\/a>.\n<\/ul>\n<p>[\/cg_accordion]\n[cg_accordion title=\"Z\u00c1KAZN\u00cdCKA PODPORA\"]<\/p>\n<p>M\u00e1te ot\u00e1zku? Od vyrie\u0161enia v\u00e1\u0161ho probl\u00e9mu n\u00e1s del\u00ed kr\u00e1tka textov\u00e1 spr\u00e1va! <\/p>\n<p>Podrobn\u00e9 inform\u00e1cie n\u00e1jdete v na\u0161ich <a href=\"https:\/\/gpdstore.net\/sk\/terms-of-service\/\" target=\"_blank\" rel=\"nofollow noopener\">zmluvn\u00fdch podmienkach<\/a>.\n<\/ul>\n<p>[\/cg_accordion]\n[cg_accordion title=\"\u010cO JE S\u00da\u010cAS\u0164OU BALENIA\"]<\/p>\n<ul>\n<li>1x GPD WIN MAX 2 2023<\/li>\n<li>1x nap\u00e1jac\u00ed adapt\u00e9r<\/li>\n<li>1x k\u00e1bel USB typu C<\/li>\n<li>1x u\u017e\u00edvate\u013esk\u00e1 pr\u00edru\u010dka<\/li>\n<\/ul>\n<p>[\/cg_accordion]\n","protected":false},"featured_media":170258,"template":"","meta":{"_acf_changed":false},"product_brand":[],"product_cat":[5727],"product_tag":[15931,6672],"woo-feed-brand":[5731],"class_list":{"0":"post-169922","1":"product","2":"type-product","3":"status-publish","4":"has-post-thumbnail","6":"product_cat-gpd-handheld-pc-na-hranie-hier","7":"product_tag-15xmsale-sk","8":"product_tag-gpd-win-max-2-sk","9":"product_shipping_class-premium","10":"pa_bluetooth-5-2-sk","11":"pa_brand-gpd","12":"pa_graphics-gpu-model-grafika-intel-iris-xe","13":"pa_graphics-gpu-model-radeon-760m-sk","14":"pa_i-o-video-1x-hdmi-2-1-sk","15":"pa_i-o-video-1x-oculink-sk","16":"pa_i-o-video-cez-1x-usb-4-0-type-c-40gb-s","17":"pa_memory-ram-capacity-16-gb-sk","18":"pa_memory-ram-capacity-32-gb-sk","19":"pa_memory-ram-capacity-64-gb-sk","20":"pa_memory-ram-technology-lpddr5x-sk","21":"pa_processor-cpu-model-amd-ryzen-5-7640u","22":"pa_processor-cpu-model-amd-ryzen-7-7840u","23":"pa_storage-capacity-1-tb-sk","24":"pa_storage-capacity-2-tb-sk","25":"pa_storage-capacity-4-tb-sk","26":"pa_storage-technology-pcie-gen-3-sk","27":"pa_wi-fi-wi-fi-6-sk","28":"woo-feed-brand-gpd-sk","30":"first","31":"outofstock","32":"sale","33":"taxable","34":"shipping-taxable","35":"purchasable","36":"product-type-variable","37":"has-default-attributes"},"acf":[],"aioseo_notices":[],"_links":{"self":[{"href":"https:\/\/gpdstore.net\/sk\/wp-json\/wp\/v2\/product\/169922","targetHints":{"allow":["GET"]}}],"collection":[{"href":"https:\/\/gpdstore.net\/sk\/wp-json\/wp\/v2\/product"}],"about":[{"href":"https:\/\/gpdstore.net\/sk\/wp-json\/wp\/v2\/types\/product"}],"wp:featuredmedia":[{"embeddable":true,"href":"https:\/\/gpdstore.net\/sk\/wp-json\/wp\/v2\/media\/170258"}],"wp:attachment":[{"href":"https:\/\/gpdstore.net\/sk\/wp-json\/wp\/v2\/media?parent=169922"}],"wp:term":[{"taxonomy":"product_brand","embeddable":true,"href":"https:\/\/gpdstore.net\/sk\/wp-json\/wp\/v2\/product_brand?post=169922"},{"taxonomy":"product_cat","embeddable":true,"href":"https:\/\/gpdstore.net\/sk\/wp-json\/wp\/v2\/product_cat?post=169922"},{"taxonomy":"product_tag","embeddable":true,"href":"https:\/\/gpdstore.net\/sk\/wp-json\/wp\/v2\/product_tag?post=169922"},{"taxonomy":"woo-feed-brand","embeddable":true,"href":"https:\/\/gpdstore.net\/sk\/wp-json\/wp\/v2\/woo-feed-brand?post=169922"}],"curies":[{"name":"wp","href":"https:\/\/api.w.org\/{rel}","templated":true}]}}