{"id":134578,"date":"2024-01-23T13:57:51","date_gmt":"2024-01-23T13:57:51","guid":{"rendered":"https:\/\/gpdstore.net\/nezaraden\u00e9\/kabel-usb-4-0-typu-c\/"},"modified":"2025-12-23T10:23:19","modified_gmt":"2025-12-23T10:23:19","slug":"usb-4-0-type-c-cable","status":"publish","type":"product","link":"https:\/\/gpdstore.net\/sk\/product\/usb-4-0-type-c-cable\/","title":{"rendered":"K\u00e1bel USB 4.0 typu C"},"content":{"rendered":"\n<h3 class=\"wp-block-heading\"><strong>Zv\u00fd\u0161te \u00farove\u0148 pripojenia pomocou n\u00e1\u0161ho \u0161pi\u010dkov\u00e9ho k\u00e1bla USB 4.0 typu C<\/strong><br\/><strong>Objavte silu bezprobl\u00e9mov\u00e9ho pripojenia<\/strong><\/h3>\n\n<h4 class=\"wp-block-heading\"><strong>Uvo\u013enite potenci\u00e1l \u00fadajov<\/strong><\/h4>\n\n<p>Vyu\u017eite potenci\u00e1l d\u00e1t s na\u0161\u00edm revolu\u010dn\u00fdm k\u00e1blom USB 4.0 typu C. S p\u00f4sobivou r\u00fdchlos\u0165ou prenosu d\u00e1t 40 Gb\/s zabezpe\u010duje r\u00fdchly prenos s\u00faborov a eliminuje probl\u00e9my s oneskoren\u00fdm prenosom. <\/p>\n\n<h4 class=\"wp-block-heading\"><strong>Kompatibilita pripraven\u00e1 na bud\u00facnos\u0165<\/strong><\/h4>\n\n<p>Bu\u010fte na \u010dele technologick\u00e9ho v\u00fdvoja v\u010faka kompatibilite n\u00e1\u0161ho k\u00e1bla s rozhraniami Thunderbolt 3 a 4. To zaru\u010duje bezprobl\u00e9mov\u00fa integr\u00e1ciu s najnov\u0161\u00edmi zariadeniami, v\u010faka \u010domu zostane va\u0161e rie\u0161enie pripojenia aktu\u00e1lne aj v bud\u00facnosti. <\/p>\n\n<h4 class=\"wp-block-heading\"><strong>Bezkonkuren\u010dn\u00e9 nap\u00e1janie<\/strong><\/h4>\n\n<p>S na\u0161\u00edm k\u00e1blom USB 4.0 typu C, ktor\u00fd poskytuje vynikaj\u00faci v\u00fdkon 240 W, m\u00f4\u017eete vyu\u017e\u00edva\u0165 \u0161pi\u010dkov\u00e9 mo\u017enosti nap\u00e1jania. To znamen\u00e1 r\u00fdchlej\u0161ie nab\u00edjanie a dlh\u0161iu dobu prev\u00e1dzky zariadenia, \u010do umo\u017e\u0148uje nepretr\u017eit\u00e9 pripojenie. <\/p>\n\n<h4 class=\"wp-block-heading\"><strong>Ponorte sa do v\u00fdnimo\u010dnej vizu\u00e1lnej vernosti<\/strong><\/h4>\n\n<p>Ponorte sa do sveta ohromuj\u00facej \u010distoty s podporou rozl\u00ed\u0161enia a\u017e 8K pri 60 Hz. Ka\u017ed\u00fd detail o\u017e\u00edva s pozoruhodnou presnos\u0165ou, \u010do vyhovuje tvorcom obsahu vo vysokom rozl\u00ed\u0161en\u00ed, hr\u00e1\u010dom a nad\u0161encom z\u00e1bavy. <\/p>\n\n<h4 class=\"wp-block-heading\"><strong>Inovat\u00edvna obrazovka vyu\u017e\u00edvania energie<\/strong><\/h4>\n\n<p>Bu\u010fte informovan\u00ed o spotrebe energie pomocou integrovanej obrazovky na konektore USB, ktor\u00e1 poskytuje inform\u00e1cie o spotrebe energie v re\u00e1lnom \u010dase. Sledujte vyu\u017eitie energie svojich zariaden\u00ed pre efekt\u00edvnej\u0161ie a kontrolovanej\u0161ie nab\u00edjanie. <\/p>\n\n<h4 class=\"wp-block-heading\"><strong>Rie\u0161enia na mieru pre va\u0161e po\u017eiadavky<\/strong><\/h4>\n\n<p>Vyberte si d\u013a\u017eku, ktor\u00e1 najlep\u0161ie vyhovuje va\u0161ej zostave, pri\u010dom na v\u00fdber m\u00e1te \u0161tandardn\u00fd k\u00e1bel s d\u013a\u017ekou 0,8 m a 1,5 m alebo k\u00e1bel v tvare p\u00edsmena L, ktor\u00fd je tie\u017e k dispoz\u00edcii vo variantoch 0,8 m a 1,5 m. \u010ci u\u017e uprednost\u0148ujete flexibilitu, alebo potrebujete rie\u0161enie, ktor\u00e9 \u0161etr\u00ed miesto, n\u00e1\u0161 k\u00e1bel USB 4.0 typu C vyhovie va\u0161im potreb\u00e1m pripojenia. <\/p>\n\n<h4 class=\"wp-block-heading\"><strong>Za\u017eite pripojenie bez kompromisov<\/strong><\/h4>\n\n<p>N\u00e1\u0161 k\u00e1bel USB 4.0 typu C, vyroben\u00fd s prec\u00edznos\u0165ou a odbornos\u0165ou, je dokonal\u00fdm spolo\u010dn\u00edkom pre technologick\u00fdch nad\u0161encov, kreat\u00edvnych profesion\u00e1lov a ka\u017edodenn\u00fdch pou\u017e\u00edvate\u013eov, ktor\u00ed vy\u017eaduj\u00fa dokonal\u00e9 rie\u0161enia pripojenia. Objavte svet neobmedzen\u00fdch mo\u017enost\u00ed s k\u00e1blom USB 4.0 Type-C. <\/p>\n","protected":false},"excerpt":{"rendered":"<ul>\n<li>R\u00fdchlos\u0165 prenosu \u00fadajov <strong>40 Gb\/s<\/strong> <\/li>\n<li>Thunderbolt <strong>3<\/strong> a <strong>4<\/strong><\/li>\n<li>Dod\u00e1vka energie a\u017e do <strong>240 W<\/strong> <\/li>\n<li>Podpora v\u00fdstupu videa a\u017e do <strong>8K pri 60 Hz<\/strong> <\/li>\n<li>Zabudovan\u00fd <strong>displej pr\u00edkonu<\/strong><\/li>\n<\/ul>\n[cg_accordion title=\"INFORM\u00c1CIE O PLATBE\"]<\/p>\n<p>Pou\u017e\u00edvame najnov\u0161iu technol\u00f3giu spracovania platieb, ktor\u00e1 v\u00e1m umo\u017e\u0148uje vykona\u0165 platbu prostredn\u00edctvom debetnej\/kreditnej karty alebo slu\u017eby PayPal, aby ste sa c\u00edtili r\u00fdchlo a bezpe\u010dne.[\/cg_accordion]\n[cg_accordion title=\"Z\u00c1RUKA\"]<\/p>\n<p>2 roky z\u00e1ruky od <a href=\"https:\/\/droix.net\/\" target=\"_blank\" rel=\"nofollow noopener\">spolo\u010dnosti DROIX Global pre<\/a> v\u00e1\u0161 pokoj[\/cg_accordion]\n[cg_accordion title=\"CENY, DANE A DOPRAVA\"]<\/p>\n<p><strong><u>Pozn\u00e1mka:<\/u><\/strong><\/p>\n<ul>\n<li>Z\u00e1kazn\u00edci zo Spojen\u00fdch \u0161t\u00e1tov: Z\u00e1kazn\u00edci: Zobrazen\u00e1 cena nezah\u0155\u0148a da\u0148 ani clo. Zodpovednos\u0165 za coln\u00e9 konanie a zaplatenie akejko\u013evek s\u00favisiacej dane\/coln\u00e9ho poplatku nesie z\u00e1kazn\u00edk. <\/li>\n<li>Z\u00e1kazn\u00edci z E\u00da: V zobrazenej cene je zahrnut\u00e1 platn\u00e1 DA\u0147, ktor\u00e1 m\u00f4\u017ee by\u0165 a\u017e 25% v z\u00e1vislosti od va\u0161ej krajiny.<\/li>\n<li>Z\u00e1kazn\u00edci z Kanady: V z\u00e1vislosti od va\u0161ej provincie m\u00f4\u017ee zobrazen\u00e1 cena zah\u0155\u0148a\u0165 pr\u00edslu\u0161n\u00e9 dane, ktor\u00e9 m\u00f4\u017eu zah\u0155\u0148a\u0165 5% GST a \u010fal\u0161ie provin\u010dn\u00e9 dane z predaja (PST), harmonizovan\u00fa da\u0148 z predaja (HST) alebo quebeck\u00fa da\u0148 z predaja (QST).<\/li>\n<\/ul>\n<p><strong>Len pre z\u00e1kazn\u00edkov z E\u00da:<\/strong> Expresn\u00e9 DDP (Delivered Duty Paid). To znamen\u00e1: <\/p>\n<ul>\n<li>V\u0161etky cl\u00e1 a dane s\u00fa zahrnut\u00e9 v cene zobrazenej na str\u00e1nke produktu.<\/li>\n<li>Pri doru\u010den\u00ed nemus\u00edte plati\u0165 \u017eiadne \u010fal\u0161ie poplatky.<\/li>\n<li>V zriedkav\u00fdch pr\u00edpadoch probl\u00e9mov s\u00favisiacich s coln\u00fdmi z\u00e1le\u017eitos\u0165ami sa n\u00e1\u0161 t\u00edm postar\u00e1 o coln\u00e9 konanie vo va\u0161om mene, aby sme zabezpe\u010dili bezprobl\u00e9mov\u00e9 doru\u010denie.<\/li>\n<p>D\u00f4le\u017eit\u00e9 inform\u00e1cie o vr\u00e1ten\u00ed tovaru:<\/p>\n<li>Ak sa rozhodnete vr\u00e1ti\u0165 objedn\u00e1vku alebo po\u017eiada\u0165 o vr\u00e1tenie pe\u0148az\u00ed, majte na pam\u00e4ti, \u017ee dane a cl\u00e1 zaplaten\u00e9 vo va\u0161om mene pod\u013ea podmienok DDP nie je mo\u017en\u00e9 vr\u00e1ti\u0165.<\/li>\n<p>Podrobn\u00e9 inform\u00e1cie n\u00e1jdete v na\u0161ich <a href=\"https:\/\/droix.net\/terms-and-conditions\/\" target=\"_blank\" rel=\"nofollow noopener\">zmluvn\u00fdch podmienkach<\/a>.\n<\/ul>\n<p>[\/cg_accordion]\n[cg_accordion title=\"Z\u00c1KAZN\u00cdCKA PODPORA\"]<\/p>\n<p>M\u00e1te ot\u00e1zku? Od vyrie\u0161enia v\u00e1\u0161ho probl\u00e9mu n\u00e1s del\u00ed kr\u00e1tka textov\u00e1 spr\u00e1va! <\/p>\n<p>Podrobn\u00e9 inform\u00e1cie n\u00e1jdete v na\u0161ich <a href=\"https:\/\/gpdstore.net\/sk\/terms-of-service\/\" target=\"_blank\" rel=\"nofollow noopener\">zmluvn\u00fdch podmienkach<\/a>.\n<\/ul>\n<p>[\/cg_accordion]\n[cg_accordion title=\"\u010cO JE S\u00da\u010cAS\u0164OU BALENIA\"]<\/p>\n<ul>\n<li>1x k\u00e1bel USB 4.0 typu C<\/li>\n<\/ul>\n<p>[\/cg_accordion]\n","protected":false},"featured_media":134749,"template":"","meta":{"_acf_changed":false},"product_brand":[],"product_cat":[5388],"product_tag":[12579,7254],"woo-feed-brand":[5443],"class_list":{"0":"post-134578","1":"product","2":"type-product","3":"status-publish","4":"has-post-thumbnail","6":"product_cat-prislusenstvo","7":"product_tag-40bfsale-sk","8":"product_tag-vseobecne-prislusenstvo","9":"product_shipping_class-low-end","10":"pa_accessory-type-kabel-sk","11":"pa_i-o-video-1x-cez-usb-4-0-typ-c-dp-8k60hz","12":"woo-feed-brand-droix-sk","14":"first","15":"outofstock","16":"sale","17":"taxable","18":"shipping-taxable","19":"purchasable","20":"product-type-variable","21":"has-default-attributes"},"acf":[],"aioseo_notices":[],"_links":{"self":[{"href":"https:\/\/gpdstore.net\/sk\/wp-json\/wp\/v2\/product\/134578","targetHints":{"allow":["GET"]}}],"collection":[{"href":"https:\/\/gpdstore.net\/sk\/wp-json\/wp\/v2\/product"}],"about":[{"href":"https:\/\/gpdstore.net\/sk\/wp-json\/wp\/v2\/types\/product"}],"wp:featuredmedia":[{"embeddable":true,"href":"https:\/\/gpdstore.net\/sk\/wp-json\/wp\/v2\/media\/134749"}],"wp:attachment":[{"href":"https:\/\/gpdstore.net\/sk\/wp-json\/wp\/v2\/media?parent=134578"}],"wp:term":[{"taxonomy":"product_brand","embeddable":true,"href":"https:\/\/gpdstore.net\/sk\/wp-json\/wp\/v2\/product_brand?post=134578"},{"taxonomy":"product_cat","embeddable":true,"href":"https:\/\/gpdstore.net\/sk\/wp-json\/wp\/v2\/product_cat?post=134578"},{"taxonomy":"product_tag","embeddable":true,"href":"https:\/\/gpdstore.net\/sk\/wp-json\/wp\/v2\/product_tag?post=134578"},{"taxonomy":"woo-feed-brand","embeddable":true,"href":"https:\/\/gpdstore.net\/sk\/wp-json\/wp\/v2\/woo-feed-brand?post=134578"}],"curies":[{"name":"wp","href":"https:\/\/api.w.org\/{rel}","templated":true}]}}