{"id":1279194,"date":"2026-02-16T12:09:41","date_gmt":"2026-02-16T12:09:41","guid":{"rendered":"https:\/\/gpdstore.net\/product\/kabel-usb-4-0-typu-c\/"},"modified":"2026-04-24T10:38:50","modified_gmt":"2026-04-24T10:38:50","slug":"usb-4-0-type-c-cable-2","status":"publish","type":"product","link":"https:\/\/gpdstore.net\/sk\/product\/usb-4-0-type-c-cable-2\/","title":{"rendered":"K\u00e1bel USB 4.0 typu C"},"content":{"rendered":"\n<h2 class=\"wp-block-heading\"><strong>K\u00e1bel USB4 USB C: dokonal\u00e9 rie\u0161enie nap\u00e1jania a prenosu d\u00e1t cez Thunderbolt 4<\/strong><\/h2>\n\n<p>K\u00e1bel USB4 USB C je vysoko v\u00fdkonn\u00e9 rie\u0161enie pripojenia navrhnut\u00e9 tak, aby sp\u013a\u0148alo n\u00e1ro\u010dn\u00e9 po\u017eiadavky modern\u00fdch profesion\u00e1lnych a hern\u00fdch zost\u00e1v. \u010ci u\u017e prip\u00e1jate \u0161pi\u010dkov\u00fd MacBook, eGPU alebo vysokor\u00fdchlostn\u00fd SSD disk, tento k\u00e1bel zabezpe\u010d\u00ed, aby v\u00e1\u0161 hardv\u00e9r fungoval na absol\u00fatnej \u0161pi\u010dke. Ke\u010f\u017ee integruje najnov\u0161ie \u0161tandardy Thunderbolt 4, predstavuje univerz\u00e1lny most\u00edk pre v\u0161etky va\u0161e zariadenia typu C a poskytuje bezkonkuren\u010dn\u00fa v\u0161estrannos\u0165 v jednom elegantnom balen\u00ed.  <\/p>\n\n<p>Tento k\u00e1bel USB4 USB C je dokonal\u00fdm spolo\u010dn\u00edkom pre najnov\u0161iu gener\u00e1ciu mimoriadne v\u00fdkonn\u00fdch prenosn\u00fdch hern\u00fdch po\u010d\u00edta\u010dov. Ak pou\u017e\u00edvate <a href=\"https:\/\/gpdstore.net\/sk\/product\/gpd-win-5\/\" target=\"_blank\" rel=\"noopener\" title=\"\">GPD WIN 5 alebo<\/a> ONEXPLAYER APEX, tento k\u00e1bel v\u00e1m umo\u017en\u00ed naplno vyu\u017ei\u0165 ich porty USB4 40 Gb\/s na extern\u00e9 dokovacie stanice GPU alebo vysokor\u00fdchlostn\u00fd prenos d\u00e1t. <\/p>\n\n<hr class=\"wp-block-separator has-alpha-channel-opacity\"\/>\n\n<h2 class=\"wp-block-heading\"><strong>Za\u017eite obrovsk\u00e9 r\u00fdchlosti s k\u00e1blom USB4 40 Gb\/s USB C<\/strong><\/h2>\n\n<p>Prenos d\u00e1t dosahuje s t\u00fdmto k\u00e1blom nov\u00e9 rozmery a pon\u00faka r\u00fdchlos\u0165 a\u017e 40 Gb\/s. To je v\u00fdrazne r\u00fdchlej\u0161ie ako \u0161tandardn\u00e9 alternat\u00edvy USB-C, \u010do v\u00e1m umo\u017en\u00ed pren\u00e1\u0161a\u0165 obrovsk\u00e9 s\u00fabory v priebehu nieko\u013ek\u00fdch sek\u00fand a nie min\u00fat. Ke\u010f\u017ee je plne kompatibiln\u00fd s <a href=\"https:\/\/www.thunderbolttechnology.net\/blog\/thunderbolt-3-usb-c-does-it-all\" target=\"_blank\" rel=\"noopener nofollow\" title=\"\">Thunderbolt 3 a<\/a> USB 3.2, m\u00f4\u017eete ho pou\u017e\u00edva\u0165 v \u0161irokom spektre star\u0161ieho aj modern\u00e9ho hardv\u00e9ru bez straty v\u00fdkonu. V d\u00f4sledku toho je nevyhnutn\u00fdm n\u00e1strojom pre pou\u017e\u00edvate\u013eov, ktor\u00ed potrebuj\u00fa preklen\u00fa\u0165 priepas\u0165 medzi svojimi prenosn\u00fdmi zariadeniami a perif\u00e9rnymi zariadeniami stolovej triedy.   <\/p>\n\n<h2 class=\"wp-block-heading\"><strong>R\u00fdchle 240W nap\u00e1janie pre v\u00fdkonn\u00e9 notebooky<\/strong><\/h2>\n\n<p>Nap\u00e1janie zariaden\u00ed je rovnako efekt\u00edvne ako prenos \u00fadajov. K\u00e1bel USB4 USB C podporuje technol\u00f3giu PD 3.1 EPR, ktor\u00e1 umo\u017e\u0148uje mas\u00edvne r\u00fdchle nab\u00edjanie s v\u00fdkonom 240 W (48 V\/5 A). To znamen\u00e1, \u017ee bez probl\u00e9mov zvl\u00e1dne po\u017eiadavky na nap\u00e1janie 16-palcov\u00e9ho MacBooku Pro alebo najnov\u0161\u00edch hern\u00fdch notebookov.  <\/p>\n\n<p>Na zaistenie bezpe\u010dnosti po\u010das t\u00fdchto vysokonap\u00e4\u0165ov\u00fdch prenosov je k\u00e1bel vybaven\u00fd zabudovan\u00fdm \u010dipom E-Marker, ktor\u00fd inteligentne riadi tok energie a zabra\u0148uje prehriatiu. T\u00e1to \u00farove\u0148 v\u00fdkonu je obzvl\u00e1\u0161\u0165 v\u00fdhodn\u00e1 pre <a href=\"https:\/\/gpdstore.net\/sk\/product\/gpd-win-5\/\" target=\"_blank\" rel=\"noopener\" title=\"\">GPD WIN 5,<\/a> preto\u017ee poskytuje stabiln\u00e9 nap\u00e1janie po\u010das intenz\u00edvnych hern\u00fdch rel\u00e1ci\u00ed s TDP 120 W alebo pri r\u00fdchlom nab\u00edjan\u00ed ich vysokokapacitn\u00fdch bat\u00e9ri\u00ed. <\/p>\n\n<hr class=\"wp-block-separator has-alpha-channel-opacity\"\/>\n\n<h2 class=\"wp-block-heading\"><strong>Vizu\u00e1lna dokonalos\u0165 s podporou 8K60Hz a du\u00e1lneho 4K<\/strong><\/h2>\n\n<p>Ak ste kreat\u00edvny profesion\u00e1l alebo hern\u00fd nad\u0161enec, video schopnosti tohto k\u00e1bla USB4 USB C v\u00e1s ohromia. Podporuje jeden displej s rozl\u00ed\u0161en\u00edm 8K Ultra HD a plynulou obnovovacou frekvenciou 60 Hz, v\u010faka \u010domu je ka\u017ed\u00fd detail vykreslen\u00fd s ostros\u0165ou. Pr\u00edpadne m\u00f4\u017ee k\u00e1bel poh\u00e1\u0148a\u0165 dva monitory s rozl\u00ed\u0161en\u00edm 4K, \u010do z neho rob\u00ed nevyhnutn\u00fd n\u00e1stroj pre multitasking a pohlcuj\u00face pracovn\u00e9 stanice. Okrem toho si pou\u017e\u00edvatelia GPD WIN 5 m\u00f4\u017eu vychutna\u0165 bezprobl\u00e9mov\u00fd v\u00fdstup 8K na extern\u00e9 monitory pre skuto\u010dn\u00fd z\u00e1\u017eitok z pracovnej plochy.   <\/p>\n\n<h2 class=\"wp-block-heading\"><strong>Robustn\u00e1 kvalita kon\u0161trukcie a univerz\u00e1lna kompatibilita<\/strong><\/h2>\n\n<p>Z\u00e1kladom kon\u0161trukcie je odolnos\u0165. K\u00e1bel je vyroben\u00fd z PVC a 48-\u017eilov\u00e9ho nylonov\u00e9ho opletu, ktor\u00fd je \u0161peci\u00e1lne navrhnut\u00fd tak, aby vydr\u017eal viac ako 10 000 ohybov. Pl\u00e1\u0161\u0165 z hlin\u00edkovej zliatiny navy\u0161e poskytuje prvotriedny pocit a z\u00e1rove\u0148 chr\u00e1ni vn\u00fatorn\u00e9 jadro z bezkysl\u00edkatej medi. T\u00e1to robustn\u00e1 kon\u0161trukcia zaru\u010duje, \u017ee k\u00e1bel USB4 USB C zostane spo\u013eahlivou s\u00fa\u010das\u0165ou va\u0161ej v\u00fdbavy po dlh\u00e9 roky, \u010di u\u017e ho hod\u00edte do cestovnej ta\u0161ky spolu s vreckov\u00fdm po\u010d\u00edta\u010dom, alebo ho budete ma\u0165 trvalo pripevnen\u00fd na stole.   <\/p>\n\n<hr class=\"wp-block-separator has-alpha-channel-opacity\"\/>\n\n<h2 class=\"wp-block-heading\"><strong>Zabezpe\u010dte si k\u00e1bel USB4 USB C e\u0161te dnes<\/strong><\/h2>\n\n<p>Nedovo\u013ete, aby v\u00e1s pomal\u00e9 d\u00e1tov\u00e9 prenosy alebo slab\u00e9 nab\u00edjanie zdr\u017eiavali od nastavenia. Tento pr\u00e9miov\u00fd k\u00e1bel je definit\u00edvny upgrade pre ka\u017ed\u00e9ho, kto pou\u017e\u00edva iPhone radu 15, iPad Pro, GPD WIN 5 alebo v\u00fdkonn\u00fd po\u010d\u00edta\u010d. Dopyt po tejto \u0161pecifickej 240W \u0161pecifik\u00e1cii Thunderbolt 4 je vysok\u00fd, tak\u017ee konajte teraz, aby ste si zaru\u010dili, \u017ee svoj dostanete v\u010das. Nav\u0161t\u00edvte n\u00e1\u0161 obchod e\u0161te dnes a spoznajte bud\u00facnos\u0165 pripojenia a zabezpe\u010dte, aby va\u0161e zariadenia v\u017edy pracovali na pln\u00fd plyn!   <\/p>\n","protected":false},"excerpt":{"rendered":"<ul>\n<li><strong>40 Gb\/s d\u00e1ta &#8211;<\/strong> bleskovo r\u00fdchly prenos pre obrovsk\u00e9 s\u00fabory.<\/li>\n<li><strong>240W nab\u00edjanie &#8211;<\/strong> PD 3.1 pre v\u00fdkonn\u00e9 notebooky.<\/li>\n<li><strong>8K60Hz video &#8211;<\/strong> podpora Sharp 8K alebo du\u00e1lneho 4K displeja.<\/li>\n<li><strong>E-Marker Chip &#8211;<\/strong> Inteligentn\u00e1 ochrana pre stabiln\u00e9 nap\u00e1janie.<\/li>\n<li><strong>Opleten\u00e1 kon\u0161trukcia &#8211;<\/strong> zosilnen\u00fd nylonov\u00fd a hlin\u00edkov\u00fd pl\u00e1\u0161\u0165.<\/li>\n<\/ul>\n[cg_accordion title=\"INFORM\u00c1CIE O PLATBE\"]<\/p>\n<p>Pou\u017e\u00edvame najnov\u0161iu technol\u00f3giu spracovania platieb, ktor\u00e1 v\u00e1m umo\u017e\u0148uje vykona\u0165 platbu prostredn\u00edctvom debetnej\/kreditnej karty alebo slu\u017eby PayPal, aby ste sa c\u00edtili r\u00fdchlo a bezpe\u010dne.[\/cg_accordion]\n[cg_accordion title=\"Z\u00c1RUKA\"]<\/p>\n<p>1 rok z\u00e1ruky od <a href=\"https:\/\/droix.net\/\" target=\"_blank\" rel=\"nofollow noopener\">spolo\u010dnosti DROIX Global pre<\/a> v\u00e1\u0161 pokoj[\/cg_accordion]\n[cg_accordion title=\"ZABEZPE\u010cENIE KVALITY A TESTOVANIE PRED ODOSLAN\u00cdM\"]<\/p>\n<p>Zabezpe\u010denie spokojnosti z\u00e1kazn\u00edkov na najvy\u0161\u0161ej \u00farovni: Pred odoslan\u00edm prech\u00e1dza ka\u017ed\u00e9 zariadenie pr\u00edsnym testovan\u00edm a viacbodovou kontrolou kvality. N\u00e1\u0161 \u0161pecializovan\u00fd t\u00edm overuje v\u00fdkon, funk\u010dnos\u0165 a integritu komponentov, aby sme v\u00e1m zaru\u010dili, \u017ee va\u0161e zariadenie GPD bude pri pr\u00edchode v perfektnom stave, \u010do v\u00e1m poskytne istotu a pokoj. [\/cg_accordion]\n[cg_accordion title=\"CENY, DANE A DOPRAVA\"]<\/p>\n<p><strong><u>Pozn\u00e1mka:<\/u><\/strong><\/p>\n<ul>\n<li>Z\u00e1kazn\u00edci zo Spojen\u00fdch \u0161t\u00e1tov: Z\u00e1kazn\u00edci: Zobrazen\u00e1 cena nezah\u0155\u0148a da\u0148 ani clo. Zodpovednos\u0165 za coln\u00e9 konanie a zaplatenie akejko\u013evek s\u00favisiacej dane\/coln\u00e9ho poplatku nesie z\u00e1kazn\u00edk. <\/li>\n<li>Z\u00e1kazn\u00edci z E\u00da: V zobrazenej cene je zahrnut\u00e1 platn\u00e1 DA\u0147, ktor\u00e1 m\u00f4\u017ee by\u0165 a\u017e 25% v z\u00e1vislosti od va\u0161ej krajiny.<\/li>\n<li>Z\u00e1kazn\u00edci z Kanady: V z\u00e1vislosti od va\u0161ej provincie m\u00f4\u017ee zobrazen\u00e1 cena zah\u0155\u0148a\u0165 pr\u00edslu\u0161n\u00e9 dane, ktor\u00e9 m\u00f4\u017eu zah\u0155\u0148a\u0165 5% GST a \u010fal\u0161ie provin\u010dn\u00e9 dane z predaja (PST), harmonizovan\u00fa da\u0148 z predaja (HST) alebo quebeck\u00fa da\u0148 z predaja (QST).<\/li>\n<\/ul>\n<p>Pre na\u0161ich z\u00e1kazn\u00edkov v USA: Objedn\u00e1vky sa odosielaj\u00fa DAP (Delivered At Place). Hoci s\u00fa z\u00e1kazn\u00edci zodpovedn\u00ed za zaplatenie v\u0161etk\u00fdch platn\u00fdch tar\u00edf, vyu\u017e\u00edvame na\u0161e bohat\u00e9 sk\u00fasenosti s prepravou zo Spojen\u00e9ho kr\u00e1\u013eovstva, aby sme zabezpe\u010dili, \u017ee zaplat\u00edte \u010do najni\u017e\u0161ie poplatky. Na z\u00e1klade na\u0161ich z\u00e1znamov tieto poplatky zvy\u010dajne nepresahuj\u00fa 10 % hodnoty polo\u017eky.  <\/p>\n<p><strong>Len pre z\u00e1kazn\u00edkov z E\u00da:<\/strong> Expresn\u00e9 DDP (Delivered Duty Paid). To znamen\u00e1: <\/p>\n<ul>\n<li>V\u0161etky cl\u00e1 a dane s\u00fa zahrnut\u00e9 v cene zobrazenej na str\u00e1nke produktu.<\/li>\n<li>Pri doru\u010den\u00ed nemus\u00edte plati\u0165 \u017eiadne \u010fal\u0161ie poplatky.<\/li>\n<li>V zriedkav\u00fdch pr\u00edpadoch probl\u00e9mov s\u00favisiacich s coln\u00fdmi z\u00e1le\u017eitos\u0165ami sa n\u00e1\u0161 t\u00edm postar\u00e1 o coln\u00e9 konanie vo va\u0161om mene, aby sme zabezpe\u010dili bezprobl\u00e9mov\u00e9 doru\u010denie.<\/li>\n<p>D\u00f4le\u017eit\u00e9 inform\u00e1cie o vr\u00e1ten\u00ed tovaru:<\/p>\n<li>Ak sa rozhodnete vr\u00e1ti\u0165 objedn\u00e1vku alebo po\u017eiada\u0165 o vr\u00e1tenie pe\u0148az\u00ed, majte na pam\u00e4ti, \u017ee dane a cl\u00e1 zaplaten\u00e9 vo va\u0161om mene pod\u013ea podmienok DDP nie je mo\u017en\u00e9 vr\u00e1ti\u0165.<\/li>\n<p>Podrobn\u00e9 inform\u00e1cie n\u00e1jdete v na\u0161ich <a href=\"https:\/\/droix.net\/terms-and-conditions\/\" target=\"_blank\" rel=\"nofollow noopener\">zmluvn\u00fdch podmienkach<\/a>.\n<\/ul>\n<p>[\/cg_accordion]\n[cg_accordion title=\"Z\u00c1KAZN\u00cdCKA PODPORA\"]<\/p>\n<p>M\u00e1te ot\u00e1zku? Od vyrie\u0161enia v\u00e1\u0161ho probl\u00e9mu n\u00e1s del\u00ed kr\u00e1tka textov\u00e1 spr\u00e1va! <\/p>\n<p>Podrobn\u00e9 inform\u00e1cie n\u00e1jdete v na\u0161ich <a href=\"https:\/\/gpdstore.net\/sk\/terms-of-service\/\" target=\"_blank\" rel=\"nofollow noopener\">zmluvn\u00fdch podmienkach<\/a>.\n<\/ul>\n<p>[\/cg_accordion]\n[cg_accordion title=\"\u010cO JE S\u00da\u010cAS\u0164OU BALENIA\"]<\/p>\n<ul>\n<li>1x k\u00e1bel USB 4.0 typu C<\/li>\n<\/ul>\n<p>[\/cg_accordion]\n","protected":false},"featured_media":1279208,"template":"","meta":{"_acf_changed":false},"product_brand":[],"product_cat":[5388],"product_tag":[],"woo-feed-brand":[5443],"class_list":{"0":"post-1279194","1":"product","2":"type-product","3":"status-publish","4":"has-post-thumbnail","6":"product_cat-prislusenstvo","7":"product_shipping_class-low-end","8":"pa_i-o-video-1x-cez-usb-4-0-typ-c-dp-8k60hz","9":"woo-feed-brand-droix-sk","11":"first","12":"instock","13":"sale","14":"taxable","15":"shipping-taxable","16":"purchasable","17":"product-type-variable","18":"has-default-attributes"},"acf":[],"aioseo_notices":[],"_links":{"self":[{"href":"https:\/\/gpdstore.net\/sk\/wp-json\/wp\/v2\/product\/1279194","targetHints":{"allow":["GET"]}}],"collection":[{"href":"https:\/\/gpdstore.net\/sk\/wp-json\/wp\/v2\/product"}],"about":[{"href":"https:\/\/gpdstore.net\/sk\/wp-json\/wp\/v2\/types\/product"}],"wp:featuredmedia":[{"embeddable":true,"href":"https:\/\/gpdstore.net\/sk\/wp-json\/wp\/v2\/media\/1279208"}],"wp:attachment":[{"href":"https:\/\/gpdstore.net\/sk\/wp-json\/wp\/v2\/media?parent=1279194"}],"wp:term":[{"taxonomy":"product_brand","embeddable":true,"href":"https:\/\/gpdstore.net\/sk\/wp-json\/wp\/v2\/product_brand?post=1279194"},{"taxonomy":"product_cat","embeddable":true,"href":"https:\/\/gpdstore.net\/sk\/wp-json\/wp\/v2\/product_cat?post=1279194"},{"taxonomy":"product_tag","embeddable":true,"href":"https:\/\/gpdstore.net\/sk\/wp-json\/wp\/v2\/product_tag?post=1279194"},{"taxonomy":"woo-feed-brand","embeddable":true,"href":"https:\/\/gpdstore.net\/sk\/wp-json\/wp\/v2\/woo-feed-brand?post=1279194"}],"curies":[{"name":"wp","href":"https:\/\/api.w.org\/{rel}","templated":true}]}}