{"id":1275777,"date":"2026-01-22T10:18:28","date_gmt":"2026-01-22T10:18:28","guid":{"rendered":"https:\/\/gpdstore.net\/product\/mini-citacka-ssd-biwin-rd510\/"},"modified":"2026-03-29T00:47:00","modified_gmt":"2026-03-29T00:47:00","slug":"biwin-rd510-mini-ssd-reader","status":"publish","type":"product","link":"https:\/\/gpdstore.net\/sk\/product\/biwin-rd510-mini-ssd-reader\/","title":{"rendered":"Mini \u010d\u00edta\u010dka SSD Biwin RD510"},"content":{"rendered":"\n<h2 class=\"wp-block-heading\">\u010c\u00edta\u010dka Biwin Mini SSD: USB 4.0 pre profesion\u00e1lov<\/h2>\n\n<p><strong>Mini \u010d\u00edta\u010dka SSD Biwin RD510 predstavuje<\/strong> prelom v technol\u00f3gii prenosn\u00fdch \u00falo\u017e\u00edsk. T\u00e1to vysoko v\u00fdkonn\u00e1 \u010d\u00edta\u010dka je prv\u00e1 svojho druhu, \u0161peci\u00e1lne navrhnut\u00e1 pre ultrakompaktn\u00fd form\u00e1t &#8220;Mini SSD&#8221;. Tieto miniat\u00farne disky s rozmermi len 15,0 mm \u00d7 17,0 mm \u00d7 1,4 mm si na svoju \u0161pi\u010dkov\u00fa funk\u010dnos\u0165 vy\u017eaduj\u00fa prec\u00edzne puzdro.2 Ke\u010f\u017ee toto rie\u0161enie SSD je<sup>prisp\u00f4soben\u00e9<\/sup> tak\u00fdmto <strong>mal\u00fdm rozmerom<\/strong>, pon\u00faka \u00farove\u0148 prenosnosti, ak\u00e1 doteraz na trhu s profesion\u00e1lnym hardv\u00e9rom nebola.  <\/p>\n\n<h2 class=\"wp-block-heading\">Bleskov\u00e9 r\u00fdchlosti s mini \u010d\u00edta\u010dkou SSD Biwin RD510<\/h2>\n\n<p>V\u00fdkon je to, v \u010dom t\u00e1to <strong>\u010d\u00edta\u010dka biwinn mini SSD skuto\u010dne<\/strong> \u017eiari. Vyu\u017e\u00edva pokro\u010dil\u00fd protokol USB 4.0, ktor\u00fd poskytuje ohromuj\u00face r\u00fdchlosti prenosu d\u00e1t a\u017e do 40 Gb\/s.3 <strong>\u010c\u00edta\u010dka<\/strong> Biwin RD510 Mini SSD<sup>preto<\/sup> <strong>dosahuje<\/strong> r\u00fdchlos\u0165 <strong>sekven\u010dn\u00e9ho \u010d\u00edtania<\/strong> 3300 MB\/s a r\u00fdchlos\u0165 z\u00e1pisu 3000 MB\/s.4 Tieto hodnoty predstavuj\u00fa<sup>dokonal\u00fd s\u00falad<\/sup> pre pou\u017e\u00edvate\u013eov<sup>,<\/sup> ktor\u00ed \u010dasto pracuj\u00fa s 8K video s\u00fabormi alebo rozsiahlymi softv\u00e9rov\u00fdmi \u00falo\u017eiskami. <\/p>\n\n<p>Okrem toho je <strong>architekt\u00fara ovl\u00e1da\u010da<\/strong> biwin <strong>SSD<\/strong> optimalizovan\u00e1 pre modern\u00e9 opera\u010dn\u00e9 syst\u00e9my, aby sa zabezpe\u010dila jednoduchos\u0165 zapojenia a pou\u017e\u00edvania. Zist\u00edte, \u017ee rozsiahle z\u00e1lohovanie d\u00e1t sa dokon\u010d\u00ed v priebehu nieko\u013ek\u00fdch sek\u00fand a nie min\u00fat. Ke\u010f\u017ee rozhranie je tak\u00e9 efekt\u00edvne, latencia je po\u010das intenz\u00edvnych profesion\u00e1lnych aplik\u00e1ci\u00ed zn\u00ed\u017een\u00e1 na absol\u00fatne minimum.  <\/p>\n\n<h2 class=\"wp-block-heading\">Akt\u00edvne chladenie pre trval\u00fd v\u00fdkon disku SSD Biwin<\/h2>\n\n<p>Udr\u017eiavanie vysok\u00fdch r\u00fdchlost\u00ed \u010dasto vedie k tepeln\u00fdm probl\u00e9mom. Preto <strong>je \u010d\u00edta\u010dka<\/strong> Biwin <strong>RD510 Mini SSD vybaven\u00e1<\/strong> vstavan\u00fdm chladiacim ventil\u00e1torom na akt\u00edvne riadenie tepla. Toto tepeln\u00e9 rie\u0161enie zabra\u0148uje poklesu v\u00fdkonu spojen\u00e9ho s prehrievan\u00edm. V d\u00f4sledku toho <strong>si<\/strong> v\u00e1\u0161 biwin <strong>SSD udr\u017e\u00ed<\/strong> maxim\u00e1lnu r\u00fdchlos\u0165 aj po\u010das hodinovej migr\u00e1cie d\u00e1t.   <\/p>\n\n<p>Robustn\u00e1 kon\u0161trukcia <strong>\u010d\u00edta\u010dky Biwin RD510 Mini SSD zaru\u010duje<\/strong>, \u017ee pre\u017eije ka\u017edodenn\u00e9 doch\u00e1dzanie do pr\u00e1ce. Zatia\u013e \u010do zvonku vyzer\u00e1 elegantne a profesion\u00e1lne, vn\u00fatorn\u00e9 komponenty s\u00fa chr\u00e1nen\u00e9 pred fyzick\u00fdmi n\u00e1razmi. Prioritou je stabiln\u00e1 a nepreru\u0161ovan\u00e1 prev\u00e1dzka, \u010do v kone\u010dnom d\u00f4sledku pom\u00e1ha pred\u013a\u017ei\u0165 \u017eivotnos\u0165 va\u0161ich pam\u00e4\u0165ov\u00fdch m\u00e9di\u00ed.  <\/p>\n\n<h2 class=\"wp-block-heading\">Pripojenie viacer\u00fdch platforiem pre \u010d\u00edta\u010dku Biwinn Mini SSD<\/h2>\n\n<p>V\u0161estrannos\u0165 je hlavnou prednos\u0165ou tejto <strong>\u010d\u00edta\u010dky biwinn mini SSD.<\/strong> Dod\u00e1va sa s vysokokvalitn\u00fdm k\u00e1blom USB 4.0 typu C na typ C, aby ste mohli naplno vyu\u017ei\u0165 potenci\u00e1l svojho hardv\u00e9ru.5<sup>V\u010faka tomu<\/sup> <strong>je \u010d\u00edta\u010dka<\/strong> Biwin RD510 Mini <strong>SSD kompatibiln\u00e1 s<\/strong> ve\u013ek\u00fdm mno\u017estvom modern\u00fdch ekosyst\u00e9mov. <\/p>\n\n<figure class=\"wp-block-table\"><table class=\"has-fixed-layout\"><thead><tr><td><strong>Kateg\u00f3ria syst\u00e9mu<\/strong><\/td><td><strong>Podporovan\u00e9 platformy<\/strong><\/td><\/tr><\/thead><tbody><tr><td><strong>Po\u010d\u00edta\u010de<\/strong><\/td><td>Windows 10\/11, macOS 11.0+<\/td><\/tr><tr><td><strong>Mobiln\u00fd port\u00e1l<\/strong><\/td><td>iOS 17.0+, Android 11.0+<\/td><\/tr><tr><td><strong>Hry<\/strong><\/td><td>PlayStation 5 (syst\u00e9m 08+)<\/td><\/tr><tr><td><strong>Opera\u010dn\u00e9 syst\u00e9my<\/strong><\/td><td>HyperOS 1.0+, HarmonyOS 3.0+<\/td><\/tr><\/tbody><\/table><\/figure>\n","protected":false},"excerpt":{"rendered":"<ul>\n<li><strong>Biwin RD510 USB<\/strong> 4.0 Mini SSD \u010d\u00edta\u010dka<\/li>\n<li><strong>Rozhranie USB 4.0 &#8211; vysokor\u00fdchlostn\u00fd<\/strong> prenos d\u00e1t a\u017e do 40 Gb\/s<\/li>\n<li><strong>3300 MB\/s \u010d\u00edtanie a 3000 MB\/s z\u00e1pis &#8211;<\/strong> optimalizovan\u00e9 pre video 8K a ve\u013ek\u00e9 s\u00fabory<\/li>\n<li><strong>Akt\u00edvny chladiaci syst\u00e9m &#8211;<\/strong> zabudovan\u00fd ventil\u00e1tor pre trval\u00fd \u0161pi\u010dkov\u00fd v\u00fdkon<\/li>\n<li><strong>Ultraprenosn\u00fd dizajn &#8211;<\/strong> \u0161peci\u00e1lne navrhnut\u00fd pre form\u00e1t Mini SSD<\/li>\n<\/ul>\n[cg_accordion title=\"INFORM\u00c1CIE O PLATBE\"]<\/p>\n<p>Pou\u017e\u00edvame najnov\u0161iu technol\u00f3giu spracovania platieb, ktor\u00e1 v\u00e1m umo\u017e\u0148uje vykona\u0165 platbu prostredn\u00edctvom debetnej\/kreditnej karty alebo slu\u017eby PayPal, aby ste sa c\u00edtili r\u00fdchlo a bezpe\u010dne.[\/cg_accordion]\n[cg_accordion title=\"Z\u00c1RUKA\"]<\/p>\n<p>2 roky z\u00e1ruky od <a href=\"https:\/\/droix.net\/\" target=\"_blank\" rel=\"nofollow noopener\">spolo\u010dnosti DROIX Global pre<\/a> v\u00e1\u0161 pokoj[\/cg_accordion]\n[cg_accordion title=\"ZABEZPE\u010cENIE KVALITY A TESTOVANIE PRED ODOSLAN\u00cdM\"]<\/p>\n<p>Zabezpe\u010denie spokojnosti z\u00e1kazn\u00edkov na najvy\u0161\u0161ej \u00farovni: Pred odoslan\u00edm prech\u00e1dza ka\u017ed\u00e9 zariadenie pr\u00edsnym testovan\u00edm a viacbodovou kontrolou kvality. N\u00e1\u0161 \u0161pecializovan\u00fd t\u00edm overuje v\u00fdkon, funk\u010dnos\u0165 a integritu komponentov, aby sme v\u00e1m zaru\u010dili, \u017ee va\u0161e zariadenie GPD bude pri pr\u00edchode v perfektnom stave, \u010do v\u00e1m poskytne istotu a pokoj. [\/cg_accordion]\n[cg_accordion title=\"CENY, DANE A DOPRAVA\"]<\/p>\n<p><strong><u>Pozn\u00e1mka:<\/u><\/strong><\/p>\n<ul>\n<li>Z\u00e1kazn\u00edci zo Spojen\u00fdch \u0161t\u00e1tov: Z\u00e1kazn\u00edci: Zobrazen\u00e1 cena nezah\u0155\u0148a da\u0148 ani clo. Zodpovednos\u0165 za coln\u00e9 konanie a zaplatenie akejko\u013evek s\u00favisiacej dane\/coln\u00e9ho poplatku nesie z\u00e1kazn\u00edk. <\/li>\n<li>Z\u00e1kazn\u00edci z E\u00da: V zobrazenej cene je zahrnut\u00e1 platn\u00e1 DA\u0147, ktor\u00e1 m\u00f4\u017ee by\u0165 a\u017e 25% v z\u00e1vislosti od va\u0161ej krajiny.<\/li>\n<li>Z\u00e1kazn\u00edci z Kanady: V z\u00e1vislosti od va\u0161ej provincie m\u00f4\u017ee zobrazen\u00e1 cena zah\u0155\u0148a\u0165 pr\u00edslu\u0161n\u00e9 dane, ktor\u00e9 m\u00f4\u017eu zah\u0155\u0148a\u0165 5% GST a \u010fal\u0161ie provin\u010dn\u00e9 dane z predaja (PST), harmonizovan\u00fa da\u0148 z predaja (HST) alebo quebeck\u00fa da\u0148 z predaja (QST).<\/li>\n<\/ul>\n<p>Pre na\u0161ich z\u00e1kazn\u00edkov v USA: Objedn\u00e1vky sa odosielaj\u00fa DAP (Delivered At Place). Hoci s\u00fa z\u00e1kazn\u00edci zodpovedn\u00ed za zaplatenie v\u0161etk\u00fdch platn\u00fdch tar\u00edf, vyu\u017e\u00edvame na\u0161e bohat\u00e9 sk\u00fasenosti s prepravou zo Spojen\u00e9ho kr\u00e1\u013eovstva, aby sme zabezpe\u010dili, \u017ee zaplat\u00edte \u010do najni\u017e\u0161ie poplatky. Na z\u00e1klade na\u0161ich z\u00e1znamov tieto poplatky zvy\u010dajne nepresahuj\u00fa 10 % hodnoty polo\u017eky.  <\/p>\n<p><strong>Len pre z\u00e1kazn\u00edkov z E\u00da:<\/strong> Expresn\u00e9 DDP (Delivered Duty Paid). To znamen\u00e1: <\/p>\n<ul>\n<li>V\u0161etky cl\u00e1 a dane s\u00fa zahrnut\u00e9 v cene zobrazenej na str\u00e1nke produktu.<\/li>\n<li>Pri doru\u010den\u00ed nemus\u00edte plati\u0165 \u017eiadne \u010fal\u0161ie poplatky.<\/li>\n<li>V zriedkav\u00fdch pr\u00edpadoch probl\u00e9mov s\u00favisiacich s coln\u00fdmi z\u00e1le\u017eitos\u0165ami sa n\u00e1\u0161 t\u00edm postar\u00e1 o coln\u00e9 konanie vo va\u0161om mene, aby sme zabezpe\u010dili bezprobl\u00e9mov\u00e9 doru\u010denie.<\/li>\n<p>D\u00f4le\u017eit\u00e9 inform\u00e1cie o vr\u00e1ten\u00ed tovaru:<\/p>\n<li>Ak sa rozhodnete vr\u00e1ti\u0165 objedn\u00e1vku alebo po\u017eiada\u0165 o vr\u00e1tenie pe\u0148az\u00ed, majte na pam\u00e4ti, \u017ee dane a cl\u00e1 zaplaten\u00e9 vo va\u0161om mene pod\u013ea podmienok DDP nie je mo\u017en\u00e9 vr\u00e1ti\u0165.<\/li>\n<p>Podrobn\u00e9 inform\u00e1cie n\u00e1jdete v na\u0161ich <a href=\"https:\/\/droix.net\/terms-and-conditions\/\" target=\"_blank\" rel=\"nofollow noopener\">zmluvn\u00fdch podmienkach<\/a>.\n<\/ul>\n<p>[\/cg_accordion]\n[cg_accordion title=\"Z\u00c1KAZN\u00cdCKA PODPORA\"]<\/p>\n<p>M\u00e1te ot\u00e1zku? Od vyrie\u0161enia v\u00e1\u0161ho probl\u00e9mu n\u00e1s del\u00ed kr\u00e1tka textov\u00e1 spr\u00e1va! <\/p>\n<p>Podrobn\u00e9 inform\u00e1cie n\u00e1jdete v na\u0161ich <a href=\"https:\/\/gpdstore.net\/terms-of-service\/\" target=\"_blank\" rel=\"nofollow noopener\">zmluvn\u00fdch podmienkach<\/a>.\n<\/ul>\n<p>[\/cg_accordion]\n[cg_accordion title=\"\u010cO JE S\u00da\u010cAS\u0164OU BALENIA\"]<\/p>\n<ul>\n<li>1x Biwin RD510 Mini SSD \u010d\u00edta\u010dka<\/li>\n<\/ul>\n<p>[\/cg_accordion]\n","protected":false},"featured_media":1275848,"template":"","meta":{"_acf_changed":false},"product_brand":[],"product_cat":[5388],"product_tag":[],"woo-feed-brand":[],"class_list":{"0":"post-1275777","1":"product","2":"type-product","3":"status-publish","4":"has-post-thumbnail","6":"product_cat-prislusenstvo","7":"product_shipping_class-low-end","9":"pa_brand-biwin","11":"first","12":"outofstock","13":"sale","14":"taxable","15":"shipping-taxable","16":"purchasable","17":"product-type-simple"},"acf":[],"aioseo_notices":[],"_links":{"self":[{"href":"https:\/\/gpdstore.net\/sk\/wp-json\/wp\/v2\/product\/1275777","targetHints":{"allow":["GET"]}}],"collection":[{"href":"https:\/\/gpdstore.net\/sk\/wp-json\/wp\/v2\/product"}],"about":[{"href":"https:\/\/gpdstore.net\/sk\/wp-json\/wp\/v2\/types\/product"}],"wp:featuredmedia":[{"embeddable":true,"href":"https:\/\/gpdstore.net\/sk\/wp-json\/wp\/v2\/media\/1275848"}],"wp:attachment":[{"href":"https:\/\/gpdstore.net\/sk\/wp-json\/wp\/v2\/media?parent=1275777"}],"wp:term":[{"taxonomy":"product_brand","embeddable":true,"href":"https:\/\/gpdstore.net\/sk\/wp-json\/wp\/v2\/product_brand?post=1275777"},{"taxonomy":"product_cat","embeddable":true,"href":"https:\/\/gpdstore.net\/sk\/wp-json\/wp\/v2\/product_cat?post=1275777"},{"taxonomy":"product_tag","embeddable":true,"href":"https:\/\/gpdstore.net\/sk\/wp-json\/wp\/v2\/product_tag?post=1275777"},{"taxonomy":"woo-feed-brand","embeddable":true,"href":"https:\/\/gpdstore.net\/sk\/wp-json\/wp\/v2\/woo-feed-brand?post=1275777"}],"curies":[{"name":"wp","href":"https:\/\/api.w.org\/{rel}","templated":true}]}}