{"id":1274639,"date":"2025-01-09T09:45:24","date_gmt":"2025-01-09T09:45:24","guid":{"rendered":"https:\/\/gpdstore.net\/product\/pridavne-zariadenie-gpd-win-max-2025-4g-lte\/"},"modified":"2026-03-29T00:40:37","modified_gmt":"2026-03-29T00:40:37","slug":"gpd-win-max-2-2025-4g-lte-add-on","status":"publish","type":"product","link":"https:\/\/gpdstore.net\/sk\/product\/gpd-win-max-2-2025-4g-lte-add-on\/","title":{"rendered":"Pr\u00eddavn\u00e9 zariadenie GPD WIN MAX 2025 4G LTE"},"content":{"rendered":"\n<h2 class=\"wp-block-heading\">Za\u017eite skuto\u010dn\u00fa prenosnos\u0165 s doplnkov\u00fdm modulom 4G LTE pre GPD WIN MAX 2 (2025)<\/h2>\n\n<p>S volite\u013en\u00fdm modulom 4G LTE premen\u00edte svoj <a href=\"https:\/\/gpdstore.net\/gpd-win-max-2-2025-review\/gpd-win-max-2-2025\/\" target=\"_blank\" rel=\"noreferrer noopener\">GPD WIN MAX 2 (2025) na<\/a> dokonal\u00fd prenosn\u00fd hern\u00fd a produkt\u00edvny v\u00fdkon. Modul, ktor\u00fd bol navrhnut\u00fd exkluz\u00edvne pre toto zariadenie, zabezpe\u010duje bezprobl\u00e9mov\u00e9 pripojenie a umo\u017e\u0148uje v\u00e1m by\u0165 online kedyko\u013evek a kdeko\u013evek. <\/p>\n\n<p>Tento modul, navrhnut\u00fd s oh\u013eadom na presnos\u0165 a jednoduch\u00e9 pou\u017e\u00edvanie, podporuje \u0161irok\u00fa \u0161k\u00e1lu siet\u00ed vr\u00e1tane <strong>4G TD-LTE, FDD-LTE a 3G CDMA<\/strong>, \u010d\u00edm pon\u00faka bezkonkuren\u010dn\u00fa v\u0161estrannos\u0165 pre glob\u00e1lnu kompatibilitu. Nie je potrebn\u00e1 \u017eiadna demont\u00e1\u017e ani zlo\u017eit\u00e1 in\u0161tal\u00e1cia &#8211; zadn\u00fd slot pre modul 4G umo\u017e\u0148uje r\u00fdchle a jednoduch\u00e9 nastavenie. <\/p>\n\n<p>\u010ci u\u017e hr\u00e1te hry, pracujete alebo streamujete, modul 4G LTE poskytuje stabiln\u00fd vysokor\u00fdchlostn\u00fd v\u00fdkon, ktor\u00fd sa vyrovn\u00e1 be\u017en\u00fdm notebookom. S t\u00fdmto z\u00e1kladn\u00fdm pr\u00edslu\u0161enstvom si m\u00f4\u017eete u\u017e\u00edva\u0165 nepreru\u0161ovan\u00e9 hranie a produktivitu aj v zlo\u017eit\u00fdch scen\u00e1roch alebo na cest\u00e1ch.<\/p>\n\n<h4 class=\"wp-block-heading\">Vlastnosti:<\/h4>\n\n<ul class=\"wp-block-list\">\n<li><strong>\u00da\u010delov\u00fd dizajn:<\/strong> Vyroben\u00e9 v\u00fdhradne pre GPD WIN MAX 2 (2025), aby sa zabezpe\u010dilo dokonal\u00e9 prisp\u00f4sobenie a bezprobl\u00e9mov\u00e1 funk\u010dnos\u0165.<\/li>\n\n\n\n<li><strong>Spo\u013eahliv\u00e9 pripojenie<\/strong>: Umo\u017e\u0148uje vysokor\u00fdchlostn\u00fd pr\u00edstup 4G LTE, tak\u017ee je ide\u00e1lny na hranie hier, streamovanie a pr\u00e1cu.<\/li>\n\n\n\n<li><strong>Glob\u00e1lna sie\u0165ov\u00e1 podpora<\/strong>: Kompatibilita so sie\u0165ami 4G TD-LTE, FDD-LTE a 3G CDMA pre celosvetov\u00e9 pou\u017eitie.<\/li>\n\n\n\n<li><strong>Jednoduch\u00e1 in\u0161tal\u00e1cia<\/strong>: R\u00fdchle a bezpe\u010dn\u00e9 nastavenie prostredn\u00edctvom zadn\u00e9ho slotu pre modul 4G.<\/li>\n<\/ul>\n\n<h4 class=\"wp-block-heading\">Ozn\u00e1menia:<\/h4>\n\n<ol class=\"wp-block-list\">\n<li>Toto pr\u00edslu\u0161enstvo <strong>nie je kompatibiln\u00e9<\/strong> s predch\u00e1dzaj\u00facimi modelmi radu GPD WIN Max vr\u00e1tane <strong>verzi\u00ed 2024, 2023 a 2021<\/strong>. Je ur\u010den\u00fd v\u00fdlu\u010dne pre model <strong>GPD WIN Max 2 (2025<\/strong>). <\/li>\n\n\n\n<li>Pred n\u00e1kupom skontrolujte rok v\u00fdroby v\u00e1\u0161ho zariadenia, aby ste sa uistili o kompatibilite.<\/li>\n<\/ol>\n","protected":false},"excerpt":{"rendered":"<ul>\n<li>Navrhnut\u00e9 \u0161peci\u00e1lne pre GPD WIN MAX 2 (2025)<\/li>\n<li>Podpora &#8211; 4G TD-LTE, FDD-LTE, 3G CDMA.<\/li>\n<li>Podpora siet\u00ed 4G TD-LTE, FDD-LTE a 3G CDMA<\/li>\n<li>Slot na kartu Nano-SIM na jednoduch\u00e9 pou\u017e\u00edvanie<\/li>\n<li>Model Quectel EG25-G<\/li>\n<\/ul>\n<pre><b>D\u00d4LE\u017dIT\u00c9<\/b>\nIN\u0160TAL\u00c1CIA VY\u017dADUJE OTVORENIE ZARIADENIA\nKOMPONENTY S\u00da MAL\u00c9 A JEMN\u00c9\nNEZODPOVED\u00c1ME ZA \u017dIADNE \u0160KODY SP\u00d4SOBEN\u00c9 Z\u00c1KAZN\u00cdKOM<\/pre>\n[cg_accordion title=\"INFORM\u00c1CIE O PLATBE\"]<\/p>\n<p>Pou\u017e\u00edvame najnov\u0161iu technol\u00f3giu spracovania platieb, ktor\u00e1 v\u00e1m umo\u017e\u0148uje vykona\u0165 platbu prostredn\u00edctvom debetnej\/kreditnej karty alebo slu\u017eby PayPal, aby ste sa c\u00edtili r\u00fdchlo a bezpe\u010dne.[\/cg_accordion]\n[cg_accordion title=\"Z\u00c1RUKA\"]<\/p>\n<p>2 roky z\u00e1ruky od <a href=\"https:\/\/droix.net\/\" target=\"_blank\" rel=\"nofollow noopener\">spolo\u010dnosti DROIX Global pre<\/a> v\u00e1\u0161 pokoj[\/cg_accordion]\n[cg_accordion title=\"ZABEZPE\u010cENIE KVALITY A TESTOVANIE PRED ODOSLAN\u00cdM\"]<\/p>\n<p>Zabezpe\u010denie spokojnosti z\u00e1kazn\u00edkov na najvy\u0161\u0161ej \u00farovni: Pred odoslan\u00edm prech\u00e1dza ka\u017ed\u00e9 zariadenie pr\u00edsnym testovan\u00edm a viacbodovou kontrolou kvality. N\u00e1\u0161 \u0161pecializovan\u00fd t\u00edm overuje v\u00fdkon, funk\u010dnos\u0165 a integritu komponentov, aby sme v\u00e1m zaru\u010dili, \u017ee va\u0161e zariadenie GPD bude pri pr\u00edchode v perfektnom stave, \u010do v\u00e1m poskytne istotu a pokoj. [\/cg_accordion]\n[cg_accordion title=\"CENY, DANE A DOPRAVA\"]<\/p>\n<p><strong><u>Pozn\u00e1mka:<\/u><\/strong><\/p>\n<ul>\n<li>Z\u00e1kazn\u00edci zo Spojen\u00fdch \u0161t\u00e1tov: Z\u00e1kazn\u00edci: Zobrazen\u00e1 cena nezah\u0155\u0148a da\u0148 ani clo. Zodpovednos\u0165 za coln\u00e9 konanie a zaplatenie akejko\u013evek s\u00favisiacej dane\/coln\u00e9ho poplatku nesie z\u00e1kazn\u00edk. <\/li>\n<li>Z\u00e1kazn\u00edci z E\u00da: V zobrazenej cene je zahrnut\u00e1 platn\u00e1 DA\u0147, ktor\u00e1 m\u00f4\u017ee by\u0165 a\u017e 25% v z\u00e1vislosti od va\u0161ej krajiny.<\/li>\n<li>Z\u00e1kazn\u00edci z Kanady: V z\u00e1vislosti od va\u0161ej provincie m\u00f4\u017ee zobrazen\u00e1 cena zah\u0155\u0148a\u0165 pr\u00edslu\u0161n\u00e9 dane, ktor\u00e9 m\u00f4\u017eu zah\u0155\u0148a\u0165 5% GST a \u010fal\u0161ie provin\u010dn\u00e9 dane z predaja (PST), harmonizovan\u00fa da\u0148 z predaja (HST) alebo quebeck\u00fa da\u0148 z predaja (QST).<\/li>\n<\/ul>\n<p>Pre na\u0161ich z\u00e1kazn\u00edkov v USA: Objedn\u00e1vky sa odosielaj\u00fa DAP (Delivered At Place). Hoci s\u00fa z\u00e1kazn\u00edci zodpovedn\u00ed za zaplatenie v\u0161etk\u00fdch platn\u00fdch tar\u00edf, vyu\u017e\u00edvame na\u0161e bohat\u00e9 sk\u00fasenosti s prepravou zo Spojen\u00e9ho kr\u00e1\u013eovstva, aby sme zabezpe\u010dili, \u017ee zaplat\u00edte \u010do najni\u017e\u0161ie poplatky. Na z\u00e1klade na\u0161ich z\u00e1znamov tieto poplatky zvy\u010dajne nepresahuj\u00fa 10 % hodnoty polo\u017eky.  <\/p>\n<p><strong>Len pre z\u00e1kazn\u00edkov z E\u00da:<\/strong> Expresn\u00e9 DDP (Delivered Duty Paid). To znamen\u00e1: <\/p>\n<ul>\n<li>V\u0161etky cl\u00e1 a dane s\u00fa zahrnut\u00e9 v cene zobrazenej na str\u00e1nke produktu.<\/li>\n<li>Pri doru\u010den\u00ed nemus\u00edte plati\u0165 \u017eiadne \u010fal\u0161ie poplatky.<\/li>\n<li>V zriedkav\u00fdch pr\u00edpadoch probl\u00e9mov s\u00favisiacich s coln\u00fdmi z\u00e1le\u017eitos\u0165ami sa n\u00e1\u0161 t\u00edm postar\u00e1 o coln\u00e9 konanie vo va\u0161om mene, aby sme zabezpe\u010dili bezprobl\u00e9mov\u00e9 doru\u010denie.<\/li>\n<p>D\u00f4le\u017eit\u00e9 inform\u00e1cie o vr\u00e1ten\u00ed tovaru:<\/p>\n<li>Ak sa rozhodnete vr\u00e1ti\u0165 objedn\u00e1vku alebo po\u017eiada\u0165 o vr\u00e1tenie pe\u0148az\u00ed, majte na pam\u00e4ti, \u017ee dane a cl\u00e1 zaplaten\u00e9 vo va\u0161om mene pod\u013ea podmienok DDP nie je mo\u017en\u00e9 vr\u00e1ti\u0165.<\/li>\n<p>Podrobn\u00e9 inform\u00e1cie n\u00e1jdete v na\u0161ich <a href=\"https:\/\/droix.net\/terms-and-conditions\/\" target=\"_blank\" rel=\"nofollow noopener\">zmluvn\u00fdch podmienkach<\/a>.\n<\/ul>\n<p>[\/cg_accordion]\n[cg_accordion title=\"Z\u00c1KAZN\u00cdCKA PODPORA\"]<\/p>\n<p>M\u00e1te ot\u00e1zku? Od vyrie\u0161enia v\u00e1\u0161ho probl\u00e9mu n\u00e1s del\u00ed kr\u00e1tka textov\u00e1 spr\u00e1va! <\/p>\n<p>Podrobn\u00e9 inform\u00e1cie n\u00e1jdete v na\u0161ich <a href=\"https:\/\/gpdstore.net\/terms-of-service\/\" target=\"_blank\" rel=\"nofollow noopener\">zmluvn\u00fdch podmienkach<\/a>.\n<\/ul>\n<p>[\/cg_accordion]\n[cg_accordion title=\"\u010cO JE S\u00da\u010cAS\u0164OU BALENIA\"]<\/p>\n<ul>\n<li>1x modul GPD WIN MAX 2 2025 LTE<\/li>\n<\/ul>\n<p>[\/cg_accordion]\n","protected":false},"featured_media":1015,"template":"","meta":{"_acf_changed":false},"product_brand":[],"product_cat":[5388],"product_tag":[15761,6097],"woo-feed-brand":[],"class_list":{"0":"post-1274639","1":"product","2":"type-product","3":"status-publish","4":"has-post-thumbnail","6":"product_cat-prislusenstvo","7":"product_tag-20xmsale-sk-2","8":"product_tag-gpd-wm2-prislusenstvo","9":"product_shipping_class-low-end","10":"pa_accessory-type-doplnky-sk","11":"pa_brand-gpd","13":"first","14":"instock","15":"sale","16":"taxable","17":"shipping-taxable","18":"purchasable","19":"product-type-simple"},"acf":[],"aioseo_notices":[],"_links":{"self":[{"href":"https:\/\/gpdstore.net\/sk\/wp-json\/wp\/v2\/product\/1274639","targetHints":{"allow":["GET"]}}],"collection":[{"href":"https:\/\/gpdstore.net\/sk\/wp-json\/wp\/v2\/product"}],"about":[{"href":"https:\/\/gpdstore.net\/sk\/wp-json\/wp\/v2\/types\/product"}],"wp:featuredmedia":[{"embeddable":true,"href":"https:\/\/gpdstore.net\/sk\/wp-json\/wp\/v2\/media\/1015"}],"wp:attachment":[{"href":"https:\/\/gpdstore.net\/sk\/wp-json\/wp\/v2\/media?parent=1274639"}],"wp:term":[{"taxonomy":"product_brand","embeddable":true,"href":"https:\/\/gpdstore.net\/sk\/wp-json\/wp\/v2\/product_brand?post=1274639"},{"taxonomy":"product_cat","embeddable":true,"href":"https:\/\/gpdstore.net\/sk\/wp-json\/wp\/v2\/product_cat?post=1274639"},{"taxonomy":"product_tag","embeddable":true,"href":"https:\/\/gpdstore.net\/sk\/wp-json\/wp\/v2\/product_tag?post=1274639"},{"taxonomy":"woo-feed-brand","embeddable":true,"href":"https:\/\/gpdstore.net\/sk\/wp-json\/wp\/v2\/woo-feed-brand?post=1274639"}],"curies":[{"name":"wp","href":"https:\/\/api.w.org\/{rel}","templated":true}]}}