{"id":1261215,"date":"2025-10-23T08:14:29","date_gmt":"2025-10-23T08:14:29","guid":{"rendered":"https:\/\/gpdstore.net\/?post_type=product&#038;p=1261215"},"modified":"2026-01-19T14:33:18","modified_gmt":"2026-01-19T14:33:18","slug":"gpd-win-5-battery","status":"publish","type":"product","link":"https:\/\/gpdstore.net\/sk\/product\/gpd-win-5-battery\/","title":{"rendered":"Bat\u00e9ria GPD WIN 5"},"content":{"rendered":"\n<p><strong>Nab\u00edjate\u013en\u00e1 l\u00edtium-i\u00f3nov\u00e1 bat\u00e9ria GPD WIN 5 je<\/strong> z\u00e1kladn\u00fdm pr\u00edslu\u0161enstvom ur\u010den\u00fdm na maximaliz\u00e1ciu \u010dasu hrania prenosn\u00e9ho hern\u00e9ho po\u010d\u00edta\u010da GPD WIN 5. T\u00e1to origin\u00e1lna 80Wh extern\u00e1 bat\u00e9ria, navrhnut\u00e1 pre vysok\u00fd v\u00fdkon a bezprobl\u00e9mov\u00fa integr\u00e1ciu, v\u00e1m umo\u017en\u00ed odpoji\u0165 sa od elektrickej siete a hra\u0165 \u0161pi\u010dkov\u00e9 po\u010d\u00edta\u010dov\u00e9 hry na cest\u00e1ch.<\/p>\n\n<hr class=\"wp-block-separator has-alpha-channel-opacity\"\/>\n\n<h3 class=\"wp-block-heading\">K\u013e\u00fa\u010dov\u00e9 vlastnosti:<\/h3>\n\n<p>\ud83d\udd0b Roz\u0161\u00edren\u00e1 kapacita 80,04Wh<\/p>\n\n<p>T\u00e1to bat\u00e9ria s ve\u013ekou menovitou energiou 80,04 Wh a menovitou kapacitou 5170 mAh poskytuje v\u00fdznamn\u00fa dobu prev\u00e1dzky, v\u010faka \u010domu si m\u00f4\u017eete u\u017e\u00edva\u0165 dlh\u0161ie hern\u00e9 rel\u00e1cie mimo elektrickej z\u00e1suvky.<\/p>\n\n<p>\u26a1 Vysok\u00fd v\u00fdkon<\/p>\n\n<p>S menovit\u00fdm nap\u00e4t\u00edm 15,48 V a obmedzen\u00fdm nab\u00edjac\u00edm nap\u00e4t\u00edm 17,80 V je tento 4-\u010dl\u00e1nkov\u00fd l\u00edtium-i\u00f3nov\u00fd akumul\u00e1tor skon\u0161truovan\u00fd tak, aby zvl\u00e1dol n\u00e1ro\u010dn\u00fd odber energie v\u00fdkonn\u00e9ho APU AMD Strix Halo v po\u010d\u00edta\u010di GPD WIN 5.<\/p>\n\n<p>\ud83d\udd04 R\u00fdchlo pripojite\u013en\u00fd modul\u00e1rny dizajn<\/p>\n\n<p>Bat\u00e9ria je vybaven\u00e1 patentovan\u00fdm r\u00fdchloup\u00ednac\u00edm mechanizmom, ktor\u00fd sa \u013eahko a bezpe\u010dne pripne na zadn\u00fa stranu vreckov\u00e9ho po\u010d\u00edta\u010da GPD WIN 5 (ako je zn\u00e1zornen\u00e9 na obr\u00e1zku), v\u010faka \u010domu je modul\u00e1rna a mo\u017eno ju vymeni\u0165 za prev\u00e1dzky s n\u00e1hradnou.<\/p>\n\n<p>\ud83d\udcaa Ergonomick\u00e9 a integrovan\u00e9<\/p>\n\n<p>Bat\u00e9riov\u00fd blok je navrhnut\u00fd tak, aby sa dokonale integroval do \u0161asi GPD WIN 5. Zachov\u00e1va tvar vreckov\u00e9ho zariadenia a z\u00e1rove\u0148 prid\u00e1va potrebn\u00fd ergonomick\u00fd \u00fachop a zdroj energie.<\/p>\n\n<p>\ud83d\udd0c Origin\u00e1lne pr\u00edslu\u0161enstvo GPD<\/p>\n\n<p>Toto je ofici\u00e1lny l\u00edtium-i\u00f3nov\u00fd akumul\u00e1tor GPD (model: 5.054BAG, model: 4ICP 77\/48\/100), ktor\u00fd zaru\u010duje dokonal\u00fa kompatibilitu, bezpe\u010dnos\u0165 a optim\u00e1lny v\u00fdkon s va\u0161\u00edm GPD WIN 5.<\/p>\n\n<hr class=\"wp-block-separator has-alpha-channel-opacity\"\/>\n\n<h3 class=\"wp-block-heading\">\u0160pecifik\u00e1cie:<\/h3>\n\n<figure class=\"wp-block-table\"><table class=\"has-fixed-layout\"><thead><tr><td><strong>Detail<\/strong><\/td><td><strong>\u0160pecifik\u00e1cia<\/strong><\/td><\/tr><\/thead><tbody><tr><td><strong>Model<\/strong><\/td><td>5.054BAG (4ICP 77\/48\/100)<\/td><\/tr><tr><td><strong>Typ bat\u00e9rie<\/strong><\/td><td>Nab\u00edjate\u013en\u00e1 l\u00edtium-i\u00f3nov\u00e1 bat\u00e9ria<\/td><\/tr><tr><td><strong>Hodnoten\u00e1 energia<\/strong><\/td><td>80,04 Wh<\/td><\/tr><tr><td><strong>Menovit\u00e1 kapacita<\/strong><\/td><td>5170 mAh<\/td><\/tr><tr><td><strong>Menovit\u00e9 nap\u00e4tie<\/strong><\/td><td>15.48 V<\/td><\/tr><tr><td><strong>Obmedzen\u00e9 nab\u00edjacie nap\u00e4tie<\/strong><\/td><td>17.80 V<\/td><\/tr><tr><td><strong>Kompatibilita<\/strong><\/td><td>Prenosn\u00fd hern\u00fd po\u010d\u00edta\u010d GPD WIN 5<\/td><\/tr><\/tbody><\/table><\/figure>\n","protected":false},"excerpt":{"rendered":"<ul>\n<li><strong>80,04Wh Kapacita:<\/strong> Poskytuje pred\u013a\u017een\u00fd \u010das hrania prenosn\u00fdch hier s vysok\u00fdm v\u00fdkonom.<\/li>\n<li><strong>5170 mAh Menovit\u00e1 kapacita:<\/strong> Zabezpe\u010duje dlhotrvaj\u00face a spo\u013eahliv\u00e9 pou\u017e\u00edvanie na cest\u00e1ch.<\/li>\n<li><strong>Modul\u00e1rny dizajn:<\/strong> R\u00fdchloup\u00ednac\u00ed mechanizmus na jednoduch\u00fa v\u00fdmenu a demont\u00e1\u017e.<\/li>\n<li><strong>Vysokonap\u00e4\u0165ov\u00e9 nap\u00e1janie: Vytvoren\u00e9<\/strong> na podporu v\u00fdkonn\u00e9ho APU GPD WIN 5.<\/li>\n<li><strong>Ofici\u00e1lne pr\u00edslu\u0161enstvo GPD:<\/strong> Zaru\u010duje dokonal\u00e9 prisp\u00f4sobenie, kompatibilitu a bezpe\u010dnos\u0165.<\/li>\n<\/ul>\n<pre><b>Polo\u017eka na predobjedn\u00e1vku<\/b>\nPredpokladan\u00fd d\u00e1tum vydania:\n<ul>\n<li>2. febru\u00e1ra 2026<\/li><\/pre>\n<\/ul>\n[cg_accordion title=\"INFORM\u00c1CIE O PLATBE\"]<\/p>\n<p>Pou\u017e\u00edvame najnov\u0161iu technol\u00f3giu spracovania platieb, ktor\u00e1 v\u00e1m umo\u017e\u0148uje vykona\u0165 platbu prostredn\u00edctvom debetnej\/kreditnej karty alebo slu\u017eby PayPal, aby ste sa c\u00edtili r\u00fdchlo a bezpe\u010dne.[\/cg_accordion]\n[cg_accordion title=\"Z\u00c1RUKA\"]<\/p>\n<p>2 roky z\u00e1ruky od <a href=\"https:\/\/droix.net\/\" target=\"_blank\" rel=\"nofollow noopener\">spolo\u010dnosti DROIX Global pre<\/a> v\u00e1\u0161 pokoj[\/cg_accordion]\n[cg_accordion title=\"ZABEZPE\u010cENIE KVALITY A TESTOVANIE PRED ODOSLAN\u00cdM\"]<\/p>\n<p>Zabezpe\u010denie spokojnosti z\u00e1kazn\u00edkov na najvy\u0161\u0161ej \u00farovni: Pred odoslan\u00edm prech\u00e1dza ka\u017ed\u00e9 zariadenie pr\u00edsnym testovan\u00edm a viacbodovou kontrolou kvality. N\u00e1\u0161 \u0161pecializovan\u00fd t\u00edm overuje v\u00fdkon, funk\u010dnos\u0165 a integritu komponentov, aby sme v\u00e1m zaru\u010dili, \u017ee va\u0161e zariadenie GPD bude pri pr\u00edchode v perfektnom stave, \u010do v\u00e1m poskytne istotu a pokoj. [\/cg_accordion]\n[cg_accordion title=\"CENY, DANE A DOPRAVA\"]<\/p>\n<p><strong><u>Pozn\u00e1mka:<\/u><\/strong><\/p>\n<ul>\n<li>Z\u00e1kazn\u00edci zo Spojen\u00fdch \u0161t\u00e1tov: Z\u00e1kazn\u00edci: Zobrazen\u00e1 cena nezah\u0155\u0148a da\u0148 ani clo. Zodpovednos\u0165 za coln\u00e9 konanie a zaplatenie akejko\u013evek s\u00favisiacej dane\/coln\u00e9ho poplatku nesie z\u00e1kazn\u00edk. <\/li>\n<li>Z\u00e1kazn\u00edci z E\u00da: V zobrazenej cene je zahrnut\u00e1 platn\u00e1 DA\u0147, ktor\u00e1 m\u00f4\u017ee by\u0165 a\u017e 25% v z\u00e1vislosti od va\u0161ej krajiny.<\/li>\n<li>Z\u00e1kazn\u00edci z Kanady: V z\u00e1vislosti od va\u0161ej provincie m\u00f4\u017ee zobrazen\u00e1 cena zah\u0155\u0148a\u0165 pr\u00edslu\u0161n\u00e9 dane, ktor\u00e9 m\u00f4\u017eu zah\u0155\u0148a\u0165 5% GST a \u010fal\u0161ie provin\u010dn\u00e9 dane z predaja (PST), harmonizovan\u00fa da\u0148 z predaja (HST) alebo quebeck\u00fa da\u0148 z predaja (QST).<\/li>\n<\/ul>\n<p>Pre na\u0161ich z\u00e1kazn\u00edkov v USA: Objedn\u00e1vky sa odosielaj\u00fa DAP (Delivered At Place). Hoci s\u00fa z\u00e1kazn\u00edci zodpovedn\u00ed za zaplatenie v\u0161etk\u00fdch platn\u00fdch tar\u00edf, vyu\u017e\u00edvame na\u0161e bohat\u00e9 sk\u00fasenosti s prepravou zo Spojen\u00e9ho kr\u00e1\u013eovstva, aby sme zabezpe\u010dili, \u017ee zaplat\u00edte \u010do najni\u017e\u0161ie poplatky. Na z\u00e1klade na\u0161ich z\u00e1znamov tieto poplatky zvy\u010dajne nepresahuj\u00fa 10 % hodnoty polo\u017eky.  <\/p>\n<p><strong>Len pre z\u00e1kazn\u00edkov z E\u00da:<\/strong> Expresn\u00e9 DDP (Delivered Duty Paid). To znamen\u00e1: <\/p>\n<ul>\n<li>V\u0161etky cl\u00e1 a dane s\u00fa zahrnut\u00e9 v cene zobrazenej na str\u00e1nke produktu.<\/li>\n<li>Pri doru\u010den\u00ed nemus\u00edte plati\u0165 \u017eiadne \u010fal\u0161ie poplatky.<\/li>\n<li>V zriedkav\u00fdch pr\u00edpadoch probl\u00e9mov s\u00favisiacich s coln\u00fdmi z\u00e1le\u017eitos\u0165ami sa n\u00e1\u0161 t\u00edm postar\u00e1 o coln\u00e9 konanie vo va\u0161om mene, aby sme zabezpe\u010dili bezprobl\u00e9mov\u00e9 doru\u010denie.<\/li>\n<p>D\u00f4le\u017eit\u00e9 inform\u00e1cie o vr\u00e1ten\u00ed tovaru:<\/p>\n<li>Ak sa rozhodnete vr\u00e1ti\u0165 objedn\u00e1vku alebo po\u017eiada\u0165 o vr\u00e1tenie pe\u0148az\u00ed, majte na pam\u00e4ti, \u017ee dane a cl\u00e1 zaplaten\u00e9 vo va\u0161om mene pod\u013ea podmienok DDP nie je mo\u017en\u00e9 vr\u00e1ti\u0165.<\/li>\n<p>Podrobn\u00e9 inform\u00e1cie n\u00e1jdete v na\u0161ich <a href=\"https:\/\/droix.net\/terms-and-conditions\/\" target=\"_blank\" rel=\"nofollow noopener\">zmluvn\u00fdch podmienkach<\/a>.\n<\/ul>\n<p>[\/cg_accordion]\n[cg_accordion title=\"Z\u00c1KAZN\u00cdCKA PODPORA\"]<\/p>\n<p>M\u00e1te ot\u00e1zku? Od vyrie\u0161enia v\u00e1\u0161ho probl\u00e9mu n\u00e1s del\u00ed kr\u00e1tka textov\u00e1 spr\u00e1va! <\/p>\n<p>Podrobn\u00e9 inform\u00e1cie n\u00e1jdete v na\u0161ich <a href=\"https:\/\/gpdstore.net\/sk\/terms-of-service\/\" target=\"_blank\" rel=\"nofollow noopener\">zmluvn\u00fdch podmienkach<\/a>.\n<\/ul>\n<p>[\/cg_accordion]\n[cg_accordion title=\"\u010cO JE S\u00da\u010cAS\u0164OU BALENIA\"]<\/p>\n<ul>\n<li>1x bat\u00e9ria GPD WIN 5<\/li>\n<\/ul>\n<p>[\/cg_accordion]\n","protected":false},"featured_media":1261227,"template":"","meta":{"_acf_changed":false},"product_brand":[],"product_cat":[5388],"product_tag":[],"woo-feed-brand":[5731],"class_list":{"0":"post-1261215","1":"product","2":"type-product","3":"status-publish","4":"has-post-thumbnail","6":"product_cat-prislusenstvo","7":"product_shipping_class-low-end","8":"pa_accessory-type-doplnky-sk","9":"pa_brand-gpd","10":"woo-feed-brand-gpd-sk","12":"first","13":"instock","14":"taxable","15":"shipping-taxable","16":"purchasable","17":"product-type-variable","18":"has-default-attributes"},"acf":[],"aioseo_notices":[],"_links":{"self":[{"href":"https:\/\/gpdstore.net\/sk\/wp-json\/wp\/v2\/product\/1261215","targetHints":{"allow":["GET"]}}],"collection":[{"href":"https:\/\/gpdstore.net\/sk\/wp-json\/wp\/v2\/product"}],"about":[{"href":"https:\/\/gpdstore.net\/sk\/wp-json\/wp\/v2\/types\/product"}],"wp:featuredmedia":[{"embeddable":true,"href":"https:\/\/gpdstore.net\/sk\/wp-json\/wp\/v2\/media\/1261227"}],"wp:attachment":[{"href":"https:\/\/gpdstore.net\/sk\/wp-json\/wp\/v2\/media?parent=1261215"}],"wp:term":[{"taxonomy":"product_brand","embeddable":true,"href":"https:\/\/gpdstore.net\/sk\/wp-json\/wp\/v2\/product_brand?post=1261215"},{"taxonomy":"product_cat","embeddable":true,"href":"https:\/\/gpdstore.net\/sk\/wp-json\/wp\/v2\/product_cat?post=1261215"},{"taxonomy":"product_tag","embeddable":true,"href":"https:\/\/gpdstore.net\/sk\/wp-json\/wp\/v2\/product_tag?post=1261215"},{"taxonomy":"woo-feed-brand","embeddable":true,"href":"https:\/\/gpdstore.net\/sk\/wp-json\/wp\/v2\/woo-feed-brand?post=1261215"}],"curies":[{"name":"wp","href":"https:\/\/api.w.org\/{rel}","templated":true}]}}