{"id":1258319,"date":"2025-10-21T14:46:01","date_gmt":"2025-10-21T14:46:01","guid":{"rendered":"https:\/\/gpdstore.net\/product\/dokovacia-stanica-gpd-win-5\/"},"modified":"2026-01-19T15:13:13","modified_gmt":"2026-01-19T15:13:13","slug":"gpd-win-5-docking-station","status":"publish","type":"product","link":"https:\/\/gpdstore.net\/sk\/product\/gpd-win-5-docking-station\/","title":{"rendered":"Dokovacia stanica GPD WIN 5"},"content":{"rendered":"\n<p><strong>Dokovacia stanica GPD WIN 5 (<\/strong> \u010dasto ozna\u010dovan\u00e1 ako Smart Dock) je z\u00e1kladn\u00fd stoln\u00fd rozbo\u010dova\u010d navrhnut\u00fd tak, aby naplno rozvinul potenci\u00e1l v\u00e1\u0161ho <a href=\"https:\/\/gpdstore.net\/sk\/product\/gpd-win-5\/\" target=\"_blank\" rel=\"noopener\" title=\"\">vreckov\u00e9ho hern\u00e9ho po\u010d\u00edta\u010da GPD WIN 5 .<\/a> Jedn\u00fdm jednoduch\u00fdm pripojen\u00edm premen\u00edte svoj prenosn\u00fd v\u00fdkonn\u00fd po\u010d\u00edta\u010d na kompletn\u00fa zostavu na hranie hier a produktivitu, \u010d\u00edm zabezpe\u010d\u00edte maxim\u00e1lny v\u00fdkon a bezprobl\u00e9mov\u00fa integr\u00e1ciu perif\u00e9rnych zariaden\u00ed.<\/p>\n\n<hr class=\"wp-block-separator has-alpha-channel-opacity\"\/>\n\n<h2 class=\"wp-block-heading\">K\u013e\u00fa\u010dov\u00e9 vlastnosti:<\/h2>\n\n<p>\u26a1 Maxim\u00e1lne <strong>nap\u00e1janie pre \u0161pi\u010dkov\u00fd v\u00fdkon Dokovacia stanica je<\/strong> navrhnut\u00e1 tak, aby sa dala pripoji\u0165 k \u0161peci\u00e1lnemu nap\u00e1jaciemu portu zariadenia GPD WIN 5 a umo\u017enila mu vyu\u017e\u00edva\u0165 pln\u00fd v\u00fdkon 100 W z nab\u00edja\u010dky. To umo\u017e\u0148uje vysokov\u00fdkonn\u00e9mu APU Strix Halo udr\u017eiava\u0165 jeho maxim\u00e1lne TDP pre sn\u00edmkov\u00fa frekvenciu desktopovej triedy bez tepeln\u00e9ho \u0161krtenia. <\/p>\n\n<p>\ud83d\udcbb Okam\u017eit\u00e1 <strong>premena stoln\u00e9ho po\u010d\u00edta\u010da Jednoduch\u00fdm pripojen\u00edm k doku<\/strong> GPD WIN 5 sa okam\u017eite pripoj\u00edte ku v\u0161etk\u00fdm perif\u00e9rnym zariadeniam stoln\u00e9ho po\u010d\u00edta\u010da.<sup><\/sup> Preme\u0148te svoju prenosn\u00fa konzolu na plnohodnotn\u00fd po\u010d\u00edta\u010d s Windows 11, pripraven\u00fd na s\u00fa\u0165a\u017en\u00e9 hranie, pr\u00e1cu alebo konzum\u00e1ciu m\u00e9di\u00ed.<sup><\/sup><\/p>\n\n<p>\ud83d\udda5\ufe0f <strong>Vysokor\u00fdchlostn\u00fd v\u00fdstup na displej 4K V\u010faka<\/strong> \u0161peci\u00e1lnemu <strong>portu HDMI 2.1<\/strong> dok\u00e1\u017ee <strong>dokovacia stanica Smart Dock<\/strong> pren\u00e1\u0161a\u0165 rozl\u00ed\u0161enie a\u017e 4K <strong>pri <sup><\/sup>144<\/strong> Hz na extern\u00fd hern\u00fd monitor alebo telev\u00edzor, \u010d\u00edm poskytuje maslovo hladk\u00fd a vysoko vern\u00fd z\u00e1\u017eitok, ktor\u00fd sa vyrovn\u00e1 tradi\u010dn\u00fdm stoln\u00fdm po\u010d\u00edta\u010dom.<sup><\/sup><\/p>\n\n<p><strong>\ud83d\udd0c Komplexn\u00e9 roz\u0161\u00edrenie vstupov a v\u00fdstupov V\u00fdrazne<\/strong> roz\u0161\u00edri mo\u017enosti pripojenia, aby si mohol pripoji\u0165 v\u0161etky svoje hern\u00e9 a pracovn\u00e9 zariadenia:<\/p>\n\n<ul class=\"wp-block-list\">\n<li><strong>1x port HDMI 2.1:<\/strong> Na v\u00fdstup displeja s vysok\u00fdm rozl\u00ed\u0161en\u00edm a vysokou obnovovacou frekvenciou.<\/li>\n\n\n\n<li><strong>3x porty USB typu A:<\/strong> Pripojte extern\u00e9 kl\u00e1vesnice, my\u0161i, flash disky a in\u00e9 perif\u00e9rne zariadenia.<\/li>\n\n\n\n<li><strong>1x ethernetov\u00fd port (RJ45):<\/strong> Zabezpe\u010duje stabiln\u00e9 k\u00e1blov\u00e9 pripojenie s n\u00edzkou latenciou pre s\u00fa\u0165a\u017en\u00e9 online hry.<\/li>\n\n\n\n<li><strong>1x port USB typu C:<\/strong> Pre d\u00e1tov\u00e9 alebo \u010fal\u0161ie perif\u00e9rne pripojenia.<\/li>\n<\/ul>\n\n<p>\ud83d\udd0b <strong>Inteligentn\u00e1 kol\u00edska<\/strong> &#8220;v\u0161etko v jednom&#8221; <strong>Jedine\u010dn\u00e1 kon\u0161trukcia<\/strong> sl\u00fa\u017ei ako bezpe\u010dn\u00fd stojan a nap\u00e1jac\u00ed rozbo\u010dova\u010d. Poskytuje stabiln\u00e9, vzpriamen\u00e9 miesto na odpo\u010dinok pre v\u00e1\u0161 GPD WIN 5 a z\u00e1rove\u0148 akt\u00edvne nab\u00edja syst\u00e9m a poskytuje potrebn\u00fa energiu na trval\u00e9 hranie hier s vysok\u00fdm v\u00fdkonom. <\/p>\n\n<h2 class=\"wp-block-heading\">Pre\u010do si vybra\u0165 dokovaciu stanicu GPD WIN 5?<\/h2>\n\n<p>Zariadenie GPD WIN 5 je skon\u0161truovan\u00e9 ako n\u00e1hrada stoln\u00e9ho po\u010d\u00edta\u010da a t\u00e1to inteligentn\u00e1 dokovacia stanica je jeho most\u00edkom. Eliminuje neporiadok v k\u00e1bloch a z\u00e1rove\u0148 zabezpe\u010duje, aby v\u00e1\u0161 v\u00fdkonn\u00fd \u010dip Strix Halo dostal pln\u00fd v\u00fdkon 100 W, ktor\u00fd potrebuje na zabezpe\u010denie v\u00fdkonu triedy RTX 4060 na ve\u013ekej obrazovke. Je to z\u00e1kladn\u00e9 pr\u00edslu\u0161enstvo pre dokonal\u00fd z\u00e1\u017eitok z hrania stolov\u00fdch hier typu plug-and-play. <\/p>\n\n<hr class=\"wp-block-separator has-alpha-channel-opacity\"\/>\n\n<h3 class=\"wp-block-heading\">\u0160pecifik\u00e1cie:<\/h3>\n\n<figure class=\"wp-block-table\"><table class=\"has-fixed-layout\"><thead><tr><td>Detail<\/td><td>\u0160pecifik\u00e1cia<\/td><\/tr><\/thead><tbody><tr><td><strong>Kompatibilita<\/strong><\/td><td>Prenosn\u00fd hern\u00fd po\u010d\u00edta\u010d GPD WIN 5<\/td><\/tr><tr><td><strong>V\u00fdstup videa<\/strong><\/td><td>1\u00d7HDMI 2.1 (do 4K @144 Hz)<\/td><\/tr><tr><td><strong>Porty USB<\/strong><\/td><td>3\u00d7USB typu A, 1\u00d7USB typu C<\/td><\/tr><tr><td><strong>Sie\u0165<\/strong><\/td><td>1\u00d7 Ethernetov\u00fd port (RJ45)<\/td><\/tr><tr><td><strong>Pr\u00edkon<\/strong><\/td><td>Barelov\u00e1 z\u00e1suvka (ur\u010den\u00e1 pre 100 W GPD WIN 5 nab\u00edja\u010dku)<\/td><\/tr><tr><td><strong>Funkcia<\/strong><\/td><td>Dokovanie, nab\u00edjanie, v\u00fdstup na displej, stojan<\/td><\/tr><\/tbody><\/table><\/figure>\n\n<p><\/p>\n","protected":false},"excerpt":{"rendered":"<ul>\n<li><strong>180 W priepustn\u00fd v\u00fdkon:<\/strong> Dod\u00e1va maxim\u00e1lny v\u00fdkon pre \u0161pi\u010dkov\u00fd v\u00fdkon.<\/li>\n<li><strong>Re\u017eim pracovnej plochy:<\/strong> Okam\u017eite premen\u00ed vreckov\u00fd po\u010d\u00edta\u010d na plnohodnotn\u00fd stoln\u00fd po\u010d\u00edta\u010d.<\/li>\n<li><strong>Zobrazenie 4K Out:<\/strong> Je vybaven\u00fd rozhran\u00edm HDMI 2.1 pre extern\u00e9 monitory s vysok\u00fdm rozl\u00ed\u0161en\u00edm.<\/li>\n<li><strong>Dr\u00f4tov\u00e9 hry:<\/strong> Obsahuje ethernetov\u00fd port pre stabiln\u00e9 online hranie bez oneskorenia.<\/li>\n<li><strong>Ofici\u00e1lna v\u00fdbava:<\/strong> Pr\u00edslu\u0161enstvo GPD navrhnut\u00e9 na mieru pre WIN 5.<\/li>\n<\/ul>\n[cg_accordion title=\"INFORM\u00c1CIE O PLATBE\"]<\/p>\n<p>Pou\u017e\u00edvame najnov\u0161iu technol\u00f3giu spracovania platieb, ktor\u00e1 v\u00e1m umo\u017e\u0148uje vykona\u0165 platbu prostredn\u00edctvom debetnej\/kreditnej karty alebo slu\u017eby PayPal, aby ste sa c\u00edtili r\u00fdchlo a bezpe\u010dne.[\/cg_accordion]\n[cg_accordion title=\"Z\u00c1RUKA\"]<\/p>\n<p>2 roky z\u00e1ruky od <a href=\"https:\/\/droix.net\/\" target=\"_blank\" rel=\"nofollow noopener\">spolo\u010dnosti DROIX Global pre<\/a> v\u00e1\u0161 pokoj[\/cg_accordion]\n[cg_accordion title=\"ZABEZPE\u010cENIE KVALITY A TESTOVANIE PRED ODOSLAN\u00cdM\"]<\/p>\n<p>Zabezpe\u010denie spokojnosti z\u00e1kazn\u00edkov na najvy\u0161\u0161ej \u00farovni: Pred odoslan\u00edm prech\u00e1dza ka\u017ed\u00e9 zariadenie pr\u00edsnym testovan\u00edm a viacbodovou kontrolou kvality. N\u00e1\u0161 \u0161pecializovan\u00fd t\u00edm overuje v\u00fdkon, funk\u010dnos\u0165 a integritu komponentov, aby sme v\u00e1m zaru\u010dili, \u017ee va\u0161e zariadenie GPD bude pri pr\u00edchode v perfektnom stave, \u010do v\u00e1m poskytne istotu a pokoj. [\/cg_accordion]\n[cg_accordion title=\"CENY, DANE A DOPRAVA\"]<\/p>\n<p><strong><u>Pozn\u00e1mka:<\/u><\/strong><\/p>\n<ul>\n<li>Z\u00e1kazn\u00edci zo Spojen\u00fdch \u0161t\u00e1tov: Z\u00e1kazn\u00edci: Zobrazen\u00e1 cena nezah\u0155\u0148a da\u0148 ani clo. Zodpovednos\u0165 za coln\u00e9 konanie a zaplatenie akejko\u013evek s\u00favisiacej dane\/coln\u00e9ho poplatku nesie z\u00e1kazn\u00edk. <\/li>\n<li>Z\u00e1kazn\u00edci z E\u00da: V zobrazenej cene je zahrnut\u00e1 platn\u00e1 DA\u0147, ktor\u00e1 m\u00f4\u017ee by\u0165 a\u017e 25% v z\u00e1vislosti od va\u0161ej krajiny.<\/li>\n<li>Z\u00e1kazn\u00edci z Kanady: V z\u00e1vislosti od va\u0161ej provincie m\u00f4\u017ee zobrazen\u00e1 cena zah\u0155\u0148a\u0165 pr\u00edslu\u0161n\u00e9 dane, ktor\u00e9 m\u00f4\u017eu zah\u0155\u0148a\u0165 5% GST a \u010fal\u0161ie provin\u010dn\u00e9 dane z predaja (PST), harmonizovan\u00fa da\u0148 z predaja (HST) alebo quebeck\u00fa da\u0148 z predaja (QST).<\/li>\n<\/ul>\n<p>Pre na\u0161ich z\u00e1kazn\u00edkov v USA: Objedn\u00e1vky sa odosielaj\u00fa DAP (Delivered At Place). Hoci s\u00fa z\u00e1kazn\u00edci zodpovedn\u00ed za zaplatenie v\u0161etk\u00fdch platn\u00fdch tar\u00edf, vyu\u017e\u00edvame na\u0161e bohat\u00e9 sk\u00fasenosti s prepravou zo Spojen\u00e9ho kr\u00e1\u013eovstva, aby sme zabezpe\u010dili, \u017ee zaplat\u00edte \u010do najni\u017e\u0161ie poplatky. Na z\u00e1klade na\u0161ich z\u00e1znamov tieto poplatky zvy\u010dajne nepresahuj\u00fa 10 % hodnoty polo\u017eky.  <\/p>\n<p><strong>Len pre z\u00e1kazn\u00edkov z E\u00da:<\/strong> Expresn\u00e9 DDP (Delivered Duty Paid). To znamen\u00e1: <\/p>\n<ul>\n<li>V\u0161etky cl\u00e1 a dane s\u00fa zahrnut\u00e9 v cene zobrazenej na str\u00e1nke produktu.<\/li>\n<li>Pri doru\u010den\u00ed nemus\u00edte plati\u0165 \u017eiadne \u010fal\u0161ie poplatky.<\/li>\n<li>V zriedkav\u00fdch pr\u00edpadoch probl\u00e9mov s\u00favisiacich s coln\u00fdmi z\u00e1le\u017eitos\u0165ami sa n\u00e1\u0161 t\u00edm postar\u00e1 o coln\u00e9 konanie vo va\u0161om mene, aby sme zabezpe\u010dili bezprobl\u00e9mov\u00e9 doru\u010denie.<\/li>\n<p>D\u00f4le\u017eit\u00e9 inform\u00e1cie o vr\u00e1ten\u00ed tovaru:<\/p>\n<li>Ak sa rozhodnete vr\u00e1ti\u0165 objedn\u00e1vku alebo po\u017eiada\u0165 o vr\u00e1tenie pe\u0148az\u00ed, majte na pam\u00e4ti, \u017ee dane a cl\u00e1 zaplaten\u00e9 vo va\u0161om mene pod\u013ea podmienok DDP nie je mo\u017en\u00e9 vr\u00e1ti\u0165.<\/li>\n<p>Podrobn\u00e9 inform\u00e1cie n\u00e1jdete v na\u0161ich <a href=\"https:\/\/droix.net\/terms-and-conditions\/\" target=\"_blank\" rel=\"nofollow noopener\">zmluvn\u00fdch podmienkach<\/a>.\n<\/ul>\n<p>[\/cg_accordion]\n[cg_accordion title=\"Z\u00c1KAZN\u00cdCKA PODPORA\"]<\/p>\n<p>M\u00e1te ot\u00e1zku? Od vyrie\u0161enia v\u00e1\u0161ho probl\u00e9mu n\u00e1s del\u00ed kr\u00e1tka textov\u00e1 spr\u00e1va! <\/p>\n<p>Podrobn\u00e9 inform\u00e1cie n\u00e1jdete v na\u0161ich <a href=\"https:\/\/gpdstore.net\/sk\/terms-of-service\/\" target=\"_blank\" rel=\"nofollow noopener\">zmluvn\u00fdch podmienkach<\/a>.\n<\/ul>\n<p>[\/cg_accordion]\n[cg_accordion title=\"\u010cO JE S\u00da\u010cAS\u0164OU BALENIA\"]<\/p>\n<ul>\n<li>1x ofici\u00e1lna dokovacia stanica GPD WIN 5<\/li>\n<\/ul>\n<p>[\/cg_accordion]\n","protected":false},"featured_media":1261033,"template":"","meta":{"_acf_changed":false},"product_brand":[],"product_cat":[5388],"product_tag":[],"woo-feed-brand":[],"class_list":{"0":"post-1258319","1":"product","2":"type-product","3":"status-publish","4":"has-post-thumbnail","6":"product_cat-prislusenstvo","7":"product_shipping_class-low-end","8":"product_shipping_class-premium","9":"pa_accessory-type-dokovacia-stanica","10":"pa_brand-gpd","12":"first","13":"instock","14":"taxable","15":"shipping-taxable","16":"purchasable","17":"product-type-variable","18":"has-default-attributes"},"acf":[],"aioseo_notices":[],"_links":{"self":[{"href":"https:\/\/gpdstore.net\/sk\/wp-json\/wp\/v2\/product\/1258319","targetHints":{"allow":["GET"]}}],"collection":[{"href":"https:\/\/gpdstore.net\/sk\/wp-json\/wp\/v2\/product"}],"about":[{"href":"https:\/\/gpdstore.net\/sk\/wp-json\/wp\/v2\/types\/product"}],"wp:featuredmedia":[{"embeddable":true,"href":"https:\/\/gpdstore.net\/sk\/wp-json\/wp\/v2\/media\/1261033"}],"wp:attachment":[{"href":"https:\/\/gpdstore.net\/sk\/wp-json\/wp\/v2\/media?parent=1258319"}],"wp:term":[{"taxonomy":"product_brand","embeddable":true,"href":"https:\/\/gpdstore.net\/sk\/wp-json\/wp\/v2\/product_brand?post=1258319"},{"taxonomy":"product_cat","embeddable":true,"href":"https:\/\/gpdstore.net\/sk\/wp-json\/wp\/v2\/product_cat?post=1258319"},{"taxonomy":"product_tag","embeddable":true,"href":"https:\/\/gpdstore.net\/sk\/wp-json\/wp\/v2\/product_tag?post=1258319"},{"taxonomy":"woo-feed-brand","embeddable":true,"href":"https:\/\/gpdstore.net\/sk\/wp-json\/wp\/v2\/woo-feed-brand?post=1258319"}],"curies":[{"name":"wp","href":"https:\/\/api.w.org\/{rel}","templated":true}]}}