{"id":120409,"date":"2024-07-12T09:49:06","date_gmt":"2024-07-12T09:49:06","guid":{"rendered":"https:\/\/gpdstore.net\/nezaraden\u00e9\/156%e2%80%b3-prenosny-monitor-4k-s-technologiou-adobe-rgb\/"},"modified":"2025-12-23T10:15:52","modified_gmt":"2025-12-23T10:15:52","slug":"15-6-4k-portable-monitor-with-adobe-rgb","status":"publish","type":"product","link":"https:\/\/gpdstore.net\/sk\/product\/15-6-4k-portable-monitor-with-adobe-rgb\/","title":{"rendered":"15,6\u2033 prenosn\u00fd monitor 4K s technol\u00f3giou Adobe RGB"},"content":{"rendered":"\n<p>Predstavujeme 15,6&#8243; prenosn\u00fd monitor S23B-5 s rozl\u00ed\u0161en\u00edm 4K: najmodernej\u0161ie mobiln\u00e9 monitory s ultravysok\u00fdm rozl\u00ed\u0161en\u00edm<\/p>\n\n<p>H\u013ead\u00e1te prenosn\u00fd monitor, ktor\u00fd poskytuje v\u00fdnimo\u010dn\u00fd obraz a v\u00fdkon na cest\u00e1ch? Zozn\u00e1mte sa s prenosn\u00fdm monitorom 4K S23B-5. Toto vyspel\u00e9 zariadenie prin\u00e1\u0161a mobiln\u00e9 displeje s ultravysok\u00fdm rozl\u00ed\u0161en\u00edm na dosah ruky a pon\u00faka ohromuj\u00facu \u010distotu a presnos\u0165 rozl\u00ed\u0161enia 4K UHD. \u010ci u\u017e ste hr\u00e1\u010d, profesion\u00e1lny editor videa, grafick\u00fd dizajn\u00e9r alebo nad\u0161enec mobilnej produktivity, tento prenosn\u00fd monitor s vysok\u00fdm rozl\u00ed\u0161en\u00edm je va\u0161\u00edm dokonal\u00fdm spolo\u010dn\u00edkom.<\/p>\n\n<p>Pohlcuj\u00faci vizu\u00e1lny z\u00e1\u017eitok s cestovn\u00fdmi monitormi 4K UHD Pripravte sa na pohlcuj\u00faci vizu\u00e1lny z\u00e1\u017eitok s monitorom S23B-5. Toto zariadenie s 15,6-palcov\u00fdm dotykov\u00fdm monitorom sa m\u00f4\u017ee pochv\u00e1li\u0165 displejom s rozl\u00ed\u0161en\u00edm 4K UHD, ktor\u00fd o\u017eivuje obsah s pozoruhodn\u00fdmi detailmi a \u017eiv\u00fdmi farbami. V\u010faka rozl\u00ed\u0161eniu 3840 x 2160 a 10-bitovej farebnej h\u013abke je ka\u017ed\u00fd obraz a video na tejto prenosnej obrazovke 4K vykreslen\u00e9 s \u00fa\u017easnou \u010distotou, tak\u017ee \u017eiadny detail nezostane nepov\u0161imnut\u00fd. \u010ci u\u017e sledujete filmy, hr\u00e1te hry alebo upravujete fotografie a vide\u00e1, monitor S23B-5 prin\u00e1\u0161a vizu\u00e1lne pote\u0161enie.<\/p>\n\n<p>Elegantn\u00fd a citliv\u00fd kapacitn\u00fd 10-bodov\u00fd dotykov\u00fd displej Interakcia s modelom S23B-5 je v\u010faka kapacitn\u00e9mu 10-bodov\u00e9mu dotykov\u00e9mu displeju pote\u0161en\u00edm. Tento prenosn\u00fd monitor s plne laminovanou dotykovou obrazovkou G+G pon\u00faka hladk\u00fa a presn\u00fa odozvu na dotyk, \u010do umo\u017e\u0148uje bezprobl\u00e9mov\u00fa navig\u00e1ciu v ponuk\u00e1ch, ovl\u00e1danie aplik\u00e1ci\u00ed a vykon\u00e1vanie pr\u00edkazov. \u010ci u\u017e zv\u00e4\u010d\u0161ujete fotografie, prech\u00e1dzate webov\u00e9 str\u00e1nky alebo vytv\u00e1rate zlo\u017eit\u00e9 n\u00e1vrhy, dotykov\u00fd displej S23B-5 zaru\u010duje r\u00fdchlu odozvu a presnos\u0165, \u010d\u00edm zvy\u0161uje produktivitu a kreativitu.<\/p>\n\n<p>Uvo\u013enite svoju kreativitu na cest\u00e1ch Model S23B-5 je ur\u010den\u00fd pre kreat\u00edvnych profesion\u00e1lov a je va\u0161\u00edm dokonal\u00fdm spolo\u010dn\u00edkom pri \u00faprave videa, grafickom dizajne a \u00faprave fotografi\u00ed. Tento prenosn\u00fd monitor so 100 % pokryt\u00edm farebn\u00e9ho priestoru Adobe RGB zaru\u010duje vern\u00e9 farby na presn\u00e9 nastavenie farieb a \u00fa\u017easn\u00e9 v\u00fdsledky. Displej s vysok\u00fdm rozl\u00ed\u0161en\u00edm v kombin\u00e1cii s 10-bitovou farebnou h\u013abkou umo\u017e\u0148uje pracova\u0165 so zlo\u017eit\u00fdmi detailmi a dosahova\u0165 vizu\u00e1lnu presnos\u0165, ktor\u00e1 je d\u00f4le\u017eit\u00e1 pre profesion\u00e1lnu tvoriv\u00fa pr\u00e1cu.<\/p>\n\n<p>Bezprobl\u00e9mov\u00e9 pripojenie pre zv\u00fd\u0161en\u00fa v\u0161estrannos\u0165 Pripojenie je so zariaden\u00edm S23B-5 bezprobl\u00e9mov\u00e9. Tento cestovn\u00fd monitor s rozl\u00ed\u0161en\u00edm 4K UHD m\u00e1 port HD Mini, porty typu C na prenos obrazov\u00fdch d\u00e1t a nap\u00e1janie, port na sl\u00fachadl\u00e1 (3,5 mm) a port Micro-USB na pripojenie perif\u00e9rnych zariaden\u00ed, ako s\u00fa kl\u00e1vesnice a my\u0161i. \u010ci u\u017e pripoj\u00edte smartf\u00f3n, notebook, PlayStation, Xbox alebo in\u00e9 kompatibiln\u00e9 zariadenia, S23B-5 zaru\u010duje kompatibilitu a roz\u0161iruje priestor na obrazovke, aby ste zv\u00fd\u0161ili produktivitu alebo z\u00e1\u017eitok z hrania hier, nech ste kdeko\u013evek.<\/p>\n\n<p>Vstavan\u00e1 bat\u00e9ria na nepretr\u017eit\u00e9 pou\u017e\u00edvanie. Okrem v\u00fdkonu a v\u0161estrannosti je model S23B-5 neuverite\u013ene pohodln\u00fd v\u010faka vstavanej polym\u00e9rovej bat\u00e9rii s kapacitou 10000 mAh. U\u017e\u00edvajte si nepreru\u0161ovan\u00e9 pou\u017e\u00edvanie po\u010das cestovania, \u00fa\u010dasti na stretnutiach alebo pr\u00e1ce na dia\u013eku. Bat\u00e9ria s dlhou v\u00fddr\u017eou poskytuje slobodu pri pr\u00e1ci, z\u00e1bave alebo tvorbe bez ob\u00e1v o nap\u00e1janie. Zosta\u0148te produkt\u00edvni a zabavte sa na cest\u00e1ch.<\/p>\n\n<p>Pr\u00e9miov\u00e1 kvalita vyhotovenia a prenosn\u00fd dizajn Model S23B-5 je vyroben\u00fd z vysokokvalitnej hlin\u00edkovej zliatiny, je odoln\u00fd a p\u00f4sob\u00ed pr\u00e9miov\u00fdm dojmom. V\u010faka elegantn\u00e9mu a tenk\u00e9mu dizajnu s rozmermi len 357 x 223 x 9 mm a hmotnos\u0165ou 1300 g je ve\u013emi \u013eahko prenosn\u00fd a d\u00e1 sa \u013eahko pren\u00e1\u0161a\u0165 v ta\u0161ke alebo batohu. S23B-5 je navrhnut\u00fd tak, aby sa stal va\u0161\u00edm spo\u013eahliv\u00fdm spolo\u010dn\u00edkom, ktor\u00fd zaru\u010d\u00ed, \u017ee nebudete musie\u0165 robi\u0165 \u017eiadne kompromisy v oblasti produktivity alebo z\u00e1bavy, nech ste kdeko\u013evek.<\/p>\n\n<p>Pohlcuj\u00faci zvukov\u00fd z\u00e1\u017eitok Monitor S23B-5 poskytuje viac ne\u017e len ohromuj\u00faci obraz, ale aj pohlcuj\u00faci zvukov\u00fd z\u00e1\u017eitok v\u010faka dvom 1,0W reproduktorom. Vychutnajte si \u010dist\u00fd a jasn\u00fd zvuk pri filmoch, hr\u00e1ch alebo multimedi\u00e1lnych aktivit\u00e1ch. \u010ci u\u017e pri videokonferencii, po\u010d\u00favan\u00ed hudby alebo sledovan\u00ed seri\u00e1lov, S23B-5 umocn\u00ed va\u0161e zmyslov\u00e9 z\u00e1\u017eitky, v\u010faka \u010domu bud\u00fa p\u00fatav\u00e9 a podmaniv\u00e9.  <\/p>\n\n<p>Zv\u00fd\u0161en\u00e9 pohodlie pri sledovan\u00ed Na va\u0161om pohodl\u00ed z\u00e1le\u017e\u00ed, najm\u00e4 po\u010das dlh\u0161ieho sledovania obrazovky. Monitor S23B-5 zais\u0165uje optim\u00e1lne pohodlie pri sledovan\u00ed v\u010faka \u0161irok\u00fdm pozorovac\u00edm uhlom a nastavite\u013en\u00fdm parametrom. V\u010faka 85-stup\u0148ov\u00e9mu pozorovaciemu uhlu vo v\u0161etk\u00fdch smeroch (U\/D\/L\/R) si vychutnajte jasn\u00fd obraz a \u017eiv\u00e9 farby z r\u00f4znych perspekt\u00edv. Monitor S23B-5 podporuje pohodln\u00e9 a dlhodob\u00e9 pou\u017e\u00edvanie bez nam\u00e1hania o\u010d\u00ed alebo zhor\u0161enia polohy, \u010di u\u017e ide o spolupr\u00e1cu, zdie\u013eanie obsahu alebo nastavenie monitora do preferovanej polohy na sledovanie.<\/p>\n\n<p>Ide\u00e1lny pre hern\u00fdch nad\u0161encov Pre hern\u00fdch nad\u0161encov je S23B-5 dokonal\u00fd prenosn\u00fd hern\u00fd monitor s rozl\u00ed\u0161en\u00edm 4K. V\u010faka rozl\u00ed\u0161eniu 4K UHD, presnej presnosti farieb a r\u00fdchlej odozve 25 ms poskytuje tento monitor bezkonkuren\u010dn\u00fd hern\u00fd z\u00e1\u017eitok. Ponorte sa do realistickej grafiky, s\u00fdtych farieb a ostr\u00fdch detailov, ktor\u00e9 pozdvihn\u00fa va\u0161e hern\u00e9 dobrodru\u017estv\u00e1. S23B-5 zaru\u010duje, \u017ee ka\u017ed\u00fd z\u00e1ber je jasn\u00fd, \u010do umo\u017e\u0148uje r\u00fdchle reakcie a konkuren\u010dn\u00fa v\u00fdhodu v r\u00fdchlych ak\u010dn\u00fdch hr\u00e1ch, pohlcuj\u00facich RPG alebo vizu\u00e1lne \u00fa\u017easn\u00fdch svetoch.<\/p>\n\n<p>Zv\u00fd\u0161enie produktivity na cest\u00e1ch Viac ako z\u00e1bava a hranie hier je S23B-5 v\u00fdkonn\u00fdm zariaden\u00edm na zv\u00fd\u0161enie produktivity. \u010ci u\u017e ste digit\u00e1lny nom\u00e1d, \u0161tudent alebo profesion\u00e1l, ktor\u00fd potrebuje prenosn\u00fd pracovn\u00fd priestor, tento monitor spln\u00ed va\u0161e potreby. Roz\u0161\u00edrte si obrazovku notebooku alebo smartf\u00f3nu, vykon\u00e1vajte viacero \u00faloh bez n\u00e1mahy a zv\u00fd\u0161te efektivitu a pracovn\u00e9 postupy. Upravujte dokumenty, vytv\u00e1rajte prezent\u00e1cie alebo analyzujte \u00fadaje pomocou dodato\u010dnej obrazovky, ktor\u00fa pon\u00faka S23B-5. Jeho displej s vysok\u00fdm rozl\u00ed\u0161en\u00edm a presn\u00e1 reprodukcia farieb zabezpe\u010duj\u00fa pr\u00e1cu so zlo\u017eit\u00fdmi detailmi a zachovanie konzistentnosti v r\u00f4znych zariadeniach. S23B-5 je va\u0161e prenosn\u00e9 centrum produktivity, ktor\u00e9 v\u00e1m umo\u017en\u00ed dosiahnu\u0165 viac aj na cest\u00e1ch.<\/p>\n\n<p>Z\u00e1ver Z\u00e1verom mo\u017eno poveda\u0165, \u017ee prenosn\u00fd monitor S23B-5 4K je v\u00fdnimo\u010dn\u00e9 zariadenie, ktor\u00e9 prin\u00e1\u0161a mobiln\u00e9 zobrazenie s ultravysok\u00fdm rozl\u00ed\u0161en\u00edm na dosah ruky. Tento prenosn\u00fd monitor s rozl\u00ed\u0161en\u00edm 4K UHD, kapacitnou 10-bodovou dotykovou obrazovkou a \u0161irok\u00fdm farebn\u00fdm gamutom pon\u00faka ohromuj\u00faci obraz a v\u00fdnimo\u010dn\u00fd v\u00fdkon. \u010ci u\u017e ste hr\u00e1\u010d, kreat\u00edvny profesion\u00e1l alebo si cen\u00edte produktivitu na cest\u00e1ch, notebook S23B-5 je prisp\u00f4soben\u00fd va\u0161im potreb\u00e1m. Jeho v\u0161estrann\u00e9 mo\u017enosti pripojenia, vstavan\u00e1 bat\u00e9ria a prvotriedna kvalita vyhotovenia z neho robia v\u00fdnimo\u010dn\u00fa vo\u013ebu.<\/p>\n\n<p>Klady: Ohromuj\u00face vizu\u00e1lne efekty: S23B-5 pon\u00faka 4K UHD displej s v\u00fdnimo\u010dnou presnos\u0165ou farieb, ktor\u00fd je ide\u00e1lny na hranie hier, strih videa, grafick\u00fd dizajn a \u00fapravu fotografi\u00ed. Funk\u010dnos\u0165 dotykovej obrazovky: Kapacitn\u00fd 10-bodov\u00fd dotykov\u00fd displej poskytuje citliv\u00fa a intuit\u00edvnu pou\u017e\u00edvate\u013esk\u00fa sk\u00fasenos\u0165, umo\u017e\u0148uje navig\u00e1ciu bez n\u00e1mahy a presn\u00e9 ovl\u00e1danie. Prenosnos\u0165: S23B-5 je tenk\u00fd a \u013eahk\u00fd a je \u013eahko prenosn\u00fd na cesty, slu\u017eobn\u00e9 cesty a pr\u00e1cu na dia\u013eku. V\u0161estrann\u00e9 pripojenie: Viacero portov vr\u00e1tane HD Mini, typu C, sl\u00fachadiel a Micro-USB zabezpe\u010duje kompatibilitu so smartf\u00f3nmi, notebookmi a hern\u00fdmi konzolami. Zabudovan\u00e1 bat\u00e9ria: V\u010faka polym\u00e9rovej bat\u00e9rii s kapacitou 10000 mAh pon\u00faka S23B-5 nepretr\u017eit\u00e9 pou\u017e\u00edvanie na cest\u00e1ch bez potreby zdroja nap\u00e1jania.<\/p>\n\n<p>Nev\u00fdhody: Obmedzen\u00e9 mo\u017enosti ve\u013ekosti: Dostupn\u00e9 len v 15,6-palcovej ve\u013ekosti, nemus\u00ed vyhovova\u0165 pou\u017e\u00edvate\u013eom, ktor\u00ed uprednost\u0148uj\u00fa v\u00e4\u010d\u0161ie alebo men\u0161ie prenosn\u00e9 monitory. Zvukov\u00fd v\u00fdstup: Vstavan\u00e9 reproduktory sa nemusia vyrovna\u0165 extern\u00fdm reproduktorom alebo sl\u00fachadl\u00e1m pre t\u00fdch, ktor\u00ed h\u013eadaj\u00fa pohlcuj\u00facej\u0161\u00ed zvukov\u00fd z\u00e1\u017eitok.<\/p>\n","protected":false},"excerpt":{"rendered":"<ul>\n<li><strong>100 % farebn\u00e9ho<\/strong> gamutu <strong>Adobe<\/strong> <strong>15,6-palcov\u00fd<\/strong> prenosn\u00fd monitor <strong>UHD 4K<\/strong> <\/li>\n<li>10-bodov\u00fd kapacitn\u00fd dotykov\u00fd monitor<\/li>\n<li>Dotykov\u00fd displej Kompatibiln\u00fd so <strong>syst\u00e9mom MacOS<\/strong><\/li>\n<li>Zabudovan\u00e1 bat\u00e9ria s kapacitou 10000 mAh<\/li>\n<li><strong>Nap\u00e1janie cez USB<\/strong>, podpora mini-HDMI, USB Type-C<\/li>\n<\/ul>\n[cg_accordion title=\"INFORM\u00c1CIE O PLATBE\"]<\/p>\n<p>Pou\u017e\u00edvame najnov\u0161iu technol\u00f3giu spracovania platieb, ktor\u00e1 v\u00e1m umo\u017e\u0148uje vykona\u0165 platbu prostredn\u00edctvom Apple Pay, Google Pay, va\u0161ej debetnej\/kreditnej karty, PayPal alebo met\u00f3d BNPL, ako s\u00fa Klarna, Affirm alebo AfterPay, \u010do je r\u00fdchle a bezpe\u010dn\u00e9.[\/cg_accordion]\n[cg_accordion title=\"Z\u00c1RUKA\"]<\/p>\n<p>2 roky z\u00e1ruky od <a href=\"https:\/\/droix.net\/\" target=\"_blank\" rel=\"nofollow noopener\">spolo\u010dnosti DROIX Global pre<\/a> v\u00e1\u0161 pokoj[\/cg_accordion]\n[cg_accordion title=\"CENY, DANE A DOPRAVA\"]<\/p>\n<p><strong><u>Pozn\u00e1mka:<\/u><\/strong><\/p>\n<ul>\n<li>Z\u00e1kazn\u00edci zo Spojen\u00fdch \u0161t\u00e1tov: Z\u00e1kazn\u00edci: Zobrazen\u00e1 cena nezah\u0155\u0148a da\u0148 ani clo. Zodpovednos\u0165 za coln\u00e9 konanie a zaplatenie akejko\u013evek s\u00favisiacej dane\/coln\u00e9ho poplatku nesie z\u00e1kazn\u00edk. <\/li>\n<li>Z\u00e1kazn\u00edci z E\u00da: V zobrazenej cene je zahrnut\u00e1 platn\u00e1 DA\u0147, ktor\u00e1 m\u00f4\u017ee by\u0165 a\u017e 25% v z\u00e1vislosti od va\u0161ej krajiny.<\/li>\n<li>Z\u00e1kazn\u00edci z Kanady: V z\u00e1vislosti od va\u0161ej provincie m\u00f4\u017ee zobrazen\u00e1 cena zah\u0155\u0148a\u0165 pr\u00edslu\u0161n\u00e9 dane, ktor\u00e9 m\u00f4\u017eu zah\u0155\u0148a\u0165 5% GST a \u010fal\u0161ie provin\u010dn\u00e9 dane z predaja (PST), harmonizovan\u00fa da\u0148 z predaja (HST) alebo quebeck\u00fa da\u0148 z predaja (QST).<\/li>\n<\/ul>\n<p><strong>Len pre z\u00e1kazn\u00edkov z E\u00da:<\/strong> Expresn\u00e9 DDP (Delivered Duty Paid). To znamen\u00e1: <\/p>\n<ul>\n<li>V\u0161etky cl\u00e1 a dane s\u00fa zahrnut\u00e9 v cene zobrazenej na str\u00e1nke produktu.<\/li>\n<li>Pri doru\u010den\u00ed nemus\u00edte plati\u0165 \u017eiadne \u010fal\u0161ie poplatky.<\/li>\n<li>V zriedkav\u00fdch pr\u00edpadoch probl\u00e9mov s\u00favisiacich s coln\u00fdmi z\u00e1le\u017eitos\u0165ami sa n\u00e1\u0161 t\u00edm postar\u00e1 o coln\u00e9 konanie vo va\u0161om mene, aby sme zabezpe\u010dili bezprobl\u00e9mov\u00e9 doru\u010denie.<\/li>\n<p>D\u00f4le\u017eit\u00e9 inform\u00e1cie o vr\u00e1ten\u00ed tovaru:<\/p>\n<li>Ak sa rozhodnete vr\u00e1ti\u0165 objedn\u00e1vku alebo po\u017eiada\u0165 o vr\u00e1tenie pe\u0148az\u00ed, majte na pam\u00e4ti, \u017ee dane a cl\u00e1 zaplaten\u00e9 vo va\u0161om mene pod\u013ea podmienok DDP nie je mo\u017en\u00e9 vr\u00e1ti\u0165.<\/li>\n<p>Podrobn\u00e9 inform\u00e1cie n\u00e1jdete v na\u0161ich <a href=\"https:\/\/gpdstore.net\/sk\/terms-of-service\/\" target=\"_blank\" rel=\"nofollow noopener\">zmluvn\u00fdch podmienkach<\/a>.\n<\/ul>\n<p>[\/cg_accordion]\n[cg_accordion title=\"Z\u00c1KAZN\u00cdCKA PODPORA\"]<\/p>\n<p>M\u00e1te ot\u00e1zku? Od vyrie\u0161enia v\u00e1\u0161ho probl\u00e9mu n\u00e1s del\u00ed kr\u00e1tka textov\u00e1 spr\u00e1va!<br \/>\n[\/cg_accordion]\n[cg_accordion title=\"\u010cO JE S\u00da\u010cAS\u0164OU BALENIA\"]<\/p>\n<ul>\n<li>1x nap\u00e1jacia z\u00e1str\u010dka (E\u00da\/USA)<\/li>\n<li>1x pou\u017e\u00edvate\u013esk\u00e1 pr\u00edru\u010dka<\/li>\n<\/ul>\n<p>[\/cg_accordion]\n","protected":false},"featured_media":120556,"template":"","meta":{"_acf_changed":false},"product_brand":[],"product_cat":[5440],"product_tag":[5512,5442],"woo-feed-brand":[5443],"class_list":{"0":"post-120409","1":"product","2":"type-product","3":"status-publish","4":"has-post-thumbnail","6":"product_cat-prenosne-monitory","7":"product_tag-30gpdsale-sk","8":"product_tag-droix-portable-monitor-sk","9":"product_shipping_class-standard","10":"pa_brand-droix","11":"woo-feed-brand-droix-sk","13":"first","14":"outofstock","15":"sale","16":"taxable","17":"shipping-taxable","18":"purchasable","19":"product-type-variable","20":"has-default-attributes"},"acf":[],"aioseo_notices":[],"_links":{"self":[{"href":"https:\/\/gpdstore.net\/sk\/wp-json\/wp\/v2\/product\/120409","targetHints":{"allow":["GET"]}}],"collection":[{"href":"https:\/\/gpdstore.net\/sk\/wp-json\/wp\/v2\/product"}],"about":[{"href":"https:\/\/gpdstore.net\/sk\/wp-json\/wp\/v2\/types\/product"}],"wp:featuredmedia":[{"embeddable":true,"href":"https:\/\/gpdstore.net\/sk\/wp-json\/wp\/v2\/media\/120556"}],"wp:attachment":[{"href":"https:\/\/gpdstore.net\/sk\/wp-json\/wp\/v2\/media?parent=120409"}],"wp:term":[{"taxonomy":"product_brand","embeddable":true,"href":"https:\/\/gpdstore.net\/sk\/wp-json\/wp\/v2\/product_brand?post=120409"},{"taxonomy":"product_cat","embeddable":true,"href":"https:\/\/gpdstore.net\/sk\/wp-json\/wp\/v2\/product_cat?post=120409"},{"taxonomy":"product_tag","embeddable":true,"href":"https:\/\/gpdstore.net\/sk\/wp-json\/wp\/v2\/product_tag?post=120409"},{"taxonomy":"woo-feed-brand","embeddable":true,"href":"https:\/\/gpdstore.net\/sk\/wp-json\/wp\/v2\/woo-feed-brand?post=120409"}],"curies":[{"name":"wp","href":"https:\/\/api.w.org\/{rel}","templated":true}]}}