{"id":1199244,"date":"2025-10-08T14:34:02","date_gmt":"2025-10-08T14:34:02","guid":{"rendered":"https:\/\/gpdstore.net\/product\/biwin-mini-ssd\/"},"modified":"2026-01-19T14:32:38","modified_gmt":"2026-01-19T14:32:38","slug":"biwin-mini-ssd","status":"publish","type":"product","link":"https:\/\/gpdstore.net\/sk\/product\/biwin-mini-ssd\/","title":{"rendered":"BIWIN Mini SSD"},"content":{"rendered":"\n<h2 class=\"wp-block-heading\"><strong>Vyu\u017eite skuto\u010dn\u00fd potenci\u00e1l svojho zariadenia<\/strong><\/h2>\n\n<p>Vo svete elitn\u00fdch technol\u00f3gi\u00ed je r\u00fdchlos\u0165 v\u0161etk\u00fdm. SSD disk BIWIN Mini je vyjadren\u00edm nekompromisn\u00e9ho v\u00fdkonu, skon\u0161truovan\u00fd s technol\u00f3giou PCIe Gen4x2, ktor\u00e1 dosahuje ohromuj\u00facu teoretick\u00fa r\u00fdchlos\u0165 3 700 <strong>MB\/s.<\/strong><sup><\/sup> Toto nie je len upgrade, je to revol\u00facia v balen\u00ed men\u0161om ako po\u0161tov\u00e1 zn\u00e1mka. <\/p>\n\n<p>Pre pou\u017e\u00edvate\u013eov vreckov\u00fdch po\u010d\u00edta\u010dov novej gener\u00e1cie, ako je <a href=\"https:\/\/gpdstore.net\/sk\/product\/gpd-win-5\/\" target=\"_blank\" rel=\"noopener\" title=\"\">GPD WIN 5,<\/a> je BIWIN Mini SSD k\u013e\u00fa\u010dom k odomknutiu maxim\u00e1lnej r\u00fdchlosti ukladania d\u00e1t vo va\u0161om zariaden\u00ed. Hoci tieto zariadenia vyu\u017e\u00edvaj\u00fa slot PCIe 4&#215;1, n\u00e1\u0161 Mini SSD st\u00e1le poskytuje dychber\u00faci v\u00fdkon ~1 <strong> 700 MB\/s v re\u00e1lnom prostred\u00ed<\/strong> &#8211; \u010d\u00edm prekon\u00e1va r\u00fdchlos\u0165 akejko\u013evek karty microSD a zabezpe\u010duje bleskov\u00e9 na\u010d\u00edtanie va\u0161ich hier.<\/p>\n\n<p>Jeho <strong>vodotesn\u00e9<\/strong> <strong>telo<\/strong> s kryt\u00edm IP68 <strong>a<\/strong> <strong>odolnos\u0165ou vo\u010di p\u00e1du z v\u00fd\u0161ky 3 metrov<\/strong> je odoln\u00e9 vo\u010di extr\u00e9mnym podmienkam, \u010do znamen\u00e1, \u017ee tento v\u00fdkon sa sp\u00e1ja s legend\u00e1rnou odolnos\u0165ou.<sup><\/sup> SSD disk BIWIN Mini <strong>s<\/strong> kapacitou a\u017e <strong>2 TB<\/strong> je dokonal\u00fdm rie\u0161en\u00edm \u00falo\u017eiska bez kompromisov pre t\u00fdch, ktor\u00ed vy\u017eaduj\u00fa to najlep\u0161ie.<\/p>\n","protected":false},"excerpt":{"rendered":"<ul>\n<li>Rozhranie: <strong>PCIe Gen4x2 s<\/strong> protokolom **NVMe 1.4**<\/li>\n<li>Form\u00e1tov\u00fd faktor: <strong>(<\/strong> 15,0 mm \u00d7 17,0 mm \u00d7 1,4 mm)<\/li>\n<li>V\u00fdkonnos\u0165: A\u017e do **3 700 MB\/s pri \u010d\u00edtan\u00ed** \/ a\u017e do **3 400 MB\/s pri z\u00e1pise**<\/li>\n<li>Kapacita: 512 GB, 1 TB alebo 2 TB 3D TLC NAND<\/li>\n<li>Odolnos\u0165: Odolnos\u0165 vo\u010di <strong>prachu<\/strong> a vode <strong>IP68<\/strong> \/ **p\u00e1d z 3 metrov**<\/li>\n<li>Technol\u00f3gia: Dynamick\u00e9 **SLC Caching** a **Wear Leveling**<\/li>\n<\/ul>\n[cg_accordion title=\"INFORM\u00c1CIE O PLATBE\"]<\/p>\n<p>Pou\u017e\u00edvame najnov\u0161iu technol\u00f3giu spracovania platieb, ktor\u00e1 v\u00e1m umo\u017e\u0148uje vykona\u0165 platbu prostredn\u00edctvom debetnej\/kreditnej karty alebo slu\u017eby PayPal, aby ste sa c\u00edtili r\u00fdchlo a bezpe\u010dne.[\/cg_accordion]\n[cg_accordion title=\"Z\u00c1RUKA\"]<\/p>\n<p>2 roky z\u00e1ruky od <a href=\"https:\/\/droix.net\/\" target=\"_blank\" rel=\"nofollow noopener\">spolo\u010dnosti DROIX Global pre<\/a> v\u00e1\u0161 pokoj[\/cg_accordion]\n[cg_accordion title=\"ZABEZPE\u010cENIE KVALITY A TESTOVANIE PRED ODOSLAN\u00cdM\"]<\/p>\n<p>Zabezpe\u010denie spokojnosti z\u00e1kazn\u00edkov na najvy\u0161\u0161ej \u00farovni: Pred odoslan\u00edm prech\u00e1dza ka\u017ed\u00e9 zariadenie pr\u00edsnym testovan\u00edm a viacbodovou kontrolou kvality. N\u00e1\u0161 \u0161pecializovan\u00fd t\u00edm overuje v\u00fdkon, funk\u010dnos\u0165 a integritu komponentov, aby sme v\u00e1m zaru\u010dili, \u017ee va\u0161e zariadenie GPD bude pri pr\u00edchode v perfektnom stave, \u010do v\u00e1m poskytne istotu a pokoj. [\/cg_accordion]\n[cg_accordion title=\"CENY, DANE A DOPRAVA\"]<\/p>\n<p><strong><u>Pozn\u00e1mka:<\/u><\/strong><\/p>\n<ul>\n<li>Z\u00e1kazn\u00edci zo Spojen\u00fdch \u0161t\u00e1tov: Z\u00e1kazn\u00edci: Zobrazen\u00e1 cena nezah\u0155\u0148a da\u0148 ani clo. Zodpovednos\u0165 za coln\u00e9 konanie a zaplatenie akejko\u013evek s\u00favisiacej dane\/coln\u00e9ho poplatku nesie z\u00e1kazn\u00edk. <\/li>\n<li>Z\u00e1kazn\u00edci z E\u00da: V zobrazenej cene je zahrnut\u00e1 platn\u00e1 DA\u0147, ktor\u00e1 m\u00f4\u017ee by\u0165 a\u017e 25% v z\u00e1vislosti od va\u0161ej krajiny.<\/li>\n<li>Z\u00e1kazn\u00edci z Kanady: V z\u00e1vislosti od va\u0161ej provincie m\u00f4\u017ee zobrazen\u00e1 cena zah\u0155\u0148a\u0165 pr\u00edslu\u0161n\u00e9 dane, ktor\u00e9 m\u00f4\u017eu zah\u0155\u0148a\u0165 5% GST a \u010fal\u0161ie provin\u010dn\u00e9 dane z predaja (PST), harmonizovan\u00fa da\u0148 z predaja (HST) alebo quebeck\u00fa da\u0148 z predaja (QST).<\/li>\n<\/ul>\n<p>Pre na\u0161ich z\u00e1kazn\u00edkov v USA: Objedn\u00e1vky sa odosielaj\u00fa DAP (Delivered At Place). Hoci s\u00fa z\u00e1kazn\u00edci zodpovedn\u00ed za zaplatenie v\u0161etk\u00fdch platn\u00fdch tar\u00edf, vyu\u017e\u00edvame na\u0161e bohat\u00e9 sk\u00fasenosti s prepravou zo Spojen\u00e9ho kr\u00e1\u013eovstva, aby sme zabezpe\u010dili, \u017ee zaplat\u00edte \u010do najni\u017e\u0161ie poplatky. Na z\u00e1klade na\u0161ich z\u00e1znamov tieto poplatky zvy\u010dajne nepresahuj\u00fa 10 % hodnoty polo\u017eky.  <\/p>\n<p><strong>Len pre z\u00e1kazn\u00edkov z E\u00da:<\/strong> Expresn\u00e9 DDP (Delivered Duty Paid). To znamen\u00e1: <\/p>\n<ul>\n<li>V\u0161etky cl\u00e1 a dane s\u00fa zahrnut\u00e9 v cene zobrazenej na str\u00e1nke produktu.<\/li>\n<li>Pri doru\u010den\u00ed nemus\u00edte plati\u0165 \u017eiadne \u010fal\u0161ie poplatky.<\/li>\n<li>V zriedkav\u00fdch pr\u00edpadoch probl\u00e9mov s\u00favisiacich s coln\u00fdmi z\u00e1le\u017eitos\u0165ami sa n\u00e1\u0161 t\u00edm postar\u00e1 o coln\u00e9 konanie vo va\u0161om mene, aby sme zabezpe\u010dili bezprobl\u00e9mov\u00e9 doru\u010denie.<\/li>\n<p>D\u00f4le\u017eit\u00e9 inform\u00e1cie o vr\u00e1ten\u00ed tovaru:<\/p>\n<li>Ak sa rozhodnete vr\u00e1ti\u0165 objedn\u00e1vku alebo po\u017eiada\u0165 o vr\u00e1tenie pe\u0148az\u00ed, majte na pam\u00e4ti, \u017ee dane a cl\u00e1 zaplaten\u00e9 vo va\u0161om mene pod\u013ea podmienok DDP nie je mo\u017en\u00e9 vr\u00e1ti\u0165.<\/li>\n<p>Podrobn\u00e9 inform\u00e1cie n\u00e1jdete v na\u0161ich <a href=\"https:\/\/droix.net\/terms-and-conditions\/\" target=\"_blank\" rel=\"nofollow noopener\">zmluvn\u00fdch podmienkach<\/a>.\n<\/ul>\n<p>[\/cg_accordion]\n[cg_accordion title=\"Z\u00c1KAZN\u00cdCKA PODPORA\"]<\/p>\n<p>M\u00e1te ot\u00e1zku? Od vyrie\u0161enia v\u00e1\u0161ho probl\u00e9mu n\u00e1s del\u00ed kr\u00e1tka textov\u00e1 spr\u00e1va! <\/p>\n<p>Podrobn\u00e9 inform\u00e1cie n\u00e1jdete v na\u0161ich <a href=\"https:\/\/gpdstore.net\/sk\/terms-of-service\/\" target=\"_blank\" rel=\"nofollow noopener\">zmluvn\u00fdch podmienkach<\/a>.\n<\/ul>\n<p>[\/cg_accordion]\n[cg_accordion title=\"\u010cO JE S\u00da\u010cAS\u0164OU BALENIA\"]<\/p>\n<ul>\n<li>1x BIWIN Mini SSD<\/li>\n<\/ul>\n<p>[\/cg_accordion]\n","protected":false},"featured_media":1196759,"template":"","meta":{"_acf_changed":false},"product_brand":[],"product_cat":[5388],"product_tag":[],"woo-feed-brand":[],"class_list":{"0":"post-1199244","1":"product","2":"type-product","3":"status-publish","4":"has-post-thumbnail","6":"product_cat-prislusenstvo","7":"product_shipping_class-premium","8":"pa_brand-biwin","9":"pa_storage-capacity-1-tb-sk","10":"pa_storage-capacity-1tb-fr","11":"pa_storage-capacity-1tb","12":"pa_storage-capacity-2-tb-sk","13":"pa_storage-capacity-2tb-fr","14":"pa_storage-capacity-2tb","15":"pa_storage-capacity-512-gb-sk","16":"pa_storage-capacity-512gb-fr","17":"pa_storage-capacity-512gb","19":"first","20":"instock","21":"taxable","22":"shipping-taxable","23":"purchasable","24":"product-type-variable","25":"has-default-attributes"},"acf":[],"aioseo_notices":[],"_links":{"self":[{"href":"https:\/\/gpdstore.net\/sk\/wp-json\/wp\/v2\/product\/1199244","targetHints":{"allow":["GET"]}}],"collection":[{"href":"https:\/\/gpdstore.net\/sk\/wp-json\/wp\/v2\/product"}],"about":[{"href":"https:\/\/gpdstore.net\/sk\/wp-json\/wp\/v2\/types\/product"}],"wp:featuredmedia":[{"embeddable":true,"href":"https:\/\/gpdstore.net\/sk\/wp-json\/wp\/v2\/media\/1196759"}],"wp:attachment":[{"href":"https:\/\/gpdstore.net\/sk\/wp-json\/wp\/v2\/media?parent=1199244"}],"wp:term":[{"taxonomy":"product_brand","embeddable":true,"href":"https:\/\/gpdstore.net\/sk\/wp-json\/wp\/v2\/product_brand?post=1199244"},{"taxonomy":"product_cat","embeddable":true,"href":"https:\/\/gpdstore.net\/sk\/wp-json\/wp\/v2\/product_cat?post=1199244"},{"taxonomy":"product_tag","embeddable":true,"href":"https:\/\/gpdstore.net\/sk\/wp-json\/wp\/v2\/product_tag?post=1199244"},{"taxonomy":"woo-feed-brand","embeddable":true,"href":"https:\/\/gpdstore.net\/sk\/wp-json\/wp\/v2\/woo-feed-brand?post=1199244"}],"curies":[{"name":"wp","href":"https:\/\/api.w.org\/{rel}","templated":true}]}}