{"id":115211,"date":"2024-07-12T12:39:31","date_gmt":"2024-07-12T12:39:31","guid":{"rendered":"https:\/\/gpdstore.net\/nezaraden\u00e9\/156-prenosny-monitor-4k-s-podporou-stylusu\/"},"modified":"2025-12-23T10:14:28","modified_gmt":"2025-12-23T10:14:28","slug":"15-6-4k-portable-monitor-with-stylus-support","status":"publish","type":"product","link":"https:\/\/gpdstore.net\/sk\/product\/15-6-4k-portable-monitor-with-stylus-support\/","title":{"rendered":"15,6&#8243; prenosn\u00fd monitor 4K s podporou stylusu"},"content":{"rendered":"\n<p>Predstavujeme 15,6&#8243; prenosn\u00fd monitor s rozl\u00ed\u0161en\u00edm 4K: Zlep\u0161ite svoj z\u00e1\u017eitok zo sledovania v mobile<\/p>\n\n<p>Objavte nov\u00fd \u0161tandard prenosn\u00fdch displejov s 15,6&#8243; prenosn\u00fdm monitorom s rozl\u00ed\u0161en\u00edm 4K. T\u00e1to \u0161pi\u010dkov\u00e1 obrazovka, navrhnut\u00e1 pre t\u00fdch, ktor\u00ed vy\u017eaduj\u00fa najlep\u0161\u00ed vizu\u00e1lny v\u00fdkon a flexibilitu, nanovo definuje pr\u00e1cu na cest\u00e1ch. \u010ci u\u017e ste digit\u00e1lny nom\u00e1d, fotograf alebo dizajn\u00e9r, je to va\u0161a br\u00e1na k bezprobl\u00e9movej produktivite a pohlcuj\u00facej z\u00e1bave, nech ste kdeko\u013evek.<\/p>\n\n<p>Pohlcuj\u00faci displej 4K UHD: Va\u0161e mobiln\u00e9 okno k \u017eiarivosti<\/p>\n\n<p>Za\u017eite \u00fachvatn\u00fa \u010distotu na 15,6-palcovej obrazovke s rozl\u00ed\u0161en\u00edm 4K UHD. Jeho technol\u00f3gia podsvietenia LED s plne laminovan\u00fdm dotykov\u00fdm displejom G+G a \u0161irokouhl\u00fdm pomerom str\u00e1n 16:9 zaru\u010duje \u017eiv\u00e9 farby a ostr\u00e9 kontrasty pre obsah, ktor\u00fd vystupuje z obrazovky. Jeho rozl\u00ed\u0161enie 3840 x 2160 a 10-bitov\u00e1 farebn\u00e1 h\u013abka s\u00fa ide\u00e1lne na sledovanie m\u00e9di\u00ed v rozl\u00ed\u0161en\u00ed 4K, \u00fapravu fotografi\u00ed alebo grafick\u00e9 projekty a prin\u00e1\u0161aj\u00fa jedine\u010dn\u00e9 detaily.<\/p>\n\n<p>Elegantn\u00fd dizajn, intuit\u00edvny dotykov\u00fd displej: Navrhnut\u00fd pre bezprobl\u00e9mov\u00fa interakciu<\/p>\n\n<p>Monitor je vyroben\u00fd z prvotriednej hlin\u00edkovej zliatiny a kombinuje odolnos\u0165 s elegantn\u00fdm profilom. \u00dazky okrajov\u00fd dizajn maximalizuje priestor na obrazovke a vytv\u00e1ra pohlcuj\u00faci vizu\u00e1lny z\u00e1\u017eitok. V\u010faka citlivej kapacitnej 10-bodovej dotykovej obrazovke je navig\u00e1cia v ponuk\u00e1ch, \u00faprava fotografi\u00ed alebo kreslenie n\u00e1padov prirodzen\u00e1 a intuit\u00edvna.<\/p>\n\n<p>Vylep\u0161en\u00fd p\u00f4\u017eitok zo sledovania: brilantn\u00fd z ka\u017ed\u00e9ho uhla<\/p>\n\n<p>V\u010faka rozsiahlemu 15,6-palcov\u00e9mu panelu so \u0161irok\u00fdmi 85-stup\u0148ov\u00fdmi pozorovac\u00edmi uhlami m\u00f4\u017eete bez probl\u00e9mov zdie\u013ea\u0165 obrazovku bez toho, aby ste museli obetova\u0165 kvalitu obrazu. Vysok\u00fd kontrastn\u00fd pomer 1500:1 a jas 600 cd\/m2 zaru\u010duj\u00fa hlbok\u00fa \u010diernu a \u017eiv\u00e9 farby aj v dobre osvetlenom prostred\u00ed.<\/p>\n\n<p>Bezprobl\u00e9mov\u00e9 pripojenie, zv\u00fd\u0161en\u00e1 v\u0161estrannos\u0165<\/p>\n\n<p>Pripojenie je bezprobl\u00e9mov\u00e9 v\u010faka portom HDMI Mini a typu C na prenos videa a nap\u00e1jania, ktor\u00e9 s\u00fa kompatibiln\u00e9 so smartf\u00f3nmi, notebookmi a hern\u00fdmi konzolami, ako s\u00fa PlayStation 5 a Xbox. V\u010faka portu micro-USB ho \u013eahko premen\u00edte na pracovn\u00fa stanicu.<\/p>\n\n<p>Uvo\u013enite kreativitu s presnos\u0165ou<\/p>\n\n<p>Pre kreat\u00edvnych profesion\u00e1lov monitor podporuje stylus s pr\u00edtlakom 4096 (pred\u00e1va sa samostatne), ktor\u00fd pon\u00faka presn\u00e9 ovl\u00e1danie na skicovanie, p\u00edsanie pozn\u00e1mok alebo \u00fapravu fotografi\u00ed s prirodzenou \u013eahkos\u0165ou.<\/p>\n\n<p>Prenosn\u00e1 elektr\u00e1re\u0148: Pr\u00e1ca a z\u00e1bava bez obmedzen\u00ed<\/p>\n\n<p>V\u010faka zabudovanej bat\u00e9rii s kapacitou 10000 mAh si m\u00f4\u017eete vychutna\u0165 4-5 hod\u00edn nepretr\u017eit\u00e9ho pou\u017e\u00edvania &#8211; ide\u00e1lne na pr\u00e1cu na cest\u00e1ch alebo sledovanie ob\u013e\u00faben\u00fdch rel\u00e1ci\u00ed. V\u010faka kompaktn\u00fdm rozmerom a n\u00edzkej hmotnosti sa bez probl\u00e9mov zmest\u00ed do ta\u0161ky, aby ste mali produktivitu a z\u00e1bavu vo vysokom rozl\u00ed\u0161en\u00ed v\u017edy po ruke.<\/p>\n\n<p>Zv\u00fd\u0161te svoju produktivitu a z\u00e1bavu<\/p>\n\n<p>Bezprobl\u00e9movo roz\u0161\u00edrte plochu obrazovky pre multitasking, pripojte hern\u00e9 konzoly pre pohlcuj\u00face hranie alebo si vychutnajte filmy v ohromuj\u00facich detailoch 4K UHD &#8211; tento monitor premen\u00ed ka\u017ed\u00fa \u00falohu na v\u00fdnimo\u010dn\u00fd z\u00e1\u017eitok.<\/p>\n\n<p>Bohat\u00fd zvuk, spo\u013eahliv\u00e1 kompatibilita<\/p>\n\n<p>Dva zabudovan\u00e9 reproduktory poskytuj\u00fa bohat\u00e9 zvukov\u00e9 efekty, ktor\u00e9 umocnia va\u0161e pote\u0161enie zo sledovania filmov, hrania hier alebo po\u010d\u00favania hudby. Je kompatibiln\u00fd so \u0161irokou \u0161k\u00e1lou zariaden\u00ed HDMI a Type-C a \u013eahko sa prisp\u00f4sob\u00ed va\u0161im potreb\u00e1m.<\/p>\n\n<p>Ur\u010den\u00e9 pre profesion\u00e1lov: Kde sa presnos\u0165 stret\u00e1va s v\u00fdkonom<\/p>\n\n<p>Jeho rozl\u00ed\u0161enie 4K UHD a presn\u00e1 reprodukcia farieb s\u00fa ide\u00e1lne pre fotografov a grafikov a zaru\u010duj\u00fa vern\u00fd obraz. V\u010faka 100 % pokrytiu sRGB a 10-bitovej farebnej h\u013abke sp\u013a\u0148a po\u017eiadavky aj t\u00fdch najn\u00e1ro\u010dnej\u0161\u00edch profesion\u00e1lov.<\/p>\n\n<p>Bezprobl\u00e9mov\u00e9 nastavenie, spo\u013eahliv\u00e9 zostavenie<\/p>\n\n<p>V\u010faka jednoduchosti plug-and-play ho nastav\u00edte v priebehu nieko\u013ek\u00fdch sek\u00fand &#8211; nie je potrebn\u00e1 \u017eiadna zlo\u017eit\u00e1 in\u0161tal\u00e1cia. Intuit\u00edvne ovl\u00e1dacie prvky v\u00e1m umo\u017enia bez n\u00e1mahy prisp\u00f4sobi\u0165 nastavenia, ako je jas a kontrast, \u010d\u00edm sa zabezpe\u010d\u00ed optim\u00e1lny komfort pri dlhodobom pou\u017e\u00edvan\u00ed.<\/p>\n\n<p>Odoln\u00e9, \u0161t\u00fdlov\u00e9 a pripraven\u00e9 na bud\u00facnos\u0165<\/p>\n\n<p>V\u010faka elegantn\u00e9mu puzdru z hlin\u00edkovej zliatiny pon\u00faka robustn\u00fa ochranu na ka\u017edodenn\u00e9 pou\u017e\u00edvanie a cestovanie. Jeho dizajn s \u00fazkymi okrajmi sp\u00e1ja estetiku s funk\u010dnos\u0165ou, \u010d\u00edm maximalizuje va\u0161e pote\u0161enie zo sledovania bez ru\u0161iv\u00fdch vplyvov.<\/p>\n\n<p>Z\u00e1ver: Nov\u00e9 defin\u00edcie mobiln\u00e9ho zobrazovania s 15,6&#8243; prenosn\u00fdm monitorom s rozl\u00ed\u0161en\u00edm 4K<\/p>\n\n<p>Za\u017eite bud\u00facnos\u0165 mobiln\u00fdch displejov s 15,6&#8243; prenosn\u00fdm monitorom s rozl\u00ed\u0161en\u00edm 4K &#8211; majstrovsk\u00fdm dielom jasnosti, v\u0161estrannosti a prenosnosti. \u010ci u\u017e tvor\u00edte, hr\u00e1te hry, alebo si u\u017e\u00edvate z\u00e1bavu, prin\u00e1\u0161a bezkonkuren\u010dn\u00fd v\u00fdkon v\u0161ade, kam v\u00e1s \u017eivot zavedie.<\/p>\n\n<p>Klady:<\/p>\n\n<ul class=\"wp-block-list\">\n<li>Ohromuj\u00faci displej 4K UHD<\/li>\n\n\n\n<li>Intuit\u00edvne dotykov\u00e9 ovl\u00e1danie<\/li>\n\n\n\n<li>V\u0161estrann\u00e9 mo\u017enosti pripojenia<\/li>\n\n\n\n<li>\u013dahk\u00fd a prenosn\u00fd dizajn<\/li>\n\n\n\n<li>Odoln\u00e1 a \u0161t\u00fdlov\u00e1 kon\u0161trukcia<\/li>\n<\/ul>\n\n<p>Z\u00e1pory:<\/p>\n\n<ul class=\"wp-block-list\">\n<li>Pero so stylusom sa pred\u00e1va samostatne<\/li>\n\n\n\n<li>Obmedzen\u00e1 \u017eivotnos\u0165 bat\u00e9rie pri dlh\u0161om pou\u017e\u00edvan\u00ed<\/li>\n\n\n\n<li>Vstavan\u00e9 reproduktory nemusia sp\u013a\u0148a\u0165 audiofilsk\u00e9 \u0161tandardy<\/li>\n<\/ul>\n\n\r\n<div class=\"wp-block-jetpack-tiled-gallery aligncenter is-style-rectangular\">\r\n<div class=\"tiled-gallery__gallery\">\r\n<div class=\"tiled-gallery__row\">\r\n<div class=\"tiled-gallery__col\" style=\"flex-basis: 55.49556%;\">\r\n<figure class=\"tiled-gallery__item\"><img decoding=\"async\" src=\"https:\/\/i2.wp.com\/droix.net\/wp-content\/uploads\/2023\/04\/S23B_5-MONITOR-MARKETING-IMAGE-DONE-2.jpg?ssl=1\" alt=\"\" data-height=\"1000\" data-id=\"157015\" data-link=\"https:\/\/droix.net\/?attachment_id=157015\" data-url=\"https:\/\/droix.net\/wp-content\/uploads\/2023\/04\/S23B_5-MONITOR-MARKETING-IMAGE-DONE-2.jpg\" data-width=\"1000\" data-amp-layout=\"responsive\"><\/figure>\r\n<\/div>\r\n<div class=\"tiled-gallery__col\" style=\"flex-basis: 44.50444%;\">\r\n<figure class=\"tiled-gallery__item\"><img decoding=\"async\" src=\"https:\/\/i0.wp.com\/droix.net\/wp-content\/uploads\/2023\/04\/S23B_5-MONITOR-MARKETING-IMAGE-DONE-1.jpg?ssl=1\" alt=\"\" data-height=\"619\" data-id=\"157010\" data-link=\"https:\/\/droix.net\/?attachment_id=157010\" data-url=\"https:\/\/droix.net\/wp-content\/uploads\/2023\/04\/S23B_5-MONITOR-MARKETING-IMAGE-DONE-1.jpg\" data-width=\"1000\" data-amp-layout=\"responsive\"><\/figure>\r\n<figure class=\"tiled-gallery__item\"><img decoding=\"async\" src=\"https:\/\/i2.wp.com\/droix.net\/wp-content\/uploads\/2023\/04\/S23B_5-MONITOR-MARKETING-IMAGE-DONE-3.jpg?ssl=1\" alt=\"\" data-height=\"619\" data-id=\"157020\" data-link=\"https:\/\/droix.net\/?attachment_id=157020\" data-url=\"https:\/\/droix.net\/wp-content\/uploads\/2023\/04\/S23B_5-MONITOR-MARKETING-IMAGE-DONE-3.jpg\" data-width=\"1000\" data-amp-layout=\"responsive\"><\/figure>\r\n<\/div>\r\n<\/div>\r\n<div class=\"tiled-gallery__row\">\r\n<div class=\"tiled-gallery__col\" style=\"flex-basis: 37.61498%;\">\r\n<figure class=\"tiled-gallery__item\"><img decoding=\"async\" src=\"https:\/\/i2.wp.com\/droix.net\/wp-content\/uploads\/2023\/04\/S23B_5-MONITOR-MARKETING-IMAGE-DONE-4.jpg?ssl=1\" alt=\"\" data-height=\"1000\" data-id=\"157025\" data-link=\"https:\/\/droix.net\/?attachment_id=157025\" data-url=\"https:\/\/droix.net\/wp-content\/uploads\/2023\/04\/S23B_5-MONITOR-MARKETING-IMAGE-DONE-4.jpg\" data-width=\"1000\" data-amp-layout=\"responsive\"><\/figure>\r\n<figure class=\"tiled-gallery__item\"><img decoding=\"async\" src=\"https:\/\/i0.wp.com\/droix.net\/wp-content\/uploads\/2023\/04\/S23B_5-MONITOR-MARKETING-IMAGE-DONE-5.jpg?ssl=1\" alt=\"\" data-height=\"619\" data-id=\"157030\" data-link=\"https:\/\/droix.net\/?attachment_id=157030\" data-url=\"https:\/\/droix.net\/wp-content\/uploads\/2023\/04\/S23B_5-MONITOR-MARKETING-IMAGE-DONE-5.jpg\" data-width=\"1000\" data-amp-layout=\"responsive\"><\/figure>\r\n<\/div>\r\n<div class=\"tiled-gallery__col\" style=\"flex-basis: 62.38502%;\">\r\n<figure class=\"tiled-gallery__item\"><img decoding=\"async\" src=\"https:\/\/i0.wp.com\/droix.net\/wp-content\/uploads\/2023\/04\/S23B_5-MONITOR-MARKETING-IMAGE-DONE-6.jpg?ssl=1\" alt=\"\" data-height=\"981\" data-id=\"157035\" data-link=\"https:\/\/droix.net\/?attachment_id=157035\" data-url=\"https:\/\/droix.net\/wp-content\/uploads\/2023\/04\/S23B_5-MONITOR-MARKETING-IMAGE-DONE-6.jpg\" data-width=\"1000\" data-amp-layout=\"responsive\"><\/figure>\r\n<\/div>\r\n<\/div>\r\n<div class=\"tiled-gallery__row\">\r\n<div class=\"tiled-gallery__col\" style=\"flex-basis: 33.33333%;\">\r\n<figure class=\"tiled-gallery__item\"><img decoding=\"async\" src=\"https:\/\/i1.wp.com\/droix.net\/wp-content\/uploads\/2023\/04\/S23B_5-MONITOR-MARKETING-IMAGE-DONE-7.jpg?ssl=1\" alt=\"\" data-height=\"1000\" data-id=\"157040\" data-link=\"https:\/\/droix.net\/?attachment_id=157040\" data-url=\"https:\/\/droix.net\/wp-content\/uploads\/2023\/04\/S23B_5-MONITOR-MARKETING-IMAGE-DONE-7.jpg\" data-width=\"1000\" data-amp-layout=\"responsive\"><\/figure>\r\n<\/div>\r\n<div class=\"tiled-gallery__col\" style=\"flex-basis: 33.33333%;\">\r\n<figure class=\"tiled-gallery__item\"><img decoding=\"async\" src=\"https:\/\/i1.wp.com\/droix.net\/wp-content\/uploads\/2023\/04\/S23B_5-MONITOR-MARKETING-IMAGE-DONE-8.jpg?ssl=1\" alt=\"\" data-height=\"1000\" data-id=\"157045\" data-link=\"https:\/\/droix.net\/?attachment_id=157045\" data-url=\"https:\/\/droix.net\/wp-content\/uploads\/2023\/04\/S23B_5-MONITOR-MARKETING-IMAGE-DONE-8.jpg\" data-width=\"1000\" data-amp-layout=\"responsive\"><\/figure>\r\n<\/div>\r\n<div class=\"tiled-gallery__col\" style=\"flex-basis: 33.33333%;\">\r\n<figure class=\"tiled-gallery__item\"><img decoding=\"async\" src=\"https:\/\/i1.wp.com\/droix.net\/wp-content\/uploads\/2023\/04\/S23B_5-MONITOR-MARKETING-IMAGE-DONE-9.jpg?ssl=1\" alt=\"\" data-height=\"1000\" data-id=\"157050\" data-link=\"https:\/\/droix.net\/?attachment_id=157050\" data-url=\"https:\/\/droix.net\/wp-content\/uploads\/2023\/04\/S23B_5-MONITOR-MARKETING-IMAGE-DONE-9.jpg\" data-width=\"1000\" data-amp-layout=\"responsive\"><\/figure>\r\n<\/div>\r\n<\/div>\r\n<div class=\"tiled-gallery__row\">\r\n<div class=\"tiled-gallery__col\" style=\"flex-basis: 50.00000%;\">\r\n<figure class=\"tiled-gallery__item\"><img decoding=\"async\" src=\"https:\/\/i0.wp.com\/droix.net\/wp-content\/uploads\/2023\/04\/S23B_5-MONITOR-MARKETING-IMAGE-DONE-10.jpg?ssl=1\" alt=\"\" data-height=\"1000\" data-id=\"157055\" data-link=\"https:\/\/droix.net\/?attachment_id=157055\" data-url=\"https:\/\/droix.net\/wp-content\/uploads\/2023\/04\/S23B_5-MONITOR-MARKETING-IMAGE-DONE-10.jpg\" data-width=\"1000\" data-amp-layout=\"responsive\"><\/figure>\r\n<\/div>\r\n<div class=\"tiled-gallery__col\" style=\"flex-basis: 50.00000%;\">\r\n<figure class=\"tiled-gallery__item\"><img decoding=\"async\" src=\"https:\/\/i0.wp.com\/droix.net\/wp-content\/uploads\/2023\/04\/S23B_5-MONITOR-MARKETING-IMAGE-DONE-11.jpg?ssl=1\" alt=\"\" data-height=\"1000\" data-id=\"157060\" data-link=\"https:\/\/droix.net\/?attachment_id=157060\" data-url=\"https:\/\/droix.net\/wp-content\/uploads\/2023\/04\/S23B_5-MONITOR-MARKETING-IMAGE-DONE-11.jpg\" data-width=\"1000\" data-amp-layout=\"responsive\"><\/figure>\r\n<\/div>\r\n<\/div>\r\n<div class=\"tiled-gallery__row\">\r\n<div class=\"tiled-gallery__col\" style=\"flex-basis: 29.89199%;\">\r\n<figure class=\"tiled-gallery__item\"><img decoding=\"async\" src=\"https:\/\/i2.wp.com\/droix.net\/wp-content\/uploads\/2023\/04\/S23B_5-MONITOR-MARKETING-IMAGE-DONE-12.jpg?ssl=1\" alt=\"\" data-height=\"619\" data-id=\"157065\" data-link=\"https:\/\/droix.net\/?attachment_id=157065\" data-url=\"https:\/\/droix.net\/wp-content\/uploads\/2023\/04\/S23B_5-MONITOR-MARKETING-IMAGE-DONE-12.jpg\" data-width=\"1000\" data-amp-layout=\"responsive\"><\/figure>\r\n<figure class=\"tiled-gallery__item\"><img decoding=\"async\" src=\"https:\/\/i1.wp.com\/droix.net\/wp-content\/uploads\/2023\/04\/S23B_5-MONITOR-MARKETING-IMAGE-DONE-13.jpg?ssl=1\" alt=\"\" data-height=\"1000\" data-id=\"157070\" data-link=\"https:\/\/droix.net\/?attachment_id=157070\" data-url=\"https:\/\/droix.net\/wp-content\/uploads\/2023\/04\/S23B_5-MONITOR-MARKETING-IMAGE-DONE-13.jpg\" data-width=\"1000\" data-amp-layout=\"responsive\"><\/figure>\r\n<figure class=\"tiled-gallery__item\"><img decoding=\"async\" src=\"https:\/\/i2.wp.com\/droix.net\/wp-content\/uploads\/2023\/04\/S23B_5-MONITOR-MARKETING-IMAGE-DONE-14.jpg?ssl=1\" alt=\"\" data-height=\"822\" data-id=\"157075\" data-link=\"https:\/\/droix.net\/?attachment_id=157075\" data-url=\"https:\/\/droix.net\/wp-content\/uploads\/2023\/04\/S23B_5-MONITOR-MARKETING-IMAGE-DONE-14.jpg\" data-width=\"1000\" data-amp-layout=\"responsive\"><\/figure>\r\n<\/div>\r\n<div class=\"tiled-gallery__col\" style=\"flex-basis: 70.10801%;\">\r\n<figure class=\"tiled-gallery__item\"><img decoding=\"async\" src=\"https:\/\/i1.wp.com\/droix.net\/wp-content\/uploads\/2023\/04\/S23B_5-MONITOR-MARKETING-IMAGE-DONE-15-977x1024.jpg?ssl=1\" alt=\"\" data-height=\"1048\" data-id=\"157080\" data-link=\"https:\/\/droix.net\/?attachment_id=157080\" data-url=\"https:\/\/droix.net\/wp-content\/uploads\/2023\/04\/S23B_5-MONITOR-MARKETING-IMAGE-DONE-15-977x1024.jpg\" data-width=\"1000\" data-amp-layout=\"responsive\"><\/figure>\r\n<\/div>\r\n<\/div>\r\n<div class=\"tiled-gallery__row\">\r\n<div class=\"tiled-gallery__col\" style=\"flex-basis: 54.96322%;\">\r\n<figure class=\"tiled-gallery__item\"><img decoding=\"async\" src=\"https:\/\/i0.wp.com\/droix.net\/wp-content\/uploads\/2023\/04\/S23B_5-MONITOR-MARKETING-IMAGE-DONE-16.jpg?ssl=1\" alt=\"\" data-height=\"787\" data-id=\"157085\" data-link=\"https:\/\/droix.net\/?attachment_id=157085\" data-url=\"https:\/\/droix.net\/wp-content\/uploads\/2023\/04\/S23B_5-MONITOR-MARKETING-IMAGE-DONE-16.jpg\" data-width=\"1000\" data-amp-layout=\"responsive\"><\/figure>\r\n<\/div>\r\n<div class=\"tiled-gallery__col\" style=\"flex-basis: 45.03678%;\">\r\n<figure class=\"tiled-gallery__item\"><img decoding=\"async\" src=\"https:\/\/i1.wp.com\/droix.net\/wp-content\/uploads\/2023\/04\/S23B_5-MONITOR-MARKETING-IMAGE-DONE-17.jpg?ssl=1\" alt=\"\" data-height=\"961\" data-id=\"157090\" data-link=\"https:\/\/droix.net\/?attachment_id=157090\" data-url=\"https:\/\/droix.net\/wp-content\/uploads\/2023\/04\/S23B_5-MONITOR-MARKETING-IMAGE-DONE-17.jpg\" data-width=\"1000\" data-amp-layout=\"responsive\"><\/figure>\r\n<\/div>\r\n<\/div>\r\n<\/div>\r\n<\/div>\r\n","protected":false},"excerpt":{"rendered":"<ul>\n<li>Dotykov\u00fd displej Kompatibiln\u00fd so <strong>syst\u00e9mom MacOS<\/strong><\/li>\n<li>Mo\u017enos\u0165 dotykovej obrazovky <strong>Vr\u00e1tane stylusu<\/strong><\/li>\n<li>Skladacie puzdro ako stojan na monitor<\/li>\n<li>Prenosn\u00e9 a \u013eahk\u00e9<\/li>\n<li><strong>Nap\u00e1janie cez USB<\/strong>, podpora mini-HDMI, USB Type-C<\/li>\n<\/ul>\n[cg_accordion title=\"INFORM\u00c1CIE O PLATBE\"]<\/p>\n<p>Pou\u017e\u00edvame najnov\u0161iu technol\u00f3giu spracovania platieb, ktor\u00e1 v\u00e1m umo\u017e\u0148uje vykona\u0165 platbu prostredn\u00edctvom Apple Pay, Google Pay, va\u0161ej debetnej\/kreditnej karty, PayPal alebo met\u00f3d BNPL, ako s\u00fa Klarna, Affirm alebo AfterPay, \u010do je r\u00fdchle a bezpe\u010dn\u00e9.[\/cg_accordion]\n[cg_accordion title=\"Z\u00c1RUKA\"]<\/p>\n<p>2 roky z\u00e1ruky od <a href=\"https:\/\/droix.net\/\" target=\"_blank\" rel=\"nofollow noopener\">spolo\u010dnosti DROIX Global pre<\/a> v\u00e1\u0161 pokoj[\/cg_accordion]\n[cg_accordion title=\"CENY, DANE A DOPRAVA\"]<\/p>\n<p><strong><u>Pozn\u00e1mka:<\/u><\/strong><\/p>\n<ul>\n<li>Z\u00e1kazn\u00edci zo Spojen\u00fdch \u0161t\u00e1tov: Z\u00e1kazn\u00edci: Zobrazen\u00e1 cena nezah\u0155\u0148a da\u0148 ani clo. Zodpovednos\u0165 za coln\u00e9 konanie a zaplatenie akejko\u013evek s\u00favisiacej dane\/coln\u00e9ho poplatku nesie z\u00e1kazn\u00edk. <\/li>\n<li>Z\u00e1kazn\u00edci z E\u00da: V zobrazenej cene je zahrnut\u00e1 platn\u00e1 DA\u0147, ktor\u00e1 m\u00f4\u017ee by\u0165 a\u017e 25% v z\u00e1vislosti od va\u0161ej krajiny.<\/li>\n<li>Z\u00e1kazn\u00edci z Kanady: V z\u00e1vislosti od va\u0161ej provincie m\u00f4\u017ee zobrazen\u00e1 cena zah\u0155\u0148a\u0165 pr\u00edslu\u0161n\u00e9 dane, ktor\u00e9 m\u00f4\u017eu zah\u0155\u0148a\u0165 5% GST a \u010fal\u0161ie provin\u010dn\u00e9 dane z predaja (PST), harmonizovan\u00fa da\u0148 z predaja (HST) alebo quebeck\u00fa da\u0148 z predaja (QST).<\/li>\n<\/ul>\n<p><strong>Len pre z\u00e1kazn\u00edkov z E\u00da:<\/strong> Expresn\u00e9 DDP (Delivered Duty Paid). To znamen\u00e1: <\/p>\n<ul>\n<li>V\u0161etky cl\u00e1 a dane s\u00fa zahrnut\u00e9 v cene zobrazenej na str\u00e1nke produktu.<\/li>\n<li>Pri doru\u010den\u00ed nemus\u00edte plati\u0165 \u017eiadne \u010fal\u0161ie poplatky.<\/li>\n<li>V zriedkav\u00fdch pr\u00edpadoch probl\u00e9mov s\u00favisiacich s coln\u00fdmi z\u00e1le\u017eitos\u0165ami sa n\u00e1\u0161 t\u00edm postar\u00e1 o coln\u00e9 konanie vo va\u0161om mene, aby sme zabezpe\u010dili bezprobl\u00e9mov\u00e9 doru\u010denie.<\/li>\n<p>D\u00f4le\u017eit\u00e9 inform\u00e1cie o vr\u00e1ten\u00ed tovaru:<\/p>\n<li>Ak sa rozhodnete vr\u00e1ti\u0165 objedn\u00e1vku alebo po\u017eiada\u0165 o vr\u00e1tenie pe\u0148az\u00ed, majte na pam\u00e4ti, \u017ee dane a cl\u00e1 zaplaten\u00e9 vo va\u0161om mene pod\u013ea podmienok DDP nie je mo\u017en\u00e9 vr\u00e1ti\u0165.<\/li>\n<p>Podrobn\u00e9 inform\u00e1cie n\u00e1jdete v na\u0161ich <a href=\"https:\/\/gpdstore.net\/sk\/terms-of-service\/\" target=\"_blank\" rel=\"nofollow noopener\">zmluvn\u00fdch podmienkach<\/a>.\n<\/ul>\n<p>[\/cg_accordion]\n[cg_accordion title=\"Z\u00c1KAZN\u00cdCKA PODPORA\"]<\/p>\n<p>M\u00e1te ot\u00e1zku? Od vyrie\u0161enia v\u00e1\u0161ho probl\u00e9mu n\u00e1s del\u00ed kr\u00e1tka textov\u00e1 spr\u00e1va!<br \/>\n[\/cg_accordion]\n[cg_accordion title=\"\u010cO JE S\u00da\u010cAS\u0164OU BALENIA\"]<\/p>\n<ul>\n<li>1x nap\u00e1jacia z\u00e1str\u010dka (E\u00da\/USA)<\/li>\n<li>1x stylus<\/li>\n<li>1x pou\u017e\u00edvate\u013esk\u00e1 pr\u00edru\u010dka<\/li>\n<\/ul>\n<p>[\/cg_accordion]\n","protected":false},"featured_media":115407,"template":"","meta":{"_acf_changed":false},"product_brand":[],"product_cat":[5440],"product_tag":[5512,5442],"woo-feed-brand":[5443],"class_list":{"0":"post-115211","1":"product","2":"type-product","3":"status-publish","4":"has-post-thumbnail","6":"product_cat-prenosne-monitory","7":"product_tag-30gpdsale-sk","8":"product_tag-droix-portable-monitor-sk","9":"product_shipping_class-standard","10":"pa_brand-droix","11":"woo-feed-brand-droix-sk","13":"first","14":"outofstock","15":"sale","16":"taxable","17":"shipping-taxable","18":"purchasable","19":"product-type-variable","20":"has-default-attributes"},"acf":[],"aioseo_notices":[],"_links":{"self":[{"href":"https:\/\/gpdstore.net\/sk\/wp-json\/wp\/v2\/product\/115211","targetHints":{"allow":["GET"]}}],"collection":[{"href":"https:\/\/gpdstore.net\/sk\/wp-json\/wp\/v2\/product"}],"about":[{"href":"https:\/\/gpdstore.net\/sk\/wp-json\/wp\/v2\/types\/product"}],"wp:featuredmedia":[{"embeddable":true,"href":"https:\/\/gpdstore.net\/sk\/wp-json\/wp\/v2\/media\/115407"}],"wp:attachment":[{"href":"https:\/\/gpdstore.net\/sk\/wp-json\/wp\/v2\/media?parent=115211"}],"wp:term":[{"taxonomy":"product_brand","embeddable":true,"href":"https:\/\/gpdstore.net\/sk\/wp-json\/wp\/v2\/product_brand?post=115211"},{"taxonomy":"product_cat","embeddable":true,"href":"https:\/\/gpdstore.net\/sk\/wp-json\/wp\/v2\/product_cat?post=115211"},{"taxonomy":"product_tag","embeddable":true,"href":"https:\/\/gpdstore.net\/sk\/wp-json\/wp\/v2\/product_tag?post=115211"},{"taxonomy":"woo-feed-brand","embeddable":true,"href":"https:\/\/gpdstore.net\/sk\/wp-json\/wp\/v2\/woo-feed-brand?post=115211"}],"curies":[{"name":"wp","href":"https:\/\/api.w.org\/{rel}","templated":true}]}}