{"id":221255,"date":"2023-03-23T16:49:44","date_gmt":"2023-03-23T16:49:44","guid":{"rendered":"https:\/\/gpdstore.net\/zasady-pouzivania-suborov-cookie\/"},"modified":"2024-12-11T13:42:32","modified_gmt":"2024-12-11T13:42:32","slug":"zasady-pouzivania-suborov-cookie","status":"publish","type":"page","link":"https:\/\/gpdstore.net\/sk\/zasady-pouzivania-suborov-cookie\/","title":{"rendered":"Z\u00e1sady pou\u017e\u00edvania s\u00faborov cookie"},"content":{"rendered":"\n<p>Nasleduj\u00face Z\u00e1sady pou\u017e\u00edvania s\u00faborov cookie je potrebn\u00e9 ch\u00e1pa\u0165 v s\u00falade (v p\u00e1re s), &#8220;ako jeden celok&#8221; so <a href=\"https:\/\/gpdstore.net\/sk\/podmienky-sluzby\/\" target=\"_blank\" data-type=\"URL\" data-id=\"\/terms-of-service\/\" rel=\"noreferrer noopener\">Zmluvn\u00fdmi podmienkami<\/a>, <a href=\"https:\/\/gpdstore.net\/sk\/zasady-vratenia-penazi-a-vratenia-tovaru\/\" target=\"_blank\" data-type=\"URL\" data-id=\"\/refund-and-returns-policy\/\" rel=\"noreferrer noopener\">Z\u00e1sadami vr\u00e1tenia a refund\u00e1cie<\/a> a <a href=\"https:\/\/gpdstore.net\/sk\/zasady-ochrany-osobnych-udajov\/\" target=\"_blank\" data-type=\"URL\" data-id=\"\/privacy-policy\/\" rel=\"noreferrer noopener\">Z\u00e1sadami ochrany osobn\u00fdch \u00fadajov<\/a>.<\/p>\n\n<ol class=\"wp-block-list\">\n<li>Tieto podmienky predaja sa vz\u0165ahuj\u00fa na v\u0161etok tovar dod\u00e1van\u00fd spolo\u010dnos\u0165ou DroiX US Corp (Dod\u00e1vate\u013e).\n<ol class=\"wp-block-list\">\n<li>V uvedenej zmluve sa odkazuje na: My (DroiX US Corp) sme dod\u00e1vate\u013e a vy (z\u00e1kazn\u00edk)<\/li>\n<\/ol>\n<\/li>\n<\/ol>\n\n<ol class=\"wp-block-list\">\n<li>Webov\u00e1 str\u00e1nka dod\u00e1vate\u013ea pou\u017e\u00edva s\u00fabory cookie na rozl\u00ed\u0161enie z\u00e1kazn\u00edka, t. j. v\u00e1s, od ostatn\u00fdch pou\u017e\u00edvate\u013eov webovej str\u00e1nky. To pom\u00e1ha Dod\u00e1vate\u013eovi poskytova\u0165 v\u00e1m pri prehliadan\u00ed webovej lokality Dod\u00e1vate\u013ea dobr\u00fd z\u00e1\u017eitok a tie\u017e umo\u017e\u0148uje Dod\u00e1vate\u013eovi zlep\u0161ova\u0165 na\u0161u str\u00e1nku. Pokra\u010dovan\u00edm v prehliadan\u00ed str\u00e1nky vyjadrujete s\u00fahlas s pou\u017e\u00edvan\u00edm s\u00faborov cookie Dod\u00e1vate\u013eom.  <\/li>\n\n\n\n<li>S\u00fabor cookie je mal\u00fd s\u00fabor p\u00edsmen a \u010d\u00edslic, ktor\u00fd dod\u00e1vate\u013e ulo\u017e\u00ed do v\u00e1\u0161ho prehliada\u010da alebo na pevn\u00fd disk v\u00e1\u0161ho po\u010d\u00edta\u010da alebo mobiln\u00e9ho telef\u00f3nu, ak s t\u00fdm s\u00fahlas\u00edte. S\u00fabory cookie obsahuj\u00fa inform\u00e1cie, ktor\u00e9 sa pren\u00e1\u0161aj\u00fa na pevn\u00fd disk v\u00e1\u0161ho po\u010d\u00edta\u010da. <\/li>\n\n\n\n<li>Dod\u00e1vate\u013e pou\u017e\u00edva tieto s\u00fabory cookie:\n<ol class=\"wp-block-list\">\n<li>Nevyhnutne potrebn\u00e9 s\u00fabory cookie. Ide o s\u00fabory cookie, ktor\u00e9 s\u00fa potrebn\u00e9 na prev\u00e1dzku webovej str\u00e1nky dod\u00e1vate\u013ea. Zah\u0155\u0148aj\u00fa napr\u00edklad s\u00fabory cookie, ktor\u00e9 v\u00e1m umo\u017e\u0148uj\u00fa prihl\u00e1si\u0165 sa do zabezpe\u010den\u00fdch oblast\u00ed webovej lokality Dod\u00e1vate\u013ea a vykon\u00e1va\u0165 transakcie.  <\/li>\n\n\n\n<li>Analytick\u00e9\/v\u00fdkonnostn\u00e9 s\u00fabory cookie. Umo\u017e\u0148uj\u00fa dod\u00e1vate\u013eovi rozpozna\u0165 a spo\u010d\u00edta\u0165 po\u010det n\u00e1v\u0161tevn\u00edkov a zisti\u0165, ako sa n\u00e1v\u0161tevn\u00edci pohybuj\u00fa po webovej lokalite dod\u00e1vate\u013ea po\u010das jej pou\u017e\u00edvania. Dod\u00e1vate\u013eovi to pom\u00e1ha zlep\u0161ova\u0165 fungovanie webovej str\u00e1nky, napr\u00edklad t\u00fdm, \u017ee zabezpe\u010duje, aby pou\u017e\u00edvatelia \u013eahko a bez probl\u00e9mov na\u0161li to, \u010do h\u013eadaj\u00fa.  <\/li>\n\n\n\n<li>Dod\u00e1vate\u013e pou\u017e\u00edva s\u00fabory cookie slu\u017eby Google Analytics. Slu\u017eba Google Analytics zhroma\u017e\u010fuje inform\u00e1cie anonymne. Informuje o trendoch na webovej str\u00e1nke bez identifik\u00e1cie jednotliv\u00fdch n\u00e1v\u0161tevn\u00edkov. Slu\u017ebu Google Analytics m\u00f4\u017eete odmietnu\u0165 bez toho, aby to ovplyvnilo sp\u00f4sob, ak\u00fdm nav\u0161tevujete t\u00fato str\u00e1nku. Viac inform\u00e1ci\u00ed o slu\u017ebe Google Analytics n\u00e1jdete tu.    <\/li>\n\n\n\n<li>S\u00fabory cookie na cielenie. Tieto s\u00fabory cookie zaznamen\u00e1vaj\u00fa va\u0161u n\u00e1v\u0161tevu webovej str\u00e1nky dod\u00e1vate\u013ea, nav\u0161t\u00edven\u00e9 str\u00e1nky a odkazy, ktor\u00e9 ste sledovali. Dod\u00e1vate\u013e pou\u017e\u00edva tieto inform\u00e1cie na to, aby webov\u00e1 lokalita a reklama na nej zobrazovan\u00e1 lep\u0161ie zodpovedali va\u0161im z\u00e1ujmom. Dod\u00e1vate\u013e m\u00f4\u017ee tieto inform\u00e1cie na tento \u00fa\u010del zdie\u013ea\u0165 aj s tret\u00edmi stranami.   <\/li>\n<\/ol>\n<\/li>\n\n\n\n<li>Upozor\u0148ujeme, \u017ee tretie strany (vr\u00e1tane napr\u00edklad reklamn\u00fdch siet\u00ed a poskytovate\u013eov extern\u00fdch slu\u017eieb, ako s\u00fa slu\u017eby anal\u00fdzy webovej prev\u00e1dzky) m\u00f4\u017eu tie\u017e pou\u017e\u00edva\u0165 s\u00fabory cookie, nad ktor\u00fdmi dod\u00e1vate\u013e nem\u00e1 kontrolu. Tieto s\u00fabory cookie bud\u00fa pravdepodobne analytick\u00e9\/v\u00fdkonnostn\u00e9 s\u00fabory cookie alebo cielen\u00e9 s\u00fabory cookie. <\/li>\n\n\n\n<li>S\u00fabory cookie m\u00f4\u017eete zablokova\u0165 tak, \u017ee vo svojom prehliada\u010di aktivujete nastavenie, ktor\u00e9 v\u00e1m umo\u017en\u00ed odmietnu\u0165 nastavenie v\u0161etk\u00fdch alebo niektor\u00fdch s\u00faborov cookie. Ak v\u0161ak pomocou nastavenia prehliada\u010da zablokujete v\u0161etky s\u00fabory cookie (vr\u00e1tane z\u00e1kladn\u00fdch s\u00faborov cookie), je mo\u017en\u00e9, \u017ee nebudete ma\u0165 pr\u00edstup na v\u0161etky webov\u00e9 str\u00e1nky dod\u00e1vate\u013ea alebo ich \u010dasti. <\/li>\n<\/ol>\n\n<p>Z\u00e1sady pou\u017e\u00edvania s\u00faborov cookie naposledy aktualizovan\u00e9: 23. marca 2023 &#8211; 16:48.<\/p>\n","protected":false},"excerpt":{"rendered":"<p>Nasleduj\u00face Z\u00e1sady pou\u017e\u00edvania s\u00faborov cookie je potrebn\u00e9 ch\u00e1pa\u0165 v s\u00falade (v p\u00e1re s), &#8220;ako jeden celok&#8221; so Zmluvn\u00fdmi podmienkami, Z\u00e1sadami vr\u00e1tenia a refund\u00e1cie a Z\u00e1sadami ochrany osobn\u00fdch \u00fadajov. Z\u00e1sady pou\u017e\u00edvania s\u00faborov cookie naposledy aktualizovan\u00e9: 23. marca 2023 &#8211; 16:48.<\/p>\n","protected":false},"author":1,"featured_media":0,"parent":0,"menu_order":0,"comment_status":"closed","ping_status":"closed","template":"template-fullwidth.php","meta":{"_acf_changed":false,"footnotes":""},"class_list":["post-221255","page","type-page","status-publish","hentry"],"acf":[],"aioseo_notices":[],"_links":{"self":[{"href":"https:\/\/gpdstore.net\/sk\/wp-json\/wp\/v2\/pages\/221255","targetHints":{"allow":["GET"]}}],"collection":[{"href":"https:\/\/gpdstore.net\/sk\/wp-json\/wp\/v2\/pages"}],"about":[{"href":"https:\/\/gpdstore.net\/sk\/wp-json\/wp\/v2\/types\/page"}],"author":[{"embeddable":true,"href":"https:\/\/gpdstore.net\/sk\/wp-json\/wp\/v2\/users\/1"}],"replies":[{"embeddable":true,"href":"https:\/\/gpdstore.net\/sk\/wp-json\/wp\/v2\/comments?post=221255"}],"version-history":[{"count":0,"href":"https:\/\/gpdstore.net\/sk\/wp-json\/wp\/v2\/pages\/221255\/revisions"}],"wp:attachment":[{"href":"https:\/\/gpdstore.net\/sk\/wp-json\/wp\/v2\/media?parent=221255"}],"curies":[{"name":"wp","href":"https:\/\/api.w.org\/{rel}","templated":true}]}}