{"id":220687,"date":"2023-03-23T16:38:25","date_gmt":"2023-03-23T16:38:25","guid":{"rendered":"https:\/\/gpdstore.net\/o-nas\/"},"modified":"2024-12-11T13:38:58","modified_gmt":"2024-12-11T13:38:58","slug":"o-nas","status":"publish","type":"page","link":"https:\/\/gpdstore.net\/sk\/o-nas\/","title":{"rendered":"O n\u00e1s"},"content":{"rendered":"\t\t<div data-elementor-type=\"wp-page\" data-elementor-id=\"220687\" class=\"elementor elementor-220687 elementor-10\" data-elementor-settings=\"{&quot;element_pack_global_tooltip_width&quot;:{&quot;unit&quot;:&quot;px&quot;,&quot;size&quot;:&quot;&quot;,&quot;sizes&quot;:[]},&quot;element_pack_global_tooltip_width_tablet&quot;:{&quot;unit&quot;:&quot;px&quot;,&quot;size&quot;:&quot;&quot;,&quot;sizes&quot;:[]},&quot;element_pack_global_tooltip_width_mobile&quot;:{&quot;unit&quot;:&quot;px&quot;,&quot;size&quot;:&quot;&quot;,&quot;sizes&quot;:[]},&quot;element_pack_global_tooltip_padding&quot;:{&quot;unit&quot;:&quot;px&quot;,&quot;top&quot;:&quot;&quot;,&quot;right&quot;:&quot;&quot;,&quot;bottom&quot;:&quot;&quot;,&quot;left&quot;:&quot;&quot;,&quot;isLinked&quot;:true},&quot;element_pack_global_tooltip_padding_tablet&quot;:{&quot;unit&quot;:&quot;px&quot;,&quot;top&quot;:&quot;&quot;,&quot;right&quot;:&quot;&quot;,&quot;bottom&quot;:&quot;&quot;,&quot;left&quot;:&quot;&quot;,&quot;isLinked&quot;:true},&quot;element_pack_global_tooltip_padding_mobile&quot;:{&quot;unit&quot;:&quot;px&quot;,&quot;top&quot;:&quot;&quot;,&quot;right&quot;:&quot;&quot;,&quot;bottom&quot;:&quot;&quot;,&quot;left&quot;:&quot;&quot;,&quot;isLinked&quot;:true},&quot;element_pack_global_tooltip_border_radius&quot;:{&quot;unit&quot;:&quot;px&quot;,&quot;top&quot;:&quot;&quot;,&quot;right&quot;:&quot;&quot;,&quot;bottom&quot;:&quot;&quot;,&quot;left&quot;:&quot;&quot;,&quot;isLinked&quot;:true},&quot;element_pack_global_tooltip_border_radius_tablet&quot;:{&quot;unit&quot;:&quot;px&quot;,&quot;top&quot;:&quot;&quot;,&quot;right&quot;:&quot;&quot;,&quot;bottom&quot;:&quot;&quot;,&quot;left&quot;:&quot;&quot;,&quot;isLinked&quot;:true},&quot;element_pack_global_tooltip_border_radius_mobile&quot;:{&quot;unit&quot;:&quot;px&quot;,&quot;top&quot;:&quot;&quot;,&quot;right&quot;:&quot;&quot;,&quot;bottom&quot;:&quot;&quot;,&quot;left&quot;:&quot;&quot;,&quot;isLinked&quot;:true}}\" data-elementor-post-type=\"page\">\n\t\t\t\t\t\t<section class=\"elementor-section elementor-top-section elementor-element elementor-element-9ee181d elementor-section-height-min-height elementor-section-content-middle elementor-reverse-mobile elementor-section-boxed elementor-section-height-default elementor-section-items-middle\" data-id=\"9ee181d\" data-element_type=\"section\" data-settings=\"{&quot;background_background&quot;:&quot;classic&quot;,&quot;background_motion_fx_motion_fx_scrolling&quot;:&quot;yes&quot;,&quot;background_motion_fx_blur_effect&quot;:&quot;yes&quot;,&quot;background_motion_fx_range&quot;:&quot;viewport&quot;,&quot;background_motion_fx_motion_fx_mouse&quot;:&quot;yes&quot;,&quot;background_motion_fx_mouseTrack_effect&quot;:&quot;yes&quot;,&quot;background_motion_fx_blur_direction&quot;:&quot;out-in&quot;,&quot;background_motion_fx_blur_level&quot;:{&quot;unit&quot;:&quot;px&quot;,&quot;size&quot;:7,&quot;sizes&quot;:[]},&quot;background_motion_fx_blur_range&quot;:{&quot;unit&quot;:&quot;%&quot;,&quot;size&quot;:&quot;&quot;,&quot;sizes&quot;:{&quot;start&quot;:20,&quot;end&quot;:80}},&quot;background_motion_fx_devices&quot;:[&quot;desktop&quot;,&quot;tablet&quot;,&quot;mobile&quot;],&quot;background_motion_fx_mouseTrack_speed&quot;:{&quot;unit&quot;:&quot;px&quot;,&quot;size&quot;:1,&quot;sizes&quot;:[]}}\">\n\t\t\t\t\t\t<div class=\"elementor-container elementor-column-gap-no\">\n\t\t\t\t\t<div class=\"elementor-column elementor-col-100 elementor-top-column elementor-element elementor-element-53c0e4e\" data-id=\"53c0e4e\" data-element_type=\"column\" data-settings=\"{&quot;background_background&quot;:&quot;classic&quot;}\">\n\t\t\t<div class=\"elementor-widget-wrap elementor-element-populated\">\n\t\t\t\t\t\t<div class=\"elementor-element elementor-element-d21bfa3 elementor-widget elementor-widget-heading\" data-id=\"d21bfa3\" data-element_type=\"widget\" data-widget_type=\"heading.default\">\n\t\t\t\t<div class=\"elementor-widget-container\">\n\t\t\t\t\t<h2 class=\"elementor-heading-title elementor-size-default\">GPD<br>x<br>DROIX<\/h2>\t\t\t\t<\/div>\n\t\t\t\t<\/div>\n\t\t\t\t<div class=\"elementor-element elementor-element-4bf96d9 elementor-widget elementor-widget-text-editor\" data-id=\"4bf96d9\" data-element_type=\"widget\" data-widget_type=\"text-editor.default\">\n\t\t\t\t<div class=\"elementor-widget-container\">\n\t\t\t\t\t\t\t\t\t<p>Vitajte v obchode GPD Store, kde n\u00e1jdete tie najmodernej\u0161ie vreckov\u00e9 hern\u00e9 po\u010d\u00edta\u010de na trhu.<\/p>\n<p>Sme hrd\u00fdm predajcom produktov GPD (GamePad Digital) a pon\u00fakame v\u00e1m najnov\u0161ie a najinovat\u00edvnej\u0161ie zariadenia vr\u00e1tane GPD WIN 4, GPD Pocket 4, GPD Pocket 3 a mnoh\u00fdch \u010fal\u0161\u00edch gadgetov GPD. V\u010faka n\u00e1\u0161mu z\u00e1v\u00e4zku poskytova\u0165 hern\u00e9 z\u00e1\u017eitky najvy\u0161\u0161ej kvality sme vo\u013ebou pre nad\u0161encov, ktor\u00ed h\u013eadaj\u00fa prenosn\u00e9 v\u00fdkonn\u00e9 zariadenia. <\/p>\n<p>V obchode GPD Store si uvedomujeme, \u017ee dokonal\u00fd hern\u00fd z\u00e1\u017eitok presahuje samotn\u00e9 zariadenie. Preto sme nadviazali spolupr\u00e1cu so spolo\u010dnos\u0165ou DroiX, d\u00f4veryhodnou zna\u010dkou v oblasti logistiky a z\u00e1kazn\u00edckej podpory, aby sme zabezpe\u010dili, \u017ee va\u0161a cesta za n\u00e1kupmi u n\u00e1s bude hladk\u00e1 a bezprobl\u00e9mov\u00e1. Odborn\u00e9 znalosti spolo\u010dnosti DroiX zaru\u010duj\u00fa bezprobl\u00e9mov\u00fd priebeh od zadania objedn\u00e1vky a\u017e po prijatie zariadenia a \u010falej, v\u010faka \u010domu sa m\u00f4\u017eete s\u00fastredi\u0165 na to najd\u00f4le\u017eitej\u0161ie &#8211; ponori\u0165 sa do svojich ob\u013e\u00faben\u00fdch hier.  <\/p>\n<p>Na\u0161\u00edm poslan\u00edm v obchode GPD Store je poskytn\u00fa\u0165 v\u00e1m dokonal\u00fd z\u00e1\u017eitok z vreckov\u00e9ho hrania, za ktor\u00fdm stoj\u00ed na\u0161a neochvejn\u00e1 snaha o spokojnos\u0165 z\u00e1kazn\u00edkov. Sami sme hern\u00ed nad\u0161enci a uvedomujeme si, ak\u00e9 d\u00f4le\u017eit\u00e9 je ma\u0165 v ruk\u00e1ch to spr\u00e1vne zariadenie. Preto sa neust\u00e1le sna\u017e\u00edme pon\u00faka\u0165 najlep\u0161ie produkty GPD na trhu spolu so \u0161pi\u010dkov\u00fdm z\u00e1kazn\u00edckym servisom.  <\/p>\n<p>Ke\u010f nakupujete v obchode GPD Store, nekupujete si len zariadenie, ale prid\u00e1vate sa ku komunite hr\u00e1\u010dov, ktor\u00ed oce\u0148uj\u00fa dokonal\u00fa rovnov\u00e1hu medzi v\u00fdkonom a prenosnos\u0165ou. Poz\u00fdvame v\u00e1s, aby ste presk\u00famali n\u00e1\u0161 sortiment produktov a vysk\u00fa\u0161ali si rozdiel, ktor\u00fd pon\u00faka obchod GPD Store. Pripravte sa na to, \u017ee s nami zv\u00fd\u0161ite \u00farove\u0148 svojho hrania!  <\/p>\n\t\t\t\t\t\t\t\t<\/div>\n\t\t\t\t<\/div>\n\t\t\t\t\t<\/div>\n\t\t<\/div>\n\t\t\t\t\t<\/div>\n\t\t<\/section>\n\t\t\t\t<\/div>\n\t\t","protected":false},"excerpt":{"rendered":"<p>GPDxDROIX Vitajte v obchode GPD Store, kde n\u00e1jdete tie najmodernej\u0161ie vreckov\u00e9 hern\u00e9 po\u010d\u00edta\u010de na trhu. Sme hrd\u00fdm predajcom produktov GPD (GamePad Digital) a pon\u00fakame v\u00e1m najnov\u0161ie a najinovat\u00edvnej\u0161ie zariadenia vr\u00e1tane GPD WIN 4, GPD Pocket 4, GPD Pocket 3 a mnoh\u00fdch \u010fal\u0161\u00edch gadgetov GPD. V\u010faka n\u00e1\u0161mu z\u00e1v\u00e4zku poskytova\u0165 hern\u00e9 z\u00e1\u017eitky najvy\u0161\u0161ej kvality sme vo\u013ebou pre [&hellip;]<\/p>\n","protected":false},"author":1,"featured_media":0,"parent":0,"menu_order":0,"comment_status":"closed","ping_status":"closed","template":"template-fullwidth-no-heading.php","meta":{"_acf_changed":false,"footnotes":""},"class_list":["post-220687","page","type-page","status-publish","hentry"],"acf":[],"aioseo_notices":[],"_links":{"self":[{"href":"https:\/\/gpdstore.net\/sk\/wp-json\/wp\/v2\/pages\/220687","targetHints":{"allow":["GET"]}}],"collection":[{"href":"https:\/\/gpdstore.net\/sk\/wp-json\/wp\/v2\/pages"}],"about":[{"href":"https:\/\/gpdstore.net\/sk\/wp-json\/wp\/v2\/types\/page"}],"author":[{"embeddable":true,"href":"https:\/\/gpdstore.net\/sk\/wp-json\/wp\/v2\/users\/1"}],"replies":[{"embeddable":true,"href":"https:\/\/gpdstore.net\/sk\/wp-json\/wp\/v2\/comments?post=220687"}],"version-history":[{"count":0,"href":"https:\/\/gpdstore.net\/sk\/wp-json\/wp\/v2\/pages\/220687\/revisions"}],"wp:attachment":[{"href":"https:\/\/gpdstore.net\/sk\/wp-json\/wp\/v2\/media?parent=220687"}],"curies":[{"name":"wp","href":"https:\/\/api.w.org\/{rel}","templated":true}]}}